{"id":26119,"date":"2025-10-20T01:31:17","date_gmt":"2025-10-20T01:31:17","guid":{"rendered":"https:\/\/researchchemicalhub.com\/?post_type=product&#038;p=26119"},"modified":"2025-10-21T05:53:27","modified_gmt":"2025-10-21T05:53:27","slug":"iboga-root-bark","status":"publish","type":"product","link":"https:\/\/researchchemicalhub.com\/nb\/shop\/iboga-ibogaine\/iboga-root-bark\/","title":{"rendered":"Iboga rotbark"},"content":{"rendered":"<h2>Kj\u00f8p Iboga rotbark<\/h2>\n<p>iboga-rotbark. V\u00e5r iboga-rotbark som er til salgs kan konsumeres direkte ved inntak, eller den kan males til iboga-rotbarkpulver f\u00f8r konsum, hvor den kan innkapsles i kapsler og svelges for \u00e5 unng\u00e5 den bitre smaken.<\/p>\n<p>En stor dose ibogarotbark konsumeres som et overgangsrite, og mindre mengder tas tradisjonelt til helbredelsesseremonier og jakt av bwitifolket. Sm\u00e5 doser ibogarotbark p\u00e5 omtrent 5 gram fungerer som et stimulerende middel og afrodisiakum, mens store doser ibogarotbark p\u00e5 omtrent 10 til 25 gram kan brukes til \u00e5ndelig utforskning, psykoterapeutisk helbredelse, rask fysisk avgiftning og bedring av avhengighet.<\/p>\n<p>Lovende resultater har ogs\u00e5 vist seg i behandlingen av en rekke andre tilstander, inkludert Parkinsons sykdom. Mange iboga-behandlingssentre har funnet ut at det er n\u00f8dvendig \u00e5 ta for mye ibogarotbark for \u00e5 f\u00e5 en full opplevelse.<\/p>\n<div class=\"elementor-element elementor-element-2342a3b elementor-widget elementor-widget-jws_widget_heading\" data-id=\"2342a3b\" data-element_type=\"widget\" data-widget_type=\"jws_widget_heading.default\">\n<div class=\"elementor-widget-container\">\n<div class=\"title-wrapper center\">\n<h2 class=\"title\">Det du b\u00f8r vite<\/h2>\n<\/div>\n<\/div>\n<\/div>\n<div class=\"elementor-element elementor-element-dd111fd elementor-widget__width-initial elementor-widget elementor-widget-text-editor\" data-id=\"dd111fd\" data-element_type=\"widget\" data-widget_type=\"text-editor.default\">\n<div class=\"elementor-widget-container\">\n<p>Det kan v\u00e6re ganske vanskelig \u00e5 konsumere en s\u00e5 stor mengde plantebark. I Bwiti-initiasjonsseremonien har doser s\u00e5 h\u00f8ye som 100 gram ibogarotbark blitt konsumert gjennom hele seremonien. Dette er den maksimale dosen som er observert, og forskjellige leverand\u00f8rer av ibogarotbarker har forskjellige filosofier om n\u00f8yaktige doser. En typisk terapeutisk dose av v\u00e5r ibogarotbark til salgs varierer fra 5 til 100 gram, avhengig av personen og behandlingsm\u00e5let, men \u00e5 spise en stor mengde fiberholdig plantemateriale som v\u00e5r iboga til salgs kan gj\u00f8re hvem som helst kvalm. Ibogarotbarken varer lenge i kroppen, og tar omtrent 72 timer til en uke til tider f\u00f8r den endelig kommer ut av systemet.<a href=\"https:\/\/researchchemicalhub.com\/nb\/shop\/fenethylamine\/2c-ef-2mg-capsules\/\">2C-EF 2 mg kapsler<\/a><a href=\"https:\/\/researchchemicalhub.com\/nb\/shop\/cathinonen\/2-cmc-kopen\/\">2-CMC 250 mg pellets<\/a><a href=\"https:\/\/researchchemicalhub.com\/nb\/shop\/lysergamides\/1v-lsd-150-mcg-blotters\/\">1V-LSD 150 MCG Blottere<\/a><a href=\"https:\/\/researchchemicalhub.com\/nb\/shop\/pellets\/o-dsmt-50mg-pellets\/\">O-DSMT 50 mg pellets<\/a><a href=\"https:\/\/researchchemicalhub.com\/nb\/shop\/lysergamides\/1cp-lsd-150-mcg\/\">1cP-LSD 150 MCG Kunstpapir<\/a><\/p>\n<\/div>\n<\/div>","protected":false},"excerpt":{"rendered":"<p>Kj\u00f8p iboga rotbark iboga rotbark. V\u00e5r iboga rotbark til salgs kan konsumeres direkte ved inntak eller<\/p>","protected":false},"featured_media":26145,"comment_status":"closed","ping_status":"closed","template":"","meta":[],"product_brand":[],"product_cat":[908],"product_tag":[914],"class_list":{"0":"post-26119","1":"product","2":"type-product","3":"status-publish","4":"has-post-thumbnail","6":"product_cat-iboga-ibogaine","7":"product_tag-iboga-root-bark","9":"first","10":"instock","11":"taxable","12":"shipping-taxable","13":"purchasable","14":"product-type-variable"},"_links":{"self":[{"href":"https:\/\/researchchemicalhub.com\/nb\/wp-json\/wp\/v2\/product\/26119","targetHints":{"allow":["GET"]}}],"collection":[{"href":"https:\/\/researchchemicalhub.com\/nb\/wp-json\/wp\/v2\/product"}],"about":[{"href":"https:\/\/researchchemicalhub.com\/nb\/wp-json\/wp\/v2\/types\/product"}],"replies":[{"embeddable":true,"href":"https:\/\/researchchemicalhub.com\/nb\/wp-json\/wp\/v2\/comments?post=26119"}],"version-history":[{"count":3,"href":"https:\/\/researchchemicalhub.com\/nb\/wp-json\/wp\/v2\/product\/26119\/revisions"}],"predecessor-version":[{"id":26159,"href":"https:\/\/researchchemicalhub.com\/nb\/wp-json\/wp\/v2\/product\/26119\/revisions\/26159"}],"wp:featuredmedia":[{"embeddable":true,"href":"https:\/\/researchchemicalhub.com\/nb\/wp-json\/wp\/v2\/media\/26145"}],"wp:attachment":[{"href":"https:\/\/researchchemicalhub.com\/nb\/wp-json\/wp\/v2\/media?parent=26119"}],"wp:term":[{"taxonomy":"product_brand","embeddable":true,"href":"https:\/\/researchchemicalhub.com\/nb\/wp-json\/wp\/v2\/product_brand?post=26119"},{"taxonomy":"product_cat","embeddable":true,"href":"https:\/\/researchchemicalhub.com\/nb\/wp-json\/wp\/v2\/product_cat?post=26119"},{"taxonomy":"product_tag","embeddable":true,"href":"https:\/\/researchchemicalhub.com\/nb\/wp-json\/wp\/v2\/product_tag?post=26119"}],"curies":[{"name":"wp","href":"https:\/\/api.w.org\/{rel}","templated":true}]}}