{"id":26118,"date":"2025-10-20T01:31:17","date_gmt":"2025-10-20T01:31:17","guid":{"rendered":"https:\/\/researchchemicalhub.com\/?post_type=product&#038;p=26118"},"modified":"2025-10-21T05:53:14","modified_gmt":"2025-10-21T05:53:14","slug":"ibogafro","status":"publish","type":"product","link":"https:\/\/researchchemicalhub.com\/nb\/butikk\/okategorisert\/ibogafro\/","title":{"rendered":"Iboga-fr\u00f8"},"content":{"rendered":"<h2>kj\u00f8p ibogafr\u00f8<\/h2>\n<p>Kj\u00f8p Ibogafr\u00f8. Tabernanthe iboga er et medlem av Apocynaceae-familien, hjemmeh\u00f8rende i de v\u00e5te tropiske omr\u00e5dene i det vestlige Sentral-Afrika, hovedsakelig Kongo og Gabon. Vanlige navn inkluderer Iboga, Eboka og Eboga. Tabernanthe er en liten slekt som bare best\u00e5r av to arter, T.<a href=\"https:\/\/caluanieoxidizeshop.com\" target=\"_blank\" rel=\"noopener\">.<\/a> iboga og T. elliptica (denne arten har stikkende frukt som ligner p\u00e5 Datura spp.). Det er registrert at de to artene kan krysspollinere for \u00e5 produsere en fruktbar hybrid (<em>Iboga og ibogaine, Nico Dauphin<\/em>). ibogafr\u00f8, tabernanthe ibogafr\u00f8, ibogaplantefr\u00f8, kj\u00f8p ibogafr\u00f8<\/p>\n<p>Tabernanthe er treaktige planter som er endemiske for fuktige tropiske skogunderlag. Tabernanthe-busker vokser vanligvis til en h\u00f8yde p\u00e5 fra en halv meter til to meter. Greiner forekommer i par, og to slanke, stilkformede blomsterstander dukker opp i par rett over forgreningspunktene. Tabernanthe har ogs\u00e5 begerbladlignende dekkblader og i\u00f8ynefallende bladarr. Som med mange andre medlemmer av Apocynaceae.<a href=\"https:\/\/caluanieoxidizeshop.com\/product\/caluanie-muelear-oxidize-for-sale\/\" target=\"_blank\" rel=\"noopener\">,<\/a> Tabernanthe er preget av melkeaktig saft og forekomsten av mange nyttige alkaloider i barken, bladene og roten (Iboga og Ibogaine, Nico Dauphin). <a href=\"https:\/\/researchchemicalhub.com\/nb\/butikk\/top-10-research-chemicals\/caluanie-muelear-oksiderer\/\">Caluanie Muelear Oksider<\/a><a href=\"https:\/\/researchchemicalhub.com\/nb\/butikk\/vekter\/digital-cs-vekt\/\">Digital CS-vekt \u2013 100 g x 0,01 g<\/a><a href=\"https:\/\/researchchemicalhub.com\/nb\/butikk\/top-10-research-chemicals\/pyrazolam-virkning\/\">Pyrazolam 2,5 mg pellets<\/a><a href=\"https:\/\/researchchemicalhub.com\/nb\/butikk\/vekter\/digital-tank-minivekt\/\">Digital tankvekt \u2013 20 g x 0,001 g<\/a><a href=\"https:\/\/researchchemicalhub.com\/nb\/butikk\/vekter\/digital-bio-minivekt\/\">Digital bio minivekt \u2013 20 g x 0,001 g<\/a><\/p>","protected":false},"excerpt":{"rendered":"<p>$1 per frukt, minimumsbestilling = 100 frukter<\/p>","protected":false},"featured_media":26143,"comment_status":"closed","ping_status":"closed","template":"","meta":[],"product_brand":[],"product_cat":[1085],"product_tag":[912,911,909,910],"class_list":{"0":"post-26118","1":"product","2":"type-product","3":"status-publish","4":"has-post-thumbnail","6":"product_cat-okategoriserad","7":"product_tag-buy-iboga-seeds","8":"product_tag-iboga-plant-seeds","9":"product_tag-iboga-seeds","10":"product_tag-tabernanthe-iboga-seeds","12":"first","13":"instock","14":"taxable","15":"shipping-taxable","16":"purchasable","17":"product-type-simple"},"_links":{"self":[{"href":"https:\/\/researchchemicalhub.com\/nb\/wp-json\/wp\/v2\/product\/26118","targetHints":{"allow":["GET"]}}],"collection":[{"href":"https:\/\/researchchemicalhub.com\/nb\/wp-json\/wp\/v2\/product"}],"about":[{"href":"https:\/\/researchchemicalhub.com\/nb\/wp-json\/wp\/v2\/types\/product"}],"replies":[{"embeddable":true,"href":"https:\/\/researchchemicalhub.com\/nb\/wp-json\/wp\/v2\/comments?post=26118"}],"version-history":[{"count":4,"href":"https:\/\/researchchemicalhub.com\/nb\/wp-json\/wp\/v2\/product\/26118\/revisions"}],"predecessor-version":[{"id":26155,"href":"https:\/\/researchchemicalhub.com\/nb\/wp-json\/wp\/v2\/product\/26118\/revisions\/26155"}],"wp:featuredmedia":[{"embeddable":true,"href":"https:\/\/researchchemicalhub.com\/nb\/wp-json\/wp\/v2\/media\/26143"}],"wp:attachment":[{"href":"https:\/\/researchchemicalhub.com\/nb\/wp-json\/wp\/v2\/media?parent=26118"}],"wp:term":[{"taxonomy":"product_brand","embeddable":true,"href":"https:\/\/researchchemicalhub.com\/nb\/wp-json\/wp\/v2\/product_brand?post=26118"},{"taxonomy":"product_cat","embeddable":true,"href":"https:\/\/researchchemicalhub.com\/nb\/wp-json\/wp\/v2\/product_cat?post=26118"},{"taxonomy":"product_tag","embeddable":true,"href":"https:\/\/researchchemicalhub.com\/nb\/wp-json\/wp\/v2\/product_tag?post=26118"}],"curies":[{"name":"wp","href":"https:\/\/api.w.org\/{rel}","templated":true}]}}