{"id":24961,"date":"2025-10-20T17:43:53","date_gmt":"2025-10-20T17:43:53","guid":{"rendered":"https:\/\/researchchemicalhub.com\/?post_type=product&#038;p=24961"},"modified":"2025-10-28T22:38:22","modified_gmt":"2025-10-28T22:38:22","slug":"o-dsmt-50-mg-pellets","status":"publish","type":"product","link":"https:\/\/researchchemicalhub.com\/nb\/butikk\/o-dsmt\/o-dsmt-50-mg-pellets\/","title":{"rendered":"O-DSMT 50 mg pellets"},"content":{"rendered":"<h1 data-start=\"399\" data-end=\"488\"><strong data-start=\"401\" data-end=\"488\">O-DSMT (O-desmetyltramadol) \u2013 Vitenskapelig informasjon og analytisk oversikt<\/strong><\/h1>\n<p data-start=\"490\" data-end=\"739\"><strong data-start=\"490\" data-end=\"512\">Metabeskrivelse:<\/strong><br data-start=\"512\" data-end=\"515\" \/>O-DSMT (O-Desmetyltramadol) er et forskningslegemiddel og en farmakologisk aktiv metabolitt av tramadol. L\u00e6r mer om den kjemiske strukturen, virkningsmekanismen, vitenskapelig relevans og sikkerhetsaspekter ved O-DSMT.<\/p>\n<hr data-start=\"741\" data-end=\"744\" \/>\n<h2 data-start=\"746\" data-end=\"762\"><strong data-start=\"749\" data-end=\"762\">Introduksjon<\/strong><\/h2>\n<p data-start=\"764\" data-end=\"1036\"><strong data-start=\"764\" data-end=\"796\">O-desmetyltramadol (O-DSMT)<\/strong> er en <strong data-start=\"804\" data-end=\"831\">syntetisk forbindelse<\/strong> som tilh\u00f8rer gruppen av <strong data-start=\"861\" data-end=\"883\">opioid smertestillende midler<\/strong>Det er <strong data-start=\"895\" data-end=\"930\">aktiv metabolitt av tramadol<\/strong>, et smertestillende middel som brukes over hele verden for behandling av moderat til alvorlig smerte.<\/p>\n<p data-start=\"1038\" data-end=\"1395\">O-DSMT dannes i kroppen n\u00e5r tramadol metaboliseres av leveren via enzymet CYP2D6. Denne metabolitten er <strong data-start=\"1154\" data-end=\"1221\">ansvarlig for en stor del av den smertestillende effekten<\/strong> av tramadol. I forskningssammenheng studeres O-DSMT for \u00e5 <strong data-start=\"1287\" data-end=\"1348\">farmakologisk virkning, reseptoraktivitet og sikkerhet<\/strong> for \u00e5 bedre forst\u00e5 opioidforbindelser.<\/p>\n<p data-start=\"1397\" data-end=\"1601\">O-DSMT er noen ganger nevnt i vitenskapelig litteratur om <strong data-start=\"1460\" data-end=\"1498\">nye psykoaktive stoffer (NPS)<\/strong> og <strong data-start=\"1502\" data-end=\"1529\">rettsmedisinsk toksikologi<\/strong>, men det er <strong data-start=\"1543\" data-end=\"1600\">ikke godkjent for menneskelig bruk eller konsum<\/strong>.<\/p>\n<hr data-start=\"1603\" data-end=\"1606\" \/>\n<h2 data-start=\"1608\" data-end=\"1653\"><strong data-start=\"1611\" data-end=\"1653\">Viktige funksjoner<\/strong><\/h2>\n<div class=\"_tableContainer_1rjym_1\">\n<div class=\"group _tableWrapper_1rjym_13 flex w-fit flex-col-reverse\" tabindex=\"-1\">\n<table class=\"w-fit min-w-(--thread-content-width)\" data-start=\"1655\" data-end=\"2176\">\n<thead data-start=\"1655\" data-end=\"1692\">\n<tr data-start=\"1655\" data-end=\"1692\">\n<th data-start=\"1655\" data-end=\"1672\" data-col-size=\"sm\"><strong data-start=\"1657\" data-end=\"1671\">Karakteristisk<\/strong><\/th>\n<th data-start=\"1672\" data-end=\"1692\" data-col-size=\"md\"><strong data-start=\"1674\" data-end=\"1690\">Beskrivelse<\/strong><\/th>\n<\/tr>\n<\/thead>\n<tbody data-start=\"1732\" data-end=\"2176\">\n<tr data-start=\"1732\" data-end=\"1776\">\n<td data-start=\"1732\" data-end=\"1753\" data-col-size=\"sm\"><strong data-start=\"1734\" data-end=\"1752\">Fullt navn<\/strong><\/td>\n<td data-start=\"1753\" data-end=\"1776\" data-col-size=\"md\">O-desmetyltramadol<\/td>\n<\/tr>\n<tr data-start=\"1777\" data-end=\"1814\">\n<td data-start=\"1777\" data-end=\"1801\" data-col-size=\"sm\"><strong data-start=\"1779\" data-end=\"1800\">Kjemisk formel<\/strong><\/td>\n<td data-start=\"1801\" data-end=\"1814\" data-col-size=\"md\">C\u2081\u2085H\u2082\u2083NO\u2082<\/td>\n<\/tr>\n<tr data-start=\"1815\" data-end=\"1851\">\n<td data-start=\"1815\" data-end=\"1835\" data-col-size=\"sm\"><strong data-start=\"1817\" data-end=\"1834\">Molar masse<\/strong><\/td>\n<td data-col-size=\"md\" data-start=\"1835\" data-end=\"1851\">249,35 g\/mol<\/td>\n<\/tr>\n<tr data-start=\"1852\" data-end=\"1919\">\n<td data-start=\"1852\" data-end=\"1875\" data-col-size=\"sm\"><strong data-start=\"1854\" data-end=\"1874\">Kjemisk klasse<\/strong><\/td>\n<td data-start=\"1875\" data-end=\"1919\" data-col-size=\"md\">Syntetisk opioid; tramadolmetabolitt<\/td>\n<\/tr>\n<tr data-start=\"1920\" data-end=\"1979\">\n<td data-start=\"1920\" data-end=\"1950\" data-col-size=\"sm\"><strong data-start=\"1922\" data-end=\"1949\">Farmakologisk virkning<\/strong><\/td>\n<td data-col-size=\"md\" data-start=\"1950\" data-end=\"1979\">\u03bc-opioidreseptoragonist<\/td>\n<\/tr>\n<tr data-start=\"1980\" data-end=\"2042\">\n<td data-start=\"1980\" data-end=\"1997\" data-col-size=\"sm\"><strong data-start=\"1982\" data-end=\"1996\">S\u00f8knad<\/strong><\/td>\n<td data-col-size=\"md\" data-start=\"1997\" data-end=\"2042\">Farmakologisk og toksikologisk forskning<\/td>\n<\/tr>\n<tr data-start=\"2043\" data-end=\"2097\">\n<td data-start=\"2043\" data-end=\"2054\" data-col-size=\"sm\"><strong data-start=\"2045\" data-end=\"2053\">Skjema<\/strong><\/td>\n<td data-col-size=\"md\" data-start=\"2054\" data-end=\"2097\">Referansestoff for laboratorieanalyse<\/td>\n<\/tr>\n<tr data-start=\"2098\" data-end=\"2176\">\n<td data-start=\"2098\" data-end=\"2122\" data-col-size=\"sm\"><strong data-start=\"2100\" data-end=\"2121\">Juridisk status<\/strong><\/td>\n<td data-col-size=\"md\" data-start=\"2122\" data-end=\"2176\">Regulert under opioidlover i mange land<\/td>\n<\/tr>\n<\/tbody>\n<\/table>\n<\/div>\n<\/div>\n<hr data-start=\"2178\" data-end=\"2181\" \/>\n<h2 data-start=\"2183\" data-end=\"2238\"><strong data-start=\"2186\" data-end=\"2238\">Vitenskapelig relevans og forskningsverdi<\/strong><\/h2>\n<ul data-start=\"2240\" data-end=\"3199\">\n<li data-start=\"2240\" data-end=\"2514\">\n<p data-start=\"2242\" data-end=\"2514\"><strong data-start=\"2242\" data-end=\"2270\">Farmakologisk forskning<\/strong><br data-start=\"2270\" data-end=\"2273\" \/>O-DSMT brukes til \u00e5 <strong data-start=\"2303\" data-end=\"2335\">mekanismer for smertelindring<\/strong> Forst\u00e5 det bedre og sammenlign det med andre opioidagonister. Dette hjelper forskere med \u00e5 f\u00e5 innsikt i reseptorselektivitet, metabolske veier og strukturelle variasjoner.<\/p>\n<\/li>\n<li data-start=\"2516\" data-end=\"2769\">\n<p data-start=\"2518\" data-end=\"2769\"><strong data-start=\"2518\" data-end=\"2544\">Toksikologisk analyse<\/strong><br data-start=\"2544\" data-end=\"2547\" \/>I rettsmedisinske og kliniske toksikologiske laboratorier brukes O-DSMT som <strong data-start=\"2629\" data-end=\"2663\">referanse- eller kalibreringsstoff<\/strong> \u00e5 analysere biologiske pr\u00f8ver (som blod eller urin) for tilstedev\u00e6relse av tramadolmetabolitter.<\/p>\n<\/li>\n<li data-start=\"2771\" data-end=\"2970\">\n<p data-start=\"2773\" data-end=\"2970\"><strong data-start=\"2773\" data-end=\"2804\">Analytisk karakterisering<\/strong><br data-start=\"2804\" data-end=\"2807\" \/>Materialet unders\u00f8kes ved hjelp av teknikker som <strong data-start=\"2866\" data-end=\"2892\">LC-MS\/MS, GC-MS og NMR<\/strong> for \u00e5 muliggj\u00f8re identifisering og kvantifisering i forskningspr\u00f8ver.<\/p>\n<\/li>\n<li data-start=\"2972\" data-end=\"3199\">\n<p data-start=\"2974\" data-end=\"3199\"><strong data-start=\"2974\" data-end=\"3013\">Regulerings- og sikkerhetsstudier<\/strong><br data-start=\"3013\" data-end=\"3016\" \/>O-DSMT bidrar til \u00e5 utvikle deteksjonsprotokoller for <strong data-start=\"3080\" data-end=\"3118\">nye psykoaktive stoffer (NPS)<\/strong> og i vurderingen av risikoer for folkehelsen og potensial for misbruk.<\/p>\n<\/li>\n<\/ul>\n<hr data-start=\"3201\" data-end=\"3204\" \/>\n<h2 data-start=\"3206\" data-end=\"3264\"><strong data-start=\"3209\" data-end=\"3264\">Laboratoriebruk (kun for forskning)<\/strong><\/h2>\n<blockquote data-start=\"3266\" data-end=\"3480\">\n<p data-start=\"3268\" data-end=\"3480\">\u26a0\ufe0f <strong data-start=\"3271\" data-end=\"3286\">Viktig:<\/strong><br data-start=\"3286\" data-end=\"3289\" \/>O-DSMT er <strong data-start=\"3301\" data-end=\"3356\">utelukkende beregnet p\u00e5 vitenskapelig forskning<\/strong> i autoriserte laboratorier.<br data-start=\"3387\" data-end=\"3390\" \/>Det er <strong data-start=\"3399\" data-end=\"3480\">ikke beregnet for konsum, selvmedisinering eller rekreasjonsbruk.<\/strong><\/p>\n<\/blockquote>\n<ol data-start=\"3482\" data-end=\"4188\">\n<li data-start=\"3482\" data-end=\"3702\">\n<p data-start=\"3485\" data-end=\"3512\"><strong data-start=\"3485\" data-end=\"3510\">Oppbevaring og stabilitet<\/strong><\/p>\n<ul data-start=\"3516\" data-end=\"3702\">\n<li data-start=\"3516\" data-end=\"3577\">\n<p data-start=\"3518\" data-end=\"3577\">Oppbevares i en lukket beholder, t\u00f8rt og kj\u00f8lig (2\u20138 \u00b0C).<\/p>\n<\/li>\n<li data-start=\"3581\" data-end=\"3624\">\n<p data-start=\"3583\" data-end=\"3624\">Beskyttes mot lys, fuktighet og luft.<\/p>\n<\/li>\n<li data-start=\"3628\" data-end=\"3702\">\n<p data-start=\"3630\" data-end=\"3702\">Skal kun brukes innenfor institusjoner med gyldige forskningstillatelser.<\/p>\n<\/li>\n<\/ul>\n<\/li>\n<li data-start=\"3704\" data-end=\"3931\">\n<p data-start=\"3707\" data-end=\"3735\"><strong data-start=\"3707\" data-end=\"3733\">Analytisk anvendelse<\/strong><\/p>\n<ul data-start=\"3739\" data-end=\"3931\">\n<li data-start=\"3739\" data-end=\"3839\">\n<p data-start=\"3741\" data-end=\"3839\">Brukes som standard i LC-MS- og GC-MS-analyser for \u00e5 identifisere tramadolmetabolitter.<\/p>\n<\/li>\n<li data-start=\"3843\" data-end=\"3931\">\n<p data-start=\"3845\" data-end=\"3931\">Egnet for metodologisk validering i toksikologiske eller farmas\u00f8ytiske studier.<\/p>\n<\/li>\n<\/ul>\n<\/li>\n<li data-start=\"3933\" data-end=\"4188\">\n<p data-start=\"3936\" data-end=\"3972\"><strong data-start=\"3936\" data-end=\"3970\">Sikkerhet i laboratoriet<\/strong><\/p>\n<ul data-start=\"3976\" data-end=\"4188\">\n<li data-start=\"3976\" data-end=\"4042\">\n<p data-start=\"3978\" data-end=\"4042\">Bruk alltid hansker, vernebriller og laboratoriefrakk.<\/p>\n<\/li>\n<li data-start=\"4046\" data-end=\"4097\">\n<p data-start=\"4048\" data-end=\"4097\">Unng\u00e5 kontakt med hud, \u00f8yne eller slimhinner.<\/p>\n<\/li>\n<li data-start=\"4101\" data-end=\"4188\">\n<p data-start=\"4103\" data-end=\"4188\">Avhend avfall i samsvar med kjemikaliesikkerhetsforskrifter og nasjonale forskrifter.<\/p>\n<\/li>\n<\/ul>\n<\/li>\n<\/ol>\n<hr data-start=\"4190\" data-end=\"4193\" \/>\n<h2 data-start=\"4195\" data-end=\"4223\"><strong data-start=\"4198\" data-end=\"4223\">Juridisk informasjon<\/strong><\/h2>\n<p data-start=\"4225\" data-end=\"4501\">O-DSMT er dekket av <strong data-start=\"4270\" data-end=\"4298\">Opiumloven<\/strong> eller lignende ordninger for opioidstoffer.<br data-start=\"4348\" data-end=\"4351\" \/>Forskere og laboratorier m\u00e5 <strong data-start=\"4386\" data-end=\"4414\">forh\u00e5ndssamtykke<\/strong> innhente for lagring, transport eller bruk av O-DSMT i en forskningssammenheng.<\/p>\n<p data-start=\"4503\" data-end=\"4674\">Stoffet kan <strong data-start=\"4515\" data-end=\"4551\">ikke selges eller brukes<\/strong> utenfor akkrediterte forskningsinstitusjoner. Uautorisert besittelse eller bruk kan f\u00f8re til <strong data-start=\"4642\" data-end=\"4673\">straffeforf\u00f8lgelse<\/strong>.<\/p>\n<hr data-start=\"4676\" data-end=\"4679\" \/>\n<h2 data-start=\"4681\" data-end=\"4713\"><strong data-start=\"4684\" data-end=\"4713\">Ofte stilte sp\u00f8rsm\u00e5l (FAQ)<\/strong><\/h2>\n<p data-start=\"4715\" data-end=\"4934\"><strong data-start=\"4715\" data-end=\"4745\">1\ufe0f\u20e3 Hva er egentlig O-DSMT?<\/strong><br data-start=\"4745\" data-end=\"4748\" \/>O-DSMT er <strong data-start=\"4761\" data-end=\"4796\">aktiv metabolitt av tramadol<\/strong>, dannet i kroppen etter inntak av tramadol. I forskningssammenheng brukes det til \u00e5 studere farmakologien til opioider.<\/p>\n<p data-start=\"4936\" data-end=\"5163\"><strong data-start=\"4936\" data-end=\"4961\">2\ufe0f\u20e3 Er O-DSMT lovlig?<\/strong><br data-start=\"4961\" data-end=\"4964\" \/>Den juridiske statusen varierer fra land til land. I de fleste europeiske land faller O-DSMT inn under opioidlovgivningen, som betyr at det kun kan brukes til vitenskapelige eller rettsmedisinske form\u00e5l.<\/p>\n<p data-start=\"5165\" data-end=\"5433\"><strong data-start=\"5165\" data-end=\"5246\">3\ufe0f\u20e3 Kan O-DSMT brukes til personlig bruk eller mikrodosering?<\/strong><br data-start=\"5246\" data-end=\"5249\" \/>Nei. O-DSMT er <strong data-start=\"5264\" data-end=\"5311\">ikke godkjent for konsum<\/strong> og m\u00e5 kun brukes i et kontrollert laboratoriemilj\u00f8. Uautorisert bruk er farlig og ulovlig.<\/p>\n<hr data-start=\"5435\" data-end=\"5438\" \/>\n<h2 data-start=\"5440\" data-end=\"5480\"><strong data-start=\"5443\" data-end=\"5480\">Referanser og ytterligere informasjon<\/strong><\/h2>\n<ul data-start=\"5482\" data-end=\"5840\">\n<li data-start=\"5482\" data-end=\"5639\">\n<p data-start=\"5484\" data-end=\"5639\">Det europeiske overv\u00e5kingssenteret for narkotika og narkotikaavhengighet (EMCDDA): <em data-start=\"5550\" data-end=\"5637\">Rapport om nye psykoaktive stoffer (NPS) \u2013 Opioider og tramadolderivater.<\/em><\/p>\n<\/li>\n<li data-start=\"5640\" data-end=\"5737\">\n<p data-start=\"5642\" data-end=\"5737\">Nasjonalt institutt for narkotikamisbruk (NIDA): <em data-start=\"5683\" data-end=\"5735\">Syntetiske opioider og nye analoge forbindelser.<\/em><\/p>\n<\/li>\n<li data-start=\"5738\" data-end=\"5840\">\n<p data-start=\"5740\" data-end=\"5840\">Rettsmedisinske toksikologiske tidsskrifter: <em data-start=\"5770\" data-end=\"5838\">Analytisk identifisering og farmakologi av O-desmetyltramadol.<\/em><\/p>\n<\/li>\n<\/ul>\n<p><a href=\"https:\/\/researchchemicalhub.com\/nb\/butikk\/iboga-ibogain\/kjop-ibogaine-hcl-pa-nett\/\"><span dir=\"auto\" style=\"vertical-align: inherit;\"><span dir=\"auto\" style=\"vertical-align: inherit;\">Kj\u00f8p Ibogaine HCL <\/span><\/span><\/a><a href=\"https:\/\/researchchemicalhub.com\/nb\/butikk\/iboga-ibogain\/iboga-rotbark\/\"><span dir=\"auto\" style=\"vertical-align: inherit;\"><span dir=\"auto\" style=\"vertical-align: inherit;\">Iboga rotbark <\/span><\/span><\/a><a href=\"https:\/\/researchchemicalhub.com\/nb\/butikk\/lysergamider\/1cp-lsd\/\"><span dir=\"auto\" style=\"vertical-align: inherit;\"><span dir=\"auto\" style=\"vertical-align: inherit;\">1cP-LSD 150 MCG Kunstpapir <\/span><\/span><\/a><a href=\"https:\/\/researchchemicalhub.com\/nb\/butikk\/lysergamider\/1v-lsd-150-mcg-blotters\/\"><span dir=\"auto\" style=\"vertical-align: inherit;\"><span dir=\"auto\" style=\"vertical-align: inherit;\">1V-LSD 150 MCG Blottere <\/span><\/span><\/a><a href=\"https:\/\/researchchemicalhub.com\/nb\/butikk\/2-cm%c2%b3-pellets\/kjop-2-cm\/kjop-2-cm\/\"><span dir=\"auto\" style=\"vertical-align: inherit;\"><span dir=\"auto\" style=\"vertical-align: inherit;\">2-CMC 250 mg pellets<\/span><\/span><\/a><\/p>","protected":false},"excerpt":{"rendered":"<h3><span dir=\"auto\" style=\"vertical-align: inherit;\"><span dir=\"auto\" style=\"vertical-align: inherit;\">O-DSMT-egenskaper<\/span><\/span><\/h3>\n<p><strong><span dir=\"auto\" style=\"vertical-align: inherit;\"><span dir=\"auto\" style=\"vertical-align: inherit;\">Synonym: <\/span><\/span><\/strong> <i><span dir=\"auto\" style=\"vertical-align: inherit;\"><span dir=\"auto\" style=\"vertical-align: inherit;\">O-desmetyltramadol, 3-(2-((dimetylamino)metyl)-1-hydroksycykloheksyl)fenol <\/span><\/span><\/i><br \/>\n<strong><span dir=\"auto\" style=\"vertical-align: inherit;\"><span dir=\"auto\" style=\"vertical-align: inherit;\">CAS-nummer:<\/span><\/span><\/strong><span dir=\"auto\" style=\"vertical-align: inherit;\"><span dir=\"auto\" style=\"vertical-align: inherit;\"> 80456-81-1 <\/span><\/span><br \/>\n<strong><span dir=\"auto\" style=\"vertical-align: inherit;\"><span dir=\"auto\" style=\"vertical-align: inherit;\">Formel: <\/span><\/span><\/strong> <span title=\"Karbon\"><span dir=\"auto\" style=\"vertical-align: inherit;\"><span dir=\"auto\" style=\"vertical-align: inherit;\">C <\/span><\/span><\/span><sub><span dir=\"auto\" style=\"vertical-align: inherit;\"><span dir=\"auto\" style=\"vertical-align: inherit;\">15 <\/span><\/span><\/sub><span title=\"Hydrogen\"><span dir=\"auto\" style=\"vertical-align: inherit;\"><span dir=\"auto\" style=\"vertical-align: inherit;\">H <\/span><\/span><\/span><sub><span dir=\"auto\" style=\"vertical-align: inherit;\"><span dir=\"auto\" style=\"vertical-align: inherit;\">23 <\/span><\/span><\/sub><span title=\"Nitrogen\"><span dir=\"auto\" style=\"vertical-align: inherit;\"><span dir=\"auto\" style=\"vertical-align: inherit;\">N <\/span><\/span><\/span><span title=\"Oksygen\"><span dir=\"auto\" style=\"vertical-align: inherit;\"><span dir=\"auto\" style=\"vertical-align: inherit;\">\u00c5 <\/span><\/span><\/span><sub><span dir=\"auto\" style=\"vertical-align: inherit;\"><span dir=\"auto\" style=\"vertical-align: inherit;\">2 <\/span><\/span><\/sub><br \/>\n<strong><span dir=\"auto\" style=\"vertical-align: inherit;\"><span dir=\"auto\" style=\"vertical-align: inherit;\">Molar masse:<\/span><\/span><\/strong><span dir=\"auto\" style=\"vertical-align: inherit;\"><span dir=\"auto\" style=\"vertical-align: inherit;\"> 249,354 g\/mol <\/span><\/span><br \/>\n<strong><span dir=\"auto\" style=\"vertical-align: inherit;\"><span dir=\"auto\" style=\"vertical-align: inherit;\">Renhet:<\/span><\/span><\/strong><span dir=\"auto\" style=\"vertical-align: inherit;\"><span dir=\"auto\" style=\"vertical-align: inherit;\"> \u00a0&gt;97%<\/span><\/span><\/p>","protected":false},"featured_media":28581,"comment_status":"closed","ping_status":"closed","template":"","meta":[],"product_brand":[82],"product_cat":[337,420,336,324],"product_tag":[326,727,725,728,726,729,730],"class_list":{"0":"post-24961","1":"product","2":"type-product","3":"status-publish","4":"has-post-thumbnail","6":"product_brand-research-chemical","7":"product_cat-o-dsmt","8":"product_cat-o-dsmt-pellets","9":"product_cat-overig","10":"product_cat-pellets-for-pellet","11":"product_tag-nl","12":"product_tag-o-dsmt-ervaringen","13":"product_tag-o-dsmt","14":"product_tag-o-dsmt-bestellen","15":"product_tag-o-dsmt-kopen","16":"product_tag-o-dsmt-psychonaut","17":"product_tag-what-is-o-dsmt","19":"first","20":"instock","21":"taxable","22":"shipping-taxable","23":"purchasable","24":"product-type-variable"},"_links":{"self":[{"href":"https:\/\/researchchemicalhub.com\/nb\/wp-json\/wp\/v2\/product\/24961","targetHints":{"allow":["GET"]}}],"collection":[{"href":"https:\/\/researchchemicalhub.com\/nb\/wp-json\/wp\/v2\/product"}],"about":[{"href":"https:\/\/researchchemicalhub.com\/nb\/wp-json\/wp\/v2\/types\/product"}],"replies":[{"embeddable":true,"href":"https:\/\/researchchemicalhub.com\/nb\/wp-json\/wp\/v2\/comments?post=24961"}],"version-history":[{"count":7,"href":"https:\/\/researchchemicalhub.com\/nb\/wp-json\/wp\/v2\/product\/24961\/revisions"}],"predecessor-version":[{"id":27709,"href":"https:\/\/researchchemicalhub.com\/nb\/wp-json\/wp\/v2\/product\/24961\/revisions\/27709"}],"wp:featuredmedia":[{"embeddable":true,"href":"https:\/\/researchchemicalhub.com\/nb\/wp-json\/wp\/v2\/media\/28581"}],"wp:attachment":[{"href":"https:\/\/researchchemicalhub.com\/nb\/wp-json\/wp\/v2\/media?parent=24961"}],"wp:term":[{"taxonomy":"product_brand","embeddable":true,"href":"https:\/\/researchchemicalhub.com\/nb\/wp-json\/wp\/v2\/product_brand?post=24961"},{"taxonomy":"product_cat","embeddable":true,"href":"https:\/\/researchchemicalhub.com\/nb\/wp-json\/wp\/v2\/product_cat?post=24961"},{"taxonomy":"product_tag","embeddable":true,"href":"https:\/\/researchchemicalhub.com\/nb\/wp-json\/wp\/v2\/product_tag?post=24961"}],"curies":[{"name":"wp","href":"https:\/\/api.w.org\/{rel}","templated":true}]}}