{"id":24848,"date":"2025-10-20T17:43:27","date_gmt":"2025-10-20T17:43:27","guid":{"rendered":"https:\/\/researchchemicalhub.com\/?post_type=product&#038;p=24848"},"modified":"2025-10-29T07:36:41","modified_gmt":"2025-10-29T07:36:41","slug":"pagoklon","status":"publish","type":"product","link":"https:\/\/researchchemicalhub.com\/nb\/butikk\/annen\/pagoklon\/","title":{"rendered":"Pagoclone 2 MG Blottere"},"content":{"rendered":"<h3 data-start=\"4159\" data-end=\"4178\"><strong data-start=\"4163\" data-end=\"4178\"><span dir=\"auto\" style=\"vertical-align: inherit;\"><span dir=\"auto\" style=\"vertical-align: inherit;\">Introduksjon<\/span><\/span><\/strong><\/h3>\n<p data-start=\"4179\" data-end=\"4532\"><span dir=\"auto\" style=\"vertical-align: inherit;\"><span dir=\"auto\" style=\"vertical-align: inherit;\">V\u00e5r <\/span><\/span><strong data-start=\"4184\" data-end=\"4211\"><span dir=\"auto\" style=\"vertical-align: inherit;\"><span dir=\"auto\" style=\"vertical-align: inherit;\">2 mg research blotters<\/span><\/span><\/strong><span dir=\"auto\" style=\"vertical-align: inherit;\"><span dir=\"auto\" style=\"vertical-align: inherit;\"> are precision-engineered for <\/span><\/span><strong data-start=\"4255\" data-end=\"4306\"><span dir=\"auto\" style=\"vertical-align: inherit;\"><span dir=\"auto\" style=\"vertical-align: inherit;\">analytical, forensic, and laboratory testing<\/span><\/span><\/strong><span dir=\"auto\" style=\"vertical-align: inherit;\"><span dir=\"auto\" style=\"vertical-align: inherit;\"> .\u00a0 <\/span><\/span><br data-start=\"4307\" data-end=\"4310\" \/><span dir=\"auto\" style=\"vertical-align: inherit;\"><span dir=\"auto\" style=\"vertical-align: inherit;\">Each blotter is manufactured under <\/span><\/span><strong data-start=\"4348\" data-end=\"4392\"><span dir=\"auto\" style=\"vertical-align: inherit;\"><span dir=\"auto\" style=\"vertical-align: inherit;\">strict quality and safety standards<\/span><\/span><\/strong><span dir=\"auto\" style=\"vertical-align: inherit;\"><span dir=\"auto\" style=\"vertical-align: inherit;\"> , og sikrer <\/span><\/span><strong data-start=\"4409\" data-end=\"4480\"><span dir=\"auto\" style=\"vertical-align: inherit;\"><span dir=\"auto\" style=\"vertical-align: inherit;\">accurate dosing, consistent quality, and reliable performance<\/span><\/span><\/strong><span dir=\"auto\" style=\"vertical-align: inherit;\"><span dir=\"auto\" style=\"vertical-align: inherit;\"> across a wide range of scientific applications.<\/span><\/span><\/p>\n<p data-start=\"4534\" data-end=\"4679\"><span dir=\"auto\" style=\"vertical-align: inherit;\"><span dir=\"auto\" style=\"vertical-align: inherit;\">These blotters offer <\/span><\/span><strong data-start=\"4555\" data-end=\"4589\"><span dir=\"auto\" style=\"vertical-align: inherit;\"><span dir=\"auto\" style=\"vertical-align: inherit;\">high purity and stability<\/span><\/span><\/strong><span dir=\"auto\" style=\"vertical-align: inherit;\"><span dir=\"auto\" style=\"vertical-align: inherit;\"> , making them ideal for <\/span><\/span><strong data-start=\"4616\" data-end=\"4676\"><span dir=\"auto\" style=\"vertical-align: inherit;\"><span dir=\"auto\" style=\"vertical-align: inherit;\">calibration, comparative studies and chemical analyses<\/span><\/span><\/strong><span dir=\"auto\" style=\"vertical-align: inherit;\"><span dir=\"auto\" style=\"vertical-align: inherit;\"> .<\/span><\/span><\/p>\n<blockquote data-start=\"4680\" data-end=\"4789\">\n<p data-start=\"4682\" data-end=\"4789\">\u26a0\ufe0f <strong data-start=\"4685\" data-end=\"4789\"><span dir=\"auto\" style=\"vertical-align: inherit;\"><span dir=\"auto\" style=\"vertical-align: inherit;\">Kun til bruk i laboratoriet. Ikke egnet for konsum av mennesker eller dyr.<\/span><\/span><\/strong><\/p>\n<\/blockquote>\n<hr data-start=\"4791\" data-end=\"4794\" \/>\n<h3 data-start=\"4796\" data-end=\"4827\"><strong data-start=\"4800\" data-end=\"4827\"><span dir=\"auto\" style=\"vertical-align: inherit;\"><span dir=\"auto\" style=\"vertical-align: inherit;\">Viktige funksjoner<\/span><\/span><\/strong><\/h3>\n<ul data-start=\"4828\" data-end=\"5309\">\n<li data-start=\"4828\" data-end=\"4898\">\n<p data-start=\"4830\" data-end=\"4898\"><strong data-start=\"4830\" data-end=\"4856\"><span dir=\"auto\" style=\"vertical-align: inherit;\"><span dir=\"auto\" style=\"vertical-align: inherit;\">H\u00f8y renhet (\u226599%)<\/span><\/span><\/strong><span dir=\"auto\" style=\"vertical-align: inherit;\"><span dir=\"auto\" style=\"vertical-align: inherit;\"> \u2013 Uavhengig testet og verifisert.<\/span><\/span><\/p>\n<\/li>\n<li data-start=\"4899\" data-end=\"4986\">\n<p data-start=\"4901\" data-end=\"4986\"><strong data-start=\"4901\" data-end=\"4943\"><span dir=\"auto\" style=\"vertical-align: inherit;\"><span dir=\"auto\" style=\"vertical-align: inherit;\">Precise Dosage of 2 mg per Blotter<\/span><\/span><\/strong><span dir=\"auto\" style=\"vertical-align: inherit;\"><span dir=\"auto\" style=\"vertical-align: inherit;\"> \u2013 For p\u00e5litelige forskningsresultater.<\/span><\/span><\/p>\n<\/li>\n<li data-start=\"4987\" data-end=\"5069\">\n<p data-start=\"4989\" data-end=\"5069\"><strong data-start=\"4989\" data-end=\"5025\"><span dir=\"auto\" style=\"vertical-align: inherit;\"><span dir=\"auto\" style=\"vertical-align: inherit;\">Stabil kjemisk sammensetning<\/span><\/span><\/strong><span dir=\"auto\" style=\"vertical-align: inherit;\"><span dir=\"auto\" style=\"vertical-align: inherit;\"> \u2013 Designed for long-term shelf life.<\/span><\/span><\/p>\n<\/li>\n<li data-start=\"5070\" data-end=\"5155\">\n<p data-start=\"5072\" data-end=\"5155\"><strong data-start=\"5072\" data-end=\"5097\"><span dir=\"auto\" style=\"vertical-align: inherit;\"><span dir=\"auto\" style=\"vertical-align: inherit;\">Laboratoriekvalitet<\/span><\/span><\/strong><span dir=\"auto\" style=\"vertical-align: inherit;\"><span dir=\"auto\" style=\"vertical-align: inherit;\"> \u2013 Produsert i henhold til internasjonale forskningsstandarder.<\/span><\/span><\/p>\n<\/li>\n<li data-start=\"5156\" data-end=\"5220\">\n<p data-start=\"5158\" data-end=\"5220\"><strong data-start=\"5158\" data-end=\"5184\"><span dir=\"auto\" style=\"vertical-align: inherit;\"><span dir=\"auto\" style=\"vertical-align: inherit;\">Light-tight packaging<\/span><\/span><\/strong><span dir=\"auto\" style=\"vertical-align: inherit;\"><span dir=\"auto\" style=\"vertical-align: inherit;\"> \u2013 Protects from light and air.<\/span><\/span><\/p>\n<\/li>\n<li data-start=\"5221\" data-end=\"5309\">\n<p data-start=\"5223\" data-end=\"5309\"><strong data-start=\"5223\" data-end=\"5256\"><span dir=\"auto\" style=\"vertical-align: inherit;\"><span dir=\"auto\" style=\"vertical-align: inherit;\">Kun til forskningsbruk<\/span><\/span><\/strong><span dir=\"auto\" style=\"vertical-align: inherit;\"><span dir=\"auto\" style=\"vertical-align: inherit;\"> \u2013 For scientific applications only.<\/span><\/span><\/p>\n<\/li>\n<\/ul>\n<hr data-start=\"5311\" data-end=\"5314\" \/>\n<h3 data-start=\"5316\" data-end=\"5333\"><strong data-start=\"5320\" data-end=\"5333\"><span dir=\"auto\" style=\"vertical-align: inherit;\"><span dir=\"auto\" style=\"vertical-align: inherit;\">Fordeler<\/span><\/span><\/strong><\/h3>\n<ul data-start=\"5334\" data-end=\"5778\">\n<li data-start=\"5334\" data-end=\"5424\">\n<p data-start=\"5336\" data-end=\"5424\"><strong data-start=\"5336\" data-end=\"5372\"><span dir=\"auto\" style=\"vertical-align: inherit;\"><span dir=\"auto\" style=\"vertical-align: inherit;\">Konsekvente forskningsresultater<\/span><\/span><\/strong><span dir=\"auto\" style=\"vertical-align: inherit;\"><span dir=\"auto\" style=\"vertical-align: inherit;\"> \u2013 Ensures reliable and reproducible data.<\/span><\/span><\/p>\n<\/li>\n<li data-start=\"5425\" data-end=\"5499\">\n<p data-start=\"5427\" data-end=\"5499\"><strong data-start=\"5427\" data-end=\"5457\"><span dir=\"auto\" style=\"vertical-align: inherit;\"><span dir=\"auto\" style=\"vertical-align: inherit;\">Chemically Stable and Pure<\/span><\/span><\/strong><span dir=\"auto\" style=\"vertical-align: inherit;\"><span dir=\"auto\" style=\"vertical-align: inherit;\"> \u2013 Reduces variation during analyses.<\/span><\/span><\/p>\n<\/li>\n<li data-start=\"5500\" data-end=\"5595\">\n<p data-start=\"5502\" data-end=\"5595\"><strong data-start=\"5502\" data-end=\"5541\"><span dir=\"auto\" style=\"vertical-align: inherit;\"><span dir=\"auto\" style=\"vertical-align: inherit;\">Ideal for Calibration and Validation<\/span><\/span><\/strong><span dir=\"auto\" style=\"vertical-align: inherit;\"><span dir=\"auto\" style=\"vertical-align: inherit;\"> \u2013 Suitable for controlled comparative testing.<\/span><\/span><\/p>\n<\/li>\n<li data-start=\"5596\" data-end=\"5701\">\n<p data-start=\"5598\" data-end=\"5701\"><strong data-start=\"5598\" data-end=\"5635\"><span dir=\"auto\" style=\"vertical-align: inherit;\"><span dir=\"auto\" style=\"vertical-align: inherit;\">Etisk og lovlig produsert<\/span><\/span><\/strong><span dir=\"auto\" style=\"vertical-align: inherit;\"><span dir=\"auto\" style=\"vertical-align: inherit;\"> \u2013 I samsvar med internasjonale sikkerhetsretningslinjer.<\/span><\/span><\/p>\n<\/li>\n<li data-start=\"5702\" data-end=\"5778\">\n<p data-start=\"5704\" data-end=\"5778\"><strong data-start=\"5704\" data-end=\"5731\"><span dir=\"auto\" style=\"vertical-align: inherit;\"><span dir=\"auto\" style=\"vertical-align: inherit;\">Vitenskapelig testet<\/span><\/span><\/strong><span dir=\"auto\" style=\"vertical-align: inherit;\"><span dir=\"auto\" style=\"vertical-align: inherit;\"> \u2013 Every batch is carefully inspected. Pagoclone<\/span><\/span><\/p>\n<\/li>\n<\/ul>\n<hr data-start=\"5780\" data-end=\"5783\" \/>\n<h3 data-start=\"5785\" data-end=\"5800\"><strong data-start=\"5789\" data-end=\"5800\"><span dir=\"auto\" style=\"vertical-align: inherit;\"><span dir=\"auto\" style=\"vertical-align: inherit;\">Bruk<\/span><\/span><\/strong><\/h3>\n<ol data-start=\"5801\" data-end=\"6217\">\n<li data-start=\"5801\" data-end=\"5898\">\n<p data-start=\"5804\" data-end=\"5898\"><strong data-start=\"5804\" data-end=\"5839\"><span dir=\"auto\" style=\"vertical-align: inherit;\"><span dir=\"auto\" style=\"vertical-align: inherit;\">Kun til laboratoriebruk<\/span><\/span><\/strong><span dir=\"auto\" style=\"vertical-align: inherit;\"><span dir=\"auto\" style=\"vertical-align: inherit;\"> \u2013 Use only in accredited research facilities.<\/span><\/span><\/p>\n<\/li>\n<li data-start=\"5899\" data-end=\"5966\">\n<p data-start=\"5902\" data-end=\"5966\"><strong data-start=\"5902\" data-end=\"5912\"><span dir=\"auto\" style=\"vertical-align: inherit;\"><span dir=\"auto\" style=\"vertical-align: inherit;\">Lagring<\/span><\/span><\/strong><span dir=\"auto\" style=\"vertical-align: inherit;\"><span dir=\"auto\" style=\"vertical-align: inherit;\"> \u2013 Oppbevares i en <\/span><\/span><strong data-start=\"5929\" data-end=\"5963\"><span dir=\"auto\" style=\"vertical-align: inherit;\"><span dir=\"auto\" style=\"vertical-align: inherit;\">kj\u00f8lig, t\u00f8rt og m\u00f8rkt sted<\/span><\/span><\/strong><span dir=\"auto\" style=\"vertical-align: inherit;\"><span dir=\"auto\" style=\"vertical-align: inherit;\"> .<\/span><\/span><\/p>\n<\/li>\n<li data-start=\"5967\" data-end=\"6047\">\n<p data-start=\"5970\" data-end=\"6047\"><strong data-start=\"5970\" data-end=\"5987\"><span dir=\"auto\" style=\"vertical-align: inherit;\"><span dir=\"auto\" style=\"vertical-align: inherit;\">Arbeid trygt<\/span><\/span><\/strong><span dir=\"auto\" style=\"vertical-align: inherit;\"><span dir=\"auto\" style=\"vertical-align: inherit;\"> \u2013 Bruk hansker, vernebriller og laboratoriefrakk.<\/span><\/span><\/p>\n<\/li>\n<li data-start=\"6048\" data-end=\"6127\">\n<p data-start=\"6051\" data-end=\"6127\"><strong data-start=\"6051\" data-end=\"6063\"><span dir=\"auto\" style=\"vertical-align: inherit;\"><span dir=\"auto\" style=\"vertical-align: inherit;\">M\u00e5linger<\/span><\/span><\/strong><span dir=\"auto\" style=\"vertical-align: inherit;\"><span dir=\"auto\" style=\"vertical-align: inherit;\"> \u2013 Bruk kalibrert utstyr for n\u00f8yaktig analyse.<\/span><\/span><\/p>\n<\/li>\n<li data-start=\"6128\" data-end=\"6217\">\n<p data-start=\"6131\" data-end=\"6217\"><strong data-start=\"6131\" data-end=\"6158\"><span dir=\"auto\" style=\"vertical-align: inherit;\"><span dir=\"auto\" style=\"vertical-align: inherit;\">Sikkerhetsadvarsel<\/span><\/span><\/strong><span dir=\"auto\" style=\"vertical-align: inherit;\"><span dir=\"auto\" style=\"vertical-align: inherit;\"> \u2013 Ikke til konsum av mennesker eller dyr.<\/span><\/span><\/p>\n<\/li>\n<\/ol>\n<hr data-start=\"6219\" data-end=\"6222\" \/>\n<h3 data-start=\"6224\" data-end=\"6251\"><strong data-start=\"6228\" data-end=\"6251\"><span dir=\"auto\" style=\"vertical-align: inherit;\"><span dir=\"auto\" style=\"vertical-align: inherit;\">Ofte stilte sp\u00f8rsm\u00e5l<\/span><\/span><\/strong><\/h3>\n<p data-start=\"6253\" data-end=\"6420\"><strong data-start=\"6253\" data-end=\"6309\"><span dir=\"auto\" style=\"vertical-align: inherit;\"><span dir=\"auto\" style=\"vertical-align: inherit;\">1. What are 2 mg research blotters used for?<\/span><\/span><\/strong><br data-start=\"6309\" data-end=\"6312\" \/><span dir=\"auto\" style=\"vertical-align: inherit;\"><span dir=\"auto\" style=\"vertical-align: inherit;\"> De er ment for <\/span><\/span><strong data-start=\"6333\" data-end=\"6377\"><span dir=\"auto\" style=\"vertical-align: inherit;\"><span dir=\"auto\" style=\"vertical-align: inherit;\">vitenskapelig og analytisk forskning<\/span><\/span><\/strong><span dir=\"auto\" style=\"vertical-align: inherit;\"><span dir=\"auto\" style=\"vertical-align: inherit;\"> , such as chemical analyses and calibration.<\/span><\/span><\/p>\n<p data-start=\"6422\" data-end=\"6583\"><strong data-start=\"6422\" data-end=\"6490\"><span dir=\"auto\" style=\"vertical-align: inherit;\"><span dir=\"auto\" style=\"vertical-align: inherit;\">2. Can these blotters be used outside of a laboratory?<\/span><\/span><\/strong><br data-start=\"6490\" data-end=\"6493\" \/><span dir=\"auto\" style=\"vertical-align: inherit;\"><span dir=\"auto\" style=\"vertical-align: inherit;\"> Nei. Disse produktene er <\/span><\/span><strong data-start=\"6518\" data-end=\"6580\"><span dir=\"auto\" style=\"vertical-align: inherit;\"><span dir=\"auto\" style=\"vertical-align: inherit;\">kun beregnet for profesjonell laboratoriebruk<\/span><\/span><\/strong><span dir=\"auto\" style=\"vertical-align: inherit;\"><span dir=\"auto\" style=\"vertical-align: inherit;\"> .<\/span><\/span><\/p>\n<p data-start=\"6585\" data-end=\"6734\"><strong data-start=\"6585\" data-end=\"6632\"><span dir=\"auto\" style=\"vertical-align: inherit;\"><span dir=\"auto\" style=\"vertical-align: inherit;\">3. How should these blotters be stored?<\/span><\/span><\/strong><br data-start=\"6632\" data-end=\"6635\" \/><span dir=\"auto\" style=\"vertical-align: inherit;\"><span dir=\"auto\" style=\"vertical-align: inherit;\"> Oppbevar dem i deres <\/span><\/span><strong data-start=\"6652\" data-end=\"6689\"><span dir=\"auto\" style=\"vertical-align: inherit;\"><span dir=\"auto\" style=\"vertical-align: inherit;\">original, airtight container<\/span><\/span><\/strong><span dir=\"auto\" style=\"vertical-align: inherit;\"><span dir=\"auto\" style=\"vertical-align: inherit;\"> i en <\/span><\/span><strong data-start=\"6697\" data-end=\"6731\"><span dir=\"auto\" style=\"vertical-align: inherit;\"><span dir=\"auto\" style=\"vertical-align: inherit;\">kj\u00f8lig, t\u00f8rt og m\u00f8rkt sted<\/span><\/span><\/strong><span dir=\"auto\" style=\"vertical-align: inherit;\"><span dir=\"auto\" style=\"vertical-align: inherit;\"> .<\/span><\/span><\/p>\n<hr data-start=\"6736\" data-end=\"6739\" \/>\n<h3 data-start=\"6741\" data-end=\"6759\"><strong data-start=\"6745\" data-end=\"6759\"><span dir=\"auto\" style=\"vertical-align: inherit;\"><span dir=\"auto\" style=\"vertical-align: inherit;\">Ansvarsfraskrivelse<\/span><\/span><\/strong><\/h3>\n<p data-start=\"6760\" data-end=\"6992\"><span dir=\"auto\" style=\"vertical-align: inherit;\"><span dir=\"auto\" style=\"vertical-align: inherit;\">Dette produktet er <\/span><\/span><strong data-start=\"6775\" data-end=\"6824\"><span dir=\"auto\" style=\"vertical-align: inherit;\"><span dir=\"auto\" style=\"vertical-align: inherit;\">kun beregnet for forskningsform\u00e5l<\/span><\/span><\/strong><span dir=\"auto\" style=\"vertical-align: inherit;\"><span dir=\"auto\" style=\"vertical-align: inherit;\"> . <\/span><\/span><strong data-start=\"6826\" data-end=\"6884\"><span dir=\"auto\" style=\"vertical-align: inherit;\"><span dir=\"auto\" style=\"vertical-align: inherit;\">Ikke egnet for konsum av mennesker eller dyr.<\/span><\/span><\/strong><br data-start=\"6884\" data-end=\"6887\" \/><span dir=\"auto\" style=\"vertical-align: inherit;\"><span dir=\"auto\" style=\"vertical-align: inherit;\"> Ved \u00e5 kj\u00f8pe dette produktet bekrefter du at du overholder alle gjeldende sikkerhets- og lovbestemmelser.<\/span><\/span><\/p>\n<h3><span dir=\"auto\" style=\"color: #333333; font-size: 16px; vertical-align: inherit;\"><span dir=\"auto\" style=\"vertical-align: inherit;\"><span dir=\"auto\" style=\"vertical-align: inherit;\"><span dir=\"auto\" style=\"vertical-align: inherit;\">. <\/span><\/span><\/span><\/span><a style=\"font-size: 16px;\" href=\"https:\/\/researchchemicalhub.com\/nb\/butikk\/iboga-ibogain\/kjop-ibogaine-hcl-pa-nett\/\"><span dir=\"auto\" style=\"vertical-align: inherit;\"><span dir=\"auto\" style=\"vertical-align: inherit;\"><span dir=\"auto\" style=\"vertical-align: inherit;\"><span dir=\"auto\" style=\"vertical-align: inherit;\">Kj\u00f8p Ibogaine HCL <\/span><\/span><\/span><\/span><\/a><a style=\"font-size: 16px;\" href=\"https:\/\/researchchemicalhub.com\/nb\/butikk\/iboga-ibogain\/iboga-rotbark\/\"><span dir=\"auto\" style=\"vertical-align: inherit;\"><span dir=\"auto\" style=\"vertical-align: inherit;\"><span dir=\"auto\" style=\"vertical-align: inherit;\"><span dir=\"auto\" style=\"vertical-align: inherit;\">Iboga rotbark <\/span><\/span><\/span><\/span><\/a><a style=\"font-size: 16px;\" href=\"https:\/\/researchchemicalhub.com\/nb\/butikk\/lysergamider\/1cp-lsd\/\"><span dir=\"auto\" style=\"vertical-align: inherit;\"><span dir=\"auto\" style=\"vertical-align: inherit;\"><span dir=\"auto\" style=\"vertical-align: inherit;\"><span dir=\"auto\" style=\"vertical-align: inherit;\">1cP-LSD 150 MCG Kunstpapir <\/span><\/span><\/span><\/span><\/a><a style=\"font-size: 16px;\" href=\"https:\/\/researchchemicalhub.com\/nb\/butikk\/pellets\/o-dsmt-50-mg-pellets\/\"><span dir=\"auto\" style=\"vertical-align: inherit;\"><span dir=\"auto\" style=\"vertical-align: inherit;\"><span dir=\"auto\" style=\"vertical-align: inherit;\"><span dir=\"auto\" style=\"vertical-align: inherit;\">O-DSMT 50 mg pellets <\/span><\/span><\/span><\/span><\/a><a style=\"font-size: 16px;\" href=\"https:\/\/researchchemicalhub.com\/nb\/butikk\/lysergamider\/1v-lsd-150-mcg-blotters\/\"><span dir=\"auto\" style=\"vertical-align: inherit;\"><span dir=\"auto\" style=\"vertical-align: inherit;\"><span dir=\"auto\" style=\"vertical-align: inherit;\"><span dir=\"auto\" style=\"vertical-align: inherit;\">1V-LSD 150 MCG Blottere<\/span><\/span><\/span><\/span><\/a><\/h3>","protected":false},"excerpt":{"rendered":"<p>Introduction Our 2 mg research blotters are precision-engineered for analytical, forensic, and laboratory testing .\u00a0 Each blotter is manufactured under<\/p>","protected":false},"featured_media":28584,"comment_status":"closed","ping_status":"closed","template":"","meta":[],"product_brand":[82],"product_cat":[336,367],"product_tag":[326,665,748,749,747,750],"class_list":{"0":"post-24848","1":"product","2":"type-product","3":"status-publish","4":"has-post-thumbnail","6":"product_brand-research-chemical","7":"product_cat-overig","8":"product_cat-pagoclone","9":"product_tag-nl","10":"product_tag-pagoclone","11":"product_tag-pagoclone-dosage","12":"product_tag-pagoclone-effects","13":"product_tag-pagoclone-ervaringen","14":"product_tag-pagoclone-experience","16":"first","17":"instock","18":"taxable","19":"shipping-taxable","20":"purchasable","21":"product-type-variable"},"_links":{"self":[{"href":"https:\/\/researchchemicalhub.com\/nb\/wp-json\/wp\/v2\/product\/24848","targetHints":{"allow":["GET"]}}],"collection":[{"href":"https:\/\/researchchemicalhub.com\/nb\/wp-json\/wp\/v2\/product"}],"about":[{"href":"https:\/\/researchchemicalhub.com\/nb\/wp-json\/wp\/v2\/types\/product"}],"replies":[{"embeddable":true,"href":"https:\/\/researchchemicalhub.com\/nb\/wp-json\/wp\/v2\/comments?post=24848"}],"version-history":[{"count":7,"href":"https:\/\/researchchemicalhub.com\/nb\/wp-json\/wp\/v2\/product\/24848\/revisions"}],"predecessor-version":[{"id":28641,"href":"https:\/\/researchchemicalhub.com\/nb\/wp-json\/wp\/v2\/product\/24848\/revisions\/28641"}],"wp:featuredmedia":[{"embeddable":true,"href":"https:\/\/researchchemicalhub.com\/nb\/wp-json\/wp\/v2\/media\/28584"}],"wp:attachment":[{"href":"https:\/\/researchchemicalhub.com\/nb\/wp-json\/wp\/v2\/media?parent=24848"}],"wp:term":[{"taxonomy":"product_brand","embeddable":true,"href":"https:\/\/researchchemicalhub.com\/nb\/wp-json\/wp\/v2\/product_brand?post=24848"},{"taxonomy":"product_cat","embeddable":true,"href":"https:\/\/researchchemicalhub.com\/nb\/wp-json\/wp\/v2\/product_cat?post=24848"},{"taxonomy":"product_tag","embeddable":true,"href":"https:\/\/researchchemicalhub.com\/nb\/wp-json\/wp\/v2\/product_tag?post=24848"}],"curies":[{"name":"wp","href":"https:\/\/api.w.org\/{rel}","templated":true}]}}