{"id":24654,"date":"2025-10-20T17:42:28","date_gmt":"2025-10-20T17:42:28","guid":{"rendered":"https:\/\/researchchemicalhub.com\/?post_type=product&#038;p=24654"},"modified":"2025-10-21T15:56:08","modified_gmt":"2025-10-21T15:56:08","slug":"digital-cs-vekt","status":"publish","type":"product","link":"https:\/\/researchchemicalhub.com\/nb\/butikk\/vekter\/digital-cs-vekt\/","title":{"rendered":"Digital CS-vekt \u2013 100 g x 0,01 g"},"content":{"rendered":"<h3 data-start=\"4818\" data-end=\"4837\"><strong data-start=\"4822\" data-end=\"4837\">Introduksjon<\/strong><\/h3>\n<p data-start=\"4838\" data-end=\"5146\">De <strong data-start=\"4841\" data-end=\"4882\">Digital CS-vekt \u2013 100 g x 0,01 g<\/strong> er en <strong data-start=\"4890\" data-end=\"4925\">h\u00f8ykvalitets presisjonsvekt<\/strong> utviklet for brukere som verdsetter n\u00f8yaktighet og p\u00e5litelighet.<br data-start=\"5000\" data-end=\"5003\" \/>Enten i en <strong data-start=\"5020\" data-end=\"5061\">laboratorium, kj\u00f8kken eller smykkebutikk<\/strong> er, denne kompakte vekten leverer <strong data-start=\"5098\" data-end=\"5143\">presise m\u00e5linger innenfor 0,01 g<\/strong>.<\/p>\n<p data-start=\"5148\" data-end=\"5394\">Takket v\u00e6re <strong data-start=\"5160\" data-end=\"5188\">plattform i rustfritt st\u00e5l<\/strong> og den <strong data-start=\"5196\" data-end=\"5221\">klar LCD-skjerm<\/strong> kombinerer den digitale CS-skalaen <strong data-start=\"5259\" data-end=\"5285\">profesjonell presisjon<\/strong> av <strong data-start=\"5290\" data-end=\"5307\">brukervennlighet<\/strong>Perfekt for veiing av pulver, urter, smykker eller sm\u00e5 forskningspr\u00f8ver.<\/p>\n<hr data-start=\"5396\" data-end=\"5399\" \/>\n<h3 data-start=\"5401\" data-end=\"5432\"><strong data-start=\"5405\" data-end=\"5432\">Viktige funksjoner<\/strong><\/h3>\n<ul data-start=\"5433\" data-end=\"6068\">\n<li data-start=\"5433\" data-end=\"5523\">\n<p data-start=\"5435\" data-end=\"5523\"><strong data-start=\"5435\" data-end=\"5466\">H\u00f8y n\u00f8yaktighet (0,01 g)<\/strong> \u2013 Ideell for analytiske og laboratorieapplikasjoner.<\/p>\n<\/li>\n<li data-start=\"5524\" data-end=\"5603\">\n<p data-start=\"5526\" data-end=\"5603\"><strong data-start=\"5526\" data-end=\"5549\">Kapasitet p\u00e5 100 g<\/strong> \u2013 Egnet for daglig og profesjonell bruk.<\/p>\n<\/li>\n<li data-start=\"5604\" data-end=\"5674\">\n<p data-start=\"5606\" data-end=\"5674\"><strong data-start=\"5606\" data-end=\"5630\">Kompakt og b\u00e6rbar<\/strong> \u2013 Lett og enkel \u00e5 b\u00e6re.<\/p>\n<\/li>\n<li data-start=\"5675\" data-end=\"5754\">\n<p data-start=\"5677\" data-end=\"5754\"><strong data-start=\"5677\" data-end=\"5718\">LCD-skjerm med bakgrunnsbelysning<\/strong> \u2013 Lett \u00e5 lese i alle omgivelser.<\/p>\n<\/li>\n<li data-start=\"5755\" data-end=\"5839\">\n<p data-start=\"5757\" data-end=\"5839\"><strong data-start=\"5757\" data-end=\"5773\">Tara-funksjon<\/strong> \u2013 Nullstill vekten f\u00f8r du m\u00e5ler i en beholder.<\/p>\n<\/li>\n<li data-start=\"5840\" data-end=\"5926\">\n<p data-start=\"5842\" data-end=\"5926\"><strong data-start=\"5842\" data-end=\"5866\">Konvertering av flere enheter<\/strong> \u2013 Bytt enkelt mellom gram, unser, karat og grain.<\/p>\n<\/li>\n<li data-start=\"5927\" data-end=\"5994\">\n<p data-start=\"5929\" data-end=\"5994\"><strong data-start=\"5929\" data-end=\"5946\">Energieffektiv<\/strong> \u2013 Automatisk avstenging etter inaktivitet.<\/p>\n<\/li>\n<li data-start=\"5995\" data-end=\"6068\">\n<p data-start=\"5997\" data-end=\"6068\"><strong data-start=\"5997\" data-end=\"6025\">Rustfritt st\u00e5lplattform<\/strong> \u2013 Slitesterk og enkel \u00e5 rengj\u00f8re.<\/p>\n<\/li>\n<\/ul>\n<hr data-start=\"6070\" data-end=\"6073\" \/>\n<h3 data-start=\"6075\" data-end=\"6092\"><strong data-start=\"6079\" data-end=\"6092\">Fordeler<\/strong><\/h3>\n<ul data-start=\"6093\" data-end=\"6471\">\n<li data-start=\"6093\" data-end=\"6169\">\n<p data-start=\"6095\" data-end=\"6169\"><strong data-start=\"6095\" data-end=\"6113\">Alltid presis<\/strong> \u2013 Sikrer konsistente og p\u00e5litelige m\u00e5leresultater.<\/p>\n<\/li>\n<li data-start=\"6170\" data-end=\"6260\">\n<p data-start=\"6172\" data-end=\"6260\"><strong data-start=\"6172\" data-end=\"6194\">Allsidig bruk<\/strong> \u2013 Perfekt for <strong data-start=\"6210\" data-end=\"6257\">laboratorium, smykker, kj\u00f8kken eller utdanning<\/strong>.<\/p>\n<\/li>\n<li data-start=\"6261\" data-end=\"6321\">\n<p data-start=\"6263\" data-end=\"6321\"><strong data-start=\"6263\" data-end=\"6282\">Kompakt design<\/strong> \u2013 Passer lett i lommen eller vesken.<\/p>\n<\/li>\n<li data-start=\"6322\" data-end=\"6392\">\n<p data-start=\"6324\" data-end=\"6392\"><strong data-start=\"6324\" data-end=\"6349\">Enkel kalibrering<\/strong> \u2013 Klar til bruk p\u00e5 sekunder.<\/p>\n<\/li>\n<li data-start=\"6393\" data-end=\"6471\">\n<p data-start=\"6395\" data-end=\"6471\"><strong data-start=\"6395\" data-end=\"6418\">Rimelig presisjon<\/strong> \u2013 Profesjonell kvalitet til en konkurransedyktig pris.<\/p>\n<\/li>\n<\/ul>\n<hr data-start=\"6473\" data-end=\"6476\" \/>\n<h3 data-start=\"6478\" data-end=\"6493\"><strong data-start=\"6482\" data-end=\"6493\">Bruk<\/strong><\/h3>\n<ol data-start=\"6494\" data-end=\"6757\">\n<li data-start=\"6494\" data-end=\"6546\">\n<p data-start=\"6497\" data-end=\"6546\"><strong data-start=\"6497\" data-end=\"6521\">Plasser vekten<\/strong> p\u00e5 en flat overflate.<\/p>\n<\/li>\n<li data-start=\"6547\" data-end=\"6599\">\n<p data-start=\"6550\" data-end=\"6599\"><strong data-start=\"6550\" data-end=\"6564\">Sl\u00e5 p\u00e5<\/strong> og vent til \u00ab0,00 g\u00bb vises.<\/p>\n<\/li>\n<li data-start=\"6600\" data-end=\"6663\">\n<p data-start=\"6603\" data-end=\"6663\"><strong data-start=\"6603\" data-end=\"6630\">Bruk tarafunksjonen<\/strong> n\u00e5r du bruker en beholder.<\/p>\n<\/li>\n<li data-start=\"6664\" data-end=\"6707\">\n<p data-start=\"6667\" data-end=\"6707\"><strong data-start=\"6667\" data-end=\"6688\">Plasser objektet<\/strong> p\u00e5 plattformen.<\/p>\n<\/li>\n<li data-start=\"6708\" data-end=\"6757\">\n<p data-start=\"6711\" data-end=\"6757\"><strong data-start=\"6711\" data-end=\"6733\">Les resultatet<\/strong> av p\u00e5 LCD-skjermen.<\/p>\n<\/li>\n<\/ol>\n<hr data-start=\"6759\" data-end=\"6762\" \/>\n<h3 data-start=\"6764\" data-end=\"6785\"><strong data-start=\"6768\" data-end=\"6785\">Spesifikasjoner<\/strong><\/h3>\n<div class=\"_tableContainer_1rjym_1\">\n<div class=\"group _tableWrapper_1rjym_13 flex w-fit flex-col-reverse\" tabindex=\"-1\">\n<table class=\"w-fit min-w-(--thread-content-width)\" data-start=\"6787\" data-end=\"7132\">\n<thead data-start=\"6787\" data-end=\"6818\">\n<tr data-start=\"6787\" data-end=\"6818\">\n<th data-start=\"6787\" data-end=\"6804\" data-col-size=\"sm\"><strong data-start=\"6789\" data-end=\"6803\">Karakteristisk<\/strong><\/th>\n<th data-start=\"6804\" data-end=\"6818\" data-col-size=\"sm\"><strong data-start=\"6806\" data-end=\"6816\">Detalj<\/strong><\/th>\n<\/tr>\n<\/thead>\n<tbody data-start=\"6853\" data-end=\"7132\">\n<tr data-start=\"6853\" data-end=\"6874\">\n<td data-start=\"6853\" data-end=\"6866\" data-col-size=\"sm\">Kapasitet<\/td>\n<td data-start=\"6866\" data-end=\"6874\" data-col-size=\"sm\">100 g<\/td>\n<\/tr>\n<tr data-start=\"6875\" data-end=\"6901\">\n<td data-start=\"6875\" data-end=\"6892\" data-col-size=\"sm\">N\u00f8yaktighet<\/td>\n<td data-start=\"6892\" data-end=\"6901\" data-col-size=\"sm\">0,01 g<\/td>\n<\/tr>\n<tr data-start=\"6902\" data-end=\"6946\">\n<td data-start=\"6902\" data-end=\"6912\" data-col-size=\"sm\">Utstilling<\/td>\n<td data-start=\"6912\" data-end=\"6946\" data-col-size=\"sm\">LCD med bakgrunnsbelysning<\/td>\n<\/tr>\n<tr data-start=\"6947\" data-end=\"6977\">\n<td data-start=\"6947\" data-end=\"6958\" data-col-size=\"sm\">Plattform<\/td>\n<td data-start=\"6958\" data-end=\"6977\" data-col-size=\"sm\">Rustfritt st\u00e5l<\/td>\n<\/tr>\n<tr data-start=\"6978\" data-end=\"7009\">\n<td data-start=\"6978\" data-end=\"6989\" data-col-size=\"sm\">Enheter<\/td>\n<td data-start=\"6989\" data-end=\"7009\" data-col-size=\"sm\">g \/ oz \/ ct \/ gn<\/td>\n<\/tr>\n<tr data-start=\"7010\" data-end=\"7042\">\n<td data-start=\"7010\" data-end=\"7020\" data-col-size=\"sm\">Str\u00f8mforsyning<\/td>\n<td data-start=\"7020\" data-end=\"7042\" data-col-size=\"sm\">2 \u00d7 AAA-batterier<\/td>\n<\/tr>\n<tr data-start=\"7043\" data-end=\"7095\">\n<td data-start=\"7043\" data-end=\"7072\" data-col-size=\"sm\">Automatisk avstenging<\/td>\n<td data-start=\"7072\" data-end=\"7095\" data-col-size=\"sm\">Ja (etter 60 sekunder)<\/td>\n<\/tr>\n<tr data-start=\"7096\" data-end=\"7132\">\n<td data-start=\"7096\" data-end=\"7109\" data-col-size=\"sm\">Dimensjoner<\/td>\n<td data-start=\"7109\" data-end=\"7132\" data-col-size=\"sm\">120 mm \u00d7 65 mm \u00d7 20 mm<\/td>\n<\/tr>\n<\/tbody>\n<\/table>\n<\/div>\n<\/div>\n<hr data-start=\"7134\" data-end=\"7137\" \/>\n<h3 data-start=\"7139\" data-end=\"7166\"><strong data-start=\"7143\" data-end=\"7166\">Ofte stilte sp\u00f8rsm\u00e5l<\/strong><\/h3>\n<p data-start=\"7168\" data-end=\"7323\"><strong data-start=\"7168\" data-end=\"7225\">1. Hva brukes den digitale CS-vekten til?<\/strong><br data-start=\"7225\" data-end=\"7228\" \/>Vekten er ideell for <strong data-start=\"7257\" data-end=\"7277\">presisjonsm\u00e5linger<\/strong> i laboratorier, kj\u00f8kken og smykkebutikker.<\/p>\n<p data-start=\"7325\" data-end=\"7479\"><strong data-start=\"7325\" data-end=\"7364\">2. Hvor n\u00f8yaktig er vekten?<\/strong><br data-start=\"7364\" data-end=\"7367\" \/>De <strong data-start=\"7370\" data-end=\"7396\">Digital CS-vekt<\/strong> har en <strong data-start=\"7407\" data-end=\"7435\">n\u00f8yaktighet p\u00e5 0,01 g<\/strong>, perfekt for sm\u00e5 gjenstander eller tekstiler.<\/p>\n<p data-start=\"7481\" data-end=\"7644\"><strong data-start=\"7481\" data-end=\"7531\">3. Hvordan kan jeg kj\u00f8pe den digitale CS-vekten?<\/strong><br data-start=\"7531\" data-end=\"7534\" \/>Du kan enkelt <strong data-start=\"7554\" data-end=\"7586\">Kj\u00f8p en digital CS-vekt<\/strong> gjennom autoriserte nettbutikker eller laboratorieleverand\u00f8rer.<\/p>\n<h1><strong>Digital CS-vekt \u2013 100 g x 0,01 g<\/strong><\/h1>\n<h3><strong>Produktbeskrivelse<\/strong><\/h3>\n<p class=\"ds-markdown-paragraph\">De\u00a0<strong>Digital CS-vekt (100 g x 0,01 g)<\/strong>\u00a0er en\u00a0<strong>h\u00f8ypresisjonsm\u00e5leskala<\/strong>\u00a0designet for laboratorie-, vitenskapelig og industriell bruk. Med en\u00a0<strong>m\u00e5leomr\u00e5de fra 0,01 g til 100 g<\/strong>\u00a0og en\u00a0<strong>n\u00f8yaktighet p\u00e5 \u00b10,01 g<\/strong>, denne vekten gir p\u00e5litelige resultater for sensitive applikasjoner.<\/p>\n<p class=\"ds-markdown-paragraph\"><strong>Viktige funksjoner:<\/strong><br \/>\n\u2714\u00a0<strong>H\u00f8ykvalitetssensor<\/strong>\u00a0\u2013 N\u00f8yaktig til\u00a0<strong>0,01 g<\/strong><br \/>\n\u2714\u00a0<strong>Kompakt og b\u00e6rbar<\/strong>\u00a0\u2013 Ideell for laboratorie- og feltarbeid<br \/>\n\u2714\u00a0<strong>Flere m\u00e5leenheter<\/strong>\u00a0\u2013 Gram (g), milligram (mg), unser (oz), troy unser (ozt)<br \/>\n\u2714\u00a0<strong>Automatisk kalibrering og tarafunksjon<\/strong>\u00a0\u2013 Enkel \u00e5 bruke<br \/>\n\u2714\u00a0<strong>Robust design<\/strong>\u00a0\u2013 Inkluderer beskyttelsesdeksel og kalibreringsvekt<\/p>\n<hr \/>\n<h2><strong>Bruksomr\u00e5der<\/strong><\/h2>\n<p class=\"ds-markdown-paragraph\">\u2705\u00a0<strong>Laboratorieforskning<\/strong>\u00a0\u2013 Presisjonsveiing av kjemikalier og pulver<br \/>\n\u2705\u00a0<strong>Smykkearbeid<\/strong>\u00a0\u2013 M\u00e5ling av edle metaller og edelstener<br \/>\n\u2705\u00a0<strong>N\u00e6ringsmiddelindustrien<\/strong>\u00a0\u2013 Porsjonskontroll og veiing av ingredienser<br \/>\n\u2705\u00a0<strong>Utdanning og vitenskap<\/strong>\u00a0\u2013 Eksperimenter og forskningsprosjekter<br \/>\n\u2705\u00a0<strong>CBD\/Kosttilskudd<\/strong>\u00a0- N\u00f8yaktig dosering av aktive ingredienser<\/p>\n<hr \/>\n<h2><strong>Ulemper og begrensninger<\/strong><\/h2>\n<p class=\"ds-markdown-paragraph\">\u26a0\u00a0<strong>F\u00f8lsom for vibrasjoner<\/strong>\u00a0\u2013 Krever en stabil overflate<br \/>\n\u26a0\u00a0<strong>Ikke egnet for v\u00e6sker<\/strong>\u00a0\u2013 Kun for t\u00f8rre stoffer<br \/>\n\u26a0\u00a0<strong>Maks. kapasitet 100 g<\/strong>\u00a0\u2013 Ikke egnet for tyngre gjenstander<br \/>\n\u26a0\u00a0<strong>Batteriavhengig<\/strong>\u00a0\u2013 Batterier inkludert, men ingen oppladbar mulighet<\/p>\n<hr \/>\n<h2><strong>Bruksanvisning<\/strong><\/h2>\n<ol start=\"1\">\n<li>\n<p class=\"ds-markdown-paragraph\"><strong>Plasser vekten p\u00e5 en flat, vibrasjonsfri overflate.<\/strong><\/p>\n<\/li>\n<li>\n<p class=\"ds-markdown-paragraph\"><strong>Trykk p\u00e5 av\/p\u00e5-knappen<\/strong>\u00a0og vent til \u00ab0,00\u00bb vises.<\/p>\n<\/li>\n<li>\n<p class=\"ds-markdown-paragraph\"><strong>Plasser materialet som skal veies<\/strong>\u00a0midt p\u00e5 plattformen.<\/p>\n<\/li>\n<li>\n<p class=\"ds-markdown-paragraph\"><strong>Bruk tarafunksjonen<\/strong>\u00a0for \u00e5 n\u00f8ytralisere vekten av en tom beholder.<\/p>\n<\/li>\n<li>\n<p class=\"ds-markdown-paragraph\"><strong>Merk m\u00e5lingen<\/strong>\u00a0og sl\u00e5 av etter bruk.<\/p>\n<\/li>\n<\/ol>\n<hr \/>\n<h2><strong>Ofte stilte sp\u00f8rsm\u00e5l (FAQ)<\/strong><\/h2>\n<h3><strong>Sp\u00f8rsm\u00e5l: Hvordan kalibrerer jeg vekten?<\/strong><\/h3>\n<p class=\"ds-markdown-paragraph\">A: Bruk den medf\u00f8lgende\u00a0<strong>100 g kalibreringsvekt<\/strong>\u00a0og trykk p\u00e5 kalibreringsknappen.<\/p>\n<h3><strong>Sp\u00f8rsm\u00e5l: Kan jeg bruke vekten til v\u00e6sker?<\/strong><\/h3>\n<p class=\"ds-markdown-paragraph\">EN:\u00a0<strong>Ingen<\/strong>Kun for t\u00f8rre materialer. V\u00e6sker kan skade sensoren.<\/p>\n<h3><strong>Sp\u00f8rsm\u00e5l: Hva er n\u00f8yaktigheten ved lave vekter?<\/strong><\/h3>\n<p class=\"ds-markdown-paragraph\">EN:\u00a0<strong>\u00b10,01 g<\/strong>\u00a0for vekter mellom 0,01 g og 10 g,\u00a0<strong>\u00b10,02 g<\/strong>\u00a0over 10 g.<\/p>\n<h3><strong>Sp\u00f8rsm\u00e5l: Hvor lenge varer batteriene?<\/strong><\/h3>\n<p class=\"ds-markdown-paragraph\">EN:\u00a0<strong>\u00b150 timer<\/strong>\u00a0Ved normal bruk. Sl\u00e5r seg automatisk av etter 2 minutter uten aktivitet.<\/p>\n<h3><strong>Sp\u00f8rsm\u00e5l: Er vekten egnet for gull og s\u00f8lv?<\/strong><\/h3>\n<p class=\"ds-markdown-paragraph\">EN:\u00a0<strong>Ja<\/strong>, perfekt for gullsmeder p\u00e5 grunn av\u00a0<strong>troy ounce (ozt)-funksjon<\/strong>.<\/p>\n<hr \/>\n<h2><strong>Anbefalte brukstilfeller<\/strong><\/h2>\n<p class=\"ds-markdown-paragraph\">\ud83d\udd2c\u00a0<strong>Kjemisk laboratorium<\/strong>\u00a0\u2013 Presisjonsveiing av reagenser<br \/>\n\ud83d\udc8a\u00a0<strong>Farmas\u00f8ytisk forskning<\/strong>\u00a0\u2013 Dosering av aktive ingredienser<br \/>\n\u2696\u00a0<strong>Handel med edelmetaller<\/strong>\u00a0\u2013 Veier av gull, s\u00f8lv og platina<br \/>\n\ud83e\uddea\u00a0<strong>Hobby og gj\u00f8r-det-selv<\/strong>\u00a0\u2013 Presisjonsm\u00e5linger for prosjekter<\/p>\n<hr \/>\n<h2><strong>Tekniske spesifikasjoner<\/strong><\/h2>\n<ul>\n<li>\n<p class=\"ds-markdown-paragraph\"><strong>Materiale:<\/strong>\u00a0Rustfritt st\u00e5lplattform + ABS-hus<\/p>\n<\/li>\n<li>\n<p class=\"ds-markdown-paragraph\"><strong>Dimensjoner:<\/strong>\u00a0120 mm x 70 mm x 20 mm<\/p>\n<\/li>\n<li>\n<p class=\"ds-markdown-paragraph\"><strong>Str\u00f8mforsyning:<\/strong>\u00a02x AAA-batterier (inkludert)<\/p>\n<\/li>\n<li>\n<p class=\"ds-markdown-paragraph\"><strong>Vekt:<\/strong>\u00a0150 g<\/p>\n<\/li>\n<\/ul>\n<hr \/>\n<h3><strong>Advarsler<\/strong><\/h3>\n<ul>\n<li>\n<p class=\"ds-markdown-paragraph\"><strong>Ikke vanntett<\/strong>\u00a0\u2013 Unng\u00e5 fuktighet og st\u00f8v<\/p>\n<\/li>\n<li>\n<p class=\"ds-markdown-paragraph\"><strong>Ikke egnet for industriell bulkveiing<\/strong><\/p>\n<\/li>\n<li>\n<p class=\"ds-markdown-paragraph\"><strong>Oppbevares utilgjengelig for barn. <a href=\"https:\/\/researchchemicalhub.com\/nb\/butikk\/top-10-research-chemicals\/ibogafro\/\">ibogafr\u00f8<\/a><a href=\"https:\/\/researchchemicalhub.com\/nb\/butikk\/top-10-research-chemicals\/caluanie-muelear-oksiderer\/\">Caluanie muelear oksiderer<\/a><a href=\"https:\/\/researchchemicalhub.com\/nb\/butikk\/vekter\/digital-tank-minivekt\/\">Digital tank minivekt<\/a><a href=\"https:\/\/researchchemicalhub.com\/nb\/butikk\/vekter\/digital-bio-minivekt\/\">Digital Bio Mini-vekt<\/a><a href=\"https:\/\/researchchemicalhub.com\/nb\/butikk\/top-10-research-chemicals\/3-cm%c2%b3-hcl\/\">3 cm\u00b3<\/a><\/strong><\/p>\n<\/li>\n<\/ul>","protected":false},"excerpt":{"rendered":"<p><strong>Spesifikasjoner:<\/strong><\/p>\n<ul>\n<li>Digitalt<\/li>\n<li>Veier fra 0,01 g<\/li>\n<li>Veier maks. 100 g<\/li>\n<li>Fungerer p\u00e5: 2x AAA-batterier<\/li>\n<li>LCD-skjerm<\/li>\n<li>Farge: svart<\/li>\n<\/ul>","protected":false},"featured_media":24678,"comment_status":"closed","ping_status":"closed","template":"","meta":[],"product_brand":[],"product_cat":[451],"product_tag":[452,764,767,765,766,768],"class_list":{"0":"post-24654","1":"product","2":"type-product","3":"status-publish","4":"has-post-thumbnail","6":"product_cat-weegschalen","7":"product_tag-de","8":"product_tag-digitale-cs-weegschaal","9":"product_tag-digitale-microweegschaal","10":"product_tag-milligramweegschaal","11":"product_tag-precise-weegschaal-0-001g","12":"product_tag-weegschaal-voor-research-chemicals","14":"first","15":"instock","16":"taxable","17":"shipping-taxable","18":"purchasable","19":"product-type-simple"},"_links":{"self":[{"href":"https:\/\/researchchemicalhub.com\/nb\/wp-json\/wp\/v2\/product\/24654","targetHints":{"allow":["GET"]}}],"collection":[{"href":"https:\/\/researchchemicalhub.com\/nb\/wp-json\/wp\/v2\/product"}],"about":[{"href":"https:\/\/researchchemicalhub.com\/nb\/wp-json\/wp\/v2\/types\/product"}],"replies":[{"embeddable":true,"href":"https:\/\/researchchemicalhub.com\/nb\/wp-json\/wp\/v2\/comments?post=24654"}],"version-history":[{"count":7,"href":"https:\/\/researchchemicalhub.com\/nb\/wp-json\/wp\/v2\/product\/24654\/revisions"}],"predecessor-version":[{"id":27752,"href":"https:\/\/researchchemicalhub.com\/nb\/wp-json\/wp\/v2\/product\/24654\/revisions\/27752"}],"wp:featuredmedia":[{"embeddable":true,"href":"https:\/\/researchchemicalhub.com\/nb\/wp-json\/wp\/v2\/media\/24678"}],"wp:attachment":[{"href":"https:\/\/researchchemicalhub.com\/nb\/wp-json\/wp\/v2\/media?parent=24654"}],"wp:term":[{"taxonomy":"product_brand","embeddable":true,"href":"https:\/\/researchchemicalhub.com\/nb\/wp-json\/wp\/v2\/product_brand?post=24654"},{"taxonomy":"product_cat","embeddable":true,"href":"https:\/\/researchchemicalhub.com\/nb\/wp-json\/wp\/v2\/product_cat?post=24654"},{"taxonomy":"product_tag","embeddable":true,"href":"https:\/\/researchchemicalhub.com\/nb\/wp-json\/wp\/v2\/product_tag?post=24654"}],"curies":[{"name":"wp","href":"https:\/\/api.w.org\/{rel}","templated":true}]}}