{"id":24521,"date":"2025-10-20T17:41:54","date_gmt":"2025-10-20T17:41:54","guid":{"rendered":"https:\/\/researchchemicalhub.com\/?post_type=product&#038;p=24521"},"modified":"2025-10-21T16:00:52","modified_gmt":"2025-10-21T16:00:52","slug":"kjemisk-spraytake","status":"publish","type":"product","link":"https:\/\/researchchemicalhub.com\/nb\/butikk\/b2b\/kjemisk-spraytake\/","title":{"rendered":"Chem-mist NOOPEPT Spray"},"content":{"rendered":"<h3 data-start=\"3872\" data-end=\"3893\"><strong data-start=\"3876\" data-end=\"3891\">Introduksjon<\/strong><\/h3>\n<p data-start=\"3894\" data-end=\"4254\">\u00d8k fokus, klarhet og produktivitet med <strong data-start=\"3952\" data-end=\"3979\">Chem-Mist NOOPEPT Spray<\/strong> \u2013 en h\u00f8y kvalitet <strong data-start=\"3999\" data-end=\"4023\">nootropisk formel<\/strong> med rask absorpsjon.<br data-start=\"4042\" data-end=\"4045\" \/>Hver spray inneholder en n\u00f8yaktig m\u00e5lt dose <strong data-start=\"4093\" data-end=\"4149\">Noopept (N-fenylacetyl-L-prolylglysinetylester)<\/strong>, et hurtigvirkende kognitivt stimulerende middel som hjelper med <strong data-start=\"4203\" data-end=\"4251\">hukommelse, l\u00e6ringsevne og mental ytelse<\/strong>kjemisk spray<\/p>\n<p data-start=\"4256\" data-end=\"4542\">I motsetning til kapsler, <strong data-start=\"4292\" data-end=\"4319\">Chem-Mist NOOPEPT Spray<\/strong> til <strong data-start=\"4325\" data-end=\"4354\">rask sublingual absorpsjon<\/strong>, noe som resulterer i en bedre og raskere effekt. Perfekt for forskere, studenter, fagfolk eller alle som er interessert i <strong data-start=\"4492\" data-end=\"4539\">kognitiv optimalisering og nevroforskning<\/strong>.<\/p>\n<blockquote data-start=\"4544\" data-end=\"4720\">\n<p data-start=\"4546\" data-end=\"4720\">\u26a0\ufe0f <strong data-start=\"4549\" data-end=\"4560\">NB:<\/strong> Dette produktet er utelukkende beregnet for <strong data-start=\"4601\" data-end=\"4637\">forskning og nootropisk bruk<\/strong> der det er tillatt.<br data-start=\"4654\" data-end=\"4657\" \/>Ikke ment for \u00e5 diagnostisere eller behandle noen sykdom.<\/p>\n<\/blockquote>\n<hr data-start=\"4722\" data-end=\"4725\" \/>\n<h3 data-start=\"4727\" data-end=\"4758\"><strong data-start=\"4731\" data-end=\"4758\">Viktige funksjoner<\/strong><\/h3>\n<div class=\"_tableContainer_1rjym_1\">\n<div class=\"group _tableWrapper_1rjym_13 flex w-fit flex-col-reverse\" tabindex=\"-1\">\n<table class=\"w-fit min-w-(--thread-content-width)\" data-start=\"4760\" data-end=\"5198\">\n<thead data-start=\"4760\" data-end=\"4786\">\n<tr data-start=\"4760\" data-end=\"4786\">\n<th data-start=\"4760\" data-end=\"4770\" data-col-size=\"sm\">Trekk<\/th>\n<th data-start=\"4770\" data-end=\"4786\" data-col-size=\"md\">Beskrivelse<\/th>\n<\/tr>\n<\/thead>\n<tbody data-start=\"4815\" data-end=\"5198\">\n<tr data-start=\"4815\" data-end=\"4890\">\n<td data-start=\"4815\" data-end=\"4834\" data-col-size=\"sm\"><strong data-start=\"4817\" data-end=\"4833\">Aktiv substans<\/strong><\/td>\n<td data-start=\"4834\" data-end=\"4890\" data-col-size=\"md\">Noopept (N-fenylacetyl-L-prolylglysinetylester)<\/td>\n<\/tr>\n<tr data-start=\"4891\" data-end=\"4945\">\n<td data-start=\"4891\" data-end=\"4902\" data-col-size=\"sm\"><strong data-start=\"4893\" data-end=\"4901\">Skjema<\/strong><\/td>\n<td data-start=\"4902\" data-end=\"4945\" data-col-size=\"md\">Sublingual spray (flytende l\u00f8sning)<\/td>\n<\/tr>\n<tr data-start=\"4946\" data-end=\"5013\">\n<td data-start=\"4946\" data-end=\"4965\" data-col-size=\"sm\"><strong data-start=\"4948\" data-end=\"4964\">Konsentrasjon<\/strong><\/td>\n<td data-start=\"4965\" data-end=\"5013\" data-col-size=\"md\">N\u00f8yaktig dosert for jevn bruk<\/td>\n<\/tr>\n<tr data-start=\"5014\" data-end=\"5071\">\n<td data-start=\"5014\" data-end=\"5027\" data-col-size=\"sm\"><strong data-start=\"5016\" data-end=\"5026\">Inntak<\/strong><\/td>\n<td data-start=\"5027\" data-end=\"5071\" data-col-size=\"md\">Rask absorpsjon via sublingual administrering<\/td>\n<\/tr>\n<tr data-start=\"5072\" data-end=\"5136\">\n<td data-start=\"5072\" data-end=\"5086\" data-col-size=\"sm\"><strong data-start=\"5074\" data-end=\"5085\">Bruk<\/strong><\/td>\n<td data-start=\"5086\" data-end=\"5136\" data-col-size=\"md\">Kun for forsknings- og utdanningsform\u00e5l<\/td>\n<\/tr>\n<tr data-start=\"5137\" data-end=\"5198\">\n<td data-start=\"5137\" data-end=\"5154\" data-col-size=\"sm\"><strong data-start=\"5139\" data-end=\"5153\">Emballasje<\/strong><\/td>\n<td data-start=\"5154\" data-end=\"5198\" data-col-size=\"md\">Praktisk sprayflaske med doseringsmekanisme<\/td>\n<\/tr>\n<\/tbody>\n<\/table>\n<\/div>\n<\/div>\n<hr data-start=\"5200\" data-end=\"5203\" \/>\n<h3 data-start=\"5205\" data-end=\"5222\"><strong data-start=\"5209\" data-end=\"5222\">Fordeler<\/strong><\/h3>\n<ul data-start=\"5224\" data-end=\"5744\">\n<li data-start=\"5224\" data-end=\"5330\">\n<p data-start=\"5226\" data-end=\"5330\"><strong data-start=\"5226\" data-end=\"5261\">Rask kognitiv st\u00f8tte<\/strong> \u2013 Sublingual absorpsjon gir raskere effekt enn kapsler.<\/p>\n<\/li>\n<li data-start=\"5331\" data-end=\"5448\">\n<p data-start=\"5333\" data-end=\"5448\"><strong data-start=\"5333\" data-end=\"5363\">Forbedret hukommelse og l\u00e6ring<\/strong> \u2013 Forskning viser at Noopept kan st\u00f8tte hukommelse og l\u00e6ringsfunksjon.<\/p>\n<\/li>\n<li data-start=\"5449\" data-end=\"5543\">\n<p data-start=\"5451\" data-end=\"5543\"><strong data-start=\"5451\" data-end=\"5488\">Bedre fokus og mental klarhet<\/strong> \u2013 Fremmer konsentrasjon, energi og produktivitet.<\/p>\n<\/li>\n<li data-start=\"5544\" data-end=\"5648\">\n<p data-start=\"5546\" data-end=\"5648\"><strong data-start=\"5546\" data-end=\"5580\">Nevrobeskyttende egenskaper<\/strong> \u2013 Kan bidra til \u00e5 beskytte nevroner og hjernefunksjon.<\/p>\n<\/li>\n<li data-start=\"5649\" data-end=\"5744\">\n<p data-start=\"5651\" data-end=\"5744\"><strong data-start=\"5651\" data-end=\"5675\">N\u00f8yaktig dosering<\/strong> \u2013 Hver spray inneholder en n\u00f8yaktig mengde for jevnlig bruk.<\/p>\n<\/li>\n<\/ul>\n<hr data-start=\"5746\" data-end=\"5749\" \/>\n<h3 data-start=\"5751\" data-end=\"5766\"><strong data-start=\"5755\" data-end=\"5766\">Bruk<\/strong><\/h3>\n<blockquote data-start=\"5768\" data-end=\"5950\">\n<p data-start=\"5770\" data-end=\"5885\"><strong data-start=\"5770\" data-end=\"5816\">Anbefalt bruk (forskningsform\u00e5l):<\/strong><br data-start=\"5816\" data-end=\"5819\" \/>Spray under tungen for rask absorpsjon gjennom munnslimhinnen.<\/p>\n<p data-start=\"5892\" data-end=\"5950\">\u26a0\ufe0fBruk alltid i samsvar med lokale lover.<\/p>\n<\/blockquote>\n<ol data-start=\"5952\" data-end=\"6175\">\n<li data-start=\"5952\" data-end=\"5983\">\n<p data-start=\"5955\" data-end=\"5983\">Rist flasken forsiktig.<\/p>\n<\/li>\n<li data-start=\"5984\" data-end=\"6022\">\n<p data-start=\"5987\" data-end=\"6022\">Spr\u00f8yte <strong data-start=\"5993\" data-end=\"6005\">1\u20132 ganger<\/strong> under tungen.<\/p>\n<\/li>\n<li data-start=\"6023\" data-end=\"6073\">\n<p data-start=\"6026\" data-end=\"6073\">Vakt <strong data-start=\"6032\" data-end=\"6050\">10\u201320 sekunder<\/strong> og deretter svelge.<\/p>\n<\/li>\n<li data-start=\"6074\" data-end=\"6130\">\n<p data-start=\"6077\" data-end=\"6130\">Bruk maksimalt <strong data-start=\"6094\" data-end=\"6112\">to ganger om dagen<\/strong> om \u00f8nskelig.<\/p>\n<\/li>\n<li data-start=\"6131\" data-end=\"6175\">\n<p data-start=\"6134\" data-end=\"6175\">Oppbevares kj\u00f8lig, t\u00f8rt og m\u00f8rkt (15\u201325 \u00b0C).<\/p>\n<\/li>\n<\/ol>\n<hr data-start=\"6177\" data-end=\"6180\" \/>\n<h3 data-start=\"6182\" data-end=\"6217\"><strong data-start=\"6186\" data-end=\"6215\">Ofte stilte sp\u00f8rsm\u00e5l (FAQ)<\/strong><\/h3>\n<p data-start=\"6219\" data-end=\"6416\"><strong data-start=\"6219\" data-end=\"6257\">1. Hva er Chem-Mist NOOPEPT Spray?<\/strong><br data-start=\"6257\" data-end=\"6260\" \/><strong data-start=\"6260\" data-end=\"6287\">Chem-Mist NOOPEPT Spray<\/strong> er en <strong data-start=\"6295\" data-end=\"6317\">nootropisk spray<\/strong> som kombinerer rask absorpsjon og presis dosering for forskning og kognitiv st\u00f8tte.<\/p>\n<p data-start=\"6418\" data-end=\"6597\"><strong data-start=\"6418\" data-end=\"6443\">2. Hvordan virker Noopept?<\/strong><br data-start=\"6443\" data-end=\"6446\" \/>Noopept er en <strong data-start=\"6461\" data-end=\"6490\">peptid-avledet nootropisk<\/strong> som st\u00f8tter hjernefunksjonen ved \u00e5 <strong data-start=\"6529\" data-end=\"6594\">forbedret nevronkommunikasjon og beskyttelse av hjerneceller<\/strong>.<\/p>\n<p data-start=\"6599\" data-end=\"6853\"><strong data-start=\"6599\" data-end=\"6652\">3. Er det lovlig \u00e5 kj\u00f8pe Chem-Mist NOOPEPT Spray?<\/strong><br data-start=\"6652\" data-end=\"6655\" \/>De <strong data-start=\"6658\" data-end=\"6684\">Lovligheten av Noopept<\/strong> Varierer fra land til land. I mange regioner er det tillatt for forskning eller bruk som kosttilskudd, men i noen land er det regulert. Sjekk alltid lokale forskrifter.<\/p>","protected":false},"excerpt":{"rendered":"<h2><strong>Chem-mist NOOPEPT 1,5 mg spray<\/strong><\/h2>\n<ul>\n<li><strong>Detaljhandelsemballasje<br \/>\n<\/strong><\/li>\n<li><strong>Mengde NOOPEPT mg per spray: 1,5<\/strong><\/li>\n<li><strong>Prisene er eksklusive 21% mva.<\/strong><\/li>\n<li><strong>Anbefalt utsalgspris: 24,95 \u20ac inkl. mva.<\/strong><\/li>\n<\/ul>","protected":false},"featured_media":21299,"comment_status":"closed","ping_status":"closed","template":"","meta":[],"product_brand":[82],"product_cat":[555],"product_tag":[812,810,811,326,813,814,815],"class_list":{"0":"post-24521","1":"product","2":"type-product","3":"status-publish","4":"has-post-thumbnail","6":"product_brand-research-chemical","7":"product_cat-b2b","8":"product_tag-buy-noopept-spray","9":"product_tag-chem-mist-spray","10":"product_tag-chem-mist","11":"product_tag-nl","12":"product_tag-noopept-nasal-spray","13":"product_tag-noopept-nasal-spray-diy","14":"product_tag-noopept-nasal-spray-dosage","16":"first","17":"instock","18":"taxable","19":"shipping-taxable","20":"purchasable","21":"product-type-variable"},"_links":{"self":[{"href":"https:\/\/researchchemicalhub.com\/nb\/wp-json\/wp\/v2\/product\/24521","targetHints":{"allow":["GET"]}}],"collection":[{"href":"https:\/\/researchchemicalhub.com\/nb\/wp-json\/wp\/v2\/product"}],"about":[{"href":"https:\/\/researchchemicalhub.com\/nb\/wp-json\/wp\/v2\/types\/product"}],"replies":[{"embeddable":true,"href":"https:\/\/researchchemicalhub.com\/nb\/wp-json\/wp\/v2\/comments?post=24521"}],"version-history":[{"count":5,"href":"https:\/\/researchchemicalhub.com\/nb\/wp-json\/wp\/v2\/product\/24521\/revisions"}],"predecessor-version":[{"id":27772,"href":"https:\/\/researchchemicalhub.com\/nb\/wp-json\/wp\/v2\/product\/24521\/revisions\/27772"}],"wp:featuredmedia":[{"embeddable":true,"href":"https:\/\/researchchemicalhub.com\/nb\/wp-json\/wp\/v2\/media\/21299"}],"wp:attachment":[{"href":"https:\/\/researchchemicalhub.com\/nb\/wp-json\/wp\/v2\/media?parent=24521"}],"wp:term":[{"taxonomy":"product_brand","embeddable":true,"href":"https:\/\/researchchemicalhub.com\/nb\/wp-json\/wp\/v2\/product_brand?post=24521"},{"taxonomy":"product_cat","embeddable":true,"href":"https:\/\/researchchemicalhub.com\/nb\/wp-json\/wp\/v2\/product_cat?post=24521"},{"taxonomy":"product_tag","embeddable":true,"href":"https:\/\/researchchemicalhub.com\/nb\/wp-json\/wp\/v2\/product_tag?post=24521"}],"curies":[{"name":"wp","href":"https:\/\/api.w.org\/{rel}","templated":true}]}}