{"id":24342,"date":"2025-04-13T17:41:31","date_gmt":"2025-04-13T17:41:31","guid":{"rendered":"https:\/\/researchchemicalhub.com\/?post_type=product&#038;p=24342"},"modified":"2025-10-12T12:05:44","modified_gmt":"2025-10-12T12:05:44","slug":"digital-tank-minivekt","status":"publish","type":"product","link":"https:\/\/researchchemicalhub.com\/nb\/butikk\/vekter\/digital-tank-minivekt\/","title":{"rendered":"Digital tankvekt \u2013 20 g x 0,001 g"},"content":{"rendered":"<h3 data-start=\"3844\" data-end=\"3865\"><strong data-start=\"3848\" data-end=\"3863\">Introduksjon<\/strong><\/h3>\n<p data-start=\"3866\" data-end=\"4264\">De <strong data-start=\"3869\" data-end=\"3917\">Digital tankvekt \u2013 20 g x 0,001 g<\/strong> er en <strong data-start=\"3925\" data-end=\"3955\">h\u00f8ypresisjons lommevekt<\/strong> designet for <strong data-start=\"3971\" data-end=\"4028\">laboratorie-, smykker- og analytiske applikasjoner<\/strong> der maksimal n\u00f8yaktighet er n\u00f8dvendig. Digital tankminivekt<br data-start=\"4072\" data-end=\"4075\" \/>Med en presisjon p\u00e5 <strong data-start=\"4096\" data-end=\"4120\">0,001 g (1 milligram)<\/strong> og et kompakt, robust design tilbyr denne minivekten <strong data-start=\"4180\" data-end=\"4214\">raske og p\u00e5litelige m\u00e5linger<\/strong> for pulver, edelstener eller kjemiske pr\u00f8ver.<\/p>\n<p data-start=\"4266\" data-end=\"4457\">Enten du jobber i en <strong data-start=\"4287\" data-end=\"4303\">laboratorium<\/strong>, En <strong data-start=\"4309\" data-end=\"4328\">hjemmeoppsett<\/strong> eller en <strong data-start=\"4336\" data-end=\"4362\">profesjonelt milj\u00f8<\/strong>, den digitale tankminivekten leverer <strong data-start=\"4404\" data-end=\"4454\">laboratoriekvalitet i et b\u00e6rbart format<\/strong>.<\/p>\n<blockquote data-start=\"4459\" data-end=\"4576\">\n<p data-start=\"4461\" data-end=\"4576\">\u2699\ufe0f Perfekt for veiing av fint pulver, mikrodoser eller verdifulle materialer med milligramn\u00f8yaktighet.<\/p>\n<\/blockquote>\n<hr data-start=\"4578\" data-end=\"4581\" \/>\n<h3 data-start=\"4583\" data-end=\"4614\"><strong data-start=\"4587\" data-end=\"4614\">Viktige funksjoner<\/strong><\/h3>\n<div class=\"_tableContainer_1rjym_1\">\n<div class=\"group _tableWrapper_1rjym_13 flex w-fit flex-col-reverse\" tabindex=\"-1\">\n<table class=\"w-fit min-w-(--thread-content-width)\" data-start=\"4616\" data-end=\"5132\">\n<thead data-start=\"4616\" data-end=\"4642\">\n<tr data-start=\"4616\" data-end=\"4642\">\n<th data-start=\"4616\" data-end=\"4626\" data-col-size=\"sm\">Trekk<\/th>\n<th data-start=\"4626\" data-end=\"4642\" data-col-size=\"sm\">Beskrivelse<\/th>\n<\/tr>\n<\/thead>\n<tbody data-start=\"4671\" data-end=\"5132\">\n<tr data-start=\"4671\" data-end=\"4716\">\n<td data-start=\"4671\" data-end=\"4683\" data-col-size=\"sm\"><strong data-start=\"4673\" data-end=\"4682\">Modell<\/strong><\/td>\n<td data-start=\"4683\" data-end=\"4716\" data-col-size=\"sm\">Digital tank minivekt<\/td>\n<\/tr>\n<tr data-start=\"4717\" data-end=\"4750\">\n<td data-start=\"4717\" data-end=\"4734\" data-col-size=\"sm\"><strong data-start=\"4719\" data-end=\"4733\">M\u00e5leomr\u00e5de<\/strong><\/td>\n<td data-start=\"4734\" data-end=\"4750\" data-col-size=\"sm\">0,001 g \u2013 20 g<\/td>\n<\/tr>\n<tr data-start=\"4751\" data-end=\"4797\">\n<td data-start=\"4751\" data-end=\"4772\" data-col-size=\"sm\"><strong data-start=\"4753\" data-end=\"4771\">N\u00f8yaktighet<\/strong><\/td>\n<td data-start=\"4772\" data-end=\"4797\" data-col-size=\"sm\">\u00b10,001 g (1 milligram)<\/td>\n<\/tr>\n<tr data-start=\"4798\" data-end=\"4843\">\n<td data-start=\"4798\" data-end=\"4812\" data-col-size=\"sm\"><strong data-start=\"4800\" data-end=\"4811\">Utstilling<\/strong><\/td>\n<td data-start=\"4812\" data-end=\"4843\" data-col-size=\"sm\">Opplyst LCD-skjerm (bl\u00e5)<\/td>\n<\/tr>\n<tr data-start=\"4844\" data-end=\"4882\">\n<td data-start=\"4844\" data-end=\"4860\" data-col-size=\"sm\"><strong data-start=\"4846\" data-end=\"4859\">M\u00e5leenheter<\/strong><\/td>\n<td data-start=\"4860\" data-end=\"4882\" data-col-size=\"sm\">g, oz, ct, gn, dwt<\/td>\n<\/tr>\n<tr data-start=\"4883\" data-end=\"4921\">\n<td data-start=\"4883\" data-end=\"4902\" data-col-size=\"sm\"><strong data-start=\"4885\" data-end=\"4901\">Veieplattform<\/strong><\/td>\n<td data-start=\"4902\" data-end=\"4921\" data-col-size=\"sm\">Rustfritt st\u00e5l<\/td>\n<\/tr>\n<tr data-start=\"4922\" data-end=\"4971\">\n<td data-start=\"4922\" data-end=\"4936\" data-col-size=\"sm\"><strong data-start=\"4924\" data-end=\"4935\">Str\u00f8mforsyning<\/strong><\/td>\n<td data-start=\"4936\" data-end=\"4971\" data-col-size=\"sm\">2 \u00d7 AAA-batterier (inkludert)<\/td>\n<\/tr>\n<tr data-start=\"4972\" data-end=\"5019\">\n<td data-start=\"4972\" data-end=\"4989\" data-col-size=\"sm\"><strong data-start=\"4974\" data-end=\"4988\">Dimensjoner<\/strong><\/td>\n<td data-start=\"4989\" data-end=\"5019\" data-col-size=\"sm\">Kompakt, b\u00e6rbar design<\/td>\n<\/tr>\n<tr data-start=\"5020\" data-end=\"5082\">\n<td data-start=\"5020\" data-end=\"5053\" data-col-size=\"sm\"><strong data-start=\"5022\" data-end=\"5052\">Automatisk avstenging<\/strong><\/td>\n<td data-start=\"5053\" data-end=\"5082\" data-col-size=\"sm\">Energisparefunksjon<\/td>\n<\/tr>\n<tr data-start=\"5083\" data-end=\"5132\">\n<td data-start=\"5083\" data-end=\"5101\" data-col-size=\"sm\"><strong data-start=\"5085\" data-end=\"5100\">Beskyttelseshette<\/strong><\/td>\n<td data-start=\"5101\" data-end=\"5132\" data-col-size=\"sm\">Beskytter under transport<\/td>\n<\/tr>\n<\/tbody>\n<\/table>\n<\/div>\n<\/div>\n<hr data-start=\"5134\" data-end=\"5137\" \/>\n<h3 data-start=\"5139\" data-end=\"5156\"><strong data-start=\"5143\" data-end=\"5156\">Fordeler<\/strong><\/h3>\n<ul data-start=\"5158\" data-end=\"5604\">\n<li data-start=\"5158\" data-end=\"5224\">\n<p data-start=\"5160\" data-end=\"5224\"><strong data-start=\"5160\" data-end=\"5182\">Ekstremt n\u00f8yaktig<\/strong> \u2013 Veier med en n\u00f8yaktighet p\u00e5 0,001 g (1 mg).<\/p>\n<\/li>\n<li data-start=\"5225\" data-end=\"5289\">\n<p data-start=\"5227\" data-end=\"5289\"><strong data-start=\"5227\" data-end=\"5250\">Kompakt og b\u00e6rbar<\/strong> \u2013 Passer lett i en lomme eller skrivebordsskuff.<\/p>\n<\/li>\n<li data-start=\"5290\" data-end=\"5365\">\n<p data-start=\"5292\" data-end=\"5365\"><strong data-start=\"5292\" data-end=\"5312\">B\u00e6rekraftig design<\/strong> \u2013 Plattform i rustfritt st\u00e5l for langvarig bruk.<\/p>\n<\/li>\n<li data-start=\"5366\" data-end=\"5457\">\n<p data-start=\"5368\" data-end=\"5457\"><strong data-start=\"5368\" data-end=\"5395\">Ulike m\u00e5leenheter<\/strong> \u2013 Bytt enkelt mellom gram, unser, karat og mer.<\/p>\n<\/li>\n<li data-start=\"5458\" data-end=\"5531\">\n<p data-start=\"5460\" data-end=\"5531\"><strong data-start=\"5460\" data-end=\"5483\">Brukervennlig<\/strong> \u2013 Enkel betjening med tydelig LCD-skjerm.<\/p>\n<\/li>\n<li data-start=\"5532\" data-end=\"5604\">\n<p data-start=\"5534\" data-end=\"5604\"><strong data-start=\"5534\" data-end=\"5559\">Inkludert beskyttelsesdeksel<\/strong> \u2013 Holder vekten ren og beskyttet. Digital tankvekt<\/p>\n<\/li>\n<\/ul>\n<hr data-start=\"5606\" data-end=\"5609\" \/>\n<h3 data-start=\"5611\" data-end=\"5626\"><strong data-start=\"5615\" data-end=\"5626\">Bruk<\/strong><\/h3>\n<ol data-start=\"5628\" data-end=\"6084\">\n<li data-start=\"5628\" data-end=\"5718\">\n<p data-start=\"5631\" data-end=\"5718\"><strong data-start=\"5631\" data-end=\"5663\">Plasser p\u00e5 en flat overflate<\/strong> \u2013 Bruk p\u00e5 en stabil, vibrasjonsfri overflate.<\/p>\n<\/li>\n<li data-start=\"5719\" data-end=\"5831\">\n<p data-start=\"5722\" data-end=\"5831\"><strong data-start=\"5722\" data-end=\"5748\">Kalibrer f\u00f8r bruk<\/strong> \u2013 F\u00f8lg kalibreringsinstruksjonene ved \u00e5 bruke den medf\u00f8lgende vekten (hvis tilgjengelig).<\/p>\n<\/li>\n<li data-start=\"5832\" data-end=\"5906\">\n<p data-start=\"5835\" data-end=\"5906\"><strong data-start=\"5835\" data-end=\"5860\">Velg m\u00e5leenhet<\/strong> \u2013 Velg mellom gram, unse, karat eller grain.<\/p>\n<\/li>\n<li data-start=\"5907\" data-end=\"6003\">\n<p data-start=\"5910\" data-end=\"6003\"><strong data-start=\"5910\" data-end=\"5934\">Bruk TARE-funksjonen<\/strong> \u2013 Nullvekt p\u00e5 beholdere for n\u00f8yaktige m\u00e5linger.<\/p>\n<\/li>\n<li data-start=\"6004\" data-end=\"6084\">\n<p data-start=\"6007\" data-end=\"6084\"><strong data-start=\"6007\" data-end=\"6026\">Vei n\u00f8yaktig<\/strong> \u2013 Tilsett materiale sakte til \u00f8nsket vekt.<\/p>\n<\/li>\n<\/ol>\n<hr data-start=\"6086\" data-end=\"6089\" \/>\n<h3 data-start=\"6091\" data-end=\"6126\"><strong data-start=\"6095\" data-end=\"6124\">Ofte stilte sp\u00f8rsm\u00e5l (FAQ)<\/strong><\/h3>\n<p data-start=\"6128\" data-end=\"6315\"><strong data-start=\"6128\" data-end=\"6184\">1. Hva gj\u00f8r den digitale tankminivekten unik?<\/strong><br data-start=\"6184\" data-end=\"6187\" \/>Denne skalaen tilbyr en <strong data-start=\"6213\" data-end=\"6236\">presisjon p\u00e5 0,001 g<\/strong>, hva <strong data-start=\"6242\" data-end=\"6262\">10 ganger mer n\u00f8yaktig<\/strong> er enn de fleste standard lommevekter (0,01 g).<\/p>\n<p data-start=\"6317\" data-end=\"6502\"><strong data-start=\"6317\" data-end=\"6368\">2. Er dette egnet for laboratorieforskning?<\/strong><br data-start=\"6368\" data-end=\"6371\" \/>Ja \u2013 vekten er egnet for <strong data-start=\"6407\" data-end=\"6448\">analytiske og kjemiske anvendelser<\/strong>, hvis brukt i en <strong data-start=\"6471\" data-end=\"6499\">t\u00f8rt, stabilt milj\u00f8<\/strong>.<\/p>\n<p data-start=\"6504\" data-end=\"6669\"><strong data-start=\"6504\" data-end=\"6562\">3. Er batterier og kalibreringsvekt inkludert?<\/strong><br data-start=\"6562\" data-end=\"6565\" \/>Ja, det finnes <strong data-start=\"6579\" data-end=\"6601\">2 \u00d7 AAA-batterier<\/strong> inkludert. Noen sett inkluderer ogs\u00e5 en <strong data-start=\"6645\" data-end=\"6666\">kalibreringsvekt<\/strong>.<\/p>","protected":false},"excerpt":{"rendered":"<p><strong>Spesifikasjoner:<\/strong><\/p>\n<ul>\n<li>Digitalt<\/li>\n<li>Veier fra 0,001 g<\/li>\n<li>Veier maks. 20 g<\/li>\n<li>Fungerer p\u00e5: 2x AAA-batterier<\/li>\n<li>LCD-skjerm<\/li>\n<li>Farge: svart<\/li>\n<\/ul>","protected":false},"featured_media":21116,"comment_status":"closed","ping_status":"closed","template":"","meta":[],"product_brand":[],"product_cat":[451],"product_tag":[452,764,767,849,765,766,768],"class_list":{"0":"post-24342","1":"product","2":"type-product","3":"status-publish","4":"has-post-thumbnail","6":"product_cat-weegschalen","7":"product_tag-de","8":"product_tag-digitale-cs-weegschaal","9":"product_tag-digitale-microweegschaal","10":"product_tag-digitale-tank-mini-weegschaal","11":"product_tag-milligramweegschaal","12":"product_tag-precise-weegschaal-0-001g","13":"product_tag-weegschaal-voor-research-chemicals","15":"first","16":"instock","17":"taxable","18":"shipping-taxable","19":"purchasable","20":"product-type-simple"},"_links":{"self":[{"href":"https:\/\/researchchemicalhub.com\/nb\/wp-json\/wp\/v2\/product\/24342","targetHints":{"allow":["GET"]}}],"collection":[{"href":"https:\/\/researchchemicalhub.com\/nb\/wp-json\/wp\/v2\/product"}],"about":[{"href":"https:\/\/researchchemicalhub.com\/nb\/wp-json\/wp\/v2\/types\/product"}],"replies":[{"embeddable":true,"href":"https:\/\/researchchemicalhub.com\/nb\/wp-json\/wp\/v2\/comments?post=24342"}],"version-history":[{"count":6,"href":"https:\/\/researchchemicalhub.com\/nb\/wp-json\/wp\/v2\/product\/24342\/revisions"}],"predecessor-version":[{"id":27801,"href":"https:\/\/researchchemicalhub.com\/nb\/wp-json\/wp\/v2\/product\/24342\/revisions\/27801"}],"wp:featuredmedia":[{"embeddable":true,"href":"https:\/\/researchchemicalhub.com\/nb\/wp-json\/wp\/v2\/media\/21116"}],"wp:attachment":[{"href":"https:\/\/researchchemicalhub.com\/nb\/wp-json\/wp\/v2\/media?parent=24342"}],"wp:term":[{"taxonomy":"product_brand","embeddable":true,"href":"https:\/\/researchchemicalhub.com\/nb\/wp-json\/wp\/v2\/product_brand?post=24342"},{"taxonomy":"product_cat","embeddable":true,"href":"https:\/\/researchchemicalhub.com\/nb\/wp-json\/wp\/v2\/product_cat?post=24342"},{"taxonomy":"product_tag","embeddable":true,"href":"https:\/\/researchchemicalhub.com\/nb\/wp-json\/wp\/v2\/product_tag?post=24342"}],"curies":[{"name":"wp","href":"https:\/\/api.w.org\/{rel}","templated":true}]}}