{"id":24194,"date":"2025-04-13T17:41:13","date_gmt":"2025-04-13T17:41:13","guid":{"rendered":"https:\/\/researchchemicalhub.com\/?post_type=product&#038;p=24194"},"modified":"2025-10-30T07:17:37","modified_gmt":"2025-10-30T07:17:37","slug":"2-fma","status":"publish","type":"product","link":"https:\/\/researchchemicalhub.com\/nb\/shop\/b2b\/2-fma\/","title":{"rendered":"RC+ Fluor 2-FMA 30 mg eske"},"content":{"rendered":"<h3 data-start=\"4860\" data-end=\"4879\"><strong data-start=\"4864\" data-end=\"4879\">Introduksjon<\/strong><\/h3>\n<p data-start=\"4880\" data-end=\"5253\">De <strong data-start=\"4883\" data-end=\"4911\">RC+ Fluor 2-FMA 30 mg eske<\/strong> inneholder <strong data-start=\"4918\" data-end=\"4958\">2-fluoramfetamin (2-FMA) med h\u00f8y renhet<\/strong>, En <strong data-start=\"4964\" data-end=\"4994\">fluorert fenetylamin<\/strong> som tilh\u00f8rer <strong data-start=\"5014\" data-end=\"5034\">amfetaminklasse<\/strong>Kjent for sin stabile stimulerende profil og unike farmakologiske egenskaper, <strong data-start=\"5128\" data-end=\"5137\">2-FMA<\/strong> ofte brukt i <strong data-start=\"5155\" data-end=\"5203\">nevrokjemisk og psykostimulerende forskning<\/strong> Ubehagelig <strong data-start=\"5209\" data-end=\"5250\">dopamin- og noradrenalinaktivitet<\/strong>. 2-fma<\/p>\n<p data-start=\"5255\" data-end=\"5454\">Hver tablett er presist produsert under laboratorieforhold for <strong data-start=\"5331\" data-end=\"5407\">presis dosering, p\u00e5litelig konsistens og langvarig stabilitet<\/strong> \u2013 essensielt for moderne analytisk forskning.<\/p>\n<hr data-start=\"5456\" data-end=\"5459\" \/>\n<h3 data-start=\"5461\" data-end=\"5492\"><strong data-start=\"5465\" data-end=\"5492\">Viktige funksjoner<\/strong><\/h3>\n<ul data-start=\"5493\" data-end=\"5972\">\n<li data-start=\"5493\" data-end=\"5582\">\n<p data-start=\"5495\" data-end=\"5582\"><strong data-start=\"5495\" data-end=\"5527\">H\u00f8y analytisk renhet:<\/strong> Inneholder <strong data-start=\"5534\" data-end=\"5568\">30 mg 2-fluoramfetamin (2-FMA)<\/strong> per tablett.<\/p>\n<\/li>\n<li data-start=\"5583\" data-end=\"5673\">\n<p data-start=\"5585\" data-end=\"5673\"><strong data-start=\"5585\" data-end=\"5611\">Laboratoriekvalitet:<\/strong> Kun beregnet for bruk <strong data-start=\"5632\" data-end=\"5670\">forsknings- og analyseapplikasjoner<\/strong>.<\/p>\n<\/li>\n<li data-start=\"5674\" data-end=\"5771\">\n<p data-start=\"5676\" data-end=\"5771\"><strong data-start=\"5676\" data-end=\"5703\">Sikker RC+ emballasje:<\/strong> Profesjonelt forseglet, fuktbestandig og riktig merket.<\/p>\n<\/li>\n<li data-start=\"5772\" data-end=\"5861\">\n<p data-start=\"5774\" data-end=\"5861\"><strong data-start=\"5774\" data-end=\"5800\">Sporbar produksjon:<\/strong> Utstyrt med <strong data-start=\"5814\" data-end=\"5858\">batchnummer og laboratoriesertifikater<\/strong>.<\/p>\n<\/li>\n<li data-start=\"5862\" data-end=\"5972\">\n<p data-start=\"5864\" data-end=\"5972\"><strong data-start=\"5864\" data-end=\"5888\">Stabil forbindelse:<\/strong> Fluorstrukturen \u00f8ker <strong data-start=\"5919\" data-end=\"5969\">kjemisk stabilitet og reseptorselektivitet<\/strong>.<\/p>\n<\/li>\n<\/ul>\n<hr data-start=\"5974\" data-end=\"5977\" \/>\n<h3 data-start=\"5979\" data-end=\"5996\"><strong data-start=\"5983\" data-end=\"5996\">Fordeler<\/strong><\/h3>\n<ul data-start=\"5997\" data-end=\"6376\">\n<li data-start=\"5997\" data-end=\"6082\">\n<p data-start=\"5999\" data-end=\"6082\">St\u00f8tter <strong data-start=\"6011\" data-end=\"6038\">nevrokjemisk unders\u00f8kelse<\/strong> til dopaminerg og adrenerg aktivitet.<\/p>\n<\/li>\n<li data-start=\"6083\" data-end=\"6159\">\n<p data-start=\"6085\" data-end=\"6159\">Passer for <strong data-start=\"6099\" data-end=\"6125\">komparativ forskning<\/strong> med andre amfetaminvarianter.<\/p>\n<\/li>\n<li data-start=\"6160\" data-end=\"6242\">\n<p data-start=\"6162\" data-end=\"6242\">S\u00f8rger for <strong data-start=\"6173\" data-end=\"6209\">konsistente og m\u00e5lbare resultater<\/strong> i kontrollerte laboratorier.<\/p>\n<\/li>\n<li data-start=\"6243\" data-end=\"6313\">\n<p data-start=\"6245\" data-end=\"6313\">Ideell for <strong data-start=\"6257\" data-end=\"6310\">akademisk, rettsmedisinsk og farmas\u00f8ytisk forskning<\/strong>.<\/p>\n<\/li>\n<li data-start=\"6314\" data-end=\"6376\">\n<p data-start=\"6316\" data-end=\"6376\">Tilbud <strong data-start=\"6322\" data-end=\"6355\">utmerket lagringsstabilitet<\/strong> takket v\u00e6re fluorering.<\/p>\n<\/li>\n<\/ul>\n<hr data-start=\"6378\" data-end=\"6381\" \/>\n<h3 data-start=\"6383\" data-end=\"6398\"><strong data-start=\"6387\" data-end=\"6398\">Bruk<\/strong><\/h3>\n<p data-start=\"6399\" data-end=\"6525\">De <strong data-start=\"6402\" data-end=\"6430\">RC+ Fluor 2-FMA 30 mg eske<\/strong> er utelukkende beregnet for <strong data-start=\"6459\" data-end=\"6499\">laboratorie- og analytiske applikasjoner<\/strong>.<br data-start=\"6500\" data-end=\"6503\" \/>Forskere m\u00e5:<\/p>\n<ul data-start=\"6526\" data-end=\"6811\">\n<li data-start=\"6526\" data-end=\"6600\">\n<p data-start=\"6528\" data-end=\"6600\"><strong data-start=\"6528\" data-end=\"6552\">Vernekl\u00e6r<\/strong> bruk (hansker, vernebriller, laboratoriefrakk).<\/p>\n<\/li>\n<li data-start=\"6601\" data-end=\"6670\">\n<p data-start=\"6603\" data-end=\"6670\">Lagre under <strong data-start=\"6617\" data-end=\"6625\">25\u00b0C<\/strong> p\u00e5 en <strong data-start=\"6633\" data-end=\"6667\">kj\u00f8lig, t\u00f8rt og m\u00f8rkt sted<\/strong>.<\/p>\n<\/li>\n<li data-start=\"6671\" data-end=\"6729\">\n<p data-start=\"6673\" data-end=\"6729\">Eksponering for <strong data-start=\"6691\" data-end=\"6716\">lys, luft og fuktighet<\/strong> \u00e5 unng\u00e5.<\/p>\n<\/li>\n<li data-start=\"6730\" data-end=\"6811\">\n<p data-start=\"6732\" data-end=\"6811\">Benytt deg av <strong data-start=\"6750\" data-end=\"6782\">kalibrert m\u00e5leutstyr<\/strong> for n\u00f8yaktige analyser.<\/p>\n<\/li>\n<\/ul>\n<hr data-start=\"6813\" data-end=\"6816\" \/>\n<h3 data-start=\"6818\" data-end=\"6847\"><strong data-start=\"6822\" data-end=\"6847\">Sikkerhetsinformasjon<\/strong><\/h3>\n<ul data-start=\"6848\" data-end=\"7056\">\n<li data-start=\"6848\" data-end=\"6886\">\n<p data-start=\"6850\" data-end=\"6886\">Kun for <strong data-start=\"6862\" data-end=\"6883\">forskningsbruk<\/strong>.<\/p>\n<\/li>\n<li data-start=\"6887\" data-end=\"6949\">\n<p data-start=\"6889\" data-end=\"6949\"><strong data-start=\"6889\" data-end=\"6947\">Ikke egnet for konsum av mennesker eller dyr. 2-fma<\/strong><\/p>\n<\/li>\n<li data-start=\"6950\" data-end=\"6998\">\n<p data-start=\"6952\" data-end=\"6998\">F\u00f8lg <strong data-start=\"6960\" data-end=\"6995\">lokale sikkerhetsforskrifter<\/strong>.<\/p>\n<\/li>\n<li data-start=\"6999\" data-end=\"7056\">\n<p data-start=\"7001\" data-end=\"7056\">Utenfor rekkevidde for <strong data-start=\"7019\" data-end=\"7046\">barn og uvedkommende<\/strong> \u00e5 beholde.<\/p>\n<\/li>\n<\/ul>\n<hr data-start=\"7058\" data-end=\"7061\" \/>\n<h3 data-start=\"7063\" data-end=\"7096\"><strong data-start=\"7067\" data-end=\"7096\">Ofte stilte sp\u00f8rsm\u00e5l (FAQ)<\/strong><\/h3>\n<p data-start=\"7098\" data-end=\"7280\"><strong data-start=\"7098\" data-end=\"7154\">1. Hva brukes RC+ Fluor 2-FMA 30 mg-boksen til?<\/strong><br data-start=\"7154\" data-end=\"7157\" \/>Den brukes i <strong data-start=\"7179\" data-end=\"7230\">nevrokjemisk og psykofarmakologisk forskning<\/strong>, hovedsakelig fokusert p\u00e5 <strong data-start=\"7250\" data-end=\"7279\">katekolamintransport\u00f8rer<\/strong>.<\/p>\n<p data-start=\"7282\" data-end=\"7495\"><strong data-start=\"7282\" data-end=\"7335\">2. Hva skiller 2-FMA fra andre amfetaminer?<\/strong><br data-start=\"7335\" data-end=\"7338\" \/>2-FMA er en <strong data-start=\"7351\" data-end=\"7390\">fluorert variant av amfetamin<\/strong>, kjent for sine <strong data-start=\"7407\" data-end=\"7458\">langvarig og jevn stimulerende effekt<\/strong>, ideelt for sammenlignende analyser.<\/p>\n<p data-start=\"7497\" data-end=\"7647\"><strong data-start=\"7497\" data-end=\"7532\">3. Hvordan b\u00f8r den oppbevares?<\/strong><br data-start=\"7532\" data-end=\"7535\" \/>Spar p\u00e5 en <strong data-start=\"7549\" data-end=\"7583\">kj\u00f8lig, t\u00f8rt og m\u00f8rkt sted<\/strong>, under <strong data-start=\"7591\" data-end=\"7599\">25\u00b0C<\/strong>, i <strong data-start=\"7607\" data-end=\"7646\">original forseglet RC+ emballasje<\/strong>.<\/p>\n<hr data-start=\"7649\" data-end=\"7652\" \/>\n<h3 data-start=\"7654\" data-end=\"7671\"><strong data-start=\"7658\" data-end=\"7671\">Konklusjon<\/strong><\/h3>\n<p data-start=\"7672\" data-end=\"8008\">De <strong data-start=\"7675\" data-end=\"7703\">RC+ Fluor 2-FMA 30 mg eske<\/strong> er en <strong data-start=\"7711\" data-end=\"7750\">p\u00e5litelig valg for forskere<\/strong> som fokuserer p\u00e5 <strong data-start=\"7771\" data-end=\"7846\">stimulerende farmakologi, atferdsvitenskap og nevrokjemisk forskning<\/strong>Takk til <strong data-start=\"7859\" data-end=\"7938\">garantert renhet, kjemisk stabilitet og profesjonell emballasje<\/strong> tilbyr dette produktet <strong data-start=\"7957\" data-end=\"7987\">reproduserbare resultater<\/strong> i hvert laboratorium.<\/p>","protected":false},"excerpt":{"rendered":"<p><strong><span dir=\"auto\" style=\"vertical-align: inherit;\"><span dir=\"auto\" style=\"vertical-align: inherit;\">Synonym<\/span><\/span><\/strong><span dir=\"auto\" style=\"vertical-align: inherit;\"><span dir=\"auto\" style=\"vertical-align: inherit;\"> Fluorometamfetamin <\/span><\/span><br \/>\n<strong><span dir=\"auto\" style=\"vertical-align: inherit;\"><span dir=\"auto\" style=\"vertical-align: inherit;\">CAS-nummer<\/span><\/span><\/strong><span dir=\"auto\" style=\"vertical-align: inherit;\"><span dir=\"auto\" style=\"vertical-align: inherit;\"> : 1780004-19-4 <\/span><\/span><br \/>\n<strong><span dir=\"auto\" style=\"vertical-align: inherit;\"><span dir=\"auto\" style=\"vertical-align: inherit;\">Formel<\/span><\/span><\/strong><span dir=\"auto\" style=\"vertical-align: inherit;\"><span dir=\"auto\" style=\"vertical-align: inherit;\"> C10H14FN \u2022 HCL <\/span><\/span><br \/>\n<strong><span dir=\"auto\" style=\"vertical-align: inherit;\"><span dir=\"auto\" style=\"vertical-align: inherit;\">Molar masse<\/span><\/span><\/strong><span dir=\"auto\" style=\"vertical-align: inherit;\"><span dir=\"auto\" style=\"vertical-align: inherit;\"> : 203,7 g\/mol <\/span><\/span><br \/>\n<strong><span dir=\"auto\" style=\"vertical-align: inherit;\"><span dir=\"auto\" style=\"vertical-align: inherit;\">Renhet<\/span><\/span><\/strong><span dir=\"auto\" style=\"vertical-align: inherit;\"><span dir=\"auto\" style=\"vertical-align: inherit;\"> : \u226599%<\/span><\/span><\/p>","protected":false},"featured_media":28606,"comment_status":"closed","ping_status":"closed","template":"","meta":[],"product_brand":[82],"product_cat":[555],"product_tag":[572,617,618,589,619,326],"class_list":{"0":"post-24194","1":"product","2":"type-product","3":"status-publish","4":"has-post-thumbnail","6":"product_brand-research-chemical","7":"product_cat-b2b","8":"product_tag-2-fma-kopen","9":"product_tag-2-fma","10":"product_tag-2fma","11":"product_tag-2fma-drugs","12":"product_tag-2fma-kopen","13":"product_tag-nl","15":"first","16":"instock","17":"taxable","18":"shipping-taxable","19":"purchasable","20":"product-type-variable"},"_links":{"self":[{"href":"https:\/\/researchchemicalhub.com\/nb\/wp-json\/wp\/v2\/product\/24194","targetHints":{"allow":["GET"]}}],"collection":[{"href":"https:\/\/researchchemicalhub.com\/nb\/wp-json\/wp\/v2\/product"}],"about":[{"href":"https:\/\/researchchemicalhub.com\/nb\/wp-json\/wp\/v2\/types\/product"}],"replies":[{"embeddable":true,"href":"https:\/\/researchchemicalhub.com\/nb\/wp-json\/wp\/v2\/comments?post=24194"}],"version-history":[{"count":5,"href":"https:\/\/researchchemicalhub.com\/nb\/wp-json\/wp\/v2\/product\/24194\/revisions"}],"predecessor-version":[{"id":25396,"href":"https:\/\/researchchemicalhub.com\/nb\/wp-json\/wp\/v2\/product\/24194\/revisions\/25396"}],"wp:featuredmedia":[{"embeddable":true,"href":"https:\/\/researchchemicalhub.com\/nb\/wp-json\/wp\/v2\/media\/28606"}],"wp:attachment":[{"href":"https:\/\/researchchemicalhub.com\/nb\/wp-json\/wp\/v2\/media?parent=24194"}],"wp:term":[{"taxonomy":"product_brand","embeddable":true,"href":"https:\/\/researchchemicalhub.com\/nb\/wp-json\/wp\/v2\/product_brand?post=24194"},{"taxonomy":"product_cat","embeddable":true,"href":"https:\/\/researchchemicalhub.com\/nb\/wp-json\/wp\/v2\/product_cat?post=24194"},{"taxonomy":"product_tag","embeddable":true,"href":"https:\/\/researchchemicalhub.com\/nb\/wp-json\/wp\/v2\/product_tag?post=24194"}],"curies":[{"name":"wp","href":"https:\/\/api.w.org\/{rel}","templated":true}]}}