{"id":24175,"date":"2025-04-13T17:41:13","date_gmt":"2025-04-13T17:41:13","guid":{"rendered":"https:\/\/researchchemicalhub.com\/?post_type=product&#038;p=24175"},"modified":"2025-10-12T20:08:27","modified_gmt":"2025-10-12T20:08:27","slug":"norflurazepam-werking","status":"publish","type":"product","link":"https:\/\/researchchemicalhub.com\/nb\/shop\/b2b\/norflurazepam-werking\/","title":{"rendered":"RC+ Norflurazepam 5 mg eske"},"content":{"rendered":"<h2 data-start=\"3808\" data-end=\"3834\"><strong data-start=\"3811\" data-end=\"3834\">Produktbeskrivelse<\/strong><\/h2>\n<p data-start=\"3836\" data-end=\"4137\"><strong data-start=\"3836\" data-end=\"3865\">RC+ Norflurazepam 5 mg eske<\/strong> inneholder <strong data-start=\"3872\" data-end=\"3901\">h\u00f8yrent Norflurazepam<\/strong>, En <strong data-start=\"3907\" data-end=\"3936\">benzodiazepinforbindelse<\/strong> som brukes i <strong data-start=\"3960\" data-end=\"4013\">rettsmedisinsk, toksikologisk og analytisk forskning<\/strong>Norflurazepam-effekter<br data-start=\"4014\" data-end=\"4017\" \/>Hver boks inneholder <strong data-start=\"4032\" data-end=\"4047\">5 mg pellets<\/strong>, n\u00f8ye utformet for <strong data-start=\"4077\" data-end=\"4134\">n\u00f8yaktige og reproduserbare laboratorieresultater<\/strong>.<\/p>\n<p data-start=\"4139\" data-end=\"4296\">Som en del av <strong data-start=\"4160\" data-end=\"4183\">RC+ forskningsserie<\/strong> Dette produktet er produsert under streng kvalitetskontroll for \u00e5 <strong data-start=\"4251\" data-end=\"4281\">renhet og konsistens<\/strong> \u00e5 garantere.<\/p>\n<p data-start=\"4298\" data-end=\"4434\">\u26a0\ufe0f <strong data-start=\"4301\" data-end=\"4312\">NB:<\/strong> Dette produktet er <strong data-start=\"4328\" data-end=\"4377\">kun beregnet for forskningsform\u00e5l<\/strong> og <strong data-start=\"4381\" data-end=\"4433\">ikke egnet for bruk av mennesker eller dyr<\/strong>.<\/p>\n<hr data-start=\"4436\" data-end=\"4439\" \/>\n<h2 data-start=\"4441\" data-end=\"4471\"><strong data-start=\"4444\" data-end=\"4471\">Viktige funksjoner<\/strong><\/h2>\n<ul data-start=\"4473\" data-end=\"4866\">\n<li data-start=\"4473\" data-end=\"4557\">\n<p data-start=\"4475\" data-end=\"4557\"><strong data-start=\"4475\" data-end=\"4495\">H\u00f8y renhet:<\/strong> Laboratoriekvalitet, egnet for avansert forskning.<\/p>\n<\/li>\n<li data-start=\"4558\" data-end=\"4636\">\n<p data-start=\"4560\" data-end=\"4636\"><strong data-start=\"4560\" data-end=\"4592\">Standardisert dosering:<\/strong> 5 mg per pellet for n\u00f8yaktig analyse.<\/p>\n<\/li>\n<li data-start=\"4637\" data-end=\"4708\">\n<p data-start=\"4639\" data-end=\"4708\"><strong data-start=\"4639\" data-end=\"4660\">Kjemisk stabil:<\/strong> Motstandsdyktig mot nedbrytning ved riktig lagring.<\/p>\n<\/li>\n<li data-start=\"4709\" data-end=\"4780\">\n<p data-start=\"4711\" data-end=\"4780\"><strong data-start=\"4711\" data-end=\"4734\">Sikker emballasje:<\/strong> Lufttett og forseglet mot forurensning.<\/p>\n<\/li>\n<li data-start=\"4781\" data-end=\"4866\">\n<p data-start=\"4783\" data-end=\"4866\"><strong data-start=\"4783\" data-end=\"4810\">I samsvar med EU-forskrifter:<\/strong> Produsert i henhold til europeiske sikkerhetsretningslinjer.<\/p>\n<\/li>\n<\/ul>\n<hr data-start=\"4868\" data-end=\"4871\" \/>\n<h2 data-start=\"4873\" data-end=\"4907\"><strong data-start=\"4876\" data-end=\"4907\">Fordeler for forskere<\/strong><\/h2>\n<ul data-start=\"4909\" data-end=\"5174\">\n<li data-start=\"4909\" data-end=\"4969\">\n<p data-start=\"4911\" data-end=\"4969\">Passer for <strong data-start=\"4925\" data-end=\"4966\">rettsmedisinsk og toksikologisk forskning<\/strong>.<\/p>\n<\/li>\n<li data-start=\"4970\" data-end=\"5018\">\n<p data-start=\"4972\" data-end=\"5018\">St\u00f8tter <strong data-start=\"4984\" data-end=\"5015\">LC-MS-, GC-MS- og NMR-analyse<\/strong>.<\/p>\n<\/li>\n<li data-start=\"5019\" data-end=\"5101\">\n<p data-start=\"5021\" data-end=\"5101\">Hjelper med <strong data-start=\"5031\" data-end=\"5078\">strukturelle og kvantitative sammenligninger<\/strong> av benzodiazepiner.<\/p>\n<\/li>\n<li data-start=\"5102\" data-end=\"5174\">\n<p data-start=\"5104\" data-end=\"5174\">Tilbud <strong data-start=\"5110\" data-end=\"5144\">p\u00e5litelige referansepr\u00f8ver<\/strong> for laboratorietesting. Effekter av norflurazepam<\/p>\n<\/li>\n<\/ul>\n<hr data-start=\"5176\" data-end=\"5179\" \/>\n<h2 data-start=\"5181\" data-end=\"5215\"><strong data-start=\"5184\" data-end=\"5215\">Bruk (forskningskontekst)<\/strong><\/h2>\n<ol data-start=\"5217\" data-end=\"5425\">\n<li data-start=\"5217\" data-end=\"5262\">\n<p data-start=\"5220\" data-end=\"5262\">Skal kun brukes i akkrediterte laboratorier.<\/p>\n<\/li>\n<li data-start=\"5263\" data-end=\"5314\">\n<p data-start=\"5266\" data-end=\"5314\">Bruk hansker, vernebriller og laboratoriefrakk.<\/p>\n<\/li>\n<li data-start=\"5315\" data-end=\"5362\">\n<p data-start=\"5318\" data-end=\"5362\">Oppbevares kj\u00f8lig, t\u00f8rt og m\u00f8rkt (under 25 \u00b0C).<\/p>\n<\/li>\n<li data-start=\"5363\" data-end=\"5425\">\n<p data-start=\"5366\" data-end=\"5425\">Kast rester i samsvar med lokale sikkerhetsforskrifter.<\/p>\n<\/li>\n<\/ol>\n<blockquote data-start=\"5427\" data-end=\"5522\">\n<p data-start=\"5429\" data-end=\"5522\"><strong data-start=\"5429\" data-end=\"5440\">NB:<\/strong> <em data-start=\"5441\" data-end=\"5468\">RC+ Norflurazepam 5 mg eske<\/em> er <strong data-start=\"5472\" data-end=\"5521\">kun beregnet for forskningsform\u00e5l<\/strong>.<\/p>\n<\/blockquote>\n<hr data-start=\"5524\" data-end=\"5527\" \/>\n<h2 data-start=\"5529\" data-end=\"5563\"><strong data-start=\"5532\" data-end=\"5563\">Ofte stilte sp\u00f8rsm\u00e5l (FAQ)<\/strong><\/h2>\n<p data-start=\"5565\" data-end=\"5709\"><strong data-start=\"5565\" data-end=\"5614\">1. Hva brukes RC+ Norflurazepam til?<\/strong><br data-start=\"5614\" data-end=\"5617\" \/>Den brukes til <strong data-start=\"5641\" data-end=\"5679\">analytisk og rettsmedisinsk forskning<\/strong> til benzodiazepinanaloger.<\/p>\n<p data-start=\"5711\" data-end=\"5815\"><strong data-start=\"5711\" data-end=\"5740\">2. Hvor mye inneholder \u00e9n eske?<\/strong><br data-start=\"5740\" data-end=\"5743\" \/>Hver boks inneholder <strong data-start=\"5758\" data-end=\"5773\">5 mg pellets<\/strong> med en standardisert sammensetning.<\/p>\n<p data-start=\"5817\" data-end=\"5953\"><strong data-start=\"5817\" data-end=\"5871\">3. Kan jeg kj\u00f8pe RC+ Norflurazepam som privatperson?<\/strong><br data-start=\"5871\" data-end=\"5874\" \/>Nei, dette produktet er kun tilgjengelig for <strong data-start=\"5918\" data-end=\"5952\">anerkjente forskningsinstitusjoner<\/strong>.<\/p>","protected":false},"excerpt":{"rendered":"<p>Produktbeskrivelse RC+ Norflurazepam 5 mg eske inneholder norflurazepam med h\u00f8y renhet, en benzodiazepinforbindelse som brukes i rettsmedisinsk, toksikologisk og analytisk forskning.<\/p>","protected":false},"featured_media":20939,"comment_status":"closed","ping_status":"closed","template":"","meta":[],"product_brand":[82],"product_cat":[555],"product_tag":[326,132,137,135,134,136,133],"class_list":{"0":"post-24175","1":"product","2":"type-product","3":"status-publish","4":"has-post-thumbnail","6":"product_brand-research-chemical","7":"product_cat-b2b","8":"product_tag-nl","9":"product_tag-norflurazepam","10":"product_tag-norflurazepam-dosering","11":"product_tag-norflurazepam-ervaring","12":"product_tag-norflurazepam-ervaringen","13":"product_tag-norflurazepam-psychonaut","14":"product_tag-norflurazepam-werking","16":"first","17":"instock","18":"taxable","19":"shipping-taxable","20":"purchasable","21":"product-type-variable"},"_links":{"self":[{"href":"https:\/\/researchchemicalhub.com\/nb\/wp-json\/wp\/v2\/product\/24175","targetHints":{"allow":["GET"]}}],"collection":[{"href":"https:\/\/researchchemicalhub.com\/nb\/wp-json\/wp\/v2\/product"}],"about":[{"href":"https:\/\/researchchemicalhub.com\/nb\/wp-json\/wp\/v2\/types\/product"}],"replies":[{"embeddable":true,"href":"https:\/\/researchchemicalhub.com\/nb\/wp-json\/wp\/v2\/comments?post=24175"}],"version-history":[{"count":4,"href":"https:\/\/researchchemicalhub.com\/nb\/wp-json\/wp\/v2\/product\/24175\/revisions"}],"predecessor-version":[{"id":27834,"href":"https:\/\/researchchemicalhub.com\/nb\/wp-json\/wp\/v2\/product\/24175\/revisions\/27834"}],"wp:featuredmedia":[{"embeddable":true,"href":"https:\/\/researchchemicalhub.com\/nb\/wp-json\/wp\/v2\/media\/20939"}],"wp:attachment":[{"href":"https:\/\/researchchemicalhub.com\/nb\/wp-json\/wp\/v2\/media?parent=24175"}],"wp:term":[{"taxonomy":"product_brand","embeddable":true,"href":"https:\/\/researchchemicalhub.com\/nb\/wp-json\/wp\/v2\/product_brand?post=24175"},{"taxonomy":"product_cat","embeddable":true,"href":"https:\/\/researchchemicalhub.com\/nb\/wp-json\/wp\/v2\/product_cat?post=24175"},{"taxonomy":"product_tag","embeddable":true,"href":"https:\/\/researchchemicalhub.com\/nb\/wp-json\/wp\/v2\/product_tag?post=24175"}],"curies":[{"name":"wp","href":"https:\/\/api.w.org\/{rel}","templated":true}]}}