{"id":24160,"date":"2025-04-13T17:41:09","date_gmt":"2025-04-13T17:41:09","guid":{"rendered":"https:\/\/researchchemicalhub.com\/?post_type=product&#038;p=24160"},"modified":"2025-10-12T21:06:39","modified_gmt":"2025-10-12T21:06:39","slug":"5-meo-mipt","status":"publish","type":"product","link":"https:\/\/researchchemicalhub.com\/nb\/shop\/b2b\/5-meo-mipt\/","title":{"rendered":"Rosa mandala"},"content":{"rendered":"<h3 data-start=\"4546\" data-end=\"4565\"><strong data-start=\"4550\" data-end=\"4565\">Introduksjon<\/strong><\/h3>\n<p data-start=\"4566\" data-end=\"4965\">De <strong data-start=\"4569\" data-end=\"4585\">Rosa mandala<\/strong> st\u00e5r for <strong data-start=\"4597\" data-end=\"4665\">ubetinget kj\u00e6rlighet, vennlighet og emosjonell harmoni<\/strong>Mandalaer, som stammer fra oldtiden <strong data-start=\"4697\" data-end=\"4743\">Hinduistiske og buddhistiske tradisjoner<\/strong>, symbolisere <strong data-start=\"4758\" data-end=\"4794\">enhet, balanse og universet<\/strong>De myke rosa tonene i dette designet vekker f\u00f8lelser av <strong data-start=\"4854\" data-end=\"4887\">kj\u00e6rlighet, helbredelse og medf\u00f8lelse<\/strong>, noe som gj\u00f8r den perfekt for <strong data-start=\"4916\" data-end=\"4962\">egenomsorg, emosjonell balanse og mindfulness<\/strong>. 5-meo-mipt<\/p>\n<p data-start=\"4967\" data-end=\"5114\">Enten du bruker den som <strong data-start=\"4992\" data-end=\"5050\">veggdekorasjon, meditasjonskunst eller beroligende hjelpemiddel<\/strong>, den <strong data-start=\"5055\" data-end=\"5071\">Rosa mandala<\/strong> bringer varme og mykhet til ethvert rom.<\/p>\n<hr data-start=\"5116\" data-end=\"5119\" \/>\n<h3 data-start=\"5121\" data-end=\"5152\"><strong data-start=\"5125\" data-end=\"5152\">Viktige funksjoner<\/strong><\/h3>\n<ul data-start=\"5153\" data-end=\"5714\">\n<li data-start=\"5153\" data-end=\"5265\">\n<p data-start=\"5155\" data-end=\"5265\"><strong data-start=\"5155\" data-end=\"5176\">Myk rosa palett:<\/strong> Designet i delikate fargetoner som utstr\u00e5ler kj\u00e6rlighet, medf\u00f8lelse og feminin energi.<\/p>\n<\/li>\n<li data-start=\"5266\" data-end=\"5387\">\n<p data-start=\"5268\" data-end=\"5387\"><strong data-start=\"5268\" data-end=\"5295\">Hjertesentrert symbolikk:<\/strong> Tilknyttet <strong data-start=\"5316\" data-end=\"5340\">Hjertechakra (Anahata)<\/strong> \u2013 et senter for empati og emosjonell helbredelse.<\/p>\n<\/li>\n<li data-start=\"5388\" data-end=\"5494\">\n<p data-start=\"5390\" data-end=\"5494\"><strong data-start=\"5390\" data-end=\"5409\">H\u00f8y kvalitet:<\/strong> Tilgjengelig som <strong data-start=\"5427\" data-end=\"5459\">lerret, billedvev eller plakat<\/strong> med slitesterke, fargeekte trykk.<\/p>\n<\/li>\n<li data-start=\"5495\" data-end=\"5604\">\n<p data-start=\"5497\" data-end=\"5604\"><strong data-start=\"5497\" data-end=\"5519\">Hellig geometri:<\/strong> Balansert og symmetrisk design som fremmer indre ro og konsentrasjon.<\/p>\n<\/li>\n<li data-start=\"5605\" data-end=\"5714\">\n<p data-start=\"5607\" data-end=\"5714\"><strong data-start=\"5607\" data-end=\"5630\">Allsidig bruk:<\/strong> Perfekt for <strong data-start=\"5644\" data-end=\"5711\">hjemmeinnredning, yogastudioer, terapirom eller meditasjonskroker<\/strong>.<\/p>\n<\/li>\n<\/ul>\n<hr data-start=\"5716\" data-end=\"5719\" \/>\n<h3 data-start=\"5721\" data-end=\"5738\"><strong data-start=\"5725\" data-end=\"5738\">Fordeler<\/strong><\/h3>\n<ul data-start=\"5739\" data-end=\"6196\">\n<li data-start=\"5739\" data-end=\"5835\">\n<p data-start=\"5741\" data-end=\"5835\"><strong data-start=\"5741\" data-end=\"5775\">Fremmer kj\u00e6rlighet og medf\u00f8lelse:<\/strong> \u00c5pner hjertet for egenkj\u00e6rlighet og positive forbindelser.<\/p>\n<\/li>\n<li data-start=\"5836\" data-end=\"5926\">\n<p data-start=\"5838\" data-end=\"5926\"><strong data-start=\"5838\" data-end=\"5872\">Stimulerer emosjonell gjenoppretting:<\/strong> De rosa tonene bringer fred, tilgivelse og harmoni.<\/p>\n<\/li>\n<li data-start=\"5927\" data-end=\"6036\">\n<p data-start=\"5929\" data-end=\"6036\"><strong data-start=\"5929\" data-end=\"5957\">St\u00f8tter mindfulness:<\/strong> Ideell for meditasjon eller yoga for \u00e5 roe ned f\u00f8lelser og forbedre fokus.<\/p>\n<\/li>\n<li data-start=\"6037\" data-end=\"6113\">\n<p data-start=\"6039\" data-end=\"6113\"><strong data-start=\"6039\" data-end=\"6069\">Skaper en rolig atmosf\u00e6re:<\/strong> Gir mykhet og varme til ethvert rom.<\/p>\n<\/li>\n<li data-start=\"6114\" data-end=\"6196\">\n<p data-start=\"6116\" data-end=\"6196\"><strong data-start=\"6116\" data-end=\"6142\">\u00d8ker positiviteten:<\/strong> Fremmer en kj\u00e6rlig og fredelig energi i hjemmet. 5-meo-mipt<\/p>\n<\/li>\n<\/ul>\n<hr data-start=\"6198\" data-end=\"6201\" \/>\n<h3 data-start=\"6203\" data-end=\"6218\"><strong data-start=\"6207\" data-end=\"6218\">Bruk<\/strong><\/h3>\n<ol data-start=\"6219\" data-end=\"6637\">\n<li data-start=\"6219\" data-end=\"6335\">\n<p data-start=\"6222\" data-end=\"6335\"><strong data-start=\"6222\" data-end=\"6244\">Som veggdekorasjon:<\/strong> Heng opp <strong data-start=\"6253\" data-end=\"6269\">Rosa mandala<\/strong> i soverom, studioer eller oppholdsrom for en fredelig atmosf\u00e6re.<\/p>\n<\/li>\n<li data-start=\"6336\" data-end=\"6445\">\n<p data-start=\"6339\" data-end=\"6445\"><strong data-start=\"6339\" data-end=\"6358\">For meditasjon:<\/strong> Fokuser blikket ditt p\u00e5 midten av mandalaen og pust dypt for \u00e5 styrke egenkj\u00e6rligheten.<\/p>\n<\/li>\n<li data-start=\"6446\" data-end=\"6539\">\n<p data-start=\"6449\" data-end=\"6539\"><strong data-start=\"6449\" data-end=\"6466\">Under yoga:<\/strong> Bruk mandalaen som et fokuspunkt for \u00e5 stimulere emosjonell \u00e5penhet.<\/p>\n<\/li>\n<li data-start=\"6540\" data-end=\"6637\">\n<p data-start=\"6543\" data-end=\"6637\"><strong data-start=\"6543\" data-end=\"6558\">Som en gave:<\/strong> En meningsfull gave som <strong data-start=\"6589\" data-end=\"6621\">kj\u00e6rlighet, helbredelse og tilknytning<\/strong> symboliserer.<\/p>\n<\/li>\n<\/ol>\n<hr data-start=\"6639\" data-end=\"6642\" \/>\n<h3 data-start=\"6644\" data-end=\"6677\"><strong data-start=\"6648\" data-end=\"6677\">Ofte stilte sp\u00f8rsm\u00e5l (FAQ)<\/strong><\/h3>\n<p data-start=\"6679\" data-end=\"6835\"><strong data-start=\"6679\" data-end=\"6719\">1. Hva symboliserer den rosa mandalaen?<\/strong><br data-start=\"6719\" data-end=\"6722\" \/>De <strong data-start=\"6725\" data-end=\"6741\">Rosa mandala<\/strong> symboliserer <strong data-start=\"6755\" data-end=\"6800\">kj\u00e6rlighet, medf\u00f8lelse og emosjonell balanse<\/strong>, og st\u00f8tter <strong data-start=\"6820\" data-end=\"6834\">Hjertechakra<\/strong>.<\/p>\n<p data-start=\"6837\" data-end=\"6979\"><strong data-start=\"6837\" data-end=\"6892\">2. Kan jeg bruke den rosa mandalaen til meditasjon?<\/strong><br data-start=\"6892\" data-end=\"6895\" \/>Ja, den er ideell for <strong data-start=\"6918\" data-end=\"6944\">hjertesentrert meditasjon<\/strong> \u00e5 fremme fred og harmoni.<\/p>\n<p data-start=\"6981\" data-end=\"7138\"><strong data-start=\"6981\" data-end=\"7040\">3. Er den rosa mandalaen egnet for interi\u00f8rdekorasjon?<\/strong><br data-start=\"7040\" data-end=\"7043\" \/>Definitivt. De myke rosa tonene gir <strong data-start=\"7085\" data-end=\"7122\">varme, mykhet og positivitet<\/strong> i alle rom.<\/p>\n<hr data-start=\"7140\" data-end=\"7143\" \/>\n<h3 data-start=\"7145\" data-end=\"7162\"><strong data-start=\"7149\" data-end=\"7162\">Konklusjon<\/strong><\/h3>\n<p data-start=\"7163\" data-end=\"7528\">De <strong data-start=\"7166\" data-end=\"7182\">Rosa mandala<\/strong> er mer enn et kunstverk \u2013 det er en <strong data-start=\"7222\" data-end=\"7283\">\u00e5ndelig symbol p\u00e5 kj\u00e6rlighet, balanse og indre fred<\/strong>Med sitt myke fargevalg og hellige geometri str\u00e5ler hun <strong data-start=\"7347\" data-end=\"7376\">varme, medf\u00f8lelse og fred<\/strong> ut. Perfekt for <strong data-start=\"7395\" data-end=\"7436\">meditasjon, yoga eller interi\u00f8rdekorasjon<\/strong>, den <strong data-start=\"7441\" data-end=\"7457\">Rosa mandala<\/strong> bringer <strong data-start=\"7465\" data-end=\"7500\">harmoni og kj\u00e6rlig energi<\/strong> i hvert \u00f8yeblikk av livet ditt.<\/p>","protected":false},"excerpt":{"rendered":"<p>Introductie De Pink Mandala staat voor onvoorwaardelijke liefde, vriendelijkheid en emotionele harmonie. Mandala\u2019s, afkomstig uit oude hindoe\u00efstische en boeddhistische tradities,<\/p>","protected":false},"featured_media":20942,"comment_status":"closed","ping_status":"closed","template":"","meta":[],"product_brand":[82],"product_cat":[555],"product_tag":[650,882,883,326],"class_list":{"0":"post-24160","1":"product","2":"type-product","3":"status-publish","4":"has-post-thumbnail","6":"product_brand-research-chemical","7":"product_cat-b2b","8":"product_tag-5-meo-mipt","9":"product_tag-5-meo-mipt-dosage","10":"product_tag-5-meo-mipt-ervaring","11":"product_tag-nl","13":"first","14":"instock","15":"taxable","16":"shipping-taxable","17":"purchasable","18":"product-type-variable"},"_links":{"self":[{"href":"https:\/\/researchchemicalhub.com\/nb\/wp-json\/wp\/v2\/product\/24160","targetHints":{"allow":["GET"]}}],"collection":[{"href":"https:\/\/researchchemicalhub.com\/nb\/wp-json\/wp\/v2\/product"}],"about":[{"href":"https:\/\/researchchemicalhub.com\/nb\/wp-json\/wp\/v2\/types\/product"}],"replies":[{"embeddable":true,"href":"https:\/\/researchchemicalhub.com\/nb\/wp-json\/wp\/v2\/comments?post=24160"}],"version-history":[{"count":4,"href":"https:\/\/researchchemicalhub.com\/nb\/wp-json\/wp\/v2\/product\/24160\/revisions"}],"predecessor-version":[{"id":27850,"href":"https:\/\/researchchemicalhub.com\/nb\/wp-json\/wp\/v2\/product\/24160\/revisions\/27850"}],"wp:featuredmedia":[{"embeddable":true,"href":"https:\/\/researchchemicalhub.com\/nb\/wp-json\/wp\/v2\/media\/20942"}],"wp:attachment":[{"href":"https:\/\/researchchemicalhub.com\/nb\/wp-json\/wp\/v2\/media?parent=24160"}],"wp:term":[{"taxonomy":"product_brand","embeddable":true,"href":"https:\/\/researchchemicalhub.com\/nb\/wp-json\/wp\/v2\/product_brand?post=24160"},{"taxonomy":"product_cat","embeddable":true,"href":"https:\/\/researchchemicalhub.com\/nb\/wp-json\/wp\/v2\/product_cat?post=24160"},{"taxonomy":"product_tag","embeddable":true,"href":"https:\/\/researchchemicalhub.com\/nb\/wp-json\/wp\/v2\/product_tag?post=24160"}],"curies":[{"name":"wp","href":"https:\/\/api.w.org\/{rel}","templated":true}]}}