{"id":24037,"date":"2025-04-13T17:40:56","date_gmt":"2025-04-13T17:40:56","guid":{"rendered":"https:\/\/researchchemicalhub.com\/?post_type=product&#038;p=24037"},"modified":"2025-10-30T07:34:43","modified_gmt":"2025-10-30T07:34:43","slug":"mdphp-kopen-2","status":"publish","type":"product","link":"https:\/\/researchchemicalhub.com\/nb\/shop\/verboden\/mdphp-kopen-2\/","title":{"rendered":"MDPHP-pulver (fri base)"},"content":{"rendered":"<h3 data-start=\"5389\" data-end=\"5408\"><strong data-start=\"5393\" data-end=\"5408\">Introduksjon<\/strong><\/h3>\n<p data-start=\"5410\" data-end=\"5742\"><strong data-start=\"5410\" data-end=\"5437\">MDPHP Poeder (Freebase)<\/strong> er en <strong data-start=\"5445\" data-end=\"5489\">forskningsmateriale av laboratoriekvalitet<\/strong>, designet for <strong data-start=\"5506\" data-end=\"5550\">vitenskapelig og analytisk forskning<\/strong>.<br data-start=\"5551\" data-end=\"5554\" \/>Ogs\u00e5 kjent som <strong data-start=\"5569\" data-end=\"5618\">3\u2032,4\u2032-Methyleendioxy-\u03b1-pyrrolidinohexanofenon<\/strong>, behoort MDPHP tot de <strong data-start=\"5641\" data-end=\"5667\">pyrrolidinofenonklasse<\/strong> en wordt gebruikt bij <strong data-start=\"5690\" data-end=\"5739\">forensisch, chemisch en structureel onderzoek<\/strong>. mdphp kopen<\/p>\n<p data-start=\"5744\" data-end=\"5951\">De <strong data-start=\"5747\" data-end=\"5764\">freebase-skjema<\/strong> van MDPHP biedt <strong data-start=\"5781\" data-end=\"5819\">optimale stabiliteit en zuiverheid<\/strong>, waardoor het ideaal is voor <strong data-start=\"5849\" data-end=\"5907\">chromatografie, spectroscopie en kwantitatieve analyse<\/strong> i kontrollerte laboratoriemilj\u00f8er.<\/p>\n<blockquote data-start=\"5953\" data-end=\"6097\">\n<p data-start=\"5955\" data-end=\"6097\">\u26a0\ufe0f <strong data-start=\"5958\" data-end=\"5969\">NB:<\/strong> Dette produktet er <strong data-start=\"5985\" data-end=\"6035\">kun beregnet for laboratorieforskning<\/strong> og <strong data-start=\"6039\" data-end=\"6096\">ikke egnet for konsum av mennesker eller dyr<\/strong>.<\/p>\n<\/blockquote>\n<hr data-start=\"6099\" data-end=\"6102\" \/>\n<h3 data-start=\"6104\" data-end=\"6135\"><strong data-start=\"6108\" data-end=\"6135\">Viktige funksjoner<\/strong><\/h3>\n<ul data-start=\"6137\" data-end=\"6650\">\n<li data-start=\"6137\" data-end=\"6228\">\n<p data-start=\"6139\" data-end=\"6228\"><strong data-start=\"6139\" data-end=\"6159\">H\u00f8y renhet:<\/strong> \u226599% analytische kwaliteit, getest in gecertificeerde laboratoria. mdphp kopen<\/p>\n<\/li>\n<li data-start=\"6229\" data-end=\"6314\">\n<p data-start=\"6231\" data-end=\"6314\"><strong data-start=\"6231\" data-end=\"6249\">Freebase-vorm:<\/strong> Verhoogde stabiliteit en veelzijdige toepassingsmogelijkheden.<\/p>\n<\/li>\n<li data-start=\"6315\" data-end=\"6395\">\n<p data-start=\"6317\" data-end=\"6395\"><strong data-start=\"6317\" data-end=\"6334\">Batchtestet:<\/strong> Elke batch gecontroleerd op samenstelling en consistentie.<\/p>\n<\/li>\n<li data-start=\"6396\" data-end=\"6480\">\n<p data-start=\"6398\" data-end=\"6480\"><strong data-start=\"6398\" data-end=\"6421\">Laboratoriumnormen:<\/strong> Produsert i henhold til <strong data-start=\"6443\" data-end=\"6477\">God laboratoriepraksis (GLP)<\/strong>.<\/p>\n<\/li>\n<li data-start=\"6481\" data-end=\"6573\">\n<p data-start=\"6483\" data-end=\"6573\"><strong data-start=\"6483\" data-end=\"6504\">Bredt anvendelig:<\/strong> Geschikt voor spectroscopie, chromatografie en massaspectrometrie.<\/p>\n<\/li>\n<li data-start=\"6574\" data-end=\"6650\">\n<p data-start=\"6576\" data-end=\"6650\"><strong data-start=\"6576\" data-end=\"6599\">Sikker emballasje:<\/strong> Verzegeld, luchtdicht en vochtbestendig verpakt.<\/p>\n<\/li>\n<\/ul>\n<hr data-start=\"6652\" data-end=\"6655\" \/>\n<h3 data-start=\"6657\" data-end=\"6674\"><strong data-start=\"6661\" data-end=\"6674\">Fordeler<\/strong><\/h3>\n<ol data-start=\"6676\" data-end=\"7118\">\n<li data-start=\"6676\" data-end=\"6772\">\n<p data-start=\"6679\" data-end=\"6772\"><strong data-start=\"6679\" data-end=\"6716\">P\u00e5litelige forskningsresultater:<\/strong> Constante zuiverheid garandeert reproduceerbare data.<\/p>\n<\/li>\n<li data-start=\"6773\" data-end=\"6851\">\n<p data-start=\"6776\" data-end=\"6851\"><strong data-start=\"6776\" data-end=\"6802\">Kjemisk stabilitet:<\/strong> Freebase-vorm voorkomt afbraak tijdens opslag.<\/p>\n<\/li>\n<li data-start=\"6852\" data-end=\"6949\">\n<p data-start=\"6855\" data-end=\"6949\"><strong data-start=\"6855\" data-end=\"6878\">Allsidig bruk:<\/strong> Geschikt voor verschillende analytische en forensische toepassingen.<\/p>\n<\/li>\n<li data-start=\"6950\" data-end=\"7038\">\n<p data-start=\"6953\" data-end=\"7038\"><strong data-start=\"6953\" data-end=\"6981\">Profesjonell kvalitet:<\/strong> Geproduceerd onder strikte laboratoriumomstandigheden.<\/p>\n<\/li>\n<li data-start=\"7039\" data-end=\"7118\">\n<p data-start=\"7042\" data-end=\"7118\"><strong data-start=\"7042\" data-end=\"7070\">Lang holdbarhet:<\/strong> Blijft stabiel en zuiver bij correcte opslag.<\/p>\n<\/li>\n<\/ol>\n<hr data-start=\"7120\" data-end=\"7123\" \/>\n<h3 data-start=\"7125\" data-end=\"7164\"><strong data-start=\"7129\" data-end=\"7164\">Bruk (kun til forskning)<\/strong><\/h3>\n<ol data-start=\"7166\" data-end=\"7537\">\n<li data-start=\"7166\" data-end=\"7257\">\n<p data-start=\"7169\" data-end=\"7257\"><strong data-start=\"7169\" data-end=\"7199\">Bruk vernekl\u00e6r<\/strong> zoals handschoenen, veiligheidsbril en laboratoriumjas.<\/p>\n<\/li>\n<li data-start=\"7258\" data-end=\"7326\">\n<p data-start=\"7261\" data-end=\"7326\"><strong data-start=\"7261\" data-end=\"7299\">Bruk kalibrerte instrumenter<\/strong> voor nauwkeurig afwegen.<\/p>\n<\/li>\n<li data-start=\"7327\" data-end=\"7393\">\n<p data-start=\"7330\" data-end=\"7393\"><strong data-start=\"7330\" data-end=\"7363\">Volg het laboratoriumprotocol<\/strong> voor uw specifieke analyse.<\/p>\n<\/li>\n<li data-start=\"7394\" data-end=\"7467\">\n<p data-start=\"7397\" data-end=\"7467\"><strong data-start=\"7397\" data-end=\"7428\">Bewaar ongebruikt materiaal<\/strong> op een koele, droge, donkere plaats.<\/p>\n<\/li>\n<li data-start=\"7468\" data-end=\"7537\">\n<p data-start=\"7471\" data-end=\"7537\"><strong data-start=\"7471\" data-end=\"7491\">Fjern rester<\/strong> i samsvar med gjeldende sikkerhetsretningslinjer.<\/p>\n<\/li>\n<\/ol>\n<blockquote data-start=\"7539\" data-end=\"7616\">\n<p data-start=\"7541\" data-end=\"7616\">\u2697\ufe0f <strong data-start=\"7544\" data-end=\"7616\">Kun for laboratorietesting \u2013 ikke til konsum.<\/strong><\/p>\n<\/blockquote>\n<hr data-start=\"7618\" data-end=\"7621\" \/>\n<h3 data-start=\"7623\" data-end=\"7648\"><strong data-start=\"7627\" data-end=\"7648\">Oppbevaringsinstruksjoner<\/strong><\/h3>\n<ul data-start=\"7650\" data-end=\"7825\">\n<li data-start=\"7650\" data-end=\"7692\">\n<p data-start=\"7652\" data-end=\"7692\">Lagre p\u00e5 <strong data-start=\"7663\" data-end=\"7672\">2\u20138 \u00b0C<\/strong>, t\u00f8rt og m\u00f8rkt.<\/p>\n<\/li>\n<li data-start=\"7693\" data-end=\"7736\">\n<p data-start=\"7695\" data-end=\"7736\">Ta vare p\u00e5 emballasjen <strong data-start=\"7714\" data-end=\"7733\">godt lukket<\/strong>.<\/p>\n<\/li>\n<li data-start=\"7737\" data-end=\"7782\">\n<p data-start=\"7739\" data-end=\"7782\">Beskytt mot <strong data-start=\"7754\" data-end=\"7779\">lys, luft og fuktighet<\/strong>.<\/p>\n<\/li>\n<li data-start=\"7783\" data-end=\"7825\">\n<p data-start=\"7785\" data-end=\"7825\">Oppbevares utilgjengelig for uvedkommende.<\/p>\n<\/li>\n<\/ul>\n<hr data-start=\"7827\" data-end=\"7830\" \/>\n<h3 data-start=\"7832\" data-end=\"7867\"><strong data-start=\"7836\" data-end=\"7867\">Ofte stilte sp\u00f8rsm\u00e5l (FAQ)<\/strong><\/h3>\n<p data-start=\"7869\" data-end=\"8041\"><strong data-start=\"7869\" data-end=\"7924\">1. Waarvoor wordt MDPHP Poeder (Freebase) gebruikt?<\/strong><br data-start=\"7924\" data-end=\"7927\" \/>Til <strong data-start=\"7932\" data-end=\"7976\">vitenskapelig og analytisk forskning<\/strong>, zoals <strong data-start=\"7984\" data-end=\"8038\">forensische analyses en chemische structuurstudies<\/strong>.<\/p>\n<p data-start=\"8043\" data-end=\"8226\"><strong data-start=\"8043\" data-end=\"8090\">2. Er dette produktet egnet for konsum?<\/strong><br data-start=\"8090\" data-end=\"8093\" \/>Nee. MDPHP Poeder (Freebase) is <strong data-start=\"8125\" data-end=\"8175\">kun beregnet for laboratorieforskning<\/strong> og <strong data-start=\"8179\" data-end=\"8223\">ikke egnet til konsum<\/strong>.<\/p>\n<p data-start=\"8228\" data-end=\"8372\"><strong data-start=\"8228\" data-end=\"8276\">3. Hva er den beste m\u00e5ten \u00e5 oppbevare dette produktet p\u00e5?<\/strong><br data-start=\"8276\" data-end=\"8279\" \/>Spar p\u00e5 en <strong data-start=\"8293\" data-end=\"8335\">kj\u00f8lig, t\u00f8rt og m\u00f8rkt sted (2\u20138 \u00b0C)<\/strong> i en godt lukket beholder.<\/p>\n<hr data-start=\"8374\" data-end=\"8377\" \/>\n<h3 data-start=\"8379\" data-end=\"8396\"><strong data-start=\"8383\" data-end=\"8396\">Konklusjon<\/strong><\/h3>\n<p data-start=\"8398\" data-end=\"8643\"><strong data-start=\"8398\" data-end=\"8425\">MDPHP Poeder (Freebase)<\/strong> tilbud <strong data-start=\"8432\" data-end=\"8493\">eksepsjonell renhet, stabilitet og p\u00e5litelighet<\/strong> voor professioneel laboratoriumonderzoek. Perfect voor analytische, forensische en structurele toepassingen in gecontroleerde onderzoeksomgevingen.<\/p>\n<ul>\n<li><\/li>\n<\/ul>","protected":false},"excerpt":{"rendered":"<h2><strong>MDPHP-pulver (fri base)<\/strong><\/h2>\n<p>CAS-nr.: 776994-64-0<br \/>\nFormel: C17H23NO3 FRIBASE<br \/>\nMolmasse: 289,375 g mol<br \/>\nRenhet: \u226598%<\/p>","protected":false},"featured_media":28553,"comment_status":"closed","ping_status":"closed","template":"","meta":[],"product_brand":[],"product_cat":[488],"product_tag":[560,559,581,326],"class_list":{"0":"post-24037","1":"product","2":"type-product","3":"status-publish","4":"has-post-thumbnail","6":"product_cat-verboden","7":"product_tag-mdphp-freebase-kopen","8":"product_tag-mdphp-kopen","9":"product_tag-mdphp-poeder","10":"product_tag-nl","12":"first","13":"instock","14":"taxable","15":"shipping-taxable","16":"purchasable","17":"product-type-variable"},"_links":{"self":[{"href":"https:\/\/researchchemicalhub.com\/nb\/wp-json\/wp\/v2\/product\/24037","targetHints":{"allow":["GET"]}}],"collection":[{"href":"https:\/\/researchchemicalhub.com\/nb\/wp-json\/wp\/v2\/product"}],"about":[{"href":"https:\/\/researchchemicalhub.com\/nb\/wp-json\/wp\/v2\/types\/product"}],"replies":[{"embeddable":true,"href":"https:\/\/researchchemicalhub.com\/nb\/wp-json\/wp\/v2\/comments?post=24037"}],"version-history":[{"count":5,"href":"https:\/\/researchchemicalhub.com\/nb\/wp-json\/wp\/v2\/product\/24037\/revisions"}],"predecessor-version":[{"id":27889,"href":"https:\/\/researchchemicalhub.com\/nb\/wp-json\/wp\/v2\/product\/24037\/revisions\/27889"}],"wp:featuredmedia":[{"embeddable":true,"href":"https:\/\/researchchemicalhub.com\/nb\/wp-json\/wp\/v2\/media\/28553"}],"wp:attachment":[{"href":"https:\/\/researchchemicalhub.com\/nb\/wp-json\/wp\/v2\/media?parent=24037"}],"wp:term":[{"taxonomy":"product_brand","embeddable":true,"href":"https:\/\/researchchemicalhub.com\/nb\/wp-json\/wp\/v2\/product_brand?post=24037"},{"taxonomy":"product_cat","embeddable":true,"href":"https:\/\/researchchemicalhub.com\/nb\/wp-json\/wp\/v2\/product_cat?post=24037"},{"taxonomy":"product_tag","embeddable":true,"href":"https:\/\/researchchemicalhub.com\/nb\/wp-json\/wp\/v2\/product_tag?post=24037"}],"curies":[{"name":"wp","href":"https:\/\/api.w.org\/{rel}","templated":true}]}}