{"id":23926,"date":"2025-04-13T17:40:43","date_gmt":"2025-04-13T17:40:43","guid":{"rendered":"https:\/\/researchchemicalhub.com\/?post_type=product&#038;p=23926"},"modified":"2025-10-30T07:50:51","modified_gmt":"2025-10-30T07:50:51","slug":"adb-butinaca","status":"publish","type":"product","link":"https:\/\/researchchemicalhub.com\/nb\/butikk\/forbudt\/adb-butinaca\/","title":{"rendered":"ADB-B \/ ADB-BUTINACA"},"content":{"rendered":"<h3 data-start=\"6150\" data-end=\"6169\"><strong data-start=\"6154\" data-end=\"6169\">Introduksjon<\/strong><\/h3>\n<p data-start=\"6171\" data-end=\"6493\"><strong data-start=\"6171\" data-end=\"6180\">ADB-B<\/strong>, ogs\u00e5 kjent som <strong data-start=\"6197\" data-end=\"6213\">ADB-BUTINACA<\/strong>, er en <strong data-start=\"6222\" data-end=\"6277\">syntetisk cannabinoid av analytisk kvalitet<\/strong>, utviklet for <strong data-start=\"6295\" data-end=\"6343\">rettsmedisinsk, analytisk og kjemisk forskning<\/strong>adb butinaca<br data-start=\"6344\" data-end=\"6347\" \/>Forbindelsen tilh\u00f8rer <strong data-start=\"6376\" data-end=\"6410\">indazol-3-karboksamid-familien<\/strong> og er strukturelt beslektet med stoffer som <strong data-start=\"6455\" data-end=\"6469\">ADB-BINACA<\/strong> og <strong data-start=\"6473\" data-end=\"6490\">MDMB-BUTINACA<\/strong>.<\/p>\n<p data-start=\"6495\" data-end=\"6852\">Dette forskningsstoffet er mye brukt i <strong data-start=\"6538\" data-end=\"6592\">reseptorbindingsstudier, toksikologiske analyser<\/strong> og <strong data-start=\"6596\" data-end=\"6625\">rettsmedisinsk identifikasjon<\/strong>.<br data-start=\"6626\" data-end=\"6629\" \/>Produsert i henhold til <strong data-start=\"6650\" data-end=\"6691\">GLP-standarder (god laboratoriepraksis)<\/strong>, ADB-BUTINACA garanterer en <strong data-start=\"6721\" data-end=\"6744\">renhet p\u00e5 \u226599%<\/strong>, <strong data-start=\"6746\" data-end=\"6771\">kjemisk stabilitet<\/strong> og <strong data-start=\"6775\" data-end=\"6797\">batchkonsistens<\/strong> \u2013 ideell for kontrollerte laboratoriemilj\u00f8er.<\/p>\n<blockquote data-start=\"6854\" data-end=\"6998\">\n<p data-start=\"6856\" data-end=\"6998\">\u26a0\ufe0f <strong data-start=\"6859\" data-end=\"6870\">NB:<\/strong> Dette produktet er <strong data-start=\"6886\" data-end=\"6936\">kun beregnet for laboratorieforskning<\/strong> og <strong data-start=\"6940\" data-end=\"6997\">ikke egnet for konsum av mennesker eller dyr<\/strong>.<\/p>\n<\/blockquote>\n<hr data-start=\"7000\" data-end=\"7003\" \/>\n<h3 data-start=\"7005\" data-end=\"7036\"><strong data-start=\"7009\" data-end=\"7036\">Viktige funksjoner<\/strong><\/h3>\n<ul data-start=\"7038\" data-end=\"7537\">\n<li data-start=\"7038\" data-end=\"7120\">\n<p data-start=\"7040\" data-end=\"7120\"><strong data-start=\"7040\" data-end=\"7072\">H\u00f8y analytisk renhet:<\/strong> \u226599% testet med kromatografiske teknikker.<\/p>\n<\/li>\n<li data-start=\"7121\" data-end=\"7215\">\n<p data-start=\"7123\" data-end=\"7215\"><strong data-start=\"7123\" data-end=\"7153\">Syntetisk cannabinoid:<\/strong> Avledet fra indazol-3-karboksamid for reseptorforskning.<\/p>\n<\/li>\n<li data-start=\"7216\" data-end=\"7285\">\n<p data-start=\"7218\" data-end=\"7285\"><strong data-start=\"7218\" data-end=\"7239\">Kjemisk stabil:<\/strong> Motstandsdyktig mot nedbrytning ved riktig lagring.<\/p>\n<\/li>\n<li data-start=\"7286\" data-end=\"7372\">\n<p data-start=\"7288\" data-end=\"7372\"><strong data-start=\"7288\" data-end=\"7306\">GLP-produksjon:<\/strong> Produsert under strenge <strong data-start=\"7334\" data-end=\"7362\">God laboratoriepraksis<\/strong>-standarder.<\/p>\n<\/li>\n<li data-start=\"7373\" data-end=\"7459\">\n<p data-start=\"7375\" data-end=\"7459\"><strong data-start=\"7375\" data-end=\"7392\">Batchtestet:<\/strong> Hver batch kontrolleres for identitet, struktur og renhet.<\/p>\n<\/li>\n<li data-start=\"7460\" data-end=\"7537\">\n<p data-start=\"7462\" data-end=\"7537\"><strong data-start=\"7462\" data-end=\"7485\">Sikker emballasje:<\/strong> Lufttett og forseglet for \u00e5 opprettholde kvaliteten.<\/p>\n<\/li>\n<\/ul>\n<hr data-start=\"7539\" data-end=\"7542\" \/>\n<h3 data-start=\"7544\" data-end=\"7561\"><strong data-start=\"7548\" data-end=\"7561\">Fordeler<\/strong><\/h3>\n<ol data-start=\"7563\" data-end=\"7988\">\n<li data-start=\"7563\" data-end=\"7650\">\n<p data-start=\"7566\" data-end=\"7650\"><strong data-start=\"7566\" data-end=\"7603\">P\u00e5litelige forskningsresultater:<\/strong> H\u00f8y renhet sikrer konsistente data.<\/p>\n<\/li>\n<li data-start=\"7651\" data-end=\"7739\">\n<p data-start=\"7654\" data-end=\"7739\"><strong data-start=\"7654\" data-end=\"7681\">Langsiktig stabilitet:<\/strong> Motstandsdyktig mot lys, fuktighet og temperatursvingninger.<\/p>\n<\/li>\n<li data-start=\"7740\" data-end=\"7808\">\n<p data-start=\"7743\" data-end=\"7808\"><strong data-start=\"7743\" data-end=\"7767\">Presisjonsformulering:<\/strong> Lett \u00e5 h\u00e5ndtere og dosere.<\/p>\n<\/li>\n<li data-start=\"7809\" data-end=\"7897\">\n<p data-start=\"7812\" data-end=\"7897\"><strong data-start=\"7812\" data-end=\"7840\">Profesjonell kvalitet:<\/strong> Egnet for rettsmedisinske og analytiske applikasjoner.<\/p>\n<\/li>\n<li data-start=\"7898\" data-end=\"7988\">\n<p data-start=\"7901\" data-end=\"7988\"><strong data-start=\"7901\" data-end=\"7935\">Ideell for reseptorforskning:<\/strong> Perfekt for <strong data-start=\"7949\" data-end=\"7985\">bindings- og strukturstudier<\/strong>.<\/p>\n<\/li>\n<\/ol>\n<hr data-start=\"7990\" data-end=\"7993\" \/>\n<h3 data-start=\"7995\" data-end=\"8034\"><strong data-start=\"7999\" data-end=\"8034\">Bruk (kun til forskning)<\/strong><\/h3>\n<ol data-start=\"8036\" data-end=\"8458\">\n<li data-start=\"8036\" data-end=\"8128\">\n<p data-start=\"8039\" data-end=\"8128\"><strong data-start=\"8039\" data-end=\"8070\">Bruk vernekl\u00e6r:<\/strong> Hansker, vernebriller og laboratoriefrakk er p\u00e5krevd.<\/p>\n<\/li>\n<li data-start=\"8129\" data-end=\"8207\">\n<p data-start=\"8132\" data-end=\"8207\"><strong data-start=\"8132\" data-end=\"8156\">Bruk i avtrekkskap:<\/strong> Unng\u00e5 direkte kontakt eller inn\u00e5nding av stoffet.<\/p>\n<\/li>\n<li data-start=\"8208\" data-end=\"8294\">\n<p data-start=\"8211\" data-end=\"8294\"><strong data-start=\"8211\" data-end=\"8231\">M\u00e5l n\u00f8yaktig:<\/strong> Bruk kalibrerte instrumenter for presise resultater.<\/p>\n<\/li>\n<li data-start=\"8295\" data-end=\"8365\">\n<p data-start=\"8298\" data-end=\"8365\"><strong data-start=\"8298\" data-end=\"8323\">Merknad om batchdetaljer:<\/strong> Registrer renhet og pr\u00f8vevekt.<\/p>\n<\/li>\n<li data-start=\"8366\" data-end=\"8458\">\n<p data-start=\"8369\" data-end=\"8458\"><strong data-start=\"8369\" data-end=\"8403\">Kast avfall p\u00e5 en sikker m\u00e5te:<\/strong> F\u00f8lg laboratoriets sikkerhetsretningslinjer.<\/p>\n<\/li>\n<\/ol>\n<blockquote data-start=\"8460\" data-end=\"8545\">\n<p data-start=\"8462\" data-end=\"8545\">\u2697\ufe0f <strong data-start=\"8465\" data-end=\"8545\">Kun for laboratorietesting \u2013 ikke til konsum.<\/strong><\/p>\n<\/blockquote>\n<hr data-start=\"8547\" data-end=\"8550\" \/>\n<h3 data-start=\"8552\" data-end=\"8577\"><strong data-start=\"8556\" data-end=\"8577\">Oppbevaringsinstruksjoner<\/strong><\/h3>\n<ul data-start=\"8579\" data-end=\"8773\">\n<li data-start=\"8579\" data-end=\"8647\">\n<p data-start=\"8581\" data-end=\"8647\">Lagre p\u00e5 <strong data-start=\"8592\" data-end=\"8601\">2\u20138 \u00b0C<\/strong>, p\u00e5 en <strong data-start=\"8610\" data-end=\"8644\">kj\u00f8lig, t\u00f8rt og m\u00f8rkt sted<\/strong>.<\/p>\n<\/li>\n<li data-start=\"8648\" data-end=\"8684\">\n<p data-start=\"8650\" data-end=\"8684\">Hold beholderen tett lukket.<\/p>\n<\/li>\n<li data-start=\"8685\" data-end=\"8730\">\n<p data-start=\"8687\" data-end=\"8730\">Beskytt mot <strong data-start=\"8702\" data-end=\"8727\">lys, fuktighet og varme<\/strong>.<\/p>\n<\/li>\n<li data-start=\"8731\" data-end=\"8773\">\n<p data-start=\"8733\" data-end=\"8773\">Oppbevares utilgjengelig for uvedkommende.<\/p>\n<\/li>\n<\/ul>\n<hr data-start=\"8775\" data-end=\"8778\" \/>\n<h3 data-start=\"8780\" data-end=\"8815\"><strong data-start=\"8784\" data-end=\"8815\">Ofte stilte sp\u00f8rsm\u00e5l (FAQ)<\/strong><\/h3>\n<p data-start=\"8817\" data-end=\"9007\"><strong data-start=\"8817\" data-end=\"8869\">1. Hva brukes ADB-B (ADB-BUTINACA) til?<\/strong><br data-start=\"8869\" data-end=\"8872\" \/>ADB-BUTINACA brukes til <strong data-start=\"8905\" data-end=\"8943\">rettsmedisinsk og analytisk forskning<\/strong>, spesielt i <strong data-start=\"8957\" data-end=\"9004\">reseptorbinding og toksikologiske studier<\/strong>.<\/p>\n<p data-start=\"9009\" data-end=\"9210\"><strong data-start=\"9009\" data-end=\"9068\">2. Er ADB-BUTINACA egnet for konsum?<\/strong><br data-start=\"9068\" data-end=\"9071\" \/>Ingen. <strong data-start=\"9076\" data-end=\"9092\">ADB-BUTINACA<\/strong> er <strong data-start=\"9096\" data-end=\"9146\">kun beregnet for laboratorieforskning<\/strong> og <strong data-start=\"9150\" data-end=\"9207\">ikke egnet for konsum av mennesker eller dyr<\/strong>.<\/p>\n<p data-start=\"9212\" data-end=\"9333\"><strong data-start=\"9212\" data-end=\"9256\">3. Hvordan oppbevarer jeg best ADB-BUTINACA?<\/strong><br data-start=\"9256\" data-end=\"9259\" \/>Lagre p\u00e5 <strong data-start=\"9270\" data-end=\"9279\">2\u20138 \u00b0C<\/strong>, i en <strong data-start=\"9288\" data-end=\"9330\">t\u00f8rt, m\u00f8rkt og lufttett milj\u00f8<\/strong>.<\/p>\n<hr data-start=\"9335\" data-end=\"9338\" \/>\n<h3 data-start=\"9340\" data-end=\"9357\"><strong data-start=\"9344\" data-end=\"9357\">Konklusjon<\/strong><\/h3>\n<p data-start=\"9359\" data-end=\"9628\"><strong data-start=\"9359\" data-end=\"9383\">ADB-B (ADB-BUTINACA)<\/strong> tilbud <strong data-start=\"9390\" data-end=\"9452\">utmerket renhet, stabilitet og reproduserbarhet<\/strong>, ideell for <strong data-start=\"9466\" data-end=\"9504\">rettsmedisinsk og analytisk forskning<\/strong>.<br data-start=\"9505\" data-end=\"9508\" \/>Et p\u00e5litelig valg for laboratorier med fokus p\u00e5 <strong data-start=\"9567\" data-end=\"9625\">syntetisk cannabinoidanalyse og reseptorforskning<\/strong>.<\/p>\n<h1><a style=\"font-size: 16px;\" href=\"https:\/\/researchchemicalhub.com\/nb\/butikk\/iboga-ibogain\/iboga-rotbark\/\"><span dir=\"auto\" style=\"vertical-align: inherit;\"><span dir=\"auto\" style=\"vertical-align: inherit;\">Iboga rotbark<\/span><\/span><\/a><a style=\"font-size: 16px;\" href=\"https:\/\/researchchemicalhub.com\/nb\/butikk\/iboga-ibogain\/kjop-ibogaine-hcl-pa-nett\/\"><span dir=\"auto\" style=\"vertical-align: inherit;\"><span dir=\"auto\" style=\"vertical-align: inherit;\">kj\u00f8p ibogaine hcl p\u00e5 nett<\/span><\/span><\/a><a style=\"font-size: 16px;\" href=\"https:\/\/researchchemicalhub.com\/nb\/butikk\/lysergamider\/1cp-lsd\/\"><span dir=\"auto\" style=\"vertical-align: inherit;\"><span dir=\"auto\" style=\"vertical-align: inherit;\">1cp lsd <\/span><\/span><\/a><a style=\"font-size: 16px;\" href=\"https:\/\/researchchemicalhub.com\/nb\/butikk\/pellets\/o-dsmt-50-mg-pellets\/\"><span dir=\"auto\" style=\"vertical-align: inherit;\"><span dir=\"auto\" style=\"vertical-align: inherit;\">o-dsmt <\/span><\/span><\/a><a style=\"font-size: 16px;\" href=\"https:\/\/researchchemicalhub.com\/nb\/butikk\/lysergamider\/1vlsd\/\"><span dir=\"auto\" style=\"vertical-align: inherit;\"><span dir=\"auto\" style=\"vertical-align: inherit;\">1vlsd<\/span><\/span><\/a><\/h1>","protected":false},"excerpt":{"rendered":"<h3><span dir=\"auto\" style=\"vertical-align: inherit;\"><span dir=\"auto\" style=\"vertical-align: inherit;\">ADB-B \/ ADB-BUTINACA-egenskaper<\/span><\/span><\/h3>\n<p><strong><span dir=\"auto\" style=\"vertical-align: inherit;\"><span dir=\"auto\" style=\"vertical-align: inherit;\">Synonym:<\/span><\/span><\/strong><span dir=\"auto\" style=\"vertical-align: inherit;\"><span dir=\"auto\" style=\"vertical-align: inherit;\"> ADB-B \/ ADB-BUTINACA <\/span><\/span><br \/>\n<strong><span dir=\"auto\" style=\"vertical-align: inherit;\"><span dir=\"auto\" style=\"vertical-align: inherit;\">CAS-nummer:<\/span><\/span><\/strong><span dir=\"auto\" style=\"vertical-align: inherit;\"><span dir=\"auto\" style=\"vertical-align: inherit;\"> 2682867-55-4 <\/span><\/span><br \/>\n<strong><span dir=\"auto\" style=\"vertical-align: inherit;\"><span dir=\"auto\" style=\"vertical-align: inherit;\">Formel:<\/span><\/span><\/strong><span dir=\"auto\" style=\"vertical-align: inherit;\"><span dir=\"auto\" style=\"vertical-align: inherit;\"> C <\/span><\/span><sub><small><span dir=\"auto\" style=\"vertical-align: inherit;\"><span dir=\"auto\" style=\"vertical-align: inherit;\">18<\/span><\/span><\/small><\/sub><span dir=\"auto\" style=\"vertical-align: inherit;\"><span dir=\"auto\" style=\"vertical-align: inherit;\"> H <\/span><\/span><sub><small><span dir=\"auto\" style=\"vertical-align: inherit;\"><span dir=\"auto\" style=\"vertical-align: inherit;\">26<\/span><\/span><\/small><\/sub><span dir=\"auto\" style=\"vertical-align: inherit;\"><span dir=\"auto\" style=\"vertical-align: inherit;\"> N <\/span><\/span><sub><small><span dir=\"auto\" style=\"vertical-align: inherit;\"><span dir=\"auto\" style=\"vertical-align: inherit;\">4<\/span><\/span><\/small><\/sub><span dir=\"auto\" style=\"vertical-align: inherit;\"><span dir=\"auto\" style=\"vertical-align: inherit;\"> \u00c5 <\/span><\/span><sub><small><span dir=\"auto\" style=\"vertical-align: inherit;\"><span dir=\"auto\" style=\"vertical-align: inherit;\">2<\/span><\/span><\/small><\/sub><br \/>\n<strong><span dir=\"auto\" style=\"vertical-align: inherit;\"><span dir=\"auto\" style=\"vertical-align: inherit;\"> Molar masse:<\/span><\/span><\/strong><span dir=\"auto\" style=\"vertical-align: inherit;\"><span dir=\"auto\" style=\"vertical-align: inherit;\"> 330.4 <\/span><\/span><br \/>\n<strong><span dir=\"auto\" style=\"vertical-align: inherit;\"><span dir=\"auto\" style=\"vertical-align: inherit;\">Renhet:<\/span><\/span><\/strong><span dir=\"auto\" style=\"vertical-align: inherit;\"><span dir=\"auto\" style=\"vertical-align: inherit;\"> &gt;98%<\/span><\/span><\/p>","protected":false},"featured_media":28473,"comment_status":"closed","ping_status":"closed","template":"","meta":[],"product_brand":[82],"product_cat":[488],"product_tag":[893,894,895,896],"class_list":{"0":"post-23926","1":"product","2":"type-product","3":"status-publish","4":"has-post-thumbnail","6":"product_brand-research-chemical","7":"product_cat-verboden","8":"product_tag-adb-butinaca","9":"product_tag-adb-butinaca-buy","10":"product_tag-adb-butinaca-psychonaut","11":"product_tag-adb-butinaca-wiki","13":"first","14":"instock","15":"taxable","16":"shipping-taxable","17":"purchasable","18":"product-type-variable"},"_links":{"self":[{"href":"https:\/\/researchchemicalhub.com\/nb\/wp-json\/wp\/v2\/product\/23926","targetHints":{"allow":["GET"]}}],"collection":[{"href":"https:\/\/researchchemicalhub.com\/nb\/wp-json\/wp\/v2\/product"}],"about":[{"href":"https:\/\/researchchemicalhub.com\/nb\/wp-json\/wp\/v2\/types\/product"}],"replies":[{"embeddable":true,"href":"https:\/\/researchchemicalhub.com\/nb\/wp-json\/wp\/v2\/comments?post=23926"}],"version-history":[{"count":6,"href":"https:\/\/researchchemicalhub.com\/nb\/wp-json\/wp\/v2\/product\/23926\/revisions"}],"predecessor-version":[{"id":27919,"href":"https:\/\/researchchemicalhub.com\/nb\/wp-json\/wp\/v2\/product\/23926\/revisions\/27919"}],"wp:featuredmedia":[{"embeddable":true,"href":"https:\/\/researchchemicalhub.com\/nb\/wp-json\/wp\/v2\/media\/28473"}],"wp:attachment":[{"href":"https:\/\/researchchemicalhub.com\/nb\/wp-json\/wp\/v2\/media?parent=23926"}],"wp:term":[{"taxonomy":"product_brand","embeddable":true,"href":"https:\/\/researchchemicalhub.com\/nb\/wp-json\/wp\/v2\/product_brand?post=23926"},{"taxonomy":"product_cat","embeddable":true,"href":"https:\/\/researchchemicalhub.com\/nb\/wp-json\/wp\/v2\/product_cat?post=23926"},{"taxonomy":"product_tag","embeddable":true,"href":"https:\/\/researchchemicalhub.com\/nb\/wp-json\/wp\/v2\/product_tag?post=23926"}],"curies":[{"name":"wp","href":"https:\/\/api.w.org\/{rel}","templated":true}]}}