{"id":23884,"date":"2025-04-13T17:40:36","date_gmt":"2025-04-13T17:40:36","guid":{"rendered":"https:\/\/researchchemicalhub.com\/?post_type=product&#038;p=23884"},"modified":"2025-10-30T08:02:26","modified_gmt":"2025-10-30T08:02:26","slug":"5-mmpa","status":"publish","type":"product","link":"https:\/\/researchchemicalhub.com\/nb\/shop\/5-mmpa\/5-mmpa\/","title":{"rendered":"5-MMPA"},"content":{"rendered":"<p data-start=\"6069\" data-end=\"6367\"><strong data-start=\"6069\" data-end=\"6079\">5-MMPA<\/strong> (5-metylmetoksyfenetylamin) er en <strong data-start=\"6119\" data-end=\"6145\">fenetylaminderivat<\/strong> som ofte brukes i <strong data-start=\"6173\" data-end=\"6211\">analytisk og rettsmedisinsk forskning<\/strong>.<br data-start=\"6212\" data-end=\"6215\" \/>Forbindelsen fungerer som <strong data-start=\"6239\" data-end=\"6262\">referansestandard<\/strong> i laboratorier som fokuserer p\u00e5 <strong data-start=\"6298\" data-end=\"6337\">strukturell og metabolsk analyse<\/strong> av fenetylaminanaloger. <span class=\"___SBox_epc1q-ko_ ___SText_zko9t-ko_\" data-ui-name=\"Link.Text\">5 mmpa<\/span><\/p>\n<p data-start=\"6369\" data-end=\"6551\">Produsert under <strong data-start=\"6388\" data-end=\"6422\">God laboratoriepraksis (GLP)<\/strong>-standarder, 5-MMPA tilbyr en <strong data-start=\"6448\" data-end=\"6471\">renhet p\u00e5 \u226599%<\/strong> og utmerket <strong data-start=\"6487\" data-end=\"6512\">kjemisk stabilitet<\/strong> for p\u00e5litelige forskningsresultater.<\/p>\n<blockquote data-start=\"6553\" data-end=\"6697\">\n<p data-start=\"6555\" data-end=\"6697\">\u26a0\ufe0f <strong data-start=\"6558\" data-end=\"6569\">NB:<\/strong> Dette produktet er <strong data-start=\"6585\" data-end=\"6635\">kun beregnet for laboratorieforskning<\/strong> og <strong data-start=\"6639\" data-end=\"6696\">ikke egnet for konsum av mennesker eller dyr<\/strong>.<\/p>\n<\/blockquote>\n<hr data-start=\"6699\" data-end=\"6702\" \/>\n<h3 data-start=\"6704\" data-end=\"6735\"><strong data-start=\"6708\" data-end=\"6735\">Viktige funksjoner<\/strong><\/h3>\n<ul data-start=\"6737\" data-end=\"7189\">\n<li data-start=\"6737\" data-end=\"6805\">\n<p data-start=\"6739\" data-end=\"6805\"><strong data-start=\"6739\" data-end=\"6771\">H\u00f8y analytisk renhet:<\/strong> \u226599%, testet med HPLC og GC-MS.<\/p>\n<\/li>\n<li data-start=\"6806\" data-end=\"6872\">\n<p data-start=\"6808\" data-end=\"6872\"><strong data-start=\"6808\" data-end=\"6829\">Kjemisk stabil:<\/strong> Motstandsdyktig mot nedbrytning ved riktig lagring.<\/p>\n<\/li>\n<li data-start=\"6873\" data-end=\"6951\">\n<p data-start=\"6875\" data-end=\"6951\"><strong data-start=\"6875\" data-end=\"6893\">GLP-produksjon:<\/strong> Produsert i henhold til internasjonale laboratoriestandarder.<\/p>\n<\/li>\n<li data-start=\"6952\" data-end=\"7031\">\n<p data-start=\"6954\" data-end=\"7031\"><strong data-start=\"6954\" data-end=\"6981\">Fenetylaminderivat:<\/strong> Egnet for strukturell og reseptorforskning.<\/p>\n<\/li>\n<li data-start=\"7032\" data-end=\"7107\">\n<p data-start=\"7034\" data-end=\"7107\"><strong data-start=\"7034\" data-end=\"7051\">Batchtestet:<\/strong> Hvert parti ble kontrollert for identitet og renhet.<\/p>\n<\/li>\n<li data-start=\"7108\" data-end=\"7189\">\n<p data-start=\"7110\" data-end=\"7189\"><strong data-start=\"7110\" data-end=\"7133\">Sikker emballasje:<\/strong> Lufttett og forseglet for lang holdbarhet.<\/p>\n<\/li>\n<\/ul>\n<hr data-start=\"7191\" data-end=\"7194\" \/>\n<h3 data-start=\"7196\" data-end=\"7213\"><strong data-start=\"7200\" data-end=\"7213\">Fordeler<\/strong><\/h3>\n<ol data-start=\"7215\" data-end=\"7650\">\n<li data-start=\"7215\" data-end=\"7292\">\n<p data-start=\"7218\" data-end=\"7292\"><strong data-start=\"7218\" data-end=\"7245\">P\u00e5litelige resultater:<\/strong> H\u00f8y renhet sikrer n\u00f8yaktige data.<\/p>\n<\/li>\n<li data-start=\"7293\" data-end=\"7395\">\n<p data-start=\"7296\" data-end=\"7395\"><strong data-start=\"7296\" data-end=\"7317\">Bredt anvendelig:<\/strong> Passer for <strong data-start=\"7332\" data-end=\"7392\">kromatografi, spektroskopi og toksikologisk forskning<\/strong>.<\/p>\n<\/li>\n<li data-start=\"7396\" data-end=\"7475\">\n<p data-start=\"7399\" data-end=\"7475\"><strong data-start=\"7399\" data-end=\"7423\">Referansestandard:<\/strong> Perfekt for kalibrering og sammenligningsanalyse.<\/p>\n<\/li>\n<li data-start=\"7476\" data-end=\"7564\">\n<p data-start=\"7479\" data-end=\"7564\"><strong data-start=\"7479\" data-end=\"7506\">Langsiktig stabilitet:<\/strong> Motstandsdyktig mot lys, fuktighet og temperaturendringer.<\/p>\n<\/li>\n<li data-start=\"7565\" data-end=\"7650\">\n<p data-start=\"7568\" data-end=\"7650\"><strong data-start=\"7568\" data-end=\"7596\">Profesjonell kvalitet:<\/strong> Ideell for akademiske og rettsmedisinske laboratorier.<\/p>\n<\/li>\n<\/ol>\n<hr data-start=\"7652\" data-end=\"7655\" \/>\n<h3 data-start=\"7657\" data-end=\"7696\"><strong data-start=\"7661\" data-end=\"7696\">Bruk (kun til forskning)<\/strong><\/h3>\n<ol data-start=\"7698\" data-end=\"8122\">\n<li data-start=\"7698\" data-end=\"7785\">\n<p data-start=\"7701\" data-end=\"7785\"><strong data-start=\"7701\" data-end=\"7732\">Bruk vernekl\u00e6r:<\/strong> Hansker, vernebriller og laboratoriefrakk er p\u00e5krevd.<\/p>\n<\/li>\n<li data-start=\"7786\" data-end=\"7866\">\n<p data-start=\"7789\" data-end=\"7866\"><strong data-start=\"7789\" data-end=\"7825\">Arbeid i et kontrollert milj\u00f8:<\/strong> Kun i sertifiserte laboratorier.<\/p>\n<\/li>\n<li data-start=\"7867\" data-end=\"7957\">\n<p data-start=\"7870\" data-end=\"7957\"><strong data-start=\"7870\" data-end=\"7897\">Merk batchinformasjon:<\/strong> Registrer renhet, batchnummer og testdata.<\/p>\n<\/li>\n<li data-start=\"7958\" data-end=\"8031\">\n<p data-start=\"7961\" data-end=\"8031\"><strong data-start=\"7961\" data-end=\"7992\">Bruk presisjonsutstyr:<\/strong> For presis veiing og m\u00e5ling.<\/p>\n<\/li>\n<li data-start=\"8032\" data-end=\"8122\">\n<p data-start=\"8035\" data-end=\"8122\"><strong data-start=\"8035\" data-end=\"8068\">Kast avfall p\u00e5 en sikker m\u00e5te:<\/strong> F\u00f8lg laboratoriets sikkerhetsprosedyrer.<\/p>\n<\/li>\n<\/ol>\n<blockquote data-start=\"8124\" data-end=\"8209\">\n<p data-start=\"8126\" data-end=\"8209\">\u2697\ufe0f <strong data-start=\"8129\" data-end=\"8209\">Kun for laboratorietesting \u2013 ikke til konsum.<\/strong><\/p>\n<\/blockquote>\n<hr data-start=\"8211\" data-end=\"8214\" \/>\n<h3 data-start=\"8216\" data-end=\"8241\"><strong data-start=\"8220\" data-end=\"8241\">Oppbevaringsinstruksjoner<\/strong><\/h3>\n<ul data-start=\"8243\" data-end=\"8412\">\n<li data-start=\"8243\" data-end=\"8286\">\n<p data-start=\"8245\" data-end=\"8286\">Lagre p\u00e5 <strong data-start=\"8256\" data-end=\"8266\">2\u20138 \u00b0C<\/strong>, t\u00f8rt og m\u00f8rkt.<\/p>\n<\/li>\n<li data-start=\"8287\" data-end=\"8323\">\n<p data-start=\"8289\" data-end=\"8323\">Hold beholderen tett lukket.<\/p>\n<\/li>\n<li data-start=\"8324\" data-end=\"8369\">\n<p data-start=\"8326\" data-end=\"8369\">Beskytt mot <strong data-start=\"8341\" data-end=\"8366\">lys, varme og fuktighet<\/strong>.<\/p>\n<\/li>\n<li data-start=\"8370\" data-end=\"8412\">\n<p data-start=\"8372\" data-end=\"8412\">Oppbevares utilgjengelig for uvedkommende.<\/p>\n<\/li>\n<\/ul>\n<hr data-start=\"8414\" data-end=\"8417\" \/>\n<h3 data-start=\"8419\" data-end=\"8454\"><strong data-start=\"8423\" data-end=\"8454\">Ofte stilte sp\u00f8rsm\u00e5l (FAQ)<\/strong><\/h3>\n<p data-start=\"8456\" data-end=\"8601\"><strong data-start=\"8456\" data-end=\"8494\">1. Hva brukes 5-MMPA til?<\/strong><br data-start=\"8494\" data-end=\"8497\" \/>Til <strong data-start=\"8502\" data-end=\"8540\">rettsmedisinsk og analytisk forskning<\/strong>, rettet mot <strong data-start=\"8553\" data-end=\"8598\">fenetylaminanaloger og metabolske veier<\/strong>.<\/p>\n<p data-start=\"8603\" data-end=\"8792\"><strong data-start=\"8603\" data-end=\"8656\">2. Er 5-MMPA egnet for konsum?<\/strong><br data-start=\"8656\" data-end=\"8659\" \/>Ingen. <strong data-start=\"8664\" data-end=\"8674\">5-MMPA<\/strong> er <strong data-start=\"8678\" data-end=\"8728\">kun beregnet for laboratorieforskning<\/strong> og <strong data-start=\"8732\" data-end=\"8789\">ikke egnet for konsum av mennesker eller dyr<\/strong>.<\/p>\n<p data-start=\"8794\" data-end=\"8929\"><strong data-start=\"8794\" data-end=\"8832\">3. Hvordan b\u00f8r 5-MMPA oppbevares?<\/strong><br data-start=\"8832\" data-end=\"8835\" \/>Spar p\u00e5 en <strong data-start=\"8849\" data-end=\"8892\">kj\u00f8lig, t\u00f8rt og m\u00f8rkt sted (2\u20138 \u00b0C)<\/strong> i en <strong data-start=\"8900\" data-end=\"8926\">lufttett emballasje<\/strong>.<\/p>\n<hr data-start=\"8931\" data-end=\"8934\" \/>\n<h3 data-start=\"8936\" data-end=\"8953\"><strong data-start=\"8940\" data-end=\"8953\">Konklusjon<\/strong><\/h3>\n<p data-start=\"8955\" data-end=\"9209\"><strong data-start=\"8955\" data-end=\"8965\">5-MMPA<\/strong> er en <strong data-start=\"8973\" data-end=\"9017\">analytisk forskningsmateriale av h\u00f8y kvalitet<\/strong> med utmerket <strong data-start=\"9034\" data-end=\"9084\">renhet, stabilitet og reproduserbarhet<\/strong>.<br data-start=\"9085\" data-end=\"9088\" \/>Et p\u00e5litelig valg for laboratorier med fokus p\u00e5 <strong data-start=\"9147\" data-end=\"9206\">strukturell, toksikologisk eller reseptororientert forskning<\/strong>.<\/p>","protected":false},"excerpt":{"rendered":"<h2><span style=\"vertical-align: inherit;\"><span style=\"vertical-align: inherit;\"><span dir=\"auto\" style=\"vertical-align: inherit;\"><span dir=\"auto\" style=\"vertical-align: inherit;\">5-MMPA-egenskaper<\/span><\/span><\/span><\/span><\/h2>\n<p><strong><span style=\"vertical-align: inherit;\"><span style=\"vertical-align: inherit;\"><span dir=\"auto\" style=\"vertical-align: inherit;\"><span dir=\"auto\" style=\"vertical-align: inherit;\">Synonym<\/span><\/span><\/span><\/span><\/strong><span style=\"vertical-align: inherit;\"><span style=\"vertical-align: inherit;\"><span dir=\"auto\" style=\"vertical-align: inherit;\"><span dir=\"auto\" style=\"vertical-align: inherit;\"> 5-metylmetiopropamin <\/span><\/span><\/span><\/span><br \/>\n<strong><span style=\"vertical-align: inherit;\"><span style=\"vertical-align: inherit;\"><span dir=\"auto\" style=\"vertical-align: inherit;\"><span dir=\"auto\" style=\"vertical-align: inherit;\">CAS-nummer<\/span><\/span><\/span><\/span><\/strong><span style=\"vertical-align: inherit;\"><span style=\"vertical-align: inherit;\"><span dir=\"auto\" style=\"vertical-align: inherit;\"><span dir=\"auto\" style=\"vertical-align: inherit;\"> : 1340105-79-4 <\/span><\/span><\/span><\/span><br \/>\n<strong><span style=\"vertical-align: inherit;\"><span style=\"vertical-align: inherit;\"><span dir=\"auto\" style=\"vertical-align: inherit;\"><span dir=\"auto\" style=\"vertical-align: inherit;\">Formel<\/span><\/span><\/span><\/span><\/strong><span style=\"vertical-align: inherit;\"><span style=\"vertical-align: inherit;\"><span dir=\"auto\" style=\"vertical-align: inherit;\"><span dir=\"auto\" style=\"vertical-align: inherit;\"> C9H15NS \u2022 HCL <\/span><\/span><\/span><\/span><br \/>\n<strong><span style=\"vertical-align: inherit;\"><span style=\"vertical-align: inherit;\"><span dir=\"auto\" style=\"vertical-align: inherit;\"><span dir=\"auto\" style=\"vertical-align: inherit;\">Molar masse<\/span><\/span><\/span><\/span><\/strong><span style=\"vertical-align: inherit;\"><span style=\"vertical-align: inherit;\"><span dir=\"auto\" style=\"vertical-align: inherit;\"><span dir=\"auto\" style=\"vertical-align: inherit;\"> : 169,29 g mol <\/span><\/span><\/span><\/span><br \/>\n<strong><span style=\"vertical-align: inherit;\"><span style=\"vertical-align: inherit;\"><span dir=\"auto\" style=\"vertical-align: inherit;\"><span dir=\"auto\" style=\"vertical-align: inherit;\">Renhet<\/span><\/span><\/span><\/span><\/strong><span style=\"vertical-align: inherit;\"><span style=\"vertical-align: inherit;\"><span dir=\"auto\" style=\"vertical-align: inherit;\"><span dir=\"auto\" style=\"vertical-align: inherit;\"> : \u226599%<\/span><\/span><\/span><\/span><\/p>","protected":false},"featured_media":28467,"comment_status":"closed","ping_status":"closed","template":"","meta":[],"product_brand":[],"product_cat":[491,322,79],"product_tag":[663,326],"class_list":{"0":"post-23884","1":"product","2":"type-product","3":"status-publish","4":"has-post-thumbnail","6":"product_cat-5-mmpa","7":"product_cat-bijna-verboden","8":"product_cat-cathinonen","9":"product_tag-5-mmpa","10":"product_tag-nl","12":"first","13":"instock","14":"taxable","15":"shipping-taxable","16":"purchasable","17":"product-type-variable"},"_links":{"self":[{"href":"https:\/\/researchchemicalhub.com\/nb\/wp-json\/wp\/v2\/product\/23884","targetHints":{"allow":["GET"]}}],"collection":[{"href":"https:\/\/researchchemicalhub.com\/nb\/wp-json\/wp\/v2\/product"}],"about":[{"href":"https:\/\/researchchemicalhub.com\/nb\/wp-json\/wp\/v2\/types\/product"}],"replies":[{"embeddable":true,"href":"https:\/\/researchchemicalhub.com\/nb\/wp-json\/wp\/v2\/comments?post=23884"}],"version-history":[{"count":6,"href":"https:\/\/researchchemicalhub.com\/nb\/wp-json\/wp\/v2\/product\/23884\/revisions"}],"predecessor-version":[{"id":27930,"href":"https:\/\/researchchemicalhub.com\/nb\/wp-json\/wp\/v2\/product\/23884\/revisions\/27930"}],"wp:featuredmedia":[{"embeddable":true,"href":"https:\/\/researchchemicalhub.com\/nb\/wp-json\/wp\/v2\/media\/28467"}],"wp:attachment":[{"href":"https:\/\/researchchemicalhub.com\/nb\/wp-json\/wp\/v2\/media?parent=23884"}],"wp:term":[{"taxonomy":"product_brand","embeddable":true,"href":"https:\/\/researchchemicalhub.com\/nb\/wp-json\/wp\/v2\/product_brand?post=23884"},{"taxonomy":"product_cat","embeddable":true,"href":"https:\/\/researchchemicalhub.com\/nb\/wp-json\/wp\/v2\/product_cat?post=23884"},{"taxonomy":"product_tag","embeddable":true,"href":"https:\/\/researchchemicalhub.com\/nb\/wp-json\/wp\/v2\/product_tag?post=23884"}],"curies":[{"name":"wp","href":"https:\/\/api.w.org\/{rel}","templated":true}]}}