{"id":23869,"date":"2025-04-13T17:40:36","date_gmt":"2025-04-13T17:40:36","guid":{"rendered":"https:\/\/researchchemicalhub.com\/?post_type=product&#038;p=23869"},"modified":"2025-10-30T08:00:44","modified_gmt":"2025-10-30T08:00:44","slug":"kjop-34-dmmc","status":"publish","type":"product","link":"https:\/\/researchchemicalhub.com\/nb\/butikk\/3\/kjop-34-dmmc\/","title":{"rendered":"3,4-DMMC (3,4-dimetylmetkatinon)"},"content":{"rendered":"<p data-start=\"4596\" data-end=\"4908\"><strong data-start=\"4596\" data-end=\"4636\">3,4-DMMC (3,4-dimetylmetkatinon)<\/strong> er en <strong data-start=\"4644\" data-end=\"4679\">designerstimulerende forbindelse<\/strong> innenfor klassen av <strong data-start=\"4701\" data-end=\"4725\">erstatte katinoner<\/strong>.\u00a0<br data-start=\"4764\" data-end=\"4767\" \/>Det ble f\u00f8rst oppdaget rundt 2010 som en analog av mefedron og andre katinoner. <span class=\"___SBox_epc1q-ko_ ___SText_zko9t-ko_\" data-ui-name=\"Link.Text\">Kj\u00f8p 34 dmmc<\/span><\/p>\n<p data-start=\"4910\" data-end=\"5190\">Som forskningskjemikalie brukes 3,4-DMMC i <strong data-start=\"4966\" data-end=\"5017\">analytiske, strukturelle og rettsmedisinske studier<\/strong> av nye psykoaktive stoffer (NPS). Den fungerer som en referansestandard i laboratorier som unders\u00f8ker transport\u00f8rinteraksjoner, metabolitter og spektral identifikasjon.<\/p>\n<hr data-start=\"5192\" data-end=\"5195\" \/>\n<h3 data-start=\"5197\" data-end=\"5228\"><strong data-start=\"5201\" data-end=\"5228\">Viktige funksjoner<\/strong><\/h3>\n<ul data-start=\"5230\" data-end=\"6038\">\n<li data-start=\"5230\" data-end=\"5319\">\n<p data-start=\"5232\" data-end=\"5319\"><strong data-start=\"5232\" data-end=\"5264\">H\u00f8y analytisk renhet:<\/strong> Typisk renhet \u2265 98\u201399% (batchavhengig).<\/p>\n<\/li>\n<li data-start=\"5320\" data-end=\"5456\">\n<p data-start=\"5322\" data-end=\"5456\"><strong data-start=\"5322\" data-end=\"5346\">Strukturelt analog:<\/strong> Katinon med metylgrupper i 3- og 4-stillingene p\u00e5 fenylringen.<\/p>\n<\/li>\n<li data-start=\"5457\" data-end=\"5650\">\n<p data-start=\"5459\" data-end=\"5650\"><strong data-start=\"5459\" data-end=\"5495\">Monoamintransport\u00f8raktivitet:<\/strong> Fungerer som et substrat\/hemmer av serotonin- og noradrenalintransport\u00f8rer; mindre effekt p\u00e5 dopaminreopptak.<\/p>\n<\/li>\n<li data-start=\"5651\" data-end=\"5785\">\n<p data-start=\"5653\" data-end=\"5785\"><strong data-start=\"5653\" data-end=\"5689\">Robuste karakteriseringsdata:<\/strong> Fullstendig karakterisert ved hjelp av GC\/MS, IR, NMR, UV\/vis.<\/p>\n<\/li>\n<li data-start=\"5786\" data-end=\"5946\">\n<p data-start=\"5788\" data-end=\"5946\"><strong data-start=\"5788\" data-end=\"5815\">Unik GC-retensjonstid:<\/strong> Selv om IR\/UV-profiler ligner mefedron, er retensjonstider og fragmentering forskjellige.<\/p>\n<\/li>\n<li data-start=\"5947\" data-end=\"6038\">\n<p data-start=\"5949\" data-end=\"6038\"><strong data-start=\"5949\" data-end=\"5979\">Stabil ved riktig lagring:<\/strong> Beholder integriteten n\u00e5r den er riktig tildekket og beskyttet.<\/p>\n<\/li>\n<\/ul>\n<hr data-start=\"6040\" data-end=\"6043\" \/>\n<h3 data-start=\"6045\" data-end=\"6062\"><strong data-start=\"6049\" data-end=\"6062\">Fordeler<\/strong><\/h3>\n<ol data-start=\"6064\" data-end=\"6583\">\n<li data-start=\"6064\" data-end=\"6166\">\n<p data-start=\"6067\" data-end=\"6166\"><strong data-start=\"6067\" data-end=\"6098\">P\u00e5litelig referansestoff:<\/strong> Brukes som et kalibrerings- og sammenligningsverkt\u00f8y i rettsmedisinske laboratorier.<\/p>\n<\/li>\n<li data-start=\"6167\" data-end=\"6262\">\n<p data-start=\"6170\" data-end=\"6262\"><strong data-start=\"6170\" data-end=\"6194\">Spektral utfordring:<\/strong> Fungerer som en utfordrende analog for \u00e5 teste instrumentselektivitet.<\/p>\n<\/li>\n<li data-start=\"6263\" data-end=\"6359\">\n<p data-start=\"6266\" data-end=\"6359\"><strong data-start=\"6266\" data-end=\"6291\">Transport\u00f8rforskning:<\/strong> Verdifull i farmakologisk forskning p\u00e5 serotonin\/noradrenalin.<\/p>\n<\/li>\n<li data-start=\"6360\" data-end=\"6468\">\n<p data-start=\"6363\" data-end=\"6468\"><strong data-start=\"6363\" data-end=\"6387\">Metabolittforskning:<\/strong> Hjelper med \u00e5 kartlegge metabolske veier i biologiske pr\u00f8ver.<\/p>\n<\/li>\n<li data-start=\"6469\" data-end=\"6583\">\n<p data-start=\"6472\" data-end=\"6583\"><strong data-start=\"6472\" data-end=\"6509\">St\u00f8tter rettsmedisinsk etterforskning:<\/strong> Forenkler byggingen av spektrale databaser for nye stoffer.<\/p>\n<\/li>\n<\/ol>\n<hr data-start=\"6585\" data-end=\"6588\" \/>\n<h3 data-start=\"6590\" data-end=\"6650\"><strong data-start=\"6594\" data-end=\"6650\">Bruksanvisning (kun til laboratoriebruk)<\/strong><\/h3>\n<ol data-start=\"6652\" data-end=\"7071\">\n<li data-start=\"6652\" data-end=\"6737\">\n<p data-start=\"6655\" data-end=\"6737\"><strong data-start=\"6655\" data-end=\"6696\">Bruk fullt verneutstyr:<\/strong> hansker, vernebriller, laboratoriefrakk.<\/p>\n<\/li>\n<li data-start=\"6738\" data-end=\"6819\">\n<p data-start=\"6741\" data-end=\"6819\"><strong data-start=\"6741\" data-end=\"6781\">Arbeid i et kontrollert milj\u00f8:<\/strong> f.eks. avtrekksvifte, rent arbeidsomr\u00e5de.<\/p>\n<\/li>\n<li data-start=\"6820\" data-end=\"6896\">\n<p data-start=\"6823\" data-end=\"6896\"><strong data-start=\"6823\" data-end=\"6857\">Bruk presise instrumenter:<\/strong> vekt, pipetter, spektrometre etc.<\/p>\n<\/li>\n<li data-start=\"6897\" data-end=\"6984\">\n<p data-start=\"6900\" data-end=\"6984\"><strong data-start=\"6900\" data-end=\"6932\">Eksempeldata for dokument:<\/strong> batchnummer, vekt, renhet, forhold.<\/p>\n<\/li>\n<li data-start=\"6985\" data-end=\"7071\">\n<p data-start=\"6988\" data-end=\"7071\"><strong data-start=\"6988\" data-end=\"7018\">Fjern rester p\u00e5 en sikker m\u00e5te:<\/strong> i henhold til institusjonens sikkerhetsprotokoller.<\/p>\n<\/li>\n<\/ol>\n<blockquote data-start=\"7073\" data-end=\"7189\">\n<p data-start=\"7075\" data-end=\"7189\">\u2697\ufe0f <strong data-start=\"7078\" data-end=\"7189\">Kun for analytiske\/vitenskapelige forskningsform\u00e5l \u2013 ikke til konsum av mennesker eller dyr.<\/strong><\/p>\n<\/blockquote>\n<hr data-start=\"7191\" data-end=\"7194\" \/>\n<h3 data-start=\"7196\" data-end=\"7221\"><strong data-start=\"7200\" data-end=\"7221\">Oppbevaringsinstruksjoner<\/strong><\/h3>\n<ul data-start=\"7223\" data-end=\"7494\">\n<li data-start=\"7223\" data-end=\"7283\">\n<p data-start=\"7225\" data-end=\"7283\">Lagre p\u00e5 <strong data-start=\"7236\" data-end=\"7246\">2\u20138 \u00b0C<\/strong> p\u00e5 et kj\u00f8lig, t\u00f8rt og m\u00f8rkt sted.<\/p>\n<\/li>\n<li data-start=\"7284\" data-end=\"7370\">\n<p data-start=\"7286\" data-end=\"7370\">Bruk inerte, lufttette beholdere (f.eks. ravfargede hetteglass) for \u00e5 beskytte mot fuktighet og lys.<\/p>\n<\/li>\n<li data-start=\"7371\" data-end=\"7430\">\n<p data-start=\"7373\" data-end=\"7430\">Unng\u00e5 gjentatt eksponering for varme eller lys.<\/p>\n<\/li>\n<li data-start=\"7431\" data-end=\"7494\">\n<p data-start=\"7433\" data-end=\"7494\">Kun tilgjengelig for kvalifisert analytisk personell. <span class=\"___SBox_epc1q-ko_ ___SText_zko9t-ko_\" data-ui-name=\"Link.Text\">Kj\u00f8p 34 dmmc<\/span><\/p>\n<\/li>\n<\/ul>\n<hr data-start=\"7496\" data-end=\"7499\" \/>\n<h3 data-start=\"7501\" data-end=\"7536\"><strong data-start=\"7505\" data-end=\"7536\">Ofte stilte sp\u00f8rsm\u00e5l (FAQ)<\/strong><\/h3>\n<p data-start=\"7538\" data-end=\"7781\"><strong data-start=\"7538\" data-end=\"7587\">1. Hva er virkningsmekanismen til 3,4-DMMC?<\/strong><br data-start=\"7587\" data-end=\"7590\" \/>In vitro fungerer det som et substrat\/hemmer av serotonin- og noradrenalintransport\u00f8rer; effekten p\u00e5 dopaminreopptak er relativt svakere.<\/p>\n<p data-start=\"7783\" data-end=\"8013\"><strong data-start=\"7783\" data-end=\"7850\">2. Kan 3,4-DMMC skilles analytisk fra mefedron?<\/strong><br data-start=\"7850\" data-end=\"7853\" \/>Ja. Selv om IR\/UV-profilene kan overlappe, er det GC-retensjonstider og massefragmentering som utgj\u00f8r forskjellen.<\/p>\n<p data-start=\"8015\" data-end=\"8234\"><strong data-start=\"8015\" data-end=\"8058\">3. Er 3,4-DMMC regulert eller ulovlig?<\/strong><br data-start=\"8058\" data-end=\"8061\" \/>I mange land er 3,4-DMMC regulert som et designerkatinon. I USA er det klassifisert som et Schedule I-legemiddel som en posisjonsisomer av 4-MEC. <a href=\"https:\/\/researchchemicalhub.com\/nb\/butikk\/pellets-for-pellets\/1p-lsd-mikrodose\/\">1P-LSD mikrodose<\/a><\/p>","protected":false},"excerpt":{"rendered":"<h3><span style=\"vertical-align: inherit;\"><span style=\"vertical-align: inherit;\">3,4-DMMC er et beslektet stoff til 3-MMC\/3-CMC<\/span><\/span><\/h3>\n<p><span style=\"vertical-align: inherit;\"><span style=\"vertical-align: inherit;\">3,4-DMMC \/ 3,4-dimetylmetkatinon er et stoff vi kun selger til forskningsform\u00e5l og er derfor ikke beregnet for konsum. Stoffet tilh\u00f8rer kategorien katinoner. 3,4-DMMC leveres i pulverform og kan brukes til forskning i opptil 2 \u00e5r n\u00e5r det oppbevares i riktig milj\u00f8.<\/span><\/span><\/p>","protected":false},"featured_media":28394,"comment_status":"closed","ping_status":"closed","template":"","meta":[],"product_brand":[],"product_cat":[493,494,322,79],"product_tag":[1105,326],"class_list":{"0":"post-23869","1":"product","2":"type-product","3":"status-publish","4":"has-post-thumbnail","6":"product_cat-493","7":"product_cat-4-dmmc","8":"product_cat-bijna-verboden","9":"product_cat-cathinonen","10":"product_tag-34-dmmc-kopen","11":"product_tag-nl","13":"first","14":"instock","15":"taxable","16":"shipping-taxable","17":"purchasable","18":"product-type-variable"},"_links":{"self":[{"href":"https:\/\/researchchemicalhub.com\/nb\/wp-json\/wp\/v2\/product\/23869","targetHints":{"allow":["GET"]}}],"collection":[{"href":"https:\/\/researchchemicalhub.com\/nb\/wp-json\/wp\/v2\/product"}],"about":[{"href":"https:\/\/researchchemicalhub.com\/nb\/wp-json\/wp\/v2\/types\/product"}],"replies":[{"embeddable":true,"href":"https:\/\/researchchemicalhub.com\/nb\/wp-json\/wp\/v2\/comments?post=23869"}],"version-history":[{"count":5,"href":"https:\/\/researchchemicalhub.com\/nb\/wp-json\/wp\/v2\/product\/23869\/revisions"}],"predecessor-version":[{"id":27928,"href":"https:\/\/researchchemicalhub.com\/nb\/wp-json\/wp\/v2\/product\/23869\/revisions\/27928"}],"wp:featuredmedia":[{"embeddable":true,"href":"https:\/\/researchchemicalhub.com\/nb\/wp-json\/wp\/v2\/media\/28394"}],"wp:attachment":[{"href":"https:\/\/researchchemicalhub.com\/nb\/wp-json\/wp\/v2\/media?parent=23869"}],"wp:term":[{"taxonomy":"product_brand","embeddable":true,"href":"https:\/\/researchchemicalhub.com\/nb\/wp-json\/wp\/v2\/product_brand?post=23869"},{"taxonomy":"product_cat","embeddable":true,"href":"https:\/\/researchchemicalhub.com\/nb\/wp-json\/wp\/v2\/product_cat?post=23869"},{"taxonomy":"product_tag","embeddable":true,"href":"https:\/\/researchchemicalhub.com\/nb\/wp-json\/wp\/v2\/product_tag?post=23869"}],"curies":[{"name":"wp","href":"https:\/\/api.w.org\/{rel}","templated":true}]}}