{"id":23801,"date":"2025-04-13T17:40:27","date_gmt":"2025-04-13T17:40:27","guid":{"rendered":"https:\/\/researchchemicalhub.com\/?post_type=product&#038;p=23801"},"modified":"2025-10-30T08:17:31","modified_gmt":"2025-10-30T08:17:31","slug":"4fmar","status":"publish","type":"product","link":"https:\/\/researchchemicalhub.com\/nb\/butikk\/aminorex\/4fmar\/","title":{"rendered":"4F-MAR (4-Fluoro-4-metylaminorex)"},"content":{"rendered":"<p data-start=\"4818\" data-end=\"5118\"><strong data-start=\"4818\" data-end=\"4856\">4F-MAR (4-Fluoro-4-metylaminorex)<\/strong> er en <strong data-start=\"4864\" data-end=\"4897\">syntetisk aminorex-derivat<\/strong> som tilh\u00f8rer <strong data-start=\"4917\" data-end=\"4937\">oksazolinklasse<\/strong>Den brukes som <strong data-start=\"4962\" data-end=\"4985\">referansemateriale<\/strong> i analytiske og rettsmedisinske laboratorier for \u00e5 studere den kjemiske strukturen og egenskapene til lignende forbindelser. 4FMAR<\/p>\n<p data-start=\"5120\" data-end=\"5377\">Dette produktet er <strong data-start=\"5135\" data-end=\"5190\">utelukkende beregnet p\u00e5 vitenskapelig forskning<\/strong> og <strong data-start=\"5194\" data-end=\"5251\">ikke egnet for konsum av mennesker eller dyr<\/strong>Forskning p\u00e5 4F-MAR bidrar til utviklingen av deteksjons- og analysemetoder innen rettstoksikologi.<\/p>\n<hr data-start=\"5379\" data-end=\"5382\" \/>\n<h3 data-start=\"5384\" data-end=\"5415\"><strong data-start=\"5388\" data-end=\"5415\">Viktige funksjoner<\/strong><\/h3>\n<ul data-start=\"5417\" data-end=\"5939\">\n<li data-start=\"5417\" data-end=\"5519\">\n<p data-start=\"5419\" data-end=\"5519\"><strong data-start=\"5419\" data-end=\"5439\">H\u00f8y renhet:<\/strong> Produsert under kontrollerte forhold for p\u00e5litelige resultater.<\/p>\n<\/li>\n<li data-start=\"5520\" data-end=\"5629\">\n<p data-start=\"5522\" data-end=\"5629\"><strong data-start=\"5522\" data-end=\"5561\">Sertifisert referansemateriale:<\/strong> Leveres med <strong data-start=\"5575\" data-end=\"5603\">analysesertifikat (COA)<\/strong> og renhetsdata.<\/p>\n<\/li>\n<li data-start=\"5630\" data-end=\"5734\">\n<p data-start=\"5632\" data-end=\"5734\"><strong data-start=\"5632\" data-end=\"5658\">Rettsmedisinsk anvendelig:<\/strong> Egnet for kjemisk profilering og toksikologisk referanseforskning. 4FMAR<\/p>\n<\/li>\n<li data-start=\"5735\" data-end=\"5837\">\n<p data-start=\"5737\" data-end=\"5837\"><strong data-start=\"5737\" data-end=\"5774\">Kompatibel med analyseutstyr:<\/strong> Egnet for bruk med <strong data-start=\"5801\" data-end=\"5810\">GC-MS<\/strong>, <strong data-start=\"5812\" data-end=\"5821\">LC-MS<\/strong>, og <strong data-start=\"5826\" data-end=\"5834\">HPLC<\/strong>.<\/p>\n<\/li>\n<li data-start=\"5838\" data-end=\"5939\">\n<p data-start=\"5840\" data-end=\"5939\"><strong data-start=\"5840\" data-end=\"5860\">Stabilt produkt:<\/strong> Utviklet for langtidslagring under standard laboratorieforhold.<\/p>\n<\/li>\n<\/ul>\n<hr data-start=\"5941\" data-end=\"5944\" \/>\n<h3 data-start=\"5946\" data-end=\"5963\"><strong data-start=\"5950\" data-end=\"5963\">Fordeler<\/strong><\/h3>\n<ul data-start=\"5965\" data-end=\"6483\">\n<li data-start=\"5965\" data-end=\"6078\">\n<p data-start=\"5967\" data-end=\"6078\"><strong data-start=\"5967\" data-end=\"6003\">St\u00f8tter rettsmedisinsk analyse:<\/strong> Hjelper med \u00e5 identifisere aminorex-analoger i forskningspr\u00f8ver.<\/p>\n<\/li>\n<li data-start=\"6079\" data-end=\"6182\">\n<p data-start=\"6081\" data-end=\"6182\"><strong data-start=\"6081\" data-end=\"6121\">\u00d8ker analytisk n\u00f8yaktighet:<\/strong> Gir en p\u00e5litelig referanse for laboratoriekalibrering.<\/p>\n<\/li>\n<li data-start=\"6183\" data-end=\"6284\">\n<p data-start=\"6185\" data-end=\"6284\"><strong data-start=\"6185\" data-end=\"6218\">Vitenskapelig relevans:<\/strong> Egnet for kjemiske, strukturelle og toksikologiske studier.<\/p>\n<\/li>\n<li data-start=\"6285\" data-end=\"6383\">\n<p data-start=\"6287\" data-end=\"6383\"><strong data-start=\"6287\" data-end=\"6320\">Oppfyller kvalitetsstandarder:<\/strong> Produsert i henhold til internasjonale laboratorieretningslinjer.<\/p>\n<\/li>\n<li data-start=\"6384\" data-end=\"6483\">\n<p data-start=\"6386\" data-end=\"6483\"><strong data-start=\"6386\" data-end=\"6417\">Bred forskningsanvendbarhet:<\/strong> Brukes i toksikologisk og analytisk utdanning og forskning.<\/p>\n<\/li>\n<\/ul>\n<hr data-start=\"6485\" data-end=\"6488\" \/>\n<h3 data-start=\"6490\" data-end=\"6551\"><strong data-start=\"6494\" data-end=\"6551\">Bruksanvisning (kun for forskningsform\u00e5l)<\/strong><\/h3>\n<ol data-start=\"6553\" data-end=\"6940\">\n<li data-start=\"6553\" data-end=\"6655\">\n<p data-start=\"6556\" data-end=\"6655\"><strong data-start=\"6556\" data-end=\"6570\">H\u00e5ndtering:<\/strong> Skal kun brukes i akkrediterte laboratorier med passende sikkerhetsutstyr.<\/p>\n<\/li>\n<li data-start=\"6656\" data-end=\"6746\">\n<p data-start=\"6659\" data-end=\"6746\"><strong data-start=\"6659\" data-end=\"6677\">Preparat:<\/strong> Utarbeidet i henhold til validerte protokoller for analytisk testing.<\/p>\n<\/li>\n<li data-start=\"6747\" data-end=\"6848\">\n<p data-start=\"6750\" data-end=\"6848\"><strong data-start=\"6750\" data-end=\"6761\">Lagring:<\/strong> Oppbevares kj\u00f8lig, t\u00f8rt og m\u00f8rkt, tett lukket i en kjemikaliebestandig beholder.<\/p>\n<\/li>\n<li data-start=\"6849\" data-end=\"6940\">\n<p data-start=\"6852\" data-end=\"6940\"><strong data-start=\"6852\" data-end=\"6863\">Avhending:<\/strong> Kast rester i samsvar med lokale retningslinjer for h\u00e5ndtering av kjemisk avfall.<\/p>\n<\/li>\n<\/ol>\n<hr data-start=\"6942\" data-end=\"6945\" \/>\n<h3 data-start=\"6947\" data-end=\"6981\"><strong data-start=\"6951\" data-end=\"6981\">Sikkerhet og samsvar<\/strong><\/h3>\n<ul data-start=\"6983\" data-end=\"7382\">\n<li data-start=\"6983\" data-end=\"7077\">\n<p data-start=\"6985\" data-end=\"7077\"><strong data-start=\"6985\" data-end=\"7021\">Kun for laboratoriebruk:<\/strong> Ikke beregnet for konsum av mennesker eller dyr.<\/p>\n<\/li>\n<li data-start=\"7078\" data-end=\"7200\">\n<p data-start=\"7080\" data-end=\"7200\"><strong data-start=\"7080\" data-end=\"7108\">Juridiske hensyn:<\/strong> Sjekk alltid lokale lover ang\u00e5ende besittelse og bruk av 4F-MAR.<\/p>\n<\/li>\n<li data-start=\"7201\" data-end=\"7257\">\n<p data-start=\"7203\" data-end=\"7257\"><strong data-start=\"7203\" data-end=\"7221\">Sikkert arbeid:<\/strong> Unng\u00e5 inn\u00e5nding og hudkontakt.<\/p>\n<\/li>\n<li data-start=\"7258\" data-end=\"7382\">\n<p data-start=\"7260\" data-end=\"7382\"><strong data-start=\"7260\" data-end=\"7277\">Dokumentasjon:<\/strong> EN <strong data-start=\"7282\" data-end=\"7318\">sikkerhetsdatablad (MSDS)<\/strong> og <strong data-start=\"7322\" data-end=\"7350\">analysesertifikat (COA)<\/strong> er tilgjengelige p\u00e5 foresp\u00f8rsel.<\/p>\n<\/li>\n<\/ul>\n<hr data-start=\"7384\" data-end=\"7387\" \/>\n<h3 data-start=\"7389\" data-end=\"7424\"><strong data-start=\"7393\" data-end=\"7424\">Ofte stilte sp\u00f8rsm\u00e5l (FAQ)<\/strong><\/h3>\n<p data-start=\"7426\" data-end=\"7579\"><strong data-start=\"7426\" data-end=\"7464\">1. Hva brukes 4F-MAR til?<\/strong><br data-start=\"7464\" data-end=\"7467\" \/>4F-MAR brukes som <strong data-start=\"7493\" data-end=\"7511\">referansestoff<\/strong> for analytiske og rettsmedisinske studier av aminorex-analoger.<\/p>\n<p data-start=\"7581\" data-end=\"7755\"><strong data-start=\"7581\" data-end=\"7632\">2. Er 4F-MAR trygt for konsum?<\/strong><br data-start=\"7632\" data-end=\"7635\" \/>Nei. Dette produktet er <strong data-start=\"7655\" data-end=\"7693\">kun beregnet for forskningsform\u00e5l<\/strong> og <strong data-start=\"7697\" data-end=\"7754\">ikke egnet for konsum av mennesker eller dyr<\/strong>.<\/p>\n<p data-start=\"7757\" data-end=\"7871\"><strong data-start=\"7757\" data-end=\"7798\">3. Hvordan b\u00f8r 4F-MAR oppbevares?<\/strong><br data-start=\"7798\" data-end=\"7801\" \/>Oppbevares kj\u00f8lig, m\u00f8rkt, tett lukket, utilgjengelig for uvedkommende.<\/p>\n<p><em>.<a href=\"https:\/\/researchchemicalhub.com\/nb\/butikk\/iboga-ibogain\/iboga-rotbark\/\">iboga rotbark<\/a> <a href=\"https:\/\/researchchemicalhub.com\/nb\/butikk\/iboga-ibogain\/kjop-ibogaine-hcl-pa-nett\/\">kj\u00f8p ibogaine hcl p\u00e5 nett<\/a> <a href=\"https:\/\/researchchemicalhub.com\/nb\/butikk\/lysergamider\/1cp-lsd\/\">1cp lsd<\/a> <a href=\"https:\/\/researchchemicalhub.com\/nb\/butikk\/pellets\/o-dsmt-50-mg-pellets\/\">o-dsmt<\/a> <a href=\"https:\/\/researchchemicalhub.com\/nb\/butikk\/lysergamider\/1vlsd\/\">1vlsd<\/a>\u00a0<\/em><\/p>","protected":false},"excerpt":{"rendered":"<h2>4F-MAR \/ <b>4\u2032-Fluoro-4-metylaminorex \/ 4-FPO<\/b> egenskaper<\/h2>\n<p><strong>CAS-nummer<\/strong>: 1364933-64-1<br \/>\n<strong>Formel<\/strong>: <span title=\"Karbon\">C<\/span><sub>10<\/sub><span title=\"Hydrogen\">H<\/span><sub>11<\/sub><span title=\"Fluor\">F<\/span><span title=\"Nitrogen\">N<\/span><sub>2<\/sub><span title=\"Oksygen\">\u00c5<\/span><br \/>\n<strong>Molar masse<\/strong>: <span class=\"nowrap\">194.209<\/span> g mol<br \/>\n<strong>Renhet<\/strong>: \u226598%<\/p>","protected":false},"featured_media":28437,"comment_status":"closed","ping_status":"closed","template":"","meta":[],"product_brand":[],"product_cat":[552],"product_tag":[776,1110,326],"class_list":{"0":"post-23801","1":"product","2":"type-product","3":"status-publish","4":"has-post-thumbnail","6":"product_cat-aminorex","7":"product_tag-4fma","8":"product_tag-4fmar-kopen","9":"product_tag-nl","11":"first","12":"instock","13":"taxable","14":"shipping-taxable","15":"purchasable","16":"product-type-variable"},"_links":{"self":[{"href":"https:\/\/researchchemicalhub.com\/nb\/wp-json\/wp\/v2\/product\/23801","targetHints":{"allow":["GET"]}}],"collection":[{"href":"https:\/\/researchchemicalhub.com\/nb\/wp-json\/wp\/v2\/product"}],"about":[{"href":"https:\/\/researchchemicalhub.com\/nb\/wp-json\/wp\/v2\/types\/product"}],"replies":[{"embeddable":true,"href":"https:\/\/researchchemicalhub.com\/nb\/wp-json\/wp\/v2\/comments?post=23801"}],"version-history":[{"count":6,"href":"https:\/\/researchchemicalhub.com\/nb\/wp-json\/wp\/v2\/product\/23801\/revisions"}],"predecessor-version":[{"id":27951,"href":"https:\/\/researchchemicalhub.com\/nb\/wp-json\/wp\/v2\/product\/23801\/revisions\/27951"}],"wp:featuredmedia":[{"embeddable":true,"href":"https:\/\/researchchemicalhub.com\/nb\/wp-json\/wp\/v2\/media\/28437"}],"wp:attachment":[{"href":"https:\/\/researchchemicalhub.com\/nb\/wp-json\/wp\/v2\/media?parent=23801"}],"wp:term":[{"taxonomy":"product_brand","embeddable":true,"href":"https:\/\/researchchemicalhub.com\/nb\/wp-json\/wp\/v2\/product_brand?post=23801"},{"taxonomy":"product_cat","embeddable":true,"href":"https:\/\/researchchemicalhub.com\/nb\/wp-json\/wp\/v2\/product_cat?post=23801"},{"taxonomy":"product_tag","embeddable":true,"href":"https:\/\/researchchemicalhub.com\/nb\/wp-json\/wp\/v2\/product_tag?post=23801"}],"curies":[{"name":"wp","href":"https:\/\/api.w.org\/{rel}","templated":true}]}}