{"id":23796,"date":"2025-04-13T17:40:27","date_gmt":"2025-04-13T17:40:27","guid":{"rendered":"https:\/\/researchchemicalhub.com\/?post_type=product&#038;p=23796"},"modified":"2025-10-30T08:16:06","modified_gmt":"2025-10-30T08:16:06","slug":"pyrazolam-3-mg-pellets","status":"publish","type":"product","link":"https:\/\/researchchemicalhub.com\/nb\/shop\/benzodiazepinen\/pyrazolam-3-mg-pellets\/","title":{"rendered":"Pyrazolam 3 MG-pellets"},"content":{"rendered":"<p data-start=\"4849\" data-end=\"5106\"><strong data-start=\"4849\" data-end=\"4862\">Pyrazolam<\/strong> er en <strong data-start=\"4870\" data-end=\"4897\">benzodiazepinderivat<\/strong> som brukes til <strong data-start=\"4922\" data-end=\"4978\">vitenskapelig, analytisk og rettsmedisinsk forskning<\/strong>I pelletform fungerer den som en <strong data-start=\"5012\" data-end=\"5051\">n\u00f8yaktig m\u00e5lt referansestoff<\/strong> for laboratoriekalibrering og identifisering av forbindelser. pyrazolam<\/p>\n<p data-start=\"5108\" data-end=\"5428\">De <strong data-start=\"5111\" data-end=\"5137\">Pyrazolam 3 mg pellets<\/strong> er utelukkende beregnet for <strong data-start=\"5168\" data-end=\"5209\">forskning og analytiske applikasjoner<\/strong>De er <strong data-start=\"5219\" data-end=\"5276\">ikke egnet for konsum av mennesker eller dyr<\/strong>Laboratorier bruker disse pelletsene til \u00e5 studere benzodiazepinanaloger, utvikle deteksjonsmetoder og utf\u00f8re toksikologiske analyser.<\/p>\n<hr data-start=\"5430\" data-end=\"5433\" \/>\n<h3 data-start=\"5435\" data-end=\"5466\"><strong data-start=\"5439\" data-end=\"5466\">Viktige funksjoner<\/strong><\/h3>\n<ul data-start=\"5468\" data-end=\"5962\">\n<li data-start=\"5468\" data-end=\"5569\">\n<p data-start=\"5470\" data-end=\"5569\"><strong data-start=\"5470\" data-end=\"5495\">N\u00f8yaktig dosering:<\/strong> Hver pellet inneholder 3 mg Pyrazolam for konsistente forskningsresultater.<\/p>\n<\/li>\n<li data-start=\"5570\" data-end=\"5663\">\n<p data-start=\"5572\" data-end=\"5663\"><strong data-start=\"5572\" data-end=\"5592\">H\u00f8y renhet:<\/strong> Produsert under streng kvalitetskontroll for p\u00e5litelige data.<\/p>\n<\/li>\n<li data-start=\"5664\" data-end=\"5763\">\n<p data-start=\"5666\" data-end=\"5763\"><strong data-start=\"5666\" data-end=\"5690\">Referansestandard:<\/strong> Egnet for analytiske, toksikologiske og rettsmedisinske applikasjoner.<\/p>\n<\/li>\n<li data-start=\"5764\" data-end=\"5868\">\n<p data-start=\"5766\" data-end=\"5868\"><strong data-start=\"5766\" data-end=\"5790\">Stabil pelletform:<\/strong> Lett \u00e5 oppbevare, transportere og h\u00e5ndtere uten tap av kvalitet.<\/p>\n<\/li>\n<li data-start=\"5869\" data-end=\"5962\">\n<p data-start=\"5871\" data-end=\"5962\"><strong data-start=\"5871\" data-end=\"5888\">Dokumentasjon:<\/strong> Leveres med en <strong data-start=\"5906\" data-end=\"5934\">analysesertifikat (COA)<\/strong> og renhetserkl\u00e6ring.<\/p>\n<\/li>\n<\/ul>\n<hr data-start=\"5964\" data-end=\"5967\" \/>\n<h3 data-start=\"5969\" data-end=\"5986\"><strong data-start=\"5973\" data-end=\"5986\">Fordeler<\/strong><\/h3>\n<ul data-start=\"5988\" data-end=\"6467\">\n<li data-start=\"5988\" data-end=\"6105\">\n<p data-start=\"5990\" data-end=\"6105\"><strong data-start=\"5990\" data-end=\"6026\">\u00d8kt analyttn\u00f8yaktighet:<\/strong> St\u00f8tter kalibrering av kromatografisk og spektrometrisk utstyr.<\/p>\n<\/li>\n<li data-start=\"6106\" data-end=\"6203\">\n<p data-start=\"6108\" data-end=\"6203\"><strong data-start=\"6108\" data-end=\"6134\">Rettsmedisinsk anvendelig:<\/strong> Brukes til p\u00e5visning av benzodiazepiner i rettsmedisinske unders\u00f8kelser.<\/p>\n<\/li>\n<li data-start=\"6204\" data-end=\"6292\">\n<p data-start=\"6206\" data-end=\"6292\"><strong data-start=\"6206\" data-end=\"6228\">Utdanningsverdi:<\/strong> Egnet for oppl\u00e6ringsprogrammer innen kjemi og toksikologi.<\/p>\n<\/li>\n<li data-start=\"6293\" data-end=\"6376\">\n<p data-start=\"6295\" data-end=\"6376\"><strong data-start=\"6295\" data-end=\"6326\">Reproduserbare resultater:<\/strong> Pelletform minimerer variasjon mellom tester.<\/p>\n<\/li>\n<li data-start=\"6377\" data-end=\"6467\">\n<p data-start=\"6379\" data-end=\"6467\"><strong data-start=\"6379\" data-end=\"6410\">Sikker bruk i laboratoriet:<\/strong> Produsert i henhold til internasjonale sikkerhetsstandarder.<\/p>\n<\/li>\n<\/ul>\n<hr data-start=\"6469\" data-end=\"6472\" \/>\n<h3 data-start=\"6474\" data-end=\"6535\"><strong data-start=\"6478\" data-end=\"6535\">Bruksanvisning (kun for forskningsform\u00e5l)<\/strong><\/h3>\n<ol data-start=\"6537\" data-end=\"6883\">\n<li data-start=\"6537\" data-end=\"6639\">\n<p data-start=\"6540\" data-end=\"6639\"><strong data-start=\"6540\" data-end=\"6558\">Preparat:<\/strong> Skal kun brukes i akkrediterte laboratorier med passende verneutstyr.<\/p>\n<\/li>\n<li data-start=\"6640\" data-end=\"6732\">\n<p data-start=\"6643\" data-end=\"6732\"><strong data-start=\"6643\" data-end=\"6658\">S\u00f8knad:<\/strong> Brukes i henhold til validerte analytiske eller kromatografiske metoder.<\/p>\n<\/li>\n<li data-start=\"6733\" data-end=\"6796\">\n<p data-start=\"6736\" data-end=\"6796\"><strong data-start=\"6736\" data-end=\"6747\">Lagring:<\/strong> Oppbevares kj\u00f8lig, t\u00f8rt og m\u00f8rkt, godt lukket.<\/p>\n<\/li>\n<li data-start=\"6797\" data-end=\"6883\">\n<p data-start=\"6800\" data-end=\"6883\"><strong data-start=\"6800\" data-end=\"6811\">Avhending:<\/strong> Kast rester i samsvar med lokale forskrifter for kjemisk avfall.<\/p>\n<\/li>\n<\/ol>\n<hr data-start=\"6885\" data-end=\"6888\" \/>\n<h3 data-start=\"6890\" data-end=\"6924\"><strong data-start=\"6894\" data-end=\"6924\">Sikkerhet og samsvar<\/strong><\/h3>\n<ul data-start=\"6926\" data-end=\"7348\">\n<li data-start=\"6926\" data-end=\"7022\">\n<p data-start=\"6928\" data-end=\"7022\"><strong data-start=\"6928\" data-end=\"6966\">Kun for laboratorieforskning:<\/strong> Ikke beregnet for konsum av mennesker eller dyr.<\/p>\n<\/li>\n<li data-start=\"7023\" data-end=\"7150\">\n<p data-start=\"7025\" data-end=\"7150\"><strong data-start=\"7025\" data-end=\"7053\">Juridiske hensyn:<\/strong> Den juridiske statusen til Pyrazolam varierer fra land til land. Sjekk alltid lokale forskrifter.<\/p>\n<\/li>\n<li data-start=\"7151\" data-end=\"7257\">\n<p data-start=\"7153\" data-end=\"7257\"><strong data-start=\"7153\" data-end=\"7181\">Helse og sikkerhet:<\/strong> Unng\u00e5 inn\u00e5nding og hudkontakt. Brukes under tilsyn av en sakkyndig.<\/p>\n<\/li>\n<li data-start=\"7258\" data-end=\"7348\">\n<p data-start=\"7260\" data-end=\"7348\"><strong data-start=\"7260\" data-end=\"7277\">Dokumentasjon:<\/strong> EN <strong data-start=\"7282\" data-end=\"7318\">sikkerhetsdatablad (MSDS)<\/strong> er tilgjengelig p\u00e5 foresp\u00f8rsel.<\/p>\n<\/li>\n<\/ul>\n<hr data-start=\"7350\" data-end=\"7353\" \/>\n<h3 data-start=\"7355\" data-end=\"7390\"><strong data-start=\"7359\" data-end=\"7390\">Ofte stilte sp\u00f8rsm\u00e5l (FAQ)<\/strong><\/h3>\n<p data-start=\"7392\" data-end=\"7554\"><strong data-start=\"7392\" data-end=\"7447\">1. Hva brukes Pyrazolam 3 mg pellets til?<\/strong><br data-start=\"7447\" data-end=\"7450\" \/>De brukes som <strong data-start=\"7473\" data-end=\"7496\">referansestandard<\/strong> for analytisk, rettsmedisinsk og toksikologisk forskning.<\/p>\n<p data-start=\"7556\" data-end=\"7735\"><strong data-start=\"7556\" data-end=\"7616\">2. Er disse pelletsene beregnet p\u00e5 konsum?<\/strong><br data-start=\"7616\" data-end=\"7619\" \/>Nei. Disse pelletene er <strong data-start=\"7642\" data-end=\"7684\">kun for laboratorieforskning<\/strong> og <strong data-start=\"7688\" data-end=\"7732\">ikke godkjent for medisinsk bruk<\/strong>.<\/p>\n<p data-start=\"7737\" data-end=\"7893\"><strong data-start=\"7737\" data-end=\"7796\">3. Hvordan skal Pyrazolam 3 mg pellets oppbevares?<\/strong><br data-start=\"7796\" data-end=\"7799\" \/>Oppbevares kj\u00f8lig, t\u00f8rt og m\u00f8rkt i en tett lukket beholder, unna uvedkommende.<\/p>","protected":false},"excerpt":{"rendered":"<h2><span style=\"vertical-align: inherit;\"><span style=\"vertical-align: inherit;\">Pyrazolam 3 MG pellets properties<\/span><\/span><\/h2>\n<p><strong><span style=\"vertical-align: inherit;\"><span style=\"vertical-align: inherit;\">Synonym<\/span><\/span><\/strong><span style=\"vertical-align: inherit;\"><span style=\"vertical-align: inherit;\"> : <\/span><\/span><i><span style=\"vertical-align: inherit;\"><span style=\"vertical-align: inherit;\">8-bromo-1-methyl-6-(pyridin-2-yl)-4H-[1,2,4]triazolo[4,3-a][1,4]benzodiazepine <\/span><\/span><\/i><br \/>\n<strong><span style=\"vertical-align: inherit;\"><span style=\"vertical-align: inherit;\">CAS Number<\/span><\/span><\/strong><span style=\"vertical-align: inherit;\"><span style=\"vertical-align: inherit;\"> : 39243-02-2 <\/span><\/span><br \/>\n<strong><span style=\"vertical-align: inherit;\"><span style=\"vertical-align: inherit;\">Formula<\/span><\/span><\/strong><span style=\"vertical-align: inherit;\"><span style=\"vertical-align: inherit;\"> : C16H12BrN5 <\/span><\/span><br \/>\n<strong><span style=\"vertical-align: inherit;\"><span style=\"vertical-align: inherit;\">Molar Mass<\/span><\/span><\/strong><span style=\"vertical-align: inherit;\"><span style=\"vertical-align: inherit;\"> : 354.20 <\/span><\/span><br \/>\n<strong><span style=\"vertical-align: inherit;\"><span style=\"vertical-align: inherit;\">Purity<\/span><\/span><\/strong><span style=\"vertical-align: inherit;\"><span style=\"vertical-align: inherit;\"> : \u2265 99%<\/span><\/span><\/p>\n","protected":false},"featured_media":28596,"comment_status":"closed","ping_status":"closed","template":"","meta":[],"product_brand":[82],"product_cat":[76,324,389,395],"product_tag":[326,96,99,98],"class_list":{"0":"post-23796","1":"product","2":"type-product","3":"status-publish","4":"has-post-thumbnail","6":"product_brand-research-chemical","7":"product_cat-benzodiazepinen","8":"product_cat-pellets-for-pellet","9":"product_cat-pyrazolam-kopen","10":"product_cat-pyrazolam-pellets","11":"product_tag-nl","12":"product_tag-pyrazolam","13":"product_tag-pyrazolam-kopen","14":"product_tag-pyrazolam-werking","16":"first","17":"instock","18":"taxable","19":"shipping-taxable","20":"purchasable","21":"product-type-variable"},"_links":{"self":[{"href":"https:\/\/researchchemicalhub.com\/nb\/wp-json\/wp\/v2\/product\/23796","targetHints":{"allow":["GET"]}}],"collection":[{"href":"https:\/\/researchchemicalhub.com\/nb\/wp-json\/wp\/v2\/product"}],"about":[{"href":"https:\/\/researchchemicalhub.com\/nb\/wp-json\/wp\/v2\/types\/product"}],"replies":[{"embeddable":true,"href":"https:\/\/researchchemicalhub.com\/nb\/wp-json\/wp\/v2\/comments?post=23796"}],"version-history":[{"count":5,"href":"https:\/\/researchchemicalhub.com\/nb\/wp-json\/wp\/v2\/product\/23796\/revisions"}],"predecessor-version":[{"id":25518,"href":"https:\/\/researchchemicalhub.com\/nb\/wp-json\/wp\/v2\/product\/23796\/revisions\/25518"}],"wp:featuredmedia":[{"embeddable":true,"href":"https:\/\/researchchemicalhub.com\/nb\/wp-json\/wp\/v2\/media\/28596"}],"wp:attachment":[{"href":"https:\/\/researchchemicalhub.com\/nb\/wp-json\/wp\/v2\/media?parent=23796"}],"wp:term":[{"taxonomy":"product_brand","embeddable":true,"href":"https:\/\/researchchemicalhub.com\/nb\/wp-json\/wp\/v2\/product_brand?post=23796"},{"taxonomy":"product_cat","embeddable":true,"href":"https:\/\/researchchemicalhub.com\/nb\/wp-json\/wp\/v2\/product_cat?post=23796"},{"taxonomy":"product_tag","embeddable":true,"href":"https:\/\/researchchemicalhub.com\/nb\/wp-json\/wp\/v2\/product_tag?post=23796"}],"curies":[{"name":"wp","href":"https:\/\/api.w.org\/{rel}","templated":true}]}}