{"id":23688,"date":"2025-04-13T17:40:15","date_gmt":"2025-04-13T17:40:15","guid":{"rendered":"https:\/\/researchchemicalhub.com\/?post_type=product&#038;p=23688"},"modified":"2025-10-30T08:51:30","modified_gmt":"2025-10-30T08:51:30","slug":"klonazolam","status":"publish","type":"product","link":"https:\/\/researchchemicalhub.com\/nb\/butikk\/forbudt\/klonazolam\/","title":{"rendered":"Klonazolam 0,6 mg blisterpakninger med 10 pellets"},"content":{"rendered":"<p data-start=\"5197\" data-end=\"5465\"><strong data-start=\"5197\" data-end=\"5211\"><span dir=\"auto\" style=\"vertical-align: inherit;\"><span dir=\"auto\" style=\"vertical-align: inherit;\">Klonazolam<\/span><\/span><\/strong><span dir=\"auto\" style=\"vertical-align: inherit;\"><span dir=\"auto\" style=\"vertical-align: inherit;\"> er en <\/span><\/span><strong data-start=\"5219\" data-end=\"5256\"><span dir=\"auto\" style=\"vertical-align: inherit;\"><span dir=\"auto\" style=\"vertical-align: inherit;\">triazolobenzodiazepine compound<\/span><\/span><\/strong><span dir=\"auto\" style=\"vertical-align: inherit;\"><span dir=\"auto\" style=\"vertical-align: inherit;\"> , related to <\/span><\/span><strong data-start=\"5270\" data-end=\"5284\"><span dir=\"auto\" style=\"vertical-align: inherit;\"><span dir=\"auto\" style=\"vertical-align: inherit;\">klonazepam<\/span><\/span><\/strong><span dir=\"auto\" style=\"vertical-align: inherit;\"><span dir=\"auto\" style=\"vertical-align: inherit;\"> and other benzodiazepines. <\/span><\/span><br data-start=\"5311\" data-end=\"5314\" \/><span dir=\"auto\" style=\"vertical-align: inherit;\"><span dir=\"auto\" style=\"vertical-align: inherit;\">It is used in <\/span><\/span><strong data-start=\"5336\" data-end=\"5378\"><span dir=\"auto\" style=\"vertical-align: inherit;\"><span dir=\"auto\" style=\"vertical-align: inherit;\">rettsmedisinske og analytiske laboratorier<\/span><\/span><\/strong><span dir=\"auto\" style=\"vertical-align: inherit;\"><span dir=\"auto\" style=\"vertical-align: inherit;\"> aske <\/span><\/span><strong data-start=\"5383\" data-end=\"5406\"><span dir=\"auto\" style=\"vertical-align: inherit;\"><span dir=\"auto\" style=\"vertical-align: inherit;\">et referansemateriale<\/span><\/span><\/strong><span dir=\"auto\" style=\"vertical-align: inherit;\"><span dir=\"auto\" style=\"vertical-align: inherit;\"> til <\/span><\/span><strong data-start=\"5412\" data-end=\"5462\"><span dir=\"auto\" style=\"vertical-align: inherit;\"><span dir=\"auto\" style=\"vertical-align: inherit;\">identification, calibration, and detection studies<\/span><\/span><\/strong><span dir=\"auto\" style=\"vertical-align: inherit;\"><span dir=\"auto\" style=\"vertical-align: inherit;\"> .<\/span><\/span><\/p>\n<p data-start=\"5467\" data-end=\"5705\"><span dir=\"auto\" style=\"vertical-align: inherit;\"><span dir=\"auto\" style=\"vertical-align: inherit;\">De <\/span><\/span><strong data-start=\"5470\" data-end=\"5491\"><span dir=\"auto\" style=\"vertical-align: inherit;\"><span dir=\"auto\" style=\"vertical-align: inherit;\">0.6 mg pellet form<\/span><\/span><\/strong><span dir=\"auto\" style=\"vertical-align: inherit;\"><span dir=\"auto\" style=\"vertical-align: inherit;\"> allows for <\/span><\/span><strong data-start=\"5503\" data-end=\"5534\"><span dir=\"auto\" style=\"vertical-align: inherit;\"><span dir=\"auto\" style=\"vertical-align: inherit;\">standardized dosing<\/span><\/span><\/strong><span dir=\"auto\" style=\"vertical-align: inherit;\"><span dir=\"auto\" style=\"vertical-align: inherit;\"> og <\/span><\/span><strong data-start=\"5538\" data-end=\"5569\"><span dir=\"auto\" style=\"vertical-align: inherit;\"><span dir=\"auto\" style=\"vertical-align: inherit;\">accurate analysis methods<\/span><\/span><\/strong><span dir=\"auto\" style=\"vertical-align: inherit;\"><span dir=\"auto\" style=\"vertical-align: inherit;\"> . <\/span><\/span><br data-start=\"5570\" data-end=\"5573\" \/><span dir=\"auto\" style=\"vertical-align: inherit;\"><span dir=\"auto\" style=\"vertical-align: inherit;\">Dette produktet er <\/span><\/span><strong data-start=\"5588\" data-end=\"5643\"><span dir=\"auto\" style=\"vertical-align: inherit;\"><span dir=\"auto\" style=\"vertical-align: inherit;\">kun beregnet for vitenskapelig forskning<\/span><\/span><\/strong><span dir=\"auto\" style=\"vertical-align: inherit;\"><span dir=\"auto\" style=\"vertical-align: inherit;\"> og <\/span><\/span><strong data-start=\"5647\" data-end=\"5704\"><span dir=\"auto\" style=\"vertical-align: inherit;\"><span dir=\"auto\" style=\"vertical-align: inherit;\">er ikke egnet for konsum av mennesker eller dyr<\/span><\/span><\/strong><span dir=\"auto\" style=\"vertical-align: inherit;\"><span dir=\"auto\" style=\"vertical-align: inherit;\"> .<\/span><\/span><\/p>\n<hr data-start=\"5707\" data-end=\"5710\" \/>\n<h3 data-start=\"5712\" data-end=\"5743\"><strong data-start=\"5716\" data-end=\"5743\"><span dir=\"auto\" style=\"vertical-align: inherit;\"><span dir=\"auto\" style=\"vertical-align: inherit;\">Viktige funksjoner<\/span><\/span><\/strong><\/h3>\n<ul data-start=\"5745\" data-end=\"6188\">\n<li data-start=\"5745\" data-end=\"5831\">\n<p data-start=\"5747\" data-end=\"5831\"><strong data-start=\"5747\" data-end=\"5767\"><span dir=\"auto\" style=\"vertical-align: inherit;\"><span dir=\"auto\" style=\"vertical-align: inherit;\">H\u00f8y renhet:<\/span><\/span><\/strong><span dir=\"auto\" style=\"vertical-align: inherit;\"><span dir=\"auto\" style=\"vertical-align: inherit;\"> Produsert under kontrollerte laboratorieforhold.<\/span><\/span><\/p>\n<\/li>\n<li data-start=\"5832\" data-end=\"5919\">\n<p data-start=\"5834\" data-end=\"5919\"><strong data-start=\"5834\" data-end=\"5866\"><span dir=\"auto\" style=\"vertical-align: inherit;\"><span dir=\"auto\" style=\"vertical-align: inherit;\">Standardisert dosering:<\/span><\/span><\/strong><span dir=\"auto\" style=\"vertical-align: inherit;\"><span dir=\"auto\" style=\"vertical-align: inherit;\"> 0.6 mg per pellet for reproducible results.<\/span><\/span><\/p>\n<\/li>\n<li data-start=\"5920\" data-end=\"6006\">\n<p data-start=\"5922\" data-end=\"6006\"><strong data-start=\"5922\" data-end=\"5961\"><span dir=\"auto\" style=\"vertical-align: inherit;\"><span dir=\"auto\" style=\"vertical-align: inherit;\">Sertifisert referansemateriale:<\/span><\/span><\/strong><span dir=\"auto\" style=\"vertical-align: inherit;\"><span dir=\"auto\" style=\"vertical-align: inherit;\"> Leveres med <\/span><\/span><strong data-start=\"5975\" data-end=\"6003\"><span dir=\"auto\" style=\"vertical-align: inherit;\"><span dir=\"auto\" style=\"vertical-align: inherit;\">Analysebevis (COA)<\/span><\/span><\/strong><span dir=\"auto\" style=\"vertical-align: inherit;\"><span dir=\"auto\" style=\"vertical-align: inherit;\"> .<\/span><\/span><\/p>\n<\/li>\n<li data-start=\"6007\" data-end=\"6103\">\n<p data-start=\"6009\" data-end=\"6103\"><strong data-start=\"6009\" data-end=\"6040\"><span dir=\"auto\" style=\"vertical-align: inherit;\"><span dir=\"auto\" style=\"vertical-align: inherit;\">Analytisk Allsidig:<\/span><\/span><\/strong><span dir=\"auto\" style=\"vertical-align: inherit;\"><span dir=\"auto\" style=\"vertical-align: inherit;\"> Passer for <\/span><\/span><strong data-start=\"6055\" data-end=\"6064\"><span dir=\"auto\" style=\"vertical-align: inherit;\"><span dir=\"auto\" style=\"vertical-align: inherit;\">GC-MS<\/span><\/span><\/strong><span dir=\"auto\" style=\"vertical-align: inherit;\"><span dir=\"auto\" style=\"vertical-align: inherit;\"> , <\/span><\/span><strong data-start=\"6066\" data-end=\"6074\"><span dir=\"auto\" style=\"vertical-align: inherit;\"><span dir=\"auto\" style=\"vertical-align: inherit;\">HPLC<\/span><\/span><\/strong><span dir=\"auto\" style=\"vertical-align: inherit;\"><span dir=\"auto\" style=\"vertical-align: inherit;\"> , og <\/span><\/span><strong data-start=\"6079\" data-end=\"6091\"><span dir=\"auto\" style=\"vertical-align: inherit;\"><span dir=\"auto\" style=\"vertical-align: inherit;\">LC-MS\/MS<\/span><\/span><\/strong><span dir=\"auto\" style=\"vertical-align: inherit;\"><span dir=\"auto\" style=\"vertical-align: inherit;\"> analyser.<\/span><\/span><\/p>\n<\/li>\n<li data-start=\"6104\" data-end=\"6188\">\n<p data-start=\"6106\" data-end=\"6188\"><strong data-start=\"6106\" data-end=\"6124\"><span dir=\"auto\" style=\"vertical-align: inherit;\"><span dir=\"auto\" style=\"vertical-align: inherit;\">Stable Form:<\/span><\/span><\/strong><span dir=\"auto\" style=\"vertical-align: inherit;\"><span dir=\"auto\" style=\"vertical-align: inherit;\"> Designed for long-term storage under laboratory conditions.<\/span><\/span><\/p>\n<\/li>\n<\/ul>\n<hr data-start=\"6190\" data-end=\"6193\" \/>\n<h3 data-start=\"6195\" data-end=\"6212\"><strong data-start=\"6199\" data-end=\"6212\"><span dir=\"auto\" style=\"vertical-align: inherit;\"><span dir=\"auto\" style=\"vertical-align: inherit;\">Fordeler<\/span><\/span><\/strong><\/h3>\n<ul data-start=\"6214\" data-end=\"6616\">\n<li data-start=\"6214\" data-end=\"6295\">\n<p data-start=\"6216\" data-end=\"6295\"><strong data-start=\"6216\" data-end=\"6243\"><span dir=\"auto\" style=\"vertical-align: inherit;\"><span dir=\"auto\" style=\"vertical-align: inherit;\">Rettsmedisinsk s\u00f8knad:<\/span><\/span><\/strong><span dir=\"auto\" style=\"vertical-align: inherit;\"><span dir=\"auto\" style=\"vertical-align: inherit;\"> Supports detection of benzodiazepine analogs.<\/span><\/span><\/p>\n<\/li>\n<li data-start=\"6296\" data-end=\"6381\">\n<p data-start=\"6298\" data-end=\"6381\"><strong data-start=\"6298\" data-end=\"6325\"><span dir=\"auto\" style=\"vertical-align: inherit;\"><span dir=\"auto\" style=\"vertical-align: inherit;\">P\u00e5litelig kalibrering:<\/span><\/span><\/strong><span dir=\"auto\" style=\"vertical-align: inherit;\"><span dir=\"auto\" style=\"vertical-align: inherit;\"> Ensures consistent and accurate measurement results.<\/span><\/span><\/p>\n<\/li>\n<li data-start=\"6382\" data-end=\"6467\">\n<p data-start=\"6384\" data-end=\"6467\"><strong data-start=\"6384\" data-end=\"6406\"><span dir=\"auto\" style=\"vertical-align: inherit;\"><span dir=\"auto\" style=\"vertical-align: inherit;\">Utdanningsverdi:<\/span><\/span><\/strong><span dir=\"auto\" style=\"vertical-align: inherit;\"><span dir=\"auto\" style=\"vertical-align: inherit;\"> Suitable for academic studies and laboratory training.<\/span><\/span><\/p>\n<\/li>\n<li data-start=\"6468\" data-end=\"6558\">\n<p data-start=\"6470\" data-end=\"6558\"><strong data-start=\"6470\" data-end=\"6501\"><span dir=\"auto\" style=\"vertical-align: inherit;\"><span dir=\"auto\" style=\"vertical-align: inherit;\">Safe Laboratory Use:<\/span><\/span><\/strong><span dir=\"auto\" style=\"vertical-align: inherit;\"><span dir=\"auto\" style=\"vertical-align: inherit;\"> Manufactured to international safety standards.<\/span><\/span><\/p>\n<\/li>\n<li data-start=\"6559\" data-end=\"6616\">\n<p data-start=\"6561\" data-end=\"6616\"><strong data-start=\"6561\" data-end=\"6588\"><span dir=\"auto\" style=\"vertical-align: inherit;\"><span dir=\"auto\" style=\"vertical-align: inherit;\">Full dokumentasjon:<\/span><\/span><\/strong><span dir=\"auto\" style=\"vertical-align: inherit;\"><span dir=\"auto\" style=\"vertical-align: inherit;\"> Supplied with COA and MSDS.<\/span><\/span><\/p>\n<\/li>\n<\/ul>\n<hr data-start=\"6618\" data-end=\"6621\" \/>\n<h3 data-start=\"6623\" data-end=\"6684\"><strong data-start=\"6627\" data-end=\"6684\"><span dir=\"auto\" style=\"vertical-align: inherit;\"><span dir=\"auto\" style=\"vertical-align: inherit;\">Bruksanvisning (kun for forskningsform\u00e5l)<\/span><\/span><\/strong><\/h3>\n<ol data-start=\"6686\" data-end=\"7016\">\n<li data-start=\"6686\" data-end=\"6783\">\n<p data-start=\"6689\" data-end=\"6783\"><strong data-start=\"6689\" data-end=\"6703\"><span dir=\"auto\" style=\"vertical-align: inherit;\"><span dir=\"auto\" style=\"vertical-align: inherit;\">H\u00e5ndtering:<\/span><\/span><\/strong><span dir=\"auto\" style=\"vertical-align: inherit;\"><span dir=\"auto\" style=\"vertical-align: inherit;\"> Use only in approved laboratories with appropriate safety equipment.<\/span><\/span><\/p>\n<\/li>\n<li data-start=\"6784\" data-end=\"6858\">\n<p data-start=\"6787\" data-end=\"6858\"><strong data-start=\"6787\" data-end=\"6802\"><span dir=\"auto\" style=\"vertical-align: inherit;\"><span dir=\"auto\" style=\"vertical-align: inherit;\">S\u00f8knad:<\/span><\/span><\/strong><span dir=\"auto\" style=\"vertical-align: inherit;\"><span dir=\"auto\" style=\"vertical-align: inherit;\"> Use pellets according to validated analytical methods.<\/span><\/span><\/p>\n<\/li>\n<li data-start=\"6859\" data-end=\"6922\">\n<p data-start=\"6862\" data-end=\"6922\"><strong data-start=\"6862\" data-end=\"6873\"><span dir=\"auto\" style=\"vertical-align: inherit;\"><span dir=\"auto\" style=\"vertical-align: inherit;\">Lagring:<\/span><\/span><\/strong><span dir=\"auto\" style=\"vertical-align: inherit;\"><span dir=\"auto\" style=\"vertical-align: inherit;\"> Oppbevares kj\u00f8lig, t\u00f8rt og m\u00f8rkt, tett lukket.<\/span><\/span><\/p>\n<\/li>\n<li data-start=\"6923\" data-end=\"7016\">\n<p data-start=\"6926\" data-end=\"7016\"><strong data-start=\"6926\" data-end=\"6937\"><span dir=\"auto\" style=\"vertical-align: inherit;\"><span dir=\"auto\" style=\"vertical-align: inherit;\">Avhending:<\/span><\/span><\/strong><span dir=\"auto\" style=\"vertical-align: inherit;\"><span dir=\"auto\" style=\"vertical-align: inherit;\"> Kast rester i samsvar med lokale forskrifter for h\u00e5ndtering av kjemisk avfall.<\/span><\/span><\/p>\n<\/li>\n<\/ol>\n<hr data-start=\"7018\" data-end=\"7021\" \/>\n<h3 data-start=\"7023\" data-end=\"7057\"><strong data-start=\"7027\" data-end=\"7057\"><span dir=\"auto\" style=\"vertical-align: inherit;\"><span dir=\"auto\" style=\"vertical-align: inherit;\">Sikkerhet og samsvar<\/span><\/span><\/strong><\/h3>\n<ul data-start=\"7059\" data-end=\"7506\">\n<li data-start=\"7059\" data-end=\"7154\">\n<p data-start=\"7061\" data-end=\"7154\"><strong data-start=\"7061\" data-end=\"7097\"><span dir=\"auto\" style=\"vertical-align: inherit;\"><span dir=\"auto\" style=\"vertical-align: inherit;\">Kun for laboratoriebruk:<\/span><\/span><\/strong><span dir=\"auto\" style=\"vertical-align: inherit;\"><span dir=\"auto\" style=\"vertical-align: inherit;\"> Ikke egnet for konsum av mennesker eller dyr.<\/span><\/span><\/p>\n<\/li>\n<li data-start=\"7155\" data-end=\"7279\">\n<p data-start=\"7157\" data-end=\"7279\"><strong data-start=\"7157\" data-end=\"7185\"><span dir=\"auto\" style=\"vertical-align: inherit;\"><span dir=\"auto\" style=\"vertical-align: inherit;\">Juridiske hensyn:<\/span><\/span><\/strong><span dir=\"auto\" style=\"vertical-align: inherit;\"><span dir=\"auto\" style=\"vertical-align: inherit;\"> Clonazolam is a controlled substance drug; check local regulations.<\/span><\/span><\/p>\n<\/li>\n<li data-start=\"7280\" data-end=\"7381\">\n<p data-start=\"7282\" data-end=\"7381\"><strong data-start=\"7282\" data-end=\"7310\"><span dir=\"auto\" style=\"vertical-align: inherit;\"><span dir=\"auto\" style=\"vertical-align: inherit;\">Helse og sikkerhet:<\/span><\/span><\/strong><span dir=\"auto\" style=\"vertical-align: inherit;\"><span dir=\"auto\" style=\"vertical-align: inherit;\"> Avoid skin contact and inhalation. Always wear protective equipment.<\/span><\/span><\/p>\n<\/li>\n<li data-start=\"7382\" data-end=\"7506\">\n<p data-start=\"7384\" data-end=\"7506\"><strong data-start=\"7384\" data-end=\"7401\"><span dir=\"auto\" style=\"vertical-align: inherit;\"><span dir=\"auto\" style=\"vertical-align: inherit;\">Dokumentasjon:<\/span><\/span><\/strong><span dir=\"auto\" style=\"vertical-align: inherit;\"><span dir=\"auto\" style=\"vertical-align: inherit;\"> EN <\/span><\/span><strong data-start=\"7406\" data-end=\"7442\"><span dir=\"auto\" style=\"vertical-align: inherit;\"><span dir=\"auto\" style=\"vertical-align: inherit;\">Sikkerhetsdatablad (MSDS)<\/span><\/span><\/strong><span dir=\"auto\" style=\"vertical-align: inherit;\"><span dir=\"auto\" style=\"vertical-align: inherit;\"> og <\/span><\/span><strong data-start=\"7446\" data-end=\"7474\"><span dir=\"auto\" style=\"vertical-align: inherit;\"><span dir=\"auto\" style=\"vertical-align: inherit;\">Analysebevis (COA)<\/span><\/span><\/strong><span dir=\"auto\" style=\"vertical-align: inherit;\"><span dir=\"auto\" style=\"vertical-align: inherit;\"> er tilgjengelige p\u00e5 foresp\u00f8rsel.<\/span><\/span><\/p>\n<\/li>\n<\/ul>\n<hr data-start=\"7508\" data-end=\"7511\" \/>\n<h3 data-start=\"7513\" data-end=\"7548\"><strong data-start=\"7517\" data-end=\"7548\"><span dir=\"auto\" style=\"vertical-align: inherit;\"><span dir=\"auto\" style=\"vertical-align: inherit;\">Ofte stilte sp\u00f8rsm\u00e5l (FAQ)<\/span><\/span><\/strong><\/h3>\n<p data-start=\"7550\" data-end=\"7702\"><strong data-start=\"7550\" data-end=\"7608\"><span dir=\"auto\" style=\"vertical-align: inherit;\"><span dir=\"auto\" style=\"vertical-align: inherit;\">1. What are Clonazolam 0.6 mg Pellets used for?<\/span><\/span><\/strong><br data-start=\"7608\" data-end=\"7611\" \/><span dir=\"auto\" style=\"vertical-align: inherit;\"><span dir=\"auto\" style=\"vertical-align: inherit;\"> De brukes som <\/span><\/span><strong data-start=\"7634\" data-end=\"7657\"><span dir=\"auto\" style=\"vertical-align: inherit;\"><span dir=\"auto\" style=\"vertical-align: inherit;\">referansemateriale<\/span><\/span><\/strong><span dir=\"auto\" style=\"vertical-align: inherit;\"><span dir=\"auto\" style=\"vertical-align: inherit;\"> in analytical and forensic laboratories.<\/span><\/span><\/p>\n<p data-start=\"7704\" data-end=\"7876\"><strong data-start=\"7704\" data-end=\"7765\"><span dir=\"auto\" style=\"vertical-align: inherit;\"><span dir=\"auto\" style=\"vertical-align: inherit;\">2. Er disse pelletsene egnet for konsum?<\/span><\/span><\/strong><br data-start=\"7765\" data-end=\"7768\" \/><span dir=\"auto\" style=\"vertical-align: inherit;\"><span dir=\"auto\" style=\"vertical-align: inherit;\"> Nei. Dette produktet er <\/span><\/span><strong data-start=\"7788\" data-end=\"7826\"><span dir=\"auto\" style=\"vertical-align: inherit;\"><span dir=\"auto\" style=\"vertical-align: inherit;\">kun for forskningsform\u00e5l<\/span><\/span><\/strong><span dir=\"auto\" style=\"vertical-align: inherit;\"><span dir=\"auto\" style=\"vertical-align: inherit;\"> og <\/span><\/span><strong data-start=\"7830\" data-end=\"7873\"><span dir=\"auto\" style=\"vertical-align: inherit;\"><span dir=\"auto\" style=\"vertical-align: inherit;\">er ikke godkjent for menneskelig bruk<\/span><\/span><\/strong><span dir=\"auto\" style=\"vertical-align: inherit;\"><span dir=\"auto\" style=\"vertical-align: inherit;\"> .<\/span><\/span><\/p>\n<p data-start=\"7878\" data-end=\"8017\"><strong data-start=\"7878\" data-end=\"7933\"><span dir=\"auto\" style=\"vertical-align: inherit;\"><span dir=\"auto\" style=\"vertical-align: inherit;\">3. How should Clonazolam Pellets be stored?<\/span><\/span><\/strong><br data-start=\"7933\" data-end=\"7936\" \/><span dir=\"auto\" style=\"vertical-align: inherit;\"><span dir=\"auto\" style=\"vertical-align: inherit;\"> Oppbevares kj\u00f8lig, t\u00f8rt og m\u00f8rkt, tett lukket og utilgjengelig for uvedkommende.<\/span><\/span><\/p>","protected":false},"excerpt":{"rendered":"<h2><span dir=\"auto\" style=\"vertical-align: inherit;\"><span dir=\"auto\" style=\"vertical-align: inherit;\"><span dir=\"auto\" style=\"vertical-align: inherit;\"><span dir=\"auto\" style=\"vertical-align: inherit;\">Clonazolam pellets properties<\/span><\/span><\/span><\/span><\/h2>\n<p><strong><span dir=\"auto\" style=\"vertical-align: inherit;\"><span dir=\"auto\" style=\"vertical-align: inherit;\"><span dir=\"auto\" style=\"vertical-align: inherit;\"><span dir=\"auto\" style=\"vertical-align: inherit;\">Synonym:<\/span><\/span><\/span><\/span><\/strong><span dir=\"auto\" style=\"vertical-align: inherit;\"><span dir=\"auto\" style=\"vertical-align: inherit;\"><span dir=\"auto\" style=\"vertical-align: inherit;\"><span dir=\"auto\" style=\"vertical-align: inherit;\"> 6-(2-chlorophenyl)-1-methyl-8-nitro-4H-[1,2,4]triazolo[4,3-a] [1,4]benzodiazepine <\/span><\/span><\/span><\/span><br \/>\n<strong><span dir=\"auto\" style=\"vertical-align: inherit;\"><span dir=\"auto\" style=\"vertical-align: inherit;\"><span dir=\"auto\" style=\"vertical-align: inherit;\"><span dir=\"auto\" style=\"vertical-align: inherit;\">CAS Number:<\/span><\/span><\/span><\/span><\/strong><span dir=\"auto\" style=\"vertical-align: inherit;\"><span dir=\"auto\" style=\"vertical-align: inherit;\"><span dir=\"auto\" style=\"vertical-align: inherit;\"><span dir=\"auto\" style=\"vertical-align: inherit;\"> 33887-02-4 <\/span><\/span><\/span><\/span><br \/>\n<strong><span dir=\"auto\" style=\"vertical-align: inherit;\"><span dir=\"auto\" style=\"vertical-align: inherit;\"><span dir=\"auto\" style=\"vertical-align: inherit;\"><span dir=\"auto\" style=\"vertical-align: inherit;\">Formula:<\/span><\/span><\/span><\/span><\/strong><span dir=\"auto\" style=\"vertical-align: inherit;\"><span dir=\"auto\" style=\"vertical-align: inherit;\"><span dir=\"auto\" style=\"vertical-align: inherit;\"><span dir=\"auto\" style=\"vertical-align: inherit;\"> C17H12C1N5O2 <\/span><\/span><\/span><\/span><br \/>\n<strong><span dir=\"auto\" style=\"vertical-align: inherit;\"><span dir=\"auto\" style=\"vertical-align: inherit;\"><span dir=\"auto\" style=\"vertical-align: inherit;\"><span dir=\"auto\" style=\"vertical-align: inherit;\">Molar mass:<\/span><\/span><\/span><\/span><\/strong><span dir=\"auto\" style=\"vertical-align: inherit;\"><span dir=\"auto\" style=\"vertical-align: inherit;\"><span dir=\"auto\" style=\"vertical-align: inherit;\"><span dir=\"auto\" style=\"vertical-align: inherit;\"> 353.8 g\/mol <\/span><\/span><\/span><\/span><br \/>\n<strong><span dir=\"auto\" style=\"vertical-align: inherit;\"><span dir=\"auto\" style=\"vertical-align: inherit;\"><span dir=\"auto\" style=\"vertical-align: inherit;\"><span dir=\"auto\" style=\"vertical-align: inherit;\">Purity:<\/span><\/span><\/span><\/span><\/strong><span dir=\"auto\" style=\"vertical-align: inherit;\"><span dir=\"auto\" style=\"vertical-align: inherit;\"><span dir=\"auto\" style=\"vertical-align: inherit;\"><span dir=\"auto\" style=\"vertical-align: inherit;\"> \u226598%<\/span><\/span><\/span><\/span><\/p>\n","protected":false},"featured_media":28502,"comment_status":"closed","ping_status":"closed","template":"","meta":[],"product_brand":[],"product_cat":[488],"product_tag":[1127,1128,326],"class_list":{"0":"post-23688","1":"product","2":"type-product","3":"status-publish","4":"has-post-thumbnail","6":"product_cat-verboden","7":"product_tag-clonazolam","8":"product_tag-clonazolam-kopen","9":"product_tag-nl","11":"first","12":"outofstock","13":"taxable","14":"shipping-taxable","15":"purchasable","16":"product-type-simple"},"_links":{"self":[{"href":"https:\/\/researchchemicalhub.com\/nb\/wp-json\/wp\/v2\/product\/23688","targetHints":{"allow":["GET"]}}],"collection":[{"href":"https:\/\/researchchemicalhub.com\/nb\/wp-json\/wp\/v2\/product"}],"about":[{"href":"https:\/\/researchchemicalhub.com\/nb\/wp-json\/wp\/v2\/types\/product"}],"replies":[{"embeddable":true,"href":"https:\/\/researchchemicalhub.com\/nb\/wp-json\/wp\/v2\/comments?post=23688"}],"version-history":[{"count":6,"href":"https:\/\/researchchemicalhub.com\/nb\/wp-json\/wp\/v2\/product\/23688\/revisions"}],"predecessor-version":[{"id":28713,"href":"https:\/\/researchchemicalhub.com\/nb\/wp-json\/wp\/v2\/product\/23688\/revisions\/28713"}],"wp:featuredmedia":[{"embeddable":true,"href":"https:\/\/researchchemicalhub.com\/nb\/wp-json\/wp\/v2\/media\/28502"}],"wp:attachment":[{"href":"https:\/\/researchchemicalhub.com\/nb\/wp-json\/wp\/v2\/media?parent=23688"}],"wp:term":[{"taxonomy":"product_brand","embeddable":true,"href":"https:\/\/researchchemicalhub.com\/nb\/wp-json\/wp\/v2\/product_brand?post=23688"},{"taxonomy":"product_cat","embeddable":true,"href":"https:\/\/researchchemicalhub.com\/nb\/wp-json\/wp\/v2\/product_cat?post=23688"},{"taxonomy":"product_tag","embeddable":true,"href":"https:\/\/researchchemicalhub.com\/nb\/wp-json\/wp\/v2\/product_tag?post=23688"}],"curies":[{"name":"wp","href":"https:\/\/api.w.org\/{rel}","templated":true}]}}