{"id":23635,"date":"2025-04-13T17:40:07","date_gmt":"2025-04-13T17:40:07","guid":{"rendered":"https:\/\/researchchemicalhub.com\/?post_type=product&#038;p=23635"},"modified":"2025-10-30T09:10:39","modified_gmt":"2025-10-30T09:10:39","slug":"4f-mph-kopen","status":"publish","type":"product","link":"https:\/\/researchchemicalhub.com\/nb\/shop\/4f-mph\/4f-mph-kopen\/","title":{"rendered":"4F-MPH 30 MG pellets (4-fluormetylfenidat)"},"content":{"rendered":"<h3 data-start=\"3944\" data-end=\"3963\"><strong data-start=\"3948\" data-end=\"3963\">Introduksjon<\/strong><\/h3>\n<p data-start=\"3964\" data-end=\"4264\"><strong data-start=\"3964\" data-end=\"4000\">4F-MPH (4-fluormetylfenidat)<\/strong> 30 MG pellets er <strong data-start=\"4020\" data-end=\"4066\">forskningsforbindelser med h\u00f8y renhet<\/strong>, utviklet for <strong data-start=\"4084\" data-end=\"4137\">nevrovitenskapelig og farmakologisk forskning<\/strong>Denne fluorometylfenidatvarianten er mye brukt i studier av <strong data-start=\"4212\" data-end=\"4261\">dopaminerge og noradrenerge transportsystemer<\/strong>. 4f mph kj\u00f8p<\/p>\n<p data-start=\"4266\" data-end=\"4517\">Hver pellet inneholder <strong data-start=\"4284\" data-end=\"4308\">30 mg ren 4F-MPH<\/strong>, n\u00f8ye m\u00e5lt for \u00e5 sikre p\u00e5litelige og reproduserbare forskningsresultater. Dette produktet er kun beregnet for <strong data-start=\"4441\" data-end=\"4473\">kvalifiserte forskere<\/strong> i kontrollerte laboratoriemilj\u00f8er.<\/p>\n<blockquote data-start=\"4519\" data-end=\"4668\">\n<p data-start=\"4521\" data-end=\"4668\">\u26a0\ufe0f <strong data-start=\"4524\" data-end=\"4535\">NB:<\/strong> 4F-MPH 30 MG-pellets er <strong data-start=\"4562\" data-end=\"4617\">utelukkende beregnet p\u00e5 vitenskapelig forskning<\/strong> og <strong data-start=\"4621\" data-end=\"4665\">ikke egnet til konsum<\/strong>.<\/p>\n<\/blockquote>\n<hr data-start=\"4670\" data-end=\"4673\" \/>\n<h3 data-start=\"4675\" data-end=\"4706\"><strong data-start=\"4679\" data-end=\"4706\">Viktige funksjoner<\/strong><\/h3>\n<ul data-start=\"4707\" data-end=\"5183\">\n<li data-start=\"4707\" data-end=\"4802\">\n<p data-start=\"4709\" data-end=\"4802\"><strong data-start=\"4709\" data-end=\"4735\">H\u00f8y renhet (\u226599%)<\/strong> \u2013 Laboratorietestet for optimal kvalitet og p\u00e5litelighet.<\/p>\n<\/li>\n<li data-start=\"4803\" data-end=\"4910\">\n<p data-start=\"4805\" data-end=\"4910\"><strong data-start=\"4805\" data-end=\"4837\">N\u00f8yaktig dosering (30 mg)<\/strong> \u2013 Hver pellet m\u00e5les konsekvent for reproduserbare resultater.<\/p>\n<\/li>\n<li data-start=\"4911\" data-end=\"5000\">\n<p data-start=\"4913\" data-end=\"5000\"><strong data-start=\"4913\" data-end=\"4939\">Forbedret stabilitet<\/strong> \u2013 Pelletformen forhindrer nedbrytning og forlenger holdbarheten. Kj\u00f8p 4f mph<\/p>\n<\/li>\n<li data-start=\"5001\" data-end=\"5082\">\n<p data-start=\"5003\" data-end=\"5082\"><strong data-start=\"5003\" data-end=\"5037\">P\u00e5litelig kvalitetskontroll<\/strong> \u2013 Produsert i henhold til GMP-lignende standarder.<\/p>\n<\/li>\n<li data-start=\"5083\" data-end=\"5183\">\n<p data-start=\"5085\" data-end=\"5183\"><strong data-start=\"5085\" data-end=\"5107\">Sikker emballasje<\/strong> \u2013 Lufttett og fuktbestandig pakket for \u00e5 opprettholde produktets integritet.<\/p>\n<\/li>\n<\/ul>\n<hr data-start=\"5185\" data-end=\"5188\" \/>\n<h3 data-start=\"5190\" data-end=\"5207\"><strong data-start=\"5194\" data-end=\"5207\">Fordeler<\/strong><\/h3>\n<ul data-start=\"5208\" data-end=\"5479\">\n<li data-start=\"5208\" data-end=\"5284\">\n<p data-start=\"5210\" data-end=\"5284\">S\u00f8rger for <strong data-start=\"5221\" data-end=\"5245\">presis dosering<\/strong> og konsistente forskningsresultater.<\/p>\n<\/li>\n<li data-start=\"5285\" data-end=\"5349\">\n<p data-start=\"5287\" data-end=\"5349\">Passer for <strong data-start=\"5301\" data-end=\"5346\">nevrokjemisk og farmakologisk forskning<\/strong>.<\/p>\n<\/li>\n<li data-start=\"5350\" data-end=\"5408\">\n<p data-start=\"5352\" data-end=\"5408\"><strong data-start=\"5352\" data-end=\"5376\">Lengre holdbarhet<\/strong> takket v\u00e6re stabil formulering.<\/p>\n<\/li>\n<li data-start=\"5409\" data-end=\"5479\">\n<p data-start=\"5411\" data-end=\"5479\">Lett \u00e5 <strong data-start=\"5424\" data-end=\"5451\">h\u00e5ndtere og oppbevare<\/strong> uten tap av kvalitet.<\/p>\n<\/li>\n<\/ul>\n<hr data-start=\"5481\" data-end=\"5484\" \/>\n<h3 data-start=\"5486\" data-end=\"5501\"><strong data-start=\"5490\" data-end=\"5501\">Bruk<\/strong><\/h3>\n<ul data-start=\"5502\" data-end=\"5772\">\n<li data-start=\"5502\" data-end=\"5562\">\n<p data-start=\"5504\" data-end=\"5562\">Skal kun brukes til <strong data-start=\"5529\" data-end=\"5559\">vitenskapelig forskning<\/strong>.<\/p>\n<\/li>\n<li data-start=\"5563\" data-end=\"5637\">\n<p data-start=\"5565\" data-end=\"5637\">Bruk passende <strong data-start=\"5581\" data-end=\"5605\">verneutstyr<\/strong> (hansker, vernebriller, laboratoriefrakk).<\/p>\n<\/li>\n<li data-start=\"5638\" data-end=\"5713\">\n<p data-start=\"5640\" data-end=\"5713\">Spar p\u00e5 en <strong data-start=\"5655\" data-end=\"5678\">kj\u00f8lig, t\u00f8rt sted<\/strong>, beskyttet mot lys og fuktighet.<\/p>\n<\/li>\n<li data-start=\"5714\" data-end=\"5772\">\n<p data-start=\"5716\" data-end=\"5772\">Ikke egnet for konsum av mennesker eller dyr.<\/p>\n<\/li>\n<\/ul>\n<hr data-start=\"5774\" data-end=\"5777\" \/>\n<h3 data-start=\"5779\" data-end=\"5814\"><strong data-start=\"5783\" data-end=\"5814\">Ofte stilte sp\u00f8rsm\u00e5l (FAQ)<\/strong><\/h3>\n<p data-start=\"5816\" data-end=\"6007\"><strong data-start=\"5816\" data-end=\"5854\">1. Hva brukes 4F-MPH til?<\/strong><br data-start=\"5854\" data-end=\"5857\" \/>4F-MPH brukes i <strong data-start=\"5882\" data-end=\"5927\">farmakologisk og nevrokjemisk forskning<\/strong> til sentralstimulerende midler og nevrotransmittersystemer som dopamin og noradrenalin.<\/p>\n<p data-start=\"6009\" data-end=\"6184\"><strong data-start=\"6009\" data-end=\"6062\">2. Er 4F-MPH 30 MG trygt for menneskelig bruk?<\/strong><br data-start=\"6062\" data-end=\"6065\" \/>Nei. Dette produktet er <strong data-start=\"6085\" data-end=\"6134\">kun beregnet for forskningsform\u00e5l<\/strong> og ikke godkjent for konsum.<\/p>\n<p data-start=\"6186\" data-end=\"6359\"><strong data-start=\"6186\" data-end=\"6230\">3. Hvordan b\u00f8r 4F-MPH 30 MG oppbevares?<\/strong><br data-start=\"6230\" data-end=\"6233\" \/>Oppbevares i en <strong data-start=\"6248\" data-end=\"6278\">godt forseglet emballasje<\/strong> bie <strong data-start=\"6283\" data-end=\"6313\">romtemperatur (15\u201325 \u00b0C)<\/strong>, borte fra fuktighet og direkte sollys.<\/p>","protected":false},"excerpt":{"rendered":"<p><strong><span dir=\"auto\" style=\"vertical-align: inherit;\"><span dir=\"auto\" style=\"vertical-align: inherit;\">MIDLERTIDIG I BL\u00c5 PELLETS (kun fargeforskjell).<\/span><\/span><\/strong><\/p>","protected":false},"featured_media":28441,"comment_status":"closed","ping_status":"closed","template":"","meta":[],"product_brand":[82],"product_cat":[444,445,322,333,324],"product_tag":[570,571,326],"class_list":{"0":"post-23635","1":"product","2":"type-product","3":"status-publish","4":"has-post-thumbnail","6":"product_brand-research-chemical","7":"product_cat-4f-mph","8":"product_cat-4f-mph-pellets","9":"product_cat-bijna-verboden","10":"product_cat-gefluoreerden","11":"product_cat-pellets-for-pellet","12":"product_tag-4f-mph-kopen","13":"product_tag-4f-mph","14":"product_tag-nl","16":"first","17":"instock","18":"taxable","19":"shipping-taxable","20":"purchasable","21":"product-type-variable"},"_links":{"self":[{"href":"https:\/\/researchchemicalhub.com\/nb\/wp-json\/wp\/v2\/product\/23635","targetHints":{"allow":["GET"]}}],"collection":[{"href":"https:\/\/researchchemicalhub.com\/nb\/wp-json\/wp\/v2\/product"}],"about":[{"href":"https:\/\/researchchemicalhub.com\/nb\/wp-json\/wp\/v2\/types\/product"}],"replies":[{"embeddable":true,"href":"https:\/\/researchchemicalhub.com\/nb\/wp-json\/wp\/v2\/comments?post=23635"}],"version-history":[{"count":6,"href":"https:\/\/researchchemicalhub.com\/nb\/wp-json\/wp\/v2\/product\/23635\/revisions"}],"predecessor-version":[{"id":27993,"href":"https:\/\/researchchemicalhub.com\/nb\/wp-json\/wp\/v2\/product\/23635\/revisions\/27993"}],"wp:featuredmedia":[{"embeddable":true,"href":"https:\/\/researchchemicalhub.com\/nb\/wp-json\/wp\/v2\/media\/28441"}],"wp:attachment":[{"href":"https:\/\/researchchemicalhub.com\/nb\/wp-json\/wp\/v2\/media?parent=23635"}],"wp:term":[{"taxonomy":"product_brand","embeddable":true,"href":"https:\/\/researchchemicalhub.com\/nb\/wp-json\/wp\/v2\/product_brand?post=23635"},{"taxonomy":"product_cat","embeddable":true,"href":"https:\/\/researchchemicalhub.com\/nb\/wp-json\/wp\/v2\/product_cat?post=23635"},{"taxonomy":"product_tag","embeddable":true,"href":"https:\/\/researchchemicalhub.com\/nb\/wp-json\/wp\/v2\/product_tag?post=23635"}],"curies":[{"name":"wp","href":"https:\/\/api.w.org\/{rel}","templated":true}]}}