{"id":23536,"date":"2025-04-13T17:39:56","date_gmt":"2025-04-13T17:39:56","guid":{"rendered":"https:\/\/researchchemicalhub.com\/?post_type=product&#038;p=23536"},"modified":"2025-10-30T09:22:17","modified_gmt":"2025-10-30T09:22:17","slug":"med-fumarat-n-metyl-n-etyltryptamin","status":"publish","type":"product","link":"https:\/\/researchchemicalhub.com\/nb\/butikk\/av\/med-fumarat-n-metyl-n-etyltryptamin\/","title":{"rendered":"MED fumarat (N-metyl-N-etyltryptamin)"},"content":{"rendered":"<h1><strong><span dir=\"auto\" style=\"vertical-align: inherit;\"><span dir=\"auto\" style=\"vertical-align: inherit;\">MET-fumarat \u2013 N-metyl-N-etyltryptamin Forskningsstoff med farmas\u00f8ytisk renhet<\/span><\/span><\/strong><\/h1>\n<p data-start=\"3893\" data-end=\"4074\"><strong data-start=\"3893\" data-end=\"3938\"><span dir=\"auto\" style=\"vertical-align: inherit;\"><span dir=\"auto\" style=\"vertical-align: inherit;\">MED fumarat (N-metyl-N-etyltryptamin)<\/span><\/span><\/strong><span dir=\"auto\" style=\"vertical-align: inherit;\"><span dir=\"auto\" style=\"vertical-align: inherit;\"> er en <\/span><\/span><strong data-start=\"3946\" data-end=\"3988\"><span dir=\"auto\" style=\"vertical-align: inherit;\"><span dir=\"auto\" style=\"vertical-align: inherit;\">forskningsforbindelse med h\u00f8y renhet<\/span><\/span><\/strong><span dir=\"auto\" style=\"vertical-align: inherit;\"><span dir=\"auto\" style=\"vertical-align: inherit;\"> utviklet for <\/span><\/span><strong data-start=\"4006\" data-end=\"4071\"><span dir=\"auto\" style=\"vertical-align: inherit;\"><span dir=\"auto\" style=\"vertical-align: inherit;\">nevrovitenskap, farmakologi og analytisk forskning<\/span><\/span><\/strong><span dir=\"auto\" style=\"vertical-align: inherit;\"><span dir=\"auto\" style=\"vertical-align: inherit;\"> med fumarat<\/span><\/span><\/p>\n<p data-start=\"4076\" data-end=\"4318\"><span dir=\"auto\" style=\"vertical-align: inherit;\"><span dir=\"auto\" style=\"vertical-align: inherit;\">Som en <\/span><\/span><strong data-start=\"4080\" data-end=\"4112\"><span dir=\"auto\" style=\"vertical-align: inherit;\"><span dir=\"auto\" style=\"vertical-align: inherit;\">strukturell analog av DMT<\/span><\/span><\/strong><span dir=\"auto\" style=\"vertical-align: inherit;\"><span dir=\"auto\" style=\"vertical-align: inherit;\"> og <\/span><\/span><strong data-start=\"4116\" data-end=\"4124\"><span dir=\"auto\" style=\"vertical-align: inherit;\"><span dir=\"auto\" style=\"vertical-align: inherit;\">MiPT<\/span><\/span><\/strong><span dir=\"auto\" style=\"vertical-align: inherit;\"><span dir=\"auto\" style=\"vertical-align: inherit;\"> , MET er spesielt verdifullt for studier av <\/span><\/span><strong data-start=\"4173\" data-end=\"4217\"><span dir=\"auto\" style=\"vertical-align: inherit;\"><span dir=\"auto\" style=\"vertical-align: inherit;\">serotoninreseptorer (5-HT2A og 5-HT1A)<\/span><\/span><\/strong><span dir=\"auto\" style=\"vertical-align: inherit;\"><span dir=\"auto\" style=\"vertical-align: inherit;\"> , <\/span><\/span><strong data-start=\"4219\" data-end=\"4241\"><span dir=\"auto\" style=\"vertical-align: inherit;\"><span dir=\"auto\" style=\"vertical-align: inherit;\">bindingsaffinitet<\/span><\/span><\/strong><span dir=\"auto\" style=\"vertical-align: inherit;\"><span dir=\"auto\" style=\"vertical-align: inherit;\"> , og <\/span><\/span><strong data-start=\"4246\" data-end=\"4288\"><span dir=\"auto\" style=\"vertical-align: inherit;\"><span dir=\"auto\" style=\"vertical-align: inherit;\">struktur-aktivitetsforhold (SAR)<\/span><\/span><\/strong><span dir=\"auto\" style=\"vertical-align: inherit;\"><span dir=\"auto\" style=\"vertical-align: inherit;\"> innenfor tryptaminklassen.<\/span><\/span><\/p>\n<p data-start=\"4320\" data-end=\"4516\"><span dir=\"auto\" style=\"vertical-align: inherit;\"><span dir=\"auto\" style=\"vertical-align: inherit;\">De <\/span><\/span><strong data-start=\"4323\" data-end=\"4343\"><span dir=\"auto\" style=\"vertical-align: inherit;\"><span dir=\"auto\" style=\"vertical-align: inherit;\">fumaratsaltform<\/span><\/span><\/strong><span dir=\"auto\" style=\"vertical-align: inherit;\"><span dir=\"auto\" style=\"vertical-align: inherit;\"> gir <\/span><\/span><strong data-start=\"4355\" data-end=\"4418\"><span dir=\"auto\" style=\"vertical-align: inherit;\"><span dir=\"auto\" style=\"vertical-align: inherit;\">forbedret kjemisk stabilitet, l\u00f8selighet og holdbarhet<\/span><\/span><\/strong><span dir=\"auto\" style=\"vertical-align: inherit;\"><span dir=\"auto\" style=\"vertical-align: inherit;\"> , noe som gj\u00f8r dette produktet ideelt for langtidslagring og presisjonslaboratorieapplikasjoner.<\/span><\/span><\/p>\n<blockquote data-start=\"4518\" data-end=\"4669\">\n<p data-start=\"4520\" data-end=\"4669\">\u26a0\ufe0f <strong data-start=\"4523\" data-end=\"4534\"><span dir=\"auto\" style=\"vertical-align: inherit;\"><span dir=\"auto\" style=\"vertical-align: inherit;\">Vennligst merk:<\/span><\/span><\/strong><span dir=\"auto\" style=\"vertical-align: inherit;\"><span dir=\"auto\" style=\"vertical-align: inherit;\"> Dette produktet er <\/span><\/span><strong data-start=\"4550\" data-end=\"4605\"><span dir=\"auto\" style=\"vertical-align: inherit;\"><span dir=\"auto\" style=\"vertical-align: inherit;\">kun beregnet for vitenskapelig forskning<\/span><\/span><\/strong><span dir=\"auto\" style=\"vertical-align: inherit;\"><span dir=\"auto\" style=\"vertical-align: inherit;\"> og <\/span><\/span><strong data-start=\"4609\" data-end=\"4666\"><span dir=\"auto\" style=\"vertical-align: inherit;\"><span dir=\"auto\" style=\"vertical-align: inherit;\">er ikke egnet for konsum av mennesker eller dyr<\/span><\/span><\/strong><span dir=\"auto\" style=\"vertical-align: inherit;\"><span dir=\"auto\" style=\"vertical-align: inherit;\"> .<\/span><\/span><\/p>\n<\/blockquote>\n<hr data-start=\"4671\" data-end=\"4674\" \/>\n<h3 data-start=\"4676\" data-end=\"4707\"><strong data-start=\"4680\" data-end=\"4707\"><span dir=\"auto\" style=\"vertical-align: inherit;\"><span dir=\"auto\" style=\"vertical-align: inherit;\">Viktige funksjoner<\/span><\/span><\/strong><\/h3>\n<ul data-start=\"4708\" data-end=\"5128\">\n<li data-start=\"4708\" data-end=\"4806\">\n<p data-start=\"4710\" data-end=\"4806\"><strong data-start=\"4710\" data-end=\"4736\"><span dir=\"auto\" style=\"vertical-align: inherit;\"><span dir=\"auto\" style=\"vertical-align: inherit;\">H\u00f8y renhet (\u226599%)<\/span><\/span><\/strong><span dir=\"auto\" style=\"vertical-align: inherit;\"><span dir=\"auto\" style=\"vertical-align: inherit;\"> \u2013 Laboratorietestet for identitet, sammensetning og stabilitet.<\/span><\/span><\/p>\n<\/li>\n<li data-start=\"4807\" data-end=\"4880\">\n<p data-start=\"4809\" data-end=\"4880\"><strong data-start=\"4809\" data-end=\"4838\"><span dir=\"auto\" style=\"vertical-align: inherit;\"><span dir=\"auto\" style=\"vertical-align: inherit;\">Stabil fumaratsaltform<\/span><\/span><\/strong><span dir=\"auto\" style=\"vertical-align: inherit;\"><span dir=\"auto\" style=\"vertical-align: inherit;\"> \u2013 \u00d8ker holdbarheten og gj\u00f8r oppbevaringen enklere.<\/span><\/span><\/p>\n<\/li>\n<li data-start=\"4881\" data-end=\"4968\">\n<p data-start=\"4883\" data-end=\"4968\"><strong data-start=\"4883\" data-end=\"4922\"><span dir=\"auto\" style=\"vertical-align: inherit;\"><span dir=\"auto\" style=\"vertical-align: inherit;\">Farmakologisk forskningsstandard<\/span><\/span><\/strong><span dir=\"auto\" style=\"vertical-align: inherit;\"><span dir=\"auto\" style=\"vertical-align: inherit;\"> \u2013 Egnet for reseptor- og SAR-forskning.<\/span><\/span><\/p>\n<\/li>\n<li data-start=\"4969\" data-end=\"5039\">\n<p data-start=\"4971\" data-end=\"5039\"><strong data-start=\"4971\" data-end=\"4996\"><span dir=\"auto\" style=\"vertical-align: inherit;\"><span dir=\"auto\" style=\"vertical-align: inherit;\">Konsekvent kvalitet<\/span><\/span><\/strong><span dir=\"auto\" style=\"vertical-align: inherit;\"><span dir=\"auto\" style=\"vertical-align: inherit;\"> \u2013 Produsert under GMP-lignende standarder. Med fumarat<\/span><\/span><\/p>\n<\/li>\n<li data-start=\"5040\" data-end=\"5128\">\n<p data-start=\"5042\" data-end=\"5128\"><strong data-start=\"5042\" data-end=\"5064\"><span dir=\"auto\" style=\"vertical-align: inherit;\"><span dir=\"auto\" style=\"vertical-align: inherit;\">Sikker emballasje<\/span><\/span><\/strong><span dir=\"auto\" style=\"vertical-align: inherit;\"><span dir=\"auto\" style=\"vertical-align: inherit;\"> \u2013 Lufttett og lysbestandig emballasje for maksimal beskyttelse.<\/span><\/span><\/p>\n<\/li>\n<\/ul>\n<hr data-start=\"5130\" data-end=\"5133\" \/>\n<h3 data-start=\"5135\" data-end=\"5152\"><strong data-start=\"5139\" data-end=\"5152\"><span dir=\"auto\" style=\"vertical-align: inherit;\"><span dir=\"auto\" style=\"vertical-align: inherit;\">Fordeler<\/span><\/span><\/strong><\/h3>\n<ul data-start=\"5153\" data-end=\"5458\">\n<li data-start=\"5153\" data-end=\"5233\">\n<p data-start=\"5155\" data-end=\"5233\"><span dir=\"auto\" style=\"vertical-align: inherit;\"><span dir=\"auto\" style=\"vertical-align: inherit;\">St\u00f8tter <\/span><\/span><strong data-start=\"5167\" data-end=\"5230\"><span dir=\"auto\" style=\"vertical-align: inherit;\"><span dir=\"auto\" style=\"vertical-align: inherit;\">forskning p\u00e5 serotoninreseptorer og tryptaminanaloger<\/span><\/span><\/strong><span dir=\"auto\" style=\"vertical-align: inherit;\"><span dir=\"auto\" style=\"vertical-align: inherit;\"> .<\/span><\/span><\/p>\n<\/li>\n<li data-start=\"5234\" data-end=\"5325\">\n<p data-start=\"5236\" data-end=\"5325\"><strong data-start=\"5236\" data-end=\"5281\"><span dir=\"auto\" style=\"vertical-align: inherit;\"><span dir=\"auto\" style=\"vertical-align: inherit;\">N\u00f8yaktige og reproduserbare resultater<\/span><\/span><\/strong><span dir=\"auto\" style=\"vertical-align: inherit;\"><span dir=\"auto\" style=\"vertical-align: inherit;\"> i kontrollerte laboratoriemilj\u00f8er.<\/span><\/span><\/p>\n<\/li>\n<li data-start=\"5326\" data-end=\"5384\">\n<p data-start=\"5328\" data-end=\"5384\"><strong data-start=\"5328\" data-end=\"5354\"><span dir=\"auto\" style=\"vertical-align: inherit;\"><span dir=\"auto\" style=\"vertical-align: inherit;\">Forbedret stabilitet<\/span><\/span><\/strong><span dir=\"auto\" style=\"vertical-align: inherit;\"><span dir=\"auto\" style=\"vertical-align: inherit;\"> og langsiktig holdbarhet.<\/span><\/span><\/p>\n<\/li>\n<li data-start=\"5385\" data-end=\"5458\">\n<p data-start=\"5387\" data-end=\"5458\"><span dir=\"auto\" style=\"vertical-align: inherit;\"><span dir=\"auto\" style=\"vertical-align: inherit;\">Passer for <\/span><\/span><strong data-start=\"5401\" data-end=\"5455\"><span dir=\"auto\" style=\"vertical-align: inherit;\"><span dir=\"auto\" style=\"vertical-align: inherit;\">akademisk, farmakologisk og analytisk forskning<\/span><\/span><\/strong><span dir=\"auto\" style=\"vertical-align: inherit;\"><span dir=\"auto\" style=\"vertical-align: inherit;\"> .<\/span><\/span><\/p>\n<\/li>\n<\/ul>\n<hr data-start=\"5460\" data-end=\"5463\" \/>\n<h3 data-start=\"5465\" data-end=\"5480\"><strong data-start=\"5469\" data-end=\"5480\"><span dir=\"auto\" style=\"vertical-align: inherit;\"><span dir=\"auto\" style=\"vertical-align: inherit;\">Bruk<\/span><\/span><\/strong><\/h3>\n<ul data-start=\"5481\" data-end=\"5752\">\n<li data-start=\"5481\" data-end=\"5551\">\n<p data-start=\"5483\" data-end=\"5551\"><span dir=\"auto\" style=\"vertical-align: inherit;\"><span dir=\"auto\" style=\"vertical-align: inherit;\">Til bruk av <\/span><\/span><strong data-start=\"5508\" data-end=\"5548\"><span dir=\"auto\" style=\"vertical-align: inherit;\"><span dir=\"auto\" style=\"vertical-align: inherit;\">kvalifisert laboratoriepersonell<\/span><\/span><\/strong><span dir=\"auto\" style=\"vertical-align: inherit;\"><span dir=\"auto\" style=\"vertical-align: inherit;\"> bare .<\/span><\/span><\/p>\n<\/li>\n<li data-start=\"5552\" data-end=\"5628\">\n<p data-start=\"5554\" data-end=\"5628\"><span dir=\"auto\" style=\"vertical-align: inherit;\"><span dir=\"auto\" style=\"vertical-align: inherit;\">Bruk passende <\/span><\/span><strong data-start=\"5572\" data-end=\"5596\"><span dir=\"auto\" style=\"vertical-align: inherit;\"><span dir=\"auto\" style=\"vertical-align: inherit;\">verneutstyr<\/span><\/span><\/strong><span dir=\"auto\" style=\"vertical-align: inherit;\"><span dir=\"auto\" style=\"vertical-align: inherit;\"> (hansker, vernebriller, laboratoriefrakk).<\/span><\/span><\/p>\n<\/li>\n<li data-start=\"5629\" data-end=\"5693\">\n<p data-start=\"5631\" data-end=\"5693\"><span dir=\"auto\" style=\"vertical-align: inherit;\"><span dir=\"auto\" style=\"vertical-align: inherit;\">Oppbevares i en <\/span><\/span><strong data-start=\"5646\" data-end=\"5680\"><span dir=\"auto\" style=\"vertical-align: inherit;\"><span dir=\"auto\" style=\"vertical-align: inherit;\">kj\u00f8lig, t\u00f8rt og m\u00f8rkt sted<\/span><\/span><\/strong><span dir=\"auto\" style=\"vertical-align: inherit;\"><span dir=\"auto\" style=\"vertical-align: inherit;\"> (15\u201325 \u00b0C).<\/span><\/span><\/p>\n<\/li>\n<li data-start=\"5694\" data-end=\"5752\">\n<p data-start=\"5696\" data-end=\"5752\"><span dir=\"auto\" style=\"vertical-align: inherit;\"><span dir=\"auto\" style=\"vertical-align: inherit;\">Ikke egnet for konsum av mennesker eller dyr.<\/span><\/span><\/p>\n<\/li>\n<\/ul>\n<hr data-start=\"5754\" data-end=\"5757\" \/>\n<h3 data-start=\"5759\" data-end=\"5794\"><strong data-start=\"5763\" data-end=\"5794\"><span dir=\"auto\" style=\"vertical-align: inherit;\"><span dir=\"auto\" style=\"vertical-align: inherit;\">Ofte stilte sp\u00f8rsm\u00e5l (FAQ)<\/span><\/span><\/strong><\/h3>\n<p data-start=\"5796\" data-end=\"5974\"><strong data-start=\"5796\" data-end=\"5840\"><span dir=\"auto\" style=\"vertical-align: inherit;\"><span dir=\"auto\" style=\"vertical-align: inherit;\">1. Hva brukes MET-fumarat til?<\/span><\/span><\/strong><br data-start=\"5840\" data-end=\"5843\" \/><span dir=\"auto\" style=\"vertical-align: inherit;\"><span dir=\"auto\" style=\"vertical-align: inherit;\"> MET-fumarat brukes til <\/span><\/span><strong data-start=\"5876\" data-end=\"5921\"><span dir=\"auto\" style=\"vertical-align: inherit;\"><span dir=\"auto\" style=\"vertical-align: inherit;\">farmakologisk og nevrokjemisk forskning<\/span><\/span><\/strong><span dir=\"auto\" style=\"vertical-align: inherit;\"><span dir=\"auto\" style=\"vertical-align: inherit;\"> p\u00e5 serotoninreseptorer og tryptaminanaloger.<\/span><\/span><\/p>\n<p data-start=\"5976\" data-end=\"6151\"><strong data-start=\"5976\" data-end=\"6029\"><span dir=\"auto\" style=\"vertical-align: inherit;\"><span dir=\"auto\" style=\"vertical-align: inherit;\">2. Er MET-fumarat trygt for menneskelig bruk?<\/span><\/span><\/strong><br data-start=\"6029\" data-end=\"6032\" \/><span dir=\"auto\" style=\"vertical-align: inherit;\"><span dir=\"auto\" style=\"vertical-align: inherit;\"> Nei. Dette produktet er <\/span><\/span><strong data-start=\"6052\" data-end=\"6101\"><span dir=\"auto\" style=\"vertical-align: inherit;\"><span dir=\"auto\" style=\"vertical-align: inherit;\">kun beregnet for forskningsform\u00e5l<\/span><\/span><\/strong><span dir=\"auto\" style=\"vertical-align: inherit;\"><span dir=\"auto\" style=\"vertical-align: inherit;\"> og er ikke godkjent for konsum.<\/span><\/span><\/p>\n<p data-start=\"6153\" data-end=\"6319\"><strong data-start=\"6153\" data-end=\"6197\"><span dir=\"auto\" style=\"vertical-align: inherit;\"><span dir=\"auto\" style=\"vertical-align: inherit;\">3. Hvordan b\u00f8r MET-fumarat oppbevares?<\/span><\/span><\/strong><br data-start=\"6197\" data-end=\"6200\" \/><span dir=\"auto\" style=\"vertical-align: inherit;\"><span dir=\"auto\" style=\"vertical-align: inherit;\"> Oppbevares i en <\/span><\/span><strong data-start=\"6215\" data-end=\"6245\"><span dir=\"auto\" style=\"vertical-align: inherit;\"><span dir=\"auto\" style=\"vertical-align: inherit;\">tett lukket beholder<\/span><\/span><\/strong><span dir=\"auto\" style=\"vertical-align: inherit;\"><span dir=\"auto\" style=\"vertical-align: inherit;\"> ved romtemperatur (15\u201325 \u00b0C), beskyttet mot fuktighet, varme og lys.<\/span><\/span><\/p>","protected":false},"excerpt":{"rendered":"<h3><span data-sheets-value=\"{\" data-sheets-userformat=\"{\"><span style=\"vertical-align: inherit;\"><span style=\"vertical-align: inherit;\"><span dir=\"auto\" style=\"vertical-align: inherit;\"><span dir=\"auto\" style=\"vertical-align: inherit;\">WITH fumarate properties<\/span><\/span><\/span><\/span><\/span><\/h3>\n<p><strong><span style=\"vertical-align: inherit;\"><span style=\"vertical-align: inherit;\"><span dir=\"auto\" style=\"vertical-align: inherit;\"><span dir=\"auto\" style=\"vertical-align: inherit;\">Synonym:<\/span><\/span><\/span><\/span><\/strong><span style=\"vertical-align: inherit;\"><span style=\"vertical-align: inherit;\"><span dir=\"auto\" style=\"vertical-align: inherit;\"><span dir=\"auto\" style=\"vertical-align: inherit;\"> N-methyl-N-ethyltryptamine fumarate <\/span><\/span><\/span><\/span><br \/>\n<strong><span style=\"vertical-align: inherit;\"><span style=\"vertical-align: inherit;\"><span dir=\"auto\" style=\"vertical-align: inherit;\"><span dir=\"auto\" style=\"vertical-align: inherit;\">CAS Number:<\/span><\/span><\/span><\/span><\/strong><span style=\"vertical-align: inherit;\"><span style=\"vertical-align: inherit;\"><span dir=\"auto\" style=\"vertical-align: inherit;\"><span dir=\"auto\" style=\"vertical-align: inherit;\"> 5599-69-9 <\/span><\/span><\/span><\/span><br \/>\n<strong><span style=\"vertical-align: inherit;\"><span style=\"vertical-align: inherit;\"><span dir=\"auto\" style=\"vertical-align: inherit;\"><span dir=\"auto\" style=\"vertical-align: inherit;\">Formula:<\/span><\/span><\/span><\/span><\/strong><span style=\"vertical-align: inherit;\"><span style=\"vertical-align: inherit;\"><span dir=\"auto\" style=\"vertical-align: inherit;\"><span dir=\"auto\" style=\"vertical-align: inherit;\"> 3-[2-(ethyl(methyl)amino)ethyl]-1H-indole fumarate <\/span><\/span><\/span><\/span><br \/>\n<strong><span style=\"vertical-align: inherit;\"><span style=\"vertical-align: inherit;\"><span dir=\"auto\" style=\"vertical-align: inherit;\"><span dir=\"auto\" style=\"vertical-align: inherit;\">Molar Mass:<\/span><\/span><\/span><\/span><\/strong><span style=\"vertical-align: inherit;\"><span style=\"vertical-align: inherit;\"><span dir=\"auto\" style=\"vertical-align: inherit;\"><span dir=\"auto\" style=\"vertical-align: inherit;\"> 318.4 g\/mol <\/span><\/span><\/span><\/span><br \/>\n<strong><span style=\"vertical-align: inherit;\"><span style=\"vertical-align: inherit;\"><span dir=\"auto\" style=\"vertical-align: inherit;\"><span dir=\"auto\" style=\"vertical-align: inherit;\">Purity:<\/span><\/span><\/span><\/span><\/strong><span style=\"vertical-align: inherit;\"><span style=\"vertical-align: inherit;\"><span dir=\"auto\" style=\"vertical-align: inherit;\"><span dir=\"auto\" style=\"vertical-align: inherit;\"> &gt;97%<\/span><\/span><\/span><\/span><\/p>\n","protected":false},"featured_media":28556,"comment_status":"closed","ping_status":"closed","template":"","meta":[],"product_brand":[],"product_cat":[508,398,381],"product_tag":[1162,1163,326],"class_list":{"0":"post-23536","1":"product","2":"type-product","3":"status-publish","4":"has-post-thumbnail","6":"product_cat-met","7":"product_cat-verkoop","8":"product_cat-tryptamines","9":"product_tag-met-fumarate","10":"product_tag-met-fumarate-kopen","11":"product_tag-nl","13":"first","14":"instock","15":"sale","16":"taxable","17":"shipping-taxable","18":"purchasable","19":"product-type-variable"},"_links":{"self":[{"href":"https:\/\/researchchemicalhub.com\/nb\/wp-json\/wp\/v2\/product\/23536","targetHints":{"allow":["GET"]}}],"collection":[{"href":"https:\/\/researchchemicalhub.com\/nb\/wp-json\/wp\/v2\/product"}],"about":[{"href":"https:\/\/researchchemicalhub.com\/nb\/wp-json\/wp\/v2\/types\/product"}],"replies":[{"embeddable":true,"href":"https:\/\/researchchemicalhub.com\/nb\/wp-json\/wp\/v2\/comments?post=23536"}],"version-history":[{"count":6,"href":"https:\/\/researchchemicalhub.com\/nb\/wp-json\/wp\/v2\/product\/23536\/revisions"}],"predecessor-version":[{"id":28729,"href":"https:\/\/researchchemicalhub.com\/nb\/wp-json\/wp\/v2\/product\/23536\/revisions\/28729"}],"wp:featuredmedia":[{"embeddable":true,"href":"https:\/\/researchchemicalhub.com\/nb\/wp-json\/wp\/v2\/media\/28556"}],"wp:attachment":[{"href":"https:\/\/researchchemicalhub.com\/nb\/wp-json\/wp\/v2\/media?parent=23536"}],"wp:term":[{"taxonomy":"product_brand","embeddable":true,"href":"https:\/\/researchchemicalhub.com\/nb\/wp-json\/wp\/v2\/product_brand?post=23536"},{"taxonomy":"product_cat","embeddable":true,"href":"https:\/\/researchchemicalhub.com\/nb\/wp-json\/wp\/v2\/product_cat?post=23536"},{"taxonomy":"product_tag","embeddable":true,"href":"https:\/\/researchchemicalhub.com\/nb\/wp-json\/wp\/v2\/product_tag?post=23536"}],"curies":[{"name":"wp","href":"https:\/\/api.w.org\/{rel}","templated":true}]}}