{"id":23509,"date":"2025-04-13T17:39:53","date_gmt":"2025-04-13T17:39:53","guid":{"rendered":"https:\/\/researchchemicalhub.com\/?post_type=product&#038;p=23509"},"modified":"2025-10-19T20:17:28","modified_gmt":"2025-10-19T20:17:28","slug":"5-meo-med-fumarat","status":"publish","type":"product","link":"https:\/\/researchchemicalhub.com\/nb\/butikk\/5-mai-med\/5-meo-med-fumarat\/","title":{"rendered":"5-MeO-MET-fumarat"},"content":{"rendered":"<h3><strong><span dir=\"auto\" style=\"vertical-align: inherit;\"><span dir=\"auto\" style=\"vertical-align: inherit;\">5-MeO-MET-fumarat \u2013 produktbeskrivelse, bruksomr\u00e5der, fordeler og ulemper og vanlige sp\u00f8rsm\u00e5l<\/span><\/span><\/strong><\/h3>\n<p data-start=\"4063\" data-end=\"4259\"><strong data-start=\"4063\" data-end=\"4124\">5-MeO-MET-fumarat (5-metoksy-N-metyl-N-etyltryptamin)<\/strong> er en <strong data-start=\"4132\" data-end=\"4174\">forskningsforbindelse med h\u00f8y renhet<\/strong>, designet for <strong data-start=\"4191\" data-end=\"4256\">nevrovitenskapelig, farmakologisk og analytisk forskning<\/strong>. 5 meo med fumarat<\/p>\n<p data-start=\"4261\" data-end=\"4523\">Hvis <strong data-start=\"4265\" data-end=\"4301\">metoksysubstituert analog<\/strong> ved <strong data-start=\"4306\" data-end=\"4342\">MET (N-metyl-N-etyltryptamin)<\/strong> 5-MeO-MET tilh\u00f8rer <strong data-start=\"4368\" data-end=\"4388\">tryptaminklasse<\/strong> og det er viktig for forskning p\u00e5 <strong data-start=\"4430\" data-end=\"4474\">serotoninreseptorer (5-HT2A og 5-HT1A)<\/strong> og <strong data-start=\"4478\" data-end=\"4520\">struktur-aktivitetsforhold (SAR)<\/strong>.<\/p>\n<p data-start=\"4525\" data-end=\"4704\">De <strong data-start=\"4528\" data-end=\"4548\">fumaratsaltform<\/strong> s\u00f8rger for <strong data-start=\"4560\" data-end=\"4623\">bedre kjemisk stabilitet, l\u00f8selighet og holdbarhet<\/strong>, som er viktig for langtidslagring og n\u00f8yaktig laboratorietesting.<\/p>\n<blockquote data-start=\"4706\" data-end=\"4857\">\n<p data-start=\"4708\" data-end=\"4857\">\u26a0\ufe0f <strong data-start=\"4711\" data-end=\"4722\">NB:<\/strong> Dette produktet er <strong data-start=\"4738\" data-end=\"4793\">utelukkende beregnet p\u00e5 vitenskapelig forskning<\/strong> og <strong data-start=\"4797\" data-end=\"4854\">ikke egnet for konsum av mennesker eller dyr<\/strong>.<\/p>\n<\/blockquote>\n<hr data-start=\"4859\" data-end=\"4862\" \/>\n<h3 data-start=\"4864\" data-end=\"4895\"><strong data-start=\"4868\" data-end=\"4895\">Viktige funksjoner<\/strong><\/h3>\n<ul data-start=\"4896\" data-end=\"5326\">\n<li data-start=\"4896\" data-end=\"4994\">\n<p data-start=\"4898\" data-end=\"4994\"><strong data-start=\"4898\" data-end=\"4924\">H\u00f8y renhet (\u226599%)<\/strong> \u2013 Laboratorietestet for identitet, stabilitet og sammensetning.<\/p>\n<\/li>\n<li data-start=\"4995\" data-end=\"5070\">\n<p data-start=\"4997\" data-end=\"5070\"><strong data-start=\"4997\" data-end=\"5026\">Stabil fumaratsaltform<\/strong> \u2013 \u00d8ker holdbarheten og l\u00f8seligheten.<\/p>\n<\/li>\n<li data-start=\"5071\" data-end=\"5158\">\n<p data-start=\"5073\" data-end=\"5158\"><strong data-start=\"5073\" data-end=\"5112\">Farmakologisk forskningsstandard<\/strong> \u2013 Egnet for reseptor- og SAR-forskning.<\/p>\n<\/li>\n<li data-start=\"5159\" data-end=\"5237\">\n<p data-start=\"5161\" data-end=\"5237\"><strong data-start=\"5161\" data-end=\"5186\">Konsekvent kvalitet<\/strong> \u2013 Produsert under GMP-lignende forhold.<\/p>\n<\/li>\n<li data-start=\"5238\" data-end=\"5326\">\n<p data-start=\"5240\" data-end=\"5326\"><strong data-start=\"5240\" data-end=\"5262\">Sikker emballasje<\/strong> \u2013 Lufttett og lystette emballasjer for maksimal beskyttelse. 5 meo med fumarat<\/p>\n<\/li>\n<\/ul>\n<hr data-start=\"5328\" data-end=\"5331\" \/>\n<h3 data-start=\"5333\" data-end=\"5350\"><strong data-start=\"5337\" data-end=\"5350\">Fordeler<\/strong><\/h3>\n<ul data-start=\"5351\" data-end=\"5645\">\n<li data-start=\"5351\" data-end=\"5431\">\n<p data-start=\"5353\" data-end=\"5431\">St\u00f8tter <strong data-start=\"5365\" data-end=\"5428\">forskning p\u00e5 serotoninreseptorer og tryptaminanaloger<\/strong>.<\/p>\n<\/li>\n<li data-start=\"5432\" data-end=\"5510\">\n<p data-start=\"5434\" data-end=\"5510\"><strong data-start=\"5434\" data-end=\"5479\">P\u00e5litelige og reproduserbare resultater<\/strong> i kontrollert forskning.<\/p>\n<\/li>\n<li data-start=\"5511\" data-end=\"5575\">\n<p data-start=\"5513\" data-end=\"5575\"><strong data-start=\"5513\" data-end=\"5539\">Forbedret stabilitet<\/strong> sammenlignet med den frie baseformen.<\/p>\n<\/li>\n<li data-start=\"5576\" data-end=\"5645\">\n<p data-start=\"5578\" data-end=\"5645\">Passer for <strong data-start=\"5592\" data-end=\"5642\">akademisk, analytisk og rettsmedisinsk forskning<\/strong>.<\/p>\n<\/li>\n<\/ul>\n<hr data-start=\"5647\" data-end=\"5650\" \/>\n<h3 data-start=\"5652\" data-end=\"5667\"><strong data-start=\"5656\" data-end=\"5667\">Bruk<\/strong><\/h3>\n<ul data-start=\"5668\" data-end=\"5950\">\n<li data-start=\"5668\" data-end=\"5738\">\n<p data-start=\"5670\" data-end=\"5738\">Kun til bruk av <strong data-start=\"5695\" data-end=\"5735\">kvalifisert laboratoriepersonell<\/strong>.<\/p>\n<\/li>\n<li data-start=\"5739\" data-end=\"5826\">\n<p data-start=\"5741\" data-end=\"5826\">Bruk egnet <strong data-start=\"5759\" data-end=\"5783\">verneutstyr<\/strong> (hansker, vernebriller, laboratoriefrakk).<\/p>\n<\/li>\n<li data-start=\"5827\" data-end=\"5891\">\n<p data-start=\"5829\" data-end=\"5891\">Spar p\u00e5 en <strong data-start=\"5844\" data-end=\"5878\">kj\u00f8lig, t\u00f8rt og m\u00f8rkt sted<\/strong> (15\u201325 \u00b0C).<\/p>\n<\/li>\n<li data-start=\"5892\" data-end=\"5950\">\n<p data-start=\"5894\" data-end=\"5950\">Ikke egnet for konsum av mennesker eller dyr.<\/p>\n<\/li>\n<\/ul>\n<hr data-start=\"5952\" data-end=\"5955\" \/>\n<h3 data-start=\"5957\" data-end=\"5992\"><strong data-start=\"5961\" data-end=\"5992\">Ofte stilte sp\u00f8rsm\u00e5l (FAQ)<\/strong><\/h3>\n<p data-start=\"5994\" data-end=\"6184\"><strong data-start=\"5994\" data-end=\"6044\">1. Hva brukes 5-MeO-MET-fumarat til?<\/strong><br data-start=\"6044\" data-end=\"6047\" \/>5-MeO-MET-fumarat brukes til <strong data-start=\"6086\" data-end=\"6131\">farmakologisk og nevrokjemisk forskning<\/strong> til serotoninreseptorer og tryptaminanaloger.<\/p>\n<p data-start=\"6186\" data-end=\"6367\"><strong data-start=\"6186\" data-end=\"6245\">2. Er 5-MeO-MET-fumarat trygt for menneskelig bruk?<\/strong><br data-start=\"6245\" data-end=\"6248\" \/>Nei. Dette produktet er <strong data-start=\"6268\" data-end=\"6317\">kun beregnet for forskningsform\u00e5l<\/strong> og ikke godkjent for konsum.<\/p>\n<p data-start=\"6369\" data-end=\"6541\"><strong data-start=\"6369\" data-end=\"6419\">3. Hvordan b\u00f8r 5-MeO-MET-fumarat oppbevares?<\/strong><br data-start=\"6419\" data-end=\"6422\" \/>Oppbevares i en <strong data-start=\"6437\" data-end=\"6467\">godt forseglet emballasje<\/strong> ved romtemperatur (15\u201325 \u00b0C), beskyttet mot fuktighet, varme og lys.<\/p>","protected":false},"excerpt":{"rendered":"<h3><span data-sheets-value=\"{\" data-sheets-userformat=\"{\"><span dir=\"auto\" style=\"vertical-align: inherit;\"><span dir=\"auto\" style=\"vertical-align: inherit;\">5-MeO-MET fumarate properties<\/span><\/span><\/span><\/h3>\n<p><strong><span style=\"vertical-align: inherit;\"><span style=\"vertical-align: inherit;\"><span dir=\"auto\" style=\"vertical-align: inherit;\"><span dir=\"auto\" style=\"vertical-align: inherit;\">Synonym:<\/span><\/span><\/span><\/span><\/strong><span style=\"vertical-align: inherit;\"><span style=\"vertical-align: inherit;\"><span dir=\"auto\" style=\"vertical-align: inherit;\"><span dir=\"auto\" style=\"vertical-align: inherit;\"> 5-methoxy-N-methyl-N-ethyltryptamine fumarate <\/span><\/span><\/span><\/span><br \/>\n<strong><span style=\"vertical-align: inherit;\"><span style=\"vertical-align: inherit;\"><span dir=\"auto\" style=\"vertical-align: inherit;\"><span dir=\"auto\" style=\"vertical-align: inherit;\">CAS Number:<\/span><\/span><\/span><\/span><\/strong><span style=\"vertical-align: inherit;\"><span style=\"vertical-align: inherit;\"><span dir=\"auto\" style=\"vertical-align: inherit;\"><span dir=\"auto\" style=\"vertical-align: inherit;\"> n\/a <\/span><\/span><\/span><\/span><br \/>\n<strong><span style=\"vertical-align: inherit;\"><span style=\"vertical-align: inherit;\"><span dir=\"auto\" style=\"vertical-align: inherit;\"><span dir=\"auto\" style=\"vertical-align: inherit;\">Formula:<\/span><\/span><\/span><\/span><\/strong><span style=\"vertical-align: inherit;\"><span style=\"vertical-align: inherit;\"><span dir=\"auto\" style=\"vertical-align: inherit;\"><span dir=\"auto\" style=\"vertical-align: inherit;\"> 3-[2-(ethylmethylamino)ethyl]-5-methoxyindole fumarate <\/span><\/span><\/span><\/span><br \/>\n<strong><span style=\"vertical-align: inherit;\"><span style=\"vertical-align: inherit;\"><span dir=\"auto\" style=\"vertical-align: inherit;\"><span dir=\"auto\" style=\"vertical-align: inherit;\">Molar Mass:<\/span><\/span><\/span><\/span><\/strong><span style=\"vertical-align: inherit;\"><span style=\"vertical-align: inherit;\"><span dir=\"auto\" style=\"vertical-align: inherit;\"><span dir=\"auto\" style=\"vertical-align: inherit;\"> 348.4 g\/mol <\/span><\/span><\/span><\/span><br \/>\n<strong><span style=\"vertical-align: inherit;\"><span style=\"vertical-align: inherit;\"><span dir=\"auto\" style=\"vertical-align: inherit;\"><span dir=\"auto\" style=\"vertical-align: inherit;\">Purity:<\/span><\/span><\/span><\/span><\/strong><span style=\"vertical-align: inherit;\"><span style=\"vertical-align: inherit;\"><span dir=\"auto\" style=\"vertical-align: inherit;\"><span dir=\"auto\" style=\"vertical-align: inherit;\"> &gt;97%<\/span><\/span><\/span><\/span><\/p>\n","protected":false},"featured_media":20399,"comment_status":"closed","ping_status":"closed","template":"","meta":[],"product_brand":[],"product_cat":[545,381],"product_tag":[1169,1167,1168,326],"class_list":{"0":"post-23509","1":"product","2":"type-product","3":"status-publish","4":"has-post-thumbnail","6":"product_cat-5-meo-met","7":"product_cat-tryptamines","8":"product_tag-5-meo-met","9":"product_tag-5-meo-met-fumarate","10":"product_tag-5-meo-met-fumarate-kopen","11":"product_tag-nl","13":"first","14":"instock","15":"taxable","16":"shipping-taxable","17":"purchasable","18":"product-type-variable"},"_links":{"self":[{"href":"https:\/\/researchchemicalhub.com\/nb\/wp-json\/wp\/v2\/product\/23509","targetHints":{"allow":["GET"]}}],"collection":[{"href":"https:\/\/researchchemicalhub.com\/nb\/wp-json\/wp\/v2\/product"}],"about":[{"href":"https:\/\/researchchemicalhub.com\/nb\/wp-json\/wp\/v2\/types\/product"}],"replies":[{"embeddable":true,"href":"https:\/\/researchchemicalhub.com\/nb\/wp-json\/wp\/v2\/comments?post=23509"}],"version-history":[{"count":5,"href":"https:\/\/researchchemicalhub.com\/nb\/wp-json\/wp\/v2\/product\/23509\/revisions"}],"predecessor-version":[{"id":28028,"href":"https:\/\/researchchemicalhub.com\/nb\/wp-json\/wp\/v2\/product\/23509\/revisions\/28028"}],"wp:featuredmedia":[{"embeddable":true,"href":"https:\/\/researchchemicalhub.com\/nb\/wp-json\/wp\/v2\/media\/20399"}],"wp:attachment":[{"href":"https:\/\/researchchemicalhub.com\/nb\/wp-json\/wp\/v2\/media?parent=23509"}],"wp:term":[{"taxonomy":"product_brand","embeddable":true,"href":"https:\/\/researchchemicalhub.com\/nb\/wp-json\/wp\/v2\/product_brand?post=23509"},{"taxonomy":"product_cat","embeddable":true,"href":"https:\/\/researchchemicalhub.com\/nb\/wp-json\/wp\/v2\/product_cat?post=23509"},{"taxonomy":"product_tag","embeddable":true,"href":"https:\/\/researchchemicalhub.com\/nb\/wp-json\/wp\/v2\/product_tag?post=23509"}],"curies":[{"name":"wp","href":"https:\/\/api.w.org\/{rel}","templated":true}]}}