{"id":23445,"date":"2025-04-13T17:39:46","date_gmt":"2025-04-13T17:39:46","guid":{"rendered":"https:\/\/researchchemicalhub.com\/?post_type=product&#038;p=23445"},"modified":"2025-10-30T09:28:37","modified_gmt":"2025-10-30T09:28:37","slug":"4-ho-dpt-fumarat","status":"publish","type":"product","link":"https:\/\/researchchemicalhub.com\/nb\/butikk\/4-tommers-dpt\/4-ho-dpt-fumarat\/","title":{"rendered":"4-HO-DPT-fumarat"},"content":{"rendered":"<h3><strong><span dir=\"auto\" style=\"vertical-align: inherit;\"><span dir=\"auto\" style=\"vertical-align: inherit;\">4-HO-DPT-fumarat \u2013 Produktbeskrivelse, bruk, effekter og vanlige sp\u00f8rsm\u00e5l<\/span><\/span><\/strong><\/h3>\n<p data-start=\"4143\" data-end=\"4335\"><strong data-start=\"4143\" data-end=\"4199\">4-HO-DPT-fumarat (4-hydroksy-N,N-dipropyltryptamin)<\/strong> er en <strong data-start=\"4207\" data-end=\"4249\">forskningsforbindelse med h\u00f8y renhet<\/strong>, utviklet for <strong data-start=\"4267\" data-end=\"4332\">nevrovitenskapelig, farmakologisk og analytisk forskning<\/strong>. <span class=\"___SBox_epc1q-ko_ ___SText_zko9t-ko_\" data-ui-name=\"Link.Text\">4-tommers dpt<\/span><\/p>\n<p data-start=\"4337\" data-end=\"4661\">Hvis <strong data-start=\"4341\" data-end=\"4378\">hydroksylsubstituert analog<\/strong> ved <strong data-start=\"4383\" data-end=\"4415\">DPT (N,N-dipropyltryptamin)<\/strong> tilh\u00f8rer den <strong data-start=\"4435\" data-end=\"4471\">4-hydroksytryptaminklasse (4-H2O)<\/strong> og er n\u00e6rt knyttet til <strong data-start=\"4499\" data-end=\"4523\">4-HO-DMT (Psilocin)<\/strong>Den brukes i <strong data-start=\"4547\" data-end=\"4612\">forskning p\u00e5 serotoninreseptorer (5-HT1A, 5-HT2A, 5-HT2C)<\/strong> og <strong data-start=\"4616\" data-end=\"4658\">struktur-aktivitetsforhold (SAR)<\/strong>.<\/p>\n<p data-start=\"4663\" data-end=\"4845\">De <strong data-start=\"4666\" data-end=\"4686\">fumaratsaltform<\/strong> tilbud <strong data-start=\"4693\" data-end=\"4756\">bedre kjemisk stabilitet, l\u00f8selighet og holdbarhet<\/strong>, noe som gj\u00f8r den ideell for langtidslagring og kontrollert laboratorieforskning.<\/p>\n<blockquote data-start=\"4847\" data-end=\"4998\">\n<p data-start=\"4849\" data-end=\"4998\">\u26a0\ufe0f <strong data-start=\"4852\" data-end=\"4863\">NB:<\/strong> Dette produktet er <strong data-start=\"4879\" data-end=\"4934\">utelukkende beregnet p\u00e5 vitenskapelig forskning<\/strong> og <strong data-start=\"4938\" data-end=\"4995\">ikke egnet for konsum av mennesker eller dyr<\/strong>.<\/p>\n<\/blockquote>\n<hr data-start=\"5000\" data-end=\"5003\" \/>\n<h3 data-start=\"5005\" data-end=\"5036\"><strong data-start=\"5009\" data-end=\"5036\">Viktige funksjoner<\/strong><\/h3>\n<ul data-start=\"5037\" data-end=\"5435\">\n<li data-start=\"5037\" data-end=\"5113\">\n<p data-start=\"5039\" data-end=\"5113\"><strong data-start=\"5039\" data-end=\"5065\">H\u00f8y renhet (\u226599%)<\/strong> \u2013 Bekreftet med HPLC-, NMR- og GC-MS-analyse.<\/p>\n<\/li>\n<li data-start=\"5114\" data-end=\"5187\">\n<p data-start=\"5116\" data-end=\"5187\"><strong data-start=\"5116\" data-end=\"5145\">Stabil fumaratsaltform<\/strong> \u2013 \u00d8ker holdbarheten og stabiliteten.<\/p>\n<\/li>\n<li data-start=\"5188\" data-end=\"5275\">\n<p data-start=\"5190\" data-end=\"5275\"><strong data-start=\"5190\" data-end=\"5229\">Farmakologisk forskningsstandard<\/strong> \u2013 Egnet for reseptor- og SAR-forskning.<\/p>\n<\/li>\n<li data-start=\"5276\" data-end=\"5346\">\n<p data-start=\"5278\" data-end=\"5346\"><strong data-start=\"5278\" data-end=\"5303\">Konsekvent kvalitet<\/strong> \u2013 Produsert under GMP-lignende standarder.<\/p>\n<\/li>\n<li data-start=\"5347\" data-end=\"5435\">\n<p data-start=\"5349\" data-end=\"5435\"><strong data-start=\"5349\" data-end=\"5371\">Sikker emballasje<\/strong> \u2013 Lufttett og lystettet pakket for maksimal beskyttelse.<\/p>\n<\/li>\n<\/ul>\n<hr data-start=\"5437\" data-end=\"5440\" \/>\n<h3 data-start=\"5442\" data-end=\"5459\"><strong data-start=\"5446\" data-end=\"5459\">Fordeler<\/strong><\/h3>\n<ul data-start=\"5460\" data-end=\"5757\">\n<li data-start=\"5460\" data-end=\"5540\">\n<p data-start=\"5462\" data-end=\"5540\">St\u00f8tter <strong data-start=\"5474\" data-end=\"5537\">forskning p\u00e5 serotoninreseptorer og tryptaminanaloger<\/strong>.<\/p>\n<\/li>\n<li data-start=\"5541\" data-end=\"5601\">\n<p data-start=\"5543\" data-end=\"5601\"><strong data-start=\"5543\" data-end=\"5598\">P\u00e5litelige og reproduserbare forskningsresultater<\/strong>.<\/p>\n<\/li>\n<li data-start=\"5602\" data-end=\"5685\">\n<p data-start=\"5604\" data-end=\"5685\"><strong data-start=\"5604\" data-end=\"5647\">Forbedret stabilitet og l\u00f8selighet<\/strong> i forhold til den frie baseformen.<\/p>\n<\/li>\n<li data-start=\"5686\" data-end=\"5757\">\n<p data-start=\"5688\" data-end=\"5757\">Ideell for <strong data-start=\"5700\" data-end=\"5754\">akademisk, farmakologisk og analytisk forskning<\/strong>.<\/p>\n<\/li>\n<\/ul>\n<hr data-start=\"5759\" data-end=\"5762\" \/>\n<h3 data-start=\"5764\" data-end=\"5779\"><strong data-start=\"5768\" data-end=\"5779\">Bruk<\/strong><\/h3>\n<ul data-start=\"5780\" data-end=\"6051\">\n<li data-start=\"5780\" data-end=\"5850\">\n<p data-start=\"5782\" data-end=\"5850\">Kun til bruk av <strong data-start=\"5807\" data-end=\"5847\">kvalifisert laboratoriepersonell<\/strong>. <span class=\"___SBox_epc1q-ko_ ___SText_zko9t-ko_\" data-ui-name=\"Link.Text\">4-tommers dpt<\/span><\/p>\n<\/li>\n<li data-start=\"5851\" data-end=\"5927\">\n<p data-start=\"5853\" data-end=\"5927\">Bruk egnet <strong data-start=\"5871\" data-end=\"5895\">verneutstyr<\/strong> (hansker, vernebriller, laboratoriefrakk).<\/p>\n<\/li>\n<li data-start=\"5928\" data-end=\"5992\">\n<p data-start=\"5930\" data-end=\"5992\">Spar p\u00e5 en <strong data-start=\"5945\" data-end=\"5979\">kj\u00f8lig, t\u00f8rt og m\u00f8rkt sted<\/strong> (15\u201325 \u00b0C).<\/p>\n<\/li>\n<li data-start=\"5993\" data-end=\"6051\">\n<p data-start=\"5995\" data-end=\"6051\">Ikke egnet for konsum av mennesker eller dyr.<\/p>\n<\/li>\n<\/ul>\n<hr data-start=\"6053\" data-end=\"6056\" \/>\n<h3 data-start=\"6058\" data-end=\"6093\"><strong data-start=\"6062\" data-end=\"6093\">Ofte stilte sp\u00f8rsm\u00e5l (FAQ)<\/strong><\/h3>\n<p data-start=\"6095\" data-end=\"6295\"><strong data-start=\"6095\" data-end=\"6144\">1. Hva brukes 4-HO-DPT-fumarat til?<\/strong><br data-start=\"6144\" data-end=\"6147\" \/>4-HO-DPT-fumarat brukes til <strong data-start=\"6185\" data-end=\"6230\">farmakologisk og nevrokjemisk forskning<\/strong> til serotoninreseptorer og strukturelle tryptaminanaloger.<\/p>\n<p data-start=\"6297\" data-end=\"6477\"><strong data-start=\"6297\" data-end=\"6355\">2. Er 4-HO-DPT-fumarat trygt for menneskelig bruk?<\/strong><br data-start=\"6355\" data-end=\"6358\" \/>Nei. Dette produktet er <strong data-start=\"6378\" data-end=\"6427\">kun beregnet for forskningsform\u00e5l<\/strong> og ikke godkjent for konsum.<\/p>\n<p data-start=\"6479\" data-end=\"6650\"><strong data-start=\"6479\" data-end=\"6528\">3. Hvordan b\u00f8r 4-HO-DPT-fumarat oppbevares?<\/strong><br data-start=\"6528\" data-end=\"6531\" \/>Oppbevares i en <strong data-start=\"6546\" data-end=\"6576\">godt forseglet emballasje<\/strong> ved romtemperatur (15\u201325 \u00b0C), beskyttet mot lys, fuktighet og varme.<\/p>","protected":false},"excerpt":{"rendered":"<h3><span dir=\"auto\" style=\"vertical-align: inherit;\"><span dir=\"auto\" style=\"vertical-align: inherit;\">4-HO-DPT fumarate properties<\/span><\/span><\/h3>\n<p><strong><span dir=\"auto\" style=\"vertical-align: inherit;\"><span dir=\"auto\" style=\"vertical-align: inherit;\">Synonym:<\/span><\/span><\/strong><span dir=\"auto\" style=\"vertical-align: inherit;\"><span dir=\"auto\" style=\"vertical-align: inherit;\"> 4-hydroxy-N,N-dipropyltryptamine fumarate <\/span><\/span><br \/>\n<strong><span dir=\"auto\" style=\"vertical-align: inherit;\"><span dir=\"auto\" style=\"vertical-align: inherit;\">CAS Number:<\/span><\/span><\/strong><span dir=\"auto\" style=\"vertical-align: inherit;\"><span dir=\"auto\" style=\"vertical-align: inherit;\"> 63065-88-3 <\/span><\/span><br \/>\n<strong><span dir=\"auto\" style=\"vertical-align: inherit;\"><span dir=\"auto\" style=\"vertical-align: inherit;\">Formula:<\/span><\/span><\/strong><span dir=\"auto\" style=\"vertical-align: inherit;\"><span dir=\"auto\" style=\"vertical-align: inherit;\"> 3-[2-(dipropylamino)ethyl]-1H-indol-4-ol fumarate <\/span><\/span><br \/>\n<strong><span dir=\"auto\" style=\"vertical-align: inherit;\"><span dir=\"auto\" style=\"vertical-align: inherit;\">Molar mass:<\/span><\/span><\/strong><span dir=\"auto\" style=\"vertical-align: inherit;\"><span dir=\"auto\" style=\"vertical-align: inherit;\"> 376.4 g\/mol <\/span><\/span><br \/>\n<strong><span dir=\"auto\" style=\"vertical-align: inherit;\"><span dir=\"auto\" style=\"vertical-align: inherit;\">Purity:<\/span><\/span><\/strong><span dir=\"auto\" style=\"vertical-align: inherit;\"><span dir=\"auto\" style=\"vertical-align: inherit;\"> &gt;97%<\/span><\/span><\/p>\n","protected":false},"featured_media":28443,"comment_status":"closed","ping_status":"closed","template":"","meta":[],"product_brand":[],"product_cat":[541,381],"product_tag":[1181,1182,326],"class_list":{"0":"post-23445","1":"product","2":"type-product","3":"status-publish","4":"has-post-thumbnail","6":"product_cat-4-ho-dpt","7":"product_cat-tryptamines","8":"product_tag-4-ho-dpt","9":"product_tag-4-ho-dpt-kopen","10":"product_tag-nl","12":"first","13":"instock","14":"taxable","15":"shipping-taxable","16":"purchasable","17":"product-type-variable"},"_links":{"self":[{"href":"https:\/\/researchchemicalhub.com\/nb\/wp-json\/wp\/v2\/product\/23445","targetHints":{"allow":["GET"]}}],"collection":[{"href":"https:\/\/researchchemicalhub.com\/nb\/wp-json\/wp\/v2\/product"}],"about":[{"href":"https:\/\/researchchemicalhub.com\/nb\/wp-json\/wp\/v2\/types\/product"}],"replies":[{"embeddable":true,"href":"https:\/\/researchchemicalhub.com\/nb\/wp-json\/wp\/v2\/comments?post=23445"}],"version-history":[{"count":5,"href":"https:\/\/researchchemicalhub.com\/nb\/wp-json\/wp\/v2\/product\/23445\/revisions"}],"predecessor-version":[{"id":28041,"href":"https:\/\/researchchemicalhub.com\/nb\/wp-json\/wp\/v2\/product\/23445\/revisions\/28041"}],"wp:featuredmedia":[{"embeddable":true,"href":"https:\/\/researchchemicalhub.com\/nb\/wp-json\/wp\/v2\/media\/28443"}],"wp:attachment":[{"href":"https:\/\/researchchemicalhub.com\/nb\/wp-json\/wp\/v2\/media?parent=23445"}],"wp:term":[{"taxonomy":"product_brand","embeddable":true,"href":"https:\/\/researchchemicalhub.com\/nb\/wp-json\/wp\/v2\/product_brand?post=23445"},{"taxonomy":"product_cat","embeddable":true,"href":"https:\/\/researchchemicalhub.com\/nb\/wp-json\/wp\/v2\/product_cat?post=23445"},{"taxonomy":"product_tag","embeddable":true,"href":"https:\/\/researchchemicalhub.com\/nb\/wp-json\/wp\/v2\/product_tag?post=23445"}],"curies":[{"name":"wp","href":"https:\/\/api.w.org\/{rel}","templated":true}]}}