{"id":23305,"date":"2025-04-13T17:39:31","date_gmt":"2025-04-13T17:39:31","guid":{"rendered":"https:\/\/researchchemicalhub.com\/?post_type=product&#038;p=23305"},"modified":"2025-10-30T11:46:51","modified_gmt":"2025-10-30T11:46:51","slug":"flunitrazolam-kopen","status":"publish","type":"product","link":"https:\/\/researchchemicalhub.com\/nb\/shop\/benzodiazepinen\/flunitrazolam-kopen\/","title":{"rendered":"Flunitrazolam 0,25 mg t\u00f8rkepapir"},"content":{"rendered":"<h1><span dir=\"auto\" style=\"vertical-align: inherit;\"><span dir=\"auto\" style=\"vertical-align: inherit;\">Kj\u00f8p Flunitrazolam 0,25 mg Blotters \u2013 Presisjonsdosert forskningsmateriale for vitenskapelig analyse<\/span><\/span><\/h1>\n<p data-start=\"6003\" data-end=\"6439\">Kj\u00f8p Flunitrazolam, Flunitrazolam er en <strong data-start=\"6024\" data-end=\"6050\">benzodiazepinanalog<\/strong> som har f\u00e5tt oppmerksomhet de siste \u00e5rene innen <strong data-start=\"6107\" data-end=\"6140\">nevrofarmakologisk forskning<\/strong>Det er strukturelt beslektet med stoffer som f.eks. <strong data-start=\"6187\" data-end=\"6204\">Flunitrazepam<\/strong> og <strong data-start=\"6208\" data-end=\"6222\">Alprazolam<\/strong>, som er kjent for sine beroligende og angstdempende egenskaper. Forskere studerer flunitrazolam for \u00e5 bedre forst\u00e5 dets funksjon p\u00e5 benzodiazepinreseptorer, dets potens og dets struktur-aktivitetsforhold. <span class=\"___SBox_epc1q-ko_ ___SText_zko9t-ko_\" data-ui-name=\"Link.Text\">kj\u00f8p flunitrazolam<\/span><\/p>\n<p data-start=\"6441\" data-end=\"6698\">Det er viktig \u00e5 understreke at <strong data-start=\"6478\" data-end=\"6552\">Flunitrazolam er ikke godkjent for bruk p\u00e5 mennesker eller dyr.<\/strong> og i de fleste land <strong data-start=\"6576\" data-end=\"6622\">er underlagt forskrifter eller forbudt<\/strong>Denne artikkelen gir kun <strong data-start=\"6654\" data-end=\"6697\">vitenskapelig og juridisk kontekst<\/strong>.<\/p>\n<hr data-start=\"6700\" data-end=\"6703\" \/>\n<h2 data-start=\"6705\" data-end=\"6739\"><strong data-start=\"6708\" data-end=\"6739\">Farmakologisk bakgrunn<\/strong><\/h2>\n<p data-start=\"6741\" data-end=\"6983\">Flunitrazolam tilh\u00f8rer <strong data-start=\"6770\" data-end=\"6797\">triazolobenzodiazepiner<\/strong>, en underklasse som viser kraftig interaksjon med <strong data-start=\"6851\" data-end=\"6872\">GABA-A-reseptorer<\/strong> i hjernen. Dette systemet spiller en viktig rolle i <strong data-start=\"6932\" data-end=\"6982\">sedasjon, s\u00f8vnfremmende og angstreduksjon<\/strong>.<\/p>\n<p data-start=\"6985\" data-end=\"7022\">Forskere studerer blant annet:<\/p>\n<ul data-start=\"7023\" data-end=\"7291\">\n<li data-start=\"7023\" data-end=\"7105\">\n<p data-start=\"7025\" data-end=\"7105\">De <strong data-start=\"7028\" data-end=\"7059\">reseptorbinding og potens<\/strong> sammenlignet med klassiske benzodiazepiner.<\/p>\n<\/li>\n<li data-start=\"7106\" data-end=\"7160\">\n<p data-start=\"7108\" data-end=\"7160\">De <strong data-start=\"7111\" data-end=\"7134\">virkningsvarighet<\/strong> og metabolske veier.<\/p>\n<\/li>\n<li data-start=\"7161\" data-end=\"7238\">\n<p data-start=\"7163\" data-end=\"7238\">De <strong data-start=\"7166\" data-end=\"7207\">struktur-aktivitetsforhold (SAR-er)<\/strong> innenfor triazolforbindelser.<\/p>\n<\/li>\n<li data-start=\"7239\" data-end=\"7291\">\n<p data-start=\"7241\" data-end=\"7291\">Den <strong data-start=\"7245\" data-end=\"7288\">risiko for toleranse og avhengighet<\/strong>.<\/p>\n<\/li>\n<\/ul>\n<hr data-start=\"7293\" data-end=\"7296\" \/>\n<h2 data-start=\"7298\" data-end=\"7325\"><strong data-start=\"7301\" data-end=\"7325\">Forskningsform\u00e5l<\/strong><\/h2>\n<p data-start=\"7327\" data-end=\"7504\">Selv om <em data-start=\"7334\" data-end=\"7349\">Flunitrazolam<\/em> har ingen medisinsk anvendelse, den blir unders\u00f8kt i <strong data-start=\"7406\" data-end=\"7458\">rettsmedisinsk, kjemisk og farmakologisk forskning<\/strong>Den akademiske interessen fokuserer p\u00e5:<\/p>\n<ul data-start=\"7505\" data-end=\"7787\">\n<li data-start=\"7505\" data-end=\"7605\">\n<p data-start=\"7507\" data-end=\"7605\"><strong data-start=\"7507\" data-end=\"7534\">Rettsmedisinsk toksikologi<\/strong> \u2014 identifisering av designerbenzodiazepiner i biologiske pr\u00f8ver.<\/p>\n<\/li>\n<li data-start=\"7606\" data-end=\"7692\">\n<p data-start=\"7608\" data-end=\"7692\"><strong data-start=\"7608\" data-end=\"7630\">Analytisk kjemi<\/strong> \u2014 utvikling av deteksjonsmetoder (som LC-MS og GC-MS).<\/p>\n<\/li>\n<li data-start=\"7693\" data-end=\"7787\">\n<p data-start=\"7695\" data-end=\"7787\"><strong data-start=\"7695\" data-end=\"7732\">Sammenlignende potensstudier<\/strong> \u00e5 overv\u00e5ke trender innen nye psykoaktive stoffer.<\/p>\n<\/li>\n<\/ul>\n<hr data-start=\"7789\" data-end=\"7792\" \/>\n<h2 data-start=\"7794\" data-end=\"7838\"><strong data-start=\"7797\" data-end=\"7838\">Sikkerhets- og juridiske hensyn<\/strong><\/h2>\n<p data-start=\"7840\" data-end=\"8085\">P\u00e5 grunn av <strong data-start=\"7851\" data-end=\"7868\">h\u00f8yt potensial<\/strong> Flunitrazolam medf\u00f8rer betydelig risiko hvis det h\u00e5ndteres uten laboratoriestandarder. Utilsiktet eksponering kan f\u00f8re til <strong data-start=\"8021\" data-end=\"8082\">alvorlig sedasjon, respirasjonsdepresjon eller hukommelsestap<\/strong>.<\/p>\n<p data-start=\"8087\" data-end=\"8303\">Bruk, besittelse eller salg til menneskelig konsum er <strong data-start=\"8150\" data-end=\"8182\">forbudt i de fleste land<\/strong>Bare <strong data-start=\"8191\" data-end=\"8223\">kvalifiserte forskere<\/strong> kan bruke dette produktet i henhold til <strong data-start=\"8258\" data-end=\"8302\">lokale lover og etiske retningslinjer<\/strong>Kj\u00f8p Flunitrazolam<\/p>\n<hr data-start=\"8305\" data-end=\"8308\" \/>\n<h2 data-start=\"8310\" data-end=\"8344\"><strong data-start=\"8313\" data-end=\"8344\">Ofte stilte sp\u00f8rsm\u00e5l (FAQ)<\/strong><\/h2>\n<h3 data-start=\"8346\" data-end=\"8395\"><strong data-start=\"8350\" data-end=\"8395\">1. Hva brukes flunitrazolam til?<\/strong><\/h3>\n<p data-start=\"8396\" data-end=\"8513\">Flunitrazolam studeres kun for <strong data-start=\"8444\" data-end=\"8476\">vitenskapelige form\u00e5l<\/strong>Den har ingen medisinsk bruk.<\/p>\n<h3 data-start=\"8515\" data-end=\"8550\"><strong data-start=\"8519\" data-end=\"8550\">2. Er flunitrazolam lovlig?<\/strong><\/h3>\n<p data-start=\"8551\" data-end=\"8665\">I de fleste land er flunitrazolam klassifisert som <strong data-start=\"8599\" data-end=\"8642\">lovgivning om kontrollerte stoffer<\/strong> eller den <strong data-start=\"8649\" data-end=\"8664\">analog lov<\/strong>.<\/p>\n<h3 data-start=\"8667\" data-end=\"8725\"><strong data-start=\"8671\" data-end=\"8725\">3. Hvordan b\u00f8r flunitrazolam h\u00e5ndteres p\u00e5 en trygg m\u00e5te?<\/strong><\/h3>\n<p>&nbsp;<\/p>","protected":false},"excerpt":{"rendered":"<h3><span dir=\"auto\" style=\"vertical-align: inherit;\"><span dir=\"auto\" style=\"vertical-align: inherit;\">Flunitrazolam blotters properties<\/span><\/span><\/h3>\n<p><strong><span dir=\"auto\" style=\"vertical-align: inherit;\"><span dir=\"auto\" style=\"vertical-align: inherit;\">Synonym:<\/span><\/span><\/strong><span dir=\"auto\" style=\"vertical-align: inherit;\"><span dir=\"auto\" style=\"vertical-align: inherit;\"> 1-methyl-8-nitro-6-(2-fluorophenyl)-4H-[1,2,4]triazolo[4,3-a][1,4]benzodiazepine <\/span><\/span><br \/>\n<strong><span dir=\"auto\" style=\"vertical-align: inherit;\"><span dir=\"auto\" style=\"vertical-align: inherit;\">CAS Number:<\/span><\/span><\/strong><span dir=\"auto\" style=\"vertical-align: inherit;\"><span dir=\"auto\" style=\"vertical-align: inherit;\"> 2243815-18-9 <\/span><\/span><br \/>\n<strong><span dir=\"auto\" style=\"vertical-align: inherit;\"><span dir=\"auto\" style=\"vertical-align: inherit;\">Formula:<\/span><\/span><\/strong><span dir=\"auto\" style=\"vertical-align: inherit;\"><span dir=\"auto\" style=\"vertical-align: inherit;\"> 1-methyl-8-nitro-6-(2-fluorophenyl)-4H-[1,2,4]triazolo[4,3-a][1,4]benzodiazepine <\/span><\/span><br \/>\n<strong><span dir=\"auto\" style=\"vertical-align: inherit;\"><span dir=\"auto\" style=\"vertical-align: inherit;\">Molar mass:<\/span><\/span><\/strong><span dir=\"auto\" style=\"vertical-align: inherit;\"><span dir=\"auto\" style=\"vertical-align: inherit;\"> 337,307 g\/mol <\/span><\/span><br \/>\n<strong><span dir=\"auto\" style=\"vertical-align: inherit;\"><span dir=\"auto\" style=\"vertical-align: inherit;\">Purity:<\/span><\/span><\/strong><span dir=\"auto\" style=\"vertical-align: inherit;\"><span dir=\"auto\" style=\"vertical-align: inherit;\"> \u226598%<\/span><\/span><\/p>\n","protected":false},"featured_media":28533,"comment_status":"closed","ping_status":"closed","template":"","meta":[],"product_brand":[82],"product_cat":[76,527],"product_tag":[563,565,158,564,566,326],"class_list":{"0":"post-23305","1":"product","2":"type-product","3":"status-publish","4":"has-post-thumbnail","6":"product_brand-research-chemical","7":"product_cat-benzodiazepinen","8":"product_cat-flunitrazolam","9":"product_tag-flunitrazolam","10":"product_tag-flunitrazolam-effects","11":"product_tag-flunitrazolam-ervaring","12":"product_tag-flunitrazolam-kopen","13":"product_tag-flunitrazolam-werking","14":"product_tag-nl","16":"first","17":"instock","18":"taxable","19":"shipping-taxable","20":"purchasable","21":"product-type-variable"},"_links":{"self":[{"href":"https:\/\/researchchemicalhub.com\/nb\/wp-json\/wp\/v2\/product\/23305","targetHints":{"allow":["GET"]}}],"collection":[{"href":"https:\/\/researchchemicalhub.com\/nb\/wp-json\/wp\/v2\/product"}],"about":[{"href":"https:\/\/researchchemicalhub.com\/nb\/wp-json\/wp\/v2\/types\/product"}],"replies":[{"embeddable":true,"href":"https:\/\/researchchemicalhub.com\/nb\/wp-json\/wp\/v2\/comments?post=23305"}],"version-history":[{"count":7,"href":"https:\/\/researchchemicalhub.com\/nb\/wp-json\/wp\/v2\/product\/23305\/revisions"}],"predecessor-version":[{"id":28045,"href":"https:\/\/researchchemicalhub.com\/nb\/wp-json\/wp\/v2\/product\/23305\/revisions\/28045"}],"wp:featuredmedia":[{"embeddable":true,"href":"https:\/\/researchchemicalhub.com\/nb\/wp-json\/wp\/v2\/media\/28533"}],"wp:attachment":[{"href":"https:\/\/researchchemicalhub.com\/nb\/wp-json\/wp\/v2\/media?parent=23305"}],"wp:term":[{"taxonomy":"product_brand","embeddable":true,"href":"https:\/\/researchchemicalhub.com\/nb\/wp-json\/wp\/v2\/product_brand?post=23305"},{"taxonomy":"product_cat","embeddable":true,"href":"https:\/\/researchchemicalhub.com\/nb\/wp-json\/wp\/v2\/product_cat?post=23305"},{"taxonomy":"product_tag","embeddable":true,"href":"https:\/\/researchchemicalhub.com\/nb\/wp-json\/wp\/v2\/product_tag?post=23305"}],"curies":[{"name":"wp","href":"https:\/\/api.w.org\/{rel}","templated":true}]}}