{"id":23260,"date":"2025-04-13T17:39:27","date_gmt":"2025-04-13T17:39:27","guid":{"rendered":"https:\/\/researchchemicalhub.com\/?post_type=product&#038;p=23260"},"modified":"2025-10-30T13:39:23","modified_gmt":"2025-10-30T13:39:23","slug":"mxipr","status":"publish","type":"product","link":"https:\/\/researchchemicalhub.com\/nb\/shop\/arylcyclohexylamine\/mxipr\/","title":{"rendered":"MXiPr"},"content":{"rendered":"<h1><span dir=\"auto\" style=\"vertical-align: inherit;\"><span dir=\"auto\" style=\"vertical-align: inherit;\">MXiPr \u2013 Avansert forskningskjemikalie for vitenskapelig analyse<\/span><\/span><\/h1>\n<p data-start=\"6837\" data-end=\"7216\"><strong data-start=\"6837\" data-end=\"6846\">MXiPr<\/strong>, i sin helhet <strong data-start=\"6855\" data-end=\"6878\">Metoksyisopropamin<\/strong>, tilh\u00f8rer <strong data-start=\"6895\" data-end=\"6919\">arylcykloheksylaminer<\/strong>, en gruppe dissosiative forbindelser strukturelt beslektet med <strong data-start=\"6991\" data-end=\"7003\">Ketamin<\/strong> og <strong data-start=\"7007\" data-end=\"7014\">MXE<\/strong>Selv om <em data-start=\"7023\" data-end=\"7030\">MXiPr<\/em> har ingen medisinsk anvendelse, det er <strong data-start=\"7073\" data-end=\"7133\">unders\u00f8kt i vitenskapelige og rettsmedisinske sammenhenger<\/strong> p\u00e5 grunn av dens effekt p\u00e5 <strong data-start=\"7161\" data-end=\"7180\">NMDA-reseptorer<\/strong> og dens unike kjemiske struktur. <span class=\"___SBox_epc1q-ko_ ___SText_zko9t-ko_\" data-ui-name=\"Link.Text\">mxipr<\/span><\/p>\n<hr data-start=\"7218\" data-end=\"7221\" \/>\n<h2 data-start=\"7223\" data-end=\"7270\"><strong data-start=\"7226\" data-end=\"7270\">Kjemisk og farmakologisk bakgrunn<\/strong><\/h2>\n<p data-start=\"7272\" data-end=\"7297\"><strong data-start=\"7272\" data-end=\"7297\">Viktig informasjon:<\/strong><\/p>\n<ul data-start=\"7298\" data-end=\"7535\">\n<li data-start=\"7298\" data-end=\"7367\">\n<p data-start=\"7300\" data-end=\"7367\"><strong data-start=\"7300\" data-end=\"7315\">IUPAC-navn:<\/strong> 2-(3-metoksyfenyl)-2-(isopropylamino)cykloheksanon<\/p>\n<\/li>\n<li data-start=\"7368\" data-end=\"7402\">\n<p data-start=\"7370\" data-end=\"7402\"><strong data-start=\"7370\" data-end=\"7390\">Molekylformel:<\/strong> C16H25NO2<\/p>\n<\/li>\n<li data-start=\"7403\" data-end=\"7439\">\n<p data-start=\"7405\" data-end=\"7439\"><strong data-start=\"7405\" data-end=\"7423\">Molekylmasse:<\/strong> \u00b1263,38 g\/mol<\/p>\n<\/li>\n<li data-start=\"7440\" data-end=\"7486\">\n<p data-start=\"7442\" data-end=\"7486\"><strong data-start=\"7442\" data-end=\"7464\">Kjemisk familie:<\/strong> Arylcykloheksylamin<\/p>\n<\/li>\n<li data-start=\"7487\" data-end=\"7535\">\n<p data-start=\"7489\" data-end=\"7535\"><strong data-start=\"7489\" data-end=\"7509\">Reseptorfunksjon:<\/strong> NMDA-reseptorantagonist<\/p>\n<\/li>\n<\/ul>\n<p data-start=\"7537\" data-end=\"7697\">De <strong data-start=\"7540\" data-end=\"7563\">isopropylamingruppe<\/strong> skiller MXiPr fra beslektede forbindelser som MXPr, som kan p\u00e5virke <strong data-start=\"7654\" data-end=\"7676\">bindingsaffinitet<\/strong> og <strong data-start=\"7680\" data-end=\"7696\">virkningsvarighet<\/strong>.<\/p>\n<hr data-start=\"7699\" data-end=\"7702\" \/>\n<h2 data-start=\"7704\" data-end=\"7744\"><strong data-start=\"7707\" data-end=\"7744\">Viktige studiefunksjoner<\/strong><\/h2>\n<ul data-start=\"7746\" data-end=\"8023\">\n<li data-start=\"7746\" data-end=\"7816\">\n<p data-start=\"7748\" data-end=\"7816\"><strong data-start=\"7748\" data-end=\"7782\">Analytisk referansemateriale<\/strong> for kromatografiske studier.<\/p>\n<\/li>\n<li data-start=\"7817\" data-end=\"7885\">\n<p data-start=\"7819\" data-end=\"7885\"><strong data-start=\"7819\" data-end=\"7860\">Sammenlignende farmakologisk forskning<\/strong> av NMDA-antagonister.<\/p>\n<\/li>\n<li data-start=\"7886\" data-end=\"7948\">\n<p data-start=\"7888\" data-end=\"7948\"><strong data-start=\"7888\" data-end=\"7912\">Rettsmedisinsk deteksjon<\/strong> av nye psykoaktive stoffer.<\/p>\n<\/li>\n<li data-start=\"7949\" data-end=\"8023\">\n<p data-start=\"7951\" data-end=\"8023\"><strong data-start=\"7951\" data-end=\"7980\">Kjemisk karakterisering<\/strong> og validering av laboratorieutstyr.<\/p>\n<\/li>\n<\/ul>\n<hr data-start=\"8025\" data-end=\"8028\" \/>\n<h2 data-start=\"8030\" data-end=\"8057\"><strong data-start=\"8033\" data-end=\"8057\">Forskningsform\u00e5l<\/strong><\/h2>\n<p data-start=\"8059\" data-end=\"8117\">MXiPr studeres i kontrollerte laboratorier for:<\/p>\n<ul data-start=\"8118\" data-end=\"8373\">\n<li data-start=\"8118\" data-end=\"8171\">\n<p data-start=\"8120\" data-end=\"8171\"><strong data-start=\"8120\" data-end=\"8149\">Rettsmedisinsk identifikasjon<\/strong> via GC-MS eller LC-MS.<\/p>\n<\/li>\n<li data-start=\"8172\" data-end=\"8228\">\n<p data-start=\"8174\" data-end=\"8228\"><strong data-start=\"8174\" data-end=\"8195\">Kjemisk analyse<\/strong> og verifisering av renhet.<\/p>\n<\/li>\n<li data-start=\"8229\" data-end=\"8287\">\n<p data-start=\"8231\" data-end=\"8287\"><strong data-start=\"8231\" data-end=\"8260\">Farmakologisk modellering<\/strong> av reseptorinteraksjoner.<\/p>\n<\/li>\n<li data-start=\"8288\" data-end=\"8373\">\n<p data-start=\"8290\" data-end=\"8373\"><strong data-start=\"8290\" data-end=\"8337\">Overv\u00e5king av nye psykoaktive stoffer<\/strong> innen folkehelseforskning.<\/p>\n<\/li>\n<\/ul>\n<hr data-start=\"8375\" data-end=\"8378\" \/>\n<h2 data-start=\"8380\" data-end=\"8424\"><strong data-start=\"8383\" data-end=\"8424\">Sikkerhets- og juridiske hensyn<\/strong><\/h2>\n<p data-start=\"8426\" data-end=\"8515\">MXiPr kan <strong data-start=\"8436\" data-end=\"8451\">utelukkende<\/strong> behandles av <strong data-start=\"8474\" data-end=\"8514\">kvalifisert laboratoriepersonell<\/strong>.<\/p>\n<p data-start=\"8517\" data-end=\"8544\"><strong data-start=\"8517\" data-end=\"8544\">Sikkerhetsretningslinjer:<\/strong><\/p>\n<ul data-start=\"8545\" data-end=\"8760\">\n<li data-start=\"8545\" data-end=\"8595\">\n<p data-start=\"8547\" data-end=\"8595\">Bruk alltid <strong data-start=\"8560\" data-end=\"8592\">hansker, vernebriller og laboratoriefrakk<\/strong>.<\/p>\n<\/li>\n<li data-start=\"8596\" data-end=\"8636\">\n<p data-start=\"8598\" data-end=\"8636\">Unng\u00e5 direkte kontakt eller inn\u00e5nding.<\/p>\n<\/li>\n<li data-start=\"8637\" data-end=\"8699\">\n<p data-start=\"8639\" data-end=\"8699\">Oppbevar produktet i en <strong data-start=\"8665\" data-end=\"8696\">kj\u00f8lig, lukket beholder<\/strong>.<\/p>\n<\/li>\n<li data-start=\"8700\" data-end=\"8760\">\n<p data-start=\"8702\" data-end=\"8760\">F\u00f8lge <strong data-start=\"8707\" data-end=\"8757\">alle lokale sikkerhets- og avfallsforskrifter<\/strong>.<\/p>\n<\/li>\n<\/ul>\n<p data-start=\"8762\" data-end=\"8912\"><strong data-start=\"8762\" data-end=\"8784\">Juridisk status:<\/strong><br data-start=\"8784\" data-end=\"8787\" \/>I mange land faller MXiPr inn under <strong data-start=\"8822\" data-end=\"8863\">lovgivning om kontrollerte stoffer<\/strong>Bruk eller besittelse uten tillatelse er forbudt.<\/p>\n<hr data-start=\"8914\" data-end=\"8917\" \/>\n<h2 data-start=\"8919\" data-end=\"8953\"><strong data-start=\"8922\" data-end=\"8953\">Ofte stilte sp\u00f8rsm\u00e5l (FAQ)<\/strong><\/h2>\n<h3 data-start=\"8955\" data-end=\"8998\"><strong data-start=\"8959\" data-end=\"8998\">1. Hva er MXiPr studert for?<\/strong><\/h3>\n<p data-start=\"8999\" data-end=\"9089\">MXiPr brukes som <strong data-start=\"9024\" data-end=\"9048\">referanseforbindelse<\/strong> i kjemiske og rettsmedisinske laboratorier.<\/p>\n<h3 data-start=\"9091\" data-end=\"9118\"><strong data-start=\"9095\" data-end=\"9118\">2. Er MXiPr lovlig?<\/strong><\/h3>\n<p data-start=\"9119\" data-end=\"9214\">I de fleste land er MXiPr <strong data-start=\"9148\" data-end=\"9175\">regulert eller forbudt<\/strong> i henhold til analogloven eller opiumsloven.<\/p>\n<h3 data-start=\"9216\" data-end=\"9266\"><strong data-start=\"9220\" data-end=\"9266\">3. Hvordan b\u00f8r MXiPr h\u00e5ndteres p\u00e5 en sikker m\u00e5te?<\/strong><\/h3>\n<p data-start=\"9267\" data-end=\"9387\">Bare <strong data-start=\"9274\" data-end=\"9304\">profesjonelle forskere<\/strong> kan h\u00e5ndtere MXiPr med passende sikkerhetstiltak og verneutstyr.<\/p>","protected":false},"excerpt":{"rendered":"<h3><span style=\"vertical-align: inherit;\"><span style=\"vertical-align: inherit;\"><span dir=\"auto\" style=\"vertical-align: inherit;\"><span dir=\"auto\" style=\"vertical-align: inherit;\">MXiPr-egenskaper<\/span><\/span><\/span><\/span><\/h3>\n<p><strong><span style=\"vertical-align: inherit;\"><span style=\"vertical-align: inherit;\"><span dir=\"auto\" style=\"vertical-align: inherit;\"><span dir=\"auto\" style=\"vertical-align: inherit;\">Synonym:<\/span><\/span><\/span><\/span><\/strong><span style=\"vertical-align: inherit;\"><span style=\"vertical-align: inherit;\"><span dir=\"auto\" style=\"vertical-align: inherit;\"><span dir=\"auto\" style=\"vertical-align: inherit;\"> 3-MeO-2\u2032-okso-PCiPr, metoksipropamin <\/span><\/span><\/span><\/span><br \/>\n<strong><span style=\"vertical-align: inherit;\"><span style=\"vertical-align: inherit;\"><span dir=\"auto\" style=\"vertical-align: inherit;\"><span dir=\"auto\" style=\"vertical-align: inherit;\">CAS-nummer:<\/span><\/span><\/span><\/span><\/strong><span style=\"vertical-align: inherit;\"><span style=\"vertical-align: inherit;\"><span dir=\"auto\" style=\"vertical-align: inherit;\"><span dir=\"auto\" style=\"vertical-align: inherit;\"> 1239943-76-0 <\/span><\/span><\/span><\/span><br \/>\n<strong><span style=\"vertical-align: inherit;\"><span style=\"vertical-align: inherit;\"><span dir=\"auto\" style=\"vertical-align: inherit;\"><span dir=\"auto\" style=\"vertical-align: inherit;\">Formel:<\/span><\/span><\/span><\/span><\/strong><span style=\"vertical-align: inherit;\"><span style=\"vertical-align: inherit;\"><span dir=\"auto\" style=\"vertical-align: inherit;\"><span dir=\"auto\" style=\"vertical-align: inherit;\"> 2-(isopropylamino)-2-(3-metoksyfenyl)-cykloheksanon <\/span><\/span><\/span><\/span><br \/>\n<strong><span style=\"vertical-align: inherit;\"><span style=\"vertical-align: inherit;\"><span dir=\"auto\" style=\"vertical-align: inherit;\"><span dir=\"auto\" style=\"vertical-align: inherit;\">Molar masse:<\/span><\/span><\/span><\/span><\/strong><span style=\"vertical-align: inherit;\"><span style=\"vertical-align: inherit;\"><span dir=\"auto\" style=\"vertical-align: inherit;\"><span dir=\"auto\" style=\"vertical-align: inherit;\"> 297,82 g\/mol <\/span><\/span><\/span><\/span><br \/>\n<strong><span style=\"vertical-align: inherit;\"><span style=\"vertical-align: inherit;\"><span dir=\"auto\" style=\"vertical-align: inherit;\"><span dir=\"auto\" style=\"vertical-align: inherit;\">Renhet:<\/span><\/span><\/span><\/span><\/strong><span style=\"vertical-align: inherit;\"><span style=\"vertical-align: inherit;\"><span dir=\"auto\" style=\"vertical-align: inherit;\"><span dir=\"auto\" style=\"vertical-align: inherit;\"> &gt;97%<\/span><\/span><\/span><\/span><\/p>","protected":false},"featured_media":28564,"comment_status":"closed","ping_status":"closed","template":"","meta":[],"product_brand":[82],"product_cat":[71,513],"product_tag":[262,264,279,326],"class_list":{"0":"post-23260","1":"product","2":"type-product","3":"status-publish","4":"has-post-thumbnail","6":"product_brand-research-chemical","7":"product_cat-arylcyclohexylamine","8":"product_cat-mxipr","9":"product_tag-mxipr","10":"product_tag-mxipr-kopen","11":"product_tag-mxp","12":"product_tag-nl","14":"first","15":"instock","16":"taxable","17":"shipping-taxable","18":"purchasable","19":"product-type-variable"},"_links":{"self":[{"href":"https:\/\/researchchemicalhub.com\/nb\/wp-json\/wp\/v2\/product\/23260","targetHints":{"allow":["GET"]}}],"collection":[{"href":"https:\/\/researchchemicalhub.com\/nb\/wp-json\/wp\/v2\/product"}],"about":[{"href":"https:\/\/researchchemicalhub.com\/nb\/wp-json\/wp\/v2\/types\/product"}],"replies":[{"embeddable":true,"href":"https:\/\/researchchemicalhub.com\/nb\/wp-json\/wp\/v2\/comments?post=23260"}],"version-history":[{"count":5,"href":"https:\/\/researchchemicalhub.com\/nb\/wp-json\/wp\/v2\/product\/23260\/revisions"}],"predecessor-version":[{"id":25510,"href":"https:\/\/researchchemicalhub.com\/nb\/wp-json\/wp\/v2\/product\/23260\/revisions\/25510"}],"wp:featuredmedia":[{"embeddable":true,"href":"https:\/\/researchchemicalhub.com\/nb\/wp-json\/wp\/v2\/media\/28564"}],"wp:attachment":[{"href":"https:\/\/researchchemicalhub.com\/nb\/wp-json\/wp\/v2\/media?parent=23260"}],"wp:term":[{"taxonomy":"product_brand","embeddable":true,"href":"https:\/\/researchchemicalhub.com\/nb\/wp-json\/wp\/v2\/product_brand?post=23260"},{"taxonomy":"product_cat","embeddable":true,"href":"https:\/\/researchchemicalhub.com\/nb\/wp-json\/wp\/v2\/product_cat?post=23260"},{"taxonomy":"product_tag","embeddable":true,"href":"https:\/\/researchchemicalhub.com\/nb\/wp-json\/wp\/v2\/product_tag?post=23260"}],"curies":[{"name":"wp","href":"https:\/\/api.w.org\/{rel}","templated":true}]}}