{"id":24107,"date":"2025-04-13T17:41:04","date_gmt":"2025-04-13T17:41:04","guid":{"rendered":"https:\/\/researchchemicalhub.com\/?post_type=product&#038;p=24107"},"modified":"2025-10-14T07:55:35","modified_gmt":"2025-10-14T07:55:35","slug":"blister-rc-maxtc","status":"publish","type":"product","link":"https:\/\/researchchemicalhub.com\/it\/negozio\/b2b\/blister-rc-maxtc\/","title":{"rendered":"Blister RC+ MaXTC"},"content":{"rendered":"<h3 data-start=\"5023\" data-end=\"5044\"><strong data-start=\"5027\" data-end=\"5042\">Introduzione<\/strong><\/h3>\n<p data-start=\"5045\" data-end=\"5340\">IL <strong data-start=\"5048\" data-end=\"5069\">Blister RC+ MaXTC<\/strong> \u00e8 un <strong data-start=\"5077\" data-end=\"5115\">formulazione di ricerca di alta qualit\u00e0<\/strong> Sviluppato per applicazioni analitiche e scientifiche avanzate. Ogni blister contiene pellet sigillati singolarmente, progettati per <strong data-start=\"5258\" data-end=\"5337\">dosaggio preciso, stabilit\u00e0 migliorata e manipolazione senza contaminazione<\/strong>.<\/p>\n<p data-start=\"5342\" data-end=\"5536\">La combinazione di <strong data-start=\"5360\" data-end=\"5391\">5-MAPB, 4-FMA e 5-MeO-MiPT<\/strong> rende questo prodotto particolarmente adatto alla ricerca in <strong data-start=\"5449\" data-end=\"5533\">interazioni farmacologiche, legame recettoriale e studi di confronto molecolare<\/strong>.<\/p>\n<p data-start=\"5538\" data-end=\"5653\">Il confezionamento in blister garantisce affidabilit\u00e0, tracciabilit\u00e0 e praticit\u00e0 per l&#039;uso nei laboratori professionali.<\/p>\n<p data-start=\"5655\" data-end=\"5766\"><em data-start=\"5655\" data-end=\"5766\">(Questo prodotto \u00e8 destinato esclusivamente alla ricerca. Non \u00e8 destinato al consumo umano o animale.)<\/em><\/p>\n<hr data-start=\"5768\" data-end=\"5771\" \/>\n<h3 data-start=\"5773\" data-end=\"5806\"><strong data-start=\"5777\" data-end=\"5804\">Caratteristiche principali<\/strong><\/h3>\n<ul data-start=\"5807\" data-end=\"6395\">\n<li data-start=\"5807\" data-end=\"5928\">\n<p data-start=\"5809\" data-end=\"5928\"><strong data-start=\"5809\" data-end=\"5832\">Miscela multi-composto:<\/strong> Ogni pellet contiene una combinazione perfettamente bilanciata di 5-MAPB, 4-FMA e 5-MeO-MiPT.<\/p>\n<\/li>\n<li data-start=\"5929\" data-end=\"6034\">\n<p data-start=\"5931\" data-end=\"6034\"><strong data-start=\"5931\" data-end=\"5955\">Formulazione di precisione:<\/strong> Sviluppato per esperimenti controllati con composizioni coerenti.<\/p>\n<\/li>\n<li data-start=\"6035\" data-end=\"6137\">\n<p data-start=\"6037\" data-end=\"6137\"><strong data-start=\"6037\" data-end=\"6059\">Confezionamento in blister:<\/strong> Ogni pellet \u00e8 sigillato singolarmente per garantire la massima stabilit\u00e0 e sicurezza.<\/p>\n<\/li>\n<li data-start=\"6138\" data-end=\"6236\">\n<p data-start=\"6140\" data-end=\"6236\"><strong data-start=\"6140\" data-end=\"6158\">Facilit\u00e0 d&#039;uso:<\/strong> Facile da rimuovere per un dosaggio preciso e una preparazione del campione.<\/p>\n<\/li>\n<li data-start=\"6237\" data-end=\"6334\">\n<p data-start=\"6239\" data-end=\"6334\"><strong data-start=\"6239\" data-end=\"6258\">Numerazione dei lotti:<\/strong> Fornito con codice lotto univoco per garantire la qualit\u00e0 e la tracciabilit\u00e0.<\/p>\n<\/li>\n<li data-start=\"6335\" data-end=\"6395\">\n<p data-start=\"6337\" data-end=\"6395\"><strong data-start=\"6337\" data-end=\"6348\">Contenuto:<\/strong> Ogni blister contiene <strong data-start=\"6368\" data-end=\"6392\">10 pellet di ricerca<\/strong>.<\/p>\n<\/li>\n<\/ul>\n<hr data-start=\"6397\" data-end=\"6400\" \/>\n<h3 data-start=\"6402\" data-end=\"6421\"><strong data-start=\"6406\" data-end=\"6419\">Vantaggi<\/strong><\/h3>\n<p data-start=\"6422\" data-end=\"6518\">\u2705 <strong data-start=\"6424\" data-end=\"6450\">Risultati coerenti<\/strong> \u2013 Ogni pellet fornisce dati di ricerca affidabili e riproducibili.<\/p>\n<p data-start=\"6520\" data-end=\"6618\">\u2705 <strong data-start=\"6522\" data-end=\"6544\">Migliore stabilit\u00e0<\/strong> \u2013 L\u2019imballaggio privo di aria e umidit\u00e0 impedisce la degradazione del composto.<\/p>\n<p data-start=\"6620\" data-end=\"6702\">\u2705 <strong data-start=\"6622\" data-end=\"6644\">Processo di lavoro pi\u00f9 veloce<\/strong> \u2013 I pellet premisurati fanno risparmiare tempo di preparazione.<\/p>\n<p data-start=\"6704\" data-end=\"6780\">\u2705 <strong data-start=\"6706\" data-end=\"6729\">Pi\u00f9 sicuro da usare<\/strong> \u2013 Le singole cavit\u00e0 limitano il rischio di contaminazione.<\/p>\n<p data-start=\"6782\" data-end=\"6896\">\u2705 <strong data-start=\"6784\" data-end=\"6823\">Perfetto per la ricerca comparativa<\/strong> \u2013 Supporta studi sulla sinergia o interazione tra composti.<\/p>\n<hr data-start=\"6898\" data-end=\"6901\" \/>\n<h3 data-start=\"6903\" data-end=\"6966\"><strong data-start=\"6907\" data-end=\"6964\">Istruzioni per l&#039;uso (solo per scopi di ricerca)<\/strong><\/h3>\n<blockquote data-start=\"6967\" data-end=\"7143\">\n<p data-start=\"6969\" data-end=\"7143\">\u26a0\ufe0f <strong data-start=\"6972\" data-end=\"6987\">Importante:<\/strong> RC+ MaXTC Blister non \u00e8 destinato all&#039;uso umano o animale. Indossare sempre guanti e DPI e lavorare secondo le linee guida di sicurezza di laboratorio.<\/p>\n<\/blockquote>\n<ol data-start=\"7145\" data-end=\"8004\">\n<li data-start=\"7145\" data-end=\"7268\">\n<p data-start=\"7148\" data-end=\"7163\"><strong data-start=\"7148\" data-end=\"7161\">Ispezione<\/strong><\/p>\n<ul data-start=\"7167\" data-end=\"7268\">\n<li data-start=\"7167\" data-end=\"7212\">\n<p data-start=\"7169\" data-end=\"7212\">Controllare il blister e il numero di lotto.<\/p>\n<\/li>\n<li data-start=\"7216\" data-end=\"7268\">\n<p data-start=\"7218\" data-end=\"7268\">Assicurarsi che i pellet siano intatti e non danneggiati.<\/p>\n<\/li>\n<\/ul>\n<\/li>\n<li data-start=\"7270\" data-end=\"7408\">\n<p data-start=\"7273\" data-end=\"7297\"><strong data-start=\"7273\" data-end=\"7295\">Rimozione pellet<\/strong><\/p>\n<ul data-start=\"7301\" data-end=\"7408\">\n<li data-start=\"7301\" data-end=\"7373\">\n<p data-start=\"7303\" data-end=\"7373\">Spingere delicatamente un pellet attraverso la pellicola utilizzando strumenti sterili.<\/p>\n<\/li>\n<li data-start=\"7377\" data-end=\"7408\">\n<p data-start=\"7379\" data-end=\"7408\">Evitare il contatto diretto con la pelle.<\/p>\n<\/li>\n<\/ul>\n<\/li>\n<li data-start=\"7410\" data-end=\"7600\">\n<p data-start=\"7413\" data-end=\"7439\"><strong data-start=\"7413\" data-end=\"7437\">Preparazione del campione<\/strong><\/p>\n<ul data-start=\"7443\" data-end=\"7600\">\n<li data-start=\"7443\" data-end=\"7548\">\n<p data-start=\"7445\" data-end=\"7548\">Sciogliere il pellet in un solvente adatto (ad esempio etanolo, acqua distillata o soluzione tampone).<\/p>\n<\/li>\n<li data-start=\"7552\" data-end=\"7600\">\n<p data-start=\"7554\" data-end=\"7600\">Mescolare delicatamente fino ad ottenere una soluzione omogenea.<\/p>\n<\/li>\n<\/ul>\n<\/li>\n<li data-start=\"7602\" data-end=\"7787\">\n<p data-start=\"7605\" data-end=\"7633\"><strong data-start=\"7605\" data-end=\"7631\">Esecuzione di esperimenti<\/strong><\/p>\n<ul data-start=\"7637\" data-end=\"7787\">\n<li data-start=\"7637\" data-end=\"7723\">\n<p data-start=\"7639\" data-end=\"7723\">Utilizzo in test di legame recettoriale, test in vitro o altri test approvati.<\/p>\n<\/li>\n<li data-start=\"7727\" data-end=\"7787\">\n<p data-start=\"7729\" data-end=\"7787\">Registrare solventi, concentrazioni e intervalli di tempo.<\/p>\n<\/li>\n<\/ul>\n<\/li>\n<li data-start=\"7789\" data-end=\"8004\">\n<p data-start=\"7792\" data-end=\"7822\"><strong data-start=\"7792\" data-end=\"7820\">Stoccaggio e trattamento dei rifiuti<\/strong><\/p>\n<ul data-start=\"7826\" data-end=\"8004\">\n<li data-start=\"7826\" data-end=\"7923\">\n<p data-start=\"7828\" data-end=\"7923\">Conservare i pellet non utilizzati nel blister, in posizione verticale e in un <strong data-start=\"7888\" data-end=\"7920\">luogo fresco, buio e asciutto<\/strong>.<\/p>\n<\/li>\n<li data-start=\"7927\" data-end=\"8004\">\n<p data-start=\"7929\" data-end=\"8004\">Smaltire i residui secondo la politica sui rifiuti chimici del proprio laboratorio.<\/p>\n<\/li>\n<\/ul>\n<\/li>\n<\/ol>\n<hr data-start=\"8006\" data-end=\"8009\" \/>\n<h3 data-start=\"8011\" data-end=\"8046\"><strong data-start=\"8015\" data-end=\"8044\">Domande frequenti (FAQ)<\/strong><\/h3>\n<p data-start=\"8048\" data-end=\"8225\"><strong data-start=\"8048\" data-end=\"8098\">1. Quali composti contiene RC+ MaXTC Blister?<\/strong><br data-start=\"8098\" data-end=\"8101\" \/>Ogni pellet contiene una combinazione di <strong data-start=\"8138\" data-end=\"8148\">5-MAPB<\/strong>, <strong data-start=\"8150\" data-end=\"8159\">4-FMA<\/strong> E <strong data-start=\"8163\" data-end=\"8177\">5-MeO-MiPT<\/strong> \u2013 destinato esclusivamente all\u2019uso nella ricerca.<\/p>\n<p data-start=\"8227\" data-end=\"8393\"><strong data-start=\"8227\" data-end=\"8285\">2. Quanti pellet ci sono in un blister?<\/strong><br data-start=\"8285\" data-end=\"8288\" \/>Ogni blister contiene <strong data-start=\"8307\" data-end=\"8345\">10 pellet sigillati singolarmente<\/strong> per test controllati e riproducibili.<\/p>\n<p data-start=\"8395\" data-end=\"8583\"><strong data-start=\"8395\" data-end=\"8455\">3. RC+ MaXTC Blister \u00e8 adatto all&#039;uso umano?<\/strong><br data-start=\"8455\" data-end=\"8458\" \/>No, questo prodotto \u00e8 <strong data-start=\"8479\" data-end=\"8520\">solo a scopo di ricerca<\/strong> E <strong data-start=\"8524\" data-end=\"8580\">non destinato al consumo umano o animale<\/strong>.<\/p>\n<p><a href=\"https:\/\/researchchemicalhub.com\/it\/negozio\/lisergamidi\/1-cp-di-lsd-da-150-mcg-in-granuli\/\"><span dir=\"auto\" style=\"vertical-align: inherit;\"><span dir=\"auto\" style=\"vertical-align: inherit;\">1cP-LSD 150 MCG Art Blotters <\/span><\/span><\/a><a href=\"https:\/\/researchchemicalhub.com\/it\/negozio\/pellet-2\/o-pellet-dsmt-50mg\/\"><span dir=\"auto\" style=\"vertical-align: inherit;\"><span dir=\"auto\" style=\"vertical-align: inherit;\">Pellet di O-DSMT da 50 mg <\/span><\/span><\/a><a href=\"https:\/\/researchchemicalhub.com\/it\/negozio\/lisergamidi\/1v-lsd-150-mcg-blotters\/\"><span dir=\"auto\" style=\"vertical-align: inherit;\"><span dir=\"auto\" style=\"vertical-align: inherit;\">Blotter 1V-LSD 150 MCG <\/span><\/span><\/a><a href=\"https:\/\/researchchemicalhub.com\/it\/negozio\/quasi-proibito\/6-cl-di-adba\/\"><span dir=\"auto\" style=\"vertical-align: inherit;\"><span dir=\"auto\" style=\"vertical-align: inherit;\">6-CL-ADBA <\/span><\/span><\/a><a href=\"https:\/\/researchchemicalhub.com\/it\/negozio\/catinoni\/%f0%9f%92%a1-2-mmc-polvere-cristallina-per-tutte-le-domande-e-risposte-per-lacquisto\/\"><span dir=\"auto\" style=\"vertical-align: inherit;\"><span dir=\"auto\" style=\"vertical-align: inherit;\">2-CMC 250 mg in pellet<\/span><\/span><\/a><\/p>","protected":false},"excerpt":{"rendered":"<p>Introductie De RC+ MaXTC Blister is een hoogwaardige onderzoeksformulering ontwikkeld voor geavanceerde analytische en wetenschappelijke toepassingen. Elke blister bevat individueel<\/p>","protected":false},"featured_media":21157,"comment_status":"closed","ping_status":"closed","template":"","meta":[],"product_brand":[],"product_cat":[555],"product_tag":[629,644,664,326],"class_list":{"0":"post-24107","1":"product","2":"type-product","3":"status-publish","4":"has-post-thumbnail","6":"product_cat-b2b","7":"product_tag-4-fma-kopen","8":"product_tag-4-fma","9":"product_tag-maxtc","10":"product_tag-nl","12":"first","13":"instock","14":"taxable","15":"shipping-taxable","16":"purchasable","17":"product-type-variable"},"_links":{"self":[{"href":"https:\/\/researchchemicalhub.com\/it\/wp-json\/wp\/v2\/product\/24107","targetHints":{"allow":["GET"]}}],"collection":[{"href":"https:\/\/researchchemicalhub.com\/it\/wp-json\/wp\/v2\/product"}],"about":[{"href":"https:\/\/researchchemicalhub.com\/it\/wp-json\/wp\/v2\/types\/product"}],"replies":[{"embeddable":true,"href":"https:\/\/researchchemicalhub.com\/it\/wp-json\/wp\/v2\/comments?post=24107"}],"version-history":[{"count":4,"href":"https:\/\/researchchemicalhub.com\/it\/wp-json\/wp\/v2\/product\/24107\/revisions"}],"predecessor-version":[{"id":27874,"href":"https:\/\/researchchemicalhub.com\/it\/wp-json\/wp\/v2\/product\/24107\/revisions\/27874"}],"wp:featuredmedia":[{"embeddable":true,"href":"https:\/\/researchchemicalhub.com\/it\/wp-json\/wp\/v2\/media\/21157"}],"wp:attachment":[{"href":"https:\/\/researchchemicalhub.com\/it\/wp-json\/wp\/v2\/media?parent=24107"}],"wp:term":[{"taxonomy":"product_brand","embeddable":true,"href":"https:\/\/researchchemicalhub.com\/it\/wp-json\/wp\/v2\/product_brand?post=24107"},{"taxonomy":"product_cat","embeddable":true,"href":"https:\/\/researchchemicalhub.com\/it\/wp-json\/wp\/v2\/product_cat?post=24107"},{"taxonomy":"product_tag","embeddable":true,"href":"https:\/\/researchchemicalhub.com\/it\/wp-json\/wp\/v2\/product_tag?post=24107"}],"curies":[{"name":"wp","href":"https:\/\/api.w.org\/{rel}","templated":true}]}}