{"id":26132,"date":"2025-10-20T01:31:17","date_gmt":"2025-10-20T01:31:17","guid":{"rendered":"https:\/\/researchchemicalhub.com\/?post_type=product&#038;p=26132"},"modified":"2025-10-21T05:53:59","modified_gmt":"2025-10-21T05:53:59","slug":"kaupa-ibogaine-hcl-a-netinu","status":"publish","type":"product","link":"https:\/\/researchchemicalhub.com\/is\/bud\/iboga-ibogain\/kaupa-ibogaine-hcl-a-netinu\/","title":{"rendered":"Kaupa \u00edb\u00f3gain HCL"},"content":{"rendered":"<h2>Kaupa \u00edb\u00f3gain HCL<\/h2>\n<div class=\"sm-table-layout__cell sm-table-layout__cell_align_left sm-table-layout__cell_fixed-cell_phrase\" role=\"cell\" data-testid=\"table-cell-keyword\">\n<div class=\"sm-cell-phrase\"><span class=\"___SText_anxqe-kmt_\" data-ui-name=\"Link.Text\">kaupa ibogaine hcl \u00e1 netinu, <\/span>Kauptu Ibogaine HCL. \u00cdbogaine er virka efni\u00f0 sem finnst \u00ed afr\u00edsku r\u00f3tinni Tabernanthe iboga sem hreinsar l\u00edkamleg fr\u00e1hvarfseinkenni og st\u00f6\u00f0var l\u00f6ngun \u00ed f\u00edkniefni \u00ed eitt skipti fyrir \u00f6ll. \u00cdbogaine HCL hefur reynst vera \u00e1hrifamesta jurtaplantan til a\u00f0 l\u00e6kna f\u00edkn. \u00deegar \u00fea\u00f0 er nota\u00f0 r\u00e9tt eru ni\u00f0urst\u00f6\u00f0urnar 100% \u00e1hrifar\u00edkar. Vi\u00f0 bj\u00f3\u00f0um upp \u00e1 Iboga pakka\u00f0 \u00ed hylkjum, sem hj\u00e1lpar vi\u00f0 sk\u00f6mmtun og au\u00f0velda neyslu.<\/div>\n<\/div>\n<p>Unni\u00f0 \u00far r\u00f3tarberki Tabernanthe Iboga. \u00cd \u00f6\u00f0ru lagi Iboga-berkisins eru um \u00fea\u00f0 bil 12 mismunandi alkal\u00f3\u00ed\u00f0ar. \u00der\u00edr helstu alkal\u00f3\u00ed\u00f0ar sem eru unnir \u00fat eru \u00edboga\u00edn, \u00edbogam\u00edn og einnig \u00edbogal\u00edn. Sem efnasamband \u00edboga\u00edns er \u00edboga\u00edn HCL nota\u00f0 vi\u00f0 me\u00f0fer\u00f0 f\u00edknar. \u00cdboga\u00edn HCL er n\u00e1tt\u00farulegt efnasamband sem unni\u00f0 er \u00far Tabernanthe iboga runnanum sem er upprunninn \u00ed Afr\u00edku. Nota\u00f0 til a\u00f0 skola eiturefni (eins og \u00f3p\u00ed\u00f6t og \u00f6nnur lyf) \u00far l\u00edkamanum og hj\u00e1lpa til vi\u00f0 a\u00f0 draga verulega \u00far \u00f3\u00fe\u00e6gilegum einkennum sem tengjast l\u00edkamlegum fr\u00e1hvarfseinkennum fr\u00e1 v\u00edmuefnaneyslu.<\/p>\n<p>\u00cdb\u00f3gain HCL er \u00feri\u00f0ja stigs \u00edb\u00f3gains og er oftast nota\u00f0 sem f\u00edkniefname\u00f0fer\u00f0. \u00dea\u00f0 fer \u00ed gegnum s\u00e9rstakt hreinsunarferli me\u00f0 HCL sem fjarl\u00e6gir \u00fdmis \u00f3hreinindi og \u00f6nnur efni. A\u00f0 auki inniheldur \u00edb\u00f3gain HCL um \u00fea\u00f0 bil 85-99 pr\u00f3sent hreint \u00edb\u00f3gain.<\/p>\n<h2>\u00cdb\u00f3gain HCL til s\u00f6lu<\/h2>\n<p>\u00cdb\u00f3gain HCL er yfirleitt nota\u00f0 \u00ed l\u00e6knisfr\u00e6\u00f0ilegu umhverfi undir eftirliti fag\u00fej\u00e1lfa\u00f0ra, l\u00f6ggiltra l\u00e6kna og hj\u00fakrunarfr\u00e6\u00f0inga. \u00dea\u00f0 er gagnlegt til a\u00f0 hj\u00e1lpa einstaklingum sem eiga vi\u00f0 v\u00edmuefnavanda a\u00f0 str\u00ed\u00f0a vi\u00f0 a\u00f0 takast \u00e1 vi\u00f0 einkenni fr\u00e1hvarfseinkenna f\u00edkniefna e\u00f0a \u00e1fengis. \u00cdb\u00f3gain HCL er nota\u00f0 til a\u00f0 me\u00f0h\u00f6ndla fr\u00e1hvarfseinkenni f\u00edkniefna me\u00f0 \u00fev\u00ed a\u00f0 vinna \u00ed samverkun vi\u00f0 taugafrumur og \u00e1kve\u00f0na vi\u00f0taka sem finnast \u00ed heila og mi\u00f0taugakerfi.<\/p>\n<p>\u00deegar einstaklingur fer \u00ed fr\u00e1hvarfseinkenni me\u00f0 Ibogaine HCL, munu fr\u00e1hvarfseinkenni samt sem \u00e1\u00f0ur vera til sta\u00f0ar. Hins vegar eru \u00feau yfirleitt a\u00f0eins brot af \u00fev\u00ed sem gerist \u00e1n me\u00f0fer\u00f0ar. \u00c1hrif me\u00f0fer\u00f0ar me\u00f0 Ibogaine HCL geta vara\u00f0 fr\u00e1 15-36 klukkustundum, allt eftir einst\u00f6kum einkennum sj\u00faklingsins.<a href=\"https:\/\/researchchemicalhub.com\/is\/bud\/katinon\/kaupa-2-cm\/\">2-CMC 250 mg k\u00falur<\/a><a href=\"https:\/\/researchchemicalhub.com\/is\/bud\/naestum-bannad\/6-cl-adba\/\">6-CL-ADBA<\/a><a href=\"https:\/\/researchchemicalhub.com\/is\/bud\/lysergamid\/1v-lsd-150-mcg-blotters\/\">1V-LSD 150 MCG \u00feynnur<\/a><a href=\"https:\/\/researchchemicalhub.com\/is\/bud\/pellets\/o-dsmt-50-mg-kulur\/\">O-DSMT 50 mg k\u00falur<\/a><a href=\"https:\/\/researchchemicalhub.com\/is\/bud\/lysergamid\/1-teskeid-af-lsd-150-mikrogromm\/\">1cP-LSD 150 MCG listabletti<\/a><\/p>","protected":false},"excerpt":{"rendered":"<p>Kauptu Ibogaine HCL kaupa ibogaine hcl \u00e1 netinu, Kauptu Ibogaine HCL, Ibogaine er virka efni\u00f0 sem finnst \u00ed afr\u00edsku Tabernanthe<\/p>","protected":false},"featured_media":26149,"comment_status":"closed","ping_status":"closed","template":"","meta":[],"product_brand":[],"product_cat":[908],"product_tag":[913],"class_list":{"0":"post-26132","1":"product","2":"type-product","3":"status-publish","4":"has-post-thumbnail","6":"product_cat-iboga-ibogaine","7":"product_tag-buy-ibogaine-hcl-online","9":"first","10":"instock","11":"taxable","12":"shipping-taxable","13":"purchasable","14":"product-type-variable"},"_links":{"self":[{"href":"https:\/\/researchchemicalhub.com\/is\/wp-json\/wp\/v2\/product\/26132","targetHints":{"allow":["GET"]}}],"collection":[{"href":"https:\/\/researchchemicalhub.com\/is\/wp-json\/wp\/v2\/product"}],"about":[{"href":"https:\/\/researchchemicalhub.com\/is\/wp-json\/wp\/v2\/types\/product"}],"replies":[{"embeddable":true,"href":"https:\/\/researchchemicalhub.com\/is\/wp-json\/wp\/v2\/comments?post=26132"}],"version-history":[{"count":3,"href":"https:\/\/researchchemicalhub.com\/is\/wp-json\/wp\/v2\/product\/26132\/revisions"}],"predecessor-version":[{"id":26157,"href":"https:\/\/researchchemicalhub.com\/is\/wp-json\/wp\/v2\/product\/26132\/revisions\/26157"}],"wp:featuredmedia":[{"embeddable":true,"href":"https:\/\/researchchemicalhub.com\/is\/wp-json\/wp\/v2\/media\/26149"}],"wp:attachment":[{"href":"https:\/\/researchchemicalhub.com\/is\/wp-json\/wp\/v2\/media?parent=26132"}],"wp:term":[{"taxonomy":"product_brand","embeddable":true,"href":"https:\/\/researchchemicalhub.com\/is\/wp-json\/wp\/v2\/product_brand?post=26132"},{"taxonomy":"product_cat","embeddable":true,"href":"https:\/\/researchchemicalhub.com\/is\/wp-json\/wp\/v2\/product_cat?post=26132"},{"taxonomy":"product_tag","embeddable":true,"href":"https:\/\/researchchemicalhub.com\/is\/wp-json\/wp\/v2\/product_tag?post=26132"}],"curies":[{"name":"wp","href":"https:\/\/api.w.org\/{rel}","templated":true}]}}