{"id":26118,"date":"2025-10-20T01:31:17","date_gmt":"2025-10-20T01:31:17","guid":{"rendered":"https:\/\/researchchemicalhub.com\/?post_type=product&#038;p=26118"},"modified":"2025-10-21T05:53:14","modified_gmt":"2025-10-21T05:53:14","slug":"iboga-seeds","status":"publish","type":"product","link":"https:\/\/researchchemicalhub.com\/is\/shop\/okategoriserad\/iboga-seeds\/","title":{"rendered":"Iboga fr\u00e6"},"content":{"rendered":"<h2>kaupa iboga fr\u00e6<\/h2>\n<p>Kauptu Iboga fr\u00e6. Tabernanthe iboga er me\u00f0limur \u00ed Apocynaceae \u00e6ttinni, upprunninn \u00ed blautum hitabeltissv\u00e6\u00f0um \u00ed vestur-mi\u00f0-Afr\u00edku, a\u00f0allega Kong\u00f3 og Gabon. Algeng n\u00f6fn eru Iboga, Eboka og Eboga. Tabernanthe er l\u00edtil \u00e6ttkv\u00edsl sem samanstendur af a\u00f0eins tveimur tegundum, T.<a href=\"https:\/\/caluanieoxidizeshop.com\" target=\"_blank\" rel=\"noopener\">.<\/a> iboga og T. elliptica (\u00feessi tegund hefur stingandi \u00e1vexti svipa\u00f0a og Datura spp.). \u00dea\u00f0 er skr\u00e1\u00f0 a\u00f0 tegundirnar tv\u00e6r geti fr\u00e6va\u00f0 sig saman til a\u00f0 framlei\u00f0a frj\u00f3s\u00f6m blending (<em>\u00cdboga og \u00edboga\u00edn, Nico Dauphin<\/em>). iboga fr\u00e6, tabernanthe iboga fr\u00e6, iboga pl\u00f6ntufr\u00e6, kaupa iboga fr\u00e6<\/p>\n<p>Tabernanthe eru vi\u00f0arkenndar pl\u00f6ntur sem eru landl\u00e6gar \u00ed rakri undirgr\u00f3\u00f0ur hitabeltissk\u00f3ga. Tabernanthe runnar vaxa almennt \u00ed h\u00e1lfan metra til tveggja metra h\u00e6\u00f0. Greinar koma saman \u00ed p\u00f6rum og tv\u00e6r mj\u00f3ar, stilklaga bl\u00f3mabl\u00f3m birtast saman r\u00e9tt fyrir ofan greiningarpunkta. Tabernanthe hefur einnig bikarlaga bl\u00f6\u00f0 og \u00e1berandi lauf\u00f6r. Eins og margir a\u00f0rir me\u00f0limir Apocynaceae.<a href=\"https:\/\/caluanieoxidizeshop.com\/product\/caluanie-muelear-oxidize-for-sale\/\" target=\"_blank\" rel=\"noopener\">,<\/a> Tabernanthe einkennist af mj\u00f3lkurkenndum safa og tilvist margra gagnlegra alkal\u00f3\u00ed\u00f0a \u00ed berki, laufum og r\u00f3t (Iboga og Ibogaine, Nico Dauphin). <a href=\"https:\/\/researchchemicalhub.com\/is\/shop\/top-10-research-chemicals\/caluanie-muelear-oxidize\/\">Caluanie Muelear Oxidize<\/a><a href=\"https:\/\/researchchemicalhub.com\/is\/shop\/weegschalen\/digitale-cs-weegschaal\/\">Stafr\u00e6n CS vog \u2013 100 g x 0,01 g<\/a><a href=\"https:\/\/researchchemicalhub.com\/is\/shop\/top-10-research-chemicals\/pyrazolam-werking\/\">Pyrazolam 2,5 mg k\u00falur<\/a><a href=\"https:\/\/researchchemicalhub.com\/is\/shop\/weegschalen\/digitale-tank-mini-weegschaal\/\">Stafr\u00e6n tankvog \u2013 20 g x 0,001 g<\/a><a href=\"https:\/\/researchchemicalhub.com\/is\/shop\/weegschalen\/digitale-bio-mini-weegschaal\/\">Stafr\u00e6n l\u00edffr\u00e6\u00f0ileg sm\u00e1vog \u2013 20 g x 0,001 g<\/a><\/p>","protected":false},"excerpt":{"rendered":"<p>$1 \u00e1 hvern \u00e1v\u00f6xt, l\u00e1gmarksp\u00f6ntun = 100 \u00e1vextir<\/p>","protected":false},"featured_media":26143,"comment_status":"closed","ping_status":"closed","template":"","meta":[],"product_brand":[],"product_cat":[1085],"product_tag":[912,911,909,910],"class_list":{"0":"post-26118","1":"product","2":"type-product","3":"status-publish","4":"has-post-thumbnail","6":"product_cat-okategoriserad","7":"product_tag-buy-iboga-seeds","8":"product_tag-iboga-plant-seeds","9":"product_tag-iboga-seeds","10":"product_tag-tabernanthe-iboga-seeds","12":"first","13":"instock","14":"taxable","15":"shipping-taxable","16":"purchasable","17":"product-type-simple"},"_links":{"self":[{"href":"https:\/\/researchchemicalhub.com\/is\/wp-json\/wp\/v2\/product\/26118","targetHints":{"allow":["GET"]}}],"collection":[{"href":"https:\/\/researchchemicalhub.com\/is\/wp-json\/wp\/v2\/product"}],"about":[{"href":"https:\/\/researchchemicalhub.com\/is\/wp-json\/wp\/v2\/types\/product"}],"replies":[{"embeddable":true,"href":"https:\/\/researchchemicalhub.com\/is\/wp-json\/wp\/v2\/comments?post=26118"}],"version-history":[{"count":4,"href":"https:\/\/researchchemicalhub.com\/is\/wp-json\/wp\/v2\/product\/26118\/revisions"}],"predecessor-version":[{"id":26155,"href":"https:\/\/researchchemicalhub.com\/is\/wp-json\/wp\/v2\/product\/26118\/revisions\/26155"}],"wp:featuredmedia":[{"embeddable":true,"href":"https:\/\/researchchemicalhub.com\/is\/wp-json\/wp\/v2\/media\/26143"}],"wp:attachment":[{"href":"https:\/\/researchchemicalhub.com\/is\/wp-json\/wp\/v2\/media?parent=26118"}],"wp:term":[{"taxonomy":"product_brand","embeddable":true,"href":"https:\/\/researchchemicalhub.com\/is\/wp-json\/wp\/v2\/product_brand?post=26118"},{"taxonomy":"product_cat","embeddable":true,"href":"https:\/\/researchchemicalhub.com\/is\/wp-json\/wp\/v2\/product_cat?post=26118"},{"taxonomy":"product_tag","embeddable":true,"href":"https:\/\/researchchemicalhub.com\/is\/wp-json\/wp\/v2\/product_tag?post=26118"}],"curies":[{"name":"wp","href":"https:\/\/api.w.org\/{rel}","templated":true}]}}