{"id":24961,"date":"2025-10-20T17:43:53","date_gmt":"2025-10-20T17:43:53","guid":{"rendered":"https:\/\/researchchemicalhub.com\/?post_type=product&#038;p=24961"},"modified":"2025-10-28T22:38:22","modified_gmt":"2025-10-28T22:38:22","slug":"o-dsmt-50-mg-kulur","status":"publish","type":"product","link":"https:\/\/researchchemicalhub.com\/is\/bud\/o-dsmt\/o-dsmt-50-mg-kulur\/","title":{"rendered":"O-DSMT 50 mg k\u00falur"},"content":{"rendered":"<h1 data-start=\"399\" data-end=\"488\"><strong data-start=\"401\" data-end=\"488\">O-DSMT (O-Desmet\u00fdltramad\u00f3l) \u2013 V\u00edsindalegar uppl\u00fdsingar og greiningaryfirlit<\/strong><\/h1>\n<p data-start=\"490\" data-end=\"739\"><strong data-start=\"490\" data-end=\"512\">L\u00fdsing \u00e1 l\u00fdsig\u00f6gnum:<\/strong><br data-start=\"512\" data-end=\"515\" \/>O-DSMT (O-Desmet\u00fdltramad\u00f3l) er ranns\u00f3knarlyf og lyfjafr\u00e6\u00f0ilega virkt umbrotsefni tramad\u00f3ls. Kynntu \u00fe\u00e9r efnafr\u00e6\u00f0ilega uppbyggingu, verkunarh\u00e1ttur, v\u00edsindalegt mikilv\u00e6gi og \u00f6ryggis\u00fe\u00e6tti O-DSMT.<\/p>\n<hr data-start=\"741\" data-end=\"744\" \/>\n<h2 data-start=\"746\" data-end=\"762\"><strong data-start=\"749\" data-end=\"762\">Inngangur<\/strong><\/h2>\n<p data-start=\"764\" data-end=\"1036\"><strong data-start=\"764\" data-end=\"796\">O-desmet\u00fdltramad\u00f3l (O-DSMT)<\/strong> er <strong data-start=\"804\" data-end=\"831\">tilb\u00fai\u00f0 efnasamband<\/strong> sem tilheyrir h\u00f3pnum af <strong data-start=\"861\" data-end=\"883\">\u00f3p\u00ed\u00f3\u00ed\u00f0 verkjalyf<\/strong>\u00dea\u00f0 er <strong data-start=\"895\" data-end=\"930\">virkt umbrotsefni tramad\u00f3ls<\/strong>, verkjalyf sem nota\u00f0 er um allan heim til me\u00f0fer\u00f0ar vi\u00f0 mi\u00f0lungi miklum til miklum verkjum.<\/p>\n<p data-start=\"1038\" data-end=\"1395\">O-DSMT myndast \u00ed l\u00edkamanum \u00feegar tramad\u00f3l umbrotnar \u00ed lifur fyrir tilstilli ens\u00edmsins CYP2D6. \u00deetta umbrotsefni er... <strong data-start=\"1154\" data-end=\"1221\">\u00e1byrgur fyrir st\u00f3rum hluta verkjastillandi \u00e1hrifanna<\/strong> af tramad\u00f3li. \u00cd ranns\u00f3knarsamhengi er veri\u00f0 a\u00f0 rannsaka O-DSMT til a\u00f0 <strong data-start=\"1287\" data-end=\"1348\">lyfjafr\u00e6\u00f0ileg virkni, vi\u00f0takavirkni og \u00f6ryggi<\/strong> til a\u00f0 skilja betur \u00f3p\u00ed\u00f3\u00ed\u00f0asamb\u00f6nd.<\/p>\n<p data-start=\"1397\" data-end=\"1601\">O-DSMT er stundum nefnt \u00ed v\u00edsindaritum um <strong data-start=\"1460\" data-end=\"1498\">n\u00fd ge\u00f0virk efni (NPS)<\/strong> og <strong data-start=\"1502\" data-end=\"1529\">r\u00e9ttarl\u00e6knisfr\u00e6\u00f0ileg eiturefnafr\u00e6\u00f0i<\/strong>, en \u00fea\u00f0 er <strong data-start=\"1543\" data-end=\"1600\">ekki sam\u00feykkt til manneldisnotkunar e\u00f0a neyslu<\/strong>.<\/p>\n<hr data-start=\"1603\" data-end=\"1606\" \/>\n<h2 data-start=\"1608\" data-end=\"1653\"><strong data-start=\"1611\" data-end=\"1653\">Lykilatri\u00f0i<\/strong><\/h2>\n<div class=\"_tableContainer_1rjym_1\">\n<div class=\"group _tableWrapper_1rjym_13 flex w-fit flex-col-reverse\" tabindex=\"-1\">\n<table class=\"w-fit min-w-(--thread-content-width)\" data-start=\"1655\" data-end=\"2176\">\n<thead data-start=\"1655\" data-end=\"1692\">\n<tr data-start=\"1655\" data-end=\"1692\">\n<th data-start=\"1655\" data-end=\"1672\" data-col-size=\"sm\"><strong data-start=\"1657\" data-end=\"1671\">Einkenni<\/strong><\/th>\n<th data-start=\"1672\" data-end=\"1692\" data-col-size=\"md\"><strong data-start=\"1674\" data-end=\"1690\">L\u00fdsing<\/strong><\/th>\n<\/tr>\n<\/thead>\n<tbody data-start=\"1732\" data-end=\"2176\">\n<tr data-start=\"1732\" data-end=\"1776\">\n<td data-start=\"1732\" data-end=\"1753\" data-col-size=\"sm\"><strong data-start=\"1734\" data-end=\"1752\">Fullt nafn<\/strong><\/td>\n<td data-start=\"1753\" data-end=\"1776\" data-col-size=\"md\">O-desmet\u00fdltramad\u00f3l<\/td>\n<\/tr>\n<tr data-start=\"1777\" data-end=\"1814\">\n<td data-start=\"1777\" data-end=\"1801\" data-col-size=\"sm\"><strong data-start=\"1779\" data-end=\"1800\">Efnaform\u00fala<\/strong><\/td>\n<td data-start=\"1801\" data-end=\"1814\" data-col-size=\"md\">C\u2081\u2085H\u2082\u2083NO\u2082<\/td>\n<\/tr>\n<tr data-start=\"1815\" data-end=\"1851\">\n<td data-start=\"1815\" data-end=\"1835\" data-col-size=\"sm\"><strong data-start=\"1817\" data-end=\"1834\">M\u00f3lmassi<\/strong><\/td>\n<td data-col-size=\"md\" data-start=\"1835\" data-end=\"1851\">249,35 g\/m\u00f3l<\/td>\n<\/tr>\n<tr data-start=\"1852\" data-end=\"1919\">\n<td data-start=\"1852\" data-end=\"1875\" data-col-size=\"sm\"><strong data-start=\"1854\" data-end=\"1874\">Efnaflokkur<\/strong><\/td>\n<td data-start=\"1875\" data-end=\"1919\" data-col-size=\"md\">Tilb\u00fai\u00f0 \u00f3p\u00ed\u00f3\u00ed\u00f0; umbrotsefni tramad\u00f3ls<\/td>\n<\/tr>\n<tr data-start=\"1920\" data-end=\"1979\">\n<td data-start=\"1920\" data-end=\"1950\" data-col-size=\"sm\"><strong data-start=\"1922\" data-end=\"1949\">Lyfjafr\u00e6\u00f0ileg virkni<\/strong><\/td>\n<td data-col-size=\"md\" data-start=\"1950\" data-end=\"1979\">\u03bc-\u00f3p\u00ed\u00f3\u00ed\u00f0vi\u00f0taka\u00f6rvi<\/td>\n<\/tr>\n<tr data-start=\"1980\" data-end=\"2042\">\n<td data-start=\"1980\" data-end=\"1997\" data-col-size=\"sm\"><strong data-start=\"1982\" data-end=\"1996\">Ums\u00f3kn<\/strong><\/td>\n<td data-col-size=\"md\" data-start=\"1997\" data-end=\"2042\">Lyfjafr\u00e6\u00f0ilegar og eiturefnafr\u00e6\u00f0ilegar ranns\u00f3knir<\/td>\n<\/tr>\n<tr data-start=\"2043\" data-end=\"2097\">\n<td data-start=\"2043\" data-end=\"2054\" data-col-size=\"sm\"><strong data-start=\"2045\" data-end=\"2053\">Ey\u00f0ubla\u00f0<\/strong><\/td>\n<td data-col-size=\"md\" data-start=\"2054\" data-end=\"2097\">Vi\u00f0mi\u00f0unarefni fyrir ranns\u00f3knarstofugreiningu<\/td>\n<\/tr>\n<tr data-start=\"2098\" data-end=\"2176\">\n<td data-start=\"2098\" data-end=\"2122\" data-col-size=\"sm\"><strong data-start=\"2100\" data-end=\"2121\">L\u00f6gleg sta\u00f0a<\/strong><\/td>\n<td data-col-size=\"md\" data-start=\"2122\" data-end=\"2176\">L\u00f6g um \u00f3p\u00ed\u00f3\u00ed\u00f0a \u00ed m\u00f6rgum l\u00f6ndum<\/td>\n<\/tr>\n<\/tbody>\n<\/table>\n<\/div>\n<\/div>\n<hr data-start=\"2178\" data-end=\"2181\" \/>\n<h2 data-start=\"2183\" data-end=\"2238\"><strong data-start=\"2186\" data-end=\"2238\">V\u00edsindalegt mikilv\u00e6gi og ranns\u00f3knargildi<\/strong><\/h2>\n<ul data-start=\"2240\" data-end=\"3199\">\n<li data-start=\"2240\" data-end=\"2514\">\n<p data-start=\"2242\" data-end=\"2514\"><strong data-start=\"2242\" data-end=\"2270\">Lyfjafr\u00e6\u00f0ilegar ranns\u00f3knir<\/strong><br data-start=\"2270\" data-end=\"2273\" \/>O-DSMT er nota\u00f0 til a\u00f0 <strong data-start=\"2303\" data-end=\"2335\">verkjastillingarferli<\/strong> A\u00f0 skilja \u00fea\u00f0 betur og bera \u00fea\u00f0 saman vi\u00f0 a\u00f0ra \u00f3p\u00ed\u00f3\u00ed\u00f0\u00f6rva. \u00deetta hj\u00e1lpar v\u00edsindam\u00f6nnum a\u00f0 f\u00e1 inns\u00fdn \u00ed vi\u00f0takas\u00e9rt\u00e6kni, efnaskiptaferla og byggingarbreytingar.<\/p>\n<\/li>\n<li data-start=\"2516\" data-end=\"2769\">\n<p data-start=\"2518\" data-end=\"2769\"><strong data-start=\"2518\" data-end=\"2544\">Eiturefnafr\u00e6\u00f0ileg greining<\/strong><br data-start=\"2544\" data-end=\"2547\" \/>\u00cd r\u00e9ttar- og kl\u00edn\u00edskum eiturefnafr\u00e6\u00f0iranns\u00f3knarstofum er O-DSMT nota\u00f0 sem <strong data-start=\"2629\" data-end=\"2663\">vi\u00f0mi\u00f0unar- e\u00f0a kv\u00f6r\u00f0unarefni<\/strong> til a\u00f0 greina l\u00edffr\u00e6\u00f0ileg s\u00fdni (eins og bl\u00f3\u00f0 e\u00f0a \u00fevag) til a\u00f0 leita a\u00f0 umbrotsefnum tramad\u00f3ls.<\/p>\n<\/li>\n<li data-start=\"2771\" data-end=\"2970\">\n<p data-start=\"2773\" data-end=\"2970\"><strong data-start=\"2773\" data-end=\"2804\">Greiningarleg einkenni<\/strong><br data-start=\"2804\" data-end=\"2807\" \/>Efni\u00f0 er sko\u00f0a\u00f0 me\u00f0 a\u00f0fer\u00f0um eins og <strong data-start=\"2866\" data-end=\"2892\">LC-MS\/MS, GC-MS og NMR<\/strong> til a\u00f0 gera kleift a\u00f0 bera kennsl \u00e1 og magngreina \u00ed ranns\u00f3knars\u00fdnum.<\/p>\n<\/li>\n<li data-start=\"2972\" data-end=\"3199\">\n<p data-start=\"2974\" data-end=\"3199\"><strong data-start=\"2974\" data-end=\"3013\">Eftirlits- og \u00f6ryggisranns\u00f3knir<\/strong><br data-start=\"3013\" data-end=\"3016\" \/>O-DSMT hj\u00e1lpar til vi\u00f0 a\u00f0 \u00fer\u00f3a greiningarferla fyrir <strong data-start=\"3080\" data-end=\"3118\">n\u00fd ge\u00f0virk efni (NPS)<\/strong> og vi\u00f0 mat \u00e1 \u00e1h\u00e6ttu fyrir l\u00fd\u00f0heilsu og m\u00f6guleika \u00e1 misnotkun.<\/p>\n<\/li>\n<\/ul>\n<hr data-start=\"3201\" data-end=\"3204\" \/>\n<h2 data-start=\"3206\" data-end=\"3264\"><strong data-start=\"3209\" data-end=\"3264\">Til notkunar \u00e1 ranns\u00f3knarstofu (eing\u00f6ngu til ranns\u00f3kna)<\/strong><\/h2>\n<blockquote data-start=\"3266\" data-end=\"3480\">\n<p data-start=\"3268\" data-end=\"3480\">\u26a0\ufe0f <strong data-start=\"3271\" data-end=\"3286\">Mikilv\u00e6gt:<\/strong><br data-start=\"3286\" data-end=\"3289\" \/>O-DSMT er <strong data-start=\"3301\" data-end=\"3356\">eing\u00f6ngu \u00e6tla\u00f0 til v\u00edsindaranns\u00f3kna<\/strong> \u00ed vi\u00f0urkenndum ranns\u00f3knarstofum.<br data-start=\"3387\" data-end=\"3390\" \/>\u00dea\u00f0 er <strong data-start=\"3399\" data-end=\"3480\">Ekki \u00e6tla\u00f0 til manneldis, sj\u00e1lfslyfja e\u00f0a af\u00fereyingar.<\/strong><\/p>\n<\/blockquote>\n<ol data-start=\"3482\" data-end=\"4188\">\n<li data-start=\"3482\" data-end=\"3702\">\n<p data-start=\"3485\" data-end=\"3512\"><strong data-start=\"3485\" data-end=\"3510\">Geymsla og st\u00f6\u00f0ugleiki<\/strong><\/p>\n<ul data-start=\"3516\" data-end=\"3702\">\n<li data-start=\"3516\" data-end=\"3577\">\n<p data-start=\"3518\" data-end=\"3577\">Geymi\u00f0 \u00ed loku\u00f0u \u00edl\u00e1ti, \u00feurrt og kalt (2\u20138\u00b0C).<\/p>\n<\/li>\n<li data-start=\"3581\" data-end=\"3624\">\n<p data-start=\"3583\" data-end=\"3624\">Verji\u00f0 gegn lj\u00f3si, raka og lofti.<\/p>\n<\/li>\n<li data-start=\"3628\" data-end=\"3702\">\n<p data-start=\"3630\" data-end=\"3702\">Noti\u00f0 a\u00f0eins innan stofnana me\u00f0 gilt ranns\u00f3knarleyfi.<\/p>\n<\/li>\n<\/ul>\n<\/li>\n<li data-start=\"3704\" data-end=\"3931\">\n<p data-start=\"3707\" data-end=\"3735\"><strong data-start=\"3707\" data-end=\"3733\">Greiningarforrit<\/strong><\/p>\n<ul data-start=\"3739\" data-end=\"3931\">\n<li data-start=\"3739\" data-end=\"3839\">\n<p data-start=\"3741\" data-end=\"3839\">Nota\u00f0 sem sta\u00f0all \u00ed LC-MS og GC-MS greiningum til a\u00f0 bera kennsl \u00e1 umbrotsefni tramad\u00f3ls.<\/p>\n<\/li>\n<li data-start=\"3843\" data-end=\"3931\">\n<p data-start=\"3845\" data-end=\"3931\">Hentar til a\u00f0fer\u00f0afr\u00e6\u00f0ilegrar sta\u00f0festingar \u00ed eiturefnafr\u00e6\u00f0ilegum e\u00f0a lyfjafr\u00e6\u00f0ilegum ranns\u00f3knum.<\/p>\n<\/li>\n<\/ul>\n<\/li>\n<li data-start=\"3933\" data-end=\"4188\">\n<p data-start=\"3936\" data-end=\"3972\"><strong data-start=\"3936\" data-end=\"3970\">\u00d6ryggi \u00ed ranns\u00f3knarstofunni<\/strong><\/p>\n<ul data-start=\"3976\" data-end=\"4188\">\n<li data-start=\"3976\" data-end=\"4042\">\n<p data-start=\"3978\" data-end=\"4042\">Noti\u00f0 alltaf hanska, \u00f6ryggisgleraugu og ranns\u00f3knarstofuslopp.<\/p>\n<\/li>\n<li data-start=\"4046\" data-end=\"4097\">\n<p data-start=\"4048\" data-end=\"4097\">For\u00f0ist snertingu vi\u00f0 h\u00fa\u00f0, augu e\u00f0a sl\u00edmh\u00fa\u00f0ir.<\/p>\n<\/li>\n<li data-start=\"4101\" data-end=\"4188\">\n<p data-start=\"4103\" data-end=\"4188\">Fari\u00f0 me\u00f0 \u00fargang \u00ed samr\u00e6mi vi\u00f0 efna\u00f6ryggisreglur og landsreglur.<\/p>\n<\/li>\n<\/ul>\n<\/li>\n<\/ol>\n<hr data-start=\"4190\" data-end=\"4193\" \/>\n<h2 data-start=\"4195\" data-end=\"4223\"><strong data-start=\"4198\" data-end=\"4223\">L\u00f6glegar uppl\u00fdsingar<\/strong><\/h2>\n<p data-start=\"4225\" data-end=\"4501\">O-DSMT fellur undir <strong data-start=\"4270\" data-end=\"4298\">\u00d3p\u00eduml\u00f6gin<\/strong> e\u00f0a svipa\u00f0ar r\u00e1\u00f0stafanir var\u00f0andi \u00f3p\u00ed\u00f3\u00ed\u00f0aefni.<br data-start=\"4348\" data-end=\"4351\" \/>Rannsakendur og ranns\u00f3knarstofur ver\u00f0a a\u00f0 <strong data-start=\"4386\" data-end=\"4414\">fyrirfram sam\u00feykki<\/strong> afla til geymslu, flutnings e\u00f0a notkunar O-DSMT \u00ed ranns\u00f3knarsamhengi.<\/p>\n<p data-start=\"4503\" data-end=\"4674\">Efni\u00f0 g\u00e6ti <strong data-start=\"4515\" data-end=\"4551\">ekki seld e\u00f0a notu\u00f0<\/strong> utan vi\u00f0urkenndra ranns\u00f3knarstofnana. \u00d3heimil eign e\u00f0a notkun getur leitt til <strong data-start=\"4642\" data-end=\"4673\">saks\u00f3kn<\/strong>.<\/p>\n<hr data-start=\"4676\" data-end=\"4679\" \/>\n<h2 data-start=\"4681\" data-end=\"4713\"><strong data-start=\"4684\" data-end=\"4713\">Algengar spurningar (FAQ)<\/strong><\/h2>\n<p data-start=\"4715\" data-end=\"4934\"><strong data-start=\"4715\" data-end=\"4745\">1\ufe0f\u20e3 Hva\u00f0 n\u00e1kv\u00e6mlega er O-DSMT?<\/strong><br data-start=\"4745\" data-end=\"4748\" \/>O-DSMT er <strong data-start=\"4761\" data-end=\"4796\">virkt umbrotsefni tramad\u00f3ls<\/strong>, myndast \u00ed l\u00edkamanum eftir innt\u00f6ku tramad\u00f3ls. \u00cd ranns\u00f3knum er \u00fea\u00f0 nota\u00f0 til a\u00f0 rannsaka lyfjafr\u00e6\u00f0i \u00f3p\u00ed\u00f3\u00ed\u00f0a.<\/p>\n<p data-start=\"4936\" data-end=\"5163\"><strong data-start=\"4936\" data-end=\"4961\">2\ufe0f\u20e3 Er O-DSMT l\u00f6glegt?<\/strong><br data-start=\"4961\" data-end=\"4964\" \/>L\u00f6gleg sta\u00f0a er mismunandi eftir l\u00f6ndum. \u00cd flestum Evr\u00f3pul\u00f6ndum fellur O-DSMT undir \u00f3p\u00ed\u00f3\u00ed\u00f0al\u00f6ggj\u00f6f, sem \u00fe\u00fd\u00f0ir a\u00f0 \u00fea\u00f0 m\u00e1 a\u00f0eins nota \u00fea\u00f0 \u00ed v\u00edsindalegum e\u00f0a r\u00e9ttarl\u00e6knisfr\u00e6\u00f0ilegum tilgangi.<\/p>\n<p data-start=\"5165\" data-end=\"5433\"><strong data-start=\"5165\" data-end=\"5246\">3\ufe0f\u20e3 Er h\u00e6gt a\u00f0 nota O-DSMT til einkanota e\u00f0a \u00f6rsk\u00f6mmtunar?<\/strong><br data-start=\"5246\" data-end=\"5249\" \/>Nei. O-DSMT er <strong data-start=\"5264\" data-end=\"5311\">ekki sam\u00feykkt til manneldis<\/strong> og m\u00e1 a\u00f0eins nota \u00ed st\u00fdr\u00f0u ranns\u00f3knarstofuumhverfi. \u00d3heimil notkun er h\u00e6ttuleg og \u00f3l\u00f6gleg.<\/p>\n<hr data-start=\"5435\" data-end=\"5438\" \/>\n<h2 data-start=\"5440\" data-end=\"5480\"><strong data-start=\"5443\" data-end=\"5480\">Heimildir og frekari uppl\u00fdsingar<\/strong><\/h2>\n<ul data-start=\"5482\" data-end=\"5840\">\n<li data-start=\"5482\" data-end=\"5639\">\n<p data-start=\"5484\" data-end=\"5639\">Evr\u00f3pska eftirlitsstofnunin me\u00f0 f\u00edkniefnum og f\u00edkniefnaneyslu (EMCDDA): <em data-start=\"5550\" data-end=\"5637\">Sk\u00fdrsla um n\u00fd ge\u00f0virk efni \u2013 \u00f3p\u00ed\u00f3\u00ed\u00f0ar og aflei\u00f0ur tramad\u00f3ls.<\/em><\/p>\n<\/li>\n<li data-start=\"5640\" data-end=\"5737\">\n<p data-start=\"5642\" data-end=\"5737\">\u00dej\u00f3\u00f0stofnun um f\u00edkniefnavanda (NIDA): <em data-start=\"5683\" data-end=\"5735\">Tilb\u00fanir \u00f3p\u00ed\u00f3\u00ed\u00f0ar og n\u00fdjar hli\u00f0st\u00e6\u00f0ur efnasamb\u00f6nd.<\/em><\/p>\n<\/li>\n<li data-start=\"5738\" data-end=\"5840\">\n<p data-start=\"5740\" data-end=\"5840\">T\u00edmarit um r\u00e9ttarl\u00e6knisfr\u00e6\u00f0ilega eiturefnafr\u00e6\u00f0i: <em data-start=\"5770\" data-end=\"5838\">Greiningargreining og lyfjafr\u00e6\u00f0i O-desmet\u00fdltramad\u00f3ls.<\/em><\/p>\n<\/li>\n<\/ul>\n<p><a href=\"https:\/\/researchchemicalhub.com\/is\/bud\/iboga-ibogain\/kaupa-ibogaine-hcl-a-netinu\/\"><span dir=\"auto\" style=\"vertical-align: inherit;\"><span dir=\"auto\" style=\"vertical-align: inherit;\">Kaupa \u00edb\u00f3gain HCL <\/span><\/span><\/a><a href=\"https:\/\/researchchemicalhub.com\/is\/bud\/iboga-ibogain\/iboga-rotarborkur\/\"><span dir=\"auto\" style=\"vertical-align: inherit;\"><span dir=\"auto\" style=\"vertical-align: inherit;\">Iboga r\u00f3tarb\u00f6rkur <\/span><\/span><\/a><a href=\"https:\/\/researchchemicalhub.com\/is\/bud\/lysergamid\/1cp-lsd\/\"><span dir=\"auto\" style=\"vertical-align: inherit;\"><span dir=\"auto\" style=\"vertical-align: inherit;\">1cP-LSD 150 MCG listabletti <\/span><\/span><\/a><a href=\"https:\/\/researchchemicalhub.com\/is\/bud\/lysergamid\/1v-lsd-150-mcg-blotters\/\"><span dir=\"auto\" style=\"vertical-align: inherit;\"><span dir=\"auto\" style=\"vertical-align: inherit;\">1V-LSD 150 MCG \u00feynnur <\/span><\/span><\/a><a href=\"https:\/\/researchchemicalhub.com\/is\/bud\/2-cmc-kulur\/kaupa-2-cm\/kaupa-2-cm\/\"><span dir=\"auto\" style=\"vertical-align: inherit;\"><span dir=\"auto\" style=\"vertical-align: inherit;\">2-CMC 250 mg k\u00falur<\/span><\/span><\/a><\/p>","protected":false},"excerpt":{"rendered":"<h3><span dir=\"auto\" style=\"vertical-align: inherit;\"><span dir=\"auto\" style=\"vertical-align: inherit;\">O-DSMT eiginleikar<\/span><\/span><\/h3>\n<p><strong><span dir=\"auto\" style=\"vertical-align: inherit;\"><span dir=\"auto\" style=\"vertical-align: inherit;\">Samheiti: <\/span><\/span><\/strong> <i><span dir=\"auto\" style=\"vertical-align: inherit;\"><span dir=\"auto\" style=\"vertical-align: inherit;\">O-desmet\u00fdltramad\u00f3l, 3-(2-((d\u00edmet\u00fdlam\u00edn\u00f3)met\u00fdl)-1-h\u00fddrox\u00fds\u00fdkl\u00f3hex\u00fdl)fen\u00f3l <\/span><\/span><\/i><br \/>\n<strong><span dir=\"auto\" style=\"vertical-align: inherit;\"><span dir=\"auto\" style=\"vertical-align: inherit;\">CAS-n\u00famer:<\/span><\/span><\/strong><span dir=\"auto\" style=\"vertical-align: inherit;\"><span dir=\"auto\" style=\"vertical-align: inherit;\"> 80456-81-1 <\/span><\/span><br \/>\n<strong><span dir=\"auto\" style=\"vertical-align: inherit;\"><span dir=\"auto\" style=\"vertical-align: inherit;\">Form\u00fala: <\/span><\/span><\/strong> <span title=\"Kolefni\"><span dir=\"auto\" style=\"vertical-align: inherit;\"><span dir=\"auto\" style=\"vertical-align: inherit;\">C <\/span><\/span><\/span><sub><span dir=\"auto\" style=\"vertical-align: inherit;\"><span dir=\"auto\" style=\"vertical-align: inherit;\">15 <\/span><\/span><\/sub><span title=\"Vetni\"><span dir=\"auto\" style=\"vertical-align: inherit;\"><span dir=\"auto\" style=\"vertical-align: inherit;\">H <\/span><\/span><\/span><sub><span dir=\"auto\" style=\"vertical-align: inherit;\"><span dir=\"auto\" style=\"vertical-align: inherit;\">23 <\/span><\/span><\/sub><span title=\"K\u00f6fnunarefni\"><span dir=\"auto\" style=\"vertical-align: inherit;\"><span dir=\"auto\" style=\"vertical-align: inherit;\">N <\/span><\/span><\/span><span title=\"S\u00farefni\"><span dir=\"auto\" style=\"vertical-align: inherit;\"><span dir=\"auto\" style=\"vertical-align: inherit;\">\u00d3 <\/span><\/span><\/span><sub><span dir=\"auto\" style=\"vertical-align: inherit;\"><span dir=\"auto\" style=\"vertical-align: inherit;\">2 <\/span><\/span><\/sub><br \/>\n<strong><span dir=\"auto\" style=\"vertical-align: inherit;\"><span dir=\"auto\" style=\"vertical-align: inherit;\">M\u00f3lmassi:<\/span><\/span><\/strong><span dir=\"auto\" style=\"vertical-align: inherit;\"><span dir=\"auto\" style=\"vertical-align: inherit;\"> 249,354 g\/m\u00f3l <\/span><\/span><br \/>\n<strong><span dir=\"auto\" style=\"vertical-align: inherit;\"><span dir=\"auto\" style=\"vertical-align: inherit;\">Hreinleiki:<\/span><\/span><\/strong><span dir=\"auto\" style=\"vertical-align: inherit;\"><span dir=\"auto\" style=\"vertical-align: inherit;\"> \u00a0&gt;97%<\/span><\/span><\/p>","protected":false},"featured_media":28581,"comment_status":"closed","ping_status":"closed","template":"","meta":[],"product_brand":[82],"product_cat":[337,420,336,324],"product_tag":[326,727,725,728,726,729,730],"class_list":{"0":"post-24961","1":"product","2":"type-product","3":"status-publish","4":"has-post-thumbnail","6":"product_brand-research-chemical","7":"product_cat-o-dsmt","8":"product_cat-o-dsmt-pellets","9":"product_cat-overig","10":"product_cat-pellets-for-pellet","11":"product_tag-nl","12":"product_tag-o-dsmt-ervaringen","13":"product_tag-o-dsmt","14":"product_tag-o-dsmt-bestellen","15":"product_tag-o-dsmt-kopen","16":"product_tag-o-dsmt-psychonaut","17":"product_tag-what-is-o-dsmt","19":"first","20":"instock","21":"taxable","22":"shipping-taxable","23":"purchasable","24":"product-type-variable"},"_links":{"self":[{"href":"https:\/\/researchchemicalhub.com\/is\/wp-json\/wp\/v2\/product\/24961","targetHints":{"allow":["GET"]}}],"collection":[{"href":"https:\/\/researchchemicalhub.com\/is\/wp-json\/wp\/v2\/product"}],"about":[{"href":"https:\/\/researchchemicalhub.com\/is\/wp-json\/wp\/v2\/types\/product"}],"replies":[{"embeddable":true,"href":"https:\/\/researchchemicalhub.com\/is\/wp-json\/wp\/v2\/comments?post=24961"}],"version-history":[{"count":7,"href":"https:\/\/researchchemicalhub.com\/is\/wp-json\/wp\/v2\/product\/24961\/revisions"}],"predecessor-version":[{"id":27709,"href":"https:\/\/researchchemicalhub.com\/is\/wp-json\/wp\/v2\/product\/24961\/revisions\/27709"}],"wp:featuredmedia":[{"embeddable":true,"href":"https:\/\/researchchemicalhub.com\/is\/wp-json\/wp\/v2\/media\/28581"}],"wp:attachment":[{"href":"https:\/\/researchchemicalhub.com\/is\/wp-json\/wp\/v2\/media?parent=24961"}],"wp:term":[{"taxonomy":"product_brand","embeddable":true,"href":"https:\/\/researchchemicalhub.com\/is\/wp-json\/wp\/v2\/product_brand?post=24961"},{"taxonomy":"product_cat","embeddable":true,"href":"https:\/\/researchchemicalhub.com\/is\/wp-json\/wp\/v2\/product_cat?post=24961"},{"taxonomy":"product_tag","embeddable":true,"href":"https:\/\/researchchemicalhub.com\/is\/wp-json\/wp\/v2\/product_tag?post=24961"}],"curies":[{"name":"wp","href":"https:\/\/api.w.org\/{rel}","templated":true}]}}