{"id":24917,"date":"2025-10-20T17:43:41","date_gmt":"2025-10-20T17:43:41","guid":{"rendered":"https:\/\/researchchemicalhub.com\/?post_type=product&#038;p=24917"},"modified":"2025-10-28T22:46:03","modified_gmt":"2025-10-28T22:46:03","slug":"25e-nboh-12-mg-blotters","status":"publish","type":"product","link":"https:\/\/researchchemicalhub.com\/is\/shop\/25e-nboh\/25e-nboh-12-mg-blotters\/","title":{"rendered":"25E-NBOH 1,2 MG \u00feynnupennar"},"content":{"rendered":"<h3 data-start=\"4073\" data-end=\"4092\"><strong data-start=\"4077\" data-end=\"4092\"><span dir=\"auto\" style=\"vertical-align: inherit;\"><span dir=\"auto\" style=\"vertical-align: inherit;\">Inngangur<\/span><\/span><\/strong><\/h3>\n<p data-start=\"4093\" data-end=\"4385\"><span dir=\"auto\" style=\"vertical-align: inherit;\"><span dir=\"auto\" style=\"vertical-align: inherit;\">Okkar <\/span><\/span><strong data-start=\"4098\" data-end=\"4127\"><span dir=\"auto\" style=\"vertical-align: inherit;\"><span dir=\"auto\" style=\"vertical-align: inherit;\">1,2 mg ranns\u00f3knar\u00feurrkur<\/span><\/span><\/strong><span dir=\"auto\" style=\"vertical-align: inherit;\"><span dir=\"auto\" style=\"vertical-align: inherit;\"> eru h\u00f6nnu\u00f0 til notkunar \u00ed <\/span><\/span><strong data-start=\"4159\" data-end=\"4212\"><span dir=\"auto\" style=\"vertical-align: inherit;\"><span dir=\"auto\" style=\"vertical-align: inherit;\">ranns\u00f3knarstofu-, greiningar- og r\u00e9ttarranns\u00f3knir<\/span><\/span><\/strong><span dir=\"auto\" style=\"vertical-align: inherit;\"><span dir=\"auto\" style=\"vertical-align: inherit;\"> . <\/span><\/span><br data-start=\"4213\" data-end=\"4216\" \/><span dir=\"auto\" style=\"vertical-align: inherit;\"><span dir=\"auto\" style=\"vertical-align: inherit;\">Hver blettapapp\u00edr er vandlega framleiddur fyrir <\/span><\/span><strong data-start=\"4261\" data-end=\"4285\"><span dir=\"auto\" style=\"vertical-align: inherit;\"><span dir=\"auto\" style=\"vertical-align: inherit;\">n\u00e1kv\u00e6mur skammtur<\/span><\/span><\/strong><span dir=\"auto\" style=\"vertical-align: inherit;\"><span dir=\"auto\" style=\"vertical-align: inherit;\"> , sem tryggir samr\u00e6mdar og endurtakanlegar ni\u00f0urst\u00f6\u00f0ur vi\u00f0 v\u00edsindalegar greiningar. 25. n\u00f3vember<\/span><\/span><\/p>\n<p data-start=\"4387\" data-end=\"4572\"><span dir=\"auto\" style=\"vertical-align: inherit;\"><span dir=\"auto\" style=\"vertical-align: inherit;\">\u00deessir blettapapp\u00edrar eru framleiddir undir <\/span><\/span><strong data-start=\"4426\" data-end=\"4454\"><span dir=\"auto\" style=\"vertical-align: inherit;\"><span dir=\"auto\" style=\"vertical-align: inherit;\">strangar g\u00e6\u00f0asta\u00f0lar<\/span><\/span><\/strong><span dir=\"auto\" style=\"vertical-align: inherit;\"><span dir=\"auto\" style=\"vertical-align: inherit;\"> og veita v\u00edsindam\u00f6nnum <\/span><\/span><strong data-start=\"4478\" data-end=\"4529\"><span dir=\"auto\" style=\"vertical-align: inherit;\"><span dir=\"auto\" style=\"vertical-align: inherit;\">me\u00f0 h\u00e1g\u00e6\u00f0a, st\u00f6\u00f0ugum og \u00e1rei\u00f0anlegum efnum<\/span><\/span><\/strong><span dir=\"auto\" style=\"vertical-align: inherit;\"><span dir=\"auto\" style=\"vertical-align: inherit;\"> til greiningarranns\u00f3kna og kv\u00f6r\u00f0unar.<\/span><\/span><\/p>\n<blockquote data-start=\"4573\" data-end=\"4682\">\n<p data-start=\"4575\" data-end=\"4682\">\u26a0\ufe0f <strong data-start=\"4578\" data-end=\"4682\"><span dir=\"auto\" style=\"vertical-align: inherit;\"><span dir=\"auto\" style=\"vertical-align: inherit;\">Eing\u00f6ngu til notkunar \u00e1 ranns\u00f3knarstofum. Ekki hentugt til neyslu fyrir menn e\u00f0a d\u00fdr.<\/span><\/span><\/strong><\/p>\n<\/blockquote>\n<hr data-start=\"4684\" data-end=\"4687\" \/>\n<h3 data-start=\"4689\" data-end=\"4720\"><strong data-start=\"4693\" data-end=\"4720\"><span dir=\"auto\" style=\"vertical-align: inherit;\"><span dir=\"auto\" style=\"vertical-align: inherit;\">Lykilatri\u00f0i<\/span><\/span><\/strong><\/h3>\n<ul data-start=\"4721\" data-end=\"5223\">\n<li data-start=\"4721\" data-end=\"4791\">\n<p data-start=\"4723\" data-end=\"4791\"><strong data-start=\"4723\" data-end=\"4749\"><span dir=\"auto\" style=\"vertical-align: inherit;\"><span dir=\"auto\" style=\"vertical-align: inherit;\">Mikil hreinleiki (\u226599%)<\/span><\/span><\/strong><span dir=\"auto\" style=\"vertical-align: inherit;\"><span dir=\"auto\" style=\"vertical-align: inherit;\"> \u2013 Pr\u00f3fa\u00f0 og sta\u00f0fest af \u00f3h\u00e1\u00f0um a\u00f0ilum.<\/span><\/span><\/p>\n<\/li>\n<li data-start=\"4792\" data-end=\"4879\">\n<p data-start=\"4794\" data-end=\"4879\"><strong data-start=\"4794\" data-end=\"4839\"><span dir=\"auto\" style=\"vertical-align: inherit;\"><span dir=\"auto\" style=\"vertical-align: inherit;\">N\u00e1kv\u00e6mur skammtur (1,2 mg \u00e1 hvern bletta\u00ferykk)<\/span><\/span><\/strong><span dir=\"auto\" style=\"vertical-align: inherit;\"><span dir=\"auto\" style=\"vertical-align: inherit;\"> \u2013 Fyrir n\u00e1kv\u00e6mar ranns\u00f3knarni\u00f0urst\u00f6\u00f0ur.<\/span><\/span><\/p>\n<\/li>\n<li data-start=\"4880\" data-end=\"4958\">\n<p data-start=\"4882\" data-end=\"4958\"><strong data-start=\"4882\" data-end=\"4908\"><span dir=\"auto\" style=\"vertical-align: inherit;\"><span dir=\"auto\" style=\"vertical-align: inherit;\">St\u00f6\u00f0ug samsetning<\/span><\/span><\/strong><span dir=\"auto\" style=\"vertical-align: inherit;\"><span dir=\"auto\" style=\"vertical-align: inherit;\"> - Heldur heilbrig\u00f0i s\u00ednu vi\u00f0 r\u00e9tta geymslu.<\/span><\/span><\/p>\n<\/li>\n<li data-start=\"4959\" data-end=\"5051\">\n<p data-start=\"4961\" data-end=\"5051\"><strong data-start=\"4961\" data-end=\"4986\"><span dir=\"auto\" style=\"vertical-align: inherit;\"><span dir=\"auto\" style=\"vertical-align: inherit;\">G\u00e6\u00f0i ranns\u00f3knarstofu<\/span><\/span><\/strong><span dir=\"auto\" style=\"vertical-align: inherit;\"><span dir=\"auto\" style=\"vertical-align: inherit;\"> \u2013 Framleitt vi\u00f0 faglegar ranns\u00f3knarstofua\u00f0st\u00e6\u00f0ur.<\/span><\/span><\/p>\n<\/li>\n<li data-start=\"5052\" data-end=\"5131\">\n<p data-start=\"5054\" data-end=\"5131\"><strong data-start=\"5054\" data-end=\"5080\"><span dir=\"auto\" style=\"vertical-align: inherit;\"><span dir=\"auto\" style=\"vertical-align: inherit;\">Lj\u00f3s\u00fe\u00e9ttar umb\u00fa\u00f0ir<\/span><\/span><\/strong><span dir=\"auto\" style=\"vertical-align: inherit;\"><span dir=\"auto\" style=\"vertical-align: inherit;\"> - Verndar gegn ni\u00f0urbroti og mengun.<\/span><\/span><\/p>\n<\/li>\n<li data-start=\"5132\" data-end=\"5223\">\n<p data-start=\"5134\" data-end=\"5223\"><strong data-start=\"5134\" data-end=\"5159\"><span dir=\"auto\" style=\"vertical-align: inherit;\"><span dir=\"auto\" style=\"vertical-align: inherit;\">A\u00f0eins til ranns\u00f3kna<\/span><\/span><\/strong><span dir=\"auto\" style=\"vertical-align: inherit;\"><span dir=\"auto\" style=\"vertical-align: inherit;\"> \u2013 \u00c6tla\u00f0 til greiningar og v\u00edsindalegra nota.<\/span><\/span><\/p>\n<\/li>\n<\/ul>\n<hr data-start=\"5225\" data-end=\"5228\" \/>\n<h3 data-start=\"5230\" data-end=\"5247\"><strong data-start=\"5234\" data-end=\"5247\"><span dir=\"auto\" style=\"vertical-align: inherit;\"><span dir=\"auto\" style=\"vertical-align: inherit;\">Kostir<\/span><\/span><\/strong><\/h3>\n<ul data-start=\"5248\" data-end=\"5694\">\n<li data-start=\"5248\" data-end=\"5336\">\n<p data-start=\"5250\" data-end=\"5336\"><strong data-start=\"5250\" data-end=\"5285\"><span dir=\"auto\" style=\"vertical-align: inherit;\"><span dir=\"auto\" style=\"vertical-align: inherit;\">\u00c1rei\u00f0anleg endurtekningarh\u00e6fni<\/span><\/span><\/strong><span dir=\"auto\" style=\"vertical-align: inherit;\"><span dir=\"auto\" style=\"vertical-align: inherit;\"> \u2013 Samr\u00e6mdar ni\u00f0urst\u00f6\u00f0ur \u00ed endurteknum ranns\u00f3knum.<\/span><\/span><\/p>\n<\/li>\n<li data-start=\"5337\" data-end=\"5430\">\n<p data-start=\"5339\" data-end=\"5430\"><strong data-start=\"5339\" data-end=\"5365\"><span dir=\"auto\" style=\"vertical-align: inherit;\"><span dir=\"auto\" style=\"vertical-align: inherit;\">H\u00e1g\u00e6\u00f0a<\/span><\/span><\/strong><span dir=\"auto\" style=\"vertical-align: inherit;\"><span dir=\"auto\" style=\"vertical-align: inherit;\"> \u2013 Hentar fyrir h\u00e1\u00fer\u00f3a\u00f0a greiningar- og menntunarranns\u00f3knir.<\/span><\/span><\/p>\n<\/li>\n<li data-start=\"5431\" data-end=\"5508\">\n<p data-start=\"5433\" data-end=\"5508\"><strong data-start=\"5433\" data-end=\"5455\"><span dir=\"auto\" style=\"vertical-align: inherit;\"><span dir=\"auto\" style=\"vertical-align: inherit;\">Langur geymslu\u00feol<\/span><\/span><\/strong><span dir=\"auto\" style=\"vertical-align: inherit;\"><span dir=\"auto\" style=\"vertical-align: inherit;\"> \u2013 Vi\u00f0heldur efnafr\u00e6\u00f0ilegum st\u00f6\u00f0ugleika vi\u00f0 r\u00e9tta geymslu.<\/span><\/span><\/p>\n<\/li>\n<li data-start=\"5509\" data-end=\"5600\">\n<p data-start=\"5511\" data-end=\"5600\"><strong data-start=\"5511\" data-end=\"5535\"><span dir=\"auto\" style=\"vertical-align: inherit;\"><span dir=\"auto\" style=\"vertical-align: inherit;\">Si\u00f0fer\u00f0ilega framleitt<\/span><\/span><\/strong><span dir=\"auto\" style=\"vertical-align: inherit;\"><span dir=\"auto\" style=\"vertical-align: inherit;\"> \u2013 \u00cd samr\u00e6mi vi\u00f0 al\u00fej\u00f3\u00f0legar ranns\u00f3knarlei\u00f0beiningar.<\/span><\/span><\/p>\n<\/li>\n<li data-start=\"5601\" data-end=\"5694\">\n<p data-start=\"5603\" data-end=\"5694\"><strong data-start=\"5603\" data-end=\"5634\"><span dir=\"auto\" style=\"vertical-align: inherit;\"><span dir=\"auto\" style=\"vertical-align: inherit;\">\u00cdtarlegt g\u00e6\u00f0aeftirlit<\/span><\/span><\/strong><span dir=\"auto\" style=\"vertical-align: inherit;\"><span dir=\"auto\" style=\"vertical-align: inherit;\"> \u2013 Hver lota er pr\u00f3fu\u00f0 me\u00f0 tilliti til hreinleika og samsetningar.<\/span><\/span><\/p>\n<\/li>\n<\/ul>\n<hr data-start=\"5696\" data-end=\"5699\" \/>\n<h3 data-start=\"5701\" data-end=\"5716\"><strong data-start=\"5705\" data-end=\"5716\"><span dir=\"auto\" style=\"vertical-align: inherit;\"><span dir=\"auto\" style=\"vertical-align: inherit;\">Notkun<\/span><\/span><\/strong><\/h3>\n<ol data-start=\"5717\" data-end=\"6090\">\n<li data-start=\"5717\" data-end=\"5814\">\n<p data-start=\"5720\" data-end=\"5814\"><strong data-start=\"5720\" data-end=\"5755\"><span dir=\"auto\" style=\"vertical-align: inherit;\"><span dir=\"auto\" style=\"vertical-align: inherit;\">A\u00f0eins til notkunar \u00e1 ranns\u00f3knarstofu<\/span><\/span><\/strong><span dir=\"auto\" style=\"vertical-align: inherit;\"><span dir=\"auto\" style=\"vertical-align: inherit;\"> \u2013 Noti\u00f0 a\u00f0eins \u00ed vi\u00f0urkenndum ranns\u00f3knarstofnunum.<\/span><\/span><\/p>\n<\/li>\n<li data-start=\"5815\" data-end=\"5862\">\n<p data-start=\"5818\" data-end=\"5862\"><strong data-start=\"5818\" data-end=\"5828\"><span dir=\"auto\" style=\"vertical-align: inherit;\"><span dir=\"auto\" style=\"vertical-align: inherit;\">Geymsla<\/span><\/span><\/strong><span dir=\"auto\" style=\"vertical-align: inherit;\"><span dir=\"auto\" style=\"vertical-align: inherit;\"> \u2013 Geymi\u00f0 \u00e1 k\u00f6ldum, \u00feurrum og dimmum sta\u00f0.<\/span><\/span><\/p>\n<\/li>\n<li data-start=\"5863\" data-end=\"5934\">\n<p data-start=\"5866\" data-end=\"5934\"><strong data-start=\"5866\" data-end=\"5883\"><span dir=\"auto\" style=\"vertical-align: inherit;\"><span dir=\"auto\" style=\"vertical-align: inherit;\">Vinni\u00f0 \u00f6rugglega<\/span><\/span><\/strong><span dir=\"auto\" style=\"vertical-align: inherit;\"><span dir=\"auto\" style=\"vertical-align: inherit;\"> \u2013 Noti\u00f0 hanska og hl\u00edf\u00f0arb\u00fana\u00f0.<\/span><\/span><\/p>\n<\/li>\n<li data-start=\"5935\" data-end=\"6000\">\n<p data-start=\"5938\" data-end=\"6000\"><strong data-start=\"5938\" data-end=\"5950\"><span dir=\"auto\" style=\"vertical-align: inherit;\"><span dir=\"auto\" style=\"vertical-align: inherit;\">M\u00e6lingar<\/span><\/span><\/strong><span dir=\"auto\" style=\"vertical-align: inherit;\"><span dir=\"auto\" style=\"vertical-align: inherit;\"> \u2013 Noti\u00f0 kvar\u00f0a\u00f0an ranns\u00f3knarstofub\u00fana\u00f0.<\/span><\/span><\/p>\n<\/li>\n<li data-start=\"6001\" data-end=\"6090\">\n<p data-start=\"6004\" data-end=\"6090\"><strong data-start=\"6004\" data-end=\"6031\"><span dir=\"auto\" style=\"vertical-align: inherit;\"><span dir=\"auto\" style=\"vertical-align: inherit;\">\u00d6ryggisvi\u00f0v\u00f6run<\/span><\/span><\/strong><span dir=\"auto\" style=\"vertical-align: inherit;\"><span dir=\"auto\" style=\"vertical-align: inherit;\"> \u2013 Ekki til manneldis e\u00f0a d\u00fdraneyslu.<\/span><\/span><\/p>\n<\/li>\n<\/ol>\n<hr data-start=\"6092\" data-end=\"6095\" \/>\n<h3 data-start=\"6097\" data-end=\"6124\"><strong data-start=\"6101\" data-end=\"6124\"><span dir=\"auto\" style=\"vertical-align: inherit;\"><span dir=\"auto\" style=\"vertical-align: inherit;\">Algengar spurningar<\/span><\/span><\/strong><\/h3>\n<p data-start=\"6126\" data-end=\"6301\"><strong data-start=\"6126\" data-end=\"6184\"><span dir=\"auto\" style=\"vertical-align: inherit;\"><span dir=\"auto\" style=\"vertical-align: inherit;\">1. Til hvers eru 1,2 mg ranns\u00f3knar\u00feurrkur nota\u00f0ir?<\/span><\/span><\/strong><br data-start=\"6184\" data-end=\"6187\" \/><span dir=\"auto\" style=\"vertical-align: inherit;\"><span dir=\"auto\" style=\"vertical-align: inherit;\"> \u00deau eru \u00e6tlu\u00f0 fyrir <\/span><\/span><strong data-start=\"6208\" data-end=\"6252\"><span dir=\"auto\" style=\"vertical-align: inherit;\"><span dir=\"auto\" style=\"vertical-align: inherit;\">v\u00edsindalegar og greiningarranns\u00f3knir<\/span><\/span><\/strong><span dir=\"auto\" style=\"vertical-align: inherit;\"><span dir=\"auto\" style=\"vertical-align: inherit;\"> , \u00fear \u00e1 me\u00f0al kv\u00f6r\u00f0un og st\u00fdr\u00f0 pr\u00f3fun.<\/span><\/span><\/p>\n<p data-start=\"6303\" data-end=\"6468\"><strong data-start=\"6303\" data-end=\"6373\"><span dir=\"auto\" style=\"vertical-align: inherit;\"><span dir=\"auto\" style=\"vertical-align: inherit;\">2. Er h\u00e6gt a\u00f0 nota \u00feessa blettapenna til einkanota?<\/span><\/span><\/strong><br data-start=\"6373\" data-end=\"6376\" \/><span dir=\"auto\" style=\"vertical-align: inherit;\"><span dir=\"auto\" style=\"vertical-align: inherit;\"> Nei. \u00deessar v\u00f6rur eru <\/span><\/span><strong data-start=\"6401\" data-end=\"6465\"><span dir=\"auto\" style=\"vertical-align: inherit;\"><span dir=\"auto\" style=\"vertical-align: inherit;\">eing\u00f6ngu \u00e6tla\u00f0 til faglegrar ranns\u00f3knarstofupr\u00f3funar<\/span><\/span><\/strong><span dir=\"auto\" style=\"vertical-align: inherit;\"><span dir=\"auto\" style=\"vertical-align: inherit;\"> .<\/span><\/span><\/p>\n<p data-start=\"6470\" data-end=\"6608\"><strong data-start=\"6470\" data-end=\"6515\"><span dir=\"auto\" style=\"vertical-align: inherit;\"><span dir=\"auto\" style=\"vertical-align: inherit;\">3. Hvernig \u00e1 a\u00f0 geyma blettapennana?<\/span><\/span><\/strong><br data-start=\"6515\" data-end=\"6518\" \/><span dir=\"auto\" style=\"vertical-align: inherit;\"><span dir=\"auto\" style=\"vertical-align: inherit;\"> Geymi\u00f0 \u00feau \u00ed <\/span><\/span><strong data-start=\"6535\" data-end=\"6571\"><span dir=\"auto\" style=\"vertical-align: inherit;\"><span dir=\"auto\" style=\"vertical-align: inherit;\">kaldur, \u00feurr, dimmur sta\u00f0ur<\/span><\/span><\/strong><span dir=\"auto\" style=\"vertical-align: inherit;\"><span dir=\"auto\" style=\"vertical-align: inherit;\"> \u00ed <\/span><\/span><strong data-start=\"6579\" data-end=\"6605\"><span dir=\"auto\" style=\"vertical-align: inherit;\"><span dir=\"auto\" style=\"vertical-align: inherit;\">lj\u00f3s\u00feolinn \u00edl\u00e1t<\/span><\/span><\/strong><span dir=\"auto\" style=\"vertical-align: inherit;\"><span dir=\"auto\" style=\"vertical-align: inherit;\"> . <\/span><\/span><a href=\"https:\/\/researchchemicalhub.com\/is\/shop\/okategoriserad\/4mmc-kopen\/\"><span dir=\"auto\" style=\"vertical-align: inherit;\"><span dir=\"auto\" style=\"vertical-align: inherit;\">Kauptu 4mmc, keyptu <\/span><\/span><\/a><a href=\"https:\/\/researchchemicalhub.com\/is\/shop\/okategoriserad\/benzocaine-powder\/\"><span dir=\"auto\" style=\"vertical-align: inherit;\"><span dir=\"auto\" style=\"vertical-align: inherit;\">bens\u00f3kain duft, <\/span><\/span><\/a><a href=\"https:\/\/researchchemicalhub.com\/is\/shop\/okategoriserad\/fentanyl-kopen\/\"><span dir=\"auto\" style=\"vertical-align: inherit;\"><span dir=\"auto\" style=\"vertical-align: inherit;\">kaupa fentan\u00fdl.<\/span><\/span><\/a><\/p>\n<hr data-start=\"6610\" data-end=\"6613\" \/>\n<h3 data-start=\"6615\" data-end=\"6633\"><strong data-start=\"6619\" data-end=\"6633\"><span dir=\"auto\" style=\"vertical-align: inherit;\"><span dir=\"auto\" style=\"vertical-align: inherit;\">Fyrirvari<\/span><\/span><\/strong><\/h3>\n<p data-start=\"6634\" data-end=\"6858\"><span dir=\"auto\" style=\"vertical-align: inherit;\"><span dir=\"auto\" style=\"vertical-align: inherit;\">\u00deessi vara er <\/span><\/span><strong data-start=\"6649\" data-end=\"6698\"><span dir=\"auto\" style=\"vertical-align: inherit;\"><span dir=\"auto\" style=\"vertical-align: inherit;\">eing\u00f6ngu \u00ed ranns\u00f3knarskyni<\/span><\/span><\/strong><span dir=\"auto\" style=\"vertical-align: inherit;\"><span dir=\"auto\" style=\"vertical-align: inherit;\"> . <\/span><\/span><strong data-start=\"6700\" data-end=\"6758\"><span dir=\"auto\" style=\"vertical-align: inherit;\"><span dir=\"auto\" style=\"vertical-align: inherit;\">Ekki hentugt til neyslu manna e\u00f0a d\u00fdra.<\/span><\/span><\/strong><br data-start=\"6758\" data-end=\"6761\" \/><span dir=\"auto\" style=\"vertical-align: inherit;\"><span dir=\"auto\" style=\"vertical-align: inherit;\"> Me\u00f0 \u00fev\u00ed a\u00f0 kaupa \u00feessa v\u00f6ru sam\u00feykkir \u00fe\u00fa a\u00f0 fylgja \u00f6llum gildandi l\u00f6gum og \u00f6ryggisreglum. 25. n\u00f3vember<\/span><\/span><\/p>\n<p><a href=\"https:\/\/researchchemicalhub.com\/is\/shop\/lysergamides\/1v-lsd-150-mcg-blotters\/\"><span dir=\"auto\" style=\"vertical-align: inherit;\"><span dir=\"auto\" style=\"vertical-align: inherit;\"><span dir=\"auto\" style=\"vertical-align: inherit;\"><span dir=\"auto\" style=\"vertical-align: inherit;\">1V-LSD 150 MCG \u00feynnur <\/span><\/span><\/span><\/span><\/a><a href=\"https:\/\/researchchemicalhub.com\/is\/shop\/pellets\/o-dsmt-50mg-pellets\/\"><span dir=\"auto\" style=\"vertical-align: inherit;\"><span dir=\"auto\" style=\"vertical-align: inherit;\"><span dir=\"auto\" style=\"vertical-align: inherit;\"><span dir=\"auto\" style=\"vertical-align: inherit;\">O-DSMT 50 mg k\u00falur <\/span><\/span><\/span><\/span><\/a><a href=\"https:\/\/researchchemicalhub.com\/is\/shop\/lysergamides\/1cp-lsd\/\"><span dir=\"auto\" style=\"vertical-align: inherit;\"><span dir=\"auto\" style=\"vertical-align: inherit;\"><span dir=\"auto\" style=\"vertical-align: inherit;\"><span dir=\"auto\" style=\"vertical-align: inherit;\">1cP-LSD 150 MCG listabletti <\/span><\/span><\/span><\/span><\/a><a href=\"https:\/\/researchchemicalhub.com\/is\/shop\/iboga-ibogaine\/iboga-root-bark\/\"><span dir=\"auto\" style=\"vertical-align: inherit;\"><span dir=\"auto\" style=\"vertical-align: inherit;\"><span dir=\"auto\" style=\"vertical-align: inherit;\"><span dir=\"auto\" style=\"vertical-align: inherit;\">Iboga r\u00f3tarb\u00f6rkur <\/span><\/span><\/span><\/span><\/a><a href=\"https:\/\/researchchemicalhub.com\/is\/shop\/iboga-ibogaine\/buy-ibogaine-hcl-online\/\"><span dir=\"auto\" style=\"vertical-align: inherit;\"><span dir=\"auto\" style=\"vertical-align: inherit;\"><span dir=\"auto\" style=\"vertical-align: inherit;\"><span dir=\"auto\" style=\"vertical-align: inherit;\">Kaupa \u00edb\u00f3gain HCL<\/span><\/span><\/span><\/span><\/a><\/p>","protected":false},"excerpt":{"rendered":"<p>Inngangur Ranns\u00f3knar\u00feynnurnar okkar, sem eru 1,2 mg, eru hanna\u00f0ar til notkunar \u00ed ranns\u00f3knarstofum, greiningum og r\u00e9ttarl\u00e6knisfr\u00e6\u00f0ilegum ranns\u00f3knum. Hver \u00feynnur er<\/p>","protected":false},"featured_media":28472,"comment_status":"closed","ping_status":"closed","template":"","meta":[],"product_brand":[82],"product_cat":[357,80],"product_tag":[201,203,202,326],"class_list":{"0":"post-24917","1":"product","2":"type-product","3":"status-publish","4":"has-post-thumbnail","6":"product_brand-research-chemical","7":"product_cat-25e-nboh","8":"product_cat-fenethylamine","9":"product_tag-25e-nboh","10":"product_tag-25e-nboh-kopen","11":"product_tag-25e-nboh-reddit","12":"product_tag-nl","14":"first","15":"instock","16":"taxable","17":"shipping-taxable","18":"purchasable","19":"product-type-variable"},"_links":{"self":[{"href":"https:\/\/researchchemicalhub.com\/is\/wp-json\/wp\/v2\/product\/24917","targetHints":{"allow":["GET"]}}],"collection":[{"href":"https:\/\/researchchemicalhub.com\/is\/wp-json\/wp\/v2\/product"}],"about":[{"href":"https:\/\/researchchemicalhub.com\/is\/wp-json\/wp\/v2\/types\/product"}],"replies":[{"embeddable":true,"href":"https:\/\/researchchemicalhub.com\/is\/wp-json\/wp\/v2\/comments?post=24917"}],"version-history":[{"count":7,"href":"https:\/\/researchchemicalhub.com\/is\/wp-json\/wp\/v2\/product\/24917\/revisions"}],"predecessor-version":[{"id":28635,"href":"https:\/\/researchchemicalhub.com\/is\/wp-json\/wp\/v2\/product\/24917\/revisions\/28635"}],"wp:featuredmedia":[{"embeddable":true,"href":"https:\/\/researchchemicalhub.com\/is\/wp-json\/wp\/v2\/media\/28472"}],"wp:attachment":[{"href":"https:\/\/researchchemicalhub.com\/is\/wp-json\/wp\/v2\/media?parent=24917"}],"wp:term":[{"taxonomy":"product_brand","embeddable":true,"href":"https:\/\/researchchemicalhub.com\/is\/wp-json\/wp\/v2\/product_brand?post=24917"},{"taxonomy":"product_cat","embeddable":true,"href":"https:\/\/researchchemicalhub.com\/is\/wp-json\/wp\/v2\/product_cat?post=24917"},{"taxonomy":"product_tag","embeddable":true,"href":"https:\/\/researchchemicalhub.com\/is\/wp-json\/wp\/v2\/product_tag?post=24917"}],"curies":[{"name":"wp","href":"https:\/\/api.w.org\/{rel}","templated":true}]}}