{"id":24854,"date":"2025-10-20T17:43:28","date_gmt":"2025-10-20T17:43:28","guid":{"rendered":"https:\/\/researchchemicalhub.com\/?post_type=product&#038;p=24854"},"modified":"2025-10-30T13:44:55","modified_gmt":"2025-10-30T13:44:55","slug":"deschloroketamine","status":"publish","type":"product","link":"https:\/\/researchchemicalhub.com\/is\/shop\/arylcyclohexylamine\/deschloroketamine\/","title":{"rendered":"DCK 20 mg k\u00falur"},"content":{"rendered":"<h3 data-start=\"4311\" data-end=\"4330\"><strong data-start=\"4315\" data-end=\"4330\">Inngangur<\/strong><\/h3>\n<p data-start=\"4331\" data-end=\"4627\">Okkar <strong data-start=\"4336\" data-end=\"4363\">20 mg ranns\u00f3knark\u00falur<\/strong> hafa veri\u00f0 vandlega \u00fer\u00f3u\u00f0 fyrir <strong data-start=\"4396\" data-end=\"4452\">greiningar-, r\u00e9ttarmeinafr\u00e6\u00f0ilegar og v\u00edsindalegar ranns\u00f3knir<\/strong>.<br data-start=\"4453\" data-end=\"4456\" \/>Hvert pilla er framleitt undir <strong data-start=\"4492\" data-end=\"4522\">strangt g\u00e6\u00f0aeftirlit<\/strong> til <strong data-start=\"4526\" data-end=\"4577\">hreinleiki, samr\u00e6mi og endurtekningarh\u00e6fni<\/strong> a\u00f0 tryggja innan faglegra ranns\u00f3knarstofa. deskl\u00f3roketam\u00edn<\/p>\n<p data-start=\"4629\" data-end=\"4816\">\u00deessir k\u00falur eru tilvaldir fyrir <strong data-start=\"4659\" data-end=\"4730\">megindlegar pr\u00f3fanir, kv\u00f6r\u00f0unarranns\u00f3knir og samanbur\u00f0argreiningar<\/strong>.<br data-start=\"4731\" data-end=\"4734\" \/>Hver lota er vandlega pr\u00f3fu\u00f0 fyrir <strong data-start=\"4769\" data-end=\"4813\">\u00e1rei\u00f0anleiki og efnafr\u00e6\u00f0ilegur st\u00f6\u00f0ugleiki<\/strong>.<\/p>\n<blockquote data-start=\"4817\" data-end=\"4926\">\n<p data-start=\"4819\" data-end=\"4926\">\u26a0\ufe0f <strong data-start=\"4822\" data-end=\"4926\">Eing\u00f6ngu til notkunar \u00e1 ranns\u00f3knarstofum. Ekki hentugt til neyslu fyrir menn e\u00f0a d\u00fdr.<\/strong><\/p>\n<\/blockquote>\n<hr data-start=\"4928\" data-end=\"4931\" \/>\n<h3 data-start=\"4933\" data-end=\"4964\"><strong data-start=\"4937\" data-end=\"4964\">Lykilatri\u00f0i<\/strong><\/h3>\n<ul data-start=\"4965\" data-end=\"5429\">\n<li data-start=\"4965\" data-end=\"5035\">\n<p data-start=\"4967\" data-end=\"5035\"><strong data-start=\"4967\" data-end=\"4993\">Mikil hreinleiki (\u226599%)<\/strong> \u2013 Pr\u00f3fa\u00f0 og sta\u00f0fest af \u00f3h\u00e1\u00f0um a\u00f0ilum. deskl\u00f3roketam\u00edn<\/p>\n<\/li>\n<li data-start=\"5036\" data-end=\"5118\">\n<p data-start=\"5038\" data-end=\"5118\"><strong data-start=\"5038\" data-end=\"5069\">N\u00e1kv\u00e6mur skammtur af 20 mg<\/strong> \u2013 Tryggir samr\u00e6mdar ranns\u00f3knarni\u00f0urst\u00f6\u00f0ur.<\/p>\n<\/li>\n<li data-start=\"5119\" data-end=\"5191\">\n<p data-start=\"5121\" data-end=\"5191\"><strong data-start=\"5121\" data-end=\"5147\">St\u00f6\u00f0ug samsetning<\/strong> \u2013 Hanna\u00f0 til a\u00f0 endast lengi.<\/p>\n<\/li>\n<li data-start=\"5192\" data-end=\"5277\">\n<p data-start=\"5194\" data-end=\"5277\"><strong data-start=\"5194\" data-end=\"5219\">G\u00e6\u00f0i ranns\u00f3knarstofu<\/strong> \u2013 Framleitt samkv\u00e6mt al\u00fej\u00f3\u00f0legum g\u00e6\u00f0ast\u00f6\u00f0lum.<\/p>\n<\/li>\n<li data-start=\"5278\" data-end=\"5352\">\n<p data-start=\"5280\" data-end=\"5352\"><strong data-start=\"5280\" data-end=\"5302\">\u00d6ruggar umb\u00fa\u00f0ir<\/strong> \u2013 Verndar gegn raka, lj\u00f3si og mengun.<\/p>\n<\/li>\n<li data-start=\"5353\" data-end=\"5429\">\n<p data-start=\"5355\" data-end=\"5429\"><strong data-start=\"5355\" data-end=\"5380\">A\u00f0eins til ranns\u00f3kna<\/strong> \u2013 Eing\u00f6ngu til greiningarnota.<\/p>\n<\/li>\n<\/ul>\n<hr data-start=\"5431\" data-end=\"5434\" \/>\n<h3 data-start=\"5436\" data-end=\"5453\"><strong data-start=\"5440\" data-end=\"5453\">Kostir<\/strong><\/h3>\n<ul data-start=\"5454\" data-end=\"5946\">\n<li data-start=\"5454\" data-end=\"5538\">\n<p data-start=\"5456\" data-end=\"5538\"><strong data-start=\"5456\" data-end=\"5492\">\u00c1rei\u00f0anlegar ranns\u00f3knarni\u00f0urst\u00f6\u00f0ur<\/strong> \u2013 Fyrir n\u00e1kv\u00e6mar og endurtakanlegar uppl\u00fdsingar.<\/p>\n<\/li>\n<li data-start=\"5539\" data-end=\"5615\">\n<p data-start=\"5541\" data-end=\"5615\"><strong data-start=\"5541\" data-end=\"5566\">St\u00f6\u00f0ug g\u00e6\u00f0i<\/strong> \u2013 Minnkar breytileika \u00ed ranns\u00f3knarni\u00f0urst\u00f6\u00f0um.<\/p>\n<\/li>\n<li data-start=\"5616\" data-end=\"5731\">\n<p data-start=\"5618\" data-end=\"5731\"><strong data-start=\"5618\" data-end=\"5668\">Bjarts\u00fdni fyrir v\u00edsindalega greiningu<\/strong> \u2013 Hentar fyrir kv\u00f6r\u00f0un og litr\u00f3fsm\u00e6lingar.<\/p>\n<\/li>\n<li data-start=\"5732\" data-end=\"5839\">\n<p data-start=\"5734\" data-end=\"5839\"><strong data-start=\"5734\" data-end=\"5771\">Si\u00f0fer\u00f0ilega og l\u00f6glega framleitt<\/strong> \u2013 \u00cd samr\u00e6mi vi\u00f0 ranns\u00f3knar- og \u00f6ryggisreglur.<\/p>\n<\/li>\n<li data-start=\"5840\" data-end=\"5946\">\n<p data-start=\"5842\" data-end=\"5946\"><strong data-start=\"5842\" data-end=\"5869\">V\u00edsindalega pr\u00f3fa\u00f0<\/strong> \u2013 Hver lota er pr\u00f3fu\u00f0 me\u00f0 tilliti til au\u00f0kennis, hreinleika og st\u00f6\u00f0ugleika.<\/p>\n<\/li>\n<\/ul>\n<hr data-start=\"5948\" data-end=\"5951\" \/>\n<h3 data-start=\"5953\" data-end=\"5968\"><strong data-start=\"5957\" data-end=\"5968\">Notkun<\/strong><\/h3>\n<ol data-start=\"5969\" data-end=\"6411\">\n<li data-start=\"5969\" data-end=\"6070\">\n<p data-start=\"5972\" data-end=\"6070\"><strong data-start=\"5972\" data-end=\"6007\">A\u00f0eins til notkunar \u00e1 ranns\u00f3knarstofu<\/strong> \u2013 Notist a\u00f0eins innan vi\u00f0urkenndra ranns\u00f3knarstofnana.<\/p>\n<\/li>\n<li data-start=\"6071\" data-end=\"6152\">\n<p data-start=\"6074\" data-end=\"6152\"><strong data-start=\"6074\" data-end=\"6084\">Geymsla<\/strong> Geymi\u00f0 \u00e1 k\u00f6ldum, \u00feurrum og dimmum sta\u00f0. Haldi\u00f0 umb\u00fa\u00f0unum vel loku\u00f0um.<\/p>\n<\/li>\n<li data-start=\"6153\" data-end=\"6241\">\n<p data-start=\"6156\" data-end=\"6241\"><strong data-start=\"6156\" data-end=\"6173\">\u00d6rugg vinna<\/strong> \u2013 Noti\u00f0 hanska, ranns\u00f3knarstofuslopp og hl\u00edf\u00f0arb\u00fana\u00f0.<\/p>\n<\/li>\n<li data-start=\"6242\" data-end=\"6321\">\n<p data-start=\"6245\" data-end=\"6321\"><strong data-start=\"6245\" data-end=\"6257\">M\u00e6lingar<\/strong> \u2013 Noti\u00f0 kvar\u00f0a\u00f0an b\u00fana\u00f0 til a\u00f0 tryggja n\u00e1kv\u00e6mni greininga.<\/p>\n<\/li>\n<li data-start=\"6322\" data-end=\"6411\">\n<p data-start=\"6325\" data-end=\"6411\"><strong data-start=\"6325\" data-end=\"6352\">\u00d6ryggisvi\u00f0v\u00f6run<\/strong> \u2013 Ekki hentugt til neyslu fyrir menn e\u00f0a d\u00fdr.<\/p>\n<\/li>\n<\/ol>\n<hr data-start=\"6413\" data-end=\"6416\" \/>\n<h3 data-start=\"6418\" data-end=\"6445\"><strong data-start=\"6422\" data-end=\"6445\">Algengar spurningar<\/strong><\/h3>\n<p data-start=\"6447\" data-end=\"6632\"><strong data-start=\"6447\" data-end=\"6503\">1. Til hvers eru 20 mg ranns\u00f3knark\u00falur nota\u00f0ar?<\/strong><br data-start=\"6503\" data-end=\"6506\" \/>\u00deau eru notu\u00f0 til <strong data-start=\"6530\" data-end=\"6574\">v\u00edsindalegar og greiningarranns\u00f3knir<\/strong>, svo sem kv\u00f6r\u00f0un og st\u00fdr\u00f0ar ranns\u00f3knarstofupr\u00f3fanir.<\/p>\n<p data-start=\"6634\" data-end=\"6796\"><strong data-start=\"6634\" data-end=\"6701\">2. Er h\u00e6gt a\u00f0 nota \u00feessar k\u00falur utan ranns\u00f3knarstofu?<\/strong><br data-start=\"6701\" data-end=\"6704\" \/>Nei. \u00deessar v\u00f6rur eru <strong data-start=\"6729\" data-end=\"6793\">eing\u00f6ngu \u00e6tla\u00f0 til faglegra ranns\u00f3kna \u00e1 ranns\u00f3knarstofum<\/strong>.<\/p>\n<p data-start=\"6798\" data-end=\"6945\"><strong data-start=\"6798\" data-end=\"6842\">3. Hvernig \u00e1 a\u00f0 geyma k\u00f6gglana?<\/strong><br data-start=\"6842\" data-end=\"6845\" \/>Halda \u00feeim \u00ed s\u00ednum <strong data-start=\"6862\" data-end=\"6899\">upprunalegar, loft\u00fe\u00e9ttar umb\u00fa\u00f0ir<\/strong>, \u00e1 <strong data-start=\"6908\" data-end=\"6942\">kaldur, \u00feurr og dimmur sta\u00f0ur<\/strong>.<\/p>\n<hr data-start=\"6947\" data-end=\"6950\" \/>\n<h3 data-start=\"6952\" data-end=\"6970\"><strong data-start=\"6956\" data-end=\"6970\">Fyrirvari<\/strong><\/h3>\n<p data-start=\"6971\" data-end=\"7188\">\u00deessi vara er <strong data-start=\"6986\" data-end=\"7035\">eing\u00f6ngu \u00e6tla\u00f0 til ranns\u00f3knar<\/strong>. <strong data-start=\"7037\" data-end=\"7095\">Ekki hentugt til neyslu manna e\u00f0a d\u00fdra.<\/strong><br data-start=\"7095\" data-end=\"7098\" \/>Me\u00f0 kaupum l\u00fdsir \u00fe\u00fa \u00fev\u00ed yfir a\u00f0 \u00fe\u00fa fylgir gildandi l\u00f6gum og \u00f6ryggisreglum.<\/p>\n<p data-start=\"6971\" data-end=\"7188\"><a href=\"https:\/\/researchchemicalhub.com\/is\/shop\/okategoriserad\/4mmc-kopen\/\">kaupa 4mmc<\/a><a href=\"https:\/\/researchchemicalhub.com\/is\/shop\/okategoriserad\/benzocaine-powder\/\">bens\u00f3kain duft<\/a><a href=\"https:\/\/researchchemicalhub.com\/is\/shop\/okategoriserad\/fentanyl-kopen\/\">kaupa fentan\u00fdl<\/a><\/p>","protected":false},"excerpt":{"rendered":"<h3><span dir=\"auto\" style=\"vertical-align: inherit;\"><span dir=\"auto\" style=\"vertical-align: inherit;\">DCK eiginleikar<\/span><\/span><\/h3>\n<p><strong><span dir=\"auto\" style=\"vertical-align: inherit;\"><span dir=\"auto\" style=\"vertical-align: inherit;\">Samheiti:<\/span><\/span><\/strong><span dir=\"auto\" style=\"vertical-align: inherit;\"><span dir=\"auto\" style=\"vertical-align: inherit;\"> \u00a02\u2032-ox\u00f3-PCM, deskl\u00f3roketam\u00edn <\/span><\/span><br \/>\n<strong><span dir=\"auto\" style=\"vertical-align: inherit;\"><span dir=\"auto\" style=\"vertical-align: inherit;\">CAS-n\u00famer:<\/span><\/span><\/strong><span dir=\"auto\" style=\"vertical-align: inherit;\"><span dir=\"auto\" style=\"vertical-align: inherit;\"> \u00a04631-27-0 <\/span><\/span><br \/>\n<strong><span dir=\"auto\" style=\"vertical-align: inherit;\"><span dir=\"auto\" style=\"vertical-align: inherit;\">Form\u00fala:<\/span><\/span><\/strong><span dir=\"auto\" style=\"vertical-align: inherit;\"><span dir=\"auto\" style=\"vertical-align: inherit;\"> \u00a02-(met\u00fdlam\u00edn\u00f3)-2-fen\u00fdl-s\u00fdkl\u00f3hexan\u00f3n <\/span><\/span><br \/>\n<strong><span dir=\"auto\" style=\"vertical-align: inherit;\"><span dir=\"auto\" style=\"vertical-align: inherit;\">M\u00f3lmassi:<\/span><\/span><\/strong><span dir=\"auto\" style=\"vertical-align: inherit;\"><span dir=\"auto\" style=\"vertical-align: inherit;\"> \u00a0239,7 g\/m\u00f3l <\/span><\/span><br \/>\n<strong><span dir=\"auto\" style=\"vertical-align: inherit;\"><span dir=\"auto\" style=\"vertical-align: inherit;\">Hreinleiki:<\/span><\/span><\/strong><span dir=\"auto\" style=\"vertical-align: inherit;\"><span dir=\"auto\" style=\"vertical-align: inherit;\"> \u00a0&gt;97%<\/span><\/span><\/p>","protected":false},"featured_media":28822,"comment_status":"closed","ping_status":"closed","template":"","meta":[],"product_brand":[82],"product_cat":[71,427,428,324],"product_tag":[272,302,303,326],"class_list":{"0":"post-24854","1":"product","2":"type-product","3":"status-publish","4":"has-post-thumbnail","6":"product_brand-research-chemical","7":"product_cat-arylcyclohexylamine","8":"product_cat-dck","9":"product_cat-dck-pellets","10":"product_cat-pellets-for-pellet","11":"product_tag-2f-dck-kopen","12":"product_tag-dck","13":"product_tag-deschloroketamine","14":"product_tag-nl","16":"first","17":"instock","18":"taxable","19":"shipping-taxable","20":"purchasable","21":"product-type-variable"},"_links":{"self":[{"href":"https:\/\/researchchemicalhub.com\/is\/wp-json\/wp\/v2\/product\/24854","targetHints":{"allow":["GET"]}}],"collection":[{"href":"https:\/\/researchchemicalhub.com\/is\/wp-json\/wp\/v2\/product"}],"about":[{"href":"https:\/\/researchchemicalhub.com\/is\/wp-json\/wp\/v2\/types\/product"}],"replies":[{"embeddable":true,"href":"https:\/\/researchchemicalhub.com\/is\/wp-json\/wp\/v2\/comments?post=24854"}],"version-history":[{"count":5,"href":"https:\/\/researchchemicalhub.com\/is\/wp-json\/wp\/v2\/product\/24854\/revisions"}],"predecessor-version":[{"id":28823,"href":"https:\/\/researchchemicalhub.com\/is\/wp-json\/wp\/v2\/product\/24854\/revisions\/28823"}],"wp:featuredmedia":[{"embeddable":true,"href":"https:\/\/researchchemicalhub.com\/is\/wp-json\/wp\/v2\/media\/28822"}],"wp:attachment":[{"href":"https:\/\/researchchemicalhub.com\/is\/wp-json\/wp\/v2\/media?parent=24854"}],"wp:term":[{"taxonomy":"product_brand","embeddable":true,"href":"https:\/\/researchchemicalhub.com\/is\/wp-json\/wp\/v2\/product_brand?post=24854"},{"taxonomy":"product_cat","embeddable":true,"href":"https:\/\/researchchemicalhub.com\/is\/wp-json\/wp\/v2\/product_cat?post=24854"},{"taxonomy":"product_tag","embeddable":true,"href":"https:\/\/researchchemicalhub.com\/is\/wp-json\/wp\/v2\/product_tag?post=24854"}],"curies":[{"name":"wp","href":"https:\/\/api.w.org\/{rel}","templated":true}]}}