{"id":24664,"date":"2025-10-20T17:42:28","date_gmt":"2025-10-20T17:42:28","guid":{"rendered":"https:\/\/researchchemicalhub.com\/?post_type=product&#038;p=24664"},"modified":"2025-10-29T07:54:54","modified_gmt":"2025-10-29T07:54:54","slug":"hhc-aetisvorur-10-mg-graenar","status":"publish","type":"product","link":"https:\/\/researchchemicalhub.com\/is\/bud\/aetisvorur\/hhc-aetisvorur-10-mg-graenar\/","title":{"rendered":"Gummybears 10 mg HHC (gr\u00e6nt)"},"content":{"rendered":"<h3 data-start=\"4670\" data-end=\"4687\"><span dir=\"auto\" style=\"vertical-align: inherit;\"><span dir=\"auto\" style=\"vertical-align: inherit;\">Inngangur<\/span><\/span><\/h3>\n<p data-start=\"4688\" data-end=\"5108\"><span dir=\"auto\" style=\"vertical-align: inherit;\"><span dir=\"auto\" style=\"vertical-align: inherit;\">Uppg\u00f6tva <\/span><\/span><strong data-start=\"4695\" data-end=\"4727\"><span dir=\"auto\" style=\"vertical-align: inherit;\"><span dir=\"auto\" style=\"vertical-align: inherit;\">G\u00famm\u00edbangsar 10 mg HHC (gr\u00e6nir)<\/span><\/span><\/strong><span dir=\"auto\" style=\"vertical-align: inherit;\"><span dir=\"auto\" style=\"vertical-align: inherit;\"> \u2014aukagjald <\/span><\/span><strong data-start=\"4738\" data-end=\"4753\"><span dir=\"auto\" style=\"vertical-align: inherit;\"><span dir=\"auto\" style=\"vertical-align: inherit;\">HHC \u00e6tisv\u00f6rur<\/span><\/span><\/strong><span dir=\"auto\" style=\"vertical-align: inherit;\"><span dir=\"auto\" style=\"vertical-align: inherit;\"> sem veita samr\u00e6mda sk\u00f6mmtun og \u00e1n\u00e6gjulega upplifun. Hvert g\u00famm\u00ed inniheldur n\u00e1kv\u00e6mlega 10 mg af HHC \u00ed gr\u00e6num birni, tilvali\u00f0 fyrir notendur sem leita a\u00f0 mi\u00f0lungsmiklum \u00e1hrifum \u00e1 \u00fe\u00e6gilegan og n\u00e6\u00f0i h\u00e1tt. Hvort sem \u00fe\u00fa ert a\u00f0 leita a\u00f0 uppl\u00fdsingum e\u00f0a hugsa um <\/span><\/span><strong data-start=\"5008\" data-end=\"5046\"><span dir=\"auto\" style=\"vertical-align: inherit;\"><span dir=\"auto\" style=\"vertical-align: inherit;\">A\u00f0 kaupa g\u00famm\u00edbangsa 10 mg HHC (gr\u00e6nt)<\/span><\/span><\/strong><span dir=\"auto\" style=\"vertical-align: inherit;\"><span dir=\"auto\" style=\"vertical-align: inherit;\"> , \u00feessi vara b\u00fd\u00f0ur upp \u00e1 gagns\u00e6i, g\u00e6\u00f0i og au\u00f0velda notkun.<\/span><\/span><\/p>\n<hr data-start=\"5110\" data-end=\"5113\" \/>\n<h3 data-start=\"5115\" data-end=\"5144\"><span dir=\"auto\" style=\"vertical-align: inherit;\"><span dir=\"auto\" style=\"vertical-align: inherit;\">Lykilatri\u00f0i<\/span><\/span><\/h3>\n<ul data-start=\"5146\" data-end=\"5724\">\n<li data-start=\"5146\" data-end=\"5261\">\n<p data-start=\"5148\" data-end=\"5261\"><strong data-start=\"5148\" data-end=\"5175\"><span dir=\"auto\" style=\"vertical-align: inherit;\"><span dir=\"auto\" style=\"vertical-align: inherit;\">N\u00e1kv\u00e6mur 10 mg skammtur<\/span><\/span><\/strong><span dir=\"auto\" style=\"vertical-align: inherit;\"><span dir=\"auto\" style=\"vertical-align: inherit;\"> Hvert g\u00famm\u00edstykki inniheldur n\u00e1kv\u00e6mlega 10 milligr\u00f6mm af HHC, sem gefur fyrirsj\u00e1anleg \u00e1hrif.<\/span><\/span><\/p>\n<\/li>\n<li data-start=\"5262\" data-end=\"5361\">\n<p data-start=\"5264\" data-end=\"5361\"><strong data-start=\"5264\" data-end=\"5287\"><span dir=\"auto\" style=\"vertical-align: inherit;\"><span dir=\"auto\" style=\"vertical-align: inherit;\">Hrein form\u00fala<\/span><\/span><\/strong><span dir=\"auto\" style=\"vertical-align: inherit;\"><span dir=\"auto\" style=\"vertical-align: inherit;\"> B\u00fai\u00f0 til \u00far h\u00e1g\u00e6\u00f0a hr\u00e1efnum og \u00e1n \u00f3\u00fearfa aukefna.<\/span><\/span><\/p>\n<\/li>\n<li data-start=\"5362\" data-end=\"5470\">\n<p data-start=\"5364\" data-end=\"5470\"><strong data-start=\"5364\" data-end=\"5386\"><span dir=\"auto\" style=\"vertical-align: inherit;\"><span dir=\"auto\" style=\"vertical-align: inherit;\">Gr\u00e6nn litafbrig\u00f0i<\/span><\/span><\/strong><span dir=\"auto\" style=\"vertical-align: inherit;\"><span dir=\"auto\" style=\"vertical-align: inherit;\"> \u201eGr\u00e6na\u201c \u00fatg\u00e1fan b\u00fd\u00f0ur upp \u00e1 l\u00famskan au\u00f0kenningu og fj\u00f6lbreytni \u00ed vali \u00fe\u00ednu \u00e1 \u00e6tum matv\u00f6rum.<\/span><\/span><\/p>\n<\/li>\n<li data-start=\"5471\" data-end=\"5612\">\n<p data-start=\"5473\" data-end=\"5612\"><strong data-start=\"5473\" data-end=\"5508\"><span dir=\"auto\" style=\"vertical-align: inherit;\"><span dir=\"auto\" style=\"vertical-align: inherit;\">Pr\u00f3fa\u00f0 af \u00feri\u00f0ja a\u00f0ila \u00ed ranns\u00f3knarstofu<\/span><\/span><\/strong><span dir=\"auto\" style=\"vertical-align: inherit;\"><span dir=\"auto\" style=\"vertical-align: inherit;\"> Hver framlei\u00f0slulota er pr\u00f3fu\u00f0 sj\u00e1lfst\u00e6tt me\u00f0 tilliti til hreinleika, virkni og leysis af mengunarefnum.<\/span><\/span><\/p>\n<\/li>\n<li data-start=\"5613\" data-end=\"5724\">\n<p data-start=\"5615\" data-end=\"5724\"><strong data-start=\"5615\" data-end=\"5637\"><span dir=\"auto\" style=\"vertical-align: inherit;\"><span dir=\"auto\" style=\"vertical-align: inherit;\">Langur geymslu\u00feol<\/span><\/span><\/strong><span dir=\"auto\" style=\"vertical-align: inherit;\"><span dir=\"auto\" style=\"vertical-align: inherit;\"> B\u00fai\u00f0 til me\u00f0 st\u00f6\u00f0ugleika \u00ed huga svo a\u00f0 virknin vi\u00f0haldist \u00feegar h\u00fan er geymd \u00e1 r\u00e9ttan h\u00e1tt.<\/span><\/span><\/p>\n<\/li>\n<\/ul>\n<hr data-start=\"5726\" data-end=\"5729\" \/>\n<h3 data-start=\"5731\" data-end=\"5746\"><span dir=\"auto\" style=\"vertical-align: inherit;\"><span dir=\"auto\" style=\"vertical-align: inherit;\">Kostir<\/span><\/span><\/h3>\n<ul data-start=\"5748\" data-end=\"6578\">\n<li data-start=\"5748\" data-end=\"5882\">\n<p data-start=\"5750\" data-end=\"5882\"><strong data-start=\"5750\" data-end=\"5788\"><span dir=\"auto\" style=\"vertical-align: inherit;\"><span dir=\"auto\" style=\"vertical-align: inherit;\">St\u00fdranleg og st\u00f6\u00f0ug upplifun<\/span><\/span><\/strong><span dir=\"auto\" style=\"vertical-align: inherit;\"><span dir=\"auto\" style=\"vertical-align: inherit;\"> N\u00e1kv\u00e6mur 10 mg skammtur gerir \u00fe\u00e9r kleift a\u00f0 stj\u00f3rna \u00e1hrifunum betur og a\u00f0laga neyslu \u00fe\u00edna a\u00f0 \u00fe\u00ednum \u00fe\u00f6rfum.<\/span><\/span><\/p>\n<\/li>\n<li data-start=\"5883\" data-end=\"6015\">\n<p data-start=\"5885\" data-end=\"6015\"><strong data-start=\"5885\" data-end=\"5906\"><span dir=\"auto\" style=\"vertical-align: inherit;\"><span dir=\"auto\" style=\"vertical-align: inherit;\">N\u00e6rl\u00e1tt og \u00fe\u00e6gilegt<\/span><\/span><\/strong><span dir=\"auto\" style=\"vertical-align: inherit;\"><span dir=\"auto\" style=\"vertical-align: inherit;\"> \u00deessi g\u00famm\u00edk\u00falur l\u00edkjast nammi, sem gerir \u00feau au\u00f0velt a\u00f0 bera og neyta \u00e1n \u00feess a\u00f0 vekja athygli.<\/span><\/span><\/p>\n<\/li>\n<li data-start=\"6016\" data-end=\"6205\">\n<p data-start=\"6018\" data-end=\"6205\"><strong data-start=\"6018\" data-end=\"6051\"><span dir=\"auto\" style=\"vertical-align: inherit;\"><span dir=\"auto\" style=\"vertical-align: inherit;\">V\u00e6gari ge\u00f0virknipr\u00f3f\u00edll<\/span><\/span><\/strong><span dir=\"auto\" style=\"vertical-align: inherit;\"><span dir=\"auto\" style=\"vertical-align: inherit;\"> HHC er \u00feekkt fyrir v\u00e6gari \u00e1hrif en Delta-9 THC, fyrir upplyftandi en ekki yfir\u00feyrmandi tilfinningu.<\/span><\/span><\/p>\n<\/li>\n<li data-start=\"6206\" data-end=\"6384\">\n<p data-start=\"6208\" data-end=\"6384\"><strong data-start=\"6208\" data-end=\"6230\"><span dir=\"auto\" style=\"vertical-align: inherit;\"><span dir=\"auto\" style=\"vertical-align: inherit;\">Langvarandi \u00e1hrif<\/span><\/span><\/strong><span dir=\"auto\" style=\"vertical-align: inherit;\"><span dir=\"auto\" style=\"vertical-align: inherit;\"> Sem form af <\/span><\/span><strong data-start=\"6245\" data-end=\"6260\"><span dir=\"auto\" style=\"vertical-align: inherit;\"><span dir=\"auto\" style=\"vertical-align: inherit;\">hhc \u00e6tisv\u00f6rur,<\/span><\/span><\/strong><span dir=\"auto\" style=\"vertical-align: inherit;\"><span dir=\"auto\" style=\"vertical-align: inherit;\"> \u00c1hrifin geta vara\u00f0 lengur en vi\u00f0 inn\u00f6ndun, \u00fe\u00f3 a\u00f0 \u00feau komi h\u00e6gari fram.<\/span><\/span><\/p>\n<\/li>\n<li data-start=\"6385\" data-end=\"6578\">\n<p data-start=\"6387\" data-end=\"6578\"><strong data-start=\"6387\" data-end=\"6419\"><span dir=\"auto\" style=\"vertical-align: inherit;\"><span dir=\"auto\" style=\"vertical-align: inherit;\">Af\u00fereyingar- og vell\u00ed\u00f0unarnotkun<\/span><\/span><\/strong><span dir=\"auto\" style=\"vertical-align: inherit;\"><span dir=\"auto\" style=\"vertical-align: inherit;\"> Notendur segja oft fr\u00e1 \u00fev\u00ed a\u00f0 g\u00famm\u00edi\u00f0 veiti sl\u00f6kun, b\u00e6ti skapi\u00f0 og n\u00e6gilegri skynjunarupplifun.<\/span><\/span><\/p>\n<\/li>\n<\/ul>\n<hr data-start=\"6580\" data-end=\"6583\" \/>\n<h3 data-start=\"6585\" data-end=\"6628\"><span dir=\"auto\" style=\"vertical-align: inherit;\"><span dir=\"auto\" style=\"vertical-align: inherit;\">Notkunarlei\u00f0beiningar \/ Lei\u00f0beiningar um notkun<\/span><\/span><\/h3>\n<blockquote data-start=\"6630\" data-end=\"6814\">\n<p data-start=\"6632\" data-end=\"6814\"><strong data-start=\"6632\" data-end=\"6657\"><span dir=\"auto\" style=\"vertical-align: inherit;\"><span dir=\"auto\" style=\"vertical-align: inherit;\">Mikilv\u00e6g athugasemd<\/span><\/span><\/strong><span dir=\"auto\" style=\"vertical-align: inherit;\"><span dir=\"auto\" style=\"vertical-align: inherit;\"> \u00deessar lei\u00f0beiningar eiga a\u00f0eins vi\u00f0 \u00ed l\u00f6gsagnarumd\u00e6mum og fyrir einstaklinga \u00fear sem HHC er l\u00f6glegt. Fylgi\u00f0 alltaf gildandi reglum og r\u00e1\u00f0f\u00e6ri\u00f0 ykkur vi\u00f0 s\u00e9rfr\u00e6\u00f0inga eftir \u00fe\u00f6rfum.<\/span><\/span><\/p>\n<\/blockquote>\n<ol data-start=\"6816\" data-end=\"7797\">\n<li data-start=\"6816\" data-end=\"7040\">\n<p data-start=\"6819\" data-end=\"6844\"><strong data-start=\"6819\" data-end=\"6842\"><span dir=\"auto\" style=\"vertical-align: inherit;\"><span dir=\"auto\" style=\"vertical-align: inherit;\">Byrja\u00f0u me\u00f0 einum g\u00famm\u00edi<\/span><\/span><\/strong><\/p>\n<ul data-start=\"6848\" data-end=\"7040\">\n<li data-start=\"6848\" data-end=\"6875\">\n<p data-start=\"6850\" data-end=\"6875\"><span dir=\"auto\" style=\"vertical-align: inherit;\"><span dir=\"auto\" style=\"vertical-align: inherit;\">Tyggi\u00f0 vel og kyngi\u00f0.<\/span><\/span><\/p>\n<\/li>\n<li data-start=\"6879\" data-end=\"7040\">\n<p data-start=\"6881\" data-end=\"7040\"><span dir=\"auto\" style=\"vertical-align: inherit;\"><span dir=\"auto\" style=\"vertical-align: inherit;\">B\u00edddu a\u00f0 minnsta kosti <\/span><\/span><strong data-start=\"6896\" data-end=\"6917\"><span dir=\"auto\" style=\"vertical-align: inherit;\"><span dir=\"auto\" style=\"vertical-align: inherit;\">60 til 90 m\u00edn\u00fatur<\/span><\/span><\/strong><span dir=\"auto\" style=\"vertical-align: inherit;\"><span dir=\"auto\" style=\"vertical-align: inherit;\"> \u00e1\u00f0ur en \u00fe\u00fa tekur vi\u00f0b\u00f3tarskammt, \u00fear sem \u00e6tisv\u00f6rur taka t\u00edma a\u00f0 fr\u00e1sogast.<\/span><\/span><\/p>\n<\/li>\n<\/ul>\n<\/li>\n<li data-start=\"7042\" data-end=\"7265\">\n<p data-start=\"7045\" data-end=\"7067\"><strong data-start=\"7045\" data-end=\"7065\"><span dir=\"auto\" style=\"vertical-align: inherit;\"><span dir=\"auto\" style=\"vertical-align: inherit;\">A\u00f0lagast h\u00e6gt<\/span><\/span><\/strong><\/p>\n<ul data-start=\"7071\" data-end=\"7265\">\n<li data-start=\"7071\" data-end=\"7210\">\n<p data-start=\"7073\" data-end=\"7210\"><span dir=\"auto\" style=\"vertical-align: inherit;\"><span dir=\"auto\" style=\"vertical-align: inherit;\">Ef \u00e1hrifin eru v\u00e6g eftir eina og h\u00e1lfa klukkustund g\u00e6tir\u00f0u teki\u00f0 h\u00e1lft g\u00famm\u00edstykki (5 mg) e\u00f0a heilt, allt eftir \u00fev\u00ed hversu vel \u00fe\u00fa \u00feolir \u00fea\u00f0.<\/span><\/span><\/p>\n<\/li>\n<li data-start=\"7214\" data-end=\"7265\">\n<p data-start=\"7216\" data-end=\"7265\"><span dir=\"auto\" style=\"vertical-align: inherit;\"><span dir=\"auto\" style=\"vertical-align: inherit;\">Lyfti\u00f0 varlega \u2014 fari\u00f0 varlega.<\/span><\/span><\/p>\n<\/li>\n<\/ul>\n<\/li>\n<li data-start=\"7267\" data-end=\"7479\">\n<p data-start=\"7270\" data-end=\"7291\"><strong data-start=\"7270\" data-end=\"7289\"><span dir=\"auto\" style=\"vertical-align: inherit;\"><span dir=\"auto\" style=\"vertical-align: inherit;\">Bestu a\u00f0st\u00e6\u00f0ur<\/span><\/span><\/strong><\/p>\n<ul data-start=\"7295\" data-end=\"7479\">\n<li data-start=\"7295\" data-end=\"7410\">\n<p data-start=\"7297\" data-end=\"7410\"><span dir=\"auto\" style=\"vertical-align: inherit;\"><span dir=\"auto\" style=\"vertical-align: inherit;\">Neyti\u00f0 \u00e1 l\u00e9ttum en ekki feitum maga (t.d. eftir l\u00e9tt snarl) til a\u00f0 jafna fr\u00e1sogshra\u00f0ann.<\/span><\/span><\/p>\n<\/li>\n<li data-start=\"7414\" data-end=\"7479\">\n<p data-start=\"7416\" data-end=\"7479\"><span dir=\"auto\" style=\"vertical-align: inherit;\"><span dir=\"auto\" style=\"vertical-align: inherit;\">For\u00f0ist samsetningu vi\u00f0 \u00e1fengi e\u00f0a \u00f6nnur ge\u00f0virk efni.<\/span><\/span><\/p>\n<\/li>\n<\/ul>\n<\/li>\n<li data-start=\"7481\" data-end=\"7643\">\n<p data-start=\"7484\" data-end=\"7510\"><strong data-start=\"7484\" data-end=\"7508\"><span dir=\"auto\" style=\"vertical-align: inherit;\"><span dir=\"auto\" style=\"vertical-align: inherit;\">Geymsla og me\u00f0h\u00f6ndlun<\/span><\/span><\/strong><\/p>\n<ul data-start=\"7514\" data-end=\"7643\">\n<li data-start=\"7514\" data-end=\"7573\">\n<p data-start=\"7516\" data-end=\"7573\"><span dir=\"auto\" style=\"vertical-align: inherit;\"><span dir=\"auto\" style=\"vertical-align: inherit;\">Geymi\u00f0 \u00e1 k\u00f6ldum, \u00feurrum sta\u00f0 fjarri beinu s\u00f3larlj\u00f3si.<\/span><\/span><\/p>\n<\/li>\n<li data-start=\"7577\" data-end=\"7643\">\n<p data-start=\"7579\" data-end=\"7643\"><span dir=\"auto\" style=\"vertical-align: inherit;\"><span dir=\"auto\" style=\"vertical-align: inherit;\">Loki\u00f0 umb\u00fa\u00f0unum vel til a\u00f0 vi\u00f0halda ferskleika og virkni.<\/span><\/span><\/p>\n<\/li>\n<\/ul>\n<\/li>\n<li data-start=\"7645\" data-end=\"7797\">\n<p data-start=\"7648\" data-end=\"7674\"><strong data-start=\"7648\" data-end=\"7672\"><span dir=\"auto\" style=\"vertical-align: inherit;\"><span dir=\"auto\" style=\"vertical-align: inherit;\">\u00d6ryggi og notkun<\/span><\/span><\/strong><\/p>\n<ul data-start=\"7678\" data-end=\"7797\">\n<li data-start=\"7678\" data-end=\"7738\">\n<p data-start=\"7680\" data-end=\"7738\"><span dir=\"auto\" style=\"vertical-align: inherit;\"><span dir=\"auto\" style=\"vertical-align: inherit;\">Ekki aka e\u00f0a stj\u00f3rna \u00feungum v\u00e9lum me\u00f0an \u00e1 notkun stendur.<\/span><\/span><\/p>\n<\/li>\n<li data-start=\"7742\" data-end=\"7797\">\n<p data-start=\"7744\" data-end=\"7797\"><span dir=\"auto\" style=\"vertical-align: inherit;\"><span dir=\"auto\" style=\"vertical-align: inherit;\">Geymi\u00f0 \u00fear sem b\u00f6rn og g\u00e6lud\u00fdr n\u00e1 ekki til.<\/span><\/span><\/p>\n<\/li>\n<\/ul>\n<\/li>\n<\/ol>\n<hr data-start=\"7799\" data-end=\"7802\" \/>\n<h3 data-start=\"7804\" data-end=\"7835\"><span dir=\"auto\" style=\"vertical-align: inherit;\"><span dir=\"auto\" style=\"vertical-align: inherit;\">Algengar spurningar (FAQ)<\/span><\/span><\/h3>\n<p data-start=\"7837\" data-end=\"8236\"><strong data-start=\"7837\" data-end=\"7906\"><span dir=\"auto\" style=\"vertical-align: inherit;\"><span dir=\"auto\" style=\"vertical-align: inherit;\">1. Hva\u00f0 eru HHC \u00e6tisv\u00f6rur og hvernig eru \u00fe\u00e6r fr\u00e1brug\u00f0nar \u00f6\u00f0rum \u00e6tisv\u00f6rum?<\/span><\/span><\/strong><br data-start=\"7906\" data-end=\"7909\" \/><span dir=\"auto\" style=\"vertical-align: inherit;\"><span dir=\"auto\" style=\"vertical-align: inherit;\"> HHC \u00e6tisv\u00f6rur eru matv\u00f6rur sem innihalda hexah\u00fddr\u00f3kannab\u00edn\u00f3l (HHC), sem er hert kannab\u00edn\u00f3\u00ed\u00f0. \u00d3l\u00edkt hef\u00f0bundnum THC \u00e6tisv\u00f6rum hefur HHC tilhneigingu til a\u00f0 bj\u00f3\u00f0a upp \u00e1 v\u00e6gari og r\u00f3andi ge\u00f0virk \u00e1hrif, \u00fe\u00f3 a\u00f0 upplifunin s\u00e9 mismunandi eftir einstaklingum.<\/span><\/span><\/p>\n<p data-start=\"8238\" data-end=\"8543\"><strong data-start=\"8238\" data-end=\"8317\"><span dir=\"auto\" style=\"vertical-align: inherit;\"><span dir=\"auto\" style=\"vertical-align: inherit;\">2. Hversu lengi vara \u00e1hrifin vi\u00f0 innt\u00f6ku Gummy Bears 10 mg HHC (gr\u00e6ns)?<\/span><\/span><\/strong><br data-start=\"8317\" data-end=\"8320\" \/><span dir=\"auto\" style=\"vertical-align: inherit;\"><span dir=\"auto\" style=\"vertical-align: inherit;\"> \u00c1hrifin vara yfirleitt <\/span><\/span><strong data-start=\"8348\" data-end=\"8363\"><span dir=\"auto\" style=\"vertical-align: inherit;\"><span dir=\"auto\" style=\"vertical-align: inherit;\">2 til 5 klukkustundir<\/span><\/span><\/strong><span dir=\"auto\" style=\"vertical-align: inherit;\"><span dir=\"auto\" style=\"vertical-align: inherit;\"> , allt eftir skammti, efnaskiptum og einstaklingsbundinni n\u00e6mi. Sumir notendur geta fundi\u00f0 fyrir v\u00e6gum aukaverkunum utan \u00feessa t\u00edmaramma.<\/span><\/span><\/p>\n<p data-start=\"8545\" data-end=\"8979\"><strong data-start=\"8545\" data-end=\"8646\"><span dir=\"auto\" style=\"vertical-align: inherit;\"><span dir=\"auto\" style=\"vertical-align: inherit;\">3. Er l\u00f6glegt a\u00f0 kaupa g\u00famm\u00edbangsa 10 mg HHC (gr\u00e6na) (\u201eKaupa g\u00famm\u00edbangsa 10 mg HHC (gr\u00e6na)\u201c)?<\/span><\/span><\/strong><br data-start=\"8646\" data-end=\"8649\" \/><span dir=\"auto\" style=\"vertical-align: inherit;\"><span dir=\"auto\" style=\"vertical-align: inherit;\"> L\u00f6gm\u00e6ti kaupanna <\/span><\/span><strong data-start=\"8687\" data-end=\"8719\"><span dir=\"auto\" style=\"vertical-align: inherit;\"><span dir=\"auto\" style=\"vertical-align: inherit;\">G\u00famm\u00edbangsar 10 mg HHC (gr\u00e6nir)<\/span><\/span><\/strong><span dir=\"auto\" style=\"vertical-align: inherit;\"><span dir=\"auto\" style=\"vertical-align: inherit;\"> (\u201eKauptu g\u00famm\u00edbangsa 10 mg HHC (gr\u00e6nt)\u201c) fer algj\u00f6rlega eftir landi e\u00f0a sv\u00e6\u00f0i \u00ed \u00fe\u00ednu landi. Regluger\u00f0ir var\u00f0andi HHC eru mj\u00f6g mismunandi \u2014 \u00e1\u00f0ur en \u00fe\u00fa kaupir skaltu athuga hvort HHC \u00e6tiv\u00f6rur s\u00e9u leyf\u00f0ar \u00e1 \u00fe\u00ednu sv\u00e6\u00f0i og hvort seljendur fari eftir gildandi reglum og ranns\u00f3knarstofupr\u00f3fum.<\/span><\/span><\/p>","protected":false},"excerpt":{"rendered":"<h2><span dir=\"auto\" style=\"vertical-align: inherit;\"><span dir=\"auto\" style=\"vertical-align: inherit;\"><span dir=\"auto\" style=\"vertical-align: inherit;\"><span dir=\"auto\" style=\"vertical-align: inherit;\">G\u00famm\u00edbirnir 10 mg HHC<\/span><\/span><\/span><\/span><\/h2>\n<p><strong><span dir=\"auto\" style=\"vertical-align: inherit;\"><span dir=\"auto\" style=\"vertical-align: inherit;\"><span dir=\"auto\" style=\"vertical-align: inherit;\"><span dir=\"auto\" style=\"vertical-align: inherit;\">Eldur:<\/span><\/span><\/span><\/span><\/strong><span dir=\"auto\" style=\"vertical-align: inherit;\"><span dir=\"auto\" style=\"vertical-align: inherit;\"><span dir=\"auto\" style=\"vertical-align: inherit;\"><span dir=\"auto\" style=\"vertical-align: inherit;\"> Drottning laufanna <\/span><\/span><\/span><\/span><br \/>\n<strong><span dir=\"auto\" style=\"vertical-align: inherit;\"><span dir=\"auto\" style=\"vertical-align: inherit;\"><span dir=\"auto\" style=\"vertical-align: inherit;\"><span dir=\"auto\" style=\"vertical-align: inherit;\">Fj\u00f6ldi g\u00famm\u00edbangsa \u00ed hverjum poka:<\/span><\/span><\/span><\/span><\/strong><span dir=\"auto\" style=\"vertical-align: inherit;\"><span dir=\"auto\" style=\"vertical-align: inherit;\"><span dir=\"auto\" style=\"vertical-align: inherit;\"><span dir=\"auto\" style=\"vertical-align: inherit;\"> 10 <\/span><\/span><\/span><\/span><br \/>\n<strong><span dir=\"auto\" style=\"vertical-align: inherit;\"><span dir=\"auto\" style=\"vertical-align: inherit;\"><span dir=\"auto\" style=\"vertical-align: inherit;\"><span dir=\"auto\" style=\"vertical-align: inherit;\">Innihaldsefni:<\/span><\/span><\/span><\/span><\/strong><span dir=\"auto\" style=\"vertical-align: inherit;\"><span dir=\"auto\" style=\"vertical-align: inherit;\"><span dir=\"auto\" style=\"vertical-align: inherit;\"><span dir=\"auto\" style=\"vertical-align: inherit;\"> gl\u00fak\u00f3si, gelat\u00edn, C-v\u00edtam\u00edn, kal\u00edumsorbat, brag\u00f0efni \u00far ma\u00edsol\u00edu, litarefni (E102, E133, E124), virkt innihaldsefni HHC <\/span><\/span><\/span><\/span><br \/>\n<strong><span dir=\"auto\" style=\"vertical-align: inherit;\"><span dir=\"auto\" style=\"vertical-align: inherit;\"><span dir=\"auto\" style=\"vertical-align: inherit;\"><span dir=\"auto\" style=\"vertical-align: inherit;\">Magn HHC:<\/span><\/span><\/span><\/span><\/strong><span dir=\"auto\" style=\"vertical-align: inherit;\"><span dir=\"auto\" style=\"vertical-align: inherit;\"><span dir=\"auto\" style=\"vertical-align: inherit;\"><span dir=\"auto\" style=\"vertical-align: inherit;\"> 10 mg <\/span><\/span><\/span><\/span><br \/>\n<strong><span dir=\"auto\" style=\"vertical-align: inherit;\"><span dir=\"auto\" style=\"vertical-align: inherit;\"><span dir=\"auto\" style=\"vertical-align: inherit;\"><span dir=\"auto\" style=\"vertical-align: inherit;\">Litur \u00e1 g\u00famm\u00edbangsum:<\/span><\/span><\/span><\/span><\/strong><span dir=\"auto\" style=\"vertical-align: inherit;\"><span dir=\"auto\" style=\"vertical-align: inherit;\"><span dir=\"auto\" style=\"vertical-align: inherit;\"><span dir=\"auto\" style=\"vertical-align: inherit;\"> gr\u00e6nn<\/span><\/span><\/span><\/span><\/p>","protected":false},"featured_media":28539,"comment_status":"closed","ping_status":"closed","template":"","meta":[],"product_brand":[82],"product_cat":[328,327],"product_tag":[715,714,716,717,707,708],"class_list":{"0":"post-24664","1":"product","2":"type-product","3":"status-publish","4":"has-post-thumbnail","6":"product_brand-research-chemical","7":"product_cat-edibles","8":"product_cat-hhc","9":"product_tag-hhc-edible-dosage","10":"product_tag-hhc-edibles","11":"product_tag-hhc-edibles-effects","12":"product_tag-hhc-gummies","13":"product_tag-hhc-gummy-bear","14":"product_tag-hhc-gummy-bears","16":"first","17":"instock","18":"taxable","19":"shipping-taxable","20":"purchasable","21":"product-type-variable"},"_links":{"self":[{"href":"https:\/\/researchchemicalhub.com\/is\/wp-json\/wp\/v2\/product\/24664","targetHints":{"allow":["GET"]}}],"collection":[{"href":"https:\/\/researchchemicalhub.com\/is\/wp-json\/wp\/v2\/product"}],"about":[{"href":"https:\/\/researchchemicalhub.com\/is\/wp-json\/wp\/v2\/types\/product"}],"replies":[{"embeddable":true,"href":"https:\/\/researchchemicalhub.com\/is\/wp-json\/wp\/v2\/comments?post=24664"}],"version-history":[{"count":8,"href":"https:\/\/researchchemicalhub.com\/is\/wp-json\/wp\/v2\/product\/24664\/revisions"}],"predecessor-version":[{"id":28657,"href":"https:\/\/researchchemicalhub.com\/is\/wp-json\/wp\/v2\/product\/24664\/revisions\/28657"}],"wp:featuredmedia":[{"embeddable":true,"href":"https:\/\/researchchemicalhub.com\/is\/wp-json\/wp\/v2\/media\/28539"}],"wp:attachment":[{"href":"https:\/\/researchchemicalhub.com\/is\/wp-json\/wp\/v2\/media?parent=24664"}],"wp:term":[{"taxonomy":"product_brand","embeddable":true,"href":"https:\/\/researchchemicalhub.com\/is\/wp-json\/wp\/v2\/product_brand?post=24664"},{"taxonomy":"product_cat","embeddable":true,"href":"https:\/\/researchchemicalhub.com\/is\/wp-json\/wp\/v2\/product_cat?post=24664"},{"taxonomy":"product_tag","embeddable":true,"href":"https:\/\/researchchemicalhub.com\/is\/wp-json\/wp\/v2\/product_tag?post=24664"}],"curies":[{"name":"wp","href":"https:\/\/api.w.org\/{rel}","templated":true}]}}