{"id":24648,"date":"2025-10-20T17:42:27","date_gmt":"2025-10-20T17:42:27","guid":{"rendered":"https:\/\/researchchemicalhub.com\/?post_type=product&#038;p=24648"},"modified":"2025-10-29T07:56:08","modified_gmt":"2025-10-29T07:56:08","slug":"1p-lsd-kopen","status":"publish","type":"product","link":"https:\/\/researchchemicalhub.com\/is\/shop\/lysergamides\/1p-lsd-kopen\/","title":{"rendered":"1P-LSD 20 MCG \u00feynnur"},"content":{"rendered":"<h3 data-start=\"4025\" data-end=\"4046\"><strong data-start=\"4029\" data-end=\"4044\"><span dir=\"auto\" style=\"vertical-align: inherit;\"><span dir=\"auto\" style=\"vertical-align: inherit;\">Inngangur<\/span><\/span><\/strong><\/h3>\n<p data-start=\"4047\" data-end=\"4520\"><strong data-start=\"4047\" data-end=\"4073\"><span dir=\"auto\" style=\"vertical-align: inherit;\"><span dir=\"auto\" style=\"vertical-align: inherit;\">1P-LSD 20 m\u00edkr\u00f3g \u00feynnur<\/span><\/span><\/strong><span dir=\"auto\" style=\"vertical-align: inherit;\"><span dir=\"auto\" style=\"vertical-align: inherit;\"> eru n\u00e1kv\u00e6mlega skammta\u00f0 ranns\u00f3knarefni sem innihalda 1-pr\u00f3p\u00ed\u00f3n\u00fdl-l\u00fdserg\u00edns\u00fdru d\u00edet\u00fdlam\u00ed\u00f0 \u2014 l\u00fdsergam\u00ed\u00f0 efnasamband sem er byggingarlega skyld LSD. \u00deessir bletta\u00ferykkir eru \u00e6tla\u00f0ir fyrir <\/span><\/span><strong data-start=\"4285\" data-end=\"4329\"><span dir=\"auto\" style=\"vertical-align: inherit;\"><span dir=\"auto\" style=\"vertical-align: inherit;\">greiningar- og v\u00edsindaranns\u00f3knir<\/span><\/span><\/strong><span dir=\"auto\" style=\"vertical-align: inherit;\"><span dir=\"auto\" style=\"vertical-align: inherit;\"> eing\u00f6ngu; \u00feau eru ekki til manneldis. Kauptu 1p lsd. <\/span><\/span><br data-start=\"4363\" data-end=\"4366\" \/><span dir=\"auto\" style=\"vertical-align: inherit;\"><span dir=\"auto\" style=\"vertical-align: inherit;\">Hver \u00ferykkjarpenni inniheldur einsleitan skammt, 20 m\u00edkr\u00f3gr\u00f6mm, sem tryggir \u00e1rei\u00f0anlegar og endurtakanlegar ni\u00f0urst\u00f6\u00f0ur \u00ed st\u00fdr\u00f0um ranns\u00f3knarstofuumhverfi.<\/span><\/span><\/p>\n<p data-start=\"4522\" data-end=\"4682\"><span dir=\"auto\" style=\"vertical-align: inherit;\"><span dir=\"auto\" style=\"vertical-align: inherit;\">Fyrir v\u00edsindamenn <\/span><\/span><strong data-start=\"4544\" data-end=\"4560\"><span dir=\"auto\" style=\"vertical-align: inherit;\"><span dir=\"auto\" style=\"vertical-align: inherit;\">a\u00f0 kaupa 1P-LSD<\/span><\/span><\/strong><span dir=\"auto\" style=\"vertical-align: inherit;\"><span dir=\"auto\" style=\"vertical-align: inherit;\"> \u00cd l\u00f6gm\u00e6tum ranns\u00f3knarskyni bj\u00f3\u00f0a \u00feessir blettir upp \u00e1 trygg\u00f0an hreinleika, st\u00f6\u00f0ugleika og samr\u00e6mda g\u00e6\u00f0i.<\/span><\/span><\/p>\n<hr data-start=\"4684\" data-end=\"4687\" \/>\n<h3 data-start=\"4689\" data-end=\"4720\"><strong data-start=\"4693\" data-end=\"4720\"><span dir=\"auto\" style=\"vertical-align: inherit;\"><span dir=\"auto\" style=\"vertical-align: inherit;\">Lykilatri\u00f0i<\/span><\/span><\/strong><\/h3>\n<ul data-start=\"4722\" data-end=\"5284\">\n<li data-start=\"4722\" data-end=\"4833\">\n<p data-start=\"4724\" data-end=\"4833\"><strong data-start=\"4724\" data-end=\"4751\"><span dir=\"auto\" style=\"vertical-align: inherit;\"><span dir=\"auto\" style=\"vertical-align: inherit;\">N\u00e1kv\u00e6mur 20 \u00b5g skammtur<\/span><\/span><\/strong><span dir=\"auto\" style=\"vertical-align: inherit;\"><span dir=\"auto\" style=\"vertical-align: inherit;\"> \u2013 Hver \u00ferykkjarpenni inniheldur n\u00e1kv\u00e6mlega 20 m\u00edkr\u00f3gr\u00f6mm af 1P-LSD til \u00f6rgreiningar.<\/span><\/span><\/p>\n<\/li>\n<li data-start=\"4834\" data-end=\"4956\">\n<p data-start=\"4836\" data-end=\"4956\"><strong data-start=\"4836\" data-end=\"4870\"><span dir=\"auto\" style=\"vertical-align: inherit;\"><span dir=\"auto\" style=\"vertical-align: inherit;\">Mikil hreinleiki og einsleitni<\/span><\/span><\/strong><span dir=\"auto\" style=\"vertical-align: inherit;\"><span dir=\"auto\" style=\"vertical-align: inherit;\"> \u2013 Framleitt samkv\u00e6mt ranns\u00f3knarst\u00f6\u00f0lum, me\u00f0 greiningarvottor\u00f0um (COA) tilt\u00e6kum.<\/span><\/span><\/p>\n<\/li>\n<li data-start=\"4957\" data-end=\"5080\">\n<p data-start=\"4959\" data-end=\"5080\"><strong data-start=\"4959\" data-end=\"4978\"><span dir=\"auto\" style=\"vertical-align: inherit;\"><span dir=\"auto\" style=\"vertical-align: inherit;\">St\u00f6\u00f0ugt sni\u00f0<\/span><\/span><\/strong><span dir=\"auto\" style=\"vertical-align: inherit;\"><span dir=\"auto\" style=\"vertical-align: inherit;\"> \u2013 Papp\u00edrsmi\u00f0illinn tryggir lengri geymslu\u00feol og jafna dreifingu efnasambandsins.<\/span><\/span><\/p>\n<\/li>\n<li data-start=\"5081\" data-end=\"5195\">\n<p data-start=\"5083\" data-end=\"5195\"><strong data-start=\"5083\" data-end=\"5117\"><span dir=\"auto\" style=\"vertical-align: inherit;\"><span dir=\"auto\" style=\"vertical-align: inherit;\">A\u00f0eins til greiningarnota<\/span><\/span><\/strong><span dir=\"auto\" style=\"vertical-align: inherit;\"><span dir=\"auto\" style=\"vertical-align: inherit;\"> \u2013 Hentar fyrir litskiljun, litr\u00f3fsgreiningu og ranns\u00f3knir \u00e1 vi\u00f0takabindingu.<\/span><\/span><\/p>\n<\/li>\n<li data-start=\"5196\" data-end=\"5284\">\n<p data-start=\"5198\" data-end=\"5284\"><strong data-start=\"5198\" data-end=\"5220\"><span dir=\"auto\" style=\"vertical-align: inherit;\"><span dir=\"auto\" style=\"vertical-align: inherit;\">\u00d6rugg umb\u00fa\u00f0ir<\/span><\/span><\/strong><span dir=\"auto\" style=\"vertical-align: inherit;\"><span dir=\"auto\" style=\"vertical-align: inherit;\"> \u2013 L\u00e9ttar og raka\u00feolnar umb\u00fa\u00f0ir fyrir h\u00e1marksst\u00f6\u00f0ugleika.<\/span><\/span><\/p>\n<\/li>\n<\/ul>\n<hr data-start=\"5286\" data-end=\"5289\" \/>\n<h3 data-start=\"5291\" data-end=\"5308\"><strong data-start=\"5295\" data-end=\"5308\"><span dir=\"auto\" style=\"vertical-align: inherit;\"><span dir=\"auto\" style=\"vertical-align: inherit;\">Kostir<\/span><\/span><\/strong><\/h3>\n<ul data-start=\"5310\" data-end=\"5797\">\n<li data-start=\"5310\" data-end=\"5413\">\n<p data-start=\"5312\" data-end=\"5413\"><strong data-start=\"5312\" data-end=\"5348\"><span dir=\"auto\" style=\"vertical-align: inherit;\"><span dir=\"auto\" style=\"vertical-align: inherit;\">\u00c1rei\u00f0anlegar ranns\u00f3knarni\u00f0urst\u00f6\u00f0ur<\/span><\/span><\/strong><span dir=\"auto\" style=\"vertical-align: inherit;\"><span dir=\"auto\" style=\"vertical-align: inherit;\"> \u2013 Sta\u00f0la\u00f0ar sk\u00f6mmtanir tryggja endurteknar m\u00e6lingar.<\/span><\/span><\/p>\n<\/li>\n<li data-start=\"5414\" data-end=\"5542\">\n<p data-start=\"5416\" data-end=\"5542\"><strong data-start=\"5416\" data-end=\"5442\"><span dir=\"auto\" style=\"vertical-align: inherit;\"><span dir=\"auto\" style=\"vertical-align: inherit;\">Samanbur\u00f0arranns\u00f3knir<\/span><\/span><\/strong><span dir=\"auto\" style=\"vertical-align: inherit;\"><span dir=\"auto\" style=\"vertical-align: inherit;\"> \u2013 Hentar til a\u00f0 rannsaka byggingarlega og lyfjafr\u00e6\u00f0ilega eiginleika l\u00fdsergam\u00ed\u00f0a.<\/span><\/span><\/p>\n<\/li>\n<li data-start=\"5543\" data-end=\"5666\">\n<p data-start=\"5545\" data-end=\"5666\"><strong data-start=\"5545\" data-end=\"5579\"><span dir=\"auto\" style=\"vertical-align: inherit;\"><span dir=\"auto\" style=\"vertical-align: inherit;\">Fr\u00e6\u00f0slu- og ranns\u00f3knarstofugildi<\/span><\/span><\/strong><span dir=\"auto\" style=\"vertical-align: inherit;\"><span dir=\"auto\" style=\"vertical-align: inherit;\"> \u2013 Sty\u00f0ur lyfjafr\u00e6\u00f0ilegar og taugaefnafr\u00e6\u00f0ilegar ranns\u00f3knir innan vi\u00f0urkenndra stofnana.<\/span><\/span><\/p>\n<\/li>\n<li data-start=\"5667\" data-end=\"5797\">\n<p data-start=\"5669\" data-end=\"5797\"><strong data-start=\"5669\" data-end=\"5697\"><span dir=\"auto\" style=\"vertical-align: inherit;\"><span dir=\"auto\" style=\"vertical-align: inherit;\">N\u00e1kv\u00e6mni \u00e1 \u00f6rstigi<\/span><\/span><\/strong><span dir=\"auto\" style=\"vertical-align: inherit;\"><span dir=\"auto\" style=\"vertical-align: inherit;\"> \u2013 Styrkleikinn 20 m\u00edkr\u00f3gr\u00f6mm er tilvalinn fyrir f\u00edngreiningarpr\u00f3fanir og kv\u00f6r\u00f0un ranns\u00f3knarb\u00fana\u00f0ar.<\/span><\/span><\/p>\n<\/li>\n<\/ul>\n<hr data-start=\"5799\" data-end=\"5802\" \/>\n<h3 data-start=\"5804\" data-end=\"5845\"><strong data-start=\"5808\" data-end=\"5843\"><span dir=\"auto\" style=\"vertical-align: inherit;\"><span dir=\"auto\" style=\"vertical-align: inherit;\">Notkun (eing\u00f6ngu til ranns\u00f3kna)<\/span><\/span><\/strong><\/h3>\n<blockquote data-start=\"5847\" data-end=\"6001\">\n<p data-start=\"5849\" data-end=\"6001\">\u26a0\ufe0f <strong data-start=\"5852\" data-end=\"5863\"><span dir=\"auto\" style=\"vertical-align: inherit;\"><span dir=\"auto\" style=\"vertical-align: inherit;\">Var\u00fa\u00f0:<\/span><\/span><\/strong><span dir=\"auto\" style=\"vertical-align: inherit;\"><span dir=\"auto\" style=\"vertical-align: inherit;\"> 1P-LSD 20 m\u00edkr\u00f3g \u00feynnur eru <\/span><\/span><strong data-start=\"5892\" data-end=\"5924\"><span dir=\"auto\" style=\"vertical-align: inherit;\"><span dir=\"auto\" style=\"vertical-align: inherit;\">ekki \u00e6tla\u00f0 til manneldis<\/span><\/span><\/strong><span dir=\"auto\" style=\"vertical-align: inherit;\"><span dir=\"auto\" style=\"vertical-align: inherit;\"> Noti\u00f0 a\u00f0eins \u00ed ranns\u00f3knarstofu af h\u00e6fu starfsf\u00f3lki.<\/span><\/span><\/p>\n<\/blockquote>\n<ol data-start=\"6003\" data-end=\"6485\">\n<li data-start=\"6003\" data-end=\"6102\">\n<p data-start=\"6006\" data-end=\"6102\"><strong data-start=\"6006\" data-end=\"6020\"><span dir=\"auto\" style=\"vertical-align: inherit;\"><span dir=\"auto\" style=\"vertical-align: inherit;\">Me\u00f0h\u00f6ndlun \u2013<\/span><\/span><\/strong><span dir=\"auto\" style=\"vertical-align: inherit;\"><span dir=\"auto\" style=\"vertical-align: inherit;\"> Noti\u00f0 hanska og hrein verkf\u00e6ri til a\u00f0 koma \u00ed veg fyrir mengun.<\/span><\/span><\/p>\n<\/li>\n<li data-start=\"6103\" data-end=\"6185\">\n<p data-start=\"6106\" data-end=\"6185\"><strong data-start=\"6106\" data-end=\"6118\"><span dir=\"auto\" style=\"vertical-align: inherit;\"><span dir=\"auto\" style=\"vertical-align: inherit;\">M\u00e6lingar<\/span><\/span><\/strong><span dir=\"auto\" style=\"vertical-align: inherit;\"><span dir=\"auto\" style=\"vertical-align: inherit;\"> \u2013 Skr\u00e1i\u00f0 lotun\u00famer, hreinleika og ni\u00f0urst\u00f6\u00f0ur pr\u00f3funar fyrir greiningu.<\/span><\/span><\/p>\n<\/li>\n<li data-start=\"6186\" data-end=\"6295\">\n<p data-start=\"6189\" data-end=\"6295\"><strong data-start=\"6189\" data-end=\"6199\"><span dir=\"auto\" style=\"vertical-align: inherit;\"><span dir=\"auto\" style=\"vertical-align: inherit;\">Geymsla<\/span><\/span><\/strong><span dir=\"auto\" style=\"vertical-align: inherit;\"><span dir=\"auto\" style=\"vertical-align: inherit;\"> \u2013 Geymi\u00f0 \u00feurrt, loka\u00f0 og fjarri lj\u00f3si; k\u00f6ld (2\u20138\u00b0C) til a\u00f0 h\u00e1marka st\u00f6\u00f0ugleika.<\/span><\/span><\/p>\n<\/li>\n<li data-start=\"6296\" data-end=\"6402\">\n<p data-start=\"6299\" data-end=\"6402\"><strong data-start=\"6299\" data-end=\"6310\"><span dir=\"auto\" style=\"vertical-align: inherit;\"><span dir=\"auto\" style=\"vertical-align: inherit;\">Greining<\/span><\/span><\/strong><span dir=\"auto\" style=\"vertical-align: inherit;\"><span dir=\"auto\" style=\"vertical-align: inherit;\"> \u2013 Hentar fyrir massagreiningu, HPLC, UV-Vis litr\u00f3fsgreiningu e\u00f0a vi\u00f0takabindingarpr\u00f3fanir.<\/span><\/span><\/p>\n<\/li>\n<li data-start=\"6403\" data-end=\"6485\">\n<p data-start=\"6406\" data-end=\"6485\"><strong data-start=\"6406\" data-end=\"6422\"><span dir=\"auto\" style=\"vertical-align: inherit;\"><span dir=\"auto\" style=\"vertical-align: inherit;\">Skj\u00f6lun<\/span><\/span><\/strong><span dir=\"auto\" style=\"vertical-align: inherit;\"><span dir=\"auto\" style=\"vertical-align: inherit;\"> \u2013 Geymi\u00f0 \u00f6ll pr\u00f3funarg\u00f6gn til a\u00f0 tryggja a\u00f0 \u00feau s\u00e9u \u00ed samr\u00e6mi vi\u00f0 kr\u00f6fur og rekjanleiki s\u00e9 fyrir hendi.<\/span><\/span><\/p>\n<\/li>\n<\/ol>\n<hr data-start=\"6487\" data-end=\"6490\" \/>\n<h3 data-start=\"6492\" data-end=\"6527\"><strong data-start=\"6496\" data-end=\"6525\"><span dir=\"auto\" style=\"vertical-align: inherit;\"><span dir=\"auto\" style=\"vertical-align: inherit;\">Algengar spurningar (FAQ)<\/span><\/span><\/strong><\/h3>\n<p data-start=\"6529\" data-end=\"6733\"><strong data-start=\"6529\" data-end=\"6550\"><span dir=\"auto\" style=\"vertical-align: inherit;\"><span dir=\"auto\" style=\"vertical-align: inherit;\">1. Hva\u00f0 er 1P-LSD?<\/span><\/span><\/strong><br data-start=\"6550\" data-end=\"6553\" \/><span dir=\"auto\" style=\"vertical-align: inherit;\"><span dir=\"auto\" style=\"vertical-align: inherit;\"> 1P-LSD (1-pr\u00f3p\u00ed\u00f3n\u00fdl-l\u00fdserg\u00edns\u00fdrud\u00edet\u00fdlam\u00ed\u00f0) er l\u00fdsergam\u00ed\u00f0 sem er byggingarlega skyld LSD og er nota\u00f0 \u00ed v\u00edsindaranns\u00f3knum \u00e1 ser\u00f3t\u00f3n\u00ednvi\u00f0t\u00f6kum.<\/span><\/span><\/p>\n<p data-start=\"6735\" data-end=\"6954\"><strong data-start=\"6735\" data-end=\"6783\"><span dir=\"auto\" style=\"vertical-align: inherit;\"><span dir=\"auto\" style=\"vertical-align: inherit;\">2. Til hvers eru 1P-LSD bletta\u00feynnur nota\u00f0ar?<\/span><\/span><\/strong><br data-start=\"6783\" data-end=\"6786\" \/><span dir=\"auto\" style=\"vertical-align: inherit;\"><span dir=\"auto\" style=\"vertical-align: inherit;\"> \u00deessir blettapennar eru eing\u00f6ngu \u00e6tla\u00f0ir fyrir <\/span><\/span><strong data-start=\"6830\" data-end=\"6882\"><span dir=\"auto\" style=\"vertical-align: inherit;\"><span dir=\"auto\" style=\"vertical-align: inherit;\">efnafr\u00e6\u00f0ilegar, greiningar- og lyfjafr\u00e6\u00f0ilegar ranns\u00f3knir<\/span><\/span><\/strong><span dir=\"auto\" style=\"vertical-align: inherit;\"><span dir=\"auto\" style=\"vertical-align: inherit;\"> bindingars\u00e6kni, st\u00f6\u00f0ugleika e\u00f0a tengsla byggingar og virkni.<\/span><\/span><\/p>\n<p data-start=\"6956\" data-end=\"7222\"><strong data-start=\"6956\" data-end=\"7013\"><span dir=\"auto\" style=\"vertical-align: inherit;\"><span dir=\"auto\" style=\"vertical-align: inherit;\">3. Er l\u00f6glegt a\u00f0 kaupa 1P-LSD (\u201ekaupa 1P-LSD\u201c)?<\/span><\/span><\/strong><br data-start=\"7013\" data-end=\"7016\" \/><span dir=\"auto\" style=\"vertical-align: inherit;\"><span dir=\"auto\" style=\"vertical-align: inherit;\"> L\u00f6gm\u00e6ti er mismunandi eftir l\u00f6ndum. \u00cd sumum l\u00f6ndum er 1P-LSD flokka\u00f0 sem ranns\u00f3knarefni en annars sta\u00f0ar getur \u00fea\u00f0 falli\u00f0 undir \u00f3p\u00eduml\u00f6gin. Athugi\u00f0 alltaf gildandi l\u00f6g \u00e1\u00f0ur en \u00fei\u00f0 kaupi\u00f0 e\u00f0a flytji\u00f0 inn. <\/span><\/span><a href=\"https:\/\/researchchemicalhub.com\/is\/shop\/okategoriserad\/4mmc-kopen\/\"><span dir=\"auto\" style=\"vertical-align: inherit;\"><span dir=\"auto\" style=\"vertical-align: inherit;\">Kauptu 4mmc, keyptu <\/span><\/span><\/a><a href=\"https:\/\/researchchemicalhub.com\/is\/shop\/okategoriserad\/benzocaine-powder\/\"><span dir=\"auto\" style=\"vertical-align: inherit;\"><span dir=\"auto\" style=\"vertical-align: inherit;\">bens\u00f3kain duft, <\/span><\/span><\/a><a href=\"https:\/\/researchchemicalhub.com\/is\/shop\/okategoriserad\/fentanyl-kopen\/\"><span dir=\"auto\" style=\"vertical-align: inherit;\"><span dir=\"auto\" style=\"vertical-align: inherit;\">kaupa fentan\u00fdl<\/span><\/span><\/a><\/p>","protected":false},"excerpt":{"rendered":"<h2><span dir=\"auto\" style=\"vertical-align: inherit;\"><span dir=\"auto\" style=\"vertical-align: inherit;\">1P-LSD blotter properties<\/span><\/span><\/h2>\n<p><strong><span dir=\"auto\" style=\"vertical-align: inherit;\"><span dir=\"auto\" style=\"vertical-align: inherit;\">Synonyms<\/span><\/span><\/strong><span dir=\"auto\" style=\"vertical-align: inherit;\"><span dir=\"auto\" style=\"vertical-align: inherit;\"> : N,N-diethyl-7-methyl-4-propanoyl-6,6a,8,9-tetrahydroindolo[4,3-fg]quinoline-9-carboxamide <\/span><\/span><br \/>\n<strong><span dir=\"auto\" style=\"vertical-align: inherit;\"><span dir=\"auto\" style=\"vertical-align: inherit;\">CAS Number<\/span><\/span><\/strong><span dir=\"auto\" style=\"vertical-align: inherit;\"><span dir=\"auto\" style=\"vertical-align: inherit;\"> : 2349358-81-0 <\/span><\/span><br \/>\n<strong><span dir=\"auto\" style=\"vertical-align: inherit;\"><span dir=\"auto\" style=\"vertical-align: inherit;\">Formula<\/span><\/span><\/strong><span dir=\"auto\" style=\"vertical-align: inherit;\"><span dir=\"auto\" style=\"vertical-align: inherit;\"> : C23H29N3O2 <\/span><\/span><br \/>\n<strong><span dir=\"auto\" style=\"vertical-align: inherit;\"><span dir=\"auto\" style=\"vertical-align: inherit;\">Molar mass<\/span><\/span><\/strong><span dir=\"auto\" style=\"vertical-align: inherit;\"><span dir=\"auto\" style=\"vertical-align: inherit;\"> : 379.5 g\/mol <\/span><\/span><br \/>\n<strong><span dir=\"auto\" style=\"vertical-align: inherit;\"><span dir=\"auto\" style=\"vertical-align: inherit;\">Purity<\/span><\/span><\/strong><span dir=\"auto\" style=\"vertical-align: inherit;\"><span dir=\"auto\" style=\"vertical-align: inherit;\"> : \u226599.3%<\/span><\/span><\/p>\n","protected":false},"featured_media":28354,"comment_status":"closed","ping_status":"closed","template":"","meta":[],"product_brand":[82],"product_cat":[358],"product_tag":[926,690,633,634,632,590,326],"class_list":{"0":"post-24648","1":"product","2":"type-product","3":"status-publish","4":"has-post-thumbnail","6":"product_brand-research-chemical","7":"product_cat-lysergamides","8":"product_tag-1p-lsd-kopen","9":"product_tag-blotter","10":"product_tag-blotters","11":"product_tag-lsd","12":"product_tag-lsd-blotter","13":"product_tag-microdose-1p-lsd","14":"product_tag-nl","16":"first","17":"instock","18":"taxable","19":"shipping-taxable","20":"purchasable","21":"product-type-variable"},"_links":{"self":[{"href":"https:\/\/researchchemicalhub.com\/is\/wp-json\/wp\/v2\/product\/24648","targetHints":{"allow":["GET"]}}],"collection":[{"href":"https:\/\/researchchemicalhub.com\/is\/wp-json\/wp\/v2\/product"}],"about":[{"href":"https:\/\/researchchemicalhub.com\/is\/wp-json\/wp\/v2\/types\/product"}],"replies":[{"embeddable":true,"href":"https:\/\/researchchemicalhub.com\/is\/wp-json\/wp\/v2\/comments?post=24648"}],"version-history":[{"count":6,"href":"https:\/\/researchchemicalhub.com\/is\/wp-json\/wp\/v2\/product\/24648\/revisions"}],"predecessor-version":[{"id":28658,"href":"https:\/\/researchchemicalhub.com\/is\/wp-json\/wp\/v2\/product\/24648\/revisions\/28658"}],"wp:featuredmedia":[{"embeddable":true,"href":"https:\/\/researchchemicalhub.com\/is\/wp-json\/wp\/v2\/media\/28354"}],"wp:attachment":[{"href":"https:\/\/researchchemicalhub.com\/is\/wp-json\/wp\/v2\/media?parent=24648"}],"wp:term":[{"taxonomy":"product_brand","embeddable":true,"href":"https:\/\/researchchemicalhub.com\/is\/wp-json\/wp\/v2\/product_brand?post=24648"},{"taxonomy":"product_cat","embeddable":true,"href":"https:\/\/researchchemicalhub.com\/is\/wp-json\/wp\/v2\/product_cat?post=24648"},{"taxonomy":"product_tag","embeddable":true,"href":"https:\/\/researchchemicalhub.com\/is\/wp-json\/wp\/v2\/product_tag?post=24648"}],"curies":[{"name":"wp","href":"https:\/\/api.w.org\/{rel}","templated":true}]}}