{"id":24616,"date":"2025-10-20T17:42:16","date_gmt":"2025-10-20T17:42:16","guid":{"rendered":"https:\/\/researchchemicalhub.com\/?post_type=product&#038;p=24616"},"modified":"2025-10-29T08:00:17","modified_gmt":"2025-10-29T08:00:17","slug":"2c-d-10-mg-pellets","status":"publish","type":"product","link":"https:\/\/researchchemicalhub.com\/is\/shop\/2c-d\/2c-d-10-mg-pellets\/","title":{"rendered":"2C-D 10 MG k\u00falur"},"content":{"rendered":"<h3 data-start=\"3944\" data-end=\"3965\"><strong data-start=\"3948\" data-end=\"3963\"><span dir=\"auto\" style=\"vertical-align: inherit;\"><span dir=\"auto\" style=\"vertical-align: inherit;\">Inngangur<\/span><\/span><\/strong><\/h3>\n<p data-start=\"3966\" data-end=\"4388\"><strong data-start=\"3966\" data-end=\"3987\"><span dir=\"auto\" style=\"vertical-align: inherit;\"><span dir=\"auto\" style=\"vertical-align: inherit;\">2C-D 10 mg k\u00falur<\/span><\/span><\/strong><span dir=\"auto\" style=\"vertical-align: inherit;\"><span dir=\"auto\" style=\"vertical-align: inherit;\"> innihalda n\u00e1kv\u00e6man skammt af <\/span><\/span><strong data-start=\"4023\" data-end=\"4069\"><span dir=\"auto\" style=\"vertical-align: inherit;\"><span dir=\"auto\" style=\"vertical-align: inherit;\">2C-D (2,5-d\u00edmetox\u00fd-4-met\u00fdlfenet\u00fdlam\u00edn)<\/span><\/span><\/strong><span dir=\"auto\" style=\"vertical-align: inherit;\"><span dir=\"auto\" style=\"vertical-align: inherit;\"> \u2014me\u00f0limur \u00ed <\/span><\/span><strong data-start=\"4094\" data-end=\"4108\"><span dir=\"auto\" style=\"vertical-align: inherit;\"><span dir=\"auto\" style=\"vertical-align: inherit;\">2C fj\u00f6lskylda<\/span><\/span><\/strong><span dir=\"auto\" style=\"vertical-align: inherit;\"><span dir=\"auto\" style=\"vertical-align: inherit;\"> af sta\u00f0gengnum fenet\u00fdlam\u00ednum, upphaflega myndu\u00f0 af Dr. Alexander Shulgin. \u00cd ranns\u00f3knum og greiningum er 2C-D nota\u00f0 sem <\/span><\/span><strong data-start=\"4268\" data-end=\"4286\"><span dir=\"auto\" style=\"vertical-align: inherit;\"><span dir=\"auto\" style=\"vertical-align: inherit;\">vi\u00f0mi\u00f0unarefni<\/span><\/span><\/strong><span dir=\"auto\" style=\"vertical-align: inherit;\"><span dir=\"auto\" style=\"vertical-align: inherit;\"> fyrir byggingar- og lyfjafr\u00e6\u00f0ilegar ranns\u00f3knir (SAR), vi\u00f0takabindingu og greiningara\u00f0fer\u00f0ir. 2c d<\/span><\/span><\/p>\n<p data-start=\"4390\" data-end=\"4624\"><span dir=\"auto\" style=\"vertical-align: inherit;\"><span dir=\"auto\" style=\"vertical-align: inherit;\">\u00deessar k\u00falur eru framleiddar til a\u00f0 <\/span><\/span><strong data-start=\"4430\" data-end=\"4455\"><span dir=\"auto\" style=\"vertical-align: inherit;\"><span dir=\"auto\" style=\"vertical-align: inherit;\">g\u00e6\u00f0i ranns\u00f3knarstofu<\/span><\/span><\/strong><span dir=\"auto\" style=\"vertical-align: inherit;\"><span dir=\"auto\" style=\"vertical-align: inherit;\"> , me\u00f0 <\/span><\/span><strong data-start=\"4461\" data-end=\"4506\"><span dir=\"auto\" style=\"vertical-align: inherit;\"><span dir=\"auto\" style=\"vertical-align: inherit;\">samr\u00e6mdir skammtar upp \u00e1 10 mg \u00e1 hverja k\u00falu<\/span><\/span><\/strong><span dir=\"auto\" style=\"vertical-align: inherit;\"><span dir=\"auto\" style=\"vertical-align: inherit;\"> \u00deau eru eing\u00f6ngu \u00e6tlu\u00f0 fyrir <\/span><\/span><strong data-start=\"4541\" data-end=\"4575\"><span dir=\"auto\" style=\"vertical-align: inherit;\"><span dir=\"auto\" style=\"vertical-align: inherit;\">ranns\u00f3knir og efnagreiningar<\/span><\/span><\/strong><span dir=\"auto\" style=\"vertical-align: inherit;\"><span dir=\"auto\" style=\"vertical-align: inherit;\"> , ekki til manneldis e\u00f0a d\u00fdraneyslu.<\/span><\/span><\/p>\n<hr data-start=\"4626\" data-end=\"4629\" \/>\n<h3 data-start=\"4631\" data-end=\"4662\"><strong data-start=\"4635\" data-end=\"4662\"><span dir=\"auto\" style=\"vertical-align: inherit;\"><span dir=\"auto\" style=\"vertical-align: inherit;\">Lykilatri\u00f0i<\/span><\/span><\/strong><\/h3>\n<ul data-start=\"4664\" data-end=\"5057\">\n<li data-start=\"4664\" data-end=\"4723\">\n<p data-start=\"4666\" data-end=\"4723\"><strong data-start=\"4666\" data-end=\"4685\"><span dir=\"auto\" style=\"vertical-align: inherit;\"><span dir=\"auto\" style=\"vertical-align: inherit;\">Efnaheiti:<\/span><\/span><\/strong><span dir=\"auto\" style=\"vertical-align: inherit;\"><span dir=\"auto\" style=\"vertical-align: inherit;\"> 2,5-d\u00edmetox\u00fd-4-met\u00fdlfenet\u00fdlam\u00edn<\/span><\/span><\/p>\n<\/li>\n<li data-start=\"4724\" data-end=\"4756\">\n<p data-start=\"4726\" data-end=\"4756\"><strong data-start=\"4726\" data-end=\"4749\"><span dir=\"auto\" style=\"vertical-align: inherit;\"><span dir=\"auto\" style=\"vertical-align: inherit;\">Algengt heiti:<\/span><\/span><\/strong><span dir=\"auto\" style=\"vertical-align: inherit;\"><span dir=\"auto\" style=\"vertical-align: inherit;\"> 2C-D<\/span><\/span><\/p>\n<\/li>\n<li data-start=\"4757\" data-end=\"4791\">\n<p data-start=\"4759\" data-end=\"4791\"><strong data-start=\"4759\" data-end=\"4779\"><span dir=\"auto\" style=\"vertical-align: inherit;\"><span dir=\"auto\" style=\"vertical-align: inherit;\">Sameindaform\u00fala:<\/span><\/span><\/strong><span dir=\"auto\" style=\"vertical-align: inherit;\"><span dir=\"auto\" style=\"vertical-align: inherit;\"> C\u2081\u2081H\u2081\u2087NO\u2082<\/span><\/span><\/p>\n<\/li>\n<li data-start=\"4792\" data-end=\"4829\">\n<p data-start=\"4794\" data-end=\"4829\"><strong data-start=\"4794\" data-end=\"4814\"><span dir=\"auto\" style=\"vertical-align: inherit;\"><span dir=\"auto\" style=\"vertical-align: inherit;\">M\u00f3l\u00feungi:<\/span><\/span><\/strong><span dir=\"auto\" style=\"vertical-align: inherit;\"><span dir=\"auto\" style=\"vertical-align: inherit;\"> 195,26 g\/m\u00f3l<\/span><\/span><\/p>\n<\/li>\n<li data-start=\"4830\" data-end=\"4864\">\n<p data-start=\"4832\" data-end=\"4864\"><strong data-start=\"4832\" data-end=\"4845\"><span dir=\"auto\" style=\"vertical-align: inherit;\"><span dir=\"auto\" style=\"vertical-align: inherit;\">Skammtar:<\/span><\/span><\/strong><span dir=\"auto\" style=\"vertical-align: inherit;\"><span dir=\"auto\" style=\"vertical-align: inherit;\"> 10 mg \u00ed hverju k\u00falu<\/span><\/span><\/p>\n<\/li>\n<li data-start=\"4865\" data-end=\"4918\">\n<p data-start=\"4867\" data-end=\"4918\"><strong data-start=\"4867\" data-end=\"4882\"><span dir=\"auto\" style=\"vertical-align: inherit;\"><span dir=\"auto\" style=\"vertical-align: inherit;\">Hreinleiki:<\/span><\/span><\/strong><span dir=\"auto\" style=\"vertical-align: inherit;\"><span dir=\"auto\" style=\"vertical-align: inherit;\"> \u2265 98% (sta\u00f0fest me\u00f0 HPLC og NMR)<\/span><\/span><\/p>\n<\/li>\n<li data-start=\"4919\" data-end=\"4992\">\n<p data-start=\"4921\" data-end=\"4992\"><strong data-start=\"4921\" data-end=\"4933\"><span dir=\"auto\" style=\"vertical-align: inherit;\"><span dir=\"auto\" style=\"vertical-align: inherit;\">Notkun:<\/span><\/span><\/strong><span dir=\"auto\" style=\"vertical-align: inherit;\"><span dir=\"auto\" style=\"vertical-align: inherit;\"> A\u00f0eins til greiningar-, r\u00e9ttarl\u00e6knisfr\u00e6\u00f0ilegra og efnafr\u00e6\u00f0ilegra ranns\u00f3kna<\/span><\/span><\/p>\n<\/li>\n<li data-start=\"4993\" data-end=\"5057\">\n<p data-start=\"4995\" data-end=\"5057\"><strong data-start=\"4995\" data-end=\"5006\"><span dir=\"auto\" style=\"vertical-align: inherit;\"><span dir=\"auto\" style=\"vertical-align: inherit;\">Geymsla:<\/span><\/span><\/strong><span dir=\"auto\" style=\"vertical-align: inherit;\"><span dir=\"auto\" style=\"vertical-align: inherit;\"> Geymi\u00f0 loka\u00f0, \u00feurrt og svalt; \u00e1 milli 2\u20138\u00b0C<\/span><\/span><\/p>\n<\/li>\n<\/ul>\n<hr data-start=\"5059\" data-end=\"5062\" \/>\n<h3 data-start=\"5064\" data-end=\"5081\"><strong data-start=\"5068\" data-end=\"5081\"><span dir=\"auto\" style=\"vertical-align: inherit;\"><span dir=\"auto\" style=\"vertical-align: inherit;\">Kostir<\/span><\/span><\/strong><\/h3>\n<ul data-start=\"5083\" data-end=\"5589\">\n<li data-start=\"5083\" data-end=\"5188\">\n<p data-start=\"5085\" data-end=\"5188\"><strong data-start=\"5085\" data-end=\"5109\"><span dir=\"auto\" style=\"vertical-align: inherit;\"><span dir=\"auto\" style=\"vertical-align: inherit;\">N\u00e1kv\u00e6mlega skammta\u00f0<\/span><\/span><\/strong><span dir=\"auto\" style=\"vertical-align: inherit;\"><span dir=\"auto\" style=\"vertical-align: inherit;\"> \u2013 10 mg \u00ed hverri k\u00falu fyrir n\u00e1kv\u00e6mar m\u00e6lingar og \u00e1rei\u00f0anlegar ranns\u00f3knarni\u00f0urst\u00f6\u00f0ur. 2c d<\/span><\/span><\/p>\n<\/li>\n<li data-start=\"5189\" data-end=\"5286\">\n<p data-start=\"5191\" data-end=\"5286\"><strong data-start=\"5191\" data-end=\"5214\"><span dir=\"auto\" style=\"vertical-align: inherit;\"><span dir=\"auto\" style=\"vertical-align: inherit;\">Ranns\u00f3knarsta\u00f0all<\/span><\/span><\/strong><span dir=\"auto\" style=\"vertical-align: inherit;\"><span dir=\"auto\" style=\"vertical-align: inherit;\"> \u2013 Hentar fyrir litskiljun, litr\u00f3fsgreiningu og byggingargreiningu.<\/span><\/span><\/p>\n<\/li>\n<li data-start=\"5287\" data-end=\"5389\">\n<p data-start=\"5289\" data-end=\"5389\"><strong data-start=\"5289\" data-end=\"5309\"><span dir=\"auto\" style=\"vertical-align: inherit;\"><span dir=\"auto\" style=\"vertical-align: inherit;\">Samr\u00e6md g\u00f6gn<\/span><\/span><\/strong><span dir=\"auto\" style=\"vertical-align: inherit;\"><span dir=\"auto\" style=\"vertical-align: inherit;\"> \u2013 Jafn sk\u00f6mmtun og mikill hreinleiki stu\u00f0lar a\u00f0 endurtakanlegar ni\u00f0urst\u00f6\u00f0ur.<\/span><\/span><\/p>\n<\/li>\n<li data-start=\"5390\" data-end=\"5504\">\n<p data-start=\"5392\" data-end=\"5504\"><strong data-start=\"5392\" data-end=\"5424\"><span dir=\"auto\" style=\"vertical-align: inherit;\"><span dir=\"auto\" style=\"vertical-align: inherit;\">Ver\u00f0m\u00e6tt fyrir ranns\u00f3knir \u00e1 SAR<\/span><\/span><\/strong><span dir=\"auto\" style=\"vertical-align: inherit;\"><span dir=\"auto\" style=\"vertical-align: inherit;\"> \u2013 Hentar til samanbur\u00f0ar vi\u00f0 a\u00f0rar 2C hli\u00f0st\u00e6\u00f0ur eins og 2C-B, 2C-C og 2C-E.<\/span><\/span><\/p>\n<\/li>\n<li data-start=\"5505\" data-end=\"5589\">\n<p data-start=\"5507\" data-end=\"5589\"><strong data-start=\"5507\" data-end=\"5534\"><span dir=\"auto\" style=\"vertical-align: inherit;\"><span dir=\"auto\" style=\"vertical-align: inherit;\">Trygg\u00f0 g\u00e6\u00f0i<\/span><\/span><\/strong><span dir=\"auto\" style=\"vertical-align: inherit;\"><span dir=\"auto\" style=\"vertical-align: inherit;\"> \u2013 Afhending me\u00f0 greiningarvottor\u00f0i (COA) s\u00e9 \u00feess \u00f3ska\u00f0.<\/span><\/span><\/p>\n<\/li>\n<\/ul>\n<hr data-start=\"5591\" data-end=\"5594\" \/>\n<h3 data-start=\"5596\" data-end=\"5648\"><strong data-start=\"5600\" data-end=\"5646\"><span dir=\"auto\" style=\"vertical-align: inherit;\"><span dir=\"auto\" style=\"vertical-align: inherit;\">Notkun (eing\u00f6ngu \u00ed ranns\u00f3knarskyni)<\/span><\/span><\/strong><\/h3>\n<blockquote data-start=\"5650\" data-end=\"5818\">\n<p data-start=\"5652\" data-end=\"5818\">\u26a0\ufe0f <strong data-start=\"5655\" data-end=\"5666\"><span dir=\"auto\" style=\"vertical-align: inherit;\"><span dir=\"auto\" style=\"vertical-align: inherit;\">Vinsamlegast athugi\u00f0:<\/span><\/span><\/strong><span dir=\"auto\" style=\"vertical-align: inherit;\"><span dir=\"auto\" style=\"vertical-align: inherit;\"> 2C-D 10 mg k\u00falur eru eing\u00f6ngu \u00e6tla\u00f0ar til notkunar <\/span><\/span><strong data-start=\"5715\" data-end=\"5756\"><span dir=\"auto\" style=\"vertical-align: inherit;\"><span dir=\"auto\" style=\"vertical-align: inherit;\">ranns\u00f3knarstofu- og greiningarranns\u00f3knir<\/span><\/span><\/strong><span dir=\"auto\" style=\"vertical-align: inherit;\"><span dir=\"auto\" style=\"vertical-align: inherit;\"> og <\/span><\/span><strong data-start=\"5760\" data-end=\"5817\"><span dir=\"auto\" style=\"vertical-align: inherit;\"><span dir=\"auto\" style=\"vertical-align: inherit;\">eru ekki hentug til neyslu manna e\u00f0a d\u00fdra<\/span><\/span><\/strong><span dir=\"auto\" style=\"vertical-align: inherit;\"><span dir=\"auto\" style=\"vertical-align: inherit;\"> .<\/span><\/span><\/p>\n<\/blockquote>\n<ol data-start=\"5820\" data-end=\"6280\">\n<li data-start=\"5820\" data-end=\"5914\">\n<p data-start=\"5823\" data-end=\"5914\"><strong data-start=\"5823\" data-end=\"5838\"><span dir=\"auto\" style=\"vertical-align: inherit;\"><span dir=\"auto\" style=\"vertical-align: inherit;\">Me\u00f0h\u00f6ndlun:<\/span><\/span><\/strong><span dir=\"auto\" style=\"vertical-align: inherit;\"><span dir=\"auto\" style=\"vertical-align: inherit;\"> Noti\u00f0 hanska, \u00f6ryggisgleraugu og ranns\u00f3knarstofuslopp; vinni\u00f0 undir reykh\u00fafu.<\/span><\/span><\/p>\n<\/li>\n<li data-start=\"5915\" data-end=\"6031\">\n<p data-start=\"5918\" data-end=\"6031\"><strong data-start=\"5918\" data-end=\"5931\"><span dir=\"auto\" style=\"vertical-align: inherit;\"><span dir=\"auto\" style=\"vertical-align: inherit;\">M\u00e6lingar:<\/span><\/span><\/strong><span dir=\"auto\" style=\"vertical-align: inherit;\"><span dir=\"auto\" style=\"vertical-align: inherit;\"> Hvert stykki inniheldur 10 mg \u2014 ekki breyta e\u00f0a skipta utan st\u00fdr\u00f0ra ranns\u00f3knarskilyr\u00f0a.<\/span><\/span><\/p>\n<\/li>\n<li data-start=\"6032\" data-end=\"6102\">\n<p data-start=\"6035\" data-end=\"6102\"><strong data-start=\"6035\" data-end=\"6046\"><span dir=\"auto\" style=\"vertical-align: inherit;\"><span dir=\"auto\" style=\"vertical-align: inherit;\">Geymsla:<\/span><\/span><\/strong><span dir=\"auto\" style=\"vertical-align: inherit;\"><span dir=\"auto\" style=\"vertical-align: inherit;\"> Geymi\u00f0 \u00e1 k\u00f6ldum, \u00feurrum og dimmum sta\u00f0; helst vi\u00f0 2\u20138\u00b0C.<\/span><\/span><\/p>\n<\/li>\n<li data-start=\"6103\" data-end=\"6170\">\n<p data-start=\"6106\" data-end=\"6170\"><strong data-start=\"6106\" data-end=\"6118\"><span dir=\"auto\" style=\"vertical-align: inherit;\"><span dir=\"auto\" style=\"vertical-align: inherit;\">Greining:<\/span><\/span><\/strong><span dir=\"auto\" style=\"vertical-align: inherit;\"><span dir=\"auto\" style=\"vertical-align: inherit;\"> Hentar fyrir HPLC, GC\/MS, LC-MS og FTIR greiningar.<\/span><\/span><\/p>\n<\/li>\n<li data-start=\"6171\" data-end=\"6280\">\n<p data-start=\"6174\" data-end=\"6280\"><strong data-start=\"6174\" data-end=\"6191\"><span dir=\"auto\" style=\"vertical-align: inherit;\"><span dir=\"auto\" style=\"vertical-align: inherit;\">Skj\u00f6lun:<\/span><\/span><\/strong><span dir=\"auto\" style=\"vertical-align: inherit;\"><span dir=\"auto\" style=\"vertical-align: inherit;\"> Skr\u00e1i\u00f0 lotun\u00famer, hreinleika og ni\u00f0urst\u00f6\u00f0ur pr\u00f3funar til a\u00f0 tryggja samr\u00e6mi og rekjanleika.<\/span><\/span><\/p>\n<\/li>\n<\/ol>\n<hr data-start=\"6282\" data-end=\"6285\" \/>\n<h3 data-start=\"6287\" data-end=\"6322\"><strong data-start=\"6291\" data-end=\"6320\"><span dir=\"auto\" style=\"vertical-align: inherit;\"><span dir=\"auto\" style=\"vertical-align: inherit;\">Algengar spurningar (FAQ)<\/span><\/span><\/strong><\/h3>\n<p data-start=\"6324\" data-end=\"6537\"><strong data-start=\"6324\" data-end=\"6343\"><span dir=\"auto\" style=\"vertical-align: inherit;\"><span dir=\"auto\" style=\"vertical-align: inherit;\">1. Hva\u00f0 er 2C-D?<\/span><\/span><\/strong><br data-start=\"6343\" data-end=\"6346\" \/><span dir=\"auto\" style=\"vertical-align: inherit;\"><span dir=\"auto\" style=\"vertical-align: inherit;\"> 2C-D (2,5-d\u00edmetox\u00fd-4-met\u00fdlfenet\u00fdlam\u00edn) er tilb\u00fai\u00f0 <\/span><\/span><strong data-start=\"6409\" data-end=\"6426\"><span dir=\"auto\" style=\"vertical-align: inherit;\"><span dir=\"auto\" style=\"vertical-align: inherit;\">fenet\u00fdlam\u00edn<\/span><\/span><\/strong><span dir=\"auto\" style=\"vertical-align: inherit;\"><span dir=\"auto\" style=\"vertical-align: inherit;\"> \u00far 2C fj\u00f6lskyldunni. \u00dea\u00f0 er nota\u00f0 sem ranns\u00f3knarefni fyrir vi\u00f0takabindingu og byggingarsamanbur\u00f0.<\/span><\/span><\/p>\n<p data-start=\"6539\" data-end=\"6749\"><strong data-start=\"6539\" data-end=\"6589\"><span dir=\"auto\" style=\"vertical-align: inherit;\"><span dir=\"auto\" style=\"vertical-align: inherit;\">2. Til hvers eru 2C-D 10 mg k\u00falur nota\u00f0ar?<\/span><\/span><\/strong><br data-start=\"6589\" data-end=\"6592\" \/><span dir=\"auto\" style=\"vertical-align: inherit;\"><span dir=\"auto\" style=\"vertical-align: inherit;\"> \u00deessar k\u00falur eru \u00e6tla\u00f0ar fyrir <\/span><\/span><strong data-start=\"6623\" data-end=\"6679\"><span dir=\"auto\" style=\"vertical-align: inherit;\"><span dir=\"auto\" style=\"vertical-align: inherit;\">v\u00edsindalegar, r\u00e9ttarl\u00e6knisfr\u00e6\u00f0ilegar og greiningarranns\u00f3knir<\/span><\/span><\/strong><span dir=\"auto\" style=\"vertical-align: inherit;\"><span dir=\"auto\" style=\"vertical-align: inherit;\"> , \u00fear \u00e1 me\u00f0al litskiljunarkv\u00f6r\u00f0un og efnafr\u00e6\u00f0ileg au\u00f0kenning.<\/span><\/span><\/p>\n<p data-start=\"6751\" data-end=\"7011\"><strong data-start=\"6751\" data-end=\"6789\"><span dir=\"auto\" style=\"vertical-align: inherit;\"><span dir=\"auto\" style=\"vertical-align: inherit;\">3. Er l\u00f6glegt a\u00f0 kaupa 2C-D?<\/span><\/span><\/strong><br data-start=\"6789\" data-end=\"6792\" \/><span dir=\"auto\" style=\"vertical-align: inherit;\"><span dir=\"auto\" style=\"vertical-align: inherit;\"> Hinn <\/span><\/span><strong data-start=\"6795\" data-end=\"6818\"><span dir=\"auto\" style=\"vertical-align: inherit;\"><span dir=\"auto\" style=\"vertical-align: inherit;\">l\u00f6gm\u00e6ti 2C-D<\/span><\/span><\/strong><span dir=\"auto\" style=\"vertical-align: inherit;\"><span dir=\"auto\" style=\"vertical-align: inherit;\"> er mismunandi eftir l\u00f6ndum. \u00cd sumum l\u00f6ndum er \u00fea\u00f0 tali\u00f0 vera lyfse\u00f0ilsskylt efni; annars sta\u00f0ar er \u00fea\u00f0 leyfilegt \u00ed ranns\u00f3knarskyni. Athugi\u00f0 alltaf gildandi l\u00f6g \u00e1\u00f0ur en <\/span><\/span><strong data-start=\"6994\" data-end=\"7008\"><span dir=\"auto\" style=\"vertical-align: inherit;\"><span dir=\"auto\" style=\"vertical-align: inherit;\">a\u00f0 kaupa 2C-D<\/span><\/span><\/strong><span dir=\"auto\" style=\"vertical-align: inherit;\"><span dir=\"auto\" style=\"vertical-align: inherit;\"> . <\/span><\/span><a href=\"https:\/\/researchchemicalhub.com\/is\/shop\/okategoriserad\/4mmc-kopen\/\"><span dir=\"auto\" style=\"vertical-align: inherit;\"><span dir=\"auto\" style=\"vertical-align: inherit;\">Kauptu 4mmc <\/span><\/span><\/a><a href=\"https:\/\/researchchemicalhub.com\/is\/shop\/okategoriserad\/benzocaine-powder\/\"><span dir=\"auto\" style=\"vertical-align: inherit;\"><span dir=\"auto\" style=\"vertical-align: inherit;\">bens\u00f3kain duft<\/span><\/span><\/a><\/p>","protected":false},"excerpt":{"rendered":"<p>Inngangur 2C-D 10 mg k\u00falur innihalda n\u00e1kv\u00e6man skammt af 2C-D (2,5-d\u00edmetox\u00fd-4-met\u00fdlfenet\u00fdlam\u00edni) \u2014 sem er me\u00f0limur 2C fj\u00f6lskyldunnar af sta\u00f0gengnum fenet\u00fdlam\u00ednum,<\/p>","protected":false},"featured_media":28369,"comment_status":"closed","ping_status":"closed","template":"","meta":[],"product_brand":[82],"product_cat":[323,325,322,80,324],"product_tag":[661,662,326],"class_list":{"0":"post-24616","1":"product","2":"type-product","3":"status-publish","4":"has-post-thumbnail","6":"product_brand-research-chemical","7":"product_cat-2c-d","8":"product_cat-2c-d-pellets","9":"product_cat-bijna-verboden","10":"product_cat-fenethylamine","11":"product_cat-pellets-for-pellet","12":"product_tag-2c-d","13":"product_tag-2cd","14":"product_tag-nl","16":"first","17":"instock","18":"taxable","19":"shipping-taxable","20":"purchasable","21":"product-type-variable"},"_links":{"self":[{"href":"https:\/\/researchchemicalhub.com\/is\/wp-json\/wp\/v2\/product\/24616","targetHints":{"allow":["GET"]}}],"collection":[{"href":"https:\/\/researchchemicalhub.com\/is\/wp-json\/wp\/v2\/product"}],"about":[{"href":"https:\/\/researchchemicalhub.com\/is\/wp-json\/wp\/v2\/types\/product"}],"replies":[{"embeddable":true,"href":"https:\/\/researchchemicalhub.com\/is\/wp-json\/wp\/v2\/comments?post=24616"}],"version-history":[{"count":6,"href":"https:\/\/researchchemicalhub.com\/is\/wp-json\/wp\/v2\/product\/24616\/revisions"}],"predecessor-version":[{"id":28662,"href":"https:\/\/researchchemicalhub.com\/is\/wp-json\/wp\/v2\/product\/24616\/revisions\/28662"}],"wp:featuredmedia":[{"embeddable":true,"href":"https:\/\/researchchemicalhub.com\/is\/wp-json\/wp\/v2\/media\/28369"}],"wp:attachment":[{"href":"https:\/\/researchchemicalhub.com\/is\/wp-json\/wp\/v2\/media?parent=24616"}],"wp:term":[{"taxonomy":"product_brand","embeddable":true,"href":"https:\/\/researchchemicalhub.com\/is\/wp-json\/wp\/v2\/product_brand?post=24616"},{"taxonomy":"product_cat","embeddable":true,"href":"https:\/\/researchchemicalhub.com\/is\/wp-json\/wp\/v2\/product_cat?post=24616"},{"taxonomy":"product_tag","embeddable":true,"href":"https:\/\/researchchemicalhub.com\/is\/wp-json\/wp\/v2\/product_tag?post=24616"}],"curies":[{"name":"wp","href":"https:\/\/api.w.org\/{rel}","templated":true}]}}