{"id":24579,"date":"2025-10-20T17:42:03","date_gmt":"2025-10-20T17:42:03","guid":{"rendered":"https:\/\/researchchemicalhub.com\/?post_type=product&#038;p=24579"},"modified":"2025-10-29T08:03:21","modified_gmt":"2025-10-29T08:03:21","slug":"3-mig-pcpy-hcl","status":"publish","type":"product","link":"https:\/\/researchchemicalhub.com\/is\/bud\/3-mig-tolvuleiki\/3-mig-pcpy-hcl\/","title":{"rendered":"3-Me-PCPy HCl"},"content":{"rendered":"<h3 data-start=\"4144\" data-end=\"4165\"><strong data-start=\"4148\" data-end=\"4163\">Inngangur<\/strong><\/h3>\n<p data-start=\"4166\" data-end=\"4557\"><strong data-start=\"4166\" data-end=\"4241\">3-Me-PCPy HCl (3-Met\u00fdl-1-(1-fen\u00fdls\u00fdkl\u00f3hex\u00fdl)p\u00fdrr\u00f3lid\u00ednh\u00fddr\u00f3kl\u00f3r\u00ed\u00f0)<\/strong> er <strong data-start=\"4249\" data-end=\"4296\">tilb\u00fai\u00f0 ar\u00fdls\u00fdkl\u00f3hex\u00fdlam\u00edn efnasamband<\/strong>, byggingarlega tengd vi\u00f0 <strong data-start=\"4322\" data-end=\"4330\">PCPy<\/strong> og <strong data-start=\"4334\" data-end=\"4341\">Heilbrig\u00f0isstarfsma\u00f0ur<\/strong>3-Me-PCPy<br data-start=\"4342\" data-end=\"4345\" \/>Efni\u00f0 er nota\u00f0 \u00ed <strong data-start=\"4371\" data-end=\"4409\">taugaefnafr\u00e6\u00f0ilegar og vi\u00f0takaranns\u00f3knir<\/strong>, s\u00e9rstaklega fyrir n\u00e1m <strong data-start=\"4444\" data-end=\"4472\">NMDA vi\u00f0takablokkun<\/strong> og <strong data-start=\"4476\" data-end=\"4517\">tengsl byggingar og virkni (SAR)<\/strong> innan ar\u00fdls\u00fdkl\u00f3hex\u00fdlam\u00ednflokksins.<\/p>\n<p data-start=\"4559\" data-end=\"4764\"><strong data-start=\"4559\" data-end=\"4576\">3-Me-PCPy HCl<\/strong> kemur sem <strong data-start=\"4596\" data-end=\"4640\">kristalla\u00f0 h\u00fddr\u00f3kl\u00f3r\u00ed\u00f0salt me\u00f0 mikilli hreinleika<\/strong> og er eing\u00f6ngu \u00e6tla\u00f0 fyrir <strong data-start=\"4672\" data-end=\"4713\">ranns\u00f3knarstofu- og greiningarranns\u00f3knir<\/strong>, <strong data-start=\"4715\" data-end=\"4763\">ekki til manneldis e\u00f0a d\u00fdraneyslu<\/strong>.<\/p>\n<hr data-start=\"4766\" data-end=\"4769\" \/>\n<h3 data-start=\"4771\" data-end=\"4802\"><strong data-start=\"4775\" data-end=\"4802\">Lykilatri\u00f0i<\/strong><\/h3>\n<ul data-start=\"4804\" data-end=\"5219\">\n<li data-start=\"4804\" data-end=\"4883\">\n<p data-start=\"4806\" data-end=\"4883\"><strong data-start=\"4806\" data-end=\"4825\">Efnaheiti:<\/strong> 3-Met\u00fdl-1-(1-fen\u00fdls\u00fdkl\u00f3hex\u00fdl)p\u00fdrr\u00f3lid\u00ednh\u00fddr\u00f3kl\u00f3r\u00ed\u00f0<\/p>\n<\/li>\n<li data-start=\"4884\" data-end=\"4925\">\n<p data-start=\"4886\" data-end=\"4925\"><strong data-start=\"4886\" data-end=\"4909\">Algengt heiti:<\/strong> 3-Me-PCPy HCl<\/p>\n<\/li>\n<li data-start=\"4926\" data-end=\"4960\">\n<p data-start=\"4928\" data-end=\"4960\"><strong data-start=\"4928\" data-end=\"4948\">Sameindaform\u00fala:<\/strong> C\u2081\u2088H\u2082\u2088ClN<\/p>\n<\/li>\n<li data-start=\"4961\" data-end=\"4998\">\n<p data-start=\"4963\" data-end=\"4998\"><strong data-start=\"4963\" data-end=\"4983\">M\u00f3l\u00feungi:<\/strong> 293,88 g\/m\u00f3l<\/p>\n<\/li>\n<li data-start=\"4999\" data-end=\"5060\">\n<p data-start=\"5001\" data-end=\"5060\"><strong data-start=\"5001\" data-end=\"5012\">Flokkur:<\/strong> Ar\u00fdls\u00fdkl\u00f3hex\u00fdlam\u00edn\/NMDA vi\u00f0takablokki<\/p>\n<\/li>\n<li data-start=\"5061\" data-end=\"5104\">\n<p data-start=\"5063\" data-end=\"5104\"><strong data-start=\"5063\" data-end=\"5072\">Ey\u00f0ubla\u00f0:<\/strong> Kristalla\u00f0 h\u00fddr\u00f3kl\u00f3r\u00ed\u00f0salt<\/p>\n<\/li>\n<li data-start=\"5105\" data-end=\"5157\">\n<p data-start=\"5107\" data-end=\"5157\"><strong data-start=\"5107\" data-end=\"5122\">Hreinleiki:<\/strong> \u2265 98 % (pr\u00f3fa\u00f0 me\u00f0 GC-MS og NMR)<\/p>\n<\/li>\n<li data-start=\"5158\" data-end=\"5219\">\n<p data-start=\"5160\" data-end=\"5219\"><strong data-start=\"5160\" data-end=\"5172\">Notkun:<\/strong> A\u00f0eins til greiningar- og efnafr\u00e6\u00f0ilegra ranns\u00f3kna<\/p>\n<\/li>\n<\/ul>\n<hr data-start=\"5221\" data-end=\"5224\" \/>\n<h3 data-start=\"5226\" data-end=\"5243\"><strong data-start=\"5230\" data-end=\"5243\">Kostir<\/strong><\/h3>\n<ul data-start=\"5245\" data-end=\"5803\">\n<li data-start=\"5245\" data-end=\"5351\">\n<p data-start=\"5247\" data-end=\"5351\"><strong data-start=\"5247\" data-end=\"5277\">Greiningarvi\u00f0mi\u00f0unarefni<\/strong> \u2013 Hentar fyrir eiturefnafr\u00e6\u00f0ilegar pr\u00f3fanir og vi\u00f0takaranns\u00f3knir me\u00f0 GC-MS e\u00f0a LC-MS.<\/p>\n<\/li>\n<li data-start=\"5352\" data-end=\"5472\">\n<p data-start=\"5354\" data-end=\"5472\"><strong data-start=\"5354\" data-end=\"5380\">Samanbur\u00f0arranns\u00f3knir<\/strong> \u2013 Gagnlegt fyrir SAR ranns\u00f3knir \u00e1 milli PCP-l\u00edkra hli\u00f0st\u00e6\u00f0na eins og PCP, 3-MeO-PCP og 3-Me-PCE.<\/p>\n<\/li>\n<li data-start=\"5473\" data-end=\"5574\">\n<p data-start=\"5475\" data-end=\"5574\"><strong data-start=\"5475\" data-end=\"5501\">St\u00f6\u00f0ugt og \u00e1rei\u00f0anlegt<\/strong> \u2013 H\u00fddr\u00f3kl\u00f3r\u00ed\u00f0formi\u00f0 tryggir g\u00f3\u00f0a leysni og geymslu\u00feol.<\/p>\n<\/li>\n<li data-start=\"5575\" data-end=\"5691\">\n<p data-start=\"5577\" data-end=\"5691\"><strong data-start=\"5577\" data-end=\"5598\">Ranns\u00f3knir \u00e1 vi\u00f0t\u00f6kum<\/strong> \u2013 Sty\u00f0ur ranns\u00f3knir \u00e1 bindingu NMDA vi\u00f0taka og v\u00edxlverkun \u00feeirra vi\u00f0 d\u00f3pam\u00ednvirk kerfi.<\/p>\n<\/li>\n<li data-start=\"5692\" data-end=\"5803\">\n<p data-start=\"5694\" data-end=\"5803\"><strong data-start=\"5694\" data-end=\"5719\">G\u00e6\u00f0i ranns\u00f3knarstofu<\/strong> \u2013 Framleitt vi\u00f0 st\u00fdr\u00f0ar a\u00f0st\u00e6\u00f0ur me\u00f0 COA tilt\u00e6ku fyrir hverja lotu.<\/p>\n<\/li>\n<\/ul>\n<hr data-start=\"5805\" data-end=\"5808\" \/>\n<h3 data-start=\"5810\" data-end=\"5862\"><strong data-start=\"5814\" data-end=\"5860\">Notkun (eing\u00f6ngu \u00ed ranns\u00f3knarskyni)<\/strong><\/h3>\n<blockquote data-start=\"5864\" data-end=\"6024\">\n<p data-start=\"5866\" data-end=\"6024\">\u26a0\ufe0f <strong data-start=\"5869\" data-end=\"5880\">Athugi\u00f0:<\/strong> 3-Me-PCPy HCl er eing\u00f6ngu \u00e6tla\u00f0 fyrir <strong data-start=\"5923\" data-end=\"5964\">ranns\u00f3knarstofu- og greiningarranns\u00f3knir<\/strong>.<br data-start=\"5965\" data-end=\"5968\" \/>Ekki hentugt til neyslu manna e\u00f0a d\u00fdra.<\/p>\n<\/blockquote>\n<ol data-start=\"6026\" data-end=\"6442\">\n<li data-start=\"6026\" data-end=\"6115\">\n<p data-start=\"6029\" data-end=\"6115\"><strong data-start=\"6029\" data-end=\"6044\">Me\u00f0h\u00f6ndlun:<\/strong> Noti\u00f0 hanska, \u00f6ryggisgleraugu og ranns\u00f3knarstofuslopp; vinni\u00f0 undir \u00fatbl\u00e1stursloftr\u00e6stingu.<\/p>\n<\/li>\n<li data-start=\"6116\" data-end=\"6200\">\n<p data-start=\"6119\" data-end=\"6200\"><strong data-start=\"6119\" data-end=\"6132\">M\u00e6lingar:<\/strong> Noti\u00f0 kvar\u00f0a\u00f0 greiningart\u00e6ki til a\u00f0 f\u00e1 n\u00e1kv\u00e6ma sk\u00f6mmtun.<\/p>\n<\/li>\n<li data-start=\"6201\" data-end=\"6287\">\n<p data-start=\"6204\" data-end=\"6287\"><strong data-start=\"6204\" data-end=\"6215\">Geymsla:<\/strong> Geymi\u00f0 \u00e1 \u00feurrum, k\u00f6ldum (2\u20138\u00b0C) og dimmum sta\u00f0 \u00ed vel loku\u00f0u \u00edl\u00e1ti.<\/p>\n<\/li>\n<li data-start=\"6288\" data-end=\"6352\">\n<p data-start=\"6291\" data-end=\"6352\"><strong data-start=\"6291\" data-end=\"6303\">Greining:<\/strong> Hentar fyrir GC-MS, LC-MS, FTIR, HPLC og NMR.<\/p>\n<\/li>\n<li data-start=\"6353\" data-end=\"6442\">\n<p data-start=\"6356\" data-end=\"6442\"><strong data-start=\"6356\" data-end=\"6373\">Skj\u00f6lun:<\/strong> Skr\u00e1i\u00f0 lotug\u00f6gn, hreinleika og geymsluskilyr\u00f0i til a\u00f0 tryggja samr\u00e6mi.<\/p>\n<\/li>\n<\/ol>\n<hr data-start=\"6444\" data-end=\"6447\" \/>\n<h3 data-start=\"6449\" data-end=\"6484\"><strong data-start=\"6453\" data-end=\"6482\">Algengar spurningar (FAQ)<\/strong><\/h3>\n<p data-start=\"6486\" data-end=\"6674\"><strong data-start=\"6486\" data-end=\"6514\">1. Hva\u00f0 er 3-Me-PCPy HCl?<\/strong><br data-start=\"6514\" data-end=\"6517\" \/>3-Me-PCPy HCl er tilb\u00fai\u00f0 <strong data-start=\"6551\" data-end=\"6574\">ar\u00fdls\u00fdkl\u00f3hex\u00fdlam\u00edn<\/strong> sem er nota\u00f0 \u00ed greiningar- og taugalyfjafr\u00e6\u00f0ilegum ranns\u00f3knum \u00e1 NMDA vi\u00f0takablokkum.<\/p>\n<p data-start=\"6676\" data-end=\"6853\"><strong data-start=\"6676\" data-end=\"6711\">2. Til hvers er \u00fea\u00f0 nota\u00f0?<\/strong><br data-start=\"6711\" data-end=\"6714\" \/>Fyrir <strong data-start=\"6719\" data-end=\"6748\">ranns\u00f3knir \u00e1 vi\u00f0takabindingu<\/strong>, <strong data-start=\"6750\" data-end=\"6784\">ranns\u00f3knir \u00e1 byggingarvirkni<\/strong> og ef <strong data-start=\"6792\" data-end=\"6810\">vi\u00f0mi\u00f0unarefni<\/strong> \u00ed eiturefnafr\u00e6\u00f0ilegri og greiningarefnafr\u00e6\u00f0i.<\/p>\n<p data-start=\"6855\" data-end=\"7122\"><strong data-start=\"6855\" data-end=\"6902\">3. Er l\u00f6glegt a\u00f0 kaupa 3-Me-PCPy HCl?<\/strong><br data-start=\"6902\" data-end=\"6905\" \/>Hinn <strong data-start=\"6908\" data-end=\"6940\">L\u00f6gm\u00e6ti 3-Me-PCPy HCl<\/strong> Mismunandi eftir l\u00f6ndum. \u00cd sumum h\u00e9ru\u00f0um er \u00fea\u00f0 flokka\u00f0 sem ranns\u00f3knarefni; annars sta\u00f0ar getur \u00fea\u00f0 falli\u00f0 undir \u00f3p\u00eduml\u00f6gin. Athugi\u00f0 alltaf gildandi reglur \u00e1\u00f0ur en \u00fei\u00f0 kaupi\u00f0 e\u00f0a flytji\u00f0 inn.<\/p>","protected":false},"excerpt":{"rendered":"<h3><span dir=\"auto\" style=\"vertical-align: inherit;\"><span dir=\"auto\" style=\"vertical-align: inherit;\">3-Me-PCPy eiginleikar<\/span><\/span><\/h3>\n<p><strong><span dir=\"auto\" style=\"vertical-align: inherit;\"><span dir=\"auto\" style=\"vertical-align: inherit;\">Samheiti:<\/span><\/span><\/strong><span dir=\"auto\" style=\"vertical-align: inherit;\"><span dir=\"auto\" style=\"vertical-align: inherit;\"> 3-Met\u00fdl-PCPy <\/span><\/span><br \/>\n<strong><span dir=\"auto\" style=\"vertical-align: inherit;\"><span dir=\"auto\" style=\"vertical-align: inherit;\">CAS-n\u00famer:<\/span><\/span><\/strong><span dir=\"auto\" style=\"vertical-align: inherit;\"><span dir=\"auto\" style=\"vertical-align: inherit;\"> 1622348-63-3 <\/span><\/span><br \/>\n<strong><span dir=\"auto\" style=\"vertical-align: inherit;\"><span dir=\"auto\" style=\"vertical-align: inherit;\">Form\u00fala: <\/span><\/span><\/strong> <span title=\"Kolefni\"><span dir=\"auto\" style=\"vertical-align: inherit;\"><span dir=\"auto\" style=\"vertical-align: inherit;\">C <\/span><\/span><\/span><sub><span dir=\"auto\" style=\"vertical-align: inherit;\"><span dir=\"auto\" style=\"vertical-align: inherit;\">17 <\/span><\/span><\/sub><span title=\"Vetni\"><span dir=\"auto\" style=\"vertical-align: inherit;\"><span dir=\"auto\" style=\"vertical-align: inherit;\">H <\/span><\/span><\/span><sub><span dir=\"auto\" style=\"vertical-align: inherit;\"><span dir=\"auto\" style=\"vertical-align: inherit;\">25 <\/span><\/span><\/sub><span title=\"K\u00f6fnunarefni\"><span dir=\"auto\" style=\"vertical-align: inherit;\"><span dir=\"auto\" style=\"vertical-align: inherit;\">N <\/span><\/span><\/span><br \/>\n<strong><span dir=\"auto\" style=\"vertical-align: inherit;\"><span dir=\"auto\" style=\"vertical-align: inherit;\">M\u00f3lmassi:<\/span><\/span><\/strong><span dir=\"auto\" style=\"vertical-align: inherit;\"><span dir=\"auto\" style=\"vertical-align: inherit;\"> 243,394 g\/m\u00f3l <\/span><\/span><br \/>\n<strong><span dir=\"auto\" style=\"vertical-align: inherit;\"><span dir=\"auto\" style=\"vertical-align: inherit;\">Hreinleiki:<\/span><\/span><\/strong><span dir=\"auto\" style=\"vertical-align: inherit;\"><span dir=\"auto\" style=\"vertical-align: inherit;\"> &gt;97%<\/span><\/span><\/p>","protected":false},"featured_media":28416,"comment_status":"closed","ping_status":"closed","template":"","meta":[],"product_brand":[82],"product_cat":[456,71],"product_tag":[788,790,789,326],"class_list":{"0":"post-24579","1":"product","2":"type-product","3":"status-publish","4":"has-post-thumbnail","6":"product_brand-research-chemical","7":"product_cat-3-me-pcpy","8":"product_cat-arylcyclohexylamine","9":"product_tag-3-me-pcpy","10":"product_tag-3-me-pcpy-hcl","11":"product_tag-3-me-pcpy-reddit","12":"product_tag-nl","14":"first","15":"instock","16":"taxable","17":"shipping-taxable","18":"purchasable","19":"product-type-variable"},"_links":{"self":[{"href":"https:\/\/researchchemicalhub.com\/is\/wp-json\/wp\/v2\/product\/24579","targetHints":{"allow":["GET"]}}],"collection":[{"href":"https:\/\/researchchemicalhub.com\/is\/wp-json\/wp\/v2\/product"}],"about":[{"href":"https:\/\/researchchemicalhub.com\/is\/wp-json\/wp\/v2\/types\/product"}],"replies":[{"embeddable":true,"href":"https:\/\/researchchemicalhub.com\/is\/wp-json\/wp\/v2\/comments?post=24579"}],"version-history":[{"count":6,"href":"https:\/\/researchchemicalhub.com\/is\/wp-json\/wp\/v2\/product\/24579\/revisions"}],"predecessor-version":[{"id":27764,"href":"https:\/\/researchchemicalhub.com\/is\/wp-json\/wp\/v2\/product\/24579\/revisions\/27764"}],"wp:featuredmedia":[{"embeddable":true,"href":"https:\/\/researchchemicalhub.com\/is\/wp-json\/wp\/v2\/media\/28416"}],"wp:attachment":[{"href":"https:\/\/researchchemicalhub.com\/is\/wp-json\/wp\/v2\/media?parent=24579"}],"wp:term":[{"taxonomy":"product_brand","embeddable":true,"href":"https:\/\/researchchemicalhub.com\/is\/wp-json\/wp\/v2\/product_brand?post=24579"},{"taxonomy":"product_cat","embeddable":true,"href":"https:\/\/researchchemicalhub.com\/is\/wp-json\/wp\/v2\/product_cat?post=24579"},{"taxonomy":"product_tag","embeddable":true,"href":"https:\/\/researchchemicalhub.com\/is\/wp-json\/wp\/v2\/product_tag?post=24579"}],"curies":[{"name":"wp","href":"https:\/\/api.w.org\/{rel}","templated":true}]}}