{"id":24521,"date":"2025-10-20T17:41:54","date_gmt":"2025-10-20T17:41:54","guid":{"rendered":"https:\/\/researchchemicalhub.com\/?post_type=product&#038;p=24521"},"modified":"2025-10-21T16:00:52","modified_gmt":"2025-10-21T16:00:52","slug":"efnaudi","status":"publish","type":"product","link":"https:\/\/researchchemicalhub.com\/is\/bud\/fyrirtaeki-til-fyrirtaekja\/efnaudi\/","title":{"rendered":"Chem-mist NOOPEPT \u00fa\u00f0i"},"content":{"rendered":"<h3 data-start=\"3872\" data-end=\"3893\"><strong data-start=\"3876\" data-end=\"3891\">Inngangur<\/strong><\/h3>\n<p data-start=\"3894\" data-end=\"4254\">Auktu einbeitingu \u00fe\u00edna, sk\u00fdrleika og framlei\u00f0ni me\u00f0 <strong data-start=\"3952\" data-end=\"3979\">Chem-Mist NOOPEPT \u00fa\u00f0i<\/strong> \u2014 h\u00e1g\u00e6\u00f0a <strong data-start=\"3999\" data-end=\"4023\">hugvirk form\u00fala<\/strong> me\u00f0 hra\u00f0ri fr\u00e1sog.<br data-start=\"4042\" data-end=\"4045\" \/>Hver \u00fa\u00f0i inniheldur n\u00e1kv\u00e6mlega m\u00e6ldan skammt <strong data-start=\"4093\" data-end=\"4149\">Noopept (N-fen\u00fdlaset\u00fdl-L-pr\u00f3l\u00fdlgl\u00fds\u00edn et\u00fdl ester)<\/strong>, skj\u00f3tvirkt hugr\u00e6nt \u00f6rvandi efni sem hj\u00e1lpar vi\u00f0 <strong data-start=\"4203\" data-end=\"4251\">minni, n\u00e1msgeta og andleg afk\u00f6st<\/strong>. efna\u00fa\u00f0i<\/p>\n<p data-start=\"4256\" data-end=\"4542\">\u00d3l\u00edkt hylkjum, <strong data-start=\"4292\" data-end=\"4319\">Chem-Mist NOOPEPT \u00fa\u00f0i<\/strong> fyrir <strong data-start=\"4325\" data-end=\"4354\">hr\u00f6\u00f0 fr\u00e1sog undir tungu<\/strong>, sem lei\u00f0ir til betri og hra\u00f0ari \u00e1hrifa. Fullkomi\u00f0 fyrir v\u00edsindamenn, nemendur, fagf\u00f3lk e\u00f0a alla sem hafa \u00e1huga \u00e1 <strong data-start=\"4492\" data-end=\"4539\">hugr\u00e6n hagr\u00e6\u00f0ing og taugaranns\u00f3knir<\/strong>.<\/p>\n<blockquote data-start=\"4544\" data-end=\"4720\">\n<p data-start=\"4546\" data-end=\"4720\">\u26a0\ufe0f <strong data-start=\"4549\" data-end=\"4560\">Athugi\u00f0:<\/strong> \u00deessi vara er eing\u00f6ngu \u00e6tlu\u00f0 fyrir <strong data-start=\"4601\" data-end=\"4637\">ranns\u00f3knir og notkun hugvirkra efna<\/strong> \u00fear sem leyfilegt er.<br data-start=\"4654\" data-end=\"4657\" \/>Ekki \u00e6tla\u00f0 til a\u00f0 greina e\u00f0a me\u00f0h\u00f6ndla neinn sj\u00fakd\u00f3m.<\/p>\n<\/blockquote>\n<hr data-start=\"4722\" data-end=\"4725\" \/>\n<h3 data-start=\"4727\" data-end=\"4758\"><strong data-start=\"4731\" data-end=\"4758\">Lykilatri\u00f0i<\/strong><\/h3>\n<div class=\"_tableContainer_1rjym_1\">\n<div class=\"group _tableWrapper_1rjym_13 flex w-fit flex-col-reverse\" tabindex=\"-1\">\n<table class=\"w-fit min-w-(--thread-content-width)\" data-start=\"4760\" data-end=\"5198\">\n<thead data-start=\"4760\" data-end=\"4786\">\n<tr data-start=\"4760\" data-end=\"4786\">\n<th data-start=\"4760\" data-end=\"4770\" data-col-size=\"sm\">Eiginleiki<\/th>\n<th data-start=\"4770\" data-end=\"4786\" data-col-size=\"md\">L\u00fdsing<\/th>\n<\/tr>\n<\/thead>\n<tbody data-start=\"4815\" data-end=\"5198\">\n<tr data-start=\"4815\" data-end=\"4890\">\n<td data-start=\"4815\" data-end=\"4834\" data-col-size=\"sm\"><strong data-start=\"4817\" data-end=\"4833\">Virkt efni<\/strong><\/td>\n<td data-start=\"4834\" data-end=\"4890\" data-col-size=\"md\">Noopept (N-fen\u00fdlaset\u00fdl-L-pr\u00f3l\u00fdlgl\u00fds\u00edn et\u00fdl ester)<\/td>\n<\/tr>\n<tr data-start=\"4891\" data-end=\"4945\">\n<td data-start=\"4891\" data-end=\"4902\" data-col-size=\"sm\"><strong data-start=\"4893\" data-end=\"4901\">Ey\u00f0ubla\u00f0<\/strong><\/td>\n<td data-start=\"4902\" data-end=\"4945\" data-col-size=\"md\">Tung\u00faru\u00fa\u00f0i (flj\u00f3tandi lausn)<\/td>\n<\/tr>\n<tr data-start=\"4946\" data-end=\"5013\">\n<td data-start=\"4946\" data-end=\"4965\" data-col-size=\"sm\"><strong data-start=\"4948\" data-end=\"4964\">Einbeiting<\/strong><\/td>\n<td data-start=\"4965\" data-end=\"5013\" data-col-size=\"md\">N\u00e1kv\u00e6mlega skammta\u00f0 fyrir samr\u00e6mda notkun<\/td>\n<\/tr>\n<tr data-start=\"5014\" data-end=\"5071\">\n<td data-start=\"5014\" data-end=\"5027\" data-col-size=\"sm\"><strong data-start=\"5016\" data-end=\"5026\">Inntaka<\/strong><\/td>\n<td data-start=\"5027\" data-end=\"5071\" data-col-size=\"md\">Hr\u00f6\u00f0 fr\u00e1sog me\u00f0 gj\u00f6f undir tungu<\/td>\n<\/tr>\n<tr data-start=\"5072\" data-end=\"5136\">\n<td data-start=\"5072\" data-end=\"5086\" data-col-size=\"sm\"><strong data-start=\"5074\" data-end=\"5085\">Notkun<\/strong><\/td>\n<td data-start=\"5086\" data-end=\"5136\" data-col-size=\"md\">Eing\u00f6ngu til ranns\u00f3kna og fr\u00e6\u00f0slu<\/td>\n<\/tr>\n<tr data-start=\"5137\" data-end=\"5198\">\n<td data-start=\"5137\" data-end=\"5154\" data-col-size=\"sm\"><strong data-start=\"5139\" data-end=\"5153\">Umb\u00fa\u00f0ir<\/strong><\/td>\n<td data-start=\"5154\" data-end=\"5198\" data-col-size=\"md\">Handh\u00e6g \u00fa\u00f0aflaska me\u00f0 sk\u00f6mmtunarkerfi<\/td>\n<\/tr>\n<\/tbody>\n<\/table>\n<\/div>\n<\/div>\n<hr data-start=\"5200\" data-end=\"5203\" \/>\n<h3 data-start=\"5205\" data-end=\"5222\"><strong data-start=\"5209\" data-end=\"5222\">Kostir<\/strong><\/h3>\n<ul data-start=\"5224\" data-end=\"5744\">\n<li data-start=\"5224\" data-end=\"5330\">\n<p data-start=\"5226\" data-end=\"5330\"><strong data-start=\"5226\" data-end=\"5261\">Hra\u00f0ur hugr\u00e6nn stu\u00f0ningur<\/strong> \u2013 Fr\u00e1sog undir tungu veitir hra\u00f0ari \u00e1hrif en hylki.<\/p>\n<\/li>\n<li data-start=\"5331\" data-end=\"5448\">\n<p data-start=\"5333\" data-end=\"5448\"><strong data-start=\"5333\" data-end=\"5363\">B\u00e6tt minni og n\u00e1m<\/strong> \u2013 Ranns\u00f3knir s\u00fdna a\u00f0 Noopept getur stutt minni og n\u00e1msgetu.<\/p>\n<\/li>\n<li data-start=\"5449\" data-end=\"5543\">\n<p data-start=\"5451\" data-end=\"5543\"><strong data-start=\"5451\" data-end=\"5488\">Betri einbeiting og andleg sk\u00fdrleiki<\/strong> \u2013 Eykur einbeitingu, orku og framlei\u00f0ni.<\/p>\n<\/li>\n<li data-start=\"5544\" data-end=\"5648\">\n<p data-start=\"5546\" data-end=\"5648\"><strong data-start=\"5546\" data-end=\"5580\">Taugaverndandi eiginleikar<\/strong> \u2013 Getur stu\u00f0la\u00f0 a\u00f0 verndun taugafrumna og heilastarfsemi.<\/p>\n<\/li>\n<li data-start=\"5649\" data-end=\"5744\">\n<p data-start=\"5651\" data-end=\"5744\"><strong data-start=\"5651\" data-end=\"5675\">N\u00e1kv\u00e6m skammtur<\/strong> \u2013 Hver \u00fa\u00f0i inniheldur n\u00e1kv\u00e6mt magn fyrir samr\u00e6mda notkun.<\/p>\n<\/li>\n<\/ul>\n<hr data-start=\"5746\" data-end=\"5749\" \/>\n<h3 data-start=\"5751\" data-end=\"5766\"><strong data-start=\"5755\" data-end=\"5766\">Notkun<\/strong><\/h3>\n<blockquote data-start=\"5768\" data-end=\"5950\">\n<p data-start=\"5770\" data-end=\"5885\"><strong data-start=\"5770\" data-end=\"5816\">R\u00e1\u00f0lag\u00f0ur notkun (\u00ed ranns\u00f3knarskyni):<\/strong><br data-start=\"5816\" data-end=\"5819\" \/>Spreyi\u00f0 undir tunguna til a\u00f0 lyfi\u00f0 fr\u00e1sogist hratt \u00ed gegnum munnsl\u00edmh\u00fa\u00f0ina.<\/p>\n<p data-start=\"5892\" data-end=\"5950\">\u26a0\ufe0fNoti\u00f0 alltaf \u00ed samr\u00e6mi vi\u00f0 gildandi l\u00f6g.<\/p>\n<\/blockquote>\n<ol data-start=\"5952\" data-end=\"6175\">\n<li data-start=\"5952\" data-end=\"5983\">\n<p data-start=\"5955\" data-end=\"5983\">Hristi\u00f0 fl\u00f6skuna varlega.<\/p>\n<\/li>\n<li data-start=\"5984\" data-end=\"6022\">\n<p data-start=\"5987\" data-end=\"6022\">\u00da\u00f0a <strong data-start=\"5993\" data-end=\"6005\">1\u20132 sinnum<\/strong> undir tungunni.<\/p>\n<\/li>\n<li data-start=\"6023\" data-end=\"6073\">\n<p data-start=\"6026\" data-end=\"6073\">V\u00f6r\u00f0ur <strong data-start=\"6032\" data-end=\"6050\">10\u201320 sek\u00fandur<\/strong> og kyngja svo.<\/p>\n<\/li>\n<li data-start=\"6074\" data-end=\"6130\">\n<p data-start=\"6077\" data-end=\"6130\">Noti\u00f0 h\u00e1marksnotkun <strong data-start=\"6094\" data-end=\"6112\">tvisvar \u00e1 dag<\/strong> ef \u00f3ska\u00f0 er.<\/p>\n<\/li>\n<li data-start=\"6131\" data-end=\"6175\">\n<p data-start=\"6134\" data-end=\"6175\">Geymi\u00f0 \u00e1 k\u00f6ldum, \u00feurrum og dimmum sta\u00f0 (15\u201325\u00b0C).<\/p>\n<\/li>\n<\/ol>\n<hr data-start=\"6177\" data-end=\"6180\" \/>\n<h3 data-start=\"6182\" data-end=\"6217\"><strong data-start=\"6186\" data-end=\"6215\">Algengar spurningar (FAQ)<\/strong><\/h3>\n<p data-start=\"6219\" data-end=\"6416\"><strong data-start=\"6219\" data-end=\"6257\">1. Hva\u00f0 er Chem-Mist NOOPEPT sprey?<\/strong><br data-start=\"6257\" data-end=\"6260\" \/><strong data-start=\"6260\" data-end=\"6287\">Chem-Mist NOOPEPT \u00fa\u00f0i<\/strong> er <strong data-start=\"6295\" data-end=\"6317\">hugvirk \u00fa\u00f0i<\/strong> sem sameinar hra\u00f0a fr\u00e1sog og n\u00e1kv\u00e6ma sk\u00f6mmtun fyrir ranns\u00f3knir og hugr\u00e6nan stu\u00f0ning.<\/p>\n<p data-start=\"6418\" data-end=\"6597\"><strong data-start=\"6418\" data-end=\"6443\">2. Hvernig virkar Noopept?<\/strong><br data-start=\"6443\" data-end=\"6446\" \/>Noopept er <strong data-start=\"6461\" data-end=\"6490\">pept\u00ed\u00f0-afleidd hugvirk<\/strong> sem sty\u00f0ur vi\u00f0 heilastarfsemi me\u00f0 \u00fev\u00ed a\u00f0 <strong data-start=\"6529\" data-end=\"6594\">b\u00e6tt taugasamskipti og verndun heilafrumna<\/strong>.<\/p>\n<p data-start=\"6599\" data-end=\"6853\"><strong data-start=\"6599\" data-end=\"6652\">3. Er l\u00f6glegt a\u00f0 kaupa Chem-Mist NOOPEPT spreyi\u00f0?<\/strong><br data-start=\"6652\" data-end=\"6655\" \/>Hinn <strong data-start=\"6658\" data-end=\"6684\">l\u00f6gm\u00e6ti Noopept<\/strong> Mismunandi eftir l\u00f6ndum. \u00cd m\u00f6rgum h\u00e9ru\u00f0um er \u00fea\u00f0 leyfilegt til ranns\u00f3kna e\u00f0a notkunar sem f\u00e6\u00f0ub\u00f3tarefna, en \u00ed sumum l\u00f6ndum er \u00fea\u00f0 stj\u00f3rna\u00f0. Athugi\u00f0 alltaf gildandi reglur.<\/p>","protected":false},"excerpt":{"rendered":"<h2><strong>Chem-mist NOOPEPT 1,5 mg \u00fa\u00f0i<\/strong><\/h2>\n<ul>\n<li><strong>Sm\u00e1s\u00f6luumb\u00fa\u00f0ir<br \/>\n<\/strong><\/li>\n<li><strong>Magn af NOOPEPT mg \u00ed hverjum \u00fa\u00f0a: 1,5<\/strong><\/li>\n<li><strong>Ver\u00f0 \u00e1n VSK 21%<\/strong><\/li>\n<li><strong>R\u00e1\u00f0lagt sm\u00e1s\u00f6luver\u00f0: 24,95 evrur me\u00f0 VSK<\/strong><\/li>\n<\/ul>","protected":false},"featured_media":21299,"comment_status":"closed","ping_status":"closed","template":"","meta":[],"product_brand":[82],"product_cat":[555],"product_tag":[812,810,811,326,813,814,815],"class_list":{"0":"post-24521","1":"product","2":"type-product","3":"status-publish","4":"has-post-thumbnail","6":"product_brand-research-chemical","7":"product_cat-b2b","8":"product_tag-buy-noopept-spray","9":"product_tag-chem-mist-spray","10":"product_tag-chem-mist","11":"product_tag-nl","12":"product_tag-noopept-nasal-spray","13":"product_tag-noopept-nasal-spray-diy","14":"product_tag-noopept-nasal-spray-dosage","16":"first","17":"instock","18":"taxable","19":"shipping-taxable","20":"purchasable","21":"product-type-variable"},"_links":{"self":[{"href":"https:\/\/researchchemicalhub.com\/is\/wp-json\/wp\/v2\/product\/24521","targetHints":{"allow":["GET"]}}],"collection":[{"href":"https:\/\/researchchemicalhub.com\/is\/wp-json\/wp\/v2\/product"}],"about":[{"href":"https:\/\/researchchemicalhub.com\/is\/wp-json\/wp\/v2\/types\/product"}],"replies":[{"embeddable":true,"href":"https:\/\/researchchemicalhub.com\/is\/wp-json\/wp\/v2\/comments?post=24521"}],"version-history":[{"count":5,"href":"https:\/\/researchchemicalhub.com\/is\/wp-json\/wp\/v2\/product\/24521\/revisions"}],"predecessor-version":[{"id":27772,"href":"https:\/\/researchchemicalhub.com\/is\/wp-json\/wp\/v2\/product\/24521\/revisions\/27772"}],"wp:featuredmedia":[{"embeddable":true,"href":"https:\/\/researchchemicalhub.com\/is\/wp-json\/wp\/v2\/media\/21299"}],"wp:attachment":[{"href":"https:\/\/researchchemicalhub.com\/is\/wp-json\/wp\/v2\/media?parent=24521"}],"wp:term":[{"taxonomy":"product_brand","embeddable":true,"href":"https:\/\/researchchemicalhub.com\/is\/wp-json\/wp\/v2\/product_brand?post=24521"},{"taxonomy":"product_cat","embeddable":true,"href":"https:\/\/researchchemicalhub.com\/is\/wp-json\/wp\/v2\/product_cat?post=24521"},{"taxonomy":"product_tag","embeddable":true,"href":"https:\/\/researchchemicalhub.com\/is\/wp-json\/wp\/v2\/product_tag?post=24521"}],"curies":[{"name":"wp","href":"https:\/\/api.w.org\/{rel}","templated":true}]}}