{"id":24494,"date":"2025-10-20T17:41:49","date_gmt":"2025-10-20T17:41:49","guid":{"rendered":"https:\/\/researchchemicalhub.com\/?post_type=product&#038;p=24494"},"modified":"2025-10-29T08:19:48","modified_gmt":"2025-10-29T08:19:48","slug":"5-kort-2","status":"publish","type":"product","link":"https:\/\/researchchemicalhub.com\/is\/bud\/fyrirtaeki-til-fyrirtaekja\/5-kort-2\/","title":{"rendered":"5-MAPB 5 ml t\u00fapa"},"content":{"rendered":"<ul>\n<li>\n<h3 data-start=\"4017\" data-end=\"4038\"><strong data-start=\"4021\" data-end=\"4036\">Inngangur<\/strong><\/h3>\n<p data-start=\"4039\" data-end=\"4448\"><strong data-start=\"4039\" data-end=\"4060\">5-MAPB 5 ml t\u00fapa<\/strong> inniheldur <strong data-start=\"4071\" data-end=\"4115\">n\u00e1kv\u00e6mlega \u00fatb\u00fain ranns\u00f3knarstofulausn<\/strong> eftir <strong data-start=\"4120\" data-end=\"4166\">5-MAPB (5-(2-met\u00fdlam\u00edn\u00f3pr\u00f3p\u00fdl)bens\u00f3f\u00faran)<\/strong> - Einn <strong data-start=\"4173\" data-end=\"4202\">ranns\u00f3knarefni fyrir bens\u00f3f\u00faran<\/strong> sem tengist byggingarlega <strong data-start=\"4234\" data-end=\"4243\">6-APB<\/strong> og <strong data-start=\"4247\" data-end=\"4255\">MDMA<\/strong>. 5 kort<br data-start=\"4256\" data-end=\"4259\" \/>Inni <strong data-start=\"4266\" data-end=\"4307\">greiningar- og taugaefnafr\u00e6\u00f0ilegar ranns\u00f3knir<\/strong> 5-MAPB er nota\u00f0 \u00ed ranns\u00f3knum \u00e1 <strong data-start=\"4348\" data-end=\"4374\">m\u00f3n\u00f3am\u00edn flutningsa\u00f0ilar<\/strong>, <strong data-start=\"4376\" data-end=\"4402\">ser\u00f3t\u00f3n\u00ednvirkni<\/strong> og <strong data-start=\"4406\" data-end=\"4445\">litskiljunargreining<\/strong>.<\/p>\n<p data-start=\"4450\" data-end=\"4650\">Lausnin er \u00fatb\u00fain me\u00f0 <strong data-start=\"4480\" data-end=\"4503\">\u2265 98% hreint 5-MAPB<\/strong>, uppleyst \u00ed <strong data-start=\"4521\" data-end=\"4553\">leysiefni \u00ed ranns\u00f3knarflokki<\/strong>, og pakka\u00f0 \u00ed <strong data-start=\"4573\" data-end=\"4607\">gult 5 ml glerr\u00f6r<\/strong> til a\u00f0 verjast lj\u00f3si og oxun.<\/p>\n<blockquote data-start=\"4652\" data-end=\"4798\">\n<p data-start=\"4654\" data-end=\"4798\">\u26a0\ufe0f <strong data-start=\"4657\" data-end=\"4668\">Athugi\u00f0:<\/strong> \u00deessi vara er eing\u00f6ngu \u00e6tlu\u00f0 fyrir <strong data-start=\"4709\" data-end=\"4744\">ranns\u00f3knir og greiningarnotkun<\/strong> \u2014 <strong data-start=\"4747\" data-end=\"4795\">ekki til manneldis e\u00f0a d\u00fdraneyslu<\/strong>.<\/p>\n<\/blockquote>\n<hr data-start=\"4800\" data-end=\"4803\" \/>\n<h3 data-start=\"4805\" data-end=\"4836\"><strong data-start=\"4809\" data-end=\"4836\">Lykilatri\u00f0i<\/strong><\/h3>\n<div class=\"_tableContainer_1rjym_1\">\n<div class=\"group _tableWrapper_1rjym_13 flex w-fit flex-col-reverse\" tabindex=\"-1\">\n<table class=\"w-fit min-w-(--thread-content-width)\" data-start=\"4838\" data-end=\"5435\">\n<thead data-start=\"4838\" data-end=\"4864\">\n<tr data-start=\"4838\" data-end=\"4864\">\n<th data-start=\"4838\" data-end=\"4848\" data-col-size=\"sm\">Eiginleiki<\/th>\n<th data-start=\"4848\" data-end=\"4864\" data-col-size=\"md\">L\u00fdsing<\/th>\n<\/tr>\n<\/thead>\n<tbody data-start=\"4893\" data-end=\"5435\">\n<tr data-start=\"4893\" data-end=\"4951\">\n<td data-start=\"4893\" data-end=\"4914\" data-col-size=\"sm\"><strong data-start=\"4895\" data-end=\"4913\">Efnaheiti<\/strong><\/td>\n<td data-start=\"4914\" data-end=\"4951\" data-col-size=\"md\">5-(2-met\u00fdlam\u00edn\u00f3pr\u00f3p\u00fdl)bens\u00f3f\u00faran<\/td>\n<\/tr>\n<tr data-start=\"4952\" data-end=\"4987\">\n<td data-start=\"4952\" data-end=\"4977\" data-col-size=\"sm\"><strong data-start=\"4954\" data-end=\"4976\">Algengt heiti<\/strong><\/td>\n<td data-start=\"4977\" data-end=\"4987\" data-col-size=\"md\">5-MAPB<\/td>\n<\/tr>\n<tr data-start=\"4988\" data-end=\"5024\">\n<td data-start=\"4988\" data-end=\"5012\" data-col-size=\"sm\"><strong data-start=\"4990\" data-end=\"5011\">Efnaform\u00fala<\/strong><\/td>\n<td data-start=\"5012\" data-end=\"5024\" data-col-size=\"md\">C\u2081\u2082H\u2081\u2087NO<\/td>\n<\/tr>\n<tr data-start=\"5025\" data-end=\"5063\">\n<td data-start=\"5025\" data-end=\"5047\" data-col-size=\"sm\"><strong data-start=\"5027\" data-end=\"5046\">M\u00f3l\u00feungi<\/strong><\/td>\n<td data-start=\"5047\" data-end=\"5063\" data-col-size=\"md\">191,27 g\/m\u00f3l<\/td>\n<\/tr>\n<tr data-start=\"5064\" data-end=\"5125\">\n<td data-start=\"5064\" data-end=\"5075\" data-col-size=\"sm\"><strong data-start=\"5066\" data-end=\"5074\">Ey\u00f0ubla\u00f0<\/strong><\/td>\n<td data-start=\"5075\" data-end=\"5125\" data-col-size=\"md\">Flj\u00f3tandi lausn (\u00ed pr\u00f3funarleysi)<\/td>\n<\/tr>\n<tr data-start=\"5126\" data-end=\"5189\">\n<td data-start=\"5126\" data-end=\"5145\" data-col-size=\"sm\"><strong data-start=\"5128\" data-end=\"5144\">Einbeiting<\/strong><\/td>\n<td data-start=\"5145\" data-end=\"5189\" data-col-size=\"md\">Ranns\u00f3knarstofusta\u00f0all (h\u00e1\u00f0ur framlei\u00f0slulotu)<\/td>\n<\/tr>\n<tr data-start=\"5190\" data-end=\"5237\">\n<td data-start=\"5190\" data-end=\"5203\" data-col-size=\"sm\"><strong data-start=\"5192\" data-end=\"5202\">Hlj\u00f3\u00f0styrkur<\/strong><\/td>\n<td data-start=\"5203\" data-end=\"5237\" data-col-size=\"md\">5 ml gult glerr\u00f6r<\/td>\n<\/tr>\n<tr data-start=\"5238\" data-end=\"5289\">\n<td data-start=\"5238\" data-end=\"5255\" data-col-size=\"sm\"><strong data-start=\"5240\" data-end=\"5254\">Hreinleiki<\/strong><\/td>\n<td data-start=\"5255\" data-end=\"5289\" data-col-size=\"md\">\u2265 98% (pr\u00f3fa\u00f0 me\u00f0 HPLC og NMR)<\/td>\n<\/tr>\n<tr data-start=\"5290\" data-end=\"5369\">\n<td data-start=\"5290\" data-end=\"5304\" data-col-size=\"sm\"><strong data-start=\"5292\" data-end=\"5303\">Notkun<\/strong><\/td>\n<td data-start=\"5304\" data-end=\"5369\" data-col-size=\"md\">A\u00f0eins fyrir greiningar-, r\u00e9ttarl\u00e6knisfr\u00e6\u00f0ilegar og taugaefnafr\u00e6\u00f0ilegar ranns\u00f3knir<\/td>\n<\/tr>\n<tr data-start=\"5370\" data-end=\"5435\">\n<td data-start=\"5370\" data-end=\"5387\" data-col-size=\"sm\"><strong data-start=\"5372\" data-end=\"5386\">Umb\u00fa\u00f0ir<\/strong><\/td>\n<td data-start=\"5387\" data-end=\"5435\" data-col-size=\"md\">Gulbr\u00fant gler me\u00f0 loft\u00fe\u00e9ttu innsigli<\/td>\n<\/tr>\n<\/tbody>\n<\/table>\n<\/div>\n<\/div>\n<hr data-start=\"5437\" data-end=\"5440\" \/>\n<h3 data-start=\"5442\" data-end=\"5459\"><strong data-start=\"5446\" data-end=\"5459\">Kostir<\/strong><\/h3>\n<ul data-start=\"5461\" data-end=\"5878\">\n<li data-start=\"5461\" data-end=\"5556\">\n<p data-start=\"5463\" data-end=\"5556\"><strong data-start=\"5463\" data-end=\"5482\">Mikil hreinleiki<\/strong> \u2013 \u00datb\u00fai\u00f0 me\u00f0 \u2265 98% hreinu 5-MAPB til a\u00f0 f\u00e1 \u00e1rei\u00f0anlegar ranns\u00f3knarni\u00f0urst\u00f6\u00f0ur.<\/p>\n<\/li>\n<li data-start=\"5557\" data-end=\"5636\">\n<p data-start=\"5559\" data-end=\"5636\"><strong data-start=\"5559\" data-end=\"5586\">Tilb\u00fain lausn<\/strong> \u2013 5 ml t\u00fapa einf\u00f6ldar sk\u00f6mmtun og greiningu.<\/p>\n<\/li>\n<li data-start=\"5637\" data-end=\"5708\">\n<p data-start=\"5639\" data-end=\"5708\"><strong data-start=\"5639\" data-end=\"5662\">Lj\u00f3s\u00feoli\u00f0 gler<\/strong> \u2013 Verndar tenginguna gegn r\u00fdrnun. 5 mapb<\/p>\n<\/li>\n<li data-start=\"5709\" data-end=\"5799\">\n<p data-start=\"5711\" data-end=\"5799\"><strong data-start=\"5711\" data-end=\"5741\">V\u00ed\u00f0t\u00e6k ranns\u00f3knarvi\u00f0mi\u00f0<\/strong> \u2013 Hentar fyrir GC\/MS, LC-MS, HPLC, FTIR og UV greiningu.<\/p>\n<\/li>\n<li data-start=\"5800\" data-end=\"5878\">\n<p data-start=\"5802\" data-end=\"5878\"><strong data-start=\"5802\" data-end=\"5825\">H\u00f3past\u00fdrt<\/strong> \u2013 Hver lota pr\u00f3fu\u00f0 me\u00f0 tilliti til styrks og hreinleika.<\/p>\n<\/li>\n<\/ul>\n<hr data-start=\"5880\" data-end=\"5883\" \/>\n<h3 data-start=\"5885\" data-end=\"5937\"><strong data-start=\"5889\" data-end=\"5935\">Notkun (eing\u00f6ngu \u00ed ranns\u00f3knarskyni)<\/strong><\/h3>\n<ol data-start=\"5939\" data-end=\"6330\">\n<li data-start=\"5939\" data-end=\"6033\">\n<p data-start=\"5942\" data-end=\"6033\"><strong data-start=\"5942\" data-end=\"5957\">Me\u00f0h\u00f6ndlun:<\/strong> Noti\u00f0 hanska, \u00f6ryggisgleraugu og ranns\u00f3knarstofuslopp; vinni\u00f0 undir reykh\u00fafu.<\/p>\n<\/li>\n<li data-start=\"6034\" data-end=\"6096\">\n<p data-start=\"6037\" data-end=\"6096\"><strong data-start=\"6037\" data-end=\"6050\">M\u00e6lingar:<\/strong> Noti\u00f0 p\u00edpettur til a\u00f0 f\u00e1 n\u00e1kv\u00e6ma sk\u00f6mmtun.<\/p>\n<\/li>\n<li data-start=\"6097\" data-end=\"6167\">\n<p data-start=\"6100\" data-end=\"6167\"><strong data-start=\"6100\" data-end=\"6111\">Geymsla:<\/strong> Geymi\u00f0 \u00e1 k\u00f6ldum sta\u00f0 (2\u20138\u00b0C), \u00feurrum og dimmum sta\u00f0; m\u00e1 ekki frj\u00f3sa.<\/p>\n<\/li>\n<li data-start=\"6168\" data-end=\"6263\">\n<p data-start=\"6171\" data-end=\"6263\"><strong data-start=\"6171\" data-end=\"6183\">Greining:<\/strong> Hentar fyrir litskiljun, litr\u00f3fsgreiningu og r\u00e9ttarl\u00e6knisfr\u00e6\u00f0ilega tilv\u00edsunargreiningu.<\/p>\n<\/li>\n<li data-start=\"6264\" data-end=\"6330\">\n<p data-start=\"6267\" data-end=\"6330\"><strong data-start=\"6267\" data-end=\"6284\">Skj\u00f6lun:<\/strong> Skr\u00e1i\u00f0 lotun\u00famer og greiningarvottor\u00f0.<\/p>\n<\/li>\n<\/ol>\n<hr data-start=\"6332\" data-end=\"6335\" \/>\n<h3 data-start=\"6337\" data-end=\"6372\"><strong data-start=\"6341\" data-end=\"6370\">Algengar spurningar (FAQ)<\/strong><\/h3>\n<p data-start=\"6374\" data-end=\"6553\"><strong data-start=\"6374\" data-end=\"6395\">1. Hva\u00f0 er 5-MAPB?<\/strong><br data-start=\"6395\" data-end=\"6398\" \/><strong data-start=\"6398\" data-end=\"6444\">5-MAPB (5-(2-met\u00fdlam\u00edn\u00f3pr\u00f3p\u00fdl)bens\u00f3f\u00faran)<\/strong> er <strong data-start=\"6452\" data-end=\"6490\">tilb\u00fai\u00f0 bens\u00f3f\u00faran efnasamband<\/strong> sem er nota\u00f0 \u00ed greiningar- og taugaefnafr\u00e6\u00f0ilegum ranns\u00f3knum.<\/p>\n<p data-start=\"6555\" data-end=\"6708\"><strong data-start=\"6555\" data-end=\"6598\">2. Hva\u00f0 er \u00ed 5-MAPB 5 ml t\u00fapunni?<\/strong><br data-start=\"6598\" data-end=\"6601\" \/>R\u00f6ri\u00f0 inniheldur <strong data-start=\"6618\" data-end=\"6642\">5 ml af 5-MAPB lausn<\/strong> (\u2265 98% hreinleiki), tilb\u00fai\u00f0 til notkunar \u00ed ranns\u00f3knarstofugreiningum.<\/p>\n<p data-start=\"6710\" data-end=\"6922\"><strong data-start=\"6710\" data-end=\"6750\">3. Er l\u00f6glegt a\u00f0 kaupa 5-MAPB?<\/strong><br data-start=\"6750\" data-end=\"6753\" \/>Hinn <strong data-start=\"6756\" data-end=\"6781\">l\u00f6gm\u00e6ti 5-MAPB<\/strong> er mismunandi eftir l\u00f6ndum. \u00cd sumum l\u00f6ndum er \u00fea\u00f0 stj\u00f3rna\u00f0 af \u00f3p\u00eduml\u00f6gunum; athuga\u00f0u alltaf gildandi l\u00f6g \u00e1\u00f0ur en \u00fe\u00fa notar \u00fea\u00f0. <strong data-start=\"6903\" data-end=\"6919\">5-MAPB kaupir<\/strong>.<\/p>\n<\/li>\n<\/ul>","protected":false},"excerpt":{"rendered":"<h2><strong><span dir=\"auto\" style=\"vertical-align: inherit;\"><span dir=\"auto\" style=\"vertical-align: inherit;\">5-MAPB 5 ml t\u00fapa<\/span><\/span><\/strong><\/h2>","protected":false},"featured_media":28454,"comment_status":"closed","ping_status":"closed","template":"","meta":[],"product_brand":[],"product_cat":[555],"product_tag":[109,326],"class_list":{"0":"post-24494","1":"product","2":"type-product","3":"status-publish","4":"has-post-thumbnail","6":"product_cat-b2b","7":"product_tag-5-mapb","8":"product_tag-nl","10":"first","11":"instock","12":"taxable","13":"shipping-taxable","14":"purchasable","15":"product-type-variable"},"_links":{"self":[{"href":"https:\/\/researchchemicalhub.com\/is\/wp-json\/wp\/v2\/product\/24494","targetHints":{"allow":["GET"]}}],"collection":[{"href":"https:\/\/researchchemicalhub.com\/is\/wp-json\/wp\/v2\/product"}],"about":[{"href":"https:\/\/researchchemicalhub.com\/is\/wp-json\/wp\/v2\/types\/product"}],"replies":[{"embeddable":true,"href":"https:\/\/researchchemicalhub.com\/is\/wp-json\/wp\/v2\/comments?post=24494"}],"version-history":[{"count":5,"href":"https:\/\/researchchemicalhub.com\/is\/wp-json\/wp\/v2\/product\/24494\/revisions"}],"predecessor-version":[{"id":27782,"href":"https:\/\/researchchemicalhub.com\/is\/wp-json\/wp\/v2\/product\/24494\/revisions\/27782"}],"wp:featuredmedia":[{"embeddable":true,"href":"https:\/\/researchchemicalhub.com\/is\/wp-json\/wp\/v2\/media\/28454"}],"wp:attachment":[{"href":"https:\/\/researchchemicalhub.com\/is\/wp-json\/wp\/v2\/media?parent=24494"}],"wp:term":[{"taxonomy":"product_brand","embeddable":true,"href":"https:\/\/researchchemicalhub.com\/is\/wp-json\/wp\/v2\/product_brand?post=24494"},{"taxonomy":"product_cat","embeddable":true,"href":"https:\/\/researchchemicalhub.com\/is\/wp-json\/wp\/v2\/product_cat?post=24494"},{"taxonomy":"product_tag","embeddable":true,"href":"https:\/\/researchchemicalhub.com\/is\/wp-json\/wp\/v2\/product_tag?post=24494"}],"curies":[{"name":"wp","href":"https:\/\/api.w.org\/{rel}","templated":true}]}}