{"id":24487,"date":"2025-10-20T17:41:49","date_gmt":"2025-10-20T17:41:49","guid":{"rendered":"https:\/\/researchchemicalhub.com\/?post_type=product&#038;p=24487"},"modified":"2025-10-29T08:17:45","modified_gmt":"2025-10-29T08:17:45","slug":"5-mapb-mix-05gr","status":"publish","type":"product","link":"https:\/\/researchchemicalhub.com\/is\/shop\/b2b\/5-mapb-mix-05gr\/","title":{"rendered":"5-MAPB blanda 0,5 gr\u00f6mm"},"content":{"rendered":"<ul>\n<li>\n<h3 data-start=\"3942\" data-end=\"3963\"><strong data-start=\"3946\" data-end=\"3961\"><span dir=\"auto\" style=\"vertical-align: inherit;\"><span dir=\"auto\" style=\"vertical-align: inherit;\">Inngangur<\/span><\/span><\/strong><\/h3>\n<p data-start=\"3964\" data-end=\"4373\"><strong data-start=\"3964\" data-end=\"3989\"><span dir=\"auto\" style=\"vertical-align: inherit;\"><span dir=\"auto\" style=\"vertical-align: inherit;\">5-MAPB Mix 0.5g Sachet<\/span><\/span><\/strong><span dir=\"auto\" style=\"vertical-align: inherit;\"><span dir=\"auto\" style=\"vertical-align: inherit;\"> contains 0.5 gram <\/span><span dir=\"auto\" style=\"vertical-align: inherit;\">e\u00f0a <\/span><strong data-start=\"4056\" data-end=\"4100\"><span dir=\"auto\" style=\"vertical-align: inherit;\">laboratory grade (\u2265 98% purity) <\/span><\/strong><\/span><strong data-start=\"3996\" data-end=\"4051\"><span dir=\"auto\" style=\"vertical-align: inherit;\"><span dir=\"auto\" style=\"vertical-align: inherit;\">5-MAPB (5-(2-met\u00fdlam\u00edn\u00f3pr\u00f3p\u00fdl)bens\u00f3f\u00faran)<\/span><\/span><\/strong><span dir=\"auto\" style=\"vertical-align: inherit;\"><span dir=\"auto\" style=\"vertical-align: inherit;\"> in crystalline form. 5-mapb <\/span><span dir=\"auto\" style=\"vertical-align: inherit;\">This <\/span><strong data-start=\"4130\" data-end=\"4168\"><span dir=\"auto\" style=\"vertical-align: inherit;\">tilb\u00fai\u00f0 bens\u00f3f\u00faran efnasamband<\/span><\/strong><span dir=\"auto\" style=\"vertical-align: inherit;\"> is structurally related to <\/span><strong data-start=\"4196\" data-end=\"4204\"><span dir=\"auto\" style=\"vertical-align: inherit;\">MDMA<\/span><\/strong><span dir=\"auto\" style=\"vertical-align: inherit;\"> og <\/span><strong data-start=\"4208\" data-end=\"4217\"><span dir=\"auto\" style=\"vertical-align: inherit;\">6-APB<\/span><\/strong><span dir=\"auto\" style=\"vertical-align: inherit;\"> og er nota\u00f0 \u00ed <\/span><strong data-start=\"4239\" data-end=\"4292\"><span dir=\"auto\" style=\"vertical-align: inherit;\">forensic, analytical, and neurochemical research<\/span><\/strong><span dir=\"auto\" style=\"vertical-align: inherit;\"> \u00e1 <\/span><strong data-start=\"4298\" data-end=\"4324\"><span dir=\"auto\" style=\"vertical-align: inherit;\">serotonin transporters<\/span><\/strong><span dir=\"auto\" style=\"vertical-align: inherit;\"> og <\/span><strong data-start=\"4328\" data-end=\"4370\"><span dir=\"auto\" style=\"vertical-align: inherit;\">tengsl byggingar og virkni (SAR)<\/span><\/strong><span dir=\"auto\" style=\"vertical-align: inherit;\"> .<\/span><\/span><\/p>\n<p data-start=\"4375\" data-end=\"4526\"><span dir=\"auto\" style=\"vertical-align: inherit;\"><span dir=\"auto\" style=\"vertical-align: inherit;\">Efni\u00f0 er afhent \u00ed <\/span><\/span><strong data-start=\"4405\" data-end=\"4442\"><span dir=\"auto\" style=\"vertical-align: inherit;\"><span dir=\"auto\" style=\"vertical-align: inherit;\">moisture-proof resealable pouch<\/span><\/span><\/strong><span dir=\"auto\" style=\"vertical-align: inherit;\"><span dir=\"auto\" style=\"vertical-align: inherit;\"> and is suitable for <\/span><\/span><strong data-start=\"4463\" data-end=\"4523\"><span dir=\"auto\" style=\"vertical-align: inherit;\"><span dir=\"auto\" style=\"vertical-align: inherit;\">chromatography, spectroscopy and chemical identification<\/span><\/span><\/strong><span dir=\"auto\" style=\"vertical-align: inherit;\"><span dir=\"auto\" style=\"vertical-align: inherit;\"> .<\/span><\/span><\/p>\n<blockquote data-start=\"4528\" data-end=\"4669\">\n<p data-start=\"4530\" data-end=\"4669\">\u26a0\ufe0f <strong data-start=\"4533\" data-end=\"4544\"><span dir=\"auto\" style=\"vertical-align: inherit;\"><span dir=\"auto\" style=\"vertical-align: inherit;\">Var\u00fa\u00f0:<\/span><\/span><\/strong><span dir=\"auto\" style=\"vertical-align: inherit;\"><span dir=\"auto\" style=\"vertical-align: inherit;\"> 5-MAPB is intended for <\/span><\/span><strong data-start=\"4580\" data-end=\"4615\"><span dir=\"auto\" style=\"vertical-align: inherit;\"><span dir=\"auto\" style=\"vertical-align: inherit;\">ranns\u00f3knir og greiningarnotkun<\/span><\/span><\/strong><span dir=\"auto\" style=\"vertical-align: inherit;\"><span dir=\"auto\" style=\"vertical-align: inherit;\"> a\u00f0eins \u2014 <\/span><\/span><strong data-start=\"4618\" data-end=\"4666\"><span dir=\"auto\" style=\"vertical-align: inherit;\"><span dir=\"auto\" style=\"vertical-align: inherit;\">ekki til manneldis e\u00f0a d\u00fdraneyslu<\/span><\/span><\/strong><span dir=\"auto\" style=\"vertical-align: inherit;\"><span dir=\"auto\" style=\"vertical-align: inherit;\"> .<\/span><\/span><\/p>\n<\/blockquote>\n<hr data-start=\"4671\" data-end=\"4674\" \/>\n<h3 data-start=\"4676\" data-end=\"4707\"><strong data-start=\"4680\" data-end=\"4707\"><span dir=\"auto\" style=\"vertical-align: inherit;\"><span dir=\"auto\" style=\"vertical-align: inherit;\">Lykilatri\u00f0i<\/span><\/span><\/strong><\/h3>\n<div class=\"_tableContainer_1rjym_1\">\n<div class=\"group _tableWrapper_1rjym_13 flex w-fit flex-col-reverse\" tabindex=\"-1\">\n<table class=\"w-fit min-w-(--thread-content-width)\" data-start=\"4709\" data-end=\"5295\">\n<thead data-start=\"4709\" data-end=\"4735\">\n<tr data-start=\"4709\" data-end=\"4735\">\n<th data-start=\"4709\" data-end=\"4719\" data-col-size=\"sm\"><span dir=\"auto\" style=\"vertical-align: inherit;\"><span dir=\"auto\" style=\"vertical-align: inherit;\">Eiginleiki<\/span><\/span><\/th>\n<th data-start=\"4719\" data-end=\"4735\" data-col-size=\"md\"><span dir=\"auto\" style=\"vertical-align: inherit;\"><span dir=\"auto\" style=\"vertical-align: inherit;\">L\u00fdsing<\/span><\/span><\/th>\n<\/tr>\n<\/thead>\n<tbody data-start=\"4764\" data-end=\"5295\">\n<tr data-start=\"4764\" data-end=\"4822\">\n<td data-start=\"4764\" data-end=\"4785\" data-col-size=\"sm\"><strong data-start=\"4766\" data-end=\"4784\"><span dir=\"auto\" style=\"vertical-align: inherit;\"><span dir=\"auto\" style=\"vertical-align: inherit;\">Efnaheiti<\/span><\/span><\/strong><\/td>\n<td data-start=\"4785\" data-end=\"4822\" data-col-size=\"md\"><span dir=\"auto\" style=\"vertical-align: inherit;\"><span dir=\"auto\" style=\"vertical-align: inherit;\">5-(2-met\u00fdlam\u00edn\u00f3pr\u00f3p\u00fdl)bens\u00f3f\u00faran<\/span><\/span><\/td>\n<\/tr>\n<tr data-start=\"4823\" data-end=\"4858\">\n<td data-start=\"4823\" data-end=\"4848\" data-col-size=\"sm\"><strong data-start=\"4825\" data-end=\"4847\"><span dir=\"auto\" style=\"vertical-align: inherit;\"><span dir=\"auto\" style=\"vertical-align: inherit;\">Algengt heiti<\/span><\/span><\/strong><\/td>\n<td data-start=\"4848\" data-end=\"4858\" data-col-size=\"md\"><span dir=\"auto\" style=\"vertical-align: inherit;\"><span dir=\"auto\" style=\"vertical-align: inherit;\">5-MAPB<\/span><\/span><\/td>\n<\/tr>\n<tr data-start=\"4859\" data-end=\"4895\">\n<td data-start=\"4859\" data-end=\"4883\" data-col-size=\"sm\"><strong data-start=\"4861\" data-end=\"4882\"><span dir=\"auto\" style=\"vertical-align: inherit;\"><span dir=\"auto\" style=\"vertical-align: inherit;\">Efnaform\u00fala<\/span><\/span><\/strong><\/td>\n<td data-start=\"4883\" data-end=\"4895\" data-col-size=\"md\"><span dir=\"auto\" style=\"vertical-align: inherit;\"><span dir=\"auto\" style=\"vertical-align: inherit;\">C\u2081\u2082H\u2081\u2087NO<\/span><\/span><\/td>\n<\/tr>\n<tr data-start=\"4896\" data-end=\"4934\">\n<td data-start=\"4896\" data-end=\"4918\" data-col-size=\"sm\"><strong data-start=\"4898\" data-end=\"4917\"><span dir=\"auto\" style=\"vertical-align: inherit;\"><span dir=\"auto\" style=\"vertical-align: inherit;\">M\u00f3l\u00feungi<\/span><\/span><\/strong><\/td>\n<td data-start=\"4918\" data-end=\"4934\" data-col-size=\"md\"><span dir=\"auto\" style=\"vertical-align: inherit;\"><span dir=\"auto\" style=\"vertical-align: inherit;\">191.27 g\/mol<\/span><\/span><\/td>\n<\/tr>\n<tr data-start=\"4935\" data-end=\"4974\">\n<td data-start=\"4935\" data-end=\"4946\" data-col-size=\"sm\"><strong data-start=\"4937\" data-end=\"4945\"><span dir=\"auto\" style=\"vertical-align: inherit;\"><span dir=\"auto\" style=\"vertical-align: inherit;\">Ey\u00f0ubla\u00f0<\/span><\/span><\/strong><\/td>\n<td data-start=\"4946\" data-end=\"4974\" data-col-size=\"md\"><span dir=\"auto\" style=\"vertical-align: inherit;\"><span dir=\"auto\" style=\"vertical-align: inherit;\">Crystalline powder (mix)<\/span><\/span><\/td>\n<\/tr>\n<tr data-start=\"4975\" data-end=\"5024\">\n<td data-start=\"4975\" data-end=\"4993\" data-col-size=\"sm\"><strong data-start=\"4977\" data-end=\"4992\"><span dir=\"auto\" style=\"vertical-align: inherit;\"><span dir=\"auto\" style=\"vertical-align: inherit;\">Magn<\/span><\/span><\/strong><\/td>\n<td data-start=\"4993\" data-end=\"5024\" data-col-size=\"md\"><span dir=\"auto\" style=\"vertical-align: inherit;\"><span dir=\"auto\" style=\"vertical-align: inherit;\">0.5 gram (500 mg) per sachet<\/span><\/span><\/td>\n<\/tr>\n<tr data-start=\"5025\" data-end=\"5076\">\n<td data-start=\"5025\" data-end=\"5042\" data-col-size=\"sm\"><strong data-start=\"5027\" data-end=\"5041\"><span dir=\"auto\" style=\"vertical-align: inherit;\"><span dir=\"auto\" style=\"vertical-align: inherit;\">Hreinleiki<\/span><\/span><\/strong><\/td>\n<td data-start=\"5042\" data-end=\"5076\" data-col-size=\"md\"><span dir=\"auto\" style=\"vertical-align: inherit;\"><span dir=\"auto\" style=\"vertical-align: inherit;\">\u2265 98% (pr\u00f3fa\u00f0 me\u00f0 HPLC og NMR)<\/span><\/span><\/td>\n<\/tr>\n<tr data-start=\"5077\" data-end=\"5149\">\n<td data-start=\"5077\" data-end=\"5100\" data-col-size=\"sm\"><strong data-start=\"5079\" data-end=\"5099\"><span dir=\"auto\" style=\"vertical-align: inherit;\"><span dir=\"auto\" style=\"vertical-align: inherit;\">Efnaflokkur<\/span><\/span><\/strong><\/td>\n<td data-start=\"5100\" data-end=\"5149\" data-col-size=\"md\"><span dir=\"auto\" style=\"vertical-align: inherit;\"><span dir=\"auto\" style=\"vertical-align: inherit;\">Benzofuran\/entactogen research material<\/span><\/span><\/td>\n<\/tr>\n<tr data-start=\"5150\" data-end=\"5229\">\n<td data-start=\"5150\" data-end=\"5164\" data-col-size=\"sm\"><strong data-start=\"5152\" data-end=\"5163\"><span dir=\"auto\" style=\"vertical-align: inherit;\"><span dir=\"auto\" style=\"vertical-align: inherit;\">Notkun<\/span><\/span><\/strong><\/td>\n<td data-start=\"5164\" data-end=\"5229\" data-col-size=\"md\"><span dir=\"auto\" style=\"vertical-align: inherit;\"><span dir=\"auto\" style=\"vertical-align: inherit;\">A\u00f0eins fyrir greiningar-, r\u00e9ttarl\u00e6knisfr\u00e6\u00f0ilegar og taugaefnafr\u00e6\u00f0ilegar ranns\u00f3knir<\/span><\/span><\/td>\n<\/tr>\n<tr data-start=\"5230\" data-end=\"5295\">\n<td data-start=\"5230\" data-end=\"5247\" data-col-size=\"sm\"><strong data-start=\"5232\" data-end=\"5246\"><span dir=\"auto\" style=\"vertical-align: inherit;\"><span dir=\"auto\" style=\"vertical-align: inherit;\">Umb\u00fa\u00f0ir<\/span><\/span><\/strong><\/td>\n<td data-start=\"5247\" data-end=\"5295\" data-col-size=\"md\"><span dir=\"auto\" style=\"vertical-align: inherit;\"><span dir=\"auto\" style=\"vertical-align: inherit;\">Resealable, antistatic laboratory bag<\/span><\/span><\/td>\n<\/tr>\n<\/tbody>\n<\/table>\n<\/div>\n<\/div>\n<hr data-start=\"5297\" data-end=\"5300\" \/>\n<h3 data-start=\"5302\" data-end=\"5319\"><strong data-start=\"5306\" data-end=\"5319\"><span dir=\"auto\" style=\"vertical-align: inherit;\"><span dir=\"auto\" style=\"vertical-align: inherit;\">Kostir<\/span><\/span><\/strong><\/h3>\n<ul data-start=\"5321\" data-end=\"5779\">\n<li data-start=\"5321\" data-end=\"5413\">\n<p data-start=\"5323\" data-end=\"5413\"><strong data-start=\"5323\" data-end=\"5342\"><span dir=\"auto\" style=\"vertical-align: inherit;\"><span dir=\"auto\" style=\"vertical-align: inherit;\">Mikil hreinleiki<\/span><\/span><\/strong><span dir=\"auto\" style=\"vertical-align: inherit;\"><span dir=\"auto\" style=\"vertical-align: inherit;\"> \u2013 \u2265 98% ranns\u00f3knarstofug\u00e6\u00f0i fyrir \u00e1rei\u00f0anlegar ranns\u00f3knarni\u00f0urst\u00f6\u00f0ur.<\/span><\/span><\/p>\n<\/li>\n<li data-start=\"5414\" data-end=\"5499\">\n<p data-start=\"5416\" data-end=\"5499\"><strong data-start=\"5416\" data-end=\"5446\"><span dir=\"auto\" style=\"vertical-align: inherit;\"><span dir=\"auto\" style=\"vertical-align: inherit;\">V\u00ed\u00f0t\u00e6k ranns\u00f3knarnotkun<\/span><\/span><\/strong><span dir=\"auto\" style=\"vertical-align: inherit;\"><span dir=\"auto\" style=\"vertical-align: inherit;\"> \u2013 Suitable for GC\/MS, LC-MS, FTIR, and NMR analysis.<\/span><\/span><\/p>\n<\/li>\n<li data-start=\"5500\" data-end=\"5573\">\n<p data-start=\"5502\" data-end=\"5573\"><strong data-start=\"5502\" data-end=\"5526\"><span dir=\"auto\" style=\"vertical-align: inherit;\"><span dir=\"auto\" style=\"vertical-align: inherit;\">Stable Crystal Form<\/span><\/span><\/strong><span dir=\"auto\" style=\"vertical-align: inherit;\"><span dir=\"auto\" style=\"vertical-align: inherit;\"> \u2013 Long shelf life with proper storage.<\/span><\/span><\/p>\n<\/li>\n<li data-start=\"5574\" data-end=\"5682\">\n<p data-start=\"5576\" data-end=\"5682\"><strong data-start=\"5576\" data-end=\"5606\"><span dir=\"auto\" style=\"vertical-align: inherit;\"><span dir=\"auto\" style=\"vertical-align: inherit;\">Valuable Research Material<\/span><\/span><\/strong><span dir=\"auto\" style=\"vertical-align: inherit;\"><span dir=\"auto\" style=\"vertical-align: inherit;\"> \u2013 Used in receptor binding studies and comparison of entactogens.<\/span><\/span><\/p>\n<\/li>\n<li data-start=\"5683\" data-end=\"5779\">\n<p data-start=\"5685\" data-end=\"5779\"><strong data-start=\"5685\" data-end=\"5710\"><span dir=\"auto\" style=\"vertical-align: inherit;\"><span dir=\"auto\" style=\"vertical-align: inherit;\">Rekjanleg g\u00e6\u00f0i<\/span><\/span><\/strong><span dir=\"auto\" style=\"vertical-align: inherit;\"><span dir=\"auto\" style=\"vertical-align: inherit;\"> \u2013 Batch number and Certificate of Analysis (COA) available upon request.<\/span><\/span><\/p>\n<\/li>\n<\/ul>\n<hr data-start=\"5781\" data-end=\"5784\" \/>\n<h3 data-start=\"5786\" data-end=\"5838\"><strong data-start=\"5790\" data-end=\"5836\"><span dir=\"auto\" style=\"vertical-align: inherit;\"><span dir=\"auto\" style=\"vertical-align: inherit;\">Notkun (eing\u00f6ngu \u00ed ranns\u00f3knarskyni)<\/span><\/span><\/strong><\/h3>\n<ol data-start=\"5840\" data-end=\"6193\">\n<li data-start=\"5840\" data-end=\"5909\">\n<p data-start=\"5843\" data-end=\"5909\"><strong data-start=\"5843\" data-end=\"5858\"><span dir=\"auto\" style=\"vertical-align: inherit;\"><span dir=\"auto\" style=\"vertical-align: inherit;\">Me\u00f0h\u00f6ndlun:<\/span><\/span><\/strong><span dir=\"auto\" style=\"vertical-align: inherit;\"><span dir=\"auto\" style=\"vertical-align: inherit;\"> Noti\u00f0 hanska, \u00f6ryggisgleraugu og ranns\u00f3knarstofuslopp.<\/span><\/span><\/p>\n<\/li>\n<li data-start=\"5910\" data-end=\"5973\">\n<p data-start=\"5913\" data-end=\"5973\"><strong data-start=\"5913\" data-end=\"5926\"><span dir=\"auto\" style=\"vertical-align: inherit;\"><span dir=\"auto\" style=\"vertical-align: inherit;\">M\u00e6lingar:<\/span><\/span><\/strong><span dir=\"auto\" style=\"vertical-align: inherit;\"><span dir=\"auto\" style=\"vertical-align: inherit;\"> Noti\u00f0 n\u00e1kv\u00e6mar vogir \u00e1 ranns\u00f3knarstofu.<\/span><\/span><\/p>\n<\/li>\n<li data-start=\"5974\" data-end=\"6052\">\n<p data-start=\"5977\" data-end=\"6052\"><strong data-start=\"5977\" data-end=\"5988\"><span dir=\"auto\" style=\"vertical-align: inherit;\"><span dir=\"auto\" style=\"vertical-align: inherit;\">Geymsla:<\/span><\/span><\/strong><span dir=\"auto\" style=\"vertical-align: inherit;\"><span dir=\"auto\" style=\"vertical-align: inherit;\"> Geymi\u00f0 \u00e1 k\u00f6ldum sta\u00f0 (2\u20138\u00b0C), \u00feurrum og dimmum sta\u00f0 \u00ed upprunalegum umb\u00fa\u00f0um.<\/span><\/span><\/p>\n<\/li>\n<li data-start=\"6053\" data-end=\"6117\">\n<p data-start=\"6056\" data-end=\"6117\"><strong data-start=\"6056\" data-end=\"6068\"><span dir=\"auto\" style=\"vertical-align: inherit;\"><span dir=\"auto\" style=\"vertical-align: inherit;\">Greining:<\/span><\/span><\/strong><span dir=\"auto\" style=\"vertical-align: inherit;\"><span dir=\"auto\" style=\"vertical-align: inherit;\"> Suitable for GC\/MS, LC-MS, FTIR, NMR, and HPLC. 5 maps<\/span><\/span><\/p>\n<\/li>\n<li data-start=\"6118\" data-end=\"6193\">\n<p data-start=\"6121\" data-end=\"6193\"><strong data-start=\"6121\" data-end=\"6138\"><span dir=\"auto\" style=\"vertical-align: inherit;\"><span dir=\"auto\" style=\"vertical-align: inherit;\">Skj\u00f6lun:<\/span><\/span><\/strong><span dir=\"auto\" style=\"vertical-align: inherit;\"><span dir=\"auto\" style=\"vertical-align: inherit;\"> Record batch numbers and test results for compliance.<\/span><\/span><\/p>\n<\/li>\n<\/ol>\n<hr data-start=\"6195\" data-end=\"6198\" \/>\n<h3 data-start=\"6200\" data-end=\"6235\"><strong data-start=\"6204\" data-end=\"6233\"><span dir=\"auto\" style=\"vertical-align: inherit;\"><span dir=\"auto\" style=\"vertical-align: inherit;\">Algengar spurningar (FAQ)<\/span><\/span><\/strong><\/h3>\n<p data-start=\"6237\" data-end=\"6416\"><strong data-start=\"6237\" data-end=\"6258\"><span dir=\"auto\" style=\"vertical-align: inherit;\"><span dir=\"auto\" style=\"vertical-align: inherit;\">1. What is 5-MAPB? <\/span><\/span><\/strong><br data-start=\"6258\" data-end=\"6261\" \/><strong data-start=\"6261\" data-end=\"6307\"><span dir=\"auto\" style=\"vertical-align: inherit;\"><span dir=\"auto\" style=\"vertical-align: inherit;\">5-MAPB (5-(2-met\u00fdlam\u00edn\u00f3pr\u00f3p\u00fdl)bens\u00f3f\u00faran)<\/span><\/span><\/strong><span dir=\"auto\" style=\"vertical-align: inherit;\"><span dir=\"auto\" style=\"vertical-align: inherit;\"> er <\/span><\/span><strong data-start=\"6315\" data-end=\"6353\"><span dir=\"auto\" style=\"vertical-align: inherit;\"><span dir=\"auto\" style=\"vertical-align: inherit;\">tilb\u00fai\u00f0 bens\u00f3f\u00faran efnasamband<\/span><\/span><\/strong><span dir=\"auto\" style=\"vertical-align: inherit;\"><span dir=\"auto\" style=\"vertical-align: inherit;\"> used in neurochemical and analytical research.<\/span><\/span><\/p>\n<p data-start=\"6418\" data-end=\"6556\"><strong data-start=\"6418\" data-end=\"6465\"><span dir=\"auto\" style=\"vertical-align: inherit;\"><span dir=\"auto\" style=\"vertical-align: inherit;\">2. What&#8217;s in the 5-MAPB Mix 0.5g Sachet?<\/span><\/span><\/strong><br data-start=\"6465\" data-end=\"6468\" \/><span dir=\"auto\" style=\"vertical-align: inherit;\"><span dir=\"auto\" style=\"vertical-align: inherit;\"> Pokinn inniheldur <\/span><\/span><strong data-start=\"6484\" data-end=\"6503\"><span dir=\"auto\" style=\"vertical-align: inherit;\"><span dir=\"auto\" style=\"vertical-align: inherit;\">0.5 grams of 5-MAPB<\/span><\/span><\/strong><span dir=\"auto\" style=\"vertical-align: inherit;\"><span dir=\"auto\" style=\"vertical-align: inherit;\"> with a purity of \u2265 98% in crystalline form.<\/span><\/span><\/p>\n<p data-start=\"6558\" data-end=\"6772\"><strong data-start=\"6558\" data-end=\"6598\"><span dir=\"auto\" style=\"vertical-align: inherit;\"><span dir=\"auto\" style=\"vertical-align: inherit;\">3. Is it legal to buy 5-MAPB?<\/span><\/span><\/strong><br data-start=\"6598\" data-end=\"6601\" \/><span dir=\"auto\" style=\"vertical-align: inherit;\"><span dir=\"auto\" style=\"vertical-align: inherit;\"> Hinn <\/span><\/span><strong data-start=\"6604\" data-end=\"6629\"><span dir=\"auto\" style=\"vertical-align: inherit;\"><span dir=\"auto\" style=\"vertical-align: inherit;\">legality of 5-MAPB<\/span><\/span><\/strong><span dir=\"auto\" style=\"vertical-align: inherit;\"><span dir=\"auto\" style=\"vertical-align: inherit;\"> varies by country. In some countries, it is considered a controlled substance. Always check local laws before <\/span><\/span><strong data-start=\"6753\" data-end=\"6769\"><span dir=\"auto\" style=\"vertical-align: inherit;\"><span dir=\"auto\" style=\"vertical-align: inherit;\">purchasing 5-MAPB<\/span><\/span><\/strong><span dir=\"auto\" style=\"vertical-align: inherit;\"><span dir=\"auto\" style=\"vertical-align: inherit;\"> .<\/span><\/span><\/p>\n<\/li>\n<\/ul>","protected":false},"excerpt":{"rendered":"<p><strong><span dir=\"auto\" style=\"vertical-align: inherit;\"><span dir=\"auto\" style=\"vertical-align: inherit;\"><span dir=\"auto\" style=\"vertical-align: inherit;\"><span dir=\"auto\" style=\"vertical-align: inherit;\">5-MAPB blanda 0,5 gr\u00f6mm<\/span><\/span><\/span><\/span><\/strong><\/p>\n<p><span dir=\"auto\" style=\"vertical-align: inherit;\"><span dir=\"auto\" style=\"vertical-align: inherit;\"><span dir=\"auto\" style=\"vertical-align: inherit;\"><span dir=\"auto\" style=\"vertical-align: inherit;\">Sm\u00e1s\u00f6luumb\u00fa\u00f0ir<\/span><\/span><\/span><\/span><\/p>\n<ul>\n<li><strong><span dir=\"auto\" style=\"vertical-align: inherit;\"><span dir=\"auto\" style=\"vertical-align: inherit;\"><span dir=\"auto\" style=\"vertical-align: inherit;\"><span dir=\"auto\" style=\"vertical-align: inherit;\">Fj\u00f6ldi grama \u00ed hverjum poka: 0,5<\/span><\/span><\/span><\/span><\/strong><\/li>\n<li><strong><span dir=\"auto\" style=\"vertical-align: inherit;\"><span dir=\"auto\" style=\"vertical-align: inherit;\"><span dir=\"auto\" style=\"vertical-align: inherit;\"><span dir=\"auto\" style=\"vertical-align: inherit;\">Ver\u00f0 \u00e1n VSK 21%<\/span><\/span><\/span><\/span><\/strong><\/li>\n<li><strong><span dir=\"auto\" style=\"vertical-align: inherit;\"><span dir=\"auto\" style=\"vertical-align: inherit;\"><span dir=\"auto\" style=\"vertical-align: inherit;\"><span dir=\"auto\" style=\"vertical-align: inherit;\">R\u00e1\u00f0lagt sm\u00e1s\u00f6luver\u00f0: 29,50 evrur me\u00f0 VSK<\/span><\/span><\/span><\/span><\/strong><\/li>\n<\/ul>","protected":false},"featured_media":28456,"comment_status":"closed","ping_status":"closed","template":"","meta":[],"product_brand":[],"product_cat":[555],"product_tag":[109,672,637,326],"class_list":{"0":"post-24487","1":"product","2":"type-product","3":"status-publish","4":"has-post-thumbnail","6":"product_cat-b2b","7":"product_tag-5-mapb","8":"product_tag-5mabp","9":"product_tag-5mapb","10":"product_tag-nl","12":"first","13":"instock","14":"taxable","15":"shipping-taxable","16":"purchasable","17":"product-type-variable"},"_links":{"self":[{"href":"https:\/\/researchchemicalhub.com\/is\/wp-json\/wp\/v2\/product\/24487","targetHints":{"allow":["GET"]}}],"collection":[{"href":"https:\/\/researchchemicalhub.com\/is\/wp-json\/wp\/v2\/product"}],"about":[{"href":"https:\/\/researchchemicalhub.com\/is\/wp-json\/wp\/v2\/types\/product"}],"replies":[{"embeddable":true,"href":"https:\/\/researchchemicalhub.com\/is\/wp-json\/wp\/v2\/comments?post=24487"}],"version-history":[{"count":6,"href":"https:\/\/researchchemicalhub.com\/is\/wp-json\/wp\/v2\/product\/24487\/revisions"}],"predecessor-version":[{"id":28669,"href":"https:\/\/researchchemicalhub.com\/is\/wp-json\/wp\/v2\/product\/24487\/revisions\/28669"}],"wp:featuredmedia":[{"embeddable":true,"href":"https:\/\/researchchemicalhub.com\/is\/wp-json\/wp\/v2\/media\/28456"}],"wp:attachment":[{"href":"https:\/\/researchchemicalhub.com\/is\/wp-json\/wp\/v2\/media?parent=24487"}],"wp:term":[{"taxonomy":"product_brand","embeddable":true,"href":"https:\/\/researchchemicalhub.com\/is\/wp-json\/wp\/v2\/product_brand?post=24487"},{"taxonomy":"product_cat","embeddable":true,"href":"https:\/\/researchchemicalhub.com\/is\/wp-json\/wp\/v2\/product_cat?post=24487"},{"taxonomy":"product_tag","embeddable":true,"href":"https:\/\/researchchemicalhub.com\/is\/wp-json\/wp\/v2\/product_tag?post=24487"}],"curies":[{"name":"wp","href":"https:\/\/api.w.org\/{rel}","templated":true}]}}