{"id":24435,"date":"2025-10-20T17:41:44","date_gmt":"2025-10-20T17:41:44","guid":{"rendered":"https:\/\/researchchemicalhub.com\/?post_type=product&#038;p=24435"},"modified":"2025-10-29T08:22:26","modified_gmt":"2025-10-29T08:22:26","slug":"3cec","status":"publish","type":"product","link":"https:\/\/researchchemicalhub.com\/is\/shop\/b2b\/3cec\/","title":{"rendered":"3-CEC HCl poki 1 g"},"content":{"rendered":"<h3 data-start=\"4045\" data-end=\"4066\"><strong data-start=\"4049\" data-end=\"4064\"><span dir=\"auto\" style=\"vertical-align: inherit;\"><span dir=\"auto\" style=\"vertical-align: inherit;\">Inngangur<\/span><\/span><\/strong><\/h3>\n<p data-start=\"4067\" data-end=\"4515\"><strong data-start=\"4067\" data-end=\"4091\"><span dir=\"auto\" style=\"vertical-align: inherit;\"><span dir=\"auto\" style=\"vertical-align: inherit;\">3-CEC HCl Sachet (1g)<\/span><\/span><\/strong><span dir=\"auto\" style=\"vertical-align: inherit;\"><span dir=\"auto\" style=\"vertical-align: inherit;\"> contains 1 gram <\/span><span dir=\"auto\" style=\"vertical-align: inherit;\">of laboratory grade <\/span><\/span><strong data-start=\"4098\" data-end=\"4150\"><span dir=\"auto\" style=\"vertical-align: inherit;\"><span dir=\"auto\" style=\"vertical-align: inherit;\">3-CEC (3-Chloroethcathinone) Hydrochloride <\/span><\/span><\/strong><strong data-start=\"4155\" data-end=\"4199\"><span dir=\"auto\" style=\"vertical-align: inherit;\"><span dir=\"auto\" style=\"vertical-align: inherit;\">(\u2265 98% purity)<\/span><\/span><\/strong><span dir=\"auto\" style=\"vertical-align: inherit;\"><span dir=\"auto\" style=\"vertical-align: inherit;\"> . <\/span><\/span><br data-start=\"4200\" data-end=\"4203\" \/><span dir=\"auto\" style=\"vertical-align: inherit;\"><span dir=\"auto\" style=\"vertical-align: inherit;\">3-CEC is a <\/span><\/span><strong data-start=\"4216\" data-end=\"4251\"><span dir=\"auto\" style=\"vertical-align: inherit;\"><span dir=\"auto\" style=\"vertical-align: inherit;\">tilb\u00fai\u00f0 kat\u00f3n efnasamband<\/span><\/span><\/strong><span dir=\"auto\" style=\"vertical-align: inherit;\"><span dir=\"auto\" style=\"vertical-align: inherit;\"> af <\/span><\/span><strong data-start=\"4259\" data-end=\"4288\"><span dir=\"auto\" style=\"vertical-align: inherit;\"><span dir=\"auto\" style=\"vertical-align: inherit;\">\u03b2-ket\u00f3amfetam\u00edn fj\u00f6lskylda<\/span><\/span><\/strong><span dir=\"auto\" style=\"vertical-align: inherit;\"><span dir=\"auto\" style=\"vertical-align: inherit;\"> og byggingarlega tengd <\/span><\/span><strong data-start=\"4316\" data-end=\"4325\"><span dir=\"auto\" style=\"vertical-align: inherit;\"><span dir=\"auto\" style=\"vertical-align: inherit;\">3-CMC<\/span><\/span><\/strong><span dir=\"auto\" style=\"vertical-align: inherit;\"><span dir=\"auto\" style=\"vertical-align: inherit;\"> og <\/span><\/span><strong data-start=\"4329\" data-end=\"4338\"><span dir=\"auto\" style=\"vertical-align: inherit;\"><span dir=\"auto\" style=\"vertical-align: inherit;\">4-CEC<\/span><\/span><\/strong><span dir=\"auto\" style=\"vertical-align: inherit;\"><span dir=\"auto\" style=\"vertical-align: inherit;\"> . 3cec <\/span><\/span><br data-start=\"4339\" data-end=\"4342\" \/><span dir=\"auto\" style=\"vertical-align: inherit;\"><span dir=\"auto\" style=\"vertical-align: inherit;\">\u00dea\u00f0 er nota\u00f0 fyrir <\/span><\/span><strong data-start=\"4366\" data-end=\"4414\"><span dir=\"auto\" style=\"vertical-align: inherit;\"><span dir=\"auto\" style=\"vertical-align: inherit;\">forensic, analytical and chemical research<\/span><\/span><\/strong><span dir=\"auto\" style=\"vertical-align: inherit;\"><span dir=\"auto\" style=\"vertical-align: inherit;\"> , in particular in <\/span><\/span><strong data-start=\"4429\" data-end=\"4470\"><span dir=\"auto\" style=\"vertical-align: inherit;\"><span dir=\"auto\" style=\"vertical-align: inherit;\">tengsl milli byggingar og virkni (SAR)<\/span><\/span><\/strong><span dir=\"auto\" style=\"vertical-align: inherit;\"><span dir=\"auto\" style=\"vertical-align: inherit;\"> n\u00e1m og <\/span><\/span><strong data-start=\"4482\" data-end=\"4512\"><span dir=\"auto\" style=\"vertical-align: inherit;\"><span dir=\"auto\" style=\"vertical-align: inherit;\">litskiljunargreiningar<\/span><\/span><\/strong><span dir=\"auto\" style=\"vertical-align: inherit;\"><span dir=\"auto\" style=\"vertical-align: inherit;\"> .<\/span><\/span><\/p>\n<p data-start=\"4517\" data-end=\"4693\"><span dir=\"auto\" style=\"vertical-align: inherit;\"><span dir=\"auto\" style=\"vertical-align: inherit;\">Varan er afhent sem <\/span><\/span><strong data-start=\"4552\" data-end=\"4581\"><span dir=\"auto\" style=\"vertical-align: inherit;\"><span dir=\"auto\" style=\"vertical-align: inherit;\">f\u00ednt kristalla\u00f0 HCl salt<\/span><\/span><\/strong><span dir=\"auto\" style=\"vertical-align: inherit;\"><span dir=\"auto\" style=\"vertical-align: inherit;\"> , packaged in a <\/span><\/span><strong data-start=\"4598\" data-end=\"4648\"><span dir=\"auto\" style=\"vertical-align: inherit;\"><span dir=\"auto\" style=\"vertical-align: inherit;\">Raka\u00feolinn, endurlokanlegur ranns\u00f3knarstofupoki<\/span><\/span><\/strong><span dir=\"auto\" style=\"vertical-align: inherit;\"><span dir=\"auto\" style=\"vertical-align: inherit;\"> to ensure stability and quality.<\/span><\/span><\/p>\n<blockquote data-start=\"4695\" data-end=\"4839\">\n<p data-start=\"4697\" data-end=\"4839\">\u26a0\ufe0f <strong data-start=\"4700\" data-end=\"4711\"><span dir=\"auto\" style=\"vertical-align: inherit;\"><span dir=\"auto\" style=\"vertical-align: inherit;\">Var\u00fa\u00f0:<\/span><\/span><\/strong><span dir=\"auto\" style=\"vertical-align: inherit;\"><span dir=\"auto\" style=\"vertical-align: inherit;\"> 3-CEC HCl is intended for <\/span><\/span><strong data-start=\"4750\" data-end=\"4785\"><span dir=\"auto\" style=\"vertical-align: inherit;\"><span dir=\"auto\" style=\"vertical-align: inherit;\">ranns\u00f3knir og greiningarnotkun<\/span><\/span><\/strong><span dir=\"auto\" style=\"vertical-align: inherit;\"><span dir=\"auto\" style=\"vertical-align: inherit;\"> a\u00f0eins \u2014 <\/span><\/span><strong data-start=\"4788\" data-end=\"4836\"><span dir=\"auto\" style=\"vertical-align: inherit;\"><span dir=\"auto\" style=\"vertical-align: inherit;\">ekki til manneldis e\u00f0a d\u00fdraneyslu<\/span><\/span><\/strong><span dir=\"auto\" style=\"vertical-align: inherit;\"><span dir=\"auto\" style=\"vertical-align: inherit;\"> .<\/span><\/span><\/p>\n<\/blockquote>\n<hr data-start=\"4841\" data-end=\"4844\" \/>\n<h3 data-start=\"4846\" data-end=\"4877\"><strong data-start=\"4850\" data-end=\"4877\"><span dir=\"auto\" style=\"vertical-align: inherit;\"><span dir=\"auto\" style=\"vertical-align: inherit;\">Lykilatri\u00f0i<\/span><\/span><\/strong><\/h3>\n<div class=\"_tableContainer_1rjym_1\">\n<div class=\"group _tableWrapper_1rjym_13 flex w-fit flex-col-reverse\" tabindex=\"-1\">\n<table class=\"w-fit min-w-(--thread-content-width)\" data-start=\"4879\" data-end=\"5457\">\n<thead data-start=\"4879\" data-end=\"4905\">\n<tr data-start=\"4879\" data-end=\"4905\">\n<th data-start=\"4879\" data-end=\"4889\" data-col-size=\"sm\"><span dir=\"auto\" style=\"vertical-align: inherit;\"><span dir=\"auto\" style=\"vertical-align: inherit;\">Eiginleiki<\/span><\/span><\/th>\n<th data-start=\"4889\" data-end=\"4905\" data-col-size=\"md\"><span dir=\"auto\" style=\"vertical-align: inherit;\"><span dir=\"auto\" style=\"vertical-align: inherit;\">L\u00fdsing<\/span><\/span><\/th>\n<\/tr>\n<\/thead>\n<tbody data-start=\"4934\" data-end=\"5457\">\n<tr data-start=\"4934\" data-end=\"4992\">\n<td data-start=\"4934\" data-end=\"4955\" data-col-size=\"sm\"><strong data-start=\"4936\" data-end=\"4954\"><span dir=\"auto\" style=\"vertical-align: inherit;\"><span dir=\"auto\" style=\"vertical-align: inherit;\">Efnaheiti<\/span><\/span><\/strong><\/td>\n<td data-start=\"4955\" data-end=\"4992\" data-col-size=\"md\"><span dir=\"auto\" style=\"vertical-align: inherit;\"><span dir=\"auto\" style=\"vertical-align: inherit;\">3-Chloroethcathinone Hydrochloride<\/span><\/span><\/td>\n<\/tr>\n<tr data-start=\"4993\" data-end=\"5031\">\n<td data-start=\"4993\" data-end=\"5018\" data-col-size=\"sm\"><strong data-start=\"4995\" data-end=\"5017\"><span dir=\"auto\" style=\"vertical-align: inherit;\"><span dir=\"auto\" style=\"vertical-align: inherit;\">Algengt heiti<\/span><\/span><\/strong><\/td>\n<td data-start=\"5018\" data-end=\"5031\" data-col-size=\"md\"><span dir=\"auto\" style=\"vertical-align: inherit;\"><span dir=\"auto\" style=\"vertical-align: inherit;\">3-CEC HCl<\/span><\/span><\/td>\n<\/tr>\n<tr data-start=\"5032\" data-end=\"5074\">\n<td data-start=\"5032\" data-end=\"5056\" data-col-size=\"sm\"><strong data-start=\"5034\" data-end=\"5055\"><span dir=\"auto\" style=\"vertical-align: inherit;\"><span dir=\"auto\" style=\"vertical-align: inherit;\">Efnaform\u00fala<\/span><\/span><\/strong><\/td>\n<td data-start=\"5056\" data-end=\"5074\" data-col-size=\"md\"><span dir=\"auto\" style=\"vertical-align: inherit;\"><span dir=\"auto\" style=\"vertical-align: inherit;\">C\u2081\u2081H\u2081\u2084ClNO\u00b7HCl<\/span><\/span><\/td>\n<\/tr>\n<tr data-start=\"5075\" data-end=\"5113\">\n<td data-start=\"5075\" data-end=\"5097\" data-col-size=\"sm\"><strong data-start=\"5077\" data-end=\"5096\"><span dir=\"auto\" style=\"vertical-align: inherit;\"><span dir=\"auto\" style=\"vertical-align: inherit;\">M\u00f3l\u00feungi<\/span><\/span><\/strong><\/td>\n<td data-start=\"5097\" data-end=\"5113\" data-col-size=\"md\"><span dir=\"auto\" style=\"vertical-align: inherit;\"><span dir=\"auto\" style=\"vertical-align: inherit;\">248.15 g\/mol<\/span><\/span><\/td>\n<\/tr>\n<tr data-start=\"5114\" data-end=\"5149\">\n<td data-start=\"5114\" data-end=\"5125\" data-col-size=\"sm\"><strong data-start=\"5116\" data-end=\"5124\"><span dir=\"auto\" style=\"vertical-align: inherit;\"><span dir=\"auto\" style=\"vertical-align: inherit;\">Ey\u00f0ubla\u00f0<\/span><\/span><\/strong><\/td>\n<td data-start=\"5125\" data-end=\"5149\" data-col-size=\"md\"><span dir=\"auto\" style=\"vertical-align: inherit;\"><span dir=\"auto\" style=\"vertical-align: inherit;\">Kristalla\u00f0 HCl salt<\/span><\/span><\/td>\n<\/tr>\n<tr data-start=\"5150\" data-end=\"5188\">\n<td data-start=\"5150\" data-end=\"5168\" data-col-size=\"sm\"><strong data-start=\"5152\" data-end=\"5167\"><span dir=\"auto\" style=\"vertical-align: inherit;\"><span dir=\"auto\" style=\"vertical-align: inherit;\">Magn<\/span><\/span><\/strong><\/td>\n<td data-start=\"5168\" data-end=\"5188\" data-col-size=\"md\"><span dir=\"auto\" style=\"vertical-align: inherit;\"><span dir=\"auto\" style=\"vertical-align: inherit;\">1 gramm \u00ed hverjum poka<\/span><\/span><\/td>\n<\/tr>\n<tr data-start=\"5189\" data-end=\"5240\">\n<td data-start=\"5189\" data-end=\"5206\" data-col-size=\"sm\"><strong data-start=\"5191\" data-end=\"5205\"><span dir=\"auto\" style=\"vertical-align: inherit;\"><span dir=\"auto\" style=\"vertical-align: inherit;\">Hreinleiki<\/span><\/span><\/strong><\/td>\n<td data-start=\"5206\" data-end=\"5240\" data-col-size=\"md\"><span dir=\"auto\" style=\"vertical-align: inherit;\"><span dir=\"auto\" style=\"vertical-align: inherit;\">\u2265 98% (pr\u00f3fa\u00f0 me\u00f0 HPLC og NMR)<\/span><\/span><\/td>\n<\/tr>\n<tr data-start=\"5241\" data-end=\"5310\">\n<td data-start=\"5241\" data-end=\"5264\" data-col-size=\"sm\"><strong data-start=\"5243\" data-end=\"5263\"><span dir=\"auto\" style=\"vertical-align: inherit;\"><span dir=\"auto\" style=\"vertical-align: inherit;\">Efnaflokkur<\/span><\/span><\/strong><\/td>\n<td data-start=\"5264\" data-end=\"5310\" data-col-size=\"md\"><span dir=\"auto\" style=\"vertical-align: inherit;\"><span dir=\"auto\" style=\"vertical-align: inherit;\">Tilb\u00fai\u00f0 ka\u00fe\u00edn\u00f3n \/ \u03b2-ket\u00f3-amfetam\u00edn<\/span><\/span><\/td>\n<\/tr>\n<tr data-start=\"5311\" data-end=\"5385\">\n<td data-start=\"5311\" data-end=\"5325\" data-col-size=\"sm\"><strong data-start=\"5313\" data-end=\"5324\"><span dir=\"auto\" style=\"vertical-align: inherit;\"><span dir=\"auto\" style=\"vertical-align: inherit;\">Notkun<\/span><\/span><\/strong><\/td>\n<td data-start=\"5325\" data-end=\"5385\" data-col-size=\"md\"><span dir=\"auto\" style=\"vertical-align: inherit;\"><span dir=\"auto\" style=\"vertical-align: inherit;\">A\u00f0eins fyrir greiningar-, r\u00e9ttarmeinafr\u00e6\u00f0ilegar og efnafr\u00e6\u00f0ilegar ranns\u00f3knir<\/span><\/span><\/td>\n<\/tr>\n<tr data-start=\"5386\" data-end=\"5457\">\n<td data-start=\"5386\" data-end=\"5403\" data-col-size=\"sm\"><strong data-start=\"5388\" data-end=\"5402\"><span dir=\"auto\" style=\"vertical-align: inherit;\"><span dir=\"auto\" style=\"vertical-align: inherit;\">Umb\u00fa\u00f0ir<\/span><\/span><\/strong><\/td>\n<td data-start=\"5403\" data-end=\"5457\" data-col-size=\"md\"><span dir=\"auto\" style=\"vertical-align: inherit;\"><span dir=\"auto\" style=\"vertical-align: inherit;\">Endurlokanlegur, raka\u00feolinn og st\u00f6\u00f0urafmagns poki<\/span><\/span><\/td>\n<\/tr>\n<\/tbody>\n<\/table>\n<\/div>\n<\/div>\n<hr data-start=\"5459\" data-end=\"5462\" \/>\n<h3 data-start=\"5464\" data-end=\"5481\"><strong data-start=\"5468\" data-end=\"5481\"><span dir=\"auto\" style=\"vertical-align: inherit;\"><span dir=\"auto\" style=\"vertical-align: inherit;\">Kostir<\/span><\/span><\/strong><\/h3>\n<ul data-start=\"5483\" data-end=\"5888\">\n<li data-start=\"5483\" data-end=\"5575\">\n<p data-start=\"5485\" data-end=\"5575\"><strong data-start=\"5485\" data-end=\"5504\"><span dir=\"auto\" style=\"vertical-align: inherit;\"><span dir=\"auto\" style=\"vertical-align: inherit;\">Mikil hreinleiki<\/span><\/span><\/strong><span dir=\"auto\" style=\"vertical-align: inherit;\"><span dir=\"auto\" style=\"vertical-align: inherit;\"> \u2013 \u2265 98% ranns\u00f3knarstofug\u00e6\u00f0i fyrir \u00e1rei\u00f0anlegar ranns\u00f3knarni\u00f0urst\u00f6\u00f0ur.<\/span><\/span><\/p>\n<\/li>\n<li data-start=\"5576\" data-end=\"5664\">\n<p data-start=\"5578\" data-end=\"5664\"><strong data-start=\"5578\" data-end=\"5595\"><span dir=\"auto\" style=\"vertical-align: inherit;\"><span dir=\"auto\" style=\"vertical-align: inherit;\">St\u00f6\u00f0ugt form<\/span><\/span><\/strong><span dir=\"auto\" style=\"vertical-align: inherit;\"><span dir=\"auto\" style=\"vertical-align: inherit;\"> \u2013 HCl salt form provides improved solubility and stability.<\/span><\/span><\/p>\n<\/li>\n<li data-start=\"5665\" data-end=\"5739\">\n<p data-start=\"5667\" data-end=\"5739\"><strong data-start=\"5667\" data-end=\"5688\"><span dir=\"auto\" style=\"vertical-align: inherit;\"><span dir=\"auto\" style=\"vertical-align: inherit;\">Accurately Tested<\/span><\/span><\/strong><span dir=\"auto\" style=\"vertical-align: inherit;\"><span dir=\"auto\" style=\"vertical-align: inherit;\"> \u2013 Tested via HPLC and NMR for quality assurance.<\/span><\/span><\/p>\n<\/li>\n<li data-start=\"5740\" data-end=\"5817\">\n<p data-start=\"5742\" data-end=\"5817\"><strong data-start=\"5742\" data-end=\"5762\"><span dir=\"auto\" style=\"vertical-align: inherit;\"><span dir=\"auto\" style=\"vertical-align: inherit;\">V\u00ed\u00f0t\u00e6kt notagildi<\/span><\/span><\/strong><span dir=\"auto\" style=\"vertical-align: inherit;\"><span dir=\"auto\" style=\"vertical-align: inherit;\"> \u2013 Suitable for GC\/MS, LC-MS, FTIR and NMR research.<\/span><\/span><\/p>\n<\/li>\n<li data-start=\"5818\" data-end=\"5888\">\n<p data-start=\"5820\" data-end=\"5888\"><strong data-start=\"5820\" data-end=\"5842\"><span dir=\"auto\" style=\"vertical-align: inherit;\"><span dir=\"auto\" style=\"vertical-align: inherit;\">\u00d6ruggar umb\u00fa\u00f0ir<\/span><\/span><\/strong><span dir=\"auto\" style=\"vertical-align: inherit;\"><span dir=\"auto\" style=\"vertical-align: inherit;\"> \u2013 Protects against moisture and contamination. 3cec<\/span><\/span><\/p>\n<\/li>\n<\/ul>\n<hr data-start=\"5890\" data-end=\"5893\" \/>\n<h3 data-start=\"5895\" data-end=\"5947\"><strong data-start=\"5899\" data-end=\"5945\"><span dir=\"auto\" style=\"vertical-align: inherit;\"><span dir=\"auto\" style=\"vertical-align: inherit;\">Notkun (eing\u00f6ngu \u00ed ranns\u00f3knarskyni)<\/span><\/span><\/strong><\/h3>\n<ol data-start=\"5949\" data-end=\"6297\">\n<li data-start=\"5949\" data-end=\"6018\">\n<p data-start=\"5952\" data-end=\"6018\"><strong data-start=\"5952\" data-end=\"5967\"><span dir=\"auto\" style=\"vertical-align: inherit;\"><span dir=\"auto\" style=\"vertical-align: inherit;\">Me\u00f0h\u00f6ndlun:<\/span><\/span><\/strong><span dir=\"auto\" style=\"vertical-align: inherit;\"><span dir=\"auto\" style=\"vertical-align: inherit;\"> Noti\u00f0 hanska, \u00f6ryggisgleraugu og ranns\u00f3knarstofuslopp.<\/span><\/span><\/p>\n<\/li>\n<li data-start=\"6019\" data-end=\"6078\">\n<p data-start=\"6022\" data-end=\"6078\"><strong data-start=\"6022\" data-end=\"6035\"><span dir=\"auto\" style=\"vertical-align: inherit;\"><span dir=\"auto\" style=\"vertical-align: inherit;\">M\u00e6lingar:<\/span><\/span><\/strong><span dir=\"auto\" style=\"vertical-align: inherit;\"><span dir=\"auto\" style=\"vertical-align: inherit;\"> Noti\u00f0 kvar\u00f0a\u00f0ar ranns\u00f3knarstofuvogir.<\/span><\/span><\/p>\n<\/li>\n<li data-start=\"6079\" data-end=\"6157\">\n<p data-start=\"6082\" data-end=\"6157\"><strong data-start=\"6082\" data-end=\"6093\"><span dir=\"auto\" style=\"vertical-align: inherit;\"><span dir=\"auto\" style=\"vertical-align: inherit;\">Geymsla:<\/span><\/span><\/strong><span dir=\"auto\" style=\"vertical-align: inherit;\"><span dir=\"auto\" style=\"vertical-align: inherit;\"> Geymi\u00f0 \u00e1 k\u00f6ldum sta\u00f0 (2\u20138\u00b0C), \u00feurrum og dimmum sta\u00f0 \u00ed upprunalegum umb\u00fa\u00f0um.<\/span><\/span><\/p>\n<\/li>\n<li data-start=\"6158\" data-end=\"6235\">\n<p data-start=\"6161\" data-end=\"6235\"><strong data-start=\"6161\" data-end=\"6173\"><span dir=\"auto\" style=\"vertical-align: inherit;\"><span dir=\"auto\" style=\"vertical-align: inherit;\">Greining:<\/span><\/span><\/strong><span dir=\"auto\" style=\"vertical-align: inherit;\"><span dir=\"auto\" style=\"vertical-align: inherit;\"> Suitable for chromatography, spectroscopy and SAR studies.<\/span><\/span><\/p>\n<\/li>\n<li data-start=\"6236\" data-end=\"6297\">\n<p data-start=\"6239\" data-end=\"6297\"><strong data-start=\"6239\" data-end=\"6256\"><span dir=\"auto\" style=\"vertical-align: inherit;\"><span dir=\"auto\" style=\"vertical-align: inherit;\">Skj\u00f6lun:<\/span><\/span><\/strong><span dir=\"auto\" style=\"vertical-align: inherit;\"><span dir=\"auto\" style=\"vertical-align: inherit;\"> Skr\u00e1i\u00f0 lotun\u00famer og ni\u00f0urst\u00f6\u00f0ur pr\u00f3fana.<\/span><\/span><\/p>\n<\/li>\n<\/ol>\n<hr data-start=\"6299\" data-end=\"6302\" \/>\n<h3 data-start=\"6304\" data-end=\"6339\"><strong data-start=\"6308\" data-end=\"6337\"><span dir=\"auto\" style=\"vertical-align: inherit;\"><span dir=\"auto\" style=\"vertical-align: inherit;\">Algengar spurningar (FAQ)<\/span><\/span><\/strong><\/h3>\n<p data-start=\"6341\" data-end=\"6502\"><strong data-start=\"6341\" data-end=\"6365\"><span dir=\"auto\" style=\"vertical-align: inherit;\"><span dir=\"auto\" style=\"vertical-align: inherit;\">1. What is 3-CEC HCl? <\/span><\/span><\/strong><br data-start=\"6365\" data-end=\"6368\" \/><strong data-start=\"6368\" data-end=\"6399\"><span dir=\"auto\" style=\"vertical-align: inherit;\"><span dir=\"auto\" style=\"vertical-align: inherit;\">3-CEC (3-kl\u00f3retkat\u00edn\u00f3n)<\/span><\/span><\/strong><span dir=\"auto\" style=\"vertical-align: inherit;\"><span dir=\"auto\" style=\"vertical-align: inherit;\"> er <\/span><\/span><strong data-start=\"6407\" data-end=\"6442\"><span dir=\"auto\" style=\"vertical-align: inherit;\"><span dir=\"auto\" style=\"vertical-align: inherit;\">tilb\u00fai\u00f0 kat\u00f3n efnasamband<\/span><\/span><\/strong><span dir=\"auto\" style=\"vertical-align: inherit;\"><span dir=\"auto\" style=\"vertical-align: inherit;\"> used in forensic and analytical research.<\/span><\/span><\/p>\n<p data-start=\"6504\" data-end=\"6632\"><strong data-start=\"6504\" data-end=\"6550\"><span dir=\"auto\" style=\"vertical-align: inherit;\"><span dir=\"auto\" style=\"vertical-align: inherit;\">2. What is in the 3-CEC HCl Sachet (1g)?<\/span><\/span><\/strong><br data-start=\"6550\" data-end=\"6553\" \/><span dir=\"auto\" style=\"vertical-align: inherit;\"><span dir=\"auto\" style=\"vertical-align: inherit;\"> Pokinn inniheldur <\/span><\/span><strong data-start=\"6569\" data-end=\"6608\"><span dir=\"auto\" style=\"vertical-align: inherit;\"><span dir=\"auto\" style=\"vertical-align: inherit;\">1 gram of 3-CEC HCl (\u2265 98% purity)<\/span><\/span><\/strong><span dir=\"auto\" style=\"vertical-align: inherit;\"><span dir=\"auto\" style=\"vertical-align: inherit;\"> in crystalline form.<\/span><\/span><\/p>\n<p data-start=\"6634\" data-end=\"6828\"><strong data-start=\"6634\" data-end=\"6673\"><span dir=\"auto\" style=\"vertical-align: inherit;\"><span dir=\"auto\" style=\"vertical-align: inherit;\">3. Is it legal to buy 3-CEC?<\/span><\/span><\/strong><br data-start=\"6673\" data-end=\"6676\" \/><span dir=\"auto\" style=\"vertical-align: inherit;\"><span dir=\"auto\" style=\"vertical-align: inherit;\"> Hinn <\/span><\/span><strong data-start=\"6679\" data-end=\"6703\"><span dir=\"auto\" style=\"vertical-align: inherit;\"><span dir=\"auto\" style=\"vertical-align: inherit;\">legality of 3-CEC<\/span><\/span><\/strong><span dir=\"auto\" style=\"vertical-align: inherit;\"><span dir=\"auto\" style=\"vertical-align: inherit;\"> er mismunandi eftir l\u00f6ndum. \u00cd sumum l\u00f6ndum er \u00feetta undir eftirliti. Athugi\u00f0 alltaf gildandi l\u00f6g \u00e1\u00f0ur en \u00fei\u00f0 geri\u00f0 \u00fea\u00f0. <\/span><\/span><strong data-start=\"6810\" data-end=\"6825\"><span dir=\"auto\" style=\"vertical-align: inherit;\"><span dir=\"auto\" style=\"vertical-align: inherit;\">purchasing 3-CEC<\/span><\/span><\/strong><span dir=\"auto\" style=\"vertical-align: inherit;\"><span dir=\"auto\" style=\"vertical-align: inherit;\"> . <\/span><\/span><a href=\"https:\/\/researchchemicalhub.com\/is\/shop\/okategoriserad\/4mmc-kopen\/\"><span dir=\"auto\" style=\"vertical-align: inherit;\"><span dir=\"auto\" style=\"vertical-align: inherit;\">Kauptu 4mmc <\/span><\/span><\/a><a href=\"https:\/\/researchchemicalhub.com\/is\/shop\/okategoriserad\/benzocaine-powder\/\"><span dir=\"auto\" style=\"vertical-align: inherit;\"><span dir=\"auto\" style=\"vertical-align: inherit;\">bens\u00f3kain duft<\/span><\/span><\/a><\/p>","protected":false},"excerpt":{"rendered":"<ul>\n<li><strong><span dir=\"auto\" style=\"vertical-align: inherit;\"><span dir=\"auto\" style=\"vertical-align: inherit;\"><span dir=\"auto\" style=\"vertical-align: inherit;\"><span dir=\"auto\" style=\"vertical-align: inherit;\">Sm\u00e1s\u00f6luumb\u00fa\u00f0ir<\/span><\/span><\/span><\/span><br \/>\n<\/strong><\/li>\n<li><strong><span dir=\"auto\" style=\"vertical-align: inherit;\"><span dir=\"auto\" style=\"vertical-align: inherit;\"><span dir=\"auto\" style=\"vertical-align: inherit;\"><span dir=\"auto\" style=\"vertical-align: inherit;\">Fj\u00f6ldi gramma \u00ed hverjum poka: 1<\/span><\/span><\/span><\/span><\/strong><\/li>\n<li><strong><span dir=\"auto\" style=\"vertical-align: inherit;\"><span dir=\"auto\" style=\"vertical-align: inherit;\"><span dir=\"auto\" style=\"vertical-align: inherit;\"><span dir=\"auto\" style=\"vertical-align: inherit;\">Ver\u00f0 \u00e1n VSK 21%<\/span><\/span><\/span><\/span><\/strong><\/li>\n<li><strong><span dir=\"auto\" style=\"vertical-align: inherit;\"><span dir=\"auto\" style=\"vertical-align: inherit;\"><span dir=\"auto\" style=\"vertical-align: inherit;\"><span dir=\"auto\" style=\"vertical-align: inherit;\">R\u00e1\u00f0lagt sm\u00e1s\u00f6luver\u00f0: 25,00 evrur me\u00f0 VSK<\/span><\/span><\/span><\/span><\/strong><\/li>\n<\/ul>","protected":false},"featured_media":28396,"comment_status":"closed","ping_status":"closed","template":"","meta":[],"product_brand":[82],"product_cat":[555],"product_tag":[611,612,326],"class_list":{"0":"post-24435","1":"product","2":"type-product","3":"status-publish","4":"has-post-thumbnail","6":"product_brand-research-chemical","7":"product_cat-b2b","8":"product_tag-3-cec","9":"product_tag-3cec","10":"product_tag-nl","12":"first","13":"instock","14":"taxable","15":"shipping-taxable","16":"purchasable","17":"product-type-variable"},"_links":{"self":[{"href":"https:\/\/researchchemicalhub.com\/is\/wp-json\/wp\/v2\/product\/24435","targetHints":{"allow":["GET"]}}],"collection":[{"href":"https:\/\/researchchemicalhub.com\/is\/wp-json\/wp\/v2\/product"}],"about":[{"href":"https:\/\/researchchemicalhub.com\/is\/wp-json\/wp\/v2\/types\/product"}],"replies":[{"embeddable":true,"href":"https:\/\/researchchemicalhub.com\/is\/wp-json\/wp\/v2\/comments?post=24435"}],"version-history":[{"count":6,"href":"https:\/\/researchchemicalhub.com\/is\/wp-json\/wp\/v2\/product\/24435\/revisions"}],"predecessor-version":[{"id":28672,"href":"https:\/\/researchchemicalhub.com\/is\/wp-json\/wp\/v2\/product\/24435\/revisions\/28672"}],"wp:featuredmedia":[{"embeddable":true,"href":"https:\/\/researchchemicalhub.com\/is\/wp-json\/wp\/v2\/media\/28396"}],"wp:attachment":[{"href":"https:\/\/researchchemicalhub.com\/is\/wp-json\/wp\/v2\/media?parent=24435"}],"wp:term":[{"taxonomy":"product_brand","embeddable":true,"href":"https:\/\/researchchemicalhub.com\/is\/wp-json\/wp\/v2\/product_brand?post=24435"},{"taxonomy":"product_cat","embeddable":true,"href":"https:\/\/researchchemicalhub.com\/is\/wp-json\/wp\/v2\/product_cat?post=24435"},{"taxonomy":"product_tag","embeddable":true,"href":"https:\/\/researchchemicalhub.com\/is\/wp-json\/wp\/v2\/product_tag?post=24435"}],"curies":[{"name":"wp","href":"https:\/\/api.w.org\/{rel}","templated":true}]}}