{"id":24404,"date":"2025-04-13T17:41:40","date_gmt":"2025-04-13T17:41:40","guid":{"rendered":"https:\/\/researchchemicalhub.com\/?post_type=product&#038;p=24404"},"modified":"2025-10-29T08:38:29","modified_gmt":"2025-10-29T08:38:29","slug":"nb-dmt-oxalat","status":"publish","type":"product","link":"https:\/\/researchchemicalhub.com\/is\/bud\/nboc-dmt\/nb-dmt-oxalat\/","title":{"rendered":"NBoc-DMT oxalat"},"content":{"rendered":"<h3 data-start=\"4268\" data-end=\"4289\"><strong data-start=\"4272\" data-end=\"4287\"><span dir=\"auto\" style=\"vertical-align: inherit;\"><span dir=\"auto\" style=\"vertical-align: inherit;\">Inngangur<\/span><\/span><\/strong><\/h3>\n<p data-start=\"4290\" data-end=\"4636\"><strong data-start=\"4290\" data-end=\"4311\"><span dir=\"auto\" style=\"vertical-align: inherit;\"><span dir=\"auto\" style=\"vertical-align: inherit;\">N-Boc-DMT oxalat<\/span><\/span><\/strong><span dir=\"auto\" style=\"vertical-align: inherit;\"><span dir=\"auto\" style=\"vertical-align: inherit;\"> (N-tert-b\u00fatox\u00fdkarb\u00f3n\u00fdl-d\u00edmet\u00fdltryptam\u00edn oxalat) er <\/span><\/span><strong data-start=\"4370\" data-end=\"4406\"><span dir=\"auto\" style=\"vertical-align: inherit;\"><span dir=\"auto\" style=\"vertical-align: inherit;\">tryptam\u00edn efnasamband me\u00f0 mikla hreinleika<\/span><\/span><\/strong><span dir=\"auto\" style=\"vertical-align: inherit;\"><span dir=\"auto\" style=\"vertical-align: inherit;\"> nota\u00f0 \u00ed <\/span><\/span><strong data-start=\"4431\" data-end=\"4479\"><span dir=\"auto\" style=\"vertical-align: inherit;\"><span dir=\"auto\" style=\"vertical-align: inherit;\">greiningar-, efna- og r\u00e9ttarranns\u00f3knir<\/span><\/span><\/strong><span dir=\"auto\" style=\"vertical-align: inherit;\"><span dir=\"auto\" style=\"vertical-align: inherit;\"> . nb dmt <\/span><\/span><br data-start=\"4480\" data-end=\"4483\" \/><span dir=\"auto\" style=\"vertical-align: inherit;\"><span dir=\"auto\" style=\"vertical-align: inherit;\">\u00dea\u00f0 virkar sem <\/span><\/span><strong data-start=\"4504\" data-end=\"4529\"><span dir=\"auto\" style=\"vertical-align: inherit;\"><span dir=\"auto\" style=\"vertical-align: inherit;\">vernda\u00f0 milliefni<\/span><\/span><\/strong><span dir=\"auto\" style=\"vertical-align: inherit;\"><span dir=\"auto\" style=\"vertical-align: inherit;\"> \u00ed myndun og byggingarranns\u00f3knum \u00e1 <\/span><\/span><strong data-start=\"4572\" data-end=\"4605\"><span dir=\"auto\" style=\"vertical-align: inherit;\"><span dir=\"auto\" style=\"vertical-align: inherit;\">ind\u00f3l-bygg\u00f0 tryptam\u00edn<\/span><\/span><\/strong><span dir=\"auto\" style=\"vertical-align: inherit;\"><span dir=\"auto\" style=\"vertical-align: inherit;\"> eins og DMT, DET og 5-MeO-DMT.<\/span><\/span><\/p>\n<p data-start=\"4638\" data-end=\"4905\"><span dir=\"auto\" style=\"vertical-align: inherit;\"><span dir=\"auto\" style=\"vertical-align: inherit;\">Hinn <\/span><\/span><strong data-start=\"4641\" data-end=\"4670\"><span dir=\"auto\" style=\"vertical-align: inherit;\"><span dir=\"auto\" style=\"vertical-align: inherit;\">Boc (tert-b\u00fatox\u00fdkarb\u00f3n\u00fdl)<\/span><\/span><\/strong><span dir=\"auto\" style=\"vertical-align: inherit;\"><span dir=\"auto\" style=\"vertical-align: inherit;\"> h\u00f3purinn verndar efnasambandi\u00f0 gegn ni\u00f0urbroti og gerir kleift a\u00f0 me\u00f0h\u00f6ndla \u00fea\u00f0 \u00e1 \u00f6ruggan h\u00e1tt og geyma \u00fea\u00f0 til langs t\u00edma. \u00deetta gerir \u00fea\u00f0 a\u00f0 verkum a\u00f0 <\/span><\/span><strong data-start=\"4783\" data-end=\"4804\"><span dir=\"auto\" style=\"vertical-align: inherit;\"><span dir=\"auto\" style=\"vertical-align: inherit;\">N-Boc-DMT oxalat<\/span><\/span><\/strong><span dir=\"auto\" style=\"vertical-align: inherit;\"><span dir=\"auto\" style=\"vertical-align: inherit;\"> ver\u00f0m\u00e6tt tilv\u00edsunarefni fyrir <\/span><\/span><strong data-start=\"4844\" data-end=\"4881\"><span dir=\"auto\" style=\"vertical-align: inherit;\"><span dir=\"auto\" style=\"vertical-align: inherit;\">litr\u00f3fsgreining, litr\u00f3fsgreining,<\/span><\/span><\/strong><span dir=\"auto\" style=\"vertical-align: inherit;\"><span dir=\"auto\" style=\"vertical-align: inherit;\"> og <\/span><\/span><strong data-start=\"4885\" data-end=\"4902\"><span dir=\"auto\" style=\"vertical-align: inherit;\"><span dir=\"auto\" style=\"vertical-align: inherit;\">SAR ranns\u00f3knir<\/span><\/span><\/strong><span dir=\"auto\" style=\"vertical-align: inherit;\"><span dir=\"auto\" style=\"vertical-align: inherit;\"> .<\/span><\/span><\/p>\n<p data-start=\"4907\" data-end=\"5049\"><span dir=\"auto\" style=\"vertical-align: inherit;\"><span dir=\"auto\" style=\"vertical-align: inherit;\">Hver lota er framleidd undir <\/span><\/span><strong data-start=\"4943\" data-end=\"4976\"><span dir=\"auto\" style=\"vertical-align: inherit;\"><span dir=\"auto\" style=\"vertical-align: inherit;\">strangar ranns\u00f3knarstofua\u00f0st\u00e6\u00f0ur<\/span><\/span><\/strong><span dir=\"auto\" style=\"vertical-align: inherit;\"><span dir=\"auto\" style=\"vertical-align: inherit;\"> og pr\u00f3fa\u00f0 fyrir <\/span><\/span><strong data-start=\"4994\" data-end=\"5018\"><span dir=\"auto\" style=\"vertical-align: inherit;\"><span dir=\"auto\" style=\"vertical-align: inherit;\">\u2265 98% hreinleiki<\/span><\/span><\/strong><span dir=\"auto\" style=\"vertical-align: inherit;\"><span dir=\"auto\" style=\"vertical-align: inherit;\"> eftir <\/span><\/span><strong data-start=\"5023\" data-end=\"5046\"><span dir=\"auto\" style=\"vertical-align: inherit;\"><span dir=\"auto\" style=\"vertical-align: inherit;\">HPLC og NMR greining<\/span><\/span><\/strong><span dir=\"auto\" style=\"vertical-align: inherit;\"><span dir=\"auto\" style=\"vertical-align: inherit;\"> .<\/span><\/span><\/p>\n<blockquote data-start=\"5051\" data-end=\"5197\">\n<p data-start=\"5053\" data-end=\"5197\">\u26a0\ufe0f <strong data-start=\"5056\" data-end=\"5067\"><span dir=\"auto\" style=\"vertical-align: inherit;\"><span dir=\"auto\" style=\"vertical-align: inherit;\">Vinsamlegast athugi\u00f0:<\/span><\/span><\/strong><span dir=\"auto\" style=\"vertical-align: inherit;\"><span dir=\"auto\" style=\"vertical-align: inherit;\"> \u00deessi vara er \u00e6tlu\u00f0 fyrir <\/span><\/span><strong data-start=\"5108\" data-end=\"5143\"><span dir=\"auto\" style=\"vertical-align: inherit;\"><span dir=\"auto\" style=\"vertical-align: inherit;\">ranns\u00f3knir og greiningarnotkun<\/span><\/span><\/strong><span dir=\"auto\" style=\"vertical-align: inherit;\"><span dir=\"auto\" style=\"vertical-align: inherit;\"> a\u00f0eins \u2014 <\/span><\/span><strong data-start=\"5146\" data-end=\"5194\"><span dir=\"auto\" style=\"vertical-align: inherit;\"><span dir=\"auto\" style=\"vertical-align: inherit;\">ekki til manneldis e\u00f0a d\u00fdraneyslu<\/span><\/span><\/strong><span dir=\"auto\" style=\"vertical-align: inherit;\"><span dir=\"auto\" style=\"vertical-align: inherit;\"> .<\/span><\/span><\/p>\n<\/blockquote>\n<hr data-start=\"5199\" data-end=\"5202\" \/>\n<h3 data-start=\"5204\" data-end=\"5235\"><strong data-start=\"5208\" data-end=\"5235\"><span dir=\"auto\" style=\"vertical-align: inherit;\"><span dir=\"auto\" style=\"vertical-align: inherit;\">Lykilatri\u00f0i<\/span><\/span><\/strong><\/h3>\n<div class=\"_tableContainer_1rjym_1\">\n<div class=\"group _tableWrapper_1rjym_13 flex w-fit flex-col-reverse\" tabindex=\"-1\">\n<table class=\"w-fit min-w-(--thread-content-width)\" data-start=\"5237\" data-end=\"5850\">\n<thead data-start=\"5237\" data-end=\"5263\">\n<tr data-start=\"5237\" data-end=\"5263\">\n<th data-start=\"5237\" data-end=\"5247\" data-col-size=\"sm\"><span dir=\"auto\" style=\"vertical-align: inherit;\"><span dir=\"auto\" style=\"vertical-align: inherit;\">Eiginleiki<\/span><\/span><\/th>\n<th data-start=\"5247\" data-end=\"5263\" data-col-size=\"md\"><span dir=\"auto\" style=\"vertical-align: inherit;\"><span dir=\"auto\" style=\"vertical-align: inherit;\">L\u00fdsing<\/span><\/span><\/th>\n<\/tr>\n<\/thead>\n<tbody data-start=\"5292\" data-end=\"5850\">\n<tr data-start=\"5292\" data-end=\"5365\">\n<td data-start=\"5292\" data-end=\"5313\" data-col-size=\"sm\"><strong data-start=\"5294\" data-end=\"5312\"><span dir=\"auto\" style=\"vertical-align: inherit;\"><span dir=\"auto\" style=\"vertical-align: inherit;\">Efnaheiti<\/span><\/span><\/strong><\/td>\n<td data-start=\"5313\" data-end=\"5365\" data-col-size=\"md\"><span dir=\"auto\" style=\"vertical-align: inherit;\"><span dir=\"auto\" style=\"vertical-align: inherit;\">N-tert-b\u00fatox\u00fdkarb\u00f3n\u00fdl-d\u00edmet\u00fdltryptam\u00edn oxalat<\/span><\/span><\/td>\n<\/tr>\n<tr data-start=\"5366\" data-end=\"5412\">\n<td data-start=\"5366\" data-end=\"5391\" data-col-size=\"sm\"><strong data-start=\"5368\" data-end=\"5390\"><span dir=\"auto\" style=\"vertical-align: inherit;\"><span dir=\"auto\" style=\"vertical-align: inherit;\">Algengt heiti<\/span><\/span><\/strong><\/td>\n<td data-start=\"5391\" data-end=\"5412\" data-col-size=\"md\"><span dir=\"auto\" style=\"vertical-align: inherit;\"><span dir=\"auto\" style=\"vertical-align: inherit;\">N-Boc-DMT oxalat<\/span><\/span><\/td>\n<\/tr>\n<tr data-start=\"5413\" data-end=\"5458\">\n<td data-start=\"5413\" data-end=\"5437\" data-col-size=\"sm\"><strong data-start=\"5415\" data-end=\"5436\"><span dir=\"auto\" style=\"vertical-align: inherit;\"><span dir=\"auto\" style=\"vertical-align: inherit;\">Efnaform\u00fala<\/span><\/span><\/strong><\/td>\n<td data-start=\"5437\" data-end=\"5458\" data-col-size=\"md\"><span dir=\"auto\" style=\"vertical-align: inherit;\"><span dir=\"auto\" style=\"vertical-align: inherit;\">C\u2081\u2087H\u2082\u2084N\u2082O\u2084\u00b7C\u2082H\u2082O\u2084<\/span><\/span><\/td>\n<\/tr>\n<tr data-start=\"5459\" data-end=\"5497\">\n<td data-start=\"5459\" data-end=\"5481\" data-col-size=\"sm\"><strong data-start=\"5461\" data-end=\"5480\"><span dir=\"auto\" style=\"vertical-align: inherit;\"><span dir=\"auto\" style=\"vertical-align: inherit;\">M\u00f3l\u00feungi<\/span><\/span><\/strong><\/td>\n<td data-start=\"5481\" data-end=\"5497\" data-col-size=\"md\"><span dir=\"auto\" style=\"vertical-align: inherit;\"><span dir=\"auto\" style=\"vertical-align: inherit;\">404,42 g\/m\u00f3l<\/span><\/span><\/td>\n<\/tr>\n<tr data-start=\"5498\" data-end=\"5531\">\n<td data-start=\"5498\" data-end=\"5509\" data-col-size=\"sm\"><strong data-start=\"5500\" data-end=\"5508\"><span dir=\"auto\" style=\"vertical-align: inherit;\"><span dir=\"auto\" style=\"vertical-align: inherit;\">Ey\u00f0ubla\u00f0<\/span><\/span><\/strong><\/td>\n<td data-start=\"5509\" data-end=\"5531\" data-col-size=\"md\"><span dir=\"auto\" style=\"vertical-align: inherit;\"><span dir=\"auto\" style=\"vertical-align: inherit;\">Kristalla\u00f0 duft<\/span><\/span><\/td>\n<\/tr>\n<tr data-start=\"5532\" data-end=\"5583\">\n<td data-start=\"5532\" data-end=\"5549\" data-col-size=\"sm\"><strong data-start=\"5534\" data-end=\"5548\"><span dir=\"auto\" style=\"vertical-align: inherit;\"><span dir=\"auto\" style=\"vertical-align: inherit;\">Hreinleiki<\/span><\/span><\/strong><\/td>\n<td data-start=\"5549\" data-end=\"5583\" data-col-size=\"md\"><span dir=\"auto\" style=\"vertical-align: inherit;\"><span dir=\"auto\" style=\"vertical-align: inherit;\">\u2265 98% (pr\u00f3fa\u00f0 me\u00f0 HPLC og NMR)<\/span><\/span><\/td>\n<\/tr>\n<tr data-start=\"5584\" data-end=\"5649\">\n<td data-start=\"5584\" data-end=\"5607\" data-col-size=\"sm\"><strong data-start=\"5586\" data-end=\"5606\"><span dir=\"auto\" style=\"vertical-align: inherit;\"><span dir=\"auto\" style=\"vertical-align: inherit;\">Efnaflokkur<\/span><\/span><\/strong><\/td>\n<td data-start=\"5607\" data-end=\"5649\" data-col-size=\"md\"><span dir=\"auto\" style=\"vertical-align: inherit;\"><span dir=\"auto\" style=\"vertical-align: inherit;\">Tryptam\u00edn aflei\u00f0a \/ Ind\u00f3l efnasamband<\/span><\/span><\/td>\n<\/tr>\n<tr data-start=\"5650\" data-end=\"5724\">\n<td data-start=\"5650\" data-end=\"5664\" data-col-size=\"sm\"><strong data-start=\"5652\" data-end=\"5663\"><span dir=\"auto\" style=\"vertical-align: inherit;\"><span dir=\"auto\" style=\"vertical-align: inherit;\">Notkun<\/span><\/span><\/strong><\/td>\n<td data-start=\"5664\" data-end=\"5724\" data-col-size=\"md\"><span dir=\"auto\" style=\"vertical-align: inherit;\"><span dir=\"auto\" style=\"vertical-align: inherit;\">A\u00f0eins fyrir greiningar-, r\u00e9ttarmeinafr\u00e6\u00f0ilegar og efnafr\u00e6\u00f0ilegar ranns\u00f3knir<\/span><\/span><\/td>\n<\/tr>\n<tr data-start=\"5725\" data-end=\"5792\">\n<td data-start=\"5725\" data-end=\"5742\" data-col-size=\"sm\"><strong data-start=\"5727\" data-end=\"5741\"><span dir=\"auto\" style=\"vertical-align: inherit;\"><span dir=\"auto\" style=\"vertical-align: inherit;\">Umb\u00fa\u00f0ir<\/span><\/span><\/strong><\/td>\n<td data-start=\"5742\" data-end=\"5792\" data-col-size=\"md\"><span dir=\"auto\" style=\"vertical-align: inherit;\"><span dir=\"auto\" style=\"vertical-align: inherit;\">Endurlokanlegur, raka\u00feolinn ranns\u00f3knarstofupoki<\/span><\/span><\/td>\n<\/tr>\n<tr data-start=\"5793\" data-end=\"5850\">\n<td data-start=\"5793\" data-end=\"5811\" data-col-size=\"sm\"><strong data-start=\"5795\" data-end=\"5810\"><span dir=\"auto\" style=\"vertical-align: inherit;\"><span dir=\"auto\" style=\"vertical-align: inherit;\">Magn<\/span><\/span><\/strong><\/td>\n<td data-start=\"5811\" data-end=\"5850\" data-col-size=\"md\"><span dir=\"auto\" style=\"vertical-align: inherit;\"><span dir=\"auto\" style=\"vertical-align: inherit;\">1 gramm \u00ed hverjum poka (fer eftir framlei\u00f0slulotu)<\/span><\/span><\/td>\n<\/tr>\n<\/tbody>\n<\/table>\n<\/div>\n<\/div>\n<hr data-start=\"5852\" data-end=\"5855\" \/>\n<h3 data-start=\"5857\" data-end=\"5874\"><strong data-start=\"5861\" data-end=\"5874\"><span dir=\"auto\" style=\"vertical-align: inherit;\"><span dir=\"auto\" style=\"vertical-align: inherit;\">Kostir<\/span><\/span><\/strong><\/h3>\n<ul data-start=\"5876\" data-end=\"6309\">\n<li data-start=\"5876\" data-end=\"5968\">\n<p data-start=\"5878\" data-end=\"5968\"><strong data-start=\"5878\" data-end=\"5897\"><span dir=\"auto\" style=\"vertical-align: inherit;\"><span dir=\"auto\" style=\"vertical-align: inherit;\">Mikil hreinleiki<\/span><\/span><\/strong><span dir=\"auto\" style=\"vertical-align: inherit;\"><span dir=\"auto\" style=\"vertical-align: inherit;\"> \u2013 \u2265 98% ranns\u00f3knarstofug\u00e6\u00f0i fyrir \u00e1rei\u00f0anlegar ranns\u00f3knarni\u00f0urst\u00f6\u00f0ur.<\/span><\/span><\/p>\n<\/li>\n<li data-start=\"5969\" data-end=\"6063\">\n<p data-start=\"5971\" data-end=\"6063\"><strong data-start=\"5971\" data-end=\"5999\"><span dir=\"auto\" style=\"vertical-align: inherit;\"><span dir=\"auto\" style=\"vertical-align: inherit;\">Boc-verndu\u00f0 mannvirki<\/span><\/span><\/strong><span dir=\"auto\" style=\"vertical-align: inherit;\"><span dir=\"auto\" style=\"vertical-align: inherit;\"> \u2013 Veitir aukinn st\u00f6\u00f0ugleika og \u00f6ryggi vi\u00f0 notkun. nb dmt<\/span><\/span><\/p>\n<\/li>\n<li data-start=\"6064\" data-end=\"6142\">\n<p data-start=\"6066\" data-end=\"6142\"><strong data-start=\"6066\" data-end=\"6091\"><span dir=\"auto\" style=\"vertical-align: inherit;\"><span dir=\"auto\" style=\"vertical-align: inherit;\">Tilvali\u00f0 fyrir ranns\u00f3knir<\/span><\/span><\/strong><span dir=\"auto\" style=\"vertical-align: inherit;\"><span dir=\"auto\" style=\"vertical-align: inherit;\"> \u2013 Hentar fyrir GC\/MS, LC-MS, FTIR, HPLC og NMR.<\/span><\/span><\/p>\n<\/li>\n<li data-start=\"6143\" data-end=\"6213\">\n<p data-start=\"6145\" data-end=\"6213\"><strong data-start=\"6145\" data-end=\"6169\"><span dir=\"auto\" style=\"vertical-align: inherit;\"><span dir=\"auto\" style=\"vertical-align: inherit;\">St\u00f6\u00f0ugt oxalatform<\/span><\/span><\/strong><span dir=\"auto\" style=\"vertical-align: inherit;\"><span dir=\"auto\" style=\"vertical-align: inherit;\"> - Langur geymslu\u00feol og efnafr\u00e6\u00f0ilega st\u00f6\u00f0ugur.<\/span><\/span><\/p>\n<\/li>\n<li data-start=\"6214\" data-end=\"6309\">\n<p data-start=\"6216\" data-end=\"6309\"><strong data-start=\"6216\" data-end=\"6241\"><span dir=\"auto\" style=\"vertical-align: inherit;\"><span dir=\"auto\" style=\"vertical-align: inherit;\">Rekjanleg framlei\u00f0sla<\/span><\/span><\/strong><span dir=\"auto\" style=\"vertical-align: inherit;\"><span dir=\"auto\" style=\"vertical-align: inherit;\"> \u2013 Hverri lotu fylgir skj\u00f6l var\u00f0andi hreinleika og samsetningu.<\/span><\/span><\/p>\n<\/li>\n<\/ul>\n<hr data-start=\"6311\" data-end=\"6314\" \/>\n<h3 data-start=\"6316\" data-end=\"6368\"><strong data-start=\"6320\" data-end=\"6366\"><span dir=\"auto\" style=\"vertical-align: inherit;\"><span dir=\"auto\" style=\"vertical-align: inherit;\">Notkun (eing\u00f6ngu \u00ed ranns\u00f3knarskyni)<\/span><\/span><\/strong><\/h3>\n<ol data-start=\"6370\" data-end=\"6735\">\n<li data-start=\"6370\" data-end=\"6464\">\n<p data-start=\"6373\" data-end=\"6464\"><strong data-start=\"6373\" data-end=\"6388\"><span dir=\"auto\" style=\"vertical-align: inherit;\"><span dir=\"auto\" style=\"vertical-align: inherit;\">Me\u00f0h\u00f6ndlun:<\/span><\/span><\/strong><span dir=\"auto\" style=\"vertical-align: inherit;\"><span dir=\"auto\" style=\"vertical-align: inherit;\"> Noti\u00f0 hanska, \u00f6ryggisgleraugu og ranns\u00f3knarstofuslopp; vinni\u00f0 undir reykh\u00fafu.<\/span><\/span><\/p>\n<\/li>\n<li data-start=\"6465\" data-end=\"6528\">\n<p data-start=\"6468\" data-end=\"6528\"><strong data-start=\"6468\" data-end=\"6481\"><span dir=\"auto\" style=\"vertical-align: inherit;\"><span dir=\"auto\" style=\"vertical-align: inherit;\">M\u00e6lingar:<\/span><\/span><\/strong><span dir=\"auto\" style=\"vertical-align: inherit;\"><span dir=\"auto\" style=\"vertical-align: inherit;\"> Noti\u00f0 n\u00e1kv\u00e6mar vogir \u00e1 ranns\u00f3knarstofu.<\/span><\/span><\/p>\n<\/li>\n<li data-start=\"6529\" data-end=\"6583\">\n<p data-start=\"6532\" data-end=\"6583\"><strong data-start=\"6532\" data-end=\"6543\"><span dir=\"auto\" style=\"vertical-align: inherit;\"><span dir=\"auto\" style=\"vertical-align: inherit;\">Geymsla:<\/span><\/span><\/strong><span dir=\"auto\" style=\"vertical-align: inherit;\"><span dir=\"auto\" style=\"vertical-align: inherit;\"> Geymi\u00f0 svalt (2\u20138\u00b0C), \u00feurrt og dimmt.<\/span><\/span><\/p>\n<\/li>\n<li data-start=\"6584\" data-end=\"6671\">\n<p data-start=\"6587\" data-end=\"6671\"><strong data-start=\"6587\" data-end=\"6599\"><span dir=\"auto\" style=\"vertical-align: inherit;\"><span dir=\"auto\" style=\"vertical-align: inherit;\">Greining:<\/span><\/span><\/strong><span dir=\"auto\" style=\"vertical-align: inherit;\"><span dir=\"auto\" style=\"vertical-align: inherit;\"> Hentar fyrir litskiljun, litr\u00f3fsgreiningu og byggingarranns\u00f3knir.<\/span><\/span><\/p>\n<\/li>\n<li data-start=\"6672\" data-end=\"6735\">\n<p data-start=\"6675\" data-end=\"6735\"><strong data-start=\"6675\" data-end=\"6692\"><span dir=\"auto\" style=\"vertical-align: inherit;\"><span dir=\"auto\" style=\"vertical-align: inherit;\">Skj\u00f6lun:<\/span><\/span><\/strong><span dir=\"auto\" style=\"vertical-align: inherit;\"><span dir=\"auto\" style=\"vertical-align: inherit;\"> Skr\u00e1 lotug\u00f6gn og greiningara\u00f0fer\u00f0ir.<\/span><\/span><\/p>\n<\/li>\n<\/ol>\n<hr data-start=\"6737\" data-end=\"6740\" \/>\n<h3 data-start=\"6742\" data-end=\"6777\"><strong data-start=\"6746\" data-end=\"6775\"><span dir=\"auto\" style=\"vertical-align: inherit;\"><span dir=\"auto\" style=\"vertical-align: inherit;\">Algengar spurningar (FAQ)<\/span><\/span><\/strong><\/h3>\n<p data-start=\"6779\" data-end=\"6958\"><strong data-start=\"6779\" data-end=\"6811\"><span dir=\"auto\" style=\"vertical-align: inherit;\"><span dir=\"auto\" style=\"vertical-align: inherit;\">1. Hva\u00f0 er N-Boc-DMT oxalat? <\/span><\/span><\/strong><br data-start=\"6811\" data-end=\"6814\" \/><strong data-start=\"6814\" data-end=\"6835\"><span dir=\"auto\" style=\"vertical-align: inherit;\"><span dir=\"auto\" style=\"vertical-align: inherit;\">N-Boc-DMT oxalat<\/span><\/span><\/strong><span dir=\"auto\" style=\"vertical-align: inherit;\"><span dir=\"auto\" style=\"vertical-align: inherit;\"> er <\/span><\/span><strong data-start=\"6843\" data-end=\"6878\"><span dir=\"auto\" style=\"vertical-align: inherit;\"><span dir=\"auto\" style=\"vertical-align: inherit;\">vernda\u00f0 tryptam\u00edn efnasamband<\/span><\/span><\/strong><span dir=\"auto\" style=\"vertical-align: inherit;\"><span dir=\"auto\" style=\"vertical-align: inherit;\"> nota\u00f0 sem st\u00f6\u00f0ugt vi\u00f0mi\u00f0unarefni fyrir greiningarranns\u00f3knir.<\/span><\/span><\/p>\n<p data-start=\"6960\" data-end=\"7107\"><strong data-start=\"6960\" data-end=\"7002\"><span dir=\"auto\" style=\"vertical-align: inherit;\"><span dir=\"auto\" style=\"vertical-align: inherit;\">2. Hvers vegna er Boc-h\u00f3purinn nota\u00f0ur?<\/span><\/span><\/strong><br data-start=\"7002\" data-end=\"7005\" \/><span dir=\"auto\" style=\"vertical-align: inherit;\"><span dir=\"auto\" style=\"vertical-align: inherit;\"> Hinn <\/span><\/span><strong data-start=\"7008\" data-end=\"7021\"><span dir=\"auto\" style=\"vertical-align: inherit;\"><span dir=\"auto\" style=\"vertical-align: inherit;\">Boc h\u00f3purinn<\/span><\/span><\/strong><span dir=\"auto\" style=\"vertical-align: inherit;\"><span dir=\"auto\" style=\"vertical-align: inherit;\"> verndar efnasambandi\u00f0 gegn ni\u00f0urbroti og gerir kleift a\u00f0 rannsaka og geyma \u00fea\u00f0 \u00e1 \u00f6ruggan h\u00e1tt.<\/span><\/span><\/p>\n<p data-start=\"7109\" data-end=\"7301\"><strong data-start=\"7109\" data-end=\"7160\"><span dir=\"auto\" style=\"vertical-align: inherit;\"><span dir=\"auto\" style=\"vertical-align: inherit;\">3. Er l\u00f6glegt a\u00f0 kaupa N-Boc-DMT oxalat?<\/span><\/span><\/strong><br data-start=\"7160\" data-end=\"7163\" \/><span dir=\"auto\" style=\"vertical-align: inherit;\"><span dir=\"auto\" style=\"vertical-align: inherit;\"> Hinn <\/span><\/span><strong data-start=\"7166\" data-end=\"7202\"><span dir=\"auto\" style=\"vertical-align: inherit;\"><span dir=\"auto\" style=\"vertical-align: inherit;\">L\u00f6gm\u00e6ti N-Boc-DMT oxalats<\/span><\/span><\/strong><span dir=\"auto\" style=\"vertical-align: inherit;\"><span dir=\"auto\" style=\"vertical-align: inherit;\"> er mismunandi eftir l\u00f6ndum. Athuga\u00f0u alltaf l\u00f6g \u00e1 \u00fe\u00ednu sv\u00e6\u00f0i \u00e1\u00f0ur en \u00fe\u00fa <\/span><\/span><strong data-start=\"7271\" data-end=\"7298\"><span dir=\"auto\" style=\"vertical-align: inherit;\"><span dir=\"auto\" style=\"vertical-align: inherit;\">A\u00f0 kaupa N-Boc-DMT oxalat<\/span><\/span><\/strong><span dir=\"auto\" style=\"vertical-align: inherit;\"><span dir=\"auto\" style=\"vertical-align: inherit;\"> .<\/span><\/span><\/p>","protected":false},"excerpt":{"rendered":"<h2><span dir=\"auto\" style=\"vertical-align: inherit;\"><span dir=\"auto\" style=\"vertical-align: inherit;\"><span dir=\"auto\" style=\"vertical-align: inherit;\"><span dir=\"auto\" style=\"vertical-align: inherit;\">NBoc-DMT oxalat<\/span><\/span><\/span><\/span><\/h2>\n<p><span dir=\"auto\" style=\"vertical-align: inherit;\"><span dir=\"auto\" style=\"vertical-align: inherit;\"><span dir=\"auto\" style=\"vertical-align: inherit;\"><span dir=\"auto\" style=\"vertical-align: inherit;\">\u00deessi vara f\u00e6st eing\u00f6ngu \u00e1 Professor.nl! Eftir \u00edtarlegar ranns\u00f3knir og pr\u00f3fanir h\u00f6fum vi\u00f0 tekist a\u00f0 b\u00faa til v\u00f6ru sem l\u00edkist mj\u00f6g b\u00f6nnu\u00f0u efninu NN-DMT.<\/span><\/span><\/span><\/span><\/p>","protected":false},"featured_media":28569,"comment_status":"closed","ping_status":"closed","template":"","meta":[],"product_brand":[],"product_cat":[466,381],"product_tag":[573,326],"class_list":{"0":"post-24404","1":"product","2":"type-product","3":"status-publish","4":"has-post-thumbnail","6":"product_cat-nboc-dmt","7":"product_cat-tryptamines","8":"product_tag-nb-dmt","9":"product_tag-nl","11":"first","12":"instock","13":"taxable","14":"shipping-taxable","15":"purchasable","16":"product-type-variable"},"_links":{"self":[{"href":"https:\/\/researchchemicalhub.com\/is\/wp-json\/wp\/v2\/product\/24404","targetHints":{"allow":["GET"]}}],"collection":[{"href":"https:\/\/researchchemicalhub.com\/is\/wp-json\/wp\/v2\/product"}],"about":[{"href":"https:\/\/researchchemicalhub.com\/is\/wp-json\/wp\/v2\/types\/product"}],"replies":[{"embeddable":true,"href":"https:\/\/researchchemicalhub.com\/is\/wp-json\/wp\/v2\/comments?post=24404"}],"version-history":[{"count":6,"href":"https:\/\/researchchemicalhub.com\/is\/wp-json\/wp\/v2\/product\/24404\/revisions"}],"predecessor-version":[{"id":28682,"href":"https:\/\/researchchemicalhub.com\/is\/wp-json\/wp\/v2\/product\/24404\/revisions\/28682"}],"wp:featuredmedia":[{"embeddable":true,"href":"https:\/\/researchchemicalhub.com\/is\/wp-json\/wp\/v2\/media\/28569"}],"wp:attachment":[{"href":"https:\/\/researchchemicalhub.com\/is\/wp-json\/wp\/v2\/media?parent=24404"}],"wp:term":[{"taxonomy":"product_brand","embeddable":true,"href":"https:\/\/researchchemicalhub.com\/is\/wp-json\/wp\/v2\/product_brand?post=24404"},{"taxonomy":"product_cat","embeddable":true,"href":"https:\/\/researchchemicalhub.com\/is\/wp-json\/wp\/v2\/product_cat?post=24404"},{"taxonomy":"product_tag","embeddable":true,"href":"https:\/\/researchchemicalhub.com\/is\/wp-json\/wp\/v2\/product_tag?post=24404"}],"curies":[{"name":"wp","href":"https:\/\/api.w.org\/{rel}","templated":true}]}}