{"id":24350,"date":"2025-04-13T17:41:31","date_gmt":"2025-04-13T17:41:31","guid":{"rendered":"https:\/\/researchchemicalhub.com\/?post_type=product&#038;p=24350"},"modified":"2025-10-29T08:43:27","modified_gmt":"2025-10-29T08:43:27","slug":"metosin-4-hydroklorid-med-21-mg-kulum","status":"publish","type":"product","link":"https:\/\/researchchemicalhub.com\/is\/bud\/4-ho-hitti\/metosin-4-hydroklorid-med-21-mg-kulum\/","title":{"rendered":"Metocin 4-HO-MET 21 MG k\u00f6gglar"},"content":{"rendered":"<h3 data-start=\"4257\" data-end=\"4278\"><strong data-start=\"4261\" data-end=\"4276\"><span dir=\"auto\" style=\"vertical-align: inherit;\"><span dir=\"auto\" style=\"vertical-align: inherit;\">Inngangur<\/span><\/span><\/strong><\/h3>\n<p data-start=\"4279\" data-end=\"4697\"><strong data-start=\"4279\" data-end=\"4312\"><span dir=\"auto\" style=\"vertical-align: inherit;\"><span dir=\"auto\" style=\"vertical-align: inherit;\">Metocin 4-HO-MET 21 mg k\u00falur<\/span><\/span><\/strong><span dir=\"auto\" style=\"vertical-align: inherit;\"><span dir=\"auto\" style=\"vertical-align: inherit;\"> innihalda <\/span><\/span><strong data-start=\"4322\" data-end=\"4386\"><span dir=\"auto\" style=\"vertical-align: inherit;\"><span dir=\"auto\" style=\"vertical-align: inherit;\">21 milligr\u00f6mm af 4-HO-MET (4-h\u00fddrox\u00fd-N-met\u00fdl-N-et\u00fdltryptam\u00edni)<\/span><\/span><\/strong><span dir=\"auto\" style=\"vertical-align: inherit;\"><span dir=\"auto\" style=\"vertical-align: inherit;\"> \u2014 a <\/span><\/span><strong data-start=\"4393\" data-end=\"4417\"><span dir=\"auto\" style=\"vertical-align: inherit;\"><span dir=\"auto\" style=\"vertical-align: inherit;\">tryptam\u00edn efnasamband<\/span><\/span><\/strong><span dir=\"auto\" style=\"vertical-align: inherit;\"><span dir=\"auto\" style=\"vertical-align: inherit;\"> byggingarlega tengd <\/span><\/span><strong data-start=\"4449\" data-end=\"4473\"><span dir=\"auto\" style=\"vertical-align: inherit;\"><span dir=\"auto\" style=\"vertical-align: inherit;\">psil\u00f3s\u00edn (4-HO-DMT)<\/span><\/span><\/strong><span dir=\"auto\" style=\"vertical-align: inherit;\"><span dir=\"auto\" style=\"vertical-align: inherit;\"> og <\/span><\/span><strong data-start=\"4477\" data-end=\"4490\"><span dir=\"auto\" style=\"vertical-align: inherit;\"><span dir=\"auto\" style=\"vertical-align: inherit;\">4-AcO-MET<\/span><\/span><\/strong><span dir=\"auto\" style=\"vertical-align: inherit;\"><span dir=\"auto\" style=\"vertical-align: inherit;\"> Met\u00f3s\u00edn <\/span><\/span><br data-start=\"4491\" data-end=\"4494\" \/><span dir=\"auto\" style=\"vertical-align: inherit;\"><span dir=\"auto\" style=\"vertical-align: inherit;\">4-HO-MET er nota\u00f0 \u00ed <\/span><\/span><strong data-start=\"4521\" data-end=\"4574\"><span dir=\"auto\" style=\"vertical-align: inherit;\"><span dir=\"auto\" style=\"vertical-align: inherit;\">greiningar-, r\u00e9ttarl\u00e6knisfr\u00e6\u00f0ilegar og taugaefnafr\u00e6\u00f0ilegar ranns\u00f3knir<\/span><\/span><\/strong><span dir=\"auto\" style=\"vertical-align: inherit;\"><span dir=\"auto\" style=\"vertical-align: inherit;\"> til <\/span><span dir=\"auto\" style=\"vertical-align: inherit;\">n\u00e1m <\/span><\/span><strong data-start=\"4578\" data-end=\"4597\"><span dir=\"auto\" style=\"vertical-align: inherit;\"><span dir=\"auto\" style=\"vertical-align: inherit;\">vi\u00f0takabinding<\/span><\/span><\/strong><span dir=\"auto\" style=\"vertical-align: inherit;\"><span dir=\"auto\" style=\"vertical-align: inherit;\"> , <\/span><\/span><strong data-start=\"4599\" data-end=\"4641\"><span dir=\"auto\" style=\"vertical-align: inherit;\"><span dir=\"auto\" style=\"vertical-align: inherit;\">tengsl byggingar og virkni (SAR)<\/span><\/span><\/strong><span dir=\"auto\" style=\"vertical-align: inherit;\"><span dir=\"auto\" style=\"vertical-align: inherit;\"> og <\/span><\/span><strong data-start=\"4645\" data-end=\"4680\"><span dir=\"auto\" style=\"vertical-align: inherit;\"><span dir=\"auto\" style=\"vertical-align: inherit;\">litskiljunareiginleikar.<\/span><\/span><\/strong><\/p>\n<p data-start=\"4699\" data-end=\"4871\"><span dir=\"auto\" style=\"vertical-align: inherit;\"><span dir=\"auto\" style=\"vertical-align: inherit;\">Hver k\u00fala hefur <\/span><\/span><strong data-start=\"4721\" data-end=\"4745\"><span dir=\"auto\" style=\"vertical-align: inherit;\"><span dir=\"auto\" style=\"vertical-align: inherit;\">hreinleiki \u2265 98%<\/span><\/span><\/strong><span dir=\"auto\" style=\"vertical-align: inherit;\"><span dir=\"auto\" style=\"vertical-align: inherit;\"> , sta\u00f0fest af <\/span><\/span><strong data-start=\"4761\" data-end=\"4784\"><span dir=\"auto\" style=\"vertical-align: inherit;\"><span dir=\"auto\" style=\"vertical-align: inherit;\">HPLC og NMR greining<\/span><\/span><\/strong><span dir=\"auto\" style=\"vertical-align: inherit;\"><span dir=\"auto\" style=\"vertical-align: inherit;\"> , og er afhent \u00ed <\/span><\/span><strong data-start=\"4807\" data-end=\"4828\"><span dir=\"auto\" style=\"vertical-align: inherit;\"><span dir=\"auto\" style=\"vertical-align: inherit;\">\u00feynnuumb\u00fa\u00f0ir<\/span><\/span><\/strong><span dir=\"auto\" style=\"vertical-align: inherit;\"><span dir=\"auto\" style=\"vertical-align: inherit;\"> til a\u00f0 vi\u00f0halda efnafr\u00e6\u00f0ilegum st\u00f6\u00f0ugleika.<\/span><\/span><\/p>\n<blockquote data-start=\"4873\" data-end=\"5019\">\n<p data-start=\"4875\" data-end=\"5019\">\u26a0\ufe0f <strong data-start=\"4878\" data-end=\"4889\"><span dir=\"auto\" style=\"vertical-align: inherit;\"><span dir=\"auto\" style=\"vertical-align: inherit;\">Vinsamlegast athugi\u00f0:<\/span><\/span><\/strong><span dir=\"auto\" style=\"vertical-align: inherit;\"><span dir=\"auto\" style=\"vertical-align: inherit;\"> \u00deessi vara er \u00e6tlu\u00f0 fyrir <\/span><\/span><strong data-start=\"4930\" data-end=\"4965\"><span dir=\"auto\" style=\"vertical-align: inherit;\"><span dir=\"auto\" style=\"vertical-align: inherit;\">ranns\u00f3knir og greiningarnotkun<\/span><\/span><\/strong><span dir=\"auto\" style=\"vertical-align: inherit;\"><span dir=\"auto\" style=\"vertical-align: inherit;\"> a\u00f0eins \u2014 <\/span><\/span><strong data-start=\"4968\" data-end=\"5016\"><span dir=\"auto\" style=\"vertical-align: inherit;\"><span dir=\"auto\" style=\"vertical-align: inherit;\">ekki til manneldis e\u00f0a d\u00fdraneyslu<\/span><\/span><\/strong><span dir=\"auto\" style=\"vertical-align: inherit;\"><span dir=\"auto\" style=\"vertical-align: inherit;\"> .<\/span><\/span><\/p>\n<\/blockquote>\n<hr data-start=\"5021\" data-end=\"5024\" \/>\n<h3 data-start=\"5026\" data-end=\"5057\"><strong data-start=\"5030\" data-end=\"5057\"><span dir=\"auto\" style=\"vertical-align: inherit;\"><span dir=\"auto\" style=\"vertical-align: inherit;\">Lykilatri\u00f0i<\/span><\/span><\/strong><\/h3>\n<div class=\"_tableContainer_1rjym_1\">\n<div class=\"group _tableWrapper_1rjym_13 flex w-fit flex-col-reverse\" tabindex=\"-1\">\n<table class=\"w-fit min-w-(--thread-content-width)\" data-start=\"5059\" data-end=\"5630\">\n<thead data-start=\"5059\" data-end=\"5085\">\n<tr data-start=\"5059\" data-end=\"5085\">\n<th data-start=\"5059\" data-end=\"5069\" data-col-size=\"sm\"><span dir=\"auto\" style=\"vertical-align: inherit;\"><span dir=\"auto\" style=\"vertical-align: inherit;\">Eiginleiki<\/span><\/span><\/th>\n<th data-start=\"5069\" data-end=\"5085\" data-col-size=\"md\"><span dir=\"auto\" style=\"vertical-align: inherit;\"><span dir=\"auto\" style=\"vertical-align: inherit;\">L\u00fdsing<\/span><\/span><\/th>\n<\/tr>\n<\/thead>\n<tbody data-start=\"5114\" data-end=\"5630\">\n<tr data-start=\"5114\" data-end=\"5189\">\n<td data-start=\"5114\" data-end=\"5135\" data-col-size=\"sm\"><strong data-start=\"5116\" data-end=\"5134\"><span dir=\"auto\" style=\"vertical-align: inherit;\"><span dir=\"auto\" style=\"vertical-align: inherit;\">Efnaheiti<\/span><\/span><\/strong><\/td>\n<td data-start=\"5135\" data-end=\"5189\" data-col-size=\"md\"><span dir=\"auto\" style=\"vertical-align: inherit;\"><span dir=\"auto\" style=\"vertical-align: inherit;\">4-h\u00fddrox\u00fd-N-met\u00fdl-N-et\u00fdltryptam\u00edn h\u00fddr\u00f3kl\u00f3r\u00ed\u00f0<\/span><\/span><\/td>\n<\/tr>\n<tr data-start=\"5190\" data-end=\"5237\">\n<td data-start=\"5190\" data-end=\"5215\" data-col-size=\"sm\"><strong data-start=\"5192\" data-end=\"5214\"><span dir=\"auto\" style=\"vertical-align: inherit;\"><span dir=\"auto\" style=\"vertical-align: inherit;\">Algengt heiti<\/span><\/span><\/strong><\/td>\n<td data-start=\"5215\" data-end=\"5237\" data-col-size=\"md\"><span dir=\"auto\" style=\"vertical-align: inherit;\"><span dir=\"auto\" style=\"vertical-align: inherit;\">4-HO-MET \/ Met\u00f3s\u00edn<\/span><\/span><\/td>\n<\/tr>\n<tr data-start=\"5238\" data-end=\"5279\">\n<td data-start=\"5238\" data-end=\"5262\" data-col-size=\"sm\"><strong data-start=\"5240\" data-end=\"5261\"><span dir=\"auto\" style=\"vertical-align: inherit;\"><span dir=\"auto\" style=\"vertical-align: inherit;\">Efnaform\u00fala<\/span><\/span><\/strong><\/td>\n<td data-start=\"5262\" data-end=\"5279\" data-col-size=\"md\"><span dir=\"auto\" style=\"vertical-align: inherit;\"><span dir=\"auto\" style=\"vertical-align: inherit;\">C\u2081\u2083H\u2081\u2088N\u2082O\u00b7HCl<\/span><\/span><\/td>\n<\/tr>\n<tr data-start=\"5280\" data-end=\"5318\">\n<td data-start=\"5280\" data-end=\"5302\" data-col-size=\"sm\"><strong data-start=\"5282\" data-end=\"5301\"><span dir=\"auto\" style=\"vertical-align: inherit;\"><span dir=\"auto\" style=\"vertical-align: inherit;\">M\u00f3l\u00feungi<\/span><\/span><\/strong><\/td>\n<td data-start=\"5302\" data-end=\"5318\" data-col-size=\"md\"><span dir=\"auto\" style=\"vertical-align: inherit;\"><span dir=\"auto\" style=\"vertical-align: inherit;\">270,75 g\/m\u00f3l<\/span><\/span><\/td>\n<\/tr>\n<tr data-start=\"5319\" data-end=\"5353\">\n<td data-start=\"5319\" data-end=\"5334\" data-col-size=\"sm\"><strong data-start=\"5321\" data-end=\"5333\"><span dir=\"auto\" style=\"vertical-align: inherit;\"><span dir=\"auto\" style=\"vertical-align: inherit;\">Skammtar<\/span><\/span><\/strong><\/td>\n<td data-start=\"5334\" data-end=\"5353\" data-col-size=\"md\"><span dir=\"auto\" style=\"vertical-align: inherit;\"><span dir=\"auto\" style=\"vertical-align: inherit;\">21 mg \u00ed hverju k\u00falu<\/span><\/span><\/td>\n<\/tr>\n<tr data-start=\"5354\" data-end=\"5401\">\n<td data-start=\"5354\" data-end=\"5365\" data-col-size=\"sm\"><strong data-start=\"5356\" data-end=\"5364\"><span dir=\"auto\" style=\"vertical-align: inherit;\"><span dir=\"auto\" style=\"vertical-align: inherit;\">Ey\u00f0ubla\u00f0<\/span><\/span><\/strong><\/td>\n<td data-start=\"5365\" data-end=\"5401\" data-col-size=\"md\"><span dir=\"auto\" style=\"vertical-align: inherit;\"><span dir=\"auto\" style=\"vertical-align: inherit;\">Fast k\u00fala (\u00feynnupakkning)<\/span><\/span><\/td>\n<\/tr>\n<tr data-start=\"5402\" data-end=\"5453\">\n<td data-start=\"5402\" data-end=\"5419\" data-col-size=\"sm\"><strong data-start=\"5404\" data-end=\"5418\"><span dir=\"auto\" style=\"vertical-align: inherit;\"><span dir=\"auto\" style=\"vertical-align: inherit;\">Hreinleiki<\/span><\/span><\/strong><\/td>\n<td data-start=\"5419\" data-end=\"5453\" data-col-size=\"md\"><span dir=\"auto\" style=\"vertical-align: inherit;\"><span dir=\"auto\" style=\"vertical-align: inherit;\">\u2265 98% (pr\u00f3fa\u00f0 me\u00f0 HPLC og NMR)<\/span><\/span><\/td>\n<\/tr>\n<tr data-start=\"5454\" data-end=\"5500\">\n<td data-start=\"5454\" data-end=\"5477\" data-col-size=\"sm\"><strong data-start=\"5456\" data-end=\"5476\"><span dir=\"auto\" style=\"vertical-align: inherit;\"><span dir=\"auto\" style=\"vertical-align: inherit;\">Efnaflokkur<\/span><\/span><\/strong><\/td>\n<td data-start=\"5477\" data-end=\"5500\" data-col-size=\"md\"><span dir=\"auto\" style=\"vertical-align: inherit;\"><span dir=\"auto\" style=\"vertical-align: inherit;\">Tryptam\u00edn aflei\u00f0a<\/span><\/span><\/td>\n<\/tr>\n<tr data-start=\"5501\" data-end=\"5580\">\n<td data-start=\"5501\" data-end=\"5515\" data-col-size=\"sm\"><strong data-start=\"5503\" data-end=\"5514\"><span dir=\"auto\" style=\"vertical-align: inherit;\"><span dir=\"auto\" style=\"vertical-align: inherit;\">Notkun<\/span><\/span><\/strong><\/td>\n<td data-start=\"5515\" data-end=\"5580\" data-col-size=\"md\"><span dir=\"auto\" style=\"vertical-align: inherit;\"><span dir=\"auto\" style=\"vertical-align: inherit;\">A\u00f0eins fyrir greiningar-, r\u00e9ttarl\u00e6knisfr\u00e6\u00f0ilegar og taugaefnafr\u00e6\u00f0ilegar ranns\u00f3knir<\/span><\/span><\/td>\n<\/tr>\n<tr data-start=\"5581\" data-end=\"5630\">\n<td data-start=\"5581\" data-end=\"5598\" data-col-size=\"sm\"><strong data-start=\"5583\" data-end=\"5597\"><span dir=\"auto\" style=\"vertical-align: inherit;\"><span dir=\"auto\" style=\"vertical-align: inherit;\">Umb\u00fa\u00f0ir<\/span><\/span><\/strong><\/td>\n<td data-start=\"5598\" data-end=\"5630\" data-col-size=\"md\"><span dir=\"auto\" style=\"vertical-align: inherit;\"><span dir=\"auto\" style=\"vertical-align: inherit;\">\u00deynnupakkning me\u00f0 innsigli<\/span><\/span><\/td>\n<\/tr>\n<\/tbody>\n<\/table>\n<\/div>\n<\/div>\n<hr data-start=\"5632\" data-end=\"5635\" \/>\n<h3 data-start=\"5637\" data-end=\"5654\"><strong data-start=\"5641\" data-end=\"5654\"><span dir=\"auto\" style=\"vertical-align: inherit;\"><span dir=\"auto\" style=\"vertical-align: inherit;\">Kostir<\/span><\/span><\/strong><\/h3>\n<ul data-start=\"5656\" data-end=\"6062\">\n<li data-start=\"5656\" data-end=\"5748\">\n<p data-start=\"5658\" data-end=\"5748\"><strong data-start=\"5658\" data-end=\"5677\"><span dir=\"auto\" style=\"vertical-align: inherit;\"><span dir=\"auto\" style=\"vertical-align: inherit;\">Mikil hreinleiki<\/span><\/span><\/strong><span dir=\"auto\" style=\"vertical-align: inherit;\"><span dir=\"auto\" style=\"vertical-align: inherit;\"> \u2013 \u2265 98% ranns\u00f3knarstofug\u00e6\u00f0i fyrir \u00e1rei\u00f0anlegar ranns\u00f3knarni\u00f0urst\u00f6\u00f0ur.<\/span><\/span><\/p>\n<\/li>\n<li data-start=\"5749\" data-end=\"5828\">\n<p data-start=\"5751\" data-end=\"5828\"><strong data-start=\"5751\" data-end=\"5782\"><span dir=\"auto\" style=\"vertical-align: inherit;\"><span dir=\"auto\" style=\"vertical-align: inherit;\">Sta\u00f0la\u00f0 skammtur<\/span><\/span><\/strong><span dir=\"auto\" style=\"vertical-align: inherit;\"><span dir=\"auto\" style=\"vertical-align: inherit;\"> \u2013 21 mg \u00ed hverju k\u00falu fyrir samr\u00e6mda greiningu.<\/span><\/span><\/p>\n<\/li>\n<li data-start=\"5829\" data-end=\"5907\">\n<p data-start=\"5831\" data-end=\"5907\"><strong data-start=\"5831\" data-end=\"5861\"><span dir=\"auto\" style=\"vertical-align: inherit;\"><span dir=\"auto\" style=\"vertical-align: inherit;\">V\u00ed\u00f0t\u00e6k ranns\u00f3knarnotkun<\/span><\/span><\/strong><span dir=\"auto\" style=\"vertical-align: inherit;\"><span dir=\"auto\" style=\"vertical-align: inherit;\"> \u2013 Hentar fyrir GC\/MS, LC-MS, FTIR og HPLC.<\/span><\/span><\/p>\n<\/li>\n<li data-start=\"5908\" data-end=\"5993\">\n<p data-start=\"5910\" data-end=\"5993\"><strong data-start=\"5910\" data-end=\"5947\"><span dir=\"auto\" style=\"vertical-align: inherit;\"><span dir=\"auto\" style=\"vertical-align: inherit;\">Byggingarlega skylt psilocin<\/span><\/span><\/strong><span dir=\"auto\" style=\"vertical-align: inherit;\"><span dir=\"auto\" style=\"vertical-align: inherit;\"> \u2013 Ver\u00f0m\u00e6tt fyrir ranns\u00f3knir \u00e1 SAR og vi\u00f0t\u00f6kum.<\/span><\/span><\/p>\n<\/li>\n<li data-start=\"5994\" data-end=\"6062\">\n<p data-start=\"5996\" data-end=\"6062\"><strong data-start=\"5996\" data-end=\"6024\"><span dir=\"auto\" style=\"vertical-align: inherit;\"><span dir=\"auto\" style=\"vertical-align: inherit;\">St\u00fdr\u00f0 framlei\u00f0sla<\/span><\/span><\/strong><span dir=\"auto\" style=\"vertical-align: inherit;\"><span dir=\"auto\" style=\"vertical-align: inherit;\"> \u2013 Hver lota pr\u00f3fu\u00f0 og rekjanleg.<\/span><\/span><\/p>\n<\/li>\n<\/ul>\n<hr data-start=\"6064\" data-end=\"6067\" \/>\n<h3 data-start=\"6069\" data-end=\"6121\"><strong data-start=\"6073\" data-end=\"6119\"><span dir=\"auto\" style=\"vertical-align: inherit;\"><span dir=\"auto\" style=\"vertical-align: inherit;\">Notkun (eing\u00f6ngu \u00ed ranns\u00f3knarskyni)<\/span><\/span><\/strong><\/h3>\n<ol data-start=\"6123\" data-end=\"6466\">\n<li data-start=\"6123\" data-end=\"6192\">\n<p data-start=\"6126\" data-end=\"6192\"><strong data-start=\"6126\" data-end=\"6141\"><span dir=\"auto\" style=\"vertical-align: inherit;\"><span dir=\"auto\" style=\"vertical-align: inherit;\">Me\u00f0h\u00f6ndlun:<\/span><\/span><\/strong><span dir=\"auto\" style=\"vertical-align: inherit;\"><span dir=\"auto\" style=\"vertical-align: inherit;\"> Noti\u00f0 hanska, \u00f6ryggisgleraugu og ranns\u00f3knarstofuslopp.<\/span><\/span><\/p>\n<\/li>\n<li data-start=\"6193\" data-end=\"6250\">\n<p data-start=\"6196\" data-end=\"6250\"><strong data-start=\"6196\" data-end=\"6209\"><span dir=\"auto\" style=\"vertical-align: inherit;\"><span dir=\"auto\" style=\"vertical-align: inherit;\">M\u00e6lingar:<\/span><\/span><\/strong><span dir=\"auto\" style=\"vertical-align: inherit;\"><span dir=\"auto\" style=\"vertical-align: inherit;\"> Hvert pilla inniheldur n\u00e1kv\u00e6mlega 21 mg af 4-HO-MET.<\/span><\/span><\/p>\n<\/li>\n<li data-start=\"6251\" data-end=\"6305\">\n<p data-start=\"6254\" data-end=\"6305\"><strong data-start=\"6254\" data-end=\"6265\"><span dir=\"auto\" style=\"vertical-align: inherit;\"><span dir=\"auto\" style=\"vertical-align: inherit;\">Geymsla:<\/span><\/span><\/strong><span dir=\"auto\" style=\"vertical-align: inherit;\"><span dir=\"auto\" style=\"vertical-align: inherit;\"> Geymi\u00f0 svalt (2\u20138\u00b0C), \u00feurrt og dimmt.<\/span><\/span><\/p>\n<\/li>\n<li data-start=\"6306\" data-end=\"6389\">\n<p data-start=\"6309\" data-end=\"6389\"><strong data-start=\"6309\" data-end=\"6321\"><span dir=\"auto\" style=\"vertical-align: inherit;\"><span dir=\"auto\" style=\"vertical-align: inherit;\">Greining:<\/span><\/span><\/strong><span dir=\"auto\" style=\"vertical-align: inherit;\"><span dir=\"auto\" style=\"vertical-align: inherit;\"> Hentar fyrir litskiljun, litr\u00f3fsgreiningu og vi\u00f0takaranns\u00f3knir.<\/span><\/span><\/p>\n<\/li>\n<li data-start=\"6390\" data-end=\"6466\">\n<p data-start=\"6393\" data-end=\"6466\"><strong data-start=\"6393\" data-end=\"6410\"><span dir=\"auto\" style=\"vertical-align: inherit;\"><span dir=\"auto\" style=\"vertical-align: inherit;\">Skj\u00f6lun:<\/span><\/span><\/strong><span dir=\"auto\" style=\"vertical-align: inherit;\"><span dir=\"auto\" style=\"vertical-align: inherit;\"> Skr\u00e1i\u00f0 lotun\u00famer, ni\u00f0urst\u00f6\u00f0ur pr\u00f3funar og greiningara\u00f0fer\u00f0.<\/span><\/span><\/p>\n<\/li>\n<\/ol>\n<hr data-start=\"6468\" data-end=\"6471\" \/>\n<h3 data-start=\"6473\" data-end=\"6508\"><strong data-start=\"6477\" data-end=\"6506\"><span dir=\"auto\" style=\"vertical-align: inherit;\"><span dir=\"auto\" style=\"vertical-align: inherit;\">Algengar spurningar (FAQ)<\/span><\/span><\/strong><\/h3>\n<p data-start=\"6510\" data-end=\"6665\"><strong data-start=\"6510\" data-end=\"6543\"><span dir=\"auto\" style=\"vertical-align: inherit;\"><span dir=\"auto\" style=\"vertical-align: inherit;\">1. Hva\u00f0 er 4-HO-MET (Metocin)? <\/span><\/span><\/strong><br data-start=\"6543\" data-end=\"6546\" \/><strong data-start=\"6546\" data-end=\"6558\"><span dir=\"auto\" style=\"vertical-align: inherit;\"><span dir=\"auto\" style=\"vertical-align: inherit;\">4-HO-MET<\/span><\/span><\/strong><span dir=\"auto\" style=\"vertical-align: inherit;\"><span dir=\"auto\" style=\"vertical-align: inherit;\"> er <\/span><\/span><strong data-start=\"6566\" data-end=\"6588\"><span dir=\"auto\" style=\"vertical-align: inherit;\"><span dir=\"auto\" style=\"vertical-align: inherit;\">tryptam\u00edn hli\u00f0st\u00e6\u00f0a<\/span><\/span><\/strong><span dir=\"auto\" style=\"vertical-align: inherit;\"><span dir=\"auto\" style=\"vertical-align: inherit;\"> , skyld psilocin, nota\u00f0 \u00ed greiningar- og taugaefnafr\u00e6\u00f0ilegum ranns\u00f3knum.<\/span><\/span><\/p>\n<p data-start=\"6667\" data-end=\"6808\"><strong data-start=\"6667\" data-end=\"6724\"><span dir=\"auto\" style=\"vertical-align: inherit;\"><span dir=\"auto\" style=\"vertical-align: inherit;\">2. Hver er hreinleiki og skammtur \u00feessara k\u00f6ggla?<\/span><\/span><\/strong><br data-start=\"6724\" data-end=\"6727\" \/><span dir=\"auto\" style=\"vertical-align: inherit;\"><span dir=\"auto\" style=\"vertical-align: inherit;\"> Hvert pilla inniheldur <\/span><\/span><strong data-start=\"6745\" data-end=\"6781\"><span dir=\"auto\" style=\"vertical-align: inherit;\"><span dir=\"auto\" style=\"vertical-align: inherit;\">21 mg e\u00f0a 4-HO-MET (\u2265 98% hreinleiki)<\/span><\/span><\/strong><span dir=\"auto\" style=\"vertical-align: inherit;\"><span dir=\"auto\" style=\"vertical-align: inherit;\"> , pr\u00f3fa\u00f0 me\u00f0 HPLC og NMR.<\/span><\/span><\/p>\n<p data-start=\"6810\" data-end=\"6975\"><strong data-start=\"6810\" data-end=\"6852\"><span dir=\"auto\" style=\"vertical-align: inherit;\"><span dir=\"auto\" style=\"vertical-align: inherit;\">3. Er l\u00f6glegt a\u00f0 kaupa 4-HO-MET?<\/span><\/span><\/strong><br data-start=\"6852\" data-end=\"6855\" \/><span dir=\"auto\" style=\"vertical-align: inherit;\"><span dir=\"auto\" style=\"vertical-align: inherit;\"> Hinn <\/span><\/span><strong data-start=\"6858\" data-end=\"6885\"><span dir=\"auto\" style=\"vertical-align: inherit;\"><span dir=\"auto\" style=\"vertical-align: inherit;\">l\u00f6gm\u00e6ti 4-HO-MET<\/span><\/span><\/strong><span dir=\"auto\" style=\"vertical-align: inherit;\"><span dir=\"auto\" style=\"vertical-align: inherit;\"> er mismunandi eftir l\u00f6ndum. Athuga\u00f0u alltaf l\u00f6g \u00e1 hverjum sta\u00f0 \u00e1\u00f0ur en <\/span><\/span><strong data-start=\"6954\" data-end=\"6972\"><span dir=\"auto\" style=\"vertical-align: inherit;\"><span dir=\"auto\" style=\"vertical-align: inherit;\">a\u00f0 kaupa 4-HO-MET<\/span><\/span><\/strong><span dir=\"auto\" style=\"vertical-align: inherit;\"><span dir=\"auto\" style=\"vertical-align: inherit;\"> .<\/span><\/span><\/p>\n<ul>\n<li><\/li>\n<\/ul>","protected":false},"excerpt":{"rendered":"<p>Introduction Metocin 4-HO-MET 21mg Pellets contain 21 milligrams of 4-HO-MET (4-Hydroxy-N-methyl-N-ethyltryptamine) \u2014 a tryptamine compound structurally related to psilocin (4-HO-DMT)<\/p>","protected":false},"featured_media":28559,"comment_status":"closed","ping_status":"closed","template":"","meta":[],"product_brand":[],"product_cat":[382,403,324,398,381],"product_tag":[636,673,635,326],"class_list":{"0":"post-24350","1":"product","2":"type-product","3":"status-publish","4":"has-post-thumbnail","6":"product_cat-4-ho-met","7":"product_cat-4-ho-met-pellets","8":"product_cat-pellets-for-pellet","9":"product_cat-verkoop","10":"product_cat-tryptamines","11":"product_tag-metocin","12":"product_tag-metocin-4-ho-met","13":"product_tag-metocin-kopen","14":"product_tag-nl","16":"first","17":"instock","18":"sale","19":"taxable","20":"shipping-taxable","21":"purchasable","22":"product-type-variable"},"_links":{"self":[{"href":"https:\/\/researchchemicalhub.com\/is\/wp-json\/wp\/v2\/product\/24350","targetHints":{"allow":["GET"]}}],"collection":[{"href":"https:\/\/researchchemicalhub.com\/is\/wp-json\/wp\/v2\/product"}],"about":[{"href":"https:\/\/researchchemicalhub.com\/is\/wp-json\/wp\/v2\/types\/product"}],"replies":[{"embeddable":true,"href":"https:\/\/researchchemicalhub.com\/is\/wp-json\/wp\/v2\/comments?post=24350"}],"version-history":[{"count":6,"href":"https:\/\/researchchemicalhub.com\/is\/wp-json\/wp\/v2\/product\/24350\/revisions"}],"predecessor-version":[{"id":28687,"href":"https:\/\/researchchemicalhub.com\/is\/wp-json\/wp\/v2\/product\/24350\/revisions\/28687"}],"wp:featuredmedia":[{"embeddable":true,"href":"https:\/\/researchchemicalhub.com\/is\/wp-json\/wp\/v2\/media\/28559"}],"wp:attachment":[{"href":"https:\/\/researchchemicalhub.com\/is\/wp-json\/wp\/v2\/media?parent=24350"}],"wp:term":[{"taxonomy":"product_brand","embeddable":true,"href":"https:\/\/researchchemicalhub.com\/is\/wp-json\/wp\/v2\/product_brand?post=24350"},{"taxonomy":"product_cat","embeddable":true,"href":"https:\/\/researchchemicalhub.com\/is\/wp-json\/wp\/v2\/product_cat?post=24350"},{"taxonomy":"product_tag","embeddable":true,"href":"https:\/\/researchchemicalhub.com\/is\/wp-json\/wp\/v2\/product_tag?post=24350"}],"curies":[{"name":"wp","href":"https:\/\/api.w.org\/{rel}","templated":true}]}}