{"id":24343,"date":"2025-04-13T17:41:31","date_gmt":"2025-04-13T17:41:31","guid":{"rendered":"https:\/\/researchchemicalhub.com\/?post_type=product&#038;p=24343"},"modified":"2025-10-12T12:50:39","modified_gmt":"2025-10-12T12:50:39","slug":"stafraen-lifraen-smavog","status":"publish","type":"product","link":"https:\/\/researchchemicalhub.com\/is\/bud\/vog\/stafraen-lifraen-smavog\/","title":{"rendered":"Stafr\u00e6n l\u00edffr\u00e6\u00f0ileg sm\u00e1vog \u2013 20 g x 0,001 g"},"content":{"rendered":"<h3 data-start=\"4064\" data-end=\"4085\"><strong data-start=\"4068\" data-end=\"4083\">Inngangur<\/strong><\/h3>\n<p data-start=\"4086\" data-end=\"4354\">Hinn <strong data-start=\"4089\" data-end=\"4136\">Stafr\u00e6n l\u00edffr\u00e6\u00f0ileg sm\u00e1vog \u2013 20 g x 0,001 g<\/strong> er <strong data-start=\"4144\" data-end=\"4180\">fagleg n\u00e1kv\u00e6mnisvog<\/strong> hanna\u00f0 fyrir notkun \u00fear sem mikil n\u00e1kv\u00e6mni er krafist, svo sem <strong data-start=\"4256\" data-end=\"4281\">ranns\u00f3knarstofuranns\u00f3knir<\/strong>, <strong data-start=\"4283\" data-end=\"4304\">efnagreining<\/strong>, <strong data-start=\"4306\" data-end=\"4330\">l\u00edffr\u00e6\u00f0ilegar ranns\u00f3knir<\/strong> og <strong data-start=\"4334\" data-end=\"4351\">skartgripavinna<\/strong>.<\/p>\n<p data-start=\"4356\" data-end=\"4670\">Strax <strong data-start=\"4364\" data-end=\"4394\">Vogunargeta 20 gr\u00f6mm<\/strong> og a <strong data-start=\"4402\" data-end=\"4445\">n\u00e1kv\u00e6mni 0,001 g (1 milligramm)<\/strong> b\u00fd\u00f0ur upp \u00e1 \u00feessa litlu vog <strong data-start=\"4473\" data-end=\"4504\">n\u00e1kv\u00e6mni \u00e1 ranns\u00f3knarstofustigi<\/strong> \u00ed <strong data-start=\"4512\" data-end=\"4544\">nett og flytjanleg h\u00f6nnun<\/strong>Hinn <strong data-start=\"4549\" data-end=\"4578\">vogplata \u00far ry\u00f0fr\u00edu st\u00e1li<\/strong> og <strong data-start=\"4586\" data-end=\"4608\">bjartur LCD skj\u00e1r<\/strong> Tryggja sk\u00fdrar og st\u00f6\u00f0ugar m\u00e6lingar \u00ed hva\u00f0a umhverfi sem er.<\/p>\n<blockquote data-start=\"4672\" data-end=\"4784\">\n<p data-start=\"4674\" data-end=\"4784\">\u2699\ufe0f <strong data-start=\"4677\" data-end=\"4784\">Tilvali\u00f0 fyrir ranns\u00f3knarstofur, l\u00edfefnafr\u00e6\u00f0ilegar ranns\u00f3knir e\u00f0a efnisfr\u00e6\u00f0i me\u00f0 n\u00e1kv\u00e6mni \u00ed milligr\u00f6mmum.<\/strong><\/p>\n<\/blockquote>\n<hr data-start=\"4786\" data-end=\"4789\" \/>\n<h3 data-start=\"4791\" data-end=\"4822\"><strong data-start=\"4795\" data-end=\"4822\">Lykilatri\u00f0i<\/strong><\/h3>\n<div class=\"_tableContainer_1rjym_1\">\n<div class=\"group _tableWrapper_1rjym_13 flex w-fit flex-col-reverse\" tabindex=\"-1\">\n<table class=\"w-fit min-w-(--thread-content-width)\" data-start=\"4824\" data-end=\"5359\">\n<thead data-start=\"4824\" data-end=\"4850\">\n<tr data-start=\"4824\" data-end=\"4850\">\n<th data-start=\"4824\" data-end=\"4834\" data-col-size=\"sm\">Eiginleiki<\/th>\n<th data-start=\"4834\" data-end=\"4850\" data-col-size=\"md\">L\u00fdsing<\/th>\n<\/tr>\n<\/thead>\n<tbody data-start=\"4879\" data-end=\"5359\">\n<tr data-start=\"4879\" data-end=\"4923\">\n<td data-start=\"4879\" data-end=\"4891\" data-col-size=\"sm\"><strong data-start=\"4881\" data-end=\"4890\">Fyrirmynd<\/strong><\/td>\n<td data-start=\"4891\" data-end=\"4923\" data-col-size=\"md\">Stafr\u00e6n l\u00edffr\u00e6\u00f0ileg sm\u00e1vog<\/td>\n<\/tr>\n<tr data-start=\"4924\" data-end=\"4957\">\n<td data-start=\"4924\" data-end=\"4941\" data-col-size=\"sm\"><strong data-start=\"4926\" data-end=\"4940\">Vigtunarsvi\u00f0<\/strong><\/td>\n<td data-start=\"4941\" data-end=\"4957\" data-col-size=\"md\">0,001 g \u2013 20 g<\/td>\n<\/tr>\n<tr data-start=\"4958\" data-end=\"5004\">\n<td data-start=\"4958\" data-end=\"4979\" data-col-size=\"sm\"><strong data-start=\"4960\" data-end=\"4978\">N\u00e1kv\u00e6mni<\/strong><\/td>\n<td data-start=\"4979\" data-end=\"5004\" data-col-size=\"md\">\u00b10,001 g (1 milligramm)<\/td>\n<\/tr>\n<tr data-start=\"5005\" data-end=\"5067\">\n<td data-start=\"5005\" data-end=\"5019\" data-col-size=\"sm\"><strong data-start=\"5007\" data-end=\"5018\">S\u00fdna<\/strong><\/td>\n<td data-start=\"5019\" data-end=\"5067\" data-col-size=\"md\">Bj\u00f6rt LCD skj\u00e1r me\u00f0 bakl\u00fdsingu<\/td>\n<\/tr>\n<tr data-start=\"5068\" data-end=\"5106\">\n<td data-start=\"5068\" data-end=\"5084\" data-col-size=\"sm\"><strong data-start=\"5070\" data-end=\"5083\">M\u00e6lieiningar<\/strong><\/td>\n<td data-start=\"5084\" data-end=\"5106\" data-col-size=\"md\">g, \u00fansur, ct, gn, dwt<\/td>\n<\/tr>\n<tr data-start=\"5107\" data-end=\"5151\">\n<td data-start=\"5107\" data-end=\"5126\" data-col-size=\"sm\"><strong data-start=\"5109\" data-end=\"5125\">Vogarpallur<\/strong><\/td>\n<td data-start=\"5126\" data-end=\"5151\" data-col-size=\"md\">Ry\u00f0fr\u00edtt st\u00e1lplata<\/td>\n<\/tr>\n<tr data-start=\"5152\" data-end=\"5201\">\n<td data-start=\"5152\" data-end=\"5166\" data-col-size=\"sm\"><strong data-start=\"5154\" data-end=\"5165\">Aflgjafi<\/strong><\/td>\n<td data-start=\"5166\" data-end=\"5201\" data-col-size=\"md\">2 \u00d7 AAA rafhl\u00f6\u00f0ur (innifalin)<\/td>\n<\/tr>\n<tr data-start=\"5202\" data-end=\"5243\">\n<td data-start=\"5202\" data-end=\"5216\" data-col-size=\"sm\"><strong data-start=\"5204\" data-end=\"5215\">H\u00f6nnun<\/strong><\/td>\n<td data-start=\"5216\" data-end=\"5243\" data-col-size=\"md\">Sam\u00fejappa\u00f0 og l\u00e9tt<\/td>\n<\/tr>\n<tr data-start=\"5244\" data-end=\"5306\">\n<td data-start=\"5244\" data-end=\"5277\" data-col-size=\"sm\"><strong data-start=\"5246\" data-end=\"5276\">Sj\u00e1lfvirk sl\u00f6kkvun<\/strong><\/td>\n<td data-start=\"5277\" data-end=\"5306\" data-col-size=\"md\">Orkusparandi virkni<\/td>\n<\/tr>\n<tr data-start=\"5307\" data-end=\"5359\">\n<td data-start=\"5307\" data-end=\"5325\" data-col-size=\"sm\"><strong data-start=\"5309\" data-end=\"5324\">Verndarlok<\/strong><\/td>\n<td data-start=\"5325\" data-end=\"5359\" data-col-size=\"md\">Verndar gegn ryki og skemmdum<\/td>\n<\/tr>\n<\/tbody>\n<\/table>\n<\/div>\n<\/div>\n<hr data-start=\"5361\" data-end=\"5364\" \/>\n<h3 data-start=\"5366\" data-end=\"5383\"><strong data-start=\"5370\" data-end=\"5383\">Kostir<\/strong><\/h3>\n<ul data-start=\"5385\" data-end=\"5857\">\n<li data-start=\"5385\" data-end=\"5477\">\n<p data-start=\"5387\" data-end=\"5477\"><strong data-start=\"5387\" data-end=\"5409\">Mj\u00f6g n\u00e1kv\u00e6mt<\/strong> \u2013 Vegur ni\u00f0ur \u00ed 0,001 g fyrir ranns\u00f3knarstofur og l\u00edffr\u00e6\u00f0ilegar ranns\u00f3knir.<\/p>\n<\/li>\n<li data-start=\"5478\" data-end=\"5551\">\n<p data-start=\"5480\" data-end=\"5551\"><strong data-start=\"5480\" data-end=\"5503\">Flytjanlegur og nettur<\/strong> \u2013 Tilvali\u00f0 til notkunar \u00ed ranns\u00f3knarstofunni e\u00f0a \u00e1 fer\u00f0inni.<\/p>\n<\/li>\n<li data-start=\"5552\" data-end=\"5616\">\n<p data-start=\"5554\" data-end=\"5616\"><strong data-start=\"5554\" data-end=\"5574\">Sj\u00e1lfb\u00e6r h\u00f6nnun<\/strong> \u2013 Vogarplata \u00far ry\u00f0fr\u00edu st\u00e1li til langt\u00edmanotkunar.<\/p>\n<\/li>\n<li data-start=\"5617\" data-end=\"5711\">\n<p data-start=\"5619\" data-end=\"5711\"><strong data-start=\"5619\" data-end=\"5649\">Mismunandi m\u00e6lieiningar<\/strong> - Skiptu au\u00f0veldlega \u00e1 milli gramma, \u00fansa, karata og fleira.<\/p>\n<\/li>\n<li data-start=\"5712\" data-end=\"5785\">\n<p data-start=\"5714\" data-end=\"5785\"><strong data-start=\"5714\" data-end=\"5737\">Notendav\u00e6nt<\/strong> \u2013 Einf\u00f6ld notkun me\u00f0 sk\u00fdrum LCD skj\u00e1.<\/p>\n<\/li>\n<li data-start=\"5786\" data-end=\"5857\">\n<p data-start=\"5788\" data-end=\"5857\"><strong data-start=\"5788\" data-end=\"5808\">Orkusparna\u00f0ur<\/strong> - Sl\u00f6kkva sj\u00e1lfkrafa \u00feegar ekkert er a\u00f0 gera.<\/p>\n<\/li>\n<\/ul>\n<hr data-start=\"5859\" data-end=\"5862\" \/>\n<h3 data-start=\"5864\" data-end=\"5879\"><strong data-start=\"5868\" data-end=\"5879\">Notkun<\/strong><\/h3>\n<ol data-start=\"5881\" data-end=\"6311\">\n<li data-start=\"5881\" data-end=\"5966\">\n<p data-start=\"5884\" data-end=\"5966\"><strong data-start=\"5884\" data-end=\"5916\">Setji\u00f0 \u00e1 sl\u00e9tt yfirbor\u00f0<\/strong> \u2013 Noti\u00f0 \u00e1 st\u00f6\u00f0ugu, titringslausu bor\u00f0i.<\/p>\n<\/li>\n<li data-start=\"5967\" data-end=\"6058\">\n<p data-start=\"5970\" data-end=\"6058\"><strong data-start=\"5970\" data-end=\"5996\">Kv\u00f6r\u00f0un fyrir notkun<\/strong> \u2013 Kv\u00f6r\u00f0i\u00f0 me\u00f0 me\u00f0fylgjandi l\u00f3\u00f0i (ef \u00fea\u00f0 er til sta\u00f0ar).<\/p>\n<\/li>\n<li data-start=\"6059\" data-end=\"6129\">\n<p data-start=\"6062\" data-end=\"6129\"><strong data-start=\"6062\" data-end=\"6083\">Veldu einingu<\/strong> \u2013 Veldu \u00e1 milli gramma, \u00fansu, karata e\u00f0a korns.<\/p>\n<\/li>\n<li data-start=\"6130\" data-end=\"6225\">\n<p data-start=\"6133\" data-end=\"6225\"><strong data-start=\"6133\" data-end=\"6160\">Nota\u00f0u TARE-falli\u00f0<\/strong> \u2013 N\u00fallstilli\u00f0 \u00feyngd \u00edl\u00e1ta til a\u00f0 f\u00e1 n\u00e1kv\u00e6mar m\u00e6lingar.<\/p>\n<\/li>\n<li data-start=\"6226\" data-end=\"6311\">\n<p data-start=\"6229\" data-end=\"6311\"><strong data-start=\"6229\" data-end=\"6249\">Vigi\u00f0 vandlega<\/strong> \u2013 B\u00e6ti\u00f0 efninu h\u00e6gt og r\u00f3lega \u00fat \u00ed \u00fear til \u00fei\u00f0 n\u00e1i\u00f0 \u00e6skilegri \u00feyngd.<\/p>\n<\/li>\n<\/ol>\n<hr data-start=\"6313\" data-end=\"6316\" \/>\n<h3 data-start=\"6318\" data-end=\"6353\"><strong data-start=\"6322\" data-end=\"6351\">Algengar spurningar (FAQ)<\/strong><\/h3>\n<p data-start=\"6355\" data-end=\"6543\"><strong data-start=\"6355\" data-end=\"6414\">1. Hva\u00f0 gerir stafr\u00e6nu l\u00edffr\u00e6\u00f0ilegu sm\u00e1vogina s\u00e9rstaka?<\/strong><br data-start=\"6414\" data-end=\"6417\" \/>\u00deessi kvar\u00f0i b\u00fd\u00f0ur upp \u00e1 <strong data-start=\"6443\" data-end=\"6466\">n\u00e1kv\u00e6mni 0,001 g<\/strong>, hva\u00f0 <strong data-start=\"6472\" data-end=\"6498\">t\u00edu sinnum n\u00e1kv\u00e6mari<\/strong> er \u00fe\u00e1 sta\u00f0la\u00f0ar sm\u00e1vogir (0,01 g).<\/p>\n<p data-start=\"6545\" data-end=\"6685\"><strong data-start=\"6545\" data-end=\"6594\">2. Hentar \u00feetta til notkunar \u00e1 ranns\u00f3knarstofu?<\/strong><br data-start=\"6594\" data-end=\"6597\" \/>J\u00e1 \u2014 vogin er h\u00f6nnu\u00f0 fyrir <strong data-start=\"6634\" data-end=\"6682\">l\u00edffr\u00e6\u00f0ilegar, efnafr\u00e6\u00f0ilegar og greiningarranns\u00f3knir<\/strong>.<\/p>\n<p data-start=\"6687\" data-end=\"6849\"><strong data-start=\"6687\" data-end=\"6745\">3. Eru rafhl\u00f6\u00f0ur og kv\u00f6r\u00f0unar\u00feyngd innifalin?<\/strong><br data-start=\"6745\" data-end=\"6748\" \/>J\u00e1, vogin fylgir me\u00f0 <strong data-start=\"6785\" data-end=\"6807\">2 \u00d7 AAA rafhl\u00f6\u00f0ur<\/strong> og hugsanlega <strong data-start=\"6825\" data-end=\"6846\">kv\u00f6r\u00f0unar\u00feyngd<\/strong>.<\/p>","protected":false},"excerpt":{"rendered":"<p><strong><span dir=\"auto\" style=\"vertical-align: inherit;\"><span dir=\"auto\" style=\"vertical-align: inherit;\">Uppl\u00fdsingar:<\/span><\/span><\/strong><\/p>\n<ul>\n<li><span dir=\"auto\" style=\"vertical-align: inherit;\"><span dir=\"auto\" style=\"vertical-align: inherit;\">Stafr\u00e6nt<\/span><\/span><\/li>\n<li><span dir=\"auto\" style=\"vertical-align: inherit;\"><span dir=\"auto\" style=\"vertical-align: inherit;\">Vegur fr\u00e1 0,001 g<\/span><\/span><\/li>\n<li><span dir=\"auto\" style=\"vertical-align: inherit;\"><span dir=\"auto\" style=\"vertical-align: inherit;\">Vegur a\u00f0 h\u00e1marki 20 g<\/span><\/span><\/li>\n<li><span dir=\"auto\" style=\"vertical-align: inherit;\"><span dir=\"auto\" style=\"vertical-align: inherit;\">Virkar me\u00f0: 2x AAA rafhl\u00f6\u00f0um<\/span><\/span><\/li>\n<li><span dir=\"auto\" style=\"vertical-align: inherit;\"><span dir=\"auto\" style=\"vertical-align: inherit;\">LCD skj\u00e1r<\/span><\/span><\/li>\n<li><span dir=\"auto\" style=\"vertical-align: inherit;\"><span dir=\"auto\" style=\"vertical-align: inherit;\">Litur: svartur<\/span><\/span><\/li>\n<\/ul>","protected":false},"featured_media":24680,"comment_status":"closed","ping_status":"closed","template":"","meta":[],"product_brand":[],"product_cat":[451],"product_tag":[452,848,764,767,765,766,768],"class_list":{"0":"post-24343","1":"product","2":"type-product","3":"status-publish","4":"has-post-thumbnail","6":"product_cat-weegschalen","7":"product_tag-de","8":"product_tag-digitale-bio-mini-weegschaal","9":"product_tag-digitale-cs-weegschaal","10":"product_tag-digitale-microweegschaal","11":"product_tag-milligramweegschaal","12":"product_tag-precise-weegschaal-0-001g","13":"product_tag-weegschaal-voor-research-chemicals","15":"first","16":"instock","17":"taxable","18":"shipping-taxable","19":"purchasable","20":"product-type-simple"},"_links":{"self":[{"href":"https:\/\/researchchemicalhub.com\/is\/wp-json\/wp\/v2\/product\/24343","targetHints":{"allow":["GET"]}}],"collection":[{"href":"https:\/\/researchchemicalhub.com\/is\/wp-json\/wp\/v2\/product"}],"about":[{"href":"https:\/\/researchchemicalhub.com\/is\/wp-json\/wp\/v2\/types\/product"}],"replies":[{"embeddable":true,"href":"https:\/\/researchchemicalhub.com\/is\/wp-json\/wp\/v2\/comments?post=24343"}],"version-history":[{"count":6,"href":"https:\/\/researchchemicalhub.com\/is\/wp-json\/wp\/v2\/product\/24343\/revisions"}],"predecessor-version":[{"id":27802,"href":"https:\/\/researchchemicalhub.com\/is\/wp-json\/wp\/v2\/product\/24343\/revisions\/27802"}],"wp:featuredmedia":[{"embeddable":true,"href":"https:\/\/researchchemicalhub.com\/is\/wp-json\/wp\/v2\/media\/24680"}],"wp:attachment":[{"href":"https:\/\/researchchemicalhub.com\/is\/wp-json\/wp\/v2\/media?parent=24343"}],"wp:term":[{"taxonomy":"product_brand","embeddable":true,"href":"https:\/\/researchchemicalhub.com\/is\/wp-json\/wp\/v2\/product_brand?post=24343"},{"taxonomy":"product_cat","embeddable":true,"href":"https:\/\/researchchemicalhub.com\/is\/wp-json\/wp\/v2\/product_cat?post=24343"},{"taxonomy":"product_tag","embeddable":true,"href":"https:\/\/researchchemicalhub.com\/is\/wp-json\/wp\/v2\/product_tag?post=24343"}],"curies":[{"name":"wp","href":"https:\/\/api.w.org\/{rel}","templated":true}]}}