{"id":24342,"date":"2025-04-13T17:41:31","date_gmt":"2025-04-13T17:41:31","guid":{"rendered":"https:\/\/researchchemicalhub.com\/?post_type=product&#038;p=24342"},"modified":"2025-10-12T12:05:44","modified_gmt":"2025-10-12T12:05:44","slug":"stafraen-tankur-litill-vog","status":"publish","type":"product","link":"https:\/\/researchchemicalhub.com\/is\/bud\/vog\/stafraen-tankur-litill-vog\/","title":{"rendered":"Stafr\u00e6n tankvog \u2013 20 g x 0,001 g"},"content":{"rendered":"<h3 data-start=\"3844\" data-end=\"3865\"><strong data-start=\"3848\" data-end=\"3863\">Inngangur<\/strong><\/h3>\n<p data-start=\"3866\" data-end=\"4264\">Hinn <strong data-start=\"3869\" data-end=\"3917\">Stafr\u00e6n tankvog \u2013 20 g x 0,001 g<\/strong> er <strong data-start=\"3925\" data-end=\"3955\">mj\u00f6g n\u00e1kv\u00e6m vasavog<\/strong> hanna\u00f0 fyrir <strong data-start=\"3971\" data-end=\"4028\">ranns\u00f3knarstofur, skartgripir og greiningarforrit<\/strong> \u00fear sem h\u00e1marks n\u00e1kv\u00e6mni er krafist. Stafr\u00e6n tankvog<br data-start=\"4072\" data-end=\"4075\" \/>Me\u00f0 n\u00e1kv\u00e6mni upp \u00e1 <strong data-start=\"4096\" data-end=\"4120\">0,001 g (1 milligramm)<\/strong> og \u00feessi litla vog b\u00fd\u00f0ur upp \u00e1 \u00fe\u00e9tta og trausta h\u00f6nnun <strong data-start=\"4180\" data-end=\"4214\">hra\u00f0virkar og \u00e1rei\u00f0anlegar m\u00e6lingar<\/strong> fyrir duft, gimsteina e\u00f0a efnas\u00fdni.<\/p>\n<p data-start=\"4266\" data-end=\"4457\">Hvort sem \u00fe\u00fa vinnur \u00ed <strong data-start=\"4287\" data-end=\"4303\">ranns\u00f3knarstofa<\/strong>, An <strong data-start=\"4309\" data-end=\"4328\">uppsetning heima<\/strong> e\u00f0a a <strong data-start=\"4336\" data-end=\"4362\">faglegt umhverfi<\/strong>, Stafr\u00e6na tankvogin afhendir <strong data-start=\"4404\" data-end=\"4454\">ranns\u00f3knarstofug\u00e6\u00f0i \u00ed flytjanlegu sni\u00f0i<\/strong>.<\/p>\n<blockquote data-start=\"4459\" data-end=\"4576\">\n<p data-start=\"4461\" data-end=\"4576\">\u2699\ufe0f Tilvali\u00f0 til a\u00f0 vega f\u00ednt duft, \u00f6rskammta e\u00f0a d\u00fdrm\u00e6t efni me\u00f0 milligr\u00f6mmum n\u00e1kv\u00e6mni.<\/p>\n<\/blockquote>\n<hr data-start=\"4578\" data-end=\"4581\" \/>\n<h3 data-start=\"4583\" data-end=\"4614\"><strong data-start=\"4587\" data-end=\"4614\">Lykilatri\u00f0i<\/strong><\/h3>\n<div class=\"_tableContainer_1rjym_1\">\n<div class=\"group _tableWrapper_1rjym_13 flex w-fit flex-col-reverse\" tabindex=\"-1\">\n<table class=\"w-fit min-w-(--thread-content-width)\" data-start=\"4616\" data-end=\"5132\">\n<thead data-start=\"4616\" data-end=\"4642\">\n<tr data-start=\"4616\" data-end=\"4642\">\n<th data-start=\"4616\" data-end=\"4626\" data-col-size=\"sm\">Eiginleiki<\/th>\n<th data-start=\"4626\" data-end=\"4642\" data-col-size=\"sm\">L\u00fdsing<\/th>\n<\/tr>\n<\/thead>\n<tbody data-start=\"4671\" data-end=\"5132\">\n<tr data-start=\"4671\" data-end=\"4716\">\n<td data-start=\"4671\" data-end=\"4683\" data-col-size=\"sm\"><strong data-start=\"4673\" data-end=\"4682\">Fyrirmynd<\/strong><\/td>\n<td data-start=\"4683\" data-end=\"4716\" data-col-size=\"sm\">Stafr\u00e6n tankvog<\/td>\n<\/tr>\n<tr data-start=\"4717\" data-end=\"4750\">\n<td data-start=\"4717\" data-end=\"4734\" data-col-size=\"sm\"><strong data-start=\"4719\" data-end=\"4733\">M\u00e6lisvi\u00f0<\/strong><\/td>\n<td data-start=\"4734\" data-end=\"4750\" data-col-size=\"sm\">0,001 g \u2013 20 g<\/td>\n<\/tr>\n<tr data-start=\"4751\" data-end=\"4797\">\n<td data-start=\"4751\" data-end=\"4772\" data-col-size=\"sm\"><strong data-start=\"4753\" data-end=\"4771\">N\u00e1kv\u00e6mni<\/strong><\/td>\n<td data-start=\"4772\" data-end=\"4797\" data-col-size=\"sm\">\u00b10,001 g (1 milligramm)<\/td>\n<\/tr>\n<tr data-start=\"4798\" data-end=\"4843\">\n<td data-start=\"4798\" data-end=\"4812\" data-col-size=\"sm\"><strong data-start=\"4800\" data-end=\"4811\">S\u00fdna<\/strong><\/td>\n<td data-start=\"4812\" data-end=\"4843\" data-col-size=\"sm\">Lj\u00f3suppl\u00fdstur LCD skj\u00e1r (bl\u00e1r)<\/td>\n<\/tr>\n<tr data-start=\"4844\" data-end=\"4882\">\n<td data-start=\"4844\" data-end=\"4860\" data-col-size=\"sm\"><strong data-start=\"4846\" data-end=\"4859\">M\u00e6lieiningar<\/strong><\/td>\n<td data-start=\"4860\" data-end=\"4882\" data-col-size=\"sm\">g, \u00fansur, ct, gn, dwt<\/td>\n<\/tr>\n<tr data-start=\"4883\" data-end=\"4921\">\n<td data-start=\"4883\" data-end=\"4902\" data-col-size=\"sm\"><strong data-start=\"4885\" data-end=\"4901\">Vogarpallur<\/strong><\/td>\n<td data-start=\"4902\" data-end=\"4921\" data-col-size=\"sm\">Ry\u00f0fr\u00edtt st\u00e1l<\/td>\n<\/tr>\n<tr data-start=\"4922\" data-end=\"4971\">\n<td data-start=\"4922\" data-end=\"4936\" data-col-size=\"sm\"><strong data-start=\"4924\" data-end=\"4935\">Aflgjafi<\/strong><\/td>\n<td data-start=\"4936\" data-end=\"4971\" data-col-size=\"sm\">2 \u00d7 AAA rafhl\u00f6\u00f0ur (innifalin)<\/td>\n<\/tr>\n<tr data-start=\"4972\" data-end=\"5019\">\n<td data-start=\"4972\" data-end=\"4989\" data-col-size=\"sm\"><strong data-start=\"4974\" data-end=\"4988\">St\u00e6r\u00f0ir<\/strong><\/td>\n<td data-start=\"4989\" data-end=\"5019\" data-col-size=\"sm\">Sam\u00fejappa\u00f0, flytjanlegt h\u00f6nnun<\/td>\n<\/tr>\n<tr data-start=\"5020\" data-end=\"5082\">\n<td data-start=\"5020\" data-end=\"5053\" data-col-size=\"sm\"><strong data-start=\"5022\" data-end=\"5052\">Sj\u00e1lfvirk sl\u00f6kkvun<\/strong><\/td>\n<td data-start=\"5053\" data-end=\"5082\" data-col-size=\"sm\">Orkusparandi virkni<\/td>\n<\/tr>\n<tr data-start=\"5083\" data-end=\"5132\">\n<td data-start=\"5083\" data-end=\"5101\" data-col-size=\"sm\"><strong data-start=\"5085\" data-end=\"5100\">Verndarlok<\/strong><\/td>\n<td data-start=\"5101\" data-end=\"5132\" data-col-size=\"sm\">Verndar vi\u00f0 flutning<\/td>\n<\/tr>\n<\/tbody>\n<\/table>\n<\/div>\n<\/div>\n<hr data-start=\"5134\" data-end=\"5137\" \/>\n<h3 data-start=\"5139\" data-end=\"5156\"><strong data-start=\"5143\" data-end=\"5156\">Kostir<\/strong><\/h3>\n<ul data-start=\"5158\" data-end=\"5604\">\n<li data-start=\"5158\" data-end=\"5224\">\n<p data-start=\"5160\" data-end=\"5224\"><strong data-start=\"5160\" data-end=\"5182\">Mj\u00f6g n\u00e1kv\u00e6mt<\/strong> \u2013 Vigt me\u00f0 n\u00e1kv\u00e6mni upp \u00e1 0,001 g (1 mg).<\/p>\n<\/li>\n<li data-start=\"5225\" data-end=\"5289\">\n<p data-start=\"5227\" data-end=\"5289\"><strong data-start=\"5227\" data-end=\"5250\">Sam\u00fejappa\u00f0 og flytjanlegt<\/strong> \u2013 Passar au\u00f0veldlega \u00ed vasa e\u00f0a skrifbor\u00f0ssk\u00faffu.<\/p>\n<\/li>\n<li data-start=\"5290\" data-end=\"5365\">\n<p data-start=\"5292\" data-end=\"5365\"><strong data-start=\"5292\" data-end=\"5312\">Sj\u00e1lfb\u00e6r h\u00f6nnun<\/strong> \u2013 Pallur \u00far ry\u00f0fr\u00edu st\u00e1li fyrir langt\u00edmanotkun.<\/p>\n<\/li>\n<li data-start=\"5366\" data-end=\"5457\">\n<p data-start=\"5368\" data-end=\"5457\"><strong data-start=\"5368\" data-end=\"5395\">Mismunandi m\u00e6lieiningar<\/strong> - Skiptu au\u00f0veldlega \u00e1 milli gramma, \u00fansa, karata og fleira.<\/p>\n<\/li>\n<li data-start=\"5458\" data-end=\"5531\">\n<p data-start=\"5460\" data-end=\"5531\"><strong data-start=\"5460\" data-end=\"5483\">Notendav\u00e6nt<\/strong> \u2013 Einf\u00f6ld notkun me\u00f0 sk\u00fdrum LCD skj\u00e1.<\/p>\n<\/li>\n<li data-start=\"5532\" data-end=\"5604\">\n<p data-start=\"5534\" data-end=\"5604\"><strong data-start=\"5534\" data-end=\"5559\">\u00dear \u00e1 me\u00f0al hl\u00edf\u00f0arhl\u00edf<\/strong> \u2013 Heldur voginni hreinni og verndu\u00f0um. Stafr\u00e6n tankvog fyrir litla tanka.<\/p>\n<\/li>\n<\/ul>\n<hr data-start=\"5606\" data-end=\"5609\" \/>\n<h3 data-start=\"5611\" data-end=\"5626\"><strong data-start=\"5615\" data-end=\"5626\">Notkun<\/strong><\/h3>\n<ol data-start=\"5628\" data-end=\"6084\">\n<li data-start=\"5628\" data-end=\"5718\">\n<p data-start=\"5631\" data-end=\"5718\"><strong data-start=\"5631\" data-end=\"5663\">Setji\u00f0 \u00e1 sl\u00e9tt yfirbor\u00f0<\/strong> \u2013 Noti\u00f0 \u00e1 st\u00f6\u00f0ugu, titringslausu yfirbor\u00f0i.<\/p>\n<\/li>\n<li data-start=\"5719\" data-end=\"5831\">\n<p data-start=\"5722\" data-end=\"5831\"><strong data-start=\"5722\" data-end=\"5748\">Kv\u00f6r\u00f0un fyrir notkun<\/strong> \u2013 Fylgi\u00f0 kv\u00f6r\u00f0unarlei\u00f0beiningunum me\u00f0 \u00fev\u00ed a\u00f0 nota me\u00f0fylgjandi l\u00f3\u00f0 (ef \u00fea\u00f0 er til sta\u00f0ar).<\/p>\n<\/li>\n<li data-start=\"5832\" data-end=\"5906\">\n<p data-start=\"5835\" data-end=\"5906\"><strong data-start=\"5835\" data-end=\"5860\">Veldu m\u00e6lieiningu<\/strong> \u2013 Veldu \u00e1 milli gramma, \u00fansu, karata e\u00f0a korns.<\/p>\n<\/li>\n<li data-start=\"5907\" data-end=\"6003\">\n<p data-start=\"5910\" data-end=\"6003\"><strong data-start=\"5910\" data-end=\"5934\">Nota TARE falli\u00f0<\/strong> \u2013 N\u00fall\u00feyngd \u00edl\u00e1ta fyrir n\u00e1kv\u00e6mar m\u00e6lingar.<\/p>\n<\/li>\n<li data-start=\"6004\" data-end=\"6084\">\n<p data-start=\"6007\" data-end=\"6084\"><strong data-start=\"6007\" data-end=\"6026\">Vigta\u00f0u n\u00e1kv\u00e6mlega<\/strong> \u2013 B\u00e6ti\u00f0 efninu h\u00e6gt og r\u00f3lega \u00fat \u00ed \u00fear til \u00e6skilegri \u00feyngd er n\u00e1\u00f0.<\/p>\n<\/li>\n<\/ol>\n<hr data-start=\"6086\" data-end=\"6089\" \/>\n<h3 data-start=\"6091\" data-end=\"6126\"><strong data-start=\"6095\" data-end=\"6124\">Algengar spurningar (FAQ)<\/strong><\/h3>\n<p data-start=\"6128\" data-end=\"6315\"><strong data-start=\"6128\" data-end=\"6184\">1. Hva\u00f0 gerir stafr\u00e6nu tankvogina einstaka?<\/strong><br data-start=\"6184\" data-end=\"6187\" \/>\u00deessi kvar\u00f0i b\u00fd\u00f0ur upp \u00e1 <strong data-start=\"6213\" data-end=\"6236\">n\u00e1kv\u00e6mni 0,001 g<\/strong>, hva\u00f0 <strong data-start=\"6242\" data-end=\"6262\">10 sinnum n\u00e1kv\u00e6mari<\/strong> er en flestar venjulegar vasavogir (0,01 g).<\/p>\n<p data-start=\"6317\" data-end=\"6502\"><strong data-start=\"6317\" data-end=\"6368\">2. Hentar \u00feetta til ranns\u00f3kna \u00e1 ranns\u00f3knarstofu?<\/strong><br data-start=\"6368\" data-end=\"6371\" \/>J\u00e1 \u2014 vogin hentar fyrir <strong data-start=\"6407\" data-end=\"6448\">greiningar- og efnafr\u00e6\u00f0ilegar notkunarm\u00f6guleikar<\/strong>, ef nota\u00f0 \u00ed <strong data-start=\"6471\" data-end=\"6499\">\u00feurrt, st\u00f6\u00f0ugt umhverfi<\/strong>.<\/p>\n<p data-start=\"6504\" data-end=\"6669\"><strong data-start=\"6504\" data-end=\"6562\">3. Eru rafhl\u00f6\u00f0ur og kv\u00f6r\u00f0unar\u00feyngd innifalin?<\/strong><br data-start=\"6562\" data-end=\"6565\" \/>J\u00e1, \u00fea\u00f0 eru til <strong data-start=\"6579\" data-end=\"6601\">2 \u00d7 AAA rafhl\u00f6\u00f0ur<\/strong> innifali\u00f0. Sum sett innihalda einnig <strong data-start=\"6645\" data-end=\"6666\">kv\u00f6r\u00f0unar\u00feyngd<\/strong>.<\/p>","protected":false},"excerpt":{"rendered":"<p><strong>Uppl\u00fdsingar:<\/strong><\/p>\n<ul>\n<li>Stafr\u00e6nt<\/li>\n<li>Vegur fr\u00e1 0,001 g<\/li>\n<li>Vegur a\u00f0 h\u00e1marki 20 g<\/li>\n<li>Virkar me\u00f0: 2x AAA rafhl\u00f6\u00f0um<\/li>\n<li>LCD skj\u00e1r<\/li>\n<li>Litur: svartur<\/li>\n<\/ul>","protected":false},"featured_media":21116,"comment_status":"closed","ping_status":"closed","template":"","meta":[],"product_brand":[],"product_cat":[451],"product_tag":[452,764,767,849,765,766,768],"class_list":{"0":"post-24342","1":"product","2":"type-product","3":"status-publish","4":"has-post-thumbnail","6":"product_cat-weegschalen","7":"product_tag-de","8":"product_tag-digitale-cs-weegschaal","9":"product_tag-digitale-microweegschaal","10":"product_tag-digitale-tank-mini-weegschaal","11":"product_tag-milligramweegschaal","12":"product_tag-precise-weegschaal-0-001g","13":"product_tag-weegschaal-voor-research-chemicals","15":"first","16":"instock","17":"taxable","18":"shipping-taxable","19":"purchasable","20":"product-type-simple"},"_links":{"self":[{"href":"https:\/\/researchchemicalhub.com\/is\/wp-json\/wp\/v2\/product\/24342","targetHints":{"allow":["GET"]}}],"collection":[{"href":"https:\/\/researchchemicalhub.com\/is\/wp-json\/wp\/v2\/product"}],"about":[{"href":"https:\/\/researchchemicalhub.com\/is\/wp-json\/wp\/v2\/types\/product"}],"replies":[{"embeddable":true,"href":"https:\/\/researchchemicalhub.com\/is\/wp-json\/wp\/v2\/comments?post=24342"}],"version-history":[{"count":6,"href":"https:\/\/researchchemicalhub.com\/is\/wp-json\/wp\/v2\/product\/24342\/revisions"}],"predecessor-version":[{"id":27801,"href":"https:\/\/researchchemicalhub.com\/is\/wp-json\/wp\/v2\/product\/24342\/revisions\/27801"}],"wp:featuredmedia":[{"embeddable":true,"href":"https:\/\/researchchemicalhub.com\/is\/wp-json\/wp\/v2\/media\/21116"}],"wp:attachment":[{"href":"https:\/\/researchchemicalhub.com\/is\/wp-json\/wp\/v2\/media?parent=24342"}],"wp:term":[{"taxonomy":"product_brand","embeddable":true,"href":"https:\/\/researchchemicalhub.com\/is\/wp-json\/wp\/v2\/product_brand?post=24342"},{"taxonomy":"product_cat","embeddable":true,"href":"https:\/\/researchchemicalhub.com\/is\/wp-json\/wp\/v2\/product_cat?post=24342"},{"taxonomy":"product_tag","embeddable":true,"href":"https:\/\/researchchemicalhub.com\/is\/wp-json\/wp\/v2\/product_tag?post=24342"}],"curies":[{"name":"wp","href":"https:\/\/api.w.org\/{rel}","templated":true}]}}