{"id":24338,"date":"2025-04-13T17:41:30","date_gmt":"2025-04-13T17:41:30","guid":{"rendered":"https:\/\/researchchemicalhub.com\/?post_type=product&#038;p=24338"},"modified":"2025-10-29T08:44:44","modified_gmt":"2025-10-29T08:44:44","slug":"4-klukkustundir-med-uda-7","status":"publish","type":"product","link":"https:\/\/researchchemicalhub.com\/is\/bud\/4-ho-hitti\/4-klukkustundir-med-uda-7\/","title":{"rendered":"Chem-mist 4-HO-MET \u00fa\u00f0i 7%"},"content":{"rendered":"<h3 data-start=\"3979\" data-end=\"4000\"><strong data-start=\"3983\" data-end=\"3998\"><span dir=\"auto\" style=\"vertical-align: inherit;\"><span dir=\"auto\" style=\"vertical-align: inherit;\">Inngangur<\/span><\/span><\/strong><\/h3>\n<p data-start=\"4001\" data-end=\"4480\"><strong data-start=\"4001\" data-end=\"4032\"><span dir=\"auto\" style=\"vertical-align: inherit;\"><span dir=\"auto\" style=\"vertical-align: inherit;\">Chem-Mist 4-HO-MET \u00fa\u00f0i 7%<\/span><\/span><\/strong><span dir=\"auto\" style=\"vertical-align: inherit;\"><span dir=\"auto\" style=\"vertical-align: inherit;\"> er <\/span><\/span><strong data-start=\"4040\" data-end=\"4088\"><span dir=\"auto\" style=\"vertical-align: inherit;\"><span dir=\"auto\" style=\"vertical-align: inherit;\">n\u00e1kv\u00e6mlega m\u00f3tu\u00f0 ranns\u00f3knarlausn<\/span><\/span><\/strong><span dir=\"auto\" style=\"vertical-align: inherit;\"><span dir=\"auto\" style=\"vertical-align: inherit;\"> sem inniheldur <\/span><\/span><strong data-start=\"4093\" data-end=\"4147\"><span dir=\"auto\" style=\"vertical-align: inherit;\"><span dir=\"auto\" style=\"vertical-align: inherit;\">7% 4-HO-MET (4-h\u00fddrox\u00fd-N-met\u00fdl-N-et\u00fdltryptam\u00edn)<\/span><\/span><\/strong><span dir=\"auto\" style=\"vertical-align: inherit;\"><span dir=\"auto\" style=\"vertical-align: inherit;\"> \u00ed <\/span><\/span><strong data-start=\"4155\" data-end=\"4189\"><span dir=\"auto\" style=\"vertical-align: inherit;\"><span dir=\"auto\" style=\"vertical-align: inherit;\">h\u00e1g\u00e6\u00f0a etan\u00f3l-vatnsgrunnur<\/span><\/span><\/strong><span dir=\"auto\" style=\"vertical-align: inherit;\"><span dir=\"auto\" style=\"vertical-align: inherit;\"> . 4 h\u00f3 hitti <\/span><\/span><br data-start=\"4190\" data-end=\"4193\" \/><span dir=\"auto\" style=\"vertical-align: inherit;\"><span dir=\"auto\" style=\"vertical-align: inherit;\">\u00dea\u00f0 tilheyrir <\/span><\/span><strong data-start=\"4212\" data-end=\"4232\"><span dir=\"auto\" style=\"vertical-align: inherit;\"><span dir=\"auto\" style=\"vertical-align: inherit;\">tryptam\u00ednflokkur<\/span><\/span><\/strong><span dir=\"auto\" style=\"vertical-align: inherit;\"><span dir=\"auto\" style=\"vertical-align: inherit;\"> og tengist byggingarlega <\/span><\/span><strong data-start=\"4263\" data-end=\"4287\"><span dir=\"auto\" style=\"vertical-align: inherit;\"><span dir=\"auto\" style=\"vertical-align: inherit;\">psil\u00f3s\u00edn (4-HO-DMT)<\/span><\/span><\/strong><span dir=\"auto\" style=\"vertical-align: inherit;\"><span dir=\"auto\" style=\"vertical-align: inherit;\"> og <\/span><\/span><strong data-start=\"4291\" data-end=\"4304\"><span dir=\"auto\" style=\"vertical-align: inherit;\"><span dir=\"auto\" style=\"vertical-align: inherit;\">4-AcO-MET<\/span><\/span><\/strong><span dir=\"auto\" style=\"vertical-align: inherit;\"><span dir=\"auto\" style=\"vertical-align: inherit;\"> \u00dea\u00f0 er nota\u00f0 \u00ed <\/span><\/span><strong data-start=\"4328\" data-end=\"4369\"><span dir=\"auto\" style=\"vertical-align: inherit;\"><span dir=\"auto\" style=\"vertical-align: inherit;\">greiningar- og taugaefnafr\u00e6\u00f0ilegar ranns\u00f3knir<\/span><\/span><\/strong><span dir=\"auto\" style=\"vertical-align: inherit;\"><span dir=\"auto\" style=\"vertical-align: inherit;\"> e\u00f0a <\/span><\/span><strong data-start=\"4375\" data-end=\"4394\"><span dir=\"auto\" style=\"vertical-align: inherit;\"><span dir=\"auto\" style=\"vertical-align: inherit;\">vi\u00f0takabinding<\/span><\/span><\/strong><span dir=\"auto\" style=\"vertical-align: inherit;\"><span dir=\"auto\" style=\"vertical-align: inherit;\"> , <\/span><\/span><strong data-start=\"4396\" data-end=\"4431\"><span dir=\"auto\" style=\"vertical-align: inherit;\"><span dir=\"auto\" style=\"vertical-align: inherit;\">litskiljunareiginleikar<\/span><\/span><\/strong><span dir=\"auto\" style=\"vertical-align: inherit;\"><span dir=\"auto\" style=\"vertical-align: inherit;\"> og <\/span><\/span><strong data-start=\"4435\" data-end=\"4477\"><span dir=\"auto\" style=\"vertical-align: inherit;\"><span dir=\"auto\" style=\"vertical-align: inherit;\">tengsl byggingar og virkni (SAR)<\/span><\/span><\/strong><span dir=\"auto\" style=\"vertical-align: inherit;\"><span dir=\"auto\" style=\"vertical-align: inherit;\"> .<\/span><\/span><\/p>\n<p data-start=\"4482\" data-end=\"4647\"><span dir=\"auto\" style=\"vertical-align: inherit;\"><span dir=\"auto\" style=\"vertical-align: inherit;\">Hinn <\/span><\/span><strong data-start=\"4486\" data-end=\"4513\"><span dir=\"auto\" style=\"vertical-align: inherit;\"><span dir=\"auto\" style=\"vertical-align: inherit;\">Chem-Mist \u00fa\u00f0akerfi<\/span><\/span><\/strong><span dir=\"auto\" style=\"vertical-align: inherit;\"><span dir=\"auto\" style=\"vertical-align: inherit;\"> gerir kleift <\/span><\/span><strong data-start=\"4520\" data-end=\"4569\"><span dir=\"auto\" style=\"vertical-align: inherit;\"><span dir=\"auto\" style=\"vertical-align: inherit;\">n\u00e1kv\u00e6mar og endurtakanlegar \u00f6rforritanir<\/span><\/span><\/strong><span dir=\"auto\" style=\"vertical-align: inherit;\"><span dir=\"auto\" style=\"vertical-align: inherit;\"> fyrir ranns\u00f3knarstofuranns\u00f3knir, me\u00f0 st\u00fdr\u00f0um sk\u00f6mmtum \u00ed hverjum \u00fa\u00f0a.<\/span><\/span><\/p>\n<blockquote data-start=\"4649\" data-end=\"4808\">\n<p data-start=\"4651\" data-end=\"4808\">\u26a0\ufe0f <strong data-start=\"4654\" data-end=\"4665\"><span dir=\"auto\" style=\"vertical-align: inherit;\"><span dir=\"auto\" style=\"vertical-align: inherit;\">Var\u00fa\u00f0:<\/span><\/span><\/strong><span dir=\"auto\" style=\"vertical-align: inherit;\"><span dir=\"auto\" style=\"vertical-align: inherit;\"> Chem-Mist 4-HO-MET spreyi\u00f0 er \u00e6tla\u00f0 fyrir <\/span><\/span><strong data-start=\"4719\" data-end=\"4754\"><span dir=\"auto\" style=\"vertical-align: inherit;\"><span dir=\"auto\" style=\"vertical-align: inherit;\">ranns\u00f3knir og greiningarnotkun<\/span><\/span><\/strong><span dir=\"auto\" style=\"vertical-align: inherit;\"><span dir=\"auto\" style=\"vertical-align: inherit;\"> a\u00f0eins \u2014 <\/span><\/span><strong data-start=\"4757\" data-end=\"4806\"><span dir=\"auto\" style=\"vertical-align: inherit;\"><span dir=\"auto\" style=\"vertical-align: inherit;\">ekki til manneldis e\u00f0a d\u00fdraneyslu.<\/span><\/span><\/strong><\/p>\n<\/blockquote>\n<hr data-start=\"4810\" data-end=\"4813\" \/>\n<h3 data-start=\"4815\" data-end=\"4846\"><strong data-start=\"4819\" data-end=\"4846\"><span dir=\"auto\" style=\"vertical-align: inherit;\"><span dir=\"auto\" style=\"vertical-align: inherit;\">Lykilatri\u00f0i<\/span><\/span><\/strong><\/h3>\n<div class=\"_tableContainer_1rjym_1\">\n<div class=\"group _tableWrapper_1rjym_13 flex w-fit flex-col-reverse\" tabindex=\"-1\">\n<table class=\"w-fit min-w-(--thread-content-width)\" data-start=\"4848\" data-end=\"5462\">\n<thead data-start=\"4848\" data-end=\"4874\">\n<tr data-start=\"4848\" data-end=\"4874\">\n<th data-start=\"4848\" data-end=\"4858\" data-col-size=\"sm\"><span dir=\"auto\" style=\"vertical-align: inherit;\"><span dir=\"auto\" style=\"vertical-align: inherit;\">Eiginleiki<\/span><\/span><\/th>\n<th data-start=\"4858\" data-end=\"4874\" data-col-size=\"md\"><span dir=\"auto\" style=\"vertical-align: inherit;\"><span dir=\"auto\" style=\"vertical-align: inherit;\">L\u00fdsing<\/span><\/span><\/th>\n<\/tr>\n<\/thead>\n<tbody data-start=\"4903\" data-end=\"5462\">\n<tr data-start=\"4903\" data-end=\"4978\">\n<td data-start=\"4903\" data-end=\"4924\" data-col-size=\"sm\"><strong data-start=\"4905\" data-end=\"4923\"><span dir=\"auto\" style=\"vertical-align: inherit;\"><span dir=\"auto\" style=\"vertical-align: inherit;\">Efnaheiti<\/span><\/span><\/strong><\/td>\n<td data-start=\"4924\" data-end=\"4978\" data-col-size=\"md\"><span dir=\"auto\" style=\"vertical-align: inherit;\"><span dir=\"auto\" style=\"vertical-align: inherit;\">4-h\u00fddrox\u00fd-N-met\u00fdl-N-et\u00fdltryptam\u00edn h\u00fddr\u00f3kl\u00f3r\u00ed\u00f0<\/span><\/span><\/td>\n<\/tr>\n<tr data-start=\"4979\" data-end=\"5026\">\n<td data-start=\"4979\" data-end=\"5004\" data-col-size=\"sm\"><strong data-start=\"4981\" data-end=\"5003\"><span dir=\"auto\" style=\"vertical-align: inherit;\"><span dir=\"auto\" style=\"vertical-align: inherit;\">Algengt heiti<\/span><\/span><\/strong><\/td>\n<td data-start=\"5004\" data-end=\"5026\" data-col-size=\"md\"><span dir=\"auto\" style=\"vertical-align: inherit;\"><span dir=\"auto\" style=\"vertical-align: inherit;\">4-HO-MET \/ Met\u00f3s\u00edn<\/span><\/span><\/td>\n<\/tr>\n<tr data-start=\"5027\" data-end=\"5065\">\n<td data-start=\"5027\" data-end=\"5046\" data-col-size=\"sm\"><strong data-start=\"5029\" data-end=\"5045\"><span dir=\"auto\" style=\"vertical-align: inherit;\"><span dir=\"auto\" style=\"vertical-align: inherit;\">Einbeiting<\/span><\/span><\/strong><\/td>\n<td data-start=\"5046\" data-end=\"5065\" data-col-size=\"md\"><span dir=\"auto\" style=\"vertical-align: inherit;\"><span dir=\"auto\" style=\"vertical-align: inherit;\">Virkt innihaldsefni 7%<\/span><\/span><\/td>\n<\/tr>\n<tr data-start=\"5066\" data-end=\"5105\">\n<td data-start=\"5066\" data-end=\"5077\" data-col-size=\"sm\"><strong data-start=\"5068\" data-end=\"5076\"><span dir=\"auto\" style=\"vertical-align: inherit;\"><span dir=\"auto\" style=\"vertical-align: inherit;\">Ey\u00f0ubla\u00f0<\/span><\/span><\/strong><\/td>\n<td data-start=\"5077\" data-end=\"5105\" data-col-size=\"md\"><span dir=\"auto\" style=\"vertical-align: inherit;\"><span dir=\"auto\" style=\"vertical-align: inherit;\">Flj\u00f3tandi \u00fa\u00f0alausn<\/span><\/span><\/td>\n<\/tr>\n<tr data-start=\"5106\" data-end=\"5174\">\n<td data-start=\"5106\" data-end=\"5129\" data-col-size=\"sm\"><strong data-start=\"5108\" data-end=\"5128\"><span dir=\"auto\" style=\"vertical-align: inherit;\"><span dir=\"auto\" style=\"vertical-align: inherit;\">Leysiefni byggt<\/span><\/span><\/strong><\/td>\n<td data-start=\"5129\" data-end=\"5174\" data-col-size=\"md\"><span dir=\"auto\" style=\"vertical-align: inherit;\"><span dir=\"auto\" style=\"vertical-align: inherit;\">H\u00e1hreint etan\u00f3l + eima\u00f0 vatn<\/span><\/span><\/td>\n<\/tr>\n<tr data-start=\"5175\" data-end=\"5226\">\n<td data-start=\"5175\" data-end=\"5192\" data-col-size=\"sm\"><strong data-start=\"5177\" data-end=\"5191\"><span dir=\"auto\" style=\"vertical-align: inherit;\"><span dir=\"auto\" style=\"vertical-align: inherit;\">Hreinleiki<\/span><\/span><\/strong><\/td>\n<td data-start=\"5192\" data-end=\"5226\" data-col-size=\"md\"><span dir=\"auto\" style=\"vertical-align: inherit;\"><span dir=\"auto\" style=\"vertical-align: inherit;\">\u2265 98% (pr\u00f3fa\u00f0 me\u00f0 HPLC og NMR)<\/span><\/span><\/td>\n<\/tr>\n<tr data-start=\"5227\" data-end=\"5273\">\n<td data-start=\"5227\" data-end=\"5250\" data-col-size=\"sm\"><strong data-start=\"5229\" data-end=\"5249\"><span dir=\"auto\" style=\"vertical-align: inherit;\"><span dir=\"auto\" style=\"vertical-align: inherit;\">Efnaflokkur<\/span><\/span><\/strong><\/td>\n<td data-start=\"5250\" data-end=\"5273\" data-col-size=\"md\"><span dir=\"auto\" style=\"vertical-align: inherit;\"><span dir=\"auto\" style=\"vertical-align: inherit;\">Tryptam\u00edn aflei\u00f0a<\/span><\/span><\/td>\n<\/tr>\n<tr data-start=\"5274\" data-end=\"5327\">\n<td data-start=\"5274\" data-end=\"5299\" data-col-size=\"sm\"><strong data-start=\"5276\" data-end=\"5298\"><span dir=\"auto\" style=\"vertical-align: inherit;\"><span dir=\"auto\" style=\"vertical-align: inherit;\">Lyfjagj\u00f6f<\/span><\/span><\/strong><\/td>\n<td data-start=\"5299\" data-end=\"5327\" data-col-size=\"md\"><span dir=\"auto\" style=\"vertical-align: inherit;\"><span dir=\"auto\" style=\"vertical-align: inherit;\">N\u00e1kv\u00e6m \u00fa\u00f0a\u00e1bur\u00f0ur<\/span><\/span><\/td>\n<\/tr>\n<tr data-start=\"5328\" data-end=\"5407\">\n<td data-start=\"5328\" data-end=\"5342\" data-col-size=\"sm\"><strong data-start=\"5330\" data-end=\"5341\"><span dir=\"auto\" style=\"vertical-align: inherit;\"><span dir=\"auto\" style=\"vertical-align: inherit;\">Notkun<\/span><\/span><\/strong><\/td>\n<td data-start=\"5342\" data-end=\"5407\" data-col-size=\"md\"><span dir=\"auto\" style=\"vertical-align: inherit;\"><span dir=\"auto\" style=\"vertical-align: inherit;\">A\u00f0eins fyrir greiningar-, r\u00e9ttarl\u00e6knisfr\u00e6\u00f0ilegar og taugaefnafr\u00e6\u00f0ilegar ranns\u00f3knir<\/span><\/span><\/td>\n<\/tr>\n<tr data-start=\"5408\" data-end=\"5462\">\n<td data-start=\"5408\" data-end=\"5425\" data-col-size=\"sm\"><strong data-start=\"5410\" data-end=\"5424\"><span dir=\"auto\" style=\"vertical-align: inherit;\"><span dir=\"auto\" style=\"vertical-align: inherit;\">Umb\u00fa\u00f0ir<\/span><\/span><\/strong><\/td>\n<td data-start=\"5425\" data-end=\"5462\" data-col-size=\"md\"><span dir=\"auto\" style=\"vertical-align: inherit;\"><span dir=\"auto\" style=\"vertical-align: inherit;\">10 ml \u00fa\u00f0aflaska me\u00f0 loku\u00f0u loki<\/span><\/span><\/td>\n<\/tr>\n<\/tbody>\n<\/table>\n<\/div>\n<\/div>\n<hr data-start=\"5464\" data-end=\"5467\" \/>\n<h3 data-start=\"5469\" data-end=\"5486\"><strong data-start=\"5473\" data-end=\"5486\"><span dir=\"auto\" style=\"vertical-align: inherit;\"><span dir=\"auto\" style=\"vertical-align: inherit;\">Kostir<\/span><\/span><\/strong><\/h3>\n<ul data-start=\"5488\" data-end=\"5857\">\n<li data-start=\"5488\" data-end=\"5570\">\n<p data-start=\"5490\" data-end=\"5570\"><strong data-start=\"5490\" data-end=\"5516\"><span dir=\"auto\" style=\"vertical-align: inherit;\"><span dir=\"auto\" style=\"vertical-align: inherit;\">N\u00e1kv\u00e6m 7% form\u00fala<\/span><\/span><\/strong><span dir=\"auto\" style=\"vertical-align: inherit;\"><span dir=\"auto\" style=\"vertical-align: inherit;\"> \u2013 Tryggir st\u00f6\u00f0uga og \u00e1rei\u00f0anlega einbeitingu.<\/span><\/span><\/p>\n<\/li>\n<li data-start=\"5571\" data-end=\"5639\">\n<p data-start=\"5573\" data-end=\"5639\"><strong data-start=\"5573\" data-end=\"5590\"><span dir=\"auto\" style=\"vertical-align: inherit;\"><span dir=\"auto\" style=\"vertical-align: inherit;\">Tilb\u00fai\u00f0 til notkunar<\/span><\/span><\/strong><span dir=\"auto\" style=\"vertical-align: inherit;\"><span dir=\"auto\" style=\"vertical-align: inherit;\"> \u2013 H\u00e6gt a\u00f0 nota beint \u00ed greiningarranns\u00f3knum.<\/span><\/span><\/p>\n<\/li>\n<li data-start=\"5640\" data-end=\"5722\">\n<p data-start=\"5642\" data-end=\"5722\"><strong data-start=\"5642\" data-end=\"5661\"><span dir=\"auto\" style=\"vertical-align: inherit;\"><span dir=\"auto\" style=\"vertical-align: inherit;\">Mikil hreinleiki<\/span><\/span><\/strong><span dir=\"auto\" style=\"vertical-align: inherit;\"><span dir=\"auto\" style=\"vertical-align: inherit;\"> \u2013 \u2265 98% ranns\u00f3knarstofug\u00e6\u00f0i fyrir samr\u00e6mdar ni\u00f0urst\u00f6\u00f0ur.<\/span><\/span><\/p>\n<\/li>\n<li data-start=\"5723\" data-end=\"5789\">\n<p data-start=\"5725\" data-end=\"5789\"><strong data-start=\"5725\" data-end=\"5749\"><span dir=\"auto\" style=\"vertical-align: inherit;\"><span dir=\"auto\" style=\"vertical-align: inherit;\">N\u00e1kv\u00e6m \u00fa\u00f0ah\u00f6nnun<\/span><\/span><\/strong><span dir=\"auto\" style=\"vertical-align: inherit;\"><span dir=\"auto\" style=\"vertical-align: inherit;\"> \u2013 Endurtakanleg skammtur \u00ed hverjum \u00fa\u00f0a.<\/span><\/span><\/p>\n<\/li>\n<li data-start=\"5790\" data-end=\"5857\">\n<p data-start=\"5792\" data-end=\"5857\"><strong data-start=\"5792\" data-end=\"5816\"><span dir=\"auto\" style=\"vertical-align: inherit;\"><span dir=\"auto\" style=\"vertical-align: inherit;\">St\u00f6\u00f0ug form\u00fala<\/span><\/span><\/strong><span dir=\"auto\" style=\"vertical-align: inherit;\"><span dir=\"auto\" style=\"vertical-align: inherit;\"> \u2013 Vi\u00f0heldur g\u00e6\u00f0um me\u00f0 r\u00e9ttri geymslu. 4 klukkustundir me\u00f0<\/span><\/span><\/p>\n<\/li>\n<\/ul>\n<hr data-start=\"5859\" data-end=\"5862\" \/>\n<h3 data-start=\"5864\" data-end=\"5916\"><strong data-start=\"5868\" data-end=\"5914\"><span dir=\"auto\" style=\"vertical-align: inherit;\"><span dir=\"auto\" style=\"vertical-align: inherit;\">Notkun (eing\u00f6ngu \u00ed ranns\u00f3knarskyni)<\/span><\/span><\/strong><\/h3>\n<ol data-start=\"5918\" data-end=\"6313\">\n<li data-start=\"5918\" data-end=\"5987\">\n<p data-start=\"5921\" data-end=\"5987\"><strong data-start=\"5921\" data-end=\"5936\"><span dir=\"auto\" style=\"vertical-align: inherit;\"><span dir=\"auto\" style=\"vertical-align: inherit;\">Me\u00f0h\u00f6ndlun:<\/span><\/span><\/strong><span dir=\"auto\" style=\"vertical-align: inherit;\"><span dir=\"auto\" style=\"vertical-align: inherit;\"> Noti\u00f0 hanska, \u00f6ryggisgleraugu og ranns\u00f3knarstofuslopp.<\/span><\/span><\/p>\n<\/li>\n<li data-start=\"5988\" data-end=\"6062\">\n<p data-start=\"5991\" data-end=\"6062\"><strong data-start=\"5991\" data-end=\"6006\"><span dir=\"auto\" style=\"vertical-align: inherit;\"><span dir=\"auto\" style=\"vertical-align: inherit;\">Kv\u00f6r\u00f0un:<\/span><\/span><\/strong><span dir=\"auto\" style=\"vertical-align: inherit;\"><span dir=\"auto\" style=\"vertical-align: inherit;\"> Einn \u00fa\u00f0i gefur n\u00e1kv\u00e6mt, endurteki\u00f0 magn.<\/span><\/span><\/p>\n<\/li>\n<li data-start=\"6063\" data-end=\"6156\">\n<p data-start=\"6066\" data-end=\"6156\"><strong data-start=\"6066\" data-end=\"6081\"><span dir=\"auto\" style=\"vertical-align: inherit;\"><span dir=\"auto\" style=\"vertical-align: inherit;\">Ums\u00f3kn:<\/span><\/span><\/strong><span dir=\"auto\" style=\"vertical-align: inherit;\"><span dir=\"auto\" style=\"vertical-align: inherit;\"> \u00da\u00f0a\u00f0u \u00e1 greiningaryfirbor\u00f0 e\u00f0a pr\u00f3funarglas til notkunar \u00ed litskiljun.<\/span><\/span><\/p>\n<\/li>\n<li data-start=\"6157\" data-end=\"6233\">\n<p data-start=\"6160\" data-end=\"6233\"><strong data-start=\"6160\" data-end=\"6171\"><span dir=\"auto\" style=\"vertical-align: inherit;\"><span dir=\"auto\" style=\"vertical-align: inherit;\">Geymsla:<\/span><\/span><\/strong><span dir=\"auto\" style=\"vertical-align: inherit;\"><span dir=\"auto\" style=\"vertical-align: inherit;\"> Geymi\u00f0 uppr\u00e9tt \u00e1 k\u00f6ldum (2\u20138\u00b0C), \u00feurrum og dimmum sta\u00f0.<\/span><\/span><\/p>\n<\/li>\n<li data-start=\"6234\" data-end=\"6313\">\n<p data-start=\"6237\" data-end=\"6313\"><strong data-start=\"6237\" data-end=\"6254\"><span dir=\"auto\" style=\"vertical-align: inherit;\"><span dir=\"auto\" style=\"vertical-align: inherit;\">Skj\u00f6lun:<\/span><\/span><\/strong><span dir=\"auto\" style=\"vertical-align: inherit;\"><span dir=\"auto\" style=\"vertical-align: inherit;\"> Skr\u00e1i\u00f0 lotun\u00famer, \u00fa\u00f0amagn og greiningara\u00f0fer\u00f0ir. <\/span><\/span><a href=\"https:\/\/researchchemicalhub.com\/is\/bud\/flokkad\/kaupa-4mmc\/\"><span dir=\"auto\" style=\"vertical-align: inherit;\"><span dir=\"auto\" style=\"vertical-align: inherit;\">Kauptu 4mmc<\/span><\/span><\/a><\/p>\n<\/li>\n<\/ol>\n<hr data-start=\"6315\" data-end=\"6318\" \/>\n<h3 data-start=\"6320\" data-end=\"6355\"><strong data-start=\"6324\" data-end=\"6353\"><span dir=\"auto\" style=\"vertical-align: inherit;\"><span dir=\"auto\" style=\"vertical-align: inherit;\">Algengar spurningar (FAQ)<\/span><\/span><\/strong><\/h3>\n<p data-start=\"6357\" data-end=\"6514\"><strong data-start=\"6357\" data-end=\"6399\"><span dir=\"auto\" style=\"vertical-align: inherit;\"><span dir=\"auto\" style=\"vertical-align: inherit;\">1. Hva\u00f0 er Chem-Mist 4-HO-MET sprey 7%?<\/span><\/span><\/strong><br data-start=\"6399\" data-end=\"6402\" \/><span dir=\"auto\" style=\"vertical-align: inherit;\"><span dir=\"auto\" style=\"vertical-align: inherit;\"> A <\/span><\/span><strong data-start=\"6406\" data-end=\"6445\"><span dir=\"auto\" style=\"vertical-align: inherit;\"><span dir=\"auto\" style=\"vertical-align: inherit;\">7% ranns\u00f3knarlausn fyrir 4-HO-MET<\/span><\/span><\/strong><span dir=\"auto\" style=\"vertical-align: inherit;\"><span dir=\"auto\" style=\"vertical-align: inherit;\"> \u00ed flj\u00f3tandi \u00fa\u00f0aformi fyrir greiningar- og taugaefnafr\u00e6\u00f0ilegar ranns\u00f3knir.<\/span><\/span><\/p>\n<p data-start=\"6516\" data-end=\"6645\"><strong data-start=\"6516\" data-end=\"6564\"><span dir=\"auto\" style=\"vertical-align: inherit;\"><span dir=\"auto\" style=\"vertical-align: inherit;\">2. Hver er hreinleiki virka innihaldsefnisins?<\/span><\/span><\/strong><br data-start=\"6564\" data-end=\"6567\" \/><span dir=\"auto\" style=\"vertical-align: inherit;\"><span dir=\"auto\" style=\"vertical-align: inherit;\"> Virka innihaldsefni\u00f0 hefur <\/span><\/span><strong data-start=\"6594\" data-end=\"6618\"><span dir=\"auto\" style=\"vertical-align: inherit;\"><span dir=\"auto\" style=\"vertical-align: inherit;\">hreinleiki \u2265 98%<\/span><\/span><\/strong><span dir=\"auto\" style=\"vertical-align: inherit;\"><span dir=\"auto\" style=\"vertical-align: inherit;\"> , eins og pr\u00f3fa\u00f0 er me\u00f0 HPLC og NMR.<\/span><\/span><\/p>\n<p data-start=\"6647\" data-end=\"6762\"><strong data-start=\"6647\" data-end=\"6688\"><span dir=\"auto\" style=\"vertical-align: inherit;\"><span dir=\"auto\" style=\"vertical-align: inherit;\">3. Hvernig \u00e1 a\u00f0 geyma Chem-Mist?<\/span><\/span><\/strong><br data-start=\"6688\" data-end=\"6691\" \/><span dir=\"auto\" style=\"vertical-align: inherit;\"><span dir=\"auto\" style=\"vertical-align: inherit;\"> Verslun <\/span><\/span><strong data-start=\"6698\" data-end=\"6731\"><span dir=\"auto\" style=\"vertical-align: inherit;\"><span dir=\"auto\" style=\"vertical-align: inherit;\">\u00e1 k\u00f6ldum (2\u20138\u00b0C), \u00feurrum og dimmum sta\u00f0<\/span><\/span><\/strong><span dir=\"auto\" style=\"vertical-align: inherit;\"><span dir=\"auto\" style=\"vertical-align: inherit;\"> , uppr\u00e9tt og vel loku\u00f0.<\/span><\/span><\/p>\n<ul>\n<li><\/li>\n<\/ul>","protected":false},"excerpt":{"rendered":"<h2><strong><span dir=\"auto\" style=\"vertical-align: inherit;\"><span dir=\"auto\" style=\"vertical-align: inherit;\"><span dir=\"auto\" style=\"vertical-align: inherit;\"><span dir=\"auto\" style=\"vertical-align: inherit;\">Chem-mist 4-HO-MET 10 MG \u00fa\u00f0i &#039;Flj\u00f3tandi sveppir&#039;<\/span><\/span><\/span><\/span><\/strong><\/h2>\n<p><span dir=\"auto\" style=\"vertical-align: inherit;\"><span dir=\"auto\" style=\"vertical-align: inherit;\"><span dir=\"auto\" style=\"vertical-align: inherit;\"><span dir=\"auto\" style=\"vertical-align: inherit;\">N\u00fdjasta og au\u00f0veldasta lei\u00f0in til a\u00f0 skammta me\u00f0 4-HO-MET! \u00deessi handh\u00e6ga d\u00e6la er sterk, endingarg\u00f3\u00f0 og passar au\u00f0veldlega \u00ed vasann.<\/span><\/span><\/span><\/span><\/p>","protected":false},"featured_media":28499,"comment_status":"closed","ping_status":"closed","template":"","meta":[],"product_brand":[82],"product_cat":[382,556,471,396,381],"product_tag":[857,658],"class_list":{"0":"post-24338","1":"product","2":"type-product","3":"status-publish","4":"has-post-thumbnail","6":"product_brand-research-chemical","7":"product_cat-4-ho-met","8":"product_cat-4-ho-met-sprays","9":"product_cat-chem-mist-sprays","10":"product_cat-liquid-rcs","11":"product_cat-tryptamines","12":"product_tag-4-ho-met-psychonaut","13":"product_tag-4-ho-met","15":"first","16":"instock","17":"taxable","18":"shipping-taxable","19":"purchasable","20":"product-type-variable"},"_links":{"self":[{"href":"https:\/\/researchchemicalhub.com\/is\/wp-json\/wp\/v2\/product\/24338","targetHints":{"allow":["GET"]}}],"collection":[{"href":"https:\/\/researchchemicalhub.com\/is\/wp-json\/wp\/v2\/product"}],"about":[{"href":"https:\/\/researchchemicalhub.com\/is\/wp-json\/wp\/v2\/types\/product"}],"replies":[{"embeddable":true,"href":"https:\/\/researchchemicalhub.com\/is\/wp-json\/wp\/v2\/comments?post=24338"}],"version-history":[{"count":8,"href":"https:\/\/researchchemicalhub.com\/is\/wp-json\/wp\/v2\/product\/24338\/revisions"}],"predecessor-version":[{"id":28688,"href":"https:\/\/researchchemicalhub.com\/is\/wp-json\/wp\/v2\/product\/24338\/revisions\/28688"}],"wp:featuredmedia":[{"embeddable":true,"href":"https:\/\/researchchemicalhub.com\/is\/wp-json\/wp\/v2\/media\/28499"}],"wp:attachment":[{"href":"https:\/\/researchchemicalhub.com\/is\/wp-json\/wp\/v2\/media?parent=24338"}],"wp:term":[{"taxonomy":"product_brand","embeddable":true,"href":"https:\/\/researchchemicalhub.com\/is\/wp-json\/wp\/v2\/product_brand?post=24338"},{"taxonomy":"product_cat","embeddable":true,"href":"https:\/\/researchchemicalhub.com\/is\/wp-json\/wp\/v2\/product_cat?post=24338"},{"taxonomy":"product_tag","embeddable":true,"href":"https:\/\/researchchemicalhub.com\/is\/wp-json\/wp\/v2\/product_tag?post=24338"}],"curies":[{"name":"wp","href":"https:\/\/api.w.org\/{rel}","templated":true}]}}