{"id":24297,"date":"2025-04-13T17:41:26","date_gmt":"2025-04-13T17:41:26","guid":{"rendered":"https:\/\/researchchemicalhub.com\/?post_type=product&#038;p=24297"},"modified":"2025-10-29T08:47:54","modified_gmt":"2025-10-29T08:47:54","slug":"2f-dck-kaupa-2","status":"publish","type":"product","link":"https:\/\/researchchemicalhub.com\/is\/bud\/kaupa-2-kronur\/2f-dck-kaupa-2\/","title":{"rendered":"2F-DCK 50 MG k\u00falur"},"content":{"rendered":"<h3 data-start=\"4272\" data-end=\"4293\"><strong data-start=\"4276\" data-end=\"4291\">Inngangur<\/strong><\/h3>\n<p data-start=\"4294\" data-end=\"4732\"><strong data-start=\"4294\" data-end=\"4317\">2F-DCK 50 mg k\u00falur<\/strong> innihalda <strong data-start=\"4327\" data-end=\"4383\">50 milligr\u00f6mm af 2-fl\u00faordeskl\u00f3roketam\u00ednh\u00fddr\u00f3kl\u00f3r\u00ed\u00f0i<\/strong>, An <strong data-start=\"4389\" data-end=\"4426\">sundrandi ar\u00fdls\u00fdkl\u00f3hex\u00fdlam\u00edn<\/strong> og <strong data-start=\"4430\" data-end=\"4475\">Fl\u00faorhli\u00f0st\u00e6\u00f0a af deskl\u00f3roketam\u00edni (DCK)<\/strong>. 2f dck kaupa<br data-start=\"4476\" data-end=\"4479\" \/>\u00dea\u00f0 tilheyrir <strong data-start=\"4498\" data-end=\"4525\">ketam\u00edn hli\u00f0st\u00e6\u00f0ur fj\u00f6lskylda<\/strong> og er nota\u00f0 \u00ed <strong data-start=\"4547\" data-end=\"4585\">r\u00e9ttar- og greiningarranns\u00f3knir<\/strong> \u00d3\u00fe\u00e6gilegt <strong data-start=\"4591\" data-end=\"4615\">NMDA vi\u00f0takabinding<\/strong>, <strong data-start=\"4617\" data-end=\"4659\">tengsl byggingar og virkni (SAR)<\/strong> og <strong data-start=\"4663\" data-end=\"4698\">litskiljunareiginleikar<\/strong> af sundrandi efnasamb\u00f6ndum.<\/p>\n<p data-start=\"4734\" data-end=\"4991\">Hver k\u00fala er <strong data-start=\"4752\" data-end=\"4803\">vi\u00f0 st\u00fdr\u00f0ar ranns\u00f3knarstofua\u00f0st\u00e6\u00f0ur<\/strong> framleitt og pr\u00f3fa\u00f0 \u00e1 <strong data-start=\"4834\" data-end=\"4858\">hreinleiki \u2265 98%<\/strong> \u00ed gegnum <strong data-start=\"4863\" data-end=\"4878\">HPLC og NMR<\/strong>.<br data-start=\"4879\" data-end=\"4882\" \/>Hinn <strong data-start=\"4885\" data-end=\"4925\">sta\u00f0la\u00f0ur skammtur upp \u00e1 50 mg<\/strong> tryggir \u00e1rei\u00f0anlegar og endurtakanlegar ranns\u00f3knarni\u00f0urst\u00f6\u00f0ur.<\/p>\n<blockquote data-start=\"4993\" data-end=\"5134\">\n<p data-start=\"4995\" data-end=\"5134\">\u26a0\ufe0f <strong data-start=\"4998\" data-end=\"5009\">Athugi\u00f0:<\/strong> 2F-DCK er eing\u00f6ngu \u00e6tla\u00f0 fyrir <strong data-start=\"5045\" data-end=\"5080\">ranns\u00f3knir og greiningarnotkun<\/strong> \u2014 <strong data-start=\"5083\" data-end=\"5132\">ekki til manneldis e\u00f0a d\u00fdraneyslu.<\/strong><\/p>\n<\/blockquote>\n<hr data-start=\"5136\" data-end=\"5139\" \/>\n<h3 data-start=\"5141\" data-end=\"5172\"><strong data-start=\"5145\" data-end=\"5172\">Lykilatri\u00f0i<\/strong><\/h3>\n<div class=\"_tableContainer_1rjym_1\">\n<div class=\"group _tableWrapper_1rjym_13 flex w-fit flex-col-reverse\" tabindex=\"-1\">\n<table class=\"w-fit min-w-(--thread-content-width)\" data-start=\"5174\" data-end=\"5798\">\n<thead data-start=\"5174\" data-end=\"5200\">\n<tr data-start=\"5174\" data-end=\"5200\">\n<th data-start=\"5174\" data-end=\"5184\" data-col-size=\"sm\">Eiginleiki<\/th>\n<th data-start=\"5184\" data-end=\"5200\" data-col-size=\"md\">L\u00fdsing<\/th>\n<\/tr>\n<\/thead>\n<tbody data-start=\"5229\" data-end=\"5798\">\n<tr data-start=\"5229\" data-end=\"5293\">\n<td data-start=\"5229\" data-end=\"5250\" data-col-size=\"sm\"><strong data-start=\"5231\" data-end=\"5249\">Efnaheiti<\/strong><\/td>\n<td data-start=\"5250\" data-end=\"5293\" data-col-size=\"md\">2-fl\u00faordeskl\u00f3roketam\u00ednh\u00fddr\u00f3kl\u00f3r\u00ed\u00f0<\/td>\n<\/tr>\n<tr data-start=\"5294\" data-end=\"5329\">\n<td data-start=\"5294\" data-end=\"5319\" data-col-size=\"sm\"><strong data-start=\"5296\" data-end=\"5318\">Algengt heiti<\/strong><\/td>\n<td data-start=\"5319\" data-end=\"5329\" data-col-size=\"md\">2F-DCK<\/td>\n<\/tr>\n<tr data-start=\"5330\" data-end=\"5371\">\n<td data-start=\"5330\" data-end=\"5354\" data-col-size=\"sm\"><strong data-start=\"5332\" data-end=\"5353\">Efnaform\u00fala<\/strong><\/td>\n<td data-start=\"5354\" data-end=\"5371\" data-col-size=\"md\">C\u2081\u2083H\u2081\u2086FNO\u00b7HCl<\/td>\n<\/tr>\n<tr data-start=\"5372\" data-end=\"5410\">\n<td data-start=\"5372\" data-end=\"5394\" data-col-size=\"sm\"><strong data-start=\"5374\" data-end=\"5393\">M\u00f3l\u00feungi<\/strong><\/td>\n<td data-start=\"5394\" data-end=\"5410\" data-col-size=\"md\">257,73 g\/m\u00f3l<\/td>\n<\/tr>\n<tr data-start=\"5411\" data-end=\"5445\">\n<td data-start=\"5411\" data-end=\"5426\" data-col-size=\"sm\"><strong data-start=\"5413\" data-end=\"5425\">Skammtar<\/strong><\/td>\n<td data-start=\"5426\" data-end=\"5445\" data-col-size=\"md\">50 mg \u00ed hverju k\u00falu<\/td>\n<\/tr>\n<tr data-start=\"5446\" data-end=\"5493\">\n<td data-start=\"5446\" data-end=\"5457\" data-col-size=\"sm\"><strong data-start=\"5448\" data-end=\"5456\">Ey\u00f0ubla\u00f0<\/strong><\/td>\n<td data-start=\"5457\" data-end=\"5493\" data-col-size=\"md\">Fast k\u00fala (\u00feynnupakkning)<\/td>\n<\/tr>\n<tr data-start=\"5494\" data-end=\"5545\">\n<td data-start=\"5494\" data-end=\"5511\" data-col-size=\"sm\"><strong data-start=\"5496\" data-end=\"5510\">Hreinleiki<\/strong><\/td>\n<td data-start=\"5511\" data-end=\"5545\" data-col-size=\"md\">\u2265 98% (pr\u00f3fa\u00f0 me\u00f0 HPLC og NMR)<\/td>\n<\/tr>\n<tr data-start=\"5546\" data-end=\"5619\">\n<td data-start=\"5546\" data-end=\"5569\" data-col-size=\"sm\"><strong data-start=\"5548\" data-end=\"5568\">Efnaflokkur<\/strong><\/td>\n<td data-start=\"5569\" data-end=\"5619\" data-col-size=\"md\">Ar\u00fdls\u00fdkl\u00f3hex\u00fdlam\u00edn \/ A\u00f0greinandi efnasamband<\/td>\n<\/tr>\n<tr data-start=\"5620\" data-end=\"5699\">\n<td data-start=\"5620\" data-end=\"5634\" data-col-size=\"sm\"><strong data-start=\"5622\" data-end=\"5633\">Notkun<\/strong><\/td>\n<td data-start=\"5634\" data-end=\"5699\" data-col-size=\"md\">A\u00f0eins fyrir greiningar-, r\u00e9ttarl\u00e6knisfr\u00e6\u00f0ilegar og taugaefnafr\u00e6\u00f0ilegar ranns\u00f3knir<\/td>\n<\/tr>\n<tr data-start=\"5700\" data-end=\"5749\">\n<td data-start=\"5700\" data-end=\"5717\" data-col-size=\"sm\"><strong data-start=\"5702\" data-end=\"5716\">Umb\u00fa\u00f0ir<\/strong><\/td>\n<td data-start=\"5717\" data-end=\"5749\" data-col-size=\"md\">\u00deynnupakkning me\u00f0 innsigli<\/td>\n<\/tr>\n<tr data-start=\"5750\" data-end=\"5798\">\n<td data-start=\"5750\" data-end=\"5768\" data-col-size=\"sm\"><strong data-start=\"5752\" data-end=\"5767\">Magn<\/strong><\/td>\n<td data-start=\"5768\" data-end=\"5798\" data-col-size=\"md\">1 \u00feynna me\u00f0 50 mg k\u00falum<\/td>\n<\/tr>\n<\/tbody>\n<\/table>\n<\/div>\n<\/div>\n<hr data-start=\"5800\" data-end=\"5803\" \/>\n<h3 data-start=\"5805\" data-end=\"5822\"><strong data-start=\"5809\" data-end=\"5822\">Kostir<\/strong><\/h3>\n<ul data-start=\"5824\" data-end=\"6223\">\n<li data-start=\"5824\" data-end=\"5917\">\n<p data-start=\"5826\" data-end=\"5917\"><strong data-start=\"5826\" data-end=\"5853\">Mikil hreinleiki (\u2265 98%)<\/strong> \u2013 Samr\u00e6mdar ranns\u00f3knarni\u00f0urst\u00f6\u00f0ur af g\u00e6\u00f0um ranns\u00f3knarstofu.<\/p>\n<\/li>\n<li data-start=\"5918\" data-end=\"5997\">\n<p data-start=\"5920\" data-end=\"5997\"><strong data-start=\"5920\" data-end=\"5951\">Sta\u00f0la\u00f0 skammtur<\/strong> \u2013 50 mg \u00ed hverju k\u00falu fyrir n\u00e1kv\u00e6ma greiningu.<\/p>\n<\/li>\n<li data-start=\"5998\" data-end=\"6067\">\n<p data-start=\"6000\" data-end=\"6067\"><strong data-start=\"6000\" data-end=\"6021\">St\u00f6\u00f0ugt HCl form<\/strong> \u2013 B\u00e6tt leysni og geymslu\u00feol.<\/p>\n<\/li>\n<li data-start=\"6068\" data-end=\"6146\">\n<p data-start=\"6070\" data-end=\"6146\"><strong data-start=\"6070\" data-end=\"6100\">V\u00ed\u00f0t\u00e6k ranns\u00f3knarvi\u00f0mi\u00f0<\/strong> Hentar fyrir GC\/MS, LC-MS, FTIR og HPLC. Kauptu 2 stk. \u00ed pakka.<\/p>\n<\/li>\n<li data-start=\"6147\" data-end=\"6223\">\n<p data-start=\"6149\" data-end=\"6223\"><strong data-start=\"6149\" data-end=\"6174\">Rekjanleg framlei\u00f0sla<\/strong> \u2013 Hver lota pr\u00f3fu\u00f0 og skr\u00e1\u00f0 a\u00f0 fullu.<\/p>\n<\/li>\n<\/ul>\n<hr data-start=\"6225\" data-end=\"6228\" \/>\n<h3 data-start=\"6230\" data-end=\"6282\"><strong data-start=\"6234\" data-end=\"6280\">Notkun (eing\u00f6ngu \u00ed ranns\u00f3knarskyni)<\/strong><\/h3>\n<ol data-start=\"6284\" data-end=\"6629\">\n<li data-start=\"6284\" data-end=\"6353\">\n<p data-start=\"6287\" data-end=\"6353\"><strong data-start=\"6287\" data-end=\"6302\">Me\u00f0h\u00f6ndlun:<\/strong> Noti\u00f0 hanska, \u00f6ryggisgleraugu og ranns\u00f3knarstofuslopp.<\/p>\n<\/li>\n<li data-start=\"6354\" data-end=\"6425\">\n<p data-start=\"6357\" data-end=\"6425\"><strong data-start=\"6357\" data-end=\"6370\">M\u00e6lingar:<\/strong> Hvert pilla inniheldur 50 mg \u00b1 2 mg; athugi\u00f0 uppl\u00fdsingar um lotu.<\/p>\n<\/li>\n<li data-start=\"6426\" data-end=\"6480\">\n<p data-start=\"6429\" data-end=\"6480\"><strong data-start=\"6429\" data-end=\"6440\">Geymsla:<\/strong> Geymi\u00f0 svalt (2\u20138\u00b0C), \u00feurrt og dimmt.<\/p>\n<\/li>\n<li data-start=\"6481\" data-end=\"6564\">\n<p data-start=\"6484\" data-end=\"6564\"><strong data-start=\"6484\" data-end=\"6496\">Greining:<\/strong> Hentar fyrir litr\u00f3fsgreiningu og litr\u00f3fsgreiningu.<\/p>\n<\/li>\n<li data-start=\"6565\" data-end=\"6629\">\n<p data-start=\"6568\" data-end=\"6629\"><strong data-start=\"6568\" data-end=\"6585\">Skj\u00f6lun:<\/strong> Skr\u00e1 ni\u00f0urst\u00f6\u00f0ur og greiningara\u00f0fer\u00f0ir.<\/p>\n<\/li>\n<\/ol>\n<hr data-start=\"6631\" data-end=\"6634\" \/>\n<h3 data-start=\"6636\" data-end=\"6671\"><strong data-start=\"6640\" data-end=\"6669\">Algengar spurningar (FAQ)<\/strong><\/h3>\n<p data-start=\"6673\" data-end=\"6824\"><strong data-start=\"6673\" data-end=\"6722\">1. Hva\u00f0 er 2F-DCK (2-fl\u00faordeskl\u00f3roketam\u00edn)?<\/strong><br data-start=\"6722\" data-end=\"6725\" \/>A <strong data-start=\"6729\" data-end=\"6768\">Fl\u00faor hli\u00f0st\u00e6\u00f0a af Deschloroketamine<\/strong>, nota\u00f0 til greiningar- og taugaefnafr\u00e6\u00f0ilegra ranns\u00f3kna.<\/p>\n<p data-start=\"6826\" data-end=\"6951\"><strong data-start=\"6826\" data-end=\"6866\">2. Hver er hreinleiki og skammtur?<\/strong><br data-start=\"6866\" data-end=\"6869\" \/>Hvert pilla inniheldur <strong data-start=\"6887\" data-end=\"6921\">50 mg af 2F-DCK (\u2265 98% hreinleiki)<\/strong>, sta\u00f0fest me\u00f0 HPLC og NMR.<\/p>\n<p data-start=\"6953\" data-end=\"7112\"><strong data-start=\"6953\" data-end=\"6993\">3. Er l\u00f6glegt a\u00f0 kaupa 2F-DCK?<\/strong><br data-start=\"6993\" data-end=\"6996\" \/>Hinn <strong data-start=\"6999\" data-end=\"7024\">l\u00f6gm\u00e6ti 2F-DCK<\/strong> er mismunandi eftir l\u00f6ndum. Athugi\u00f0 alltaf gildandi reglur \u00e1\u00f0ur en \u00fei\u00f0 noti\u00f0 <strong data-start=\"7093\" data-end=\"7109\">2F-DCK kaupir<\/strong>.<\/p>\n<p class=\"ds-markdown-paragraph\">","protected":false},"excerpt":{"rendered":"<p>Inngangur 2F-DCK 50 mg h\u00e6g\u00f0ak\u00falur innihalda 50 milligr\u00f6mm af 2-fl\u00faor\u00f3deskl\u00f3rketam\u00ednh\u00fddr\u00f3kl\u00f3r\u00ed\u00f0i, sem er klofnandi ar\u00fdls\u00fdkl\u00f3hex\u00fdlam\u00edn og fl\u00faor hli\u00f0st\u00e6\u00f0a deskl\u00f3rketam\u00edns (DCK). Kauptu 2F DCK.<\/p>","protected":false},"featured_media":28381,"comment_status":"closed","ping_status":"closed","template":"","meta":[],"product_brand":[82],"product_cat":[474,475,71,324],"product_tag":[271,272,863,273,862,326],"class_list":{"0":"post-24297","1":"product","2":"type-product","3":"status-publish","4":"has-post-thumbnail","6":"product_brand-research-chemical","7":"product_cat-2f-dck-kopen","8":"product_cat-2f-dck-pellets","9":"product_cat-arylcyclohexylamine","10":"product_cat-pellets-for-pellet","11":"product_tag-2f-dck","12":"product_tag-2f-dck-kopen","13":"product_tag-2f-ketamine","14":"product_tag-2f-dck-hcl","15":"product_tag-ketamine-kopen","16":"product_tag-nl","18":"first","19":"instock","20":"taxable","21":"shipping-taxable","22":"purchasable","23":"product-type-variable"},"_links":{"self":[{"href":"https:\/\/researchchemicalhub.com\/is\/wp-json\/wp\/v2\/product\/24297","targetHints":{"allow":["GET"]}}],"collection":[{"href":"https:\/\/researchchemicalhub.com\/is\/wp-json\/wp\/v2\/product"}],"about":[{"href":"https:\/\/researchchemicalhub.com\/is\/wp-json\/wp\/v2\/types\/product"}],"replies":[{"embeddable":true,"href":"https:\/\/researchchemicalhub.com\/is\/wp-json\/wp\/v2\/comments?post=24297"}],"version-history":[{"count":6,"href":"https:\/\/researchchemicalhub.com\/is\/wp-json\/wp\/v2\/product\/24297\/revisions"}],"predecessor-version":[{"id":27813,"href":"https:\/\/researchchemicalhub.com\/is\/wp-json\/wp\/v2\/product\/24297\/revisions\/27813"}],"wp:featuredmedia":[{"embeddable":true,"href":"https:\/\/researchchemicalhub.com\/is\/wp-json\/wp\/v2\/media\/28381"}],"wp:attachment":[{"href":"https:\/\/researchchemicalhub.com\/is\/wp-json\/wp\/v2\/media?parent=24297"}],"wp:term":[{"taxonomy":"product_brand","embeddable":true,"href":"https:\/\/researchchemicalhub.com\/is\/wp-json\/wp\/v2\/product_brand?post=24297"},{"taxonomy":"product_cat","embeddable":true,"href":"https:\/\/researchchemicalhub.com\/is\/wp-json\/wp\/v2\/product_cat?post=24297"},{"taxonomy":"product_tag","embeddable":true,"href":"https:\/\/researchchemicalhub.com\/is\/wp-json\/wp\/v2\/product_tag?post=24297"}],"curies":[{"name":"wp","href":"https:\/\/api.w.org\/{rel}","templated":true}]}}