{"id":24277,"date":"2025-04-13T17:41:22","date_gmt":"2025-04-13T17:41:22","guid":{"rendered":"https:\/\/researchchemicalhub.com\/?post_type=product&#038;p=24277"},"modified":"2025-10-29T08:52:48","modified_gmt":"2025-10-29T08:52:48","slug":"flubrotizolam-05-mg","status":"publish","type":"product","link":"https:\/\/researchchemicalhub.com\/is\/bud\/bensodiazepin\/flubrotizolam-05-mg\/","title":{"rendered":"Fl\u00fabr\u00f3t\u00edz\u00f3lam 0,5 mg k\u00falur"},"content":{"rendered":"<p data-start=\"5386\" data-end=\"5642\"><strong data-start=\"5386\" data-end=\"5418\">Fl\u00fabr\u00f3t\u00edz\u00f3lam 0,5 mg k\u00falur<\/strong> eru <strong data-start=\"5424\" data-end=\"5469\">ranns\u00f3knarefni me\u00f0 mikilli hreinleika<\/strong>, \u00e6tla\u00f0 til eiturefnafr\u00e6\u00f0ilegra og lyfjafr\u00e6\u00f0ilegra ranns\u00f3kna. Hvert stykki inniheldur <strong data-start=\"5545\" data-end=\"5576\">0,5 milligr\u00f6mm af fl\u00fabr\u00f3t\u00eds\u00f3lami<\/strong> og er vandlega vegi\u00f0 og meti\u00f0 til a\u00f0 tryggja \u00e1rei\u00f0anlegar ranns\u00f3knarni\u00f0urst\u00f6\u00f0ur.<\/p>\n<p data-start=\"5644\" data-end=\"5761\">\u26a0\ufe0f <strong data-start=\"5647\" data-end=\"5658\">Athugi\u00f0:<\/strong> \u00deessi vara er eing\u00f6ngu \u00e6tlu\u00f0 fyrir <em data-start=\"5699\" data-end=\"5721\">ranns\u00f3knartilgangi<\/em> og <strong data-start=\"5725\" data-end=\"5760\">ekki til manneldis<\/strong>.<\/p>\n<hr data-start=\"5763\" data-end=\"5766\" \/>\n<h2 data-start=\"5768\" data-end=\"5798\"><strong data-start=\"5771\" data-end=\"5798\">Lykilatri\u00f0i<\/strong><\/h2>\n<ul data-start=\"5800\" data-end=\"6145\">\n<li data-start=\"5800\" data-end=\"5864\">\n<p data-start=\"5802\" data-end=\"5864\"><strong data-start=\"5802\" data-end=\"5821\">Mikil hreinleiki<\/strong> fyrir st\u00f6\u00f0uga frammist\u00f6\u00f0u \u00ed ranns\u00f3knarstofu.<\/p>\n<\/li>\n<li data-start=\"5865\" data-end=\"5946\">\n<p data-start=\"5867\" data-end=\"5946\"><strong data-start=\"5867\" data-end=\"5891\">N\u00e1kv\u00e6m skammtur<\/strong>0,5 mg \u00ed hverri k\u00falu fyrir samanbur\u00f0artilraunir.<\/p>\n<\/li>\n<li data-start=\"5947\" data-end=\"6015\">\n<p data-start=\"5949\" data-end=\"6015\"><strong data-start=\"5949\" data-end=\"5974\">Greiningarg\u00e6\u00f0i<\/strong>, hentugur fyrir LC-MS og GC-MS ranns\u00f3knir.<\/p>\n<\/li>\n<li data-start=\"6016\" data-end=\"6086\">\n<p data-start=\"6018\" data-end=\"6086\"><strong data-start=\"6018\" data-end=\"6040\">\u00d6ruggar umb\u00fa\u00f0ir<\/strong>: innsigla\u00f0 og vari\u00f0 gegn mengun.<\/p>\n<\/li>\n<li data-start=\"6087\" data-end=\"6145\">\n<p data-start=\"6089\" data-end=\"6145\"><strong data-start=\"6089\" data-end=\"6115\">\u00cd samr\u00e6mi vi\u00f0 regluger\u00f0ir ESB<\/strong> fyrir ranns\u00f3knarefni.<\/p>\n<\/li>\n<\/ul>\n<hr data-start=\"6147\" data-end=\"6150\" \/>\n<h2 data-start=\"6152\" data-end=\"6186\"><strong data-start=\"6155\" data-end=\"6186\">\u00c1vinningur fyrir v\u00edsindamenn<\/strong><\/h2>\n<ul data-start=\"6188\" data-end=\"6478\">\n<li data-start=\"6188\" data-end=\"6246\">\n<p data-start=\"6190\" data-end=\"6246\">Sty\u00f0ur <strong data-start=\"6202\" data-end=\"6243\">eiturefnafr\u00e6\u00f0ilegar og greiningarranns\u00f3knir<\/strong>.<\/p>\n<\/li>\n<li data-start=\"6247\" data-end=\"6325\">\n<p data-start=\"6249\" data-end=\"6325\">Hentar fyrir <strong data-start=\"6263\" data-end=\"6286\">tilv\u00edsunarranns\u00f3knir<\/strong> \u00ed \u00e1tt a\u00f0 n\u00fdjum bens\u00f3d\u00edazep\u00edn hli\u00f0st\u00e6\u00f0um.<\/p>\n<\/li>\n<li data-start=\"6326\" data-end=\"6413\">\n<p data-start=\"6328\" data-end=\"6413\">Kynnir <strong data-start=\"6338\" data-end=\"6369\">v\u00edsindaleg sta\u00f0festing<\/strong> \u00ed st\u00fdr\u00f0u ranns\u00f3knarstofuumhverfi.<\/p>\n<\/li>\n<li data-start=\"6414\" data-end=\"6478\">\n<p data-start=\"6416\" data-end=\"6478\">Hj\u00e1lpar vi\u00f0 <strong data-start=\"6426\" data-end=\"6450\">a\u00f0fer\u00f0a\u00fer\u00f3un<\/strong> til r\u00e9ttarl\u00e6knisfr\u00e6\u00f0ilegrar greiningar. fl\u00fabr\u00f3t\u00f3s\u00f3lam<\/p>\n<\/li>\n<\/ul>\n<hr data-start=\"6480\" data-end=\"6483\" \/>\n<h2 data-start=\"6485\" data-end=\"6519\"><strong data-start=\"6488\" data-end=\"6519\">Notkun (ranns\u00f3knarsamhengi)<\/strong><\/h2>\n<ol data-start=\"6521\" data-end=\"6700\">\n<li data-start=\"6521\" data-end=\"6550\">\n<p data-start=\"6524\" data-end=\"6550\">Noti\u00f0 sta\u00f0la\u00f0a pers\u00f3nuhl\u00edfar fr\u00e1 ranns\u00f3knarstofu.<\/p>\n<\/li>\n<li data-start=\"6551\" data-end=\"6601\">\n<p data-start=\"6554\" data-end=\"6601\">M\u00e6li\u00f0 vandlega me\u00f0 kv\u00f6r\u00f0u\u00f0um b\u00fana\u00f0i.<\/p>\n<\/li>\n<li data-start=\"6602\" data-end=\"6649\">\n<p data-start=\"6605\" data-end=\"6649\">Geymi\u00f0 \u00e1 k\u00f6ldum, \u00feurrum sta\u00f0 fjarri beinu s\u00f3larlj\u00f3si.<\/p>\n<\/li>\n<li data-start=\"6650\" data-end=\"6700\">\n<p data-start=\"6653\" data-end=\"6700\">Fargi\u00f0 \u00ed samr\u00e6mi vi\u00f0 gildandi lei\u00f0beiningar um \u00fargang.<\/p>\n<\/li>\n<\/ol>\n<blockquote data-start=\"6702\" data-end=\"6796\">\n<p data-start=\"6704\" data-end=\"6796\"><strong data-start=\"6704\" data-end=\"6719\">Mikilv\u00e6gt:<\/strong> <em data-start=\"6720\" data-end=\"6750\">Fl\u00fabr\u00f3t\u00edz\u00f3lam 0,5 mg k\u00falur<\/em> eru <strong data-start=\"6756\" data-end=\"6795\">ekki \u00e6tla\u00f0 til manneldisnota<\/strong>.<\/p>\n<\/blockquote>\n<hr data-start=\"6798\" data-end=\"6801\" \/>\n<h2 data-start=\"6803\" data-end=\"6874\"><strong data-start=\"6806\" data-end=\"6874\">Kauptu Flubrotizolam 0,5 MG k\u00falur (fyrir ranns\u00f3knarstofnanir)<\/strong><\/h2>\n<p data-start=\"6876\" data-end=\"7031\">A\u00f0eins <strong data-start=\"6883\" data-end=\"6925\">votta\u00f0ar ranns\u00f3knarstofnanir<\/strong> me\u00f0 r\u00e9ttum leyfum m\u00e1 <strong data-start=\"6959\" data-end=\"6997\">Kauptu Flubrotizolam 0,5 MG k\u00falur<\/strong>Einkanotkun er b\u00f6nnu\u00f0.<\/p>\n<hr data-start=\"7033\" data-end=\"7036\" \/>\n<h2 data-start=\"7038\" data-end=\"7072\"><strong data-start=\"7041\" data-end=\"7072\">Algengar spurningar (FAQs)<\/strong><\/h2>\n<h3 data-start=\"7074\" data-end=\"7139\"><strong data-start=\"7078\" data-end=\"7139\">1. Til hvers eru Flubrotizolam 0,5 MG pellets nota\u00f0ar?<\/strong><\/h3>\n<p data-start=\"7140\" data-end=\"7243\">\u00deessar k\u00falur eru nota\u00f0ar til <strong data-start=\"7174\" data-end=\"7212\">r\u00e9ttar- og greiningarranns\u00f3knir<\/strong> vi\u00f0 \u00fe\u00eden\u00f3tr\u00edas\u00f3ld\u00edazep\u00ednum.<\/p>\n<hr data-start=\"7245\" data-end=\"7248\" \/>\n<h3 data-start=\"7250\" data-end=\"7313\"><strong data-start=\"7254\" data-end=\"7313\">2. Eru \u00feessar k\u00falur \u00f6ruggar til manneldis?<\/strong><\/h3>\n<p data-start=\"7314\" data-end=\"7416\">Nei. \u00deessar k\u00falur eru <strong data-start=\"7337\" data-end=\"7375\">eing\u00f6ngu \u00e6tla\u00f0 til ranns\u00f3knar<\/strong> og ekki hentugt til manneldisnotkunar.<\/p>\n<hr data-start=\"7418\" data-end=\"7421\" \/>\n<h3 data-start=\"7423\" data-end=\"7489\"><strong data-start=\"7427\" data-end=\"7489\">3. Get \u00e9g keypt Flubrotizolam 0,5 MG pellets \u00ed Hollandi?<\/strong><\/h3>\n<p data-start=\"7490\" data-end=\"7611\">A\u00f0eins <strong data-start=\"7497\" data-end=\"7531\">vi\u00f0urkenndar ranns\u00f3knarstofnanir<\/strong> me\u00f0 leyfi m\u00e1 kaupa \u00feessa v\u00f6ru til v\u00edsindalegra nota.<\/p>","protected":false},"excerpt":{"rendered":"<p>Flubrotizolam 0,5 mg k\u00falur eru ranns\u00f3knarefni me\u00f0 mikilli hreinleika sem \u00e6tlu\u00f0 eru til eiturefnafr\u00e6\u00f0ilegra og lyfjafr\u00e6\u00f0ilegra ranns\u00f3kna. Hver k\u00fala inniheldur 0,5 milligr\u00f6mm.<\/p>","protected":false},"featured_media":28528,"comment_status":"closed","ping_status":"closed","template":"","meta":[],"product_brand":[82],"product_cat":[76,476,477,324],"product_tag":[150,153,154,151,152,155,326],"class_list":{"0":"post-24277","1":"product","2":"type-product","3":"status-publish","4":"has-post-thumbnail","6":"product_brand-research-chemical","7":"product_cat-benzodiazepinen","8":"product_cat-flubrotizolam","9":"product_cat-flubrotizolam-pellets","10":"product_cat-pellets-for-pellet","11":"product_tag-flubrotizolam","12":"product_tag-flubrotizolam-dosage","13":"product_tag-flubrotizolam-ervaring","14":"product_tag-flubrotizolam-half-life","15":"product_tag-flubrotizolam-werking","16":"product_tag-flunitrazolam-bijwerkingen","17":"product_tag-nl","19":"first","20":"instock","21":"taxable","22":"shipping-taxable","23":"purchasable","24":"product-type-variable"},"_links":{"self":[{"href":"https:\/\/researchchemicalhub.com\/is\/wp-json\/wp\/v2\/product\/24277","targetHints":{"allow":["GET"]}}],"collection":[{"href":"https:\/\/researchchemicalhub.com\/is\/wp-json\/wp\/v2\/product"}],"about":[{"href":"https:\/\/researchchemicalhub.com\/is\/wp-json\/wp\/v2\/types\/product"}],"replies":[{"embeddable":true,"href":"https:\/\/researchchemicalhub.com\/is\/wp-json\/wp\/v2\/comments?post=24277"}],"version-history":[{"count":4,"href":"https:\/\/researchchemicalhub.com\/is\/wp-json\/wp\/v2\/product\/24277\/revisions"}],"predecessor-version":[{"id":27817,"href":"https:\/\/researchchemicalhub.com\/is\/wp-json\/wp\/v2\/product\/24277\/revisions\/27817"}],"wp:featuredmedia":[{"embeddable":true,"href":"https:\/\/researchchemicalhub.com\/is\/wp-json\/wp\/v2\/media\/28528"}],"wp:attachment":[{"href":"https:\/\/researchchemicalhub.com\/is\/wp-json\/wp\/v2\/media?parent=24277"}],"wp:term":[{"taxonomy":"product_brand","embeddable":true,"href":"https:\/\/researchchemicalhub.com\/is\/wp-json\/wp\/v2\/product_brand?post=24277"},{"taxonomy":"product_cat","embeddable":true,"href":"https:\/\/researchchemicalhub.com\/is\/wp-json\/wp\/v2\/product_cat?post=24277"},{"taxonomy":"product_tag","embeddable":true,"href":"https:\/\/researchchemicalhub.com\/is\/wp-json\/wp\/v2\/product_tag?post=24277"}],"curies":[{"name":"wp","href":"https:\/\/api.w.org\/{rel}","templated":true}]}}