{"id":24268,"date":"2025-04-13T17:41:22","date_gmt":"2025-04-13T17:41:22","guid":{"rendered":"https:\/\/researchchemicalhub.com\/?post_type=product&#038;p=24268"},"modified":"2025-10-12T19:05:22","modified_gmt":"2025-10-12T19:05:22","slug":"promal-metallyleskalin","status":"publish","type":"product","link":"https:\/\/researchchemicalhub.com\/is\/bud\/fyrirtaeki-til-fyrirtaekja\/promal-metallyleskalin\/","title":{"rendered":"RC+ Promal poki 3 k\u00falur"},"content":{"rendered":"<h3 data-start=\"3993\" data-end=\"4014\"><strong data-start=\"3997\" data-end=\"4012\">Inngangur<\/strong><\/h3>\n<p data-start=\"4015\" data-end=\"4406\"><strong data-start=\"4015\" data-end=\"4041\">RC+ Promal (3 k\u00falur)<\/strong> er <strong data-start=\"4049\" data-end=\"4090\">ranns\u00f3knarefni \u00ed ranns\u00f3knarstofuh\u00e6fu \u00e1standi<\/strong>, afhent \u00ed endurlokanlegum poka me\u00f0 <strong data-start=\"4131\" data-end=\"4169\">\u00ferj\u00e1r n\u00e1kv\u00e6mlega skammta\u00f0ar k\u00falur<\/strong>Promal metallyleskal\u00edn<br data-start=\"4170\" data-end=\"4173\" \/>\u00der\u00f3a\u00f0 fyrir <strong data-start=\"4189\" data-end=\"4242\">greiningar-, r\u00e9ttar- og taugaefnafr\u00e6\u00f0ilegar ranns\u00f3knir<\/strong>, tilheyrir \u00feessi tenging <strong data-start=\"4275\" data-end=\"4294\">RC+ \u00farvalsl\u00edna<\/strong>, hanna\u00f0 fyrir <strong data-start=\"4311\" data-end=\"4330\">vi\u00f0takabinding<\/strong>, <strong data-start=\"4332\" data-end=\"4350\">litskiljun<\/strong> og <strong data-start=\"4354\" data-end=\"4395\">tengsl milli byggingar og virkni (SAR)<\/strong>-n\u00e1m.<\/p>\n<p data-start=\"4408\" data-end=\"4665\">Hver k\u00fala er <strong data-start=\"4426\" data-end=\"4490\">framleitt vi\u00f0 st\u00fdr\u00f0ar ranns\u00f3knarstofua\u00f0st\u00e6\u00f0ur<\/strong> og pr\u00f3fa\u00f0 \u00e1 <strong data-start=\"4508\" data-end=\"4532\">hreinleiki \u2265 98%<\/strong> \u00ed gegnum <strong data-start=\"4537\" data-end=\"4552\">HPLC og NMR<\/strong>.<br data-start=\"4553\" data-end=\"4556\" \/>Hinn <strong data-start=\"4559\" data-end=\"4585\">RC+ Promal form\u00fala<\/strong> \u00e1byrg\u00f0ir <strong data-start=\"4597\" data-end=\"4662\">samr\u00e6md samsetning og \u00e1rei\u00f0anlegir greiningarm\u00f6guleikar<\/strong>.<\/p>\n<blockquote data-start=\"4667\" data-end=\"4812\">\n<p data-start=\"4669\" data-end=\"4812\">\u26a0\ufe0f <strong data-start=\"4672\" data-end=\"4683\">Athugi\u00f0:<\/strong> RC+ Promal er eing\u00f6ngu \u00e6tla\u00f0 fyrir <strong data-start=\"4723\" data-end=\"4758\">ranns\u00f3knir og greiningarnotkun<\/strong> \u2014 <strong data-start=\"4761\" data-end=\"4810\">ekki til manneldis e\u00f0a d\u00fdraneyslu.<\/strong><\/p>\n<\/blockquote>\n<hr data-start=\"4814\" data-end=\"4817\" \/>\n<h3 data-start=\"4819\" data-end=\"4850\"><strong data-start=\"4823\" data-end=\"4850\">Lykilatri\u00f0i<\/strong><\/h3>\n<div class=\"_tableContainer_1rjym_1\">\n<div class=\"group _tableWrapper_1rjym_13 flex w-fit flex-col-reverse\" tabindex=\"-1\">\n<table class=\"w-fit min-w-(--thread-content-width)\" data-start=\"4852\" data-end=\"5472\">\n<thead data-start=\"4852\" data-end=\"4878\">\n<tr data-start=\"4852\" data-end=\"4878\">\n<th data-start=\"4852\" data-end=\"4862\" data-col-size=\"sm\">Eiginleiki<\/th>\n<th data-start=\"4862\" data-end=\"4878\" data-col-size=\"md\">L\u00fdsing<\/th>\n<\/tr>\n<\/thead>\n<tbody data-start=\"4907\" data-end=\"5472\">\n<tr data-start=\"4907\" data-end=\"4951\">\n<td data-start=\"4907\" data-end=\"4925\" data-col-size=\"sm\"><strong data-start=\"4909\" data-end=\"4924\">V\u00f6ruheiti<\/strong><\/td>\n<td data-start=\"4925\" data-end=\"4951\" data-col-size=\"md\">RC+ Promal (3 k\u00falur)<\/td>\n<\/tr>\n<tr data-start=\"4952\" data-end=\"4989\">\n<td data-start=\"4952\" data-end=\"4973\" data-col-size=\"sm\"><strong data-start=\"4954\" data-end=\"4972\">Efnaform<\/strong><\/td>\n<td data-start=\"4973\" data-end=\"4989\" data-col-size=\"md\">Fast k\u00fala<\/td>\n<\/tr>\n<tr data-start=\"4990\" data-end=\"5041\">\n<td data-start=\"4990\" data-end=\"5007\" data-col-size=\"sm\"><strong data-start=\"4992\" data-end=\"5006\">Hreinleiki<\/strong><\/td>\n<td data-start=\"5007\" data-end=\"5041\" data-col-size=\"md\">\u2265 98% (pr\u00f3fa\u00f0 me\u00f0 HPLC og NMR)<\/td>\n<\/tr>\n<tr data-start=\"5042\" data-end=\"5099\">\n<td data-start=\"5042\" data-end=\"5065\" data-col-size=\"sm\"><strong data-start=\"5044\" data-end=\"5064\">Efnaflokkur<\/strong><\/td>\n<td data-start=\"5065\" data-end=\"5099\" data-col-size=\"md\">Ranns\u00f3knarefni (RC+ blanda)<\/td>\n<\/tr>\n<tr data-start=\"5100\" data-end=\"5162\">\n<td data-start=\"5100\" data-end=\"5118\" data-col-size=\"sm\"><strong data-start=\"5102\" data-end=\"5117\">Form\u00fala<\/strong><\/td>\n<td data-start=\"5118\" data-end=\"5162\" data-col-size=\"md\">N\u00e1kv\u00e6m sta\u00f0la\u00f0 blanda \u00ed ranns\u00f3knarstofu<\/td>\n<\/tr>\n<tr data-start=\"5163\" data-end=\"5227\">\n<td data-start=\"5163\" data-end=\"5178\" data-col-size=\"sm\"><strong data-start=\"5165\" data-end=\"5177\">Skammtar<\/strong><\/td>\n<td data-start=\"5178\" data-end=\"5227\" data-col-size=\"md\">1 pilla = sta\u00f0la\u00f0ur ranns\u00f3knarskammtur<\/td>\n<\/tr>\n<tr data-start=\"5228\" data-end=\"5269\">\n<td data-start=\"5228\" data-end=\"5246\" data-col-size=\"sm\"><strong data-start=\"5230\" data-end=\"5245\">Magn<\/strong><\/td>\n<td data-start=\"5246\" data-end=\"5269\" data-col-size=\"md\">3 k\u00falur \u00ed hverjum poka<\/td>\n<\/tr>\n<tr data-start=\"5270\" data-end=\"5337\">\n<td data-start=\"5270\" data-end=\"5287\" data-col-size=\"sm\"><strong data-start=\"5272\" data-end=\"5286\">Umb\u00fa\u00f0ir<\/strong><\/td>\n<td data-start=\"5287\" data-end=\"5337\" data-col-size=\"md\">Endurlokanlegur, raka\u00feolinn ranns\u00f3knarstofupoki<\/td>\n<\/tr>\n<tr data-start=\"5338\" data-end=\"5417\">\n<td data-start=\"5338\" data-end=\"5352\" data-col-size=\"sm\"><strong data-start=\"5340\" data-end=\"5351\">Notkun<\/strong><\/td>\n<td data-start=\"5352\" data-end=\"5417\" data-col-size=\"md\">A\u00f0eins fyrir greiningar-, r\u00e9ttarl\u00e6knisfr\u00e6\u00f0ilegar og taugaefnafr\u00e6\u00f0ilegar ranns\u00f3knir<\/td>\n<\/tr>\n<tr data-start=\"5418\" data-end=\"5472\">\n<td data-start=\"5418\" data-end=\"5431\" data-col-size=\"sm\"><strong data-start=\"5420\" data-end=\"5430\">Geymsla<\/strong><\/td>\n<td data-start=\"5431\" data-end=\"5472\" data-col-size=\"md\">Geymi\u00f0 \u00e1 k\u00f6ldum, \u00feurrum og dimmum sta\u00f0 (2\u20138\u00b0C)<\/td>\n<\/tr>\n<\/tbody>\n<\/table>\n<\/div>\n<\/div>\n<hr data-start=\"5474\" data-end=\"5477\" \/>\n<h3 data-start=\"5479\" data-end=\"5496\"><strong data-start=\"5483\" data-end=\"5496\">Kostir<\/strong><\/h3>\n<ul data-start=\"5498\" data-end=\"5871\">\n<li data-start=\"5498\" data-end=\"5582\">\n<p data-start=\"5500\" data-end=\"5582\"><strong data-start=\"5500\" data-end=\"5527\">Mikil hreinleiki (\u2265 98%)<\/strong> \u2013 G\u00e6\u00f0i ranns\u00f3knarstofu fyrir \u00e1rei\u00f0anlegar ni\u00f0urst\u00f6\u00f0ur.<\/p>\n<\/li>\n<li data-start=\"5583\" data-end=\"5657\">\n<p data-start=\"5585\" data-end=\"5657\"><strong data-start=\"5585\" data-end=\"5616\">Sta\u00f0la\u00f0 skammtur<\/strong> \u2013 Hver k\u00fala er n\u00e1kv\u00e6mlega vegin.<\/p>\n<\/li>\n<li data-start=\"5658\" data-end=\"5721\">\n<p data-start=\"5660\" data-end=\"5721\"><strong data-start=\"5660\" data-end=\"5682\">\u00d6ruggar umb\u00fa\u00f0ir<\/strong> \u2013 Raka\u00feolinn, endurlokanlegur poki.<\/p>\n<\/li>\n<li data-start=\"5722\" data-end=\"5800\">\n<p data-start=\"5724\" data-end=\"5800\"><strong data-start=\"5724\" data-end=\"5754\">V\u00ed\u00f0t\u00e6k ranns\u00f3knarvi\u00f0mi\u00f0<\/strong> \u2013 Hentar fyrir GC\/MS, LC-MS, FTIR og HPLC.<\/p>\n<\/li>\n<li data-start=\"5801\" data-end=\"5871\">\n<p data-start=\"5803\" data-end=\"5871\"><strong data-start=\"5803\" data-end=\"5830\">Sta\u00f0fest g\u00e6\u00f0i<\/strong> \u2013 Hver sending er pr\u00f3fu\u00f0 og rekjanleg.<\/p>\n<\/li>\n<\/ul>\n<hr data-start=\"5873\" data-end=\"5876\" \/>\n<h3 data-start=\"5878\" data-end=\"5930\"><strong data-start=\"5882\" data-end=\"5928\">Notkun (eing\u00f6ngu \u00ed ranns\u00f3knarskyni)<\/strong><\/h3>\n<ol data-start=\"5932\" data-end=\"6269\">\n<li data-start=\"5932\" data-end=\"6001\">\n<p data-start=\"5935\" data-end=\"6001\"><strong data-start=\"5935\" data-end=\"5950\">Me\u00f0h\u00f6ndlun:<\/strong> Noti\u00f0 hanska, \u00f6ryggisgleraugu og ranns\u00f3knarstofuslopp.<\/p>\n<\/li>\n<li data-start=\"6002\" data-end=\"6064\">\n<p data-start=\"6005\" data-end=\"6064\"><strong data-start=\"6005\" data-end=\"6018\">M\u00e6lingar:<\/strong> Athugi\u00f0 lotun\u00famer, skammt og hreinleika.<\/p>\n<\/li>\n<li data-start=\"6065\" data-end=\"6119\">\n<p data-start=\"6068\" data-end=\"6119\"><strong data-start=\"6068\" data-end=\"6079\">Geymsla:<\/strong> Geymi\u00f0 svalt (2\u20138\u00b0C), \u00feurrt og dimmt.<\/p>\n<\/li>\n<li data-start=\"6120\" data-end=\"6204\">\n<p data-start=\"6123\" data-end=\"6204\"><strong data-start=\"6123\" data-end=\"6135\">Greining:<\/strong> Hentar fyrir litskiljun, litr\u00f3fsgreiningu og r\u00e9ttarl\u00e6knisfr\u00e6\u00f0ilegar pr\u00f3fanir.<\/p>\n<\/li>\n<li data-start=\"6205\" data-end=\"6269\">\n<p data-start=\"6208\" data-end=\"6269\"><strong data-start=\"6208\" data-end=\"6225\">Skj\u00f6lun:<\/strong> Skr\u00e1 ni\u00f0urst\u00f6\u00f0ur og greiningara\u00f0fer\u00f0ir.<\/p>\n<\/li>\n<\/ol>\n<hr data-start=\"6271\" data-end=\"6274\" \/>\n<h3 data-start=\"6276\" data-end=\"6311\"><strong data-start=\"6280\" data-end=\"6309\">Algengar spurningar (FAQ)<\/strong><\/h3>\n<p data-start=\"6313\" data-end=\"6438\"><strong data-start=\"6313\" data-end=\"6338\">1. Hva\u00f0 er RC+ Promal?<\/strong><br data-start=\"6338\" data-end=\"6341\" \/>A <strong data-start=\"6345\" data-end=\"6367\">ranns\u00f3knarefni<\/strong> \u00far RC+ ser\u00edunni, h\u00f6nnu\u00f0 fyrir greiningar- og r\u00e9ttarmeinafr\u00e6\u00f0ilegar ranns\u00f3knir.<\/p>\n<p data-start=\"6440\" data-end=\"6551\"><strong data-start=\"6440\" data-end=\"6473\">2. Hversu hrein er varan?<\/strong><br data-start=\"6473\" data-end=\"6476\" \/>Hver lota hefur <strong data-start=\"6497\" data-end=\"6521\">hreinleiki \u2265 98%<\/strong>, sta\u00f0fest me\u00f0 HPLC og NMR.<\/p>\n<p data-start=\"6553\" data-end=\"6680\"><strong data-start=\"6553\" data-end=\"6590\">3. Hvernig er RC+ Promal afhent?<\/strong><br data-start=\"6590\" data-end=\"6593\" \/>\u00cd <strong data-start=\"6600\" data-end=\"6634\">endurlokanleg ranns\u00f3knarstofupoki<\/strong> af <strong data-start=\"6639\" data-end=\"6677\">\u00ferj\u00e1r n\u00e1kv\u00e6mlega skammta\u00f0ar k\u00falur<\/strong>.<\/p>","protected":false},"excerpt":{"rendered":"<p>Introductie RC+ Promal (3 pellets) is een laboratoriumklasse onderzoekscompound, geleverd in een hersluitbaar zakje met drie nauwkeurig gedoseerde pellets. Promal<\/p>","protected":false},"featured_media":21350,"comment_status":"closed","ping_status":"closed","template":"","meta":[],"product_brand":[82],"product_cat":[555],"product_tag":[326,864,209],"class_list":{"0":"post-24268","1":"product","2":"type-product","3":"status-publish","4":"has-post-thumbnail","6":"product_brand-research-chemical","7":"product_cat-b2b","8":"product_tag-nl","9":"product_tag-promal","10":"product_tag-promal-methallylescaline","12":"first","13":"instock","14":"taxable","15":"shipping-taxable","16":"purchasable","17":"product-type-variable"},"_links":{"self":[{"href":"https:\/\/researchchemicalhub.com\/is\/wp-json\/wp\/v2\/product\/24268","targetHints":{"allow":["GET"]}}],"collection":[{"href":"https:\/\/researchchemicalhub.com\/is\/wp-json\/wp\/v2\/product"}],"about":[{"href":"https:\/\/researchchemicalhub.com\/is\/wp-json\/wp\/v2\/types\/product"}],"replies":[{"embeddable":true,"href":"https:\/\/researchchemicalhub.com\/is\/wp-json\/wp\/v2\/comments?post=24268"}],"version-history":[{"count":4,"href":"https:\/\/researchchemicalhub.com\/is\/wp-json\/wp\/v2\/product\/24268\/revisions"}],"predecessor-version":[{"id":27815,"href":"https:\/\/researchchemicalhub.com\/is\/wp-json\/wp\/v2\/product\/24268\/revisions\/27815"}],"wp:featuredmedia":[{"embeddable":true,"href":"https:\/\/researchchemicalhub.com\/is\/wp-json\/wp\/v2\/media\/21350"}],"wp:attachment":[{"href":"https:\/\/researchchemicalhub.com\/is\/wp-json\/wp\/v2\/media?parent=24268"}],"wp:term":[{"taxonomy":"product_brand","embeddable":true,"href":"https:\/\/researchchemicalhub.com\/is\/wp-json\/wp\/v2\/product_brand?post=24268"},{"taxonomy":"product_cat","embeddable":true,"href":"https:\/\/researchchemicalhub.com\/is\/wp-json\/wp\/v2\/product_cat?post=24268"},{"taxonomy":"product_tag","embeddable":true,"href":"https:\/\/researchchemicalhub.com\/is\/wp-json\/wp\/v2\/product_tag?post=24268"}],"curies":[{"name":"wp","href":"https:\/\/api.w.org\/{rel}","templated":true}]}}