{"id":24256,"date":"2025-04-13T17:41:21","date_gmt":"2025-04-13T17:41:21","guid":{"rendered":"https:\/\/researchchemicalhub.com\/?post_type=product&#038;p=24256"},"modified":"2025-10-12T19:19:28","modified_gmt":"2025-10-12T19:19:28","slug":"4-fma-kaupa-2","status":"publish","type":"product","link":"https:\/\/researchchemicalhub.com\/is\/bud\/fyrirtaeki-til-fyrirtaekja\/4-fma-kaupa-2\/","title":{"rendered":"RC+ MaXTC poki 3 k\u00falur"},"content":{"rendered":"<h2 data-start=\"4878\" data-end=\"4904\"><strong data-start=\"4881\" data-end=\"4904\">V\u00f6rul\u00fdsing<\/strong><\/h2>\n<p data-start=\"4906\" data-end=\"5171\"><strong data-start=\"4906\" data-end=\"4935\">RC+ MaXTC poki 3 k\u00falur<\/strong> er <strong data-start=\"4943\" data-end=\"4987\">ranns\u00f3knarefni \u00ed ranns\u00f3knarstofuh\u00e6fu \u00e1standi<\/strong>, \u00fer\u00f3a\u00f0 fyrir greiningar-, r\u00e9ttarmeinafr\u00e6\u00f0ilega og eiturefnafr\u00e6\u00f0ilega notkun. Hver pakki inniheldur <strong data-start=\"5084\" data-end=\"5124\">\u00ferj\u00e1r vandlega \u00fatb\u00fanar k\u00falur<\/strong> me\u00f0 samr\u00e6mdri samsetningu og hreinleika. Kauptu 4 fma<\/p>\n<p data-start=\"5173\" data-end=\"5357\"><strong data-start=\"5173\" data-end=\"5186\">RC+ MaXTC<\/strong> er hanna\u00f0 fyrir <strong data-start=\"5205\" data-end=\"5235\">v\u00edsindaranns\u00f3knir<\/strong> og veitir v\u00edsindam\u00f6nnum st\u00f6\u00f0ugt, st\u00f6\u00f0la\u00f0 efni fyrir greiningart\u00e6ki og byggingarau\u00f0kenningu.<\/p>\n<p data-start=\"5359\" data-end=\"5490\">\u26a0\ufe0f <strong data-start=\"5362\" data-end=\"5377\">Mikilv\u00e6gt:<\/strong> \u00deessi vara er <strong data-start=\"5393\" data-end=\"5442\">eing\u00f6ngu \u00e6tla\u00f0 til ranns\u00f3knar<\/strong> og <strong data-start=\"5446\" data-end=\"5489\">ekki til notkunar fyrir menn e\u00f0a d\u00fdr<\/strong>.<\/p>\n<hr data-start=\"5492\" data-end=\"5495\" \/>\n<h2 data-start=\"5497\" data-end=\"5527\"><strong data-start=\"5500\" data-end=\"5527\">Lykilatri\u00f0i<\/strong><\/h2>\n<ul data-start=\"5529\" data-end=\"5938\">\n<li data-start=\"5529\" data-end=\"5610\">\n<p data-start=\"5531\" data-end=\"5610\"><strong data-start=\"5531\" data-end=\"5569\">Mikil hreinleiki og \u00e1rei\u00f0anleiki<\/strong> fyrir samr\u00e6mdar ranns\u00f3knarni\u00f0urst\u00f6\u00f0ur.<\/p>\n<\/li>\n<li data-start=\"5611\" data-end=\"5694\">\n<p data-start=\"5613\" data-end=\"5694\"><strong data-start=\"5613\" data-end=\"5643\">Sta\u00f0la\u00f0ar k\u00f6gglar<\/strong> \u2013 au\u00f0velt \u00ed me\u00f0f\u00f6rum og n\u00e1kv\u00e6mlega skammta\u00f0.<\/p>\n<\/li>\n<li data-start=\"5695\" data-end=\"5780\">\n<p data-start=\"5697\" data-end=\"5780\"><strong data-start=\"5697\" data-end=\"5722\">Greiningarg\u00e6\u00f0i<\/strong> \u2013 hentar fyrir r\u00e9ttarl\u00e6kninga- og fr\u00e6\u00f0iranns\u00f3knarstofur<\/p>\n<\/li>\n<li data-start=\"5781\" data-end=\"5853\">\n<p data-start=\"5783\" data-end=\"5853\"><strong data-start=\"5783\" data-end=\"5805\">\u00d6ruggar umb\u00fa\u00f0ir<\/strong> \u2013 loft\u00fe\u00e9tt og innsiglu\u00f0 gegn mengun.<\/p>\n<\/li>\n<li data-start=\"5854\" data-end=\"5938\">\n<p data-start=\"5856\" data-end=\"5938\"><strong data-start=\"5856\" data-end=\"5882\">\u00cd samr\u00e6mi vi\u00f0 regluger\u00f0ir ESB<\/strong> \u2013 framleitt \u00ed samr\u00e6mi vi\u00f0 gildandi \u00f6ryggissta\u00f0la.<\/p>\n<\/li>\n<\/ul>\n<hr data-start=\"5940\" data-end=\"5943\" \/>\n<h2 data-start=\"5945\" data-end=\"5979\"><strong data-start=\"5948\" data-end=\"5979\">\u00c1vinningur fyrir v\u00edsindamenn<\/strong><\/h2>\n<ul data-start=\"5981\" data-end=\"6286\">\n<li data-start=\"5981\" data-end=\"6052\">\n<p data-start=\"5983\" data-end=\"6052\">Hentar fyrir <strong data-start=\"5997\" data-end=\"6030\">greiningartilv\u00edsunarranns\u00f3knir<\/strong> af n\u00fdjum efnum.<\/p>\n<\/li>\n<li data-start=\"6053\" data-end=\"6129\">\n<p data-start=\"6055\" data-end=\"6129\">Sty\u00f0ur <strong data-start=\"6067\" data-end=\"6102\">a\u00f0fer\u00f0arsta\u00f0festing og kv\u00f6r\u00f0un<\/strong> \u00ed ranns\u00f3knarumhverfi.<\/p>\n<\/li>\n<li data-start=\"6130\" data-end=\"6199\">\n<p data-start=\"6132\" data-end=\"6199\">Hj\u00e1lpar vi\u00f0 <strong data-start=\"6142\" data-end=\"6169\">eiturefnafr\u00e6\u00f0ilegar ranns\u00f3knir<\/strong> og <strong data-start=\"6173\" data-end=\"6196\">byggingargreining<\/strong>.<\/p>\n<\/li>\n<li data-start=\"6200\" data-end=\"6286\">\n<p data-start=\"6202\" data-end=\"6286\">Kynnir <strong data-start=\"6212\" data-end=\"6253\">\u00f6ruggar og st\u00f6\u00f0lu\u00f0ar ranns\u00f3knir<\/strong> me\u00f0 st\u00fdr\u00f0um hreinleika.<\/p>\n<\/li>\n<\/ul>\n<hr data-start=\"6288\" data-end=\"6291\" \/>\n<h2 data-start=\"6293\" data-end=\"6327\"><strong data-start=\"6296\" data-end=\"6327\">Notkun (ranns\u00f3knarsamhengi)<\/strong><\/h2>\n<ol data-start=\"6329\" data-end=\"6603\">\n<li data-start=\"6329\" data-end=\"6381\">\n<p data-start=\"6332\" data-end=\"6381\">Noti\u00f0 a\u00f0eins \u00ed vi\u00f0urkenndri ranns\u00f3knarstofu.<\/p>\n<\/li>\n<li data-start=\"6382\" data-end=\"6442\">\n<p data-start=\"6385\" data-end=\"6442\">Noti\u00f0 hanska, ranns\u00f3knarstofuslopp og \u00f6ryggisgleraugu. Kaupi\u00f0 4 fma<\/p>\n<\/li>\n<li data-start=\"6443\" data-end=\"6504\">\n<p data-start=\"6446\" data-end=\"6504\">Noti\u00f0 n\u00e1kv\u00e6mnism\u00e6lit\u00e6ki til a\u00f0 f\u00e1 n\u00e1kv\u00e6mar m\u00e6lingar.<\/p>\n<\/li>\n<li data-start=\"6505\" data-end=\"6552\">\n<p data-start=\"6508\" data-end=\"6552\">Geymi\u00f0 \u00e1 k\u00f6ldum, \u00feurrum sta\u00f0 fjarri beinu s\u00f3larlj\u00f3si.<\/p>\n<\/li>\n<li data-start=\"6553\" data-end=\"6603\">\n<p data-start=\"6556\" data-end=\"6603\">Fargi\u00f0 leifum \u00ed samr\u00e6mi vi\u00f0 gildandi umhverfisreglur.<\/p>\n<\/li>\n<\/ol>\n<blockquote data-start=\"6605\" data-end=\"6694\">\n<p data-start=\"6607\" data-end=\"6694\"><strong data-start=\"6607\" data-end=\"6618\">Athugi\u00f0:<\/strong> <em data-start=\"6619\" data-end=\"6646\">RC+ MaXTC poki 3 k\u00falur<\/em> er <strong data-start=\"6650\" data-end=\"6693\">ekki \u00e6tla\u00f0 til manneldis<\/strong>.<\/p>\n<\/blockquote>\n<hr data-start=\"6696\" data-end=\"6699\" \/>\n<h2 data-start=\"6701\" data-end=\"6735\"><strong data-start=\"6704\" data-end=\"6735\">Algengar spurningar (FAQs)<\/strong><\/h2>\n<h3 data-start=\"6737\" data-end=\"6782\"><strong data-start=\"6741\" data-end=\"6782\">1. Til hvers er RC+ MaXTC nota\u00f0?<\/strong><\/h3>\n<p data-start=\"6783\" data-end=\"6870\">\u00deetta efni er nota\u00f0 til <strong data-start=\"6813\" data-end=\"6854\">greiningar- og eiturefnafr\u00e6\u00f0ilegar ranns\u00f3knir<\/strong> \u00ed ranns\u00f3knarstofum.<\/p>\n<hr data-start=\"6872\" data-end=\"6875\" \/>\n<h3 data-start=\"6877\" data-end=\"6920\"><strong data-start=\"6881\" data-end=\"6920\">2. Hversu margar k\u00falur inniheldur einn poki?<\/strong><\/h3>\n<p data-start=\"6921\" data-end=\"7001\">Hver poki inniheldur <strong data-start=\"6937\" data-end=\"6950\">3 k\u00falur<\/strong>, \u00f6ll af s\u00f6mu hreinleika og samsetningu.<\/p>\n<hr data-start=\"7003\" data-end=\"7006\" \/>\n<h3 data-start=\"7008\" data-end=\"7074\"><strong data-start=\"7012\" data-end=\"7074\">3. Get \u00e9g keypt RC+ MaXTC poka me\u00f0 3 k\u00falum sem einstaklingur?<\/strong><\/h3>\n<p data-start=\"7075\" data-end=\"7179\">Nei, a\u00f0eins <strong data-start=\"7087\" data-end=\"7121\">vi\u00f0urkenndar ranns\u00f3knarstofnanir<\/strong> me\u00f0 vi\u00f0eigandi leyfi m\u00e1 kaupa \u00feessa v\u00f6ru.<\/p>\n<hr data-start=\"7181\" data-end=\"7184\" \/>\n<h2 data-start=\"7186\" data-end=\"7214\"><strong data-start=\"7189\" data-end=\"7214\">\u00d6ryggisuppl\u00fdsingar<\/strong><\/h2>\n<ul data-start=\"7216\" data-end=\"7427\">\n<li data-start=\"7216\" data-end=\"7278\">\n<p data-start=\"7218\" data-end=\"7278\">Fylgi\u00f0 alltaf \u00f6ryggislei\u00f0beiningum ranns\u00f3knarstofunnar.<\/p>\n<\/li>\n<li data-start=\"7279\" data-end=\"7330\">\n<p data-start=\"7281\" data-end=\"7330\">For\u00f0ist beina snertingu, inn\u00f6ndun e\u00f0a innt\u00f6ku.<\/p>\n<\/li>\n<li data-start=\"7331\" data-end=\"7385\">\n<p data-start=\"7333\" data-end=\"7385\">Geymi\u00f0 vel loka\u00f0 \u00ed upprunalegum umb\u00fa\u00f0um.<\/p>\n<\/li>\n<li data-start=\"7386\" data-end=\"7427\">\n<p data-start=\"7388\" data-end=\"7427\">Geymi\u00f0 \u00fear sem \u00f3vi\u00f0komandi a\u00f0ilar n\u00e1 ekki til.<\/p>\n<\/li>\n<\/ul>","protected":false},"excerpt":{"rendered":"<p>Productbeschrijving RC+ MaXTC zakje 3 pellets is een onderzoeksstof van laboratoriumkwaliteit, ontwikkeld voor analytische, forensische en toxicologische toepassingen. Elke verpakking<\/p>","protected":false},"featured_media":21342,"comment_status":"closed","ping_status":"closed","template":"","meta":[],"product_brand":[],"product_cat":[555],"product_tag":[629,644,326],"class_list":{"0":"post-24256","1":"product","2":"type-product","3":"status-publish","4":"has-post-thumbnail","6":"product_cat-b2b","7":"product_tag-4-fma-kopen","8":"product_tag-4-fma","9":"product_tag-nl","11":"first","12":"instock","13":"taxable","14":"shipping-taxable","15":"purchasable","16":"product-type-variable"},"_links":{"self":[{"href":"https:\/\/researchchemicalhub.com\/is\/wp-json\/wp\/v2\/product\/24256","targetHints":{"allow":["GET"]}}],"collection":[{"href":"https:\/\/researchchemicalhub.com\/is\/wp-json\/wp\/v2\/product"}],"about":[{"href":"https:\/\/researchchemicalhub.com\/is\/wp-json\/wp\/v2\/types\/product"}],"replies":[{"embeddable":true,"href":"https:\/\/researchchemicalhub.com\/is\/wp-json\/wp\/v2\/comments?post=24256"}],"version-history":[{"count":4,"href":"https:\/\/researchchemicalhub.com\/is\/wp-json\/wp\/v2\/product\/24256\/revisions"}],"predecessor-version":[{"id":27819,"href":"https:\/\/researchchemicalhub.com\/is\/wp-json\/wp\/v2\/product\/24256\/revisions\/27819"}],"wp:featuredmedia":[{"embeddable":true,"href":"https:\/\/researchchemicalhub.com\/is\/wp-json\/wp\/v2\/media\/21342"}],"wp:attachment":[{"href":"https:\/\/researchchemicalhub.com\/is\/wp-json\/wp\/v2\/media?parent=24256"}],"wp:term":[{"taxonomy":"product_brand","embeddable":true,"href":"https:\/\/researchchemicalhub.com\/is\/wp-json\/wp\/v2\/product_brand?post=24256"},{"taxonomy":"product_cat","embeddable":true,"href":"https:\/\/researchchemicalhub.com\/is\/wp-json\/wp\/v2\/product_cat?post=24256"},{"taxonomy":"product_tag","embeddable":true,"href":"https:\/\/researchchemicalhub.com\/is\/wp-json\/wp\/v2\/product_tag?post=24256"}],"curies":[{"name":"wp","href":"https:\/\/api.w.org\/{rel}","templated":true}]}}