{"id":24175,"date":"2025-04-13T17:41:13","date_gmt":"2025-04-13T17:41:13","guid":{"rendered":"https:\/\/researchchemicalhub.com\/?post_type=product&#038;p=24175"},"modified":"2025-10-12T20:08:27","modified_gmt":"2025-10-12T20:08:27","slug":"virkni-norflurasepams","status":"publish","type":"product","link":"https:\/\/researchchemicalhub.com\/is\/bud\/fyrirtaeki-til-fyrirtaekja\/virkni-norflurasepams\/","title":{"rendered":"RC+ Norflurazepam 5 mg kassi"},"content":{"rendered":"<h2 data-start=\"3808\" data-end=\"3834\"><strong data-start=\"3811\" data-end=\"3834\">V\u00f6rul\u00fdsing<\/strong><\/h2>\n<p data-start=\"3836\" data-end=\"4137\"><strong data-start=\"3836\" data-end=\"3865\">RC+ Norflurazepam 5 mg kassi<\/strong> inniheldur <strong data-start=\"3872\" data-end=\"3901\">H\u00e1hreinleiki Norflurazepam<\/strong>, An <strong data-start=\"3907\" data-end=\"3936\">bens\u00f3d\u00edazep\u00edn efnasamband<\/strong> sem er nota\u00f0 \u00ed <strong data-start=\"3960\" data-end=\"4013\">r\u00e9ttarl\u00e6knisfr\u00e6\u00f0ilegar, eiturefnafr\u00e6\u00f0ilegar og greiningarranns\u00f3knir<\/strong>\u00c1hrif norfl\u00farasepams<br data-start=\"4014\" data-end=\"4017\" \/>Hver kassi inniheldur <strong data-start=\"4032\" data-end=\"4047\">5 mg k\u00falur<\/strong>, vandlega sm\u00ed\u00f0a\u00f0 fyrir <strong data-start=\"4077\" data-end=\"4134\">n\u00e1kv\u00e6mar og endurtakanlegar ranns\u00f3knarni\u00f0urst\u00f6\u00f0ur<\/strong>.<\/p>\n<p data-start=\"4139\" data-end=\"4296\">Sem hluti af <strong data-start=\"4160\" data-end=\"4183\">RC+ ranns\u00f3knarr\u00f6\u00f0<\/strong> \u00deessi vara er framleidd undir str\u00f6ngu g\u00e6\u00f0aeftirliti til a\u00f0 <strong data-start=\"4251\" data-end=\"4281\">hreinleiki og samr\u00e6mi<\/strong> a\u00f0 tryggja.<\/p>\n<p data-start=\"4298\" data-end=\"4434\">\u26a0\ufe0f <strong data-start=\"4301\" data-end=\"4312\">Athugi\u00f0:<\/strong> \u00deessi vara er <strong data-start=\"4328\" data-end=\"4377\">eing\u00f6ngu \u00e6tla\u00f0 til ranns\u00f3knar<\/strong> og <strong data-start=\"4381\" data-end=\"4433\">ekki hentugt til notkunar fyrir menn e\u00f0a d\u00fdr<\/strong>.<\/p>\n<hr data-start=\"4436\" data-end=\"4439\" \/>\n<h2 data-start=\"4441\" data-end=\"4471\"><strong data-start=\"4444\" data-end=\"4471\">Lykilatri\u00f0i<\/strong><\/h2>\n<ul data-start=\"4473\" data-end=\"4866\">\n<li data-start=\"4473\" data-end=\"4557\">\n<p data-start=\"4475\" data-end=\"4557\"><strong data-start=\"4475\" data-end=\"4495\">Mikil hreinleiki:<\/strong> G\u00e6\u00f0i ranns\u00f3knarstofu, hentug fyrir h\u00e1\u00fer\u00f3a\u00f0ar ranns\u00f3knir.<\/p>\n<\/li>\n<li data-start=\"4558\" data-end=\"4636\">\n<p data-start=\"4560\" data-end=\"4636\"><strong data-start=\"4560\" data-end=\"4592\">Sta\u00f0la\u00f0 skammtur:<\/strong> 5 mg \u00ed hverju k\u00falu fyrir n\u00e1kv\u00e6ma greiningu.<\/p>\n<\/li>\n<li data-start=\"4637\" data-end=\"4708\">\n<p data-start=\"4639\" data-end=\"4708\"><strong data-start=\"4639\" data-end=\"4660\">Efnafr\u00e6\u00f0ilega st\u00f6\u00f0ugt:<\/strong> \u00deolir ni\u00f0urbrot me\u00f0 r\u00e9ttri geymslu.<\/p>\n<\/li>\n<li data-start=\"4709\" data-end=\"4780\">\n<p data-start=\"4711\" data-end=\"4780\"><strong data-start=\"4711\" data-end=\"4734\">\u00d6ruggar umb\u00fa\u00f0ir:<\/strong> Loft\u00fe\u00e9tt og innsiglu\u00f0 gegn mengun.<\/p>\n<\/li>\n<li data-start=\"4781\" data-end=\"4866\">\n<p data-start=\"4783\" data-end=\"4866\"><strong data-start=\"4783\" data-end=\"4810\">\u00cd samr\u00e6mi vi\u00f0 regluger\u00f0ir ESB:<\/strong> Framleitt samkv\u00e6mt evr\u00f3pskum \u00f6ryggislei\u00f0beiningum.<\/p>\n<\/li>\n<\/ul>\n<hr data-start=\"4868\" data-end=\"4871\" \/>\n<h2 data-start=\"4873\" data-end=\"4907\"><strong data-start=\"4876\" data-end=\"4907\">\u00c1vinningur fyrir v\u00edsindamenn<\/strong><\/h2>\n<ul data-start=\"4909\" data-end=\"5174\">\n<li data-start=\"4909\" data-end=\"4969\">\n<p data-start=\"4911\" data-end=\"4969\">Hentar fyrir <strong data-start=\"4925\" data-end=\"4966\">r\u00e9ttar- og eiturefnafr\u00e6\u00f0ilegar ranns\u00f3knir<\/strong>.<\/p>\n<\/li>\n<li data-start=\"4970\" data-end=\"5018\">\n<p data-start=\"4972\" data-end=\"5018\">Sty\u00f0ur <strong data-start=\"4984\" data-end=\"5015\">LC-MS, GC-MS og NMR greining<\/strong>.<\/p>\n<\/li>\n<li data-start=\"5019\" data-end=\"5101\">\n<p data-start=\"5021\" data-end=\"5101\">Hj\u00e1lpar vi\u00f0 <strong data-start=\"5031\" data-end=\"5078\">byggingarleg og megindleg samanbur\u00f0ur<\/strong> af bens\u00f3d\u00edazep\u00ednum.<\/p>\n<\/li>\n<li data-start=\"5102\" data-end=\"5174\">\n<p data-start=\"5104\" data-end=\"5174\">Tilbo\u00f0 <strong data-start=\"5110\" data-end=\"5144\">\u00e1rei\u00f0anleg vi\u00f0mi\u00f0unars\u00fdni<\/strong> til ranns\u00f3knarstofupr\u00f3fana. \u00c1hrif norfl\u00farazepams<\/p>\n<\/li>\n<\/ul>\n<hr data-start=\"5176\" data-end=\"5179\" \/>\n<h2 data-start=\"5181\" data-end=\"5215\"><strong data-start=\"5184\" data-end=\"5215\">Notkun (ranns\u00f3knarsamhengi)<\/strong><\/h2>\n<ol data-start=\"5217\" data-end=\"5425\">\n<li data-start=\"5217\" data-end=\"5262\">\n<p data-start=\"5220\" data-end=\"5262\">Noti\u00f0 a\u00f0eins \u00ed vi\u00f0urkenndum ranns\u00f3knarstofum.<\/p>\n<\/li>\n<li data-start=\"5263\" data-end=\"5314\">\n<p data-start=\"5266\" data-end=\"5314\">Noti\u00f0 hanska, \u00f6ryggisgleraugu og ranns\u00f3knarstofuslopp.<\/p>\n<\/li>\n<li data-start=\"5315\" data-end=\"5362\">\n<p data-start=\"5318\" data-end=\"5362\">Geymi\u00f0 k\u00f6ldum, \u00feurrum og dimmum sta\u00f0 (undir 25\u00b0C).<\/p>\n<\/li>\n<li data-start=\"5363\" data-end=\"5425\">\n<p data-start=\"5366\" data-end=\"5425\">Fargi\u00f0 leifum \u00ed samr\u00e6mi vi\u00f0 gildandi \u00f6ryggisreglur.<\/p>\n<\/li>\n<\/ol>\n<blockquote data-start=\"5427\" data-end=\"5522\">\n<p data-start=\"5429\" data-end=\"5522\"><strong data-start=\"5429\" data-end=\"5440\">Athugi\u00f0:<\/strong> <em data-start=\"5441\" data-end=\"5468\">RC+ Norflurazepam 5 mg kassi<\/em> er <strong data-start=\"5472\" data-end=\"5521\">eing\u00f6ngu \u00e6tla\u00f0 til ranns\u00f3knar<\/strong>.<\/p>\n<\/blockquote>\n<hr data-start=\"5524\" data-end=\"5527\" \/>\n<h2 data-start=\"5529\" data-end=\"5563\"><strong data-start=\"5532\" data-end=\"5563\">Algengar spurningar (FAQs)<\/strong><\/h2>\n<p data-start=\"5565\" data-end=\"5709\"><strong data-start=\"5565\" data-end=\"5614\">1. Til hvers er RC+ Norflurazepam nota\u00f0?<\/strong><br data-start=\"5614\" data-end=\"5617\" \/>\u00dea\u00f0 er nota\u00f0 fyrir <strong data-start=\"5641\" data-end=\"5679\">greiningar- og r\u00e9ttarranns\u00f3knir<\/strong> vi\u00f0 bens\u00f3d\u00edazep\u00edn hli\u00f0st\u00e6\u00f0ur.<\/p>\n<p data-start=\"5711\" data-end=\"5815\"><strong data-start=\"5711\" data-end=\"5740\">2. Hversu miki\u00f0 inniheldur einn kassi?<\/strong><br data-start=\"5740\" data-end=\"5743\" \/>Hver kassi inniheldur <strong data-start=\"5758\" data-end=\"5773\">5 mg k\u00falur<\/strong> me\u00f0 st\u00f6\u00f0lu\u00f0u samsetningu.<\/p>\n<p data-start=\"5817\" data-end=\"5953\"><strong data-start=\"5817\" data-end=\"5871\">3. Get \u00e9g keypt RC+ Norflurazepam sem einstaklingur?<\/strong><br data-start=\"5871\" data-end=\"5874\" \/>Nei, \u00feessi vara er a\u00f0eins f\u00e1anleg fyrir <strong data-start=\"5918\" data-end=\"5952\">vi\u00f0urkenndar ranns\u00f3knarstofnanir<\/strong>.<\/p>","protected":false},"excerpt":{"rendered":"<p>Productbeschrijving RC+ Norflurazepam 5mg Box bevat hoogzuivere Norflurazepam, een benzodiazepine-verbinding die wordt gebruikt bij forensisch, toxicologisch en analytisch onderzoek. Norflurazepam<\/p>","protected":false},"featured_media":20939,"comment_status":"closed","ping_status":"closed","template":"","meta":[],"product_brand":[82],"product_cat":[555],"product_tag":[326,132,137,135,134,136,133],"class_list":{"0":"post-24175","1":"product","2":"type-product","3":"status-publish","4":"has-post-thumbnail","6":"product_brand-research-chemical","7":"product_cat-b2b","8":"product_tag-nl","9":"product_tag-norflurazepam","10":"product_tag-norflurazepam-dosering","11":"product_tag-norflurazepam-ervaring","12":"product_tag-norflurazepam-ervaringen","13":"product_tag-norflurazepam-psychonaut","14":"product_tag-norflurazepam-werking","16":"first","17":"instock","18":"taxable","19":"shipping-taxable","20":"purchasable","21":"product-type-variable"},"_links":{"self":[{"href":"https:\/\/researchchemicalhub.com\/is\/wp-json\/wp\/v2\/product\/24175","targetHints":{"allow":["GET"]}}],"collection":[{"href":"https:\/\/researchchemicalhub.com\/is\/wp-json\/wp\/v2\/product"}],"about":[{"href":"https:\/\/researchchemicalhub.com\/is\/wp-json\/wp\/v2\/types\/product"}],"replies":[{"embeddable":true,"href":"https:\/\/researchchemicalhub.com\/is\/wp-json\/wp\/v2\/comments?post=24175"}],"version-history":[{"count":4,"href":"https:\/\/researchchemicalhub.com\/is\/wp-json\/wp\/v2\/product\/24175\/revisions"}],"predecessor-version":[{"id":27834,"href":"https:\/\/researchchemicalhub.com\/is\/wp-json\/wp\/v2\/product\/24175\/revisions\/27834"}],"wp:featuredmedia":[{"embeddable":true,"href":"https:\/\/researchchemicalhub.com\/is\/wp-json\/wp\/v2\/media\/20939"}],"wp:attachment":[{"href":"https:\/\/researchchemicalhub.com\/is\/wp-json\/wp\/v2\/media?parent=24175"}],"wp:term":[{"taxonomy":"product_brand","embeddable":true,"href":"https:\/\/researchchemicalhub.com\/is\/wp-json\/wp\/v2\/product_brand?post=24175"},{"taxonomy":"product_cat","embeddable":true,"href":"https:\/\/researchchemicalhub.com\/is\/wp-json\/wp\/v2\/product_cat?post=24175"},{"taxonomy":"product_tag","embeddable":true,"href":"https:\/\/researchchemicalhub.com\/is\/wp-json\/wp\/v2\/product_tag?post=24175"}],"curies":[{"name":"wp","href":"https:\/\/api.w.org\/{rel}","templated":true}]}}