{"id":24144,"date":"2025-04-13T17:41:08","date_gmt":"2025-04-13T17:41:08","guid":{"rendered":"https:\/\/researchchemicalhub.com\/?post_type=product&#038;p=24144"},"modified":"2025-10-12T21:09:18","modified_gmt":"2025-10-12T21:09:18","slug":"efnathoka-noopept-udi","status":"publish","type":"product","link":"https:\/\/researchchemicalhub.com\/is\/bud\/fyrirtaeki-til-fyrirtaekja\/efnathoka-noopept-udi\/","title":{"rendered":"Chem-mist NOOPEPT \u00fa\u00f0i"},"content":{"rendered":"<h3 data-start=\"4655\" data-end=\"4674\"><strong data-start=\"4659\" data-end=\"4674\">Inngangur<\/strong><\/h3>\n<p data-start=\"4675\" data-end=\"5006\">Hinn <strong data-start=\"4678\" data-end=\"4705\">Chem-mist NOOPEPT \u00fa\u00f0i<\/strong> tilbo\u00f0 <strong data-start=\"4712\" data-end=\"4779\">H\u00e1hreint NOOPEPT (N-fen\u00fdlaset\u00fdl-L-pr\u00f3l\u00fdlgl\u00fds\u00edn et\u00fdl ester)<\/strong> \u00ed <strong data-start=\"4787\" data-end=\"4821\">n\u00e1kv\u00e6mlega samsett \u00fa\u00f0i<\/strong>, \u00fer\u00f3a\u00f0 \u00ed ranns\u00f3knarskyni. NOOPEPT er <strong data-start=\"4876\" data-end=\"4899\">hugvirkt efnasamband<\/strong> sem oft er rannsaka\u00f0 vegna hugsanlegra \u00e1hrifa \u00feess \u00e1 <strong data-start=\"4959\" data-end=\"5003\">minni, n\u00e1msgeta og taugavernd<\/strong>Chem-mist Noopept \u00fa\u00f0i<\/p>\n<p data-start=\"5008\" data-end=\"5235\">\u00deetta sprey var \u00fer\u00f3a\u00f0 af Chem-mist fyrir <strong data-start=\"5053\" data-end=\"5078\">ranns\u00f3knarstofuranns\u00f3knir<\/strong> og \u00e1byrg\u00f0ir <strong data-start=\"5093\" data-end=\"5133\">st\u00f6\u00f0ug sk\u00f6mmtun, mikil st\u00f6\u00f0ugleiki<\/strong> og <strong data-start=\"5137\" data-end=\"5164\">hagn\u00fdt notkunar\u00fe\u00e6gindi<\/strong>, tilvali\u00f0 fyrir n\u00e1m \u00e1 <strong data-start=\"5191\" data-end=\"5234\">taugam\u00f3tun og hugr\u00e6n virkni<\/strong>.<\/p>\n<hr data-start=\"5237\" data-end=\"5240\" \/>\n<h3 data-start=\"5242\" data-end=\"5273\"><strong data-start=\"5246\" data-end=\"5273\">Lykilatri\u00f0i<\/strong><\/h3>\n<ul data-start=\"5274\" data-end=\"5811\">\n<li data-start=\"5274\" data-end=\"5362\">\n<p data-start=\"5276\" data-end=\"5362\"><strong data-start=\"5276\" data-end=\"5299\">H\u00e1hreinleiki NOOPEPT:<\/strong> Hver \u00fa\u00f0i inniheldur <strong data-start=\"5317\" data-end=\"5333\">10 mg N\u00d3OPEPT<\/strong> \u00ed st\u00f6\u00f0ugri lausn.<\/p>\n<\/li>\n<li data-start=\"5363\" data-end=\"5492\">\n<p data-start=\"5365\" data-end=\"5492\"><strong data-start=\"5365\" data-end=\"5383\">Hra\u00f0upptaka:<\/strong> Bjarts\u00fdni fyrir <strong data-start=\"5405\" data-end=\"5471\">skilvirk afhending og \u00e1rei\u00f0anleg l\u00edffr\u00e6\u00f0ileg a\u00f0gengi<\/strong> me\u00f0an \u00e1 ranns\u00f3knum stendur.<\/p>\n<\/li>\n<li data-start=\"5493\" data-end=\"5588\">\n<p data-start=\"5495\" data-end=\"5588\"><strong data-start=\"5495\" data-end=\"5520\">N\u00e1kv\u00e6m skammtur:<\/strong> Spreyi\u00f0 veitir <strong data-start=\"5541\" data-end=\"5585\">sannreynanlegar og endurteknar ni\u00f0urst\u00f6\u00f0ur<\/strong>.<\/p>\n<\/li>\n<li data-start=\"5589\" data-end=\"5711\">\n<p data-start=\"5591\" data-end=\"5711\"><strong data-start=\"5591\" data-end=\"5622\">G\u00e6\u00f0i ranns\u00f3knarstigs:<\/strong> Framleitt undir <strong data-start=\"5642\" data-end=\"5680\">strangar ranns\u00f3knarstofua\u00f0st\u00e6\u00f0ur<\/strong> til a\u00f0 tryggja hreinleika.<\/p>\n<\/li>\n<li data-start=\"5712\" data-end=\"5811\">\n<p data-start=\"5714\" data-end=\"5811\"><strong data-start=\"5714\" data-end=\"5736\">Sam\u00fejappa\u00f0 og handh\u00e6gt:<\/strong> 10 ml \u00fa\u00f0aflaska, fullkomin fyrir n\u00e1kv\u00e6ma notkun \u00ed ranns\u00f3knarumhverfi. Chem-mist NOOPEPT \u00fa\u00f0i<\/p>\n<\/li>\n<\/ul>\n<hr data-start=\"5813\" data-end=\"5816\" \/>\n<h3 data-start=\"5818\" data-end=\"5835\"><strong data-start=\"5822\" data-end=\"5835\">Kostir<\/strong><\/h3>\n<ul data-start=\"5836\" data-end=\"6403\">\n<li data-start=\"5836\" data-end=\"5972\">\n<p data-start=\"5838\" data-end=\"5972\"><strong data-start=\"5838\" data-end=\"5874\">Sty\u00f0ur hugr\u00e6nar ranns\u00f3knir:<\/strong> Rannsaka\u00f0 vegna \u00e1hrifa \u00feess \u00e1 <strong data-start=\"5913\" data-end=\"5969\">minni, taugavernd og taugam\u00f3tandi sveigjanleiki<\/strong>.<\/p>\n<\/li>\n<li data-start=\"5973\" data-end=\"6080\">\n<p data-start=\"5975\" data-end=\"6080\"><strong data-start=\"5975\" data-end=\"6002\">\u00c1rei\u00f0anleg notkun:<\/strong> Flj\u00f3tandi form\u00falan gerir <strong data-start=\"6030\" data-end=\"6068\">n\u00e1kv\u00e6m og samr\u00e6md stj\u00f3rns\u00fdsla<\/strong> m\u00f6gulegt.<\/p>\n<\/li>\n<li data-start=\"6081\" data-end=\"6209\">\n<p data-start=\"6083\" data-end=\"6209\"><strong data-start=\"6083\" data-end=\"6136\">Hentar fyrir atferlis- og taugaefnafr\u00e6\u00f0ilegar ranns\u00f3knir:<\/strong> Hj\u00e1lpar vi\u00f0 ranns\u00f3knir \u00e1 <strong data-start=\"6162\" data-end=\"6206\">n\u00e1msferlar, athygli og heilastarfsemi<\/strong>.<\/p>\n<\/li>\n<li data-start=\"6210\" data-end=\"6311\">\n<p data-start=\"6212\" data-end=\"6311\"><strong data-start=\"6212\" data-end=\"6236\">Skilvirk afhending:<\/strong> Spreyi\u00f0 veitir <strong data-start=\"6257\" data-end=\"6279\">jafndreifing<\/strong> og l\u00e1gmarkar fr\u00e1vik.<\/p>\n<\/li>\n<li data-start=\"6312\" data-end=\"6403\">\n<p data-start=\"6314\" data-end=\"6403\"><strong data-start=\"6314\" data-end=\"6341\">Langt\u00edmast\u00f6\u00f0ugleiki:<\/strong> Form\u00falan er eftir <strong data-start=\"6357\" data-end=\"6380\">st\u00f6\u00f0ugt og \u00e1hrifar\u00edkt<\/strong> \u00feegar \u00fea\u00f0 er geymt r\u00e9tt.<\/p>\n<\/li>\n<\/ul>\n<hr data-start=\"6405\" data-end=\"6408\" \/>\n<h3 data-start=\"6410\" data-end=\"6425\"><strong data-start=\"6414\" data-end=\"6425\">Notkun<\/strong><\/h3>\n<ol data-start=\"6426\" data-end=\"6688\">\n<li data-start=\"6426\" data-end=\"6463\">\n<p data-start=\"6429\" data-end=\"6463\"><strong data-start=\"6429\" data-end=\"6461\">Hristi\u00f0 varlega fyrir notkun.<\/strong><\/p>\n<\/li>\n<li data-start=\"6464\" data-end=\"6536\">\n<p data-start=\"6467\" data-end=\"6536\"><strong data-start=\"6467\" data-end=\"6480\">Einn \u00fa\u00f0i<\/strong> gefur 10 mg skammt af NOOPEPT (samkv\u00e6mt lei\u00f0beiningum).<\/p>\n<\/li>\n<li data-start=\"6537\" data-end=\"6610\">\n<p data-start=\"6540\" data-end=\"6610\"><strong data-start=\"6540\" data-end=\"6571\">Athugi\u00f0 skammtast\u00e6r\u00f0 og t\u00edma<\/strong> fyrir n\u00e1kv\u00e6mar ranns\u00f3knarg\u00f6gn.<\/p>\n<\/li>\n<li data-start=\"6611\" data-end=\"6688\">\n<p data-start=\"6614\" data-end=\"6688\">Spara\u00f0u \u00e1 <strong data-start=\"6629\" data-end=\"6652\">kaldur, \u00feurr sta\u00f0ur<\/strong>, vari\u00f0 gegn beinu s\u00f3larlj\u00f3si.<\/p>\n<\/li>\n<\/ol>\n<blockquote data-start=\"6690\" data-end=\"6796\">\n<p data-start=\"6692\" data-end=\"6796\">\u26a0\ufe0f <strong data-start=\"6695\" data-end=\"6741\">A\u00f0eins til ranns\u00f3knarstofupr\u00f3fana.<\/strong> Ekki hentugt til neyslu manna e\u00f0a d\u00fdra.<\/p>\n<\/blockquote>\n<hr data-start=\"6798\" data-end=\"6801\" \/>\n<h3 data-start=\"6803\" data-end=\"6836\"><strong data-start=\"6807\" data-end=\"6836\">Algengar spurningar (FAQ)<\/strong><\/h3>\n<p data-start=\"6838\" data-end=\"7019\"><strong data-start=\"6838\" data-end=\"6893\">1. Til hvers er Chem-mist NOOPEPT sprey nota\u00f0?<\/strong><br data-start=\"6893\" data-end=\"6896\" \/>\u00deetta sprey er nota\u00f0 \u00ed <strong data-start=\"6925\" data-end=\"6972\">v\u00edsindalegar og taugaefnafr\u00e6\u00f0ilegar ranns\u00f3knir<\/strong> til hugr\u00e6nnar virkni og taugaplasticity.<\/p>\n<p data-start=\"7021\" data-end=\"7162\"><strong data-start=\"7021\" data-end=\"7061\">2. Hversu miki\u00f0 af NOOPEPT inniheldur hver \u00fa\u00f0i?<\/strong><br data-start=\"7061\" data-end=\"7064\" \/>Hver \u00fa\u00f0i framlei\u00f0ir <strong data-start=\"7092\" data-end=\"7122\">n\u00e1kv\u00e6mur skammtur 10 mg<\/strong>, kanna\u00f0 me\u00f0 ranns\u00f3knarstofugreiningu.<\/p>\n<p data-start=\"7164\" data-end=\"7304\"><strong data-start=\"7164\" data-end=\"7204\">3. Hvernig \u00e1 a\u00f0 geyma \u00fa\u00f0ann?<\/strong><br data-start=\"7204\" data-end=\"7207\" \/>Geymi\u00f0 fl\u00f6skuna \u00ed <strong data-start=\"7229\" data-end=\"7263\">kaldur, dimmur og \u00feurr sta\u00f0ur<\/strong> (undir 25\u00b0C) til a\u00f0 vi\u00f0halda st\u00f6\u00f0ugleika.<\/p>\n<hr data-start=\"7306\" data-end=\"7309\" \/>\n<h3 data-start=\"7311\" data-end=\"7328\"><strong data-start=\"7315\" data-end=\"7328\">Ni\u00f0ursta\u00f0a<\/strong><\/h3>\n<p data-start=\"7329\" data-end=\"7632\">Hinn <strong data-start=\"7332\" data-end=\"7359\">Chem-mist NOOPEPT \u00fa\u00f0i<\/strong> sameinar <strong data-start=\"7371\" data-end=\"7404\">n\u00e1kv\u00e6mni, hreinleiki og \u00fe\u00e6gindi<\/strong> fyrir h\u00e1\u00fer\u00f3a\u00f0ar ranns\u00f3knir \u00e1 hugr\u00e6nni getu og heilastarfsemi. \u00de\u00f6kk s\u00e9 <strong data-start=\"7489\" data-end=\"7554\">n\u00e1kv\u00e6m sk\u00f6mmtun, hr\u00f6\u00f0 fr\u00e1sog og langt\u00edma st\u00f6\u00f0ugleiki<\/strong> \u00deessi vara er fr\u00e1b\u00e6r kostur fyrir fagleg ranns\u00f3knarumhverfi.<\/p>","protected":false},"excerpt":{"rendered":"<p>Introductie De Chem-mist NOOPEPT Spray biedt hoogzuiver NOOPEPT (N-phenylacetyl-L-prolylglycine ethyl ester) in een nauwkeurig geformuleerde spray, ontwikkeld voor onderzoeksdoeleinden. NOOPEPT<\/p>","protected":false},"featured_media":21202,"comment_status":"closed","ping_status":"closed","template":"","meta":[],"product_brand":[],"product_cat":[555],"product_tag":[326],"class_list":{"0":"post-24144","1":"product","2":"type-product","3":"status-publish","4":"has-post-thumbnail","6":"product_cat-b2b","7":"product_tag-nl","9":"first","10":"instock","11":"taxable","12":"shipping-taxable","13":"purchasable","14":"product-type-variable"},"_links":{"self":[{"href":"https:\/\/researchchemicalhub.com\/is\/wp-json\/wp\/v2\/product\/24144","targetHints":{"allow":["GET"]}}],"collection":[{"href":"https:\/\/researchchemicalhub.com\/is\/wp-json\/wp\/v2\/product"}],"about":[{"href":"https:\/\/researchchemicalhub.com\/is\/wp-json\/wp\/v2\/types\/product"}],"replies":[{"embeddable":true,"href":"https:\/\/researchchemicalhub.com\/is\/wp-json\/wp\/v2\/comments?post=24144"}],"version-history":[{"count":3,"href":"https:\/\/researchchemicalhub.com\/is\/wp-json\/wp\/v2\/product\/24144\/revisions"}],"predecessor-version":[{"id":27852,"href":"https:\/\/researchchemicalhub.com\/is\/wp-json\/wp\/v2\/product\/24144\/revisions\/27852"}],"wp:featuredmedia":[{"embeddable":true,"href":"https:\/\/researchchemicalhub.com\/is\/wp-json\/wp\/v2\/media\/21202"}],"wp:attachment":[{"href":"https:\/\/researchchemicalhub.com\/is\/wp-json\/wp\/v2\/media?parent=24144"}],"wp:term":[{"taxonomy":"product_brand","embeddable":true,"href":"https:\/\/researchchemicalhub.com\/is\/wp-json\/wp\/v2\/product_brand?post=24144"},{"taxonomy":"product_cat","embeddable":true,"href":"https:\/\/researchchemicalhub.com\/is\/wp-json\/wp\/v2\/product_cat?post=24144"},{"taxonomy":"product_tag","embeddable":true,"href":"https:\/\/researchchemicalhub.com\/is\/wp-json\/wp\/v2\/product_tag?post=24144"}],"curies":[{"name":"wp","href":"https:\/\/api.w.org\/{rel}","templated":true}]}}