{"id":24140,"date":"2025-04-13T17:41:08","date_gmt":"2025-04-13T17:41:08","guid":{"rendered":"https:\/\/researchchemicalhub.com\/?post_type=product&#038;p=24140"},"modified":"2025-10-13T10:29:52","modified_gmt":"2025-10-13T10:29:52","slug":"efnathoka-4f-mph-10-udi","status":"publish","type":"product","link":"https:\/\/researchchemicalhub.com\/is\/bud\/fyrirtaeki-til-fyrirtaekja\/efnathoka-4f-mph-10-udi\/","title":{"rendered":"Chem Mist 4F-MPH 10% \u00fa\u00f0i"},"content":{"rendered":"<h3 data-start=\"688\" data-end=\"712\"><strong data-start=\"692\" data-end=\"712\">Yfirlit yfir v\u00f6ru<\/strong><\/h3>\n<p data-start=\"713\" data-end=\"1201\">Chem-mist 4F-MPH 10% \u00fa\u00f0i er <strong data-start=\"747\" data-end=\"793\">n\u00e1kv\u00e6mnisbundin ranns\u00f3knarlausn<\/strong> af <strong data-start=\"798\" data-end=\"833\">4-fl\u00faormet\u00fdlfenidat (4F-MPH)<\/strong> \u00ed styrk 10%. Hanna\u00f0 fyrir <strong data-start=\"878\" data-end=\"925\">v\u00edsindaleg og greiningartilgangi<\/strong>, \u00fea\u00f0 b\u00fd\u00f0ur upp \u00e1 <strong data-start=\"941\" data-end=\"983\">st\u00fdr\u00f0 og samr\u00e6md sk\u00f6mmtun<\/strong> me\u00f0 au\u00f0veldum \u00fa\u00f0a \u2013 tilvali\u00f0 fyrir ranns\u00f3knarstofur sem framkv\u00e6ma lyfjafr\u00e6\u00f0ilegar, vi\u00f0taka- e\u00f0a fr\u00e1sogsranns\u00f3knir. 4f mph<br data-start=\"1106\" data-end=\"1109\" \/><em data-start=\"1109\" data-end=\"1201\">(A\u00f0eins til ranns\u00f3kna \u2013 ekki \u00e6tla\u00f0 til notkunar fyrir menn e\u00f0a d\u00fdr.)<\/em><\/p>\n<hr data-start=\"1203\" data-end=\"1206\" \/>\n<h3 data-start=\"1208\" data-end=\"1239\"><strong data-start=\"1212\" data-end=\"1239\">Lykilatri\u00f0i<\/strong><\/h3>\n<ul data-start=\"1240\" data-end=\"1675\">\n<li data-start=\"1240\" data-end=\"1319\">\n<p data-start=\"1242\" data-end=\"1319\"><strong data-start=\"1242\" data-end=\"1269\">10% 4F-MPH styrkur<\/strong> fyrir n\u00e1kv\u00e6mar og st\u00fdr\u00f0ar tilraunir<\/p>\n<\/li>\n<li data-start=\"1320\" data-end=\"1382\">\n<p data-start=\"1322\" data-end=\"1382\"><strong data-start=\"1322\" data-end=\"1350\">Um \u00fea\u00f0 bil 14 mg \u00ed hverjum \u00fa\u00f0a<\/strong> (meira en 70 \u00fa\u00f0ar \u00ed hverri fl\u00f6sku)<\/p>\n<\/li>\n<li data-start=\"1383\" data-end=\"1456\">\n<p data-start=\"1385\" data-end=\"1456\"><strong data-start=\"1385\" data-end=\"1417\">\u201eFresh Focus\u201c piparmyntuilmur<\/strong> fyrir \u00fe\u00e6gilega notkun \u00e1 ranns\u00f3knarstofu<\/p>\n<\/li>\n<li data-start=\"1457\" data-end=\"1525\">\n<p data-start=\"1459\" data-end=\"1525\"><strong data-start=\"1459\" data-end=\"1486\">St\u00f6\u00f0ug form\u00fala<\/strong> me\u00f0 E1520, NaCl og stu\u00f0p\u00fa\u00f0a\u00fe\u00e1ttum<\/p>\n<\/li>\n<li data-start=\"1526\" data-end=\"1591\">\n<p data-start=\"1528\" data-end=\"1591\"><strong data-start=\"1528\" data-end=\"1554\">Mikil hreinleiki (&gt;98%)<\/strong>, sta\u00f0fest me\u00f0 pr\u00f3funum fr\u00e1 birgjum<\/p>\n<\/li>\n<li data-start=\"1592\" data-end=\"1675\">\n<p data-start=\"1594\" data-end=\"1675\"><strong data-start=\"1594\" data-end=\"1627\">A\u00f0eins til ranns\u00f3knarnota<\/strong> \u2013 greinilega merkt samkv\u00e6mt regluger\u00f0um<\/p>\n<\/li>\n<\/ul>\n<hr data-start=\"1677\" data-end=\"1680\" \/>\n<h3 data-start=\"1682\" data-end=\"1699\"><strong data-start=\"1686\" data-end=\"1699\">Kostir<\/strong><\/h3>\n<p data-start=\"1700\" data-end=\"2020\">\u2705 <strong data-start=\"1702\" data-end=\"1723\">N\u00e1kv\u00e6m skammtur<\/strong> \u2013 Samr\u00e6mt \u00fa\u00f0amagn fyrir endurteknar ni\u00f0urst\u00f6\u00f0ur<br data-start=\"1786\" data-end=\"1789\" \/>\u2705 <strong data-start=\"1791\" data-end=\"1819\">\u00d6rugg og hrein notkun<\/strong> \u2013 Engin h\u00e6tta \u00e1 \u00fatsetningu fyrir dufti e\u00f0a mengun<br data-start=\"1868\" data-end=\"1871\" \/>\u2705 <strong data-start=\"1873\" data-end=\"1899\">B\u00e6tt st\u00f6\u00f0ugleiki<\/strong> Langur geymslu\u00feol (allt a\u00f0 2 \u00e1r) vi\u00f0 r\u00e9tta geymslu<br data-start=\"1953\" data-end=\"1956\" \/>\u2705 <strong data-start=\"1958\" data-end=\"1975\">Tilb\u00fai\u00f0 til notkunar<\/strong> \u2013 Minnkar undirb\u00faningst\u00edma \u00ed ranns\u00f3knarstofunni<\/p>\n<hr data-start=\"2022\" data-end=\"2025\" \/>\n<h3 data-start=\"2027\" data-end=\"2072\"><strong data-start=\"2031\" data-end=\"2072\">Notkun (eing\u00f6ngu \u00ed ranns\u00f3knartilgangi)<\/strong><\/h3>\n<blockquote data-start=\"2073\" data-end=\"2198\">\n<p data-start=\"2075\" data-end=\"2198\">\u26a0\ufe0f Eing\u00f6ngu til notkunar \u00e1 ranns\u00f3knarstofu. Ekki anda a\u00f0 \u00fe\u00e9r e\u00f0a kyngja. Noti\u00f0 alltaf pers\u00f3nuhl\u00edfar.<\/p>\n<\/blockquote>\n<ol data-start=\"2200\" data-end=\"2403\">\n<li data-start=\"2200\" data-end=\"2263\">\n<p data-start=\"2203\" data-end=\"2263\">Hristi\u00f0 varlega og undirb\u00fai\u00f0 \u00fa\u00f0ann fyrir fyrstu notkun.<\/p>\n<\/li>\n<li data-start=\"2264\" data-end=\"2331\">\n<p data-start=\"2267\" data-end=\"2331\">\u00da\u00f0a\u00f0u \u00ed fastri fjarl\u00e6g\u00f0 samkv\u00e6mt tilraunaa\u00f0fer\u00f0inni. 4 f\/mph<\/p>\n<\/li>\n<li data-start=\"2332\" data-end=\"2403\">\n<p data-start=\"2335\" data-end=\"2403\">Loki\u00f0 vel og geymi\u00f0 uppr\u00e9tt \u00ed <strong data-start=\"2375\" data-end=\"2400\">kaldur, dimmur sta\u00f0ur<\/strong>.<\/p>\n<\/li>\n<\/ol>\n<hr data-start=\"2405\" data-end=\"2408\" \/>\n<h3 data-start=\"2410\" data-end=\"2443\"><strong data-start=\"2414\" data-end=\"2443\">Algengar spurningar (FAQ)<\/strong><\/h3>\n<p data-start=\"2445\" data-end=\"2533\"><strong data-start=\"2445\" data-end=\"2484\">1. Hversu miki\u00f0 af 4F-MPH inniheldur hver \u00fa\u00f0i?<\/strong><br data-start=\"2484\" data-end=\"2487\" \/>Hver \u00fa\u00f0i gefur u.\u00fe.b. <strong data-start=\"2514\" data-end=\"2523\">14 mg<\/strong> 4F-MPH.<\/p>\n<p data-start=\"2535\" data-end=\"2719\"><strong data-start=\"2535\" data-end=\"2589\">2. Er \u00feessi vara hentug til notkunar fyrir menn?<\/strong><br data-start=\"2589\" data-end=\"2592\" \/>Nei \u2013 \u00feessi vara er <strong data-start=\"2613\" data-end=\"2660\">eing\u00f6ngu fyrir v\u00edsindaranns\u00f3knir<\/strong> og ekki \u00e6tla\u00f0 til manneldis e\u00f0a d\u00fdraf\u00e6\u00f0is.<\/p>\n<p data-start=\"2721\" data-end=\"2856\"><strong data-start=\"2721\" data-end=\"2764\">3. Hvernig \u00e1 a\u00f0 geyma \u00fa\u00f0ann?<\/strong><br data-start=\"2764\" data-end=\"2767\" \/>Geymi\u00f0 vel loka\u00f0, uppr\u00e9tt og fjarri beinu s\u00f3larlj\u00f3si, \u00e1 <strong data-start=\"2830\" data-end=\"2853\">kaldur og \u00feurr sta\u00f0ur<\/strong>.<\/p>","protected":false},"excerpt":{"rendered":"<p>Yfirlit yfir v\u00f6ru Chem-mist 4F-MPH 10% \u00fa\u00f0i er n\u00e1kv\u00e6mt samsett ranns\u00f3knarlausn sem inniheldur 4-fl\u00faormet\u00fdlfenidat (4F-MPH) \u00ed styrknum 10%. Hanna\u00f0 fyrir v\u00edsindalegar ranns\u00f3knir.<\/p>","protected":false},"featured_media":20679,"comment_status":"closed","ping_status":"closed","template":"","meta":[],"product_brand":[],"product_cat":[555],"product_tag":[571,326],"class_list":{"0":"post-24140","1":"product","2":"type-product","3":"status-publish","4":"has-post-thumbnail","6":"product_cat-b2b","7":"product_tag-4f-mph","8":"product_tag-nl","10":"first","11":"instock","12":"taxable","13":"shipping-taxable","14":"purchasable","15":"product-type-variable"},"_links":{"self":[{"href":"https:\/\/researchchemicalhub.com\/is\/wp-json\/wp\/v2\/product\/24140","targetHints":{"allow":["GET"]}}],"collection":[{"href":"https:\/\/researchchemicalhub.com\/is\/wp-json\/wp\/v2\/product"}],"about":[{"href":"https:\/\/researchchemicalhub.com\/is\/wp-json\/wp\/v2\/types\/product"}],"replies":[{"embeddable":true,"href":"https:\/\/researchchemicalhub.com\/is\/wp-json\/wp\/v2\/comments?post=24140"}],"version-history":[{"count":4,"href":"https:\/\/researchchemicalhub.com\/is\/wp-json\/wp\/v2\/product\/24140\/revisions"}],"predecessor-version":[{"id":27857,"href":"https:\/\/researchchemicalhub.com\/is\/wp-json\/wp\/v2\/product\/24140\/revisions\/27857"}],"wp:featuredmedia":[{"embeddable":true,"href":"https:\/\/researchchemicalhub.com\/is\/wp-json\/wp\/v2\/media\/20679"}],"wp:attachment":[{"href":"https:\/\/researchchemicalhub.com\/is\/wp-json\/wp\/v2\/media?parent=24140"}],"wp:term":[{"taxonomy":"product_brand","embeddable":true,"href":"https:\/\/researchchemicalhub.com\/is\/wp-json\/wp\/v2\/product_brand?post=24140"},{"taxonomy":"product_cat","embeddable":true,"href":"https:\/\/researchchemicalhub.com\/is\/wp-json\/wp\/v2\/product_cat?post=24140"},{"taxonomy":"product_tag","embeddable":true,"href":"https:\/\/researchchemicalhub.com\/is\/wp-json\/wp\/v2\/product_tag?post=24140"}],"curies":[{"name":"wp","href":"https:\/\/api.w.org\/{rel}","templated":true}]}}