{"id":24136,"date":"2025-04-13T17:41:08","date_gmt":"2025-04-13T17:41:08","guid":{"rendered":"https:\/\/researchchemicalhub.com\/?post_type=product&#038;p=24136"},"modified":"2025-10-13T10:20:48","modified_gmt":"2025-10-13T10:20:48","slug":"chem-mist-2f-dck-20-spray","status":"publish","type":"product","link":"https:\/\/researchchemicalhub.com\/is\/shop\/b2b\/chem-mist-2f-dck-20-spray\/","title":{"rendered":"Chem-mist 2F-DCK 20% \u00fa\u00f0i"},"content":{"rendered":"<h3 data-start=\"5799\" data-end=\"5818\"><strong data-start=\"5803\" data-end=\"5818\">Inngangur<\/strong><\/h3>\n<p data-start=\"5819\" data-end=\"6248\">Hinn <strong data-start=\"5822\" data-end=\"5852\">Chem-mist 2F-DCK 20% \u00fa\u00f0i<\/strong> er s\u00e9rh\u00e6f\u00f0ur <strong data-start=\"5877\" data-end=\"5912\">m\u00f3tun g\u00e6\u00f0a ranns\u00f3kna<\/strong> af <strong data-start=\"5917\" data-end=\"5931\">20 % (\u00feyngd\/r\u00famm\u00e1l)<\/strong> eftir <strong data-start=\"5936\" data-end=\"5974\">2-fl\u00faor\u00f3deskl\u00f3rketam\u00edn (2F-DCK)<\/strong> Uppleyst \u00ed vi\u00f0eigandi leysiefni. \u00deessi vara er eing\u00f6ngu h\u00f6nnu\u00f0 til notkunar \u00e1 ranns\u00f3knarstofum og \u00ed greiningum og gerir kleift a\u00f0 gefa n\u00e1kv\u00e6ma og st\u00fdr\u00f0a sk\u00f6mmtun og sty\u00f0ur ranns\u00f3knir \u00e1 sundrandi lyfjafr\u00e6\u00f0i vi\u00f0 stranglega st\u00fdr\u00f0 skilyr\u00f0i. Chem-mist 2F-DCK 20% \u00fa\u00f0i<\/p>\n<p data-start=\"6250\" data-end=\"6753\">2F-DCK er <strong data-start=\"6264\" data-end=\"6285\">ketam\u00edn hli\u00f0st\u00e6\u00f0a<\/strong> af flokki ar\u00fdls\u00fdkl\u00f3hex\u00fdlam\u00edna. \u00dea\u00f0 er efnafr\u00e6\u00f0ilega svipa\u00f0 deskl\u00f3roketam\u00edni (DCK) og ketam\u00edni, me\u00f0 fl\u00faorskiptingu \u00e1 fen\u00fdlhringnum. Vegna tilt\u00f6lulega n\u00fdlegrar birtingar hefur lyfjafr\u00e6\u00f0i \u00feess ekki veri\u00f0 ranns\u00f6ku\u00f0 \u00edtarlega, en tali\u00f0 er a\u00f0 \u00fea\u00f0 virki sem <strong data-start=\"6618\" data-end=\"6645\">NMDA vi\u00f0takablokki<\/strong>, me\u00f0 sundrandi og deyfandi \u00e1hrifum \u00ed l\u00edkanranns\u00f3knum.<\/p>\n<hr data-start=\"6755\" data-end=\"6758\" \/>\n<h3 data-start=\"6760\" data-end=\"6791\"><strong data-start=\"6764\" data-end=\"6791\">Lykilatri\u00f0i<\/strong><\/h3>\n<ul data-start=\"6792\" data-end=\"7427\">\n<li data-start=\"6792\" data-end=\"6912\">\n<p data-start=\"6794\" data-end=\"6912\"><strong data-start=\"6794\" data-end=\"6823\">20 % virkur styrkur<\/strong> \u2014 \u00d6flug blanda sem veitir n\u00e6gilega styrk til tilraunakenndrar notkunar.<\/p>\n<\/li>\n<li data-start=\"6913\" data-end=\"7030\">\n<p data-start=\"6915\" data-end=\"7030\"><strong data-start=\"6915\" data-end=\"6943\">M\u00e6ld \u00fa\u00f0agj\u00f6f<\/strong> \u2014 Tryggir samr\u00e6mda og endurtakanlega \u00f6rsk\u00f6mmtun \u00ed tilraunakerfum.<\/p>\n<\/li>\n<li data-start=\"7031\" data-end=\"7164\">\n<p data-start=\"7033\" data-end=\"7164\"><strong data-start=\"7033\" data-end=\"7059\">Greiningarhreinleiki<\/strong> \u2014 Framleitt samkv\u00e6mt str\u00f6ngum ranns\u00f3knarstofust\u00f6\u00f0lum til a\u00f0 l\u00e1gmarka \u00f3hreinindi og fr\u00e1vik \u00ed lotum.<\/p>\n<\/li>\n<li data-start=\"7165\" data-end=\"7296\">\n<p data-start=\"7167\" data-end=\"7296\"><strong data-start=\"7167\" data-end=\"7205\">St\u00f6\u00f0ugleikabjarts\u00fdni mi\u00f0ils<\/strong> \u2014 B\u00fai\u00f0 til me\u00f0 leysum og st\u00f6\u00f0ugleikaefnum til a\u00f0 vi\u00f0halda efnafr\u00e6\u00f0ilegri heilleika.<\/p>\n<\/li>\n<li data-start=\"7297\" data-end=\"7427\">\n<p data-start=\"7299\" data-end=\"7427\"><strong data-start=\"7299\" data-end=\"7327\">Sam\u00fejappa\u00f0 ums\u00f3knarey\u00f0ubla\u00f0<\/strong> \u2014 F\u00e6st \u00ed loku\u00f0um \u00fa\u00f0abr\u00fasa til a\u00f0 tryggja \u00f6rugga og st\u00fdr\u00f0a notkun \u00ed ranns\u00f3knarstofunni. Chem-mist 2F-DCK 20% \u00fa\u00f0i<\/p>\n<\/li>\n<\/ul>\n<hr data-start=\"7429\" data-end=\"7432\" \/>\n<h3 data-start=\"7434\" data-end=\"7451\"><strong data-start=\"7438\" data-end=\"7451\">Kostir<\/strong><\/h3>\n<ul data-start=\"7452\" data-end=\"7889\">\n<li data-start=\"7452\" data-end=\"7540\">\n<p data-start=\"7454\" data-end=\"7540\">Gerir <strong data-start=\"7460\" data-end=\"7493\">n\u00e1kv\u00e6m skammtast\u00fdring<\/strong> hugsanlega \u00ed atferlis- e\u00f0a vi\u00f0takabindingarranns\u00f3knum.<\/p>\n<\/li>\n<li data-start=\"7541\" data-end=\"7627\">\n<p data-start=\"7543\" data-end=\"7627\">Sty\u00f0ur <strong data-start=\"7555\" data-end=\"7581\">samanbur\u00f0arranns\u00f3knir<\/strong> me\u00f0 ketam\u00edni, DCK og \u00f6\u00f0rum sundrunarefnum.<\/p>\n<\/li>\n<li data-start=\"7628\" data-end=\"7706\">\n<p data-start=\"7630\" data-end=\"7706\">Au\u00f0veldar <strong data-start=\"7642\" data-end=\"7672\">hr\u00f6\u00f0 fr\u00e1sog og dreifing<\/strong> \u00ed lausnarbundnum pr\u00f3funum.<\/p>\n<\/li>\n<li data-start=\"7707\" data-end=\"7796\">\n<p data-start=\"7709\" data-end=\"7796\">Minnkar me\u00f0h\u00f6ndlun \u00e1 duftkenndum efnum, sem <strong data-start=\"7761\" data-end=\"7784\">\u00f6ryggi og \u00fe\u00e6gindi<\/strong> eykst.<\/p>\n<\/li>\n<li data-start=\"7797\" data-end=\"7889\">\n<p data-start=\"7799\" data-end=\"7889\">Tilvali\u00f0 fyrir <strong data-start=\"7811\" data-end=\"7860\">Lyfhrif, efnaskipti og eiturverkanir<\/strong> ranns\u00f3knir \u00ed samr\u00e6mdu formi.<\/p>\n<\/li>\n<\/ul>\n<hr data-start=\"7891\" data-end=\"7894\" \/>\n<h3 data-start=\"7896\" data-end=\"7911\"><strong data-start=\"7900\" data-end=\"7911\">Notkun<\/strong><\/h3>\n<ol data-start=\"7912\" data-end=\"8509\">\n<li data-start=\"7912\" data-end=\"7991\">\n<p data-start=\"7915\" data-end=\"7991\"><strong data-start=\"7915\" data-end=\"7933\">Hristi\u00f0 varlega<\/strong> fl\u00f6skunnar fyrir notkun til a\u00f0 tryggja einsleitni.<\/p>\n<\/li>\n<li data-start=\"7992\" data-end=\"8174\">\n<p data-start=\"7995\" data-end=\"8174\"><strong data-start=\"7995\" data-end=\"8016\">Virkja\u00f0u \u00fa\u00f0ann<\/strong> til a\u00f0 gefa fyrirfram \u00e1kve\u00f0inn \u00f6rskammt af 2F-DCK \u00ed tilraunauppsetninguna \u00fe\u00edna (t.d. m\u00e6ldan v\u00e6ti, stu\u00f0p\u00fa\u00f0alausn e\u00f0a lyfjagjafargeymi).<\/p>\n<\/li>\n<li data-start=\"8175\" data-end=\"8274\">\n<p data-start=\"8178\" data-end=\"8274\"><strong data-start=\"8178\" data-end=\"8204\">Skjalfesta n\u00e1kv\u00e6mlega<\/strong> magn og t\u00edmi notkunar til a\u00f0 tryggja endurtekningarh\u00e6fni.<\/p>\n<\/li>\n<li data-start=\"8275\" data-end=\"8398\">\n<p data-start=\"8278\" data-end=\"8398\"><strong data-start=\"8278\" data-end=\"8288\">Halda<\/strong> \u00fa\u00f0inn \u00e1 <strong data-start=\"8305\" data-end=\"8337\">kaldur, dimmur, \u00feurr sta\u00f0ur<\/strong>, helst vi\u00f0 l\u00e6gri hita en 25\u00b0C, vari\u00f0 gegn lj\u00f3si og raka.<\/p>\n<\/li>\n<li data-start=\"8399\" data-end=\"8509\">\n<p data-start=\"8402\" data-end=\"8509\"><strong data-start=\"8402\" data-end=\"8436\">Geymi\u00f0 og fjarl\u00e6gi\u00f0 afganga<\/strong> samkv\u00e6mt venjulegum verklagsreglum ranns\u00f3knarstofunnar um efna\u00fargang.<\/p>\n<\/li>\n<\/ol>\n<blockquote data-start=\"8511\" data-end=\"8631\">\n<p data-start=\"8513\" data-end=\"8631\">\u26a0\ufe0f <strong data-start=\"8516\" data-end=\"8631\">Eing\u00f6ngu til notkunar \u00e1 ranns\u00f3knarstofum og \u00ed greiningum. Ekki hentugt til notkunar fyrir menn e\u00f0a d\u00fdr.<\/strong><\/p>\n<\/blockquote>\n<hr data-start=\"8633\" data-end=\"8636\" \/>\n<h3 data-start=\"8638\" data-end=\"8673\"><strong data-start=\"8642\" data-end=\"8673\">3 algengar spurningar (FAQ)<\/strong><\/h3>\n<p data-start=\"8675\" data-end=\"9041\"><strong data-start=\"8675\" data-end=\"8723\">Spurning 1. Hver er verkunarh\u00e1ttur 2F-DCK?<\/strong><br data-start=\"8723\" data-end=\"8726\" \/>\u00de\u00f3tt ranns\u00f3knir s\u00e9u takmarka\u00f0ar er tali\u00f0 a\u00f0 2F-DCK <strong data-start=\"8783\" data-end=\"8835\">Blokkar NMDA (N-met\u00fdl-D-aspartat) vi\u00f0taka<\/strong>, svipa\u00f0 og ketam\u00edn og skyldir sundrandi efni, sem hafa \u00e1hrif \u00e1 \u00f6rnandi taugabo\u00f0 og valda sundrandi \u00e1hrifum \u00ed l\u00edkankerfum.<\/p>\n<p data-start=\"9043\" data-end=\"9512\"><strong data-start=\"9043\" data-end=\"9099\">Spurning 2. Eru einhverjar \u00feekktar \u00e1h\u00e6ttu- e\u00f0a eitur\u00e1hrifauppl\u00fdsingar?<\/strong><br data-start=\"9099\" data-end=\"9102\" \/>Forranns\u00f3knir og r\u00e9ttarmeinafr\u00e6\u00f0ilegar sk\u00fdrslur benda til \u00feess a\u00f0 2F-DCK g\u00e6ti <strong data-start=\"9176\" data-end=\"9227\">minnku\u00f0 me\u00f0vitund, \u00e6singur og ofskynjanir<\/strong> getur valdi\u00f0, og \u00ed sumum tilfellum hefur veri\u00f0 greint fr\u00e1 banv\u00e6num eitrunum. Vegna byggingarl\u00edkingar vi\u00f0 ketam\u00edn g\u00e6ti \u00fea\u00f0 haft svipa\u00f0a virkni. <strong data-start=\"9425\" data-end=\"9463\">misnotkunarm\u00f6guleikar og aukaverkanir<\/strong> a\u00f0 deila.<\/p>\n<p data-start=\"9514\" data-end=\"9846\"><strong data-start=\"9514\" data-end=\"9568\">Spurning 3. Hversu st\u00f6\u00f0ug er 20 % form\u00falan me\u00f0 t\u00edmanum?<\/strong><br data-start=\"9568\" data-end=\"9571\" \/>Geymslu\u00feol bl\u00f6ndunnar er h\u00e6filegt \u00feegar h\u00fan er geymd r\u00e9tt (svalt, dimmt og \u00feurrt). Hins vegar er m\u00e6lt me\u00f0 \u00fev\u00ed a\u00f0 fylgjast reglulega me\u00f0 <strong data-start=\"9724\" data-end=\"9747\">g\u00e6\u00f0aeftirlit<\/strong> (t.d. HPLC, GC) til a\u00f0 sta\u00f0festa styrk og hreinleika me\u00f0 t\u00edmanum.<\/p>\n<hr data-start=\"9848\" data-end=\"9851\" \/>\n<h3 data-start=\"9853\" data-end=\"9896\"><strong data-start=\"9857\" data-end=\"9896\">Vi\u00f0v\u00f6run og lagaleg tilkynning<\/strong><\/h3>\n<ul data-start=\"9897\" data-end=\"10233\">\n<li data-start=\"9897\" data-end=\"10060\">\n<p data-start=\"9899\" data-end=\"10060\">2F-DCK er <strong data-start=\"9913\" data-end=\"9948\">n\u00fdtt ge\u00f0virkt efni (NPS)<\/strong> og er h\u00e1\u00f0 lagalegum reglum e\u00f0a b\u00f6nnum \u00ed m\u00f6rgum l\u00f6gsagnarumd\u00e6mum.<\/p>\n<\/li>\n<li data-start=\"10061\" data-end=\"10145\">\n<p data-start=\"10063\" data-end=\"10145\">Athuga\u00f0u alltaf <strong data-start=\"10084\" data-end=\"10106\">sta\u00f0bundnar regluger\u00f0ir<\/strong> fyrir kaup e\u00f0a notkun.<\/p>\n<\/li>\n<li data-start=\"10146\" data-end=\"10233\">\n<p data-start=\"10148\" data-end=\"10233\">Fylgja str\u00f6ngum <strong data-start=\"10161\" data-end=\"10210\">\u00f6ryggis-, me\u00f0h\u00f6ndlunar- og \u00fargangsreglur<\/strong> samkv\u00e6mt stillingu \u00feinni.<\/p>\n<\/li>\n<\/ul>\n<hr data-start=\"10235\" data-end=\"10238\" \/>\n<h3 data-start=\"10240\" data-end=\"10257\"><strong data-start=\"10244\" data-end=\"10257\">Ni\u00f0ursta\u00f0a<\/strong><\/h3>\n<p data-start=\"10258\" data-end=\"10670\">Hinn <strong data-start=\"10261\" data-end=\"10291\">Chem-mist 2F-DCK 20% \u00fa\u00f0i<\/strong> er h\u00e1\u00fer\u00f3u\u00f0, ranns\u00f3knarstofutilb\u00fain lausn sem er h\u00f6nnu\u00f0 fyrir n\u00e1kv\u00e6mar ranns\u00f3knir \u00e1 sundrandi sv\u00e6fingarlyfjum og NMDA vi\u00f0takablokkum. M\u00e6lt \u00fa\u00f0aform hennar, h\u00e1r styrkur og greiningarhreinleiki gera hana a\u00f0 ver\u00f0m\u00e6tu t\u00e6ki \u00ed ranns\u00f3knarstofum sem rannsaka lyfjafr\u00e6\u00f0i, efnaskipti, eiturverkanir og tengsl byggingar og virkni ketam\u00edn hli\u00f0st\u00e6\u00f0na.<\/p>","protected":false},"excerpt":{"rendered":"<p>Introductie De Chem-mist 2F-DCK 20% Spray is een gespecialiseerde onderzoekskwaliteitsformulering met 20 % (w\/v) van 2-fluorodeschloroketamine (2F-DCK) opgelost in een<\/p>","protected":false},"featured_media":20676,"comment_status":"closed","ping_status":"closed","template":"","meta":[],"product_brand":[],"product_cat":[555],"product_tag":[1095,326],"class_list":{"0":"post-24136","1":"product","2":"type-product","3":"status-publish","4":"has-post-thumbnail","6":"product_cat-b2b","7":"product_tag-chem-mist-2f-dck-20-spray","8":"product_tag-nl","10":"first","11":"instock","12":"taxable","13":"shipping-taxable","14":"purchasable","15":"product-type-variable"},"_links":{"self":[{"href":"https:\/\/researchchemicalhub.com\/is\/wp-json\/wp\/v2\/product\/24136","targetHints":{"allow":["GET"]}}],"collection":[{"href":"https:\/\/researchchemicalhub.com\/is\/wp-json\/wp\/v2\/product"}],"about":[{"href":"https:\/\/researchchemicalhub.com\/is\/wp-json\/wp\/v2\/types\/product"}],"replies":[{"embeddable":true,"href":"https:\/\/researchchemicalhub.com\/is\/wp-json\/wp\/v2\/comments?post=24136"}],"version-history":[{"count":3,"href":"https:\/\/researchchemicalhub.com\/is\/wp-json\/wp\/v2\/product\/24136\/revisions"}],"predecessor-version":[{"id":27854,"href":"https:\/\/researchchemicalhub.com\/is\/wp-json\/wp\/v2\/product\/24136\/revisions\/27854"}],"wp:featuredmedia":[{"embeddable":true,"href":"https:\/\/researchchemicalhub.com\/is\/wp-json\/wp\/v2\/media\/20676"}],"wp:attachment":[{"href":"https:\/\/researchchemicalhub.com\/is\/wp-json\/wp\/v2\/media?parent=24136"}],"wp:term":[{"taxonomy":"product_brand","embeddable":true,"href":"https:\/\/researchchemicalhub.com\/is\/wp-json\/wp\/v2\/product_brand?post=24136"},{"taxonomy":"product_cat","embeddable":true,"href":"https:\/\/researchchemicalhub.com\/is\/wp-json\/wp\/v2\/product_cat?post=24136"},{"taxonomy":"product_tag","embeddable":true,"href":"https:\/\/researchchemicalhub.com\/is\/wp-json\/wp\/v2\/product_tag?post=24136"}],"curies":[{"name":"wp","href":"https:\/\/api.w.org\/{rel}","templated":true}]}}